{"id":47717,"date":"2026-04-30T10:34:16","date_gmt":"2026-04-30T14:34:16","guid":{"rendered":"https:\/\/autravail.ca\/?post_type=product&#038;p=47717"},"modified":"2026-04-30T11:32:10","modified_gmt":"2026-04-30T15:32:10","slug":"veste-de-securite-6692-v1010150","status":"publish","type":"product","link":"https:\/\/autravail.ca\/en\/product\/veste-de-securite-6692-v1010150\/","title":{"rendered":"Veste de s\u00e9curit\u00e9 &#8211; 6692 V1010150"},"content":{"rendered":"<h3>Veste de s\u00e9curit\u00e9 &#8211; 6692 V1010150<\/h3>\n<p>Veste de s\u00e9curit\u00e9 &#8211; 6692 V1010150. Ce gilet de protection pour ing\u00e9nieur haute visibilit\u00e9 vous procurera fra\u00eecheur et confort et comporte toutes les poches n\u00e9cessaires pour transporter les outils essentiels aux travaux d\u2019arpentage.<\/p>\n<h6>Characteristics:<\/h6>\n<ul>\n<li>Con\u00e7u en coton crois\u00e9 respirable de 150 deniers et avec des fentes de ventilation en maille sous les bras pour un maximum de confort et de fra\u00eecheur<\/li>\n<li>Dot\u00e9 de ruban r\u00e9tror\u00e9fl\u00e9chissant StarTech\u00ae pour un maximum de visibilit\u00e9 et une s\u00e9curit\u00e9 optimale<\/li>\n<li>Comporte une fermeture avant \u00e0 boutons-pression en laiton \u00e0 usage intensif pour assurer une bonne prise<\/li>\n<li>\u00c9quip\u00e9 d\u2019une courroie pour radiot\u00e9l\u00e9phone sur la poitrine de 4 poches sur le devant 5 poches pour stylos 7 poches tous usages et d\u2019une fente pour r\u00e8gle dans le dos<\/li>\n<li>Dot\u00e9 d\u2019une fente pour anneau en D pratique pour une utilisation avec divers \u00e9quipements antichute<\/li>\n<\/ul>\n<p><img decoding=\"async\" class=\"alignnone wp-image-40620\" src=\"https:\/\/autravail.ca\/wp-content\/uploads\/2025\/09\/Jachete-quebec-et-canada.jpg\" alt=\"Logo de l'achat local\" width=\"162\" height=\"139\" \/>Merci d&rsquo;encourager une entreprise 100% d&rsquo;ici!<\/p>\n<p>TS2604H<\/p>","protected":false},"excerpt":{"rendered":"<p>Veste de s\u00e9curit\u00e9 &#8211; 6692 V1010150 Veste de s\u00e9curit\u00e9 &#8211; 6692 V1010150. Ce gilet de protection pour ing\u00e9nieur haute visibilit\u00e9 vous procurera fra\u00eecheur et confort et comporte toutes les poches n\u00e9cessaires pour transporter les outils essentiels aux travaux d\u2019arpentage. Caract\u00e9ristiques: Con\u00e7u en coton crois\u00e9 respirable de 150 deniers et avec des fentes de ventilation en [&hellip;]<\/p>","protected":false},"featured_media":47719,"comment_status":"open","ping_status":"closed","template":"","meta":[],"product_cat":[702,599,633,602,826,604,658],"product_tag":[255,242,291],"class_list":{"0":"post-47717","1":"product","2":"type-product","3":"status-publish","4":"has-post-thumbnail","6":"product_brand-le-magasin-industriel","7":"product_cat-accessoires-de-securite","8":"product_cat-apparel-accessories","9":"product_cat-femmes","10":"product_cat-hommes","11":"product_cat-veste-sans-manche","12":"product_cat-vetements-de-travail","13":"product_cat-vetements-haute-visibilite","14":"product_tag-femme","15":"product_tag-homme","16":"product_tag-vetements-haute-visibilite","18":"first","19":"instock","20":"taxable","21":"shipping-taxable","22":"purchasable","23":"product-type-variable"},"yoast_head":"<!-- This site is optimized with the Yoast SEO plugin v25.3.1 - https:\/\/yoast.com\/wordpress\/plugins\/seo\/ -->\n<title>Veste de s\u00e9curit\u00e9 - 6692 V1010150 - Le Magasin Industriel<\/title>\n<meta name=\"description\" content=\"Veste de s\u00e9curit\u00e9 - 6692 V1010150 comporte toutes les poches n\u00e9cessaires pour transporter les outils essentiels aux travaux d\u2019arpentage\" \/>\n<meta name=\"robots\" content=\"index, follow, max-snippet:-1, max-image-preview:large, max-video-preview:-1\" \/>\n<link rel=\"canonical\" href=\"https:\/\/autravail.ca\/en\/product\/veste-de-securite-6692-v1010150\/\" \/>\n<meta property=\"og:locale\" content=\"en_US\" \/>\n<meta property=\"og:type\" content=\"article\" \/>\n<meta property=\"og:title\" content=\"Veste de s\u00e9curit\u00e9 - 6692 V1010150 - Le Magasin Industriel\" \/>\n<meta property=\"og:description\" content=\"Veste de s\u00e9curit\u00e9 - 6692 V1010150 comporte toutes les poches n\u00e9cessaires pour transporter les outils essentiels aux travaux d\u2019arpentage\" \/>\n<meta property=\"og:url\" content=\"https:\/\/autravail.ca\/en\/product\/veste-de-securite-6692-v1010150\/\" \/>\n<meta property=\"og:site_name\" content=\"Le Magasin Industriel\" \/>\n<meta property=\"article:publisher\" content=\"https:\/\/www.facebook.com\/lemagasinindustriel\/?locale=fr_FR\" \/>\n<meta property=\"article:modified_time\" content=\"2026-04-30T15:32:10+00:00\" \/>\n<meta property=\"og:image\" content=\"https:\/\/autravail.ca\/wp-content\/uploads\/2026\/04\/6992-V1010150_A01.jpg\" \/>\n\t<meta property=\"og:image:width\" content=\"1000\" \/>\n\t<meta property=\"og:image:height\" content=\"1000\" \/>\n\t<meta property=\"og:image:type\" content=\"image\/jpeg\" \/>\n<meta name=\"twitter:card\" content=\"summary_large_image\" \/>\n<meta name=\"twitter:label1\" content=\"Est. reading time\" \/>\n\t<meta name=\"twitter:data1\" content=\"2 minutes\" \/>\n<script type=\"application\/ld+json\" class=\"yoast-schema-graph\">{\"@context\":\"https:\/\/schema.org\",\"@graph\":[{\"@type\":\"WebPage\",\"@id\":\"https:\/\/autravail.ca\/product\/veste-de-securite-6692-v1010150\/\",\"url\":\"https:\/\/autravail.ca\/product\/veste-de-securite-6692-v1010150\/\",\"name\":\"Veste de s\u00e9curit\u00e9 - 6692 V1010150 - Le Magasin Industriel\",\"isPartOf\":{\"@id\":\"https:\/\/autravail.ca\/#website\"},\"primaryImageOfPage\":{\"@id\":\"https:\/\/autravail.ca\/product\/veste-de-securite-6692-v1010150\/#primaryimage\"},\"image\":{\"@id\":\"https:\/\/autravail.ca\/product\/veste-de-securite-6692-v1010150\/#primaryimage\"},\"thumbnailUrl\":\"https:\/\/autravail.ca\/wp-content\/uploads\/2026\/04\/6992-V1010150_A01.jpg\",\"datePublished\":\"2026-04-30T14:34:16+00:00\",\"dateModified\":\"2026-04-30T15:32:10+00:00\",\"description\":\"Veste de s\u00e9curit\u00e9 - 6692 V1010150 comporte toutes les poches n\u00e9cessaires pour transporter les outils essentiels aux travaux d\u2019arpentage\",\"breadcrumb\":{\"@id\":\"https:\/\/autravail.ca\/product\/veste-de-securite-6692-v1010150\/#breadcrumb\"},\"inLanguage\":\"en-CA\",\"potentialAction\":[{\"@type\":\"ReadAction\",\"target\":[\"https:\/\/autravail.ca\/product\/veste-de-securite-6692-v1010150\/\"]}]},{\"@type\":\"ImageObject\",\"inLanguage\":\"en-CA\",\"@id\":\"https:\/\/autravail.ca\/product\/veste-de-securite-6692-v1010150\/#primaryimage\",\"url\":\"https:\/\/autravail.ca\/wp-content\/uploads\/2026\/04\/6992-V1010150_A01.jpg\",\"contentUrl\":\"https:\/\/autravail.ca\/wp-content\/uploads\/2026\/04\/6992-V1010150_A01.jpg\",\"width\":1000,\"height\":1000,\"caption\":\"Veste de s\u00e9curit\u00e9 - 6692 V1010150\"},{\"@type\":\"BreadcrumbList\",\"@id\":\"https:\/\/autravail.ca\/product\/veste-de-securite-6692-v1010150\/#breadcrumb\",\"itemListElement\":[{\"@type\":\"ListItem\",\"position\":1,\"name\":\"Accueil\",\"item\":\"https:\/\/autravail.ca\/\"},{\"@type\":\"ListItem\",\"position\":2,\"name\":\"Magasin\",\"item\":\"https:\/\/autravail.ca\/en\/shop\/\"},{\"@type\":\"ListItem\",\"position\":3,\"name\":\"Veste de s\u00e9curit\u00e9 &#8211; 6692 V1010150\"}]},{\"@type\":\"WebSite\",\"@id\":\"https:\/\/autravail.ca\/#website\",\"url\":\"https:\/\/autravail.ca\/\",\"name\":\"Le Magasin Industriel\",\"description\":\"50 ans de tradition de s\u00e9curit\u00e9 au travail\",\"publisher\":{\"@id\":\"https:\/\/autravail.ca\/#organization\"},\"potentialAction\":[{\"@type\":\"SearchAction\",\"target\":{\"@type\":\"EntryPoint\",\"urlTemplate\":\"https:\/\/autravail.ca\/?s={search_term_string}\"},\"query-input\":{\"@type\":\"PropertyValueSpecification\",\"valueRequired\":true,\"valueName\":\"search_term_string\"}}],\"inLanguage\":\"en-CA\"},{\"@type\":\"Organization\",\"@id\":\"https:\/\/autravail.ca\/#organization\",\"name\":\"Le Magasin Industriel\",\"url\":\"https:\/\/autravail.ca\/\",\"logo\":{\"@type\":\"ImageObject\",\"inLanguage\":\"en-CA\",\"@id\":\"https:\/\/autravail.ca\/#\/schema\/logo\/image\/\",\"url\":\"https:\/\/autravail.ca\/wp-content\/uploads\/2025\/05\/cropped-magasin_industriel_120x.avif\",\"contentUrl\":\"https:\/\/autravail.ca\/wp-content\/uploads\/2025\/05\/cropped-magasin_industriel_120x.avif\",\"width\":120,\"height\":24,\"caption\":\"Le Magasin Industriel\"},\"image\":{\"@id\":\"https:\/\/autravail.ca\/#\/schema\/logo\/image\/\"},\"sameAs\":[\"https:\/\/www.facebook.com\/lemagasinindustriel\/?locale=fr_FR\"]}]}<\/script>\n<!-- \/ Yoast SEO plugin. -->","yoast_head_json":{"title":"Veste de s\u00e9curit\u00e9 - 6692 V1010150 - Le Magasin Industriel","description":"Veste de s\u00e9curit\u00e9 - 6692 V1010150 comporte toutes les poches n\u00e9cessaires pour transporter les outils essentiels aux travaux d\u2019arpentage","robots":{"index":"index","follow":"follow","max-snippet":"max-snippet:-1","max-image-preview":"max-image-preview:large","max-video-preview":"max-video-preview:-1"},"canonical":"https:\/\/autravail.ca\/en\/product\/veste-de-securite-6692-v1010150\/","og_locale":"en_US","og_type":"article","og_title":"Veste de s\u00e9curit\u00e9 - 6692 V1010150 - Le Magasin Industriel","og_description":"Veste de s\u00e9curit\u00e9 - 6692 V1010150 comporte toutes les poches n\u00e9cessaires pour transporter les outils essentiels aux travaux d\u2019arpentage","og_url":"https:\/\/autravail.ca\/en\/product\/veste-de-securite-6692-v1010150\/","og_site_name":"Le Magasin Industriel","article_publisher":"https:\/\/www.facebook.com\/lemagasinindustriel\/?locale=fr_FR","article_modified_time":"2026-04-30T15:32:10+00:00","og_image":[{"width":1000,"height":1000,"url":"https:\/\/autravail.ca\/wp-content\/uploads\/2026\/04\/6992-V1010150_A01.jpg","type":"image\/jpeg"}],"twitter_card":"summary_large_image","twitter_misc":{"Est. reading time":"2 minutes"},"schema":{"@context":"https:\/\/schema.org","@graph":[{"@type":"WebPage","@id":"https:\/\/autravail.ca\/product\/veste-de-securite-6692-v1010150\/","url":"https:\/\/autravail.ca\/product\/veste-de-securite-6692-v1010150\/","name":"Veste de s\u00e9curit\u00e9 - 6692 V1010150 - Le Magasin Industriel","isPartOf":{"@id":"https:\/\/autravail.ca\/#website"},"primaryImageOfPage":{"@id":"https:\/\/autravail.ca\/product\/veste-de-securite-6692-v1010150\/#primaryimage"},"image":{"@id":"https:\/\/autravail.ca\/product\/veste-de-securite-6692-v1010150\/#primaryimage"},"thumbnailUrl":"https:\/\/autravail.ca\/wp-content\/uploads\/2026\/04\/6992-V1010150_A01.jpg","datePublished":"2026-04-30T14:34:16+00:00","dateModified":"2026-04-30T15:32:10+00:00","description":"Veste de s\u00e9curit\u00e9 - 6692 V1010150 comporte toutes les poches n\u00e9cessaires pour transporter les outils essentiels aux travaux d\u2019arpentage","breadcrumb":{"@id":"https:\/\/autravail.ca\/product\/veste-de-securite-6692-v1010150\/#breadcrumb"},"inLanguage":"en-CA","potentialAction":[{"@type":"ReadAction","target":["https:\/\/autravail.ca\/product\/veste-de-securite-6692-v1010150\/"]}]},{"@type":"ImageObject","inLanguage":"en-CA","@id":"https:\/\/autravail.ca\/product\/veste-de-securite-6692-v1010150\/#primaryimage","url":"https:\/\/autravail.ca\/wp-content\/uploads\/2026\/04\/6992-V1010150_A01.jpg","contentUrl":"https:\/\/autravail.ca\/wp-content\/uploads\/2026\/04\/6992-V1010150_A01.jpg","width":1000,"height":1000,"caption":"Veste de s\u00e9curit\u00e9 - 6692 V1010150"},{"@type":"BreadcrumbList","@id":"https:\/\/autravail.ca\/product\/veste-de-securite-6692-v1010150\/#breadcrumb","itemListElement":[{"@type":"ListItem","position":1,"name":"Accueil","item":"https:\/\/autravail.ca\/"},{"@type":"ListItem","position":2,"name":"Magasin","item":"https:\/\/autravail.ca\/en\/shop\/"},{"@type":"ListItem","position":3,"name":"Veste de s\u00e9curit\u00e9 &#8211; 6692 V1010150"}]},{"@type":"WebSite","@id":"https:\/\/autravail.ca\/#website","url":"https:\/\/autravail.ca\/","name":"Le Magasin Industriel","description":"50 ans de tradition de s\u00e9curit\u00e9 au travail","publisher":{"@id":"https:\/\/autravail.ca\/#organization"},"potentialAction":[{"@type":"SearchAction","target":{"@type":"EntryPoint","urlTemplate":"https:\/\/autravail.ca\/?s={search_term_string}"},"query-input":{"@type":"PropertyValueSpecification","valueRequired":true,"valueName":"search_term_string"}}],"inLanguage":"en-CA"},{"@type":"Organization","@id":"https:\/\/autravail.ca\/#organization","name":"Le Magasin Industriel","url":"https:\/\/autravail.ca\/","logo":{"@type":"ImageObject","inLanguage":"en-CA","@id":"https:\/\/autravail.ca\/#\/schema\/logo\/image\/","url":"https:\/\/autravail.ca\/wp-content\/uploads\/2025\/05\/cropped-magasin_industriel_120x.avif","contentUrl":"https:\/\/autravail.ca\/wp-content\/uploads\/2025\/05\/cropped-magasin_industriel_120x.avif","width":120,"height":24,"caption":"Le Magasin Industriel"},"image":{"@id":"https:\/\/autravail.ca\/#\/schema\/logo\/image\/"},"sameAs":["https:\/\/www.facebook.com\/lemagasinindustriel\/?locale=fr_FR"]}]}},"jetpack_sharing_enabled":true,"_links":{"self":[{"href":"https:\/\/autravail.ca\/en\/wp-json\/wp\/v2\/product\/47717","targetHints":{"allow":["GET"]}}],"collection":[{"href":"https:\/\/autravail.ca\/en\/wp-json\/wp\/v2\/product"}],"about":[{"href":"https:\/\/autravail.ca\/en\/wp-json\/wp\/v2\/types\/product"}],"replies":[{"embeddable":true,"href":"https:\/\/autravail.ca\/en\/wp-json\/wp\/v2\/comments?post=47717"}],"wp:featuredmedia":[{"embeddable":true,"href":"https:\/\/autravail.ca\/en\/wp-json\/wp\/v2\/media\/47719"}],"wp:attachment":[{"href":"https:\/\/autravail.ca\/en\/wp-json\/wp\/v2\/media?parent=47717"}],"wp:term":[{"taxonomy":"product_cat","embeddable":true,"href":"https:\/\/autravail.ca\/en\/wp-json\/wp\/v2\/product_cat?post=47717"},{"taxonomy":"product_tag","embeddable":true,"href":"https:\/\/autravail.ca\/en\/wp-json\/wp\/v2\/product_tag?post=47717"}],"curies":[{"name":"wp","href":"https:\/\/api.w.org\/{rel}","templated":true}]}}