{"id":47691,"date":"2026-04-29T14:35:01","date_gmt":"2026-04-29T18:35:01","guid":{"rendered":"https:\/\/autravail.ca\/?post_type=product&#038;p=47691"},"modified":"2026-04-29T14:35:03","modified_gmt":"2026-04-29T18:35:03","slug":"chandail-oeil-de-perdrix-6995-v1051250","status":"publish","type":"product","link":"https:\/\/autravail.ca\/en\/product\/chandail-oeil-de-perdrix-6995-v1051250\/","title":{"rendered":"Chandail Oeil de Perdrix &#8211; 6995 V1051250"},"content":{"rendered":"<h3>Chandail Oeil de Perdrix &#8211; 6995 V1051250<\/h3>\n<p>Chandail Oeil de Perdrix &#8211; 6995 V1051250, cette mati\u00e8re respirable qui favorise l\u2019\u00e9vacuation de l\u2019humidit\u00e9 vous maintient au sec et au frais et gr\u00e2ce \u00e0 sa conception \u00e0 deux couleurs vous rend plus visible sur le chantier.<\/p>\n<h6>Characteristics:<\/h6>\n<ul>\n<li>Confectionn\u00e9e dans du 100 % polyester de qualit\u00e9 sup\u00e9rieure \u0153il de perdrix favorisant l\u2019\u00e9vacuation de l\u2019humidit\u00e9 pour travailler en restant au frais<\/li>\n<li>Mati\u00e8re de haute qualit\u00e9 durable et r\u00e9sistante<\/li>\n<li>Ruban r\u00e9tror\u00e9fl\u00e9chissant Startech\u00ae de haute qualit\u00e9 pour \u00eatre visible m\u00eame dans des conditions de faible \u00e9clairage<\/li>\n<li>Inclut une poche de poitrine avec crochet et fermeture \u00e0 boucle et une courroie pour radiot\u00e9l\u00e9phone<\/li>\n<li>Col ras c\u00f4tel\u00e9 confortable<\/li>\n<li class=\"Z1qcYe\" data-sfc-cp=\"\" data-sfc-root=\"c\" data-sfc-cb=\"\" data-hveid=\"CAEIChAA\" data-complete=\"true\" data-sae=\"\"><span class=\"T286Pc\" data-sfc-cp=\"\" data-sfc-root=\"c\" data-sfc-cb=\"\" data-complete=\"true\">Ruban r\u00e9fl\u00e9chissant\u00a0<strong class=\"Yjhzub\" data-sfc-root=\"c\" data-sfc-cb=\"\" data-complete=\"true\">StarTech\u00ae<\/strong>\u00a0argent\/jaune de 4 pouces.<\/span><\/li>\n<li class=\"Z1qcYe\" data-sfc-cp=\"\" data-sfc-root=\"c\" data-sfc-cb=\"\" data-hveid=\"CAEIChAB\" data-complete=\"true\" data-sae=\"\"><span class=\"T286Pc\" data-sfc-cp=\"\" data-sfc-root=\"c\" data-sfc-cb=\"\" data-complete=\"true\"><strong class=\"Yjhzub\" data-sfc-root=\"c\" data-sfc-cb=\"\" data-complete=\"true\">CSA :<\/strong>\u00a0Conforme \u00e0 la norme\u00a0<strong class=\"Yjhzub\" data-sfc-root=\"c\" data-sfc-cb=\"\" data-complete=\"true\">CSA Z96-15 Classe 2, Niveau 2<\/strong>.<\/span><\/li>\n<li class=\"Z1qcYe\" data-sfc-cp=\"\" data-sfc-root=\"c\" data-sfc-cb=\"\" data-hveid=\"CAEIChAC\" data-complete=\"true\" data-sae=\"\"><span class=\"T286Pc\" data-sfc-cp=\"\" data-sfc-root=\"c\" data-sfc-cb=\"\" data-complete=\"true\" aria-owns=\"action-menu-parent-container\"><strong class=\"Yjhzub\" data-sfc-root=\"c\" data-sfc-cb=\"\" data-complete=\"true\">ANSI :<\/strong>\u00a0R\u00e9pond aux normes\u00a0<strong class=\"Yjhzub\" data-sfc-root=\"c\" data-sfc-cb=\"\" data-complete=\"true\">ANSI\/ISEA 107-2020 Classe 3, Type P et R<\/strong>.<\/span><\/li>\n<\/ul>\n<p><img decoding=\"async\" class=\"alignnone wp-image-40620\" src=\"https:\/\/autravail.ca\/wp-content\/uploads\/2025\/09\/Jachete-quebec-et-canada.jpg\" alt=\"Logo de l'achat local\" width=\"162\" height=\"139\" \/>Merci d&rsquo;encourager une entreprise 100% d&rsquo;ici!<\/p>\n<p>TS2604H<\/p>","protected":false},"excerpt":{"rendered":"<p>Chandail Oeil de Perdrix &#8211; 6995 V1051250 Chandail Oeil de Perdrix &#8211; 6995 V1051250, cette mati\u00e8re respirable qui favorise l\u2019\u00e9vacuation de l\u2019humidit\u00e9 vous maintient au sec et au frais et gr\u00e2ce \u00e0 sa conception \u00e0 deux couleurs vous rend plus visible sur le chantier. Caract\u00e9ristiques: Confectionn\u00e9e dans du 100 % polyester de qualit\u00e9 sup\u00e9rieure \u0153il [&hellip;]<\/p>","protected":false},"featured_media":47693,"comment_status":"open","ping_status":"closed","template":"","meta":[],"product_cat":[685,811,602],"product_tag":[251,255,242],"class_list":{"0":"post-47691","1":"product","2":"type-product","3":"status-publish","4":"has-post-thumbnail","6":"product_brand-baffin","7":"product_cat-bottes-de-pluie","8":"product_cat-chaussures-de-securite","9":"product_cat-hommes","10":"product_tag-bottes-de-travail","11":"product_tag-femme","12":"product_tag-homme","14":"first","15":"instock","16":"taxable","17":"shipping-taxable","18":"purchasable","19":"product-type-variable"},"yoast_head":"<!-- This site is optimized with the Yoast SEO plugin v25.3.1 - https:\/\/yoast.com\/wordpress\/plugins\/seo\/ -->\n<title>Chandail Oeil de Perdrix - 6995 V1051250 - Le Magasin Industriel<\/title>\n<meta name=\"description\" content=\"Chandail Oeil de Perdrix - 6995 V1051250 cette mati\u00e8re respirable qui favorise l\u2019\u00e9vacuation de l\u2019humidit\u00e9 vous maintient au sec et au frais\" \/>\n<meta name=\"robots\" content=\"index, follow, max-snippet:-1, max-image-preview:large, max-video-preview:-1\" \/>\n<link rel=\"canonical\" href=\"https:\/\/autravail.ca\/en\/product\/chandail-oeil-de-perdrix-6995-v1051250\/\" \/>\n<meta property=\"og:locale\" content=\"en_US\" \/>\n<meta property=\"og:type\" content=\"article\" \/>\n<meta property=\"og:title\" content=\"Chandail Oeil de Perdrix - 6995 V1051250 - Le Magasin Industriel\" \/>\n<meta property=\"og:description\" content=\"Chandail Oeil de Perdrix - 6995 V1051250 cette mati\u00e8re respirable qui favorise l\u2019\u00e9vacuation de l\u2019humidit\u00e9 vous maintient au sec et au frais\" \/>\n<meta property=\"og:url\" content=\"https:\/\/autravail.ca\/en\/product\/chandail-oeil-de-perdrix-6995-v1051250\/\" \/>\n<meta property=\"og:site_name\" content=\"Le Magasin Industriel\" \/>\n<meta property=\"article:publisher\" content=\"https:\/\/www.facebook.com\/lemagasinindustriel\/?locale=fr_FR\" \/>\n<meta property=\"article:modified_time\" content=\"2026-04-29T18:35:03+00:00\" \/>\n<meta property=\"og:image\" content=\"https:\/\/autravail.ca\/wp-content\/uploads\/2026\/04\/6995_A01.jpg\" \/>\n\t<meta property=\"og:image:width\" content=\"1000\" \/>\n\t<meta property=\"og:image:height\" content=\"1000\" \/>\n\t<meta property=\"og:image:type\" content=\"image\/jpeg\" \/>\n<meta name=\"twitter:card\" content=\"summary_large_image\" \/>\n<meta name=\"twitter:label1\" content=\"Est. reading time\" \/>\n\t<meta name=\"twitter:data1\" content=\"2 minutes\" \/>\n<script type=\"application\/ld+json\" class=\"yoast-schema-graph\">{\"@context\":\"https:\/\/schema.org\",\"@graph\":[{\"@type\":\"WebPage\",\"@id\":\"https:\/\/autravail.ca\/product\/chandail-oeil-de-perdrix-6995-v1051250\/\",\"url\":\"https:\/\/autravail.ca\/product\/chandail-oeil-de-perdrix-6995-v1051250\/\",\"name\":\"Chandail Oeil de Perdrix - 6995 V1051250 - Le Magasin Industriel\",\"isPartOf\":{\"@id\":\"https:\/\/autravail.ca\/#website\"},\"primaryImageOfPage\":{\"@id\":\"https:\/\/autravail.ca\/product\/chandail-oeil-de-perdrix-6995-v1051250\/#primaryimage\"},\"image\":{\"@id\":\"https:\/\/autravail.ca\/product\/chandail-oeil-de-perdrix-6995-v1051250\/#primaryimage\"},\"thumbnailUrl\":\"https:\/\/autravail.ca\/wp-content\/uploads\/2026\/04\/6995_A01.jpg\",\"datePublished\":\"2026-04-29T18:35:01+00:00\",\"dateModified\":\"2026-04-29T18:35:03+00:00\",\"description\":\"Chandail Oeil de Perdrix - 6995 V1051250 cette mati\u00e8re respirable qui favorise l\u2019\u00e9vacuation de l\u2019humidit\u00e9 vous maintient au sec et au frais\",\"breadcrumb\":{\"@id\":\"https:\/\/autravail.ca\/product\/chandail-oeil-de-perdrix-6995-v1051250\/#breadcrumb\"},\"inLanguage\":\"en-CA\",\"potentialAction\":[{\"@type\":\"ReadAction\",\"target\":[\"https:\/\/autravail.ca\/product\/chandail-oeil-de-perdrix-6995-v1051250\/\"]}]},{\"@type\":\"ImageObject\",\"inLanguage\":\"en-CA\",\"@id\":\"https:\/\/autravail.ca\/product\/chandail-oeil-de-perdrix-6995-v1051250\/#primaryimage\",\"url\":\"https:\/\/autravail.ca\/wp-content\/uploads\/2026\/04\/6995_A01.jpg\",\"contentUrl\":\"https:\/\/autravail.ca\/wp-content\/uploads\/2026\/04\/6995_A01.jpg\",\"width\":1000,\"height\":1000,\"caption\":\"Chandail Oeil de Perdrix - 6995 V1051250\"},{\"@type\":\"BreadcrumbList\",\"@id\":\"https:\/\/autravail.ca\/product\/chandail-oeil-de-perdrix-6995-v1051250\/#breadcrumb\",\"itemListElement\":[{\"@type\":\"ListItem\",\"position\":1,\"name\":\"Accueil\",\"item\":\"https:\/\/autravail.ca\/\"},{\"@type\":\"ListItem\",\"position\":2,\"name\":\"Magasin\",\"item\":\"https:\/\/autravail.ca\/en\/shop\/\"},{\"@type\":\"ListItem\",\"position\":3,\"name\":\"Chandail Oeil de Perdrix &#8211; 6995 V1051250\"}]},{\"@type\":\"WebSite\",\"@id\":\"https:\/\/autravail.ca\/#website\",\"url\":\"https:\/\/autravail.ca\/\",\"name\":\"Le Magasin Industriel\",\"description\":\"50 ans de tradition de s\u00e9curit\u00e9 au travail\",\"publisher\":{\"@id\":\"https:\/\/autravail.ca\/#organization\"},\"potentialAction\":[{\"@type\":\"SearchAction\",\"target\":{\"@type\":\"EntryPoint\",\"urlTemplate\":\"https:\/\/autravail.ca\/?s={search_term_string}\"},\"query-input\":{\"@type\":\"PropertyValueSpecification\",\"valueRequired\":true,\"valueName\":\"search_term_string\"}}],\"inLanguage\":\"en-CA\"},{\"@type\":\"Organization\",\"@id\":\"https:\/\/autravail.ca\/#organization\",\"name\":\"Le Magasin Industriel\",\"url\":\"https:\/\/autravail.ca\/\",\"logo\":{\"@type\":\"ImageObject\",\"inLanguage\":\"en-CA\",\"@id\":\"https:\/\/autravail.ca\/#\/schema\/logo\/image\/\",\"url\":\"https:\/\/autravail.ca\/wp-content\/uploads\/2025\/05\/cropped-magasin_industriel_120x.avif\",\"contentUrl\":\"https:\/\/autravail.ca\/wp-content\/uploads\/2025\/05\/cropped-magasin_industriel_120x.avif\",\"width\":120,\"height\":24,\"caption\":\"Le Magasin Industriel\"},\"image\":{\"@id\":\"https:\/\/autravail.ca\/#\/schema\/logo\/image\/\"},\"sameAs\":[\"https:\/\/www.facebook.com\/lemagasinindustriel\/?locale=fr_FR\"]}]}<\/script>\n<!-- \/ Yoast SEO plugin. -->","yoast_head_json":{"title":"Chandail Oeil de Perdrix - 6995 V1051250 - Le Magasin Industriel","description":"Chandail Oeil de Perdrix - 6995 V1051250 cette mati\u00e8re respirable qui favorise l\u2019\u00e9vacuation de l\u2019humidit\u00e9 vous maintient au sec et au frais","robots":{"index":"index","follow":"follow","max-snippet":"max-snippet:-1","max-image-preview":"max-image-preview:large","max-video-preview":"max-video-preview:-1"},"canonical":"https:\/\/autravail.ca\/en\/product\/chandail-oeil-de-perdrix-6995-v1051250\/","og_locale":"en_US","og_type":"article","og_title":"Chandail Oeil de Perdrix - 6995 V1051250 - Le Magasin Industriel","og_description":"Chandail Oeil de Perdrix - 6995 V1051250 cette mati\u00e8re respirable qui favorise l\u2019\u00e9vacuation de l\u2019humidit\u00e9 vous maintient au sec et au frais","og_url":"https:\/\/autravail.ca\/en\/product\/chandail-oeil-de-perdrix-6995-v1051250\/","og_site_name":"Le Magasin Industriel","article_publisher":"https:\/\/www.facebook.com\/lemagasinindustriel\/?locale=fr_FR","article_modified_time":"2026-04-29T18:35:03+00:00","og_image":[{"width":1000,"height":1000,"url":"https:\/\/autravail.ca\/wp-content\/uploads\/2026\/04\/6995_A01.jpg","type":"image\/jpeg"}],"twitter_card":"summary_large_image","twitter_misc":{"Est. reading time":"2 minutes"},"schema":{"@context":"https:\/\/schema.org","@graph":[{"@type":"WebPage","@id":"https:\/\/autravail.ca\/product\/chandail-oeil-de-perdrix-6995-v1051250\/","url":"https:\/\/autravail.ca\/product\/chandail-oeil-de-perdrix-6995-v1051250\/","name":"Chandail Oeil de Perdrix - 6995 V1051250 - Le Magasin Industriel","isPartOf":{"@id":"https:\/\/autravail.ca\/#website"},"primaryImageOfPage":{"@id":"https:\/\/autravail.ca\/product\/chandail-oeil-de-perdrix-6995-v1051250\/#primaryimage"},"image":{"@id":"https:\/\/autravail.ca\/product\/chandail-oeil-de-perdrix-6995-v1051250\/#primaryimage"},"thumbnailUrl":"https:\/\/autravail.ca\/wp-content\/uploads\/2026\/04\/6995_A01.jpg","datePublished":"2026-04-29T18:35:01+00:00","dateModified":"2026-04-29T18:35:03+00:00","description":"Chandail Oeil de Perdrix - 6995 V1051250 cette mati\u00e8re respirable qui favorise l\u2019\u00e9vacuation de l\u2019humidit\u00e9 vous maintient au sec et au frais","breadcrumb":{"@id":"https:\/\/autravail.ca\/product\/chandail-oeil-de-perdrix-6995-v1051250\/#breadcrumb"},"inLanguage":"en-CA","potentialAction":[{"@type":"ReadAction","target":["https:\/\/autravail.ca\/product\/chandail-oeil-de-perdrix-6995-v1051250\/"]}]},{"@type":"ImageObject","inLanguage":"en-CA","@id":"https:\/\/autravail.ca\/product\/chandail-oeil-de-perdrix-6995-v1051250\/#primaryimage","url":"https:\/\/autravail.ca\/wp-content\/uploads\/2026\/04\/6995_A01.jpg","contentUrl":"https:\/\/autravail.ca\/wp-content\/uploads\/2026\/04\/6995_A01.jpg","width":1000,"height":1000,"caption":"Chandail Oeil de Perdrix - 6995 V1051250"},{"@type":"BreadcrumbList","@id":"https:\/\/autravail.ca\/product\/chandail-oeil-de-perdrix-6995-v1051250\/#breadcrumb","itemListElement":[{"@type":"ListItem","position":1,"name":"Accueil","item":"https:\/\/autravail.ca\/"},{"@type":"ListItem","position":2,"name":"Magasin","item":"https:\/\/autravail.ca\/en\/shop\/"},{"@type":"ListItem","position":3,"name":"Chandail Oeil de Perdrix &#8211; 6995 V1051250"}]},{"@type":"WebSite","@id":"https:\/\/autravail.ca\/#website","url":"https:\/\/autravail.ca\/","name":"Le Magasin Industriel","description":"50 ans de tradition de s\u00e9curit\u00e9 au travail","publisher":{"@id":"https:\/\/autravail.ca\/#organization"},"potentialAction":[{"@type":"SearchAction","target":{"@type":"EntryPoint","urlTemplate":"https:\/\/autravail.ca\/?s={search_term_string}"},"query-input":{"@type":"PropertyValueSpecification","valueRequired":true,"valueName":"search_term_string"}}],"inLanguage":"en-CA"},{"@type":"Organization","@id":"https:\/\/autravail.ca\/#organization","name":"Le Magasin Industriel","url":"https:\/\/autravail.ca\/","logo":{"@type":"ImageObject","inLanguage":"en-CA","@id":"https:\/\/autravail.ca\/#\/schema\/logo\/image\/","url":"https:\/\/autravail.ca\/wp-content\/uploads\/2025\/05\/cropped-magasin_industriel_120x.avif","contentUrl":"https:\/\/autravail.ca\/wp-content\/uploads\/2025\/05\/cropped-magasin_industriel_120x.avif","width":120,"height":24,"caption":"Le Magasin Industriel"},"image":{"@id":"https:\/\/autravail.ca\/#\/schema\/logo\/image\/"},"sameAs":["https:\/\/www.facebook.com\/lemagasinindustriel\/?locale=fr_FR"]}]}},"jetpack_sharing_enabled":true,"_links":{"self":[{"href":"https:\/\/autravail.ca\/en\/wp-json\/wp\/v2\/product\/47691","targetHints":{"allow":["GET"]}}],"collection":[{"href":"https:\/\/autravail.ca\/en\/wp-json\/wp\/v2\/product"}],"about":[{"href":"https:\/\/autravail.ca\/en\/wp-json\/wp\/v2\/types\/product"}],"replies":[{"embeddable":true,"href":"https:\/\/autravail.ca\/en\/wp-json\/wp\/v2\/comments?post=47691"}],"wp:featuredmedia":[{"embeddable":true,"href":"https:\/\/autravail.ca\/en\/wp-json\/wp\/v2\/media\/47693"}],"wp:attachment":[{"href":"https:\/\/autravail.ca\/en\/wp-json\/wp\/v2\/media?parent=47691"}],"wp:term":[{"taxonomy":"product_cat","embeddable":true,"href":"https:\/\/autravail.ca\/en\/wp-json\/wp\/v2\/product_cat?post=47691"},{"taxonomy":"product_tag","embeddable":true,"href":"https:\/\/autravail.ca\/en\/wp-json\/wp\/v2\/product_tag?post=47691"}],"curies":[{"name":"wp","href":"https:\/\/api.w.org\/{rel}","templated":true}]}}