{"id":47641,"date":"2026-04-29T12:33:13","date_gmt":"2026-04-29T16:33:13","guid":{"rendered":"https:\/\/autravail.ca\/?post_type=product&#038;p=47641"},"modified":"2026-04-29T12:33:14","modified_gmt":"2026-04-29T16:33:14","slug":"t-shirt-haute-visibilite-s05945","status":"publish","type":"product","link":"https:\/\/autravail.ca\/en\/product\/t-shirt-haute-visibilite-s05945\/","title":{"rendered":"T-shirt haute visibilit\u00e9 &#8211; S05945"},"content":{"rendered":"<h3>T-shirt haute visibilit\u00e9 &#8211; S05945<\/h3>\n<p>T-shirt haute visibilit\u00e9 &#8211; S05945 <strong class=\"Yjhzub\" data-sfc-root=\"c\" data-sfc-cb=\"\" data-complete=\"true\" data-processed=\"true\">Primeguard<\/strong>\u00a0est un t-shirt de s\u00e9curit\u00e9 \u00e0 haute visibilit\u00e9 con\u00e7u pour offrir un \u00e9quilibre entre protection et confort thermique sur les chantiers.<\/p>\n<h6 class=\"otQkpb\" role=\"heading\" aria-level=\"3\" data-sfc-root=\"c\" data-complete=\"true\" data-processed=\"true\">Caract\u00e9ristiques principales<\/h6>\n<ul class=\"KsbFXc U6u95\" data-sfc-root=\"c\" data-sfc-cb=\"\" data-complete=\"true\" data-processed=\"true\">\n<li class=\"Z1qcYe\" data-sfc-cp=\"\" data-sfc-root=\"c\" data-sfc-cb=\"\" data-hveid=\"CAUQAA\" data-complete=\"true\" data-sae=\"\"><span class=\"T286Pc\" data-sfc-cp=\"\" data-sfc-root=\"c\" data-sfc-cb=\"\" data-complete=\"true\"><strong class=\"Yjhzub\" data-sfc-root=\"c\" data-sfc-cb=\"\" data-complete=\"true\">Mat\u00e9riau :<\/strong> Tissu mesh \u00ab \u0153il-de-perdrix \u00bb 100 % polyester de 130 g\/m\u00b2 (3,8 oz\/yd\u00b2).<\/span><\/li>\n<li class=\"Z1qcYe\" data-sfc-cp=\"\" data-sfc-root=\"c\" data-sfc-cb=\"\" data-hveid=\"CAUQAQ\" data-complete=\"true\" data-sae=\"\"><span class=\"T286Pc\" data-sfc-cp=\"\" data-sfc-root=\"c\" data-sfc-cb=\"\" data-complete=\"true\"><strong class=\"Yjhzub\" data-sfc-root=\"c\" data-sfc-cb=\"\" data-complete=\"true\">Gestion de l&rsquo;humidit\u00e9 :<\/strong>\u00a0Le tissu poss\u00e8de un fini absorbant qui \u00e9vacue la transpiration pour garder le travailleur au sec.<\/span><\/li>\n<li class=\"Z1qcYe\" data-sfc-cp=\"\" data-sfc-root=\"c\" data-sfc-cb=\"\" data-hveid=\"CAUQAg\" data-complete=\"true\" data-sae=\"\"><span class=\"T286Pc\" data-sfc-cp=\"\" data-sfc-root=\"c\" data-sfc-cb=\"\" data-complete=\"true\"><strong class=\"Yjhzub\" data-sfc-root=\"c\" data-sfc-cb=\"\" data-complete=\"true\">Visibilit\u00e9 :<\/strong>\u00a0Bandes contrastantes de 4 pouces avec ruban r\u00e9fl\u00e9chissant de 2 pouces \u00e0 l&rsquo;avant et au dos.<\/span><\/li>\n<li class=\"Z1qcYe\" data-sfc-cp=\"\" data-sfc-root=\"c\" data-sfc-cb=\"\" data-hveid=\"CAUQAw\" data-complete=\"true\" data-sae=\"\"><span class=\"T286Pc\" data-sfc-cp=\"\" data-sfc-root=\"c\" data-sfc-cb=\"\" data-complete=\"true\"><strong class=\"Yjhzub\" data-sfc-root=\"c\" data-sfc-cb=\"\" data-complete=\"true\">Rangement :<\/strong>\u00a0Comprend une poche pratique \u00e0 la poitrine.<\/span><\/li>\n<li class=\"Z1qcYe\" data-sfc-cp=\"\" data-sfc-root=\"c\" data-sfc-cb=\"\" data-hveid=\"CAUQBA\" data-complete=\"true\" data-sae=\"\"><span class=\"T286Pc\" data-sfc-cp=\"\" data-sfc-root=\"c\" data-sfc-cb=\"\" data-complete=\"true\" aria-owns=\"action-menu-parent-container\"><strong class=\"Yjhzub\" data-sfc-root=\"c\" data-sfc-cb=\"\" data-complete=\"true\">Normes :<\/strong>\u00a0Conforme aux normes de s\u00e9curit\u00e9 de la\u00a0<strong class=\"Yjhzub\" data-sfc-root=\"c\" data-sfc-cb=\"\" data-complete=\"true\">CSA<\/strong>.<\/span><\/li>\n<li class=\"Z1qcYe\" data-sfc-cp=\"\" data-sfc-root=\"c\" data-sfc-cb=\"\" data-hveid=\"CAkQAA\" data-complete=\"true\" data-sae=\"\"><span class=\"T286Pc\" data-sfc-cp=\"\" data-sfc-root=\"c\" data-sfc-cb=\"\" data-complete=\"true\"><strong class=\"Yjhzub\" data-sfc-root=\"c\" data-sfc-cb=\"\" data-complete=\"true\">Couleurs :<\/strong>\u00a0Disponible en Orange haute visibilit\u00e9, Jaune haute visibilit\u00e9, Marine et Noir.<\/span><\/li>\n<li class=\"Z1qcYe\" data-sfc-cp=\"\" data-sfc-root=\"c\" data-sfc-cb=\"\" data-hveid=\"CAkQAQ\" data-complete=\"true\" data-sae=\"\"><span class=\"T286Pc\" data-sfc-cp=\"\" data-sfc-root=\"c\" data-sfc-cb=\"\" data-complete=\"true\" aria-owns=\"action-menu-parent-container\"><strong class=\"Yjhzub\" data-sfc-root=\"c\" data-sfc-cb=\"\" data-complete=\"true\">Tailles :<\/strong>\u00a0Offert dans une large gamme allant de\u00a0<strong class=\"Yjhzub\" data-sfc-root=\"c\" data-sfc-cb=\"\" data-complete=\"true\">XS \u00e0 4XL<\/strong>.<\/span><\/li>\n<\/ul>\n<div class=\"n6owBd awi2gc\" data-sfc-cp=\"\" data-sfc-root=\"c\" data-sfc-cb=\"\" data-hveid=\"CA0QAA\" data-complete=\"true\" data-processed=\"true\">\n<div data-animation-skip=\"\" data-sfc-cp=\"\" data-sfc-root=\"c\" data-sfc-cb=\"\" data-ved=\"2ahUKEwiDiJa4u5OUAxVTFlkFHYFMDngQ3s0SegQIDRAD\" data-complete=\"true\"><\/div>\n<div class=\"Fwa2Od\" data-animation-skip=\"\" data-sfc-cp=\"\" data-sfc-root=\"c\" data-sfc-cb=\"\" data-ved=\"2ahUKEwiDiJa4u5OUAxVTFlkFHYFMDngQ3s0SegQIDRAD\" data-complete=\"true\">\u00a0<strong class=\"Yjhzub\" data-sfc-root=\"c\" data-sfc-cb=\"\" data-complete=\"true\" data-processed=\"true\">Note :<\/strong>\u00a0Ce t-shirt est id\u00e9al pour la personnalisation par s\u00e9rigraphie ou broderie si vous souhaitez y ajouter un logo d&rsquo;entreprise.<\/div>\n<div data-animation-skip=\"\" data-sfc-cp=\"\" data-sfc-root=\"c\" data-sfc-cb=\"\" data-ved=\"2ahUKEwiDiJa4u5OUAxVTFlkFHYFMDngQ3s0SegQIDRAD\" data-complete=\"true\"><\/div>\n<\/div>\n<p><img decoding=\"async\" class=\"alignnone wp-image-40620\" src=\"https:\/\/autravail.ca\/wp-content\/uploads\/2025\/09\/Jachete-quebec-et-canada.jpg\" alt=\"Logo de l'achat local\" width=\"162\" height=\"139\" \/>Merci d&rsquo;encourager une entreprise 100% d&rsquo;ici!<\/p>\n<p>TS2604H<\/p>\n<p>&nbsp;<\/p>","protected":false},"excerpt":{"rendered":"<p>T-shirt haute visibilit\u00e9 &#8211; S05945 T-shirt haute visibilit\u00e9 &#8211; S05945 Primeguard\u00a0est un t-shirt de s\u00e9curit\u00e9 \u00e0 haute visibilit\u00e9 con\u00e7u pour offrir un \u00e9quilibre entre protection et confort thermique sur les chantiers. Caract\u00e9ristiques principales Mat\u00e9riau : Tissu mesh \u00ab \u0153il-de-perdrix \u00bb 100 % polyester de 130 g\/m\u00b2 (3,8 oz\/yd\u00b2). Gestion de l&rsquo;humidit\u00e9 :\u00a0Le tissu poss\u00e8de un [&hellip;]<\/p>","protected":false},"featured_media":47642,"comment_status":"open","ping_status":"closed","template":"","meta":[],"product_cat":[15],"product_tag":[255,242,373,293,291],"class_list":{"0":"post-47641","1":"product","2":"type-product","3":"status-publish","4":"has-post-thumbnail","6":"product_brand-canadasportswear","7":"product_brand-le-magasin-industriel","8":"product_cat-uncategorized","9":"product_tag-femme","10":"product_tag-homme","11":"product_tag-t-shirts","12":"product_tag-t-shirts-polos-et-chandails","13":"product_tag-vetements-haute-visibilite","15":"first","16":"instock","17":"taxable","18":"shipping-taxable","19":"purchasable","20":"product-type-variable"},"yoast_head":"<!-- This site is optimized with the Yoast SEO plugin v25.3.1 - https:\/\/yoast.com\/wordpress\/plugins\/seo\/ -->\n<title>T-shirt haute visibilit\u00e9 - S05945 - Le Magasin Industriel<\/title>\n<meta name=\"description\" content=\"T-shirt haute visibilit\u00e9 - S05945 Primeguard con\u00e7u pour offrir un \u00e9quilibre entre protection et confort thermique sur les chantiers\" \/>\n<meta name=\"robots\" content=\"index, follow, max-snippet:-1, max-image-preview:large, max-video-preview:-1\" \/>\n<link rel=\"canonical\" href=\"https:\/\/autravail.ca\/en\/product\/t-shirt-haute-visibilite-s05945\/\" \/>\n<meta property=\"og:locale\" content=\"en_US\" \/>\n<meta property=\"og:type\" content=\"article\" \/>\n<meta property=\"og:title\" content=\"T-shirt haute visibilit\u00e9 - S05945 - Le Magasin Industriel\" \/>\n<meta property=\"og:description\" content=\"T-shirt haute visibilit\u00e9 - S05945 Primeguard con\u00e7u pour offrir un \u00e9quilibre entre protection et confort thermique sur les chantiers\" \/>\n<meta property=\"og:url\" content=\"https:\/\/autravail.ca\/en\/product\/t-shirt-haute-visibilite-s05945\/\" \/>\n<meta property=\"og:site_name\" content=\"Le Magasin Industriel\" \/>\n<meta property=\"article:publisher\" content=\"https:\/\/www.facebook.com\/lemagasinindustriel\/?locale=fr_FR\" \/>\n<meta property=\"article:modified_time\" content=\"2026-04-29T16:33:14+00:00\" \/>\n<meta property=\"og:image\" content=\"https:\/\/autravail.ca\/wp-content\/uploads\/2026\/04\/S05945_ORA_A01.jpg\" \/>\n\t<meta property=\"og:image:width\" content=\"1000\" \/>\n\t<meta property=\"og:image:height\" content=\"1000\" \/>\n\t<meta property=\"og:image:type\" content=\"image\/jpeg\" \/>\n<meta name=\"twitter:card\" content=\"summary_large_image\" \/>\n<meta name=\"twitter:label1\" content=\"Est. reading time\" \/>\n\t<meta name=\"twitter:data1\" content=\"2 minutes\" \/>\n<script type=\"application\/ld+json\" class=\"yoast-schema-graph\">{\"@context\":\"https:\/\/schema.org\",\"@graph\":[{\"@type\":\"WebPage\",\"@id\":\"https:\/\/autravail.ca\/product\/t-shirt-haute-visibilite-s05945\/\",\"url\":\"https:\/\/autravail.ca\/product\/t-shirt-haute-visibilite-s05945\/\",\"name\":\"T-shirt haute visibilit\u00e9 - S05945 - Le Magasin Industriel\",\"isPartOf\":{\"@id\":\"https:\/\/autravail.ca\/#website\"},\"primaryImageOfPage\":{\"@id\":\"https:\/\/autravail.ca\/product\/t-shirt-haute-visibilite-s05945\/#primaryimage\"},\"image\":{\"@id\":\"https:\/\/autravail.ca\/product\/t-shirt-haute-visibilite-s05945\/#primaryimage\"},\"thumbnailUrl\":\"https:\/\/autravail.ca\/wp-content\/uploads\/2026\/04\/S05945_ORA_A01.jpg\",\"datePublished\":\"2026-04-29T16:33:13+00:00\",\"dateModified\":\"2026-04-29T16:33:14+00:00\",\"description\":\"T-shirt haute visibilit\u00e9 - S05945 Primeguard con\u00e7u pour offrir un \u00e9quilibre entre protection et confort thermique sur les chantiers\",\"breadcrumb\":{\"@id\":\"https:\/\/autravail.ca\/product\/t-shirt-haute-visibilite-s05945\/#breadcrumb\"},\"inLanguage\":\"en-CA\",\"potentialAction\":[{\"@type\":\"ReadAction\",\"target\":[\"https:\/\/autravail.ca\/product\/t-shirt-haute-visibilite-s05945\/\"]}]},{\"@type\":\"ImageObject\",\"inLanguage\":\"en-CA\",\"@id\":\"https:\/\/autravail.ca\/product\/t-shirt-haute-visibilite-s05945\/#primaryimage\",\"url\":\"https:\/\/autravail.ca\/wp-content\/uploads\/2026\/04\/S05945_ORA_A01.jpg\",\"contentUrl\":\"https:\/\/autravail.ca\/wp-content\/uploads\/2026\/04\/S05945_ORA_A01.jpg\",\"width\":1000,\"height\":1000,\"caption\":\"T-shirt haute visibilit\u00e9 - S05945\"},{\"@type\":\"BreadcrumbList\",\"@id\":\"https:\/\/autravail.ca\/product\/t-shirt-haute-visibilite-s05945\/#breadcrumb\",\"itemListElement\":[{\"@type\":\"ListItem\",\"position\":1,\"name\":\"Accueil\",\"item\":\"https:\/\/autravail.ca\/\"},{\"@type\":\"ListItem\",\"position\":2,\"name\":\"Magasin\",\"item\":\"https:\/\/autravail.ca\/en\/shop\/\"},{\"@type\":\"ListItem\",\"position\":3,\"name\":\"T-shirt haute visibilit\u00e9 &#8211; S05945\"}]},{\"@type\":\"WebSite\",\"@id\":\"https:\/\/autravail.ca\/#website\",\"url\":\"https:\/\/autravail.ca\/\",\"name\":\"Le Magasin Industriel\",\"description\":\"50 ans de tradition de s\u00e9curit\u00e9 au travail\",\"publisher\":{\"@id\":\"https:\/\/autravail.ca\/#organization\"},\"potentialAction\":[{\"@type\":\"SearchAction\",\"target\":{\"@type\":\"EntryPoint\",\"urlTemplate\":\"https:\/\/autravail.ca\/?s={search_term_string}\"},\"query-input\":{\"@type\":\"PropertyValueSpecification\",\"valueRequired\":true,\"valueName\":\"search_term_string\"}}],\"inLanguage\":\"en-CA\"},{\"@type\":\"Organization\",\"@id\":\"https:\/\/autravail.ca\/#organization\",\"name\":\"Le Magasin Industriel\",\"url\":\"https:\/\/autravail.ca\/\",\"logo\":{\"@type\":\"ImageObject\",\"inLanguage\":\"en-CA\",\"@id\":\"https:\/\/autravail.ca\/#\/schema\/logo\/image\/\",\"url\":\"https:\/\/autravail.ca\/wp-content\/uploads\/2025\/05\/cropped-magasin_industriel_120x.avif\",\"contentUrl\":\"https:\/\/autravail.ca\/wp-content\/uploads\/2025\/05\/cropped-magasin_industriel_120x.avif\",\"width\":120,\"height\":24,\"caption\":\"Le Magasin Industriel\"},\"image\":{\"@id\":\"https:\/\/autravail.ca\/#\/schema\/logo\/image\/\"},\"sameAs\":[\"https:\/\/www.facebook.com\/lemagasinindustriel\/?locale=fr_FR\"]}]}<\/script>\n<!-- \/ Yoast SEO plugin. -->","yoast_head_json":{"title":"T-shirt haute visibilit\u00e9 - S05945 - Le Magasin Industriel","description":"T-shirt haute visibilit\u00e9 - S05945 Primeguard con\u00e7u pour offrir un \u00e9quilibre entre protection et confort thermique sur les chantiers","robots":{"index":"index","follow":"follow","max-snippet":"max-snippet:-1","max-image-preview":"max-image-preview:large","max-video-preview":"max-video-preview:-1"},"canonical":"https:\/\/autravail.ca\/en\/product\/t-shirt-haute-visibilite-s05945\/","og_locale":"en_US","og_type":"article","og_title":"T-shirt haute visibilit\u00e9 - S05945 - Le Magasin Industriel","og_description":"T-shirt haute visibilit\u00e9 - S05945 Primeguard con\u00e7u pour offrir un \u00e9quilibre entre protection et confort thermique sur les chantiers","og_url":"https:\/\/autravail.ca\/en\/product\/t-shirt-haute-visibilite-s05945\/","og_site_name":"Le Magasin Industriel","article_publisher":"https:\/\/www.facebook.com\/lemagasinindustriel\/?locale=fr_FR","article_modified_time":"2026-04-29T16:33:14+00:00","og_image":[{"width":1000,"height":1000,"url":"https:\/\/autravail.ca\/wp-content\/uploads\/2026\/04\/S05945_ORA_A01.jpg","type":"image\/jpeg"}],"twitter_card":"summary_large_image","twitter_misc":{"Est. reading time":"2 minutes"},"schema":{"@context":"https:\/\/schema.org","@graph":[{"@type":"WebPage","@id":"https:\/\/autravail.ca\/product\/t-shirt-haute-visibilite-s05945\/","url":"https:\/\/autravail.ca\/product\/t-shirt-haute-visibilite-s05945\/","name":"T-shirt haute visibilit\u00e9 - S05945 - Le Magasin Industriel","isPartOf":{"@id":"https:\/\/autravail.ca\/#website"},"primaryImageOfPage":{"@id":"https:\/\/autravail.ca\/product\/t-shirt-haute-visibilite-s05945\/#primaryimage"},"image":{"@id":"https:\/\/autravail.ca\/product\/t-shirt-haute-visibilite-s05945\/#primaryimage"},"thumbnailUrl":"https:\/\/autravail.ca\/wp-content\/uploads\/2026\/04\/S05945_ORA_A01.jpg","datePublished":"2026-04-29T16:33:13+00:00","dateModified":"2026-04-29T16:33:14+00:00","description":"T-shirt haute visibilit\u00e9 - S05945 Primeguard con\u00e7u pour offrir un \u00e9quilibre entre protection et confort thermique sur les chantiers","breadcrumb":{"@id":"https:\/\/autravail.ca\/product\/t-shirt-haute-visibilite-s05945\/#breadcrumb"},"inLanguage":"en-CA","potentialAction":[{"@type":"ReadAction","target":["https:\/\/autravail.ca\/product\/t-shirt-haute-visibilite-s05945\/"]}]},{"@type":"ImageObject","inLanguage":"en-CA","@id":"https:\/\/autravail.ca\/product\/t-shirt-haute-visibilite-s05945\/#primaryimage","url":"https:\/\/autravail.ca\/wp-content\/uploads\/2026\/04\/S05945_ORA_A01.jpg","contentUrl":"https:\/\/autravail.ca\/wp-content\/uploads\/2026\/04\/S05945_ORA_A01.jpg","width":1000,"height":1000,"caption":"T-shirt haute visibilit\u00e9 - S05945"},{"@type":"BreadcrumbList","@id":"https:\/\/autravail.ca\/product\/t-shirt-haute-visibilite-s05945\/#breadcrumb","itemListElement":[{"@type":"ListItem","position":1,"name":"Accueil","item":"https:\/\/autravail.ca\/"},{"@type":"ListItem","position":2,"name":"Magasin","item":"https:\/\/autravail.ca\/en\/shop\/"},{"@type":"ListItem","position":3,"name":"T-shirt haute visibilit\u00e9 &#8211; S05945"}]},{"@type":"WebSite","@id":"https:\/\/autravail.ca\/#website","url":"https:\/\/autravail.ca\/","name":"Le Magasin Industriel","description":"50 ans de tradition de s\u00e9curit\u00e9 au travail","publisher":{"@id":"https:\/\/autravail.ca\/#organization"},"potentialAction":[{"@type":"SearchAction","target":{"@type":"EntryPoint","urlTemplate":"https:\/\/autravail.ca\/?s={search_term_string}"},"query-input":{"@type":"PropertyValueSpecification","valueRequired":true,"valueName":"search_term_string"}}],"inLanguage":"en-CA"},{"@type":"Organization","@id":"https:\/\/autravail.ca\/#organization","name":"Le Magasin Industriel","url":"https:\/\/autravail.ca\/","logo":{"@type":"ImageObject","inLanguage":"en-CA","@id":"https:\/\/autravail.ca\/#\/schema\/logo\/image\/","url":"https:\/\/autravail.ca\/wp-content\/uploads\/2025\/05\/cropped-magasin_industriel_120x.avif","contentUrl":"https:\/\/autravail.ca\/wp-content\/uploads\/2025\/05\/cropped-magasin_industriel_120x.avif","width":120,"height":24,"caption":"Le Magasin Industriel"},"image":{"@id":"https:\/\/autravail.ca\/#\/schema\/logo\/image\/"},"sameAs":["https:\/\/www.facebook.com\/lemagasinindustriel\/?locale=fr_FR"]}]}},"jetpack_sharing_enabled":true,"_links":{"self":[{"href":"https:\/\/autravail.ca\/en\/wp-json\/wp\/v2\/product\/47641","targetHints":{"allow":["GET"]}}],"collection":[{"href":"https:\/\/autravail.ca\/en\/wp-json\/wp\/v2\/product"}],"about":[{"href":"https:\/\/autravail.ca\/en\/wp-json\/wp\/v2\/types\/product"}],"replies":[{"embeddable":true,"href":"https:\/\/autravail.ca\/en\/wp-json\/wp\/v2\/comments?post=47641"}],"wp:featuredmedia":[{"embeddable":true,"href":"https:\/\/autravail.ca\/en\/wp-json\/wp\/v2\/media\/47642"}],"wp:attachment":[{"href":"https:\/\/autravail.ca\/en\/wp-json\/wp\/v2\/media?parent=47641"}],"wp:term":[{"taxonomy":"product_cat","embeddable":true,"href":"https:\/\/autravail.ca\/en\/wp-json\/wp\/v2\/product_cat?post=47641"},{"taxonomy":"product_tag","embeddable":true,"href":"https:\/\/autravail.ca\/en\/wp-json\/wp\/v2\/product_tag?post=47641"}],"curies":[{"name":"wp","href":"https:\/\/api.w.org\/{rel}","templated":true}]}}