{"id":47635,"date":"2026-04-29T11:38:37","date_gmt":"2026-04-29T15:38:37","guid":{"rendered":"https:\/\/autravail.ca\/?post_type=product&#038;p=47635"},"modified":"2026-04-29T11:38:38","modified_gmt":"2026-04-29T15:38:38","slug":"casque-de-securite-kilimandjaro-hp641r","status":"publish","type":"product","link":"https:\/\/autravail.ca\/en\/product\/casque-de-securite-kilimandjaro-hp641r\/","title":{"rendered":"Casque de s\u00e9curit\u00e9 Kilimandjaro &#8211; HP641R"},"content":{"rendered":"<h3>Casque de s\u00e9curit\u00e9 Kilimandjaro &#8211; HP641R<\/h3>\n<p>Casque de s\u00e9curit\u00e9 Kilimandjaro &#8211; HP641R de Pip Canada est un casque de chantier \u00e0 large bord avec coque en PEHD, suspension textile \u00e0 4 points et r\u00e9glage par molette.<\/p>\n<h6>Characteristics:<\/h6>\n<p><span dir=\"auto\">Les produits de protection de la t\u00eate PIP Dynamic sont con\u00e7us pour fonctionner dans les conditions de travail les plus exigeantes et fabriqu\u00e9s \u00e0 l&rsquo;aide d&rsquo;un assemblage robotis\u00e9 de pointe pour une pr\u00e9cision optimale.<\/span><\/p>\n<ul id=\"desc-features\">\n<li><span dir=\"auto\">La coque l\u00e9g\u00e8re en poly\u00e9thyl\u00e8ne haute densit\u00e9 (PEHD) stabilis\u00e9 aux UV r\u00e9duit la fatigue des travailleurs<\/span><\/li>\n<li><span dir=\"auto\">Suspension \u00e0 d\u00e9gagement rapide en 4 points avec sangles textiles robustes et coussinet de confort sur la couronne pour un maintien confortable et s\u00fbr.<\/span><\/li>\n<li><span dir=\"auto\">Bandeau anti-transpiration en mousse rempla\u00e7able et anti-frottement pour une absorption maximale de la transpiration<\/span><\/li>\n<li><span dir=\"auto\">Syst\u00e8me de r\u00e9glage par molette SURE LOCK pour un ajustement de taille d&rsquo;une seule main<\/span><\/li>\n<li><span dir=\"auto\">R\u00e9glages pr\u00e9cis de la hauteur pour garantir une profondeur ad\u00e9quate<\/span><\/li>\n<li><span dir=\"auto\">La sangle de nuque basse assure un maintien s\u00fbr, permettant au casque de rester sur la t\u00eate m\u00eame lorsque les travailleurs regardent vers le bas ou se penchent.<\/span><\/li>\n<li><span dir=\"auto\">Les emplacements universels pour accessoires permettent d&rsquo;utiliser une vari\u00e9t\u00e9 de produits de protection oculaire, faciale et auditive.<\/span><\/li>\n<li><span dir=\"auto\">Conforme aux exigences des normes ANSI\/ISEA Z89.1 Type I et CSA Z94.1 Type I<\/span><\/li>\n<li><span dir=\"auto\">R\u00e9pond aux exigences d&rsquo;isolation \u00e9lectrique de classe E (20 000 volts)<\/span><\/li>\n<li><span dir=\"auto\">Impression de logo personnalis\u00e9e disponible sur les quatre c\u00f4t\u00e9s du casque<\/span><\/li>\n<\/ul>\n<h6 id=\"applicationsHeader\" class=\"collapsible-header expanded active\"><span dir=\"auto\">Applications:<\/span><\/h6>\n<div id=\"applications\" class=\"content expanded active\">\n<div class=\"product-applications\">\n<ul>\n<li><span dir=\"auto\">Applications de construction<\/span><\/li>\n<li><span dir=\"auto\">Travaux routiers<\/span><\/li>\n<li><span dir=\"auto\">Excavation<\/span><\/li>\n<li><span dir=\"auto\">Applications industrielles<\/span><\/li>\n<\/ul>\n<p><img decoding=\"async\" class=\"alignnone wp-image-40620\" src=\"https:\/\/autravail.ca\/wp-content\/uploads\/2025\/09\/Jachete-quebec-et-canada.jpg\" alt=\"Logo de l'achat local\" width=\"162\" height=\"139\" \/>Merci d&rsquo;encourager une entreprise 100% d&rsquo;ici!<\/p>\n<p>TS2604H<\/p>\n<\/div>\n<\/div>","protected":false},"excerpt":{"rendered":"<p>Casque de s\u00e9curit\u00e9 Kilimandjaro &#8211; HP641R Casque de s\u00e9curit\u00e9 Kilimandjaro &#8211; HP641R de Pip Canada est un casque de chantier \u00e0 large bord avec coque en PEHD, suspension textile \u00e0 4 points et r\u00e9glage par molette. Caract\u00e9ristiques: Les produits de protection de la t\u00eate PIP Dynamic sont con\u00e7us pour fonctionner dans les conditions de travail [&hellip;]<\/p>","protected":false},"featured_media":47636,"comment_status":"open","ping_status":"closed","template":"","meta":[],"product_cat":[633,602,681],"product_tag":[242,284],"class_list":{"0":"post-47635","1":"product","2":"type-product","3":"status-publish","4":"has-post-thumbnail","6":"product_brand-dynamic","7":"product_cat-femmes","8":"product_cat-hommes","9":"product_cat-protection-de-la-tete","10":"product_tag-homme","11":"product_tag-protection-de-la-tete","13":"first","14":"instock","15":"taxable","16":"shipping-taxable","17":"purchasable","18":"product-type-variable"},"yoast_head":"<!-- This site is optimized with the Yoast SEO plugin v25.3.1 - https:\/\/yoast.com\/wordpress\/plugins\/seo\/ -->\n<title>Casque de s\u00e9curit\u00e9 Kilimandjaro - HP641R - Le Magasin Industriel<\/title>\n<meta name=\"description\" content=\"Casque de s\u00e9curit\u00e9 Kilimandjaro - HP641R est un casque de chantier \u00e0 large bord avec coque en PEHD, suspension textile \u00e0 4 points et r\u00e9glage par molette\" \/>\n<meta name=\"robots\" content=\"index, follow, max-snippet:-1, max-image-preview:large, max-video-preview:-1\" \/>\n<link rel=\"canonical\" href=\"https:\/\/autravail.ca\/en\/product\/casque-de-securite-kilimandjaro-hp641r\/\" \/>\n<meta property=\"og:locale\" content=\"en_US\" \/>\n<meta property=\"og:type\" content=\"article\" \/>\n<meta property=\"og:title\" content=\"Casque de s\u00e9curit\u00e9 Kilimandjaro - HP641R - Le Magasin Industriel\" \/>\n<meta property=\"og:description\" content=\"Casque de s\u00e9curit\u00e9 Kilimandjaro - HP641R est un casque de chantier \u00e0 large bord avec coque en PEHD, suspension textile \u00e0 4 points et r\u00e9glage par molette\" \/>\n<meta property=\"og:url\" content=\"https:\/\/autravail.ca\/en\/product\/casque-de-securite-kilimandjaro-hp641r\/\" \/>\n<meta property=\"og:site_name\" content=\"Le Magasin Industriel\" \/>\n<meta property=\"article:publisher\" content=\"https:\/\/www.facebook.com\/lemagasinindustriel\/?locale=fr_FR\" \/>\n<meta property=\"article:modified_time\" content=\"2026-04-29T15:38:38+00:00\" \/>\n<meta property=\"og:image\" content=\"https:\/\/autravail.ca\/wp-content\/uploads\/2026\/04\/HP641R_WHT_A01.jpg\" \/>\n\t<meta property=\"og:image:width\" content=\"1000\" \/>\n\t<meta property=\"og:image:height\" content=\"1000\" \/>\n\t<meta property=\"og:image:type\" content=\"image\/jpeg\" \/>\n<meta name=\"twitter:card\" content=\"summary_large_image\" \/>\n<meta name=\"twitter:label1\" content=\"Est. reading time\" \/>\n\t<meta name=\"twitter:data1\" content=\"2 minutes\" \/>\n<script type=\"application\/ld+json\" class=\"yoast-schema-graph\">{\"@context\":\"https:\/\/schema.org\",\"@graph\":[{\"@type\":\"WebPage\",\"@id\":\"https:\/\/autravail.ca\/product\/casque-de-securite-kilimandjaro-hp641r\/\",\"url\":\"https:\/\/autravail.ca\/product\/casque-de-securite-kilimandjaro-hp641r\/\",\"name\":\"Casque de s\u00e9curit\u00e9 Kilimandjaro - HP641R - Le Magasin Industriel\",\"isPartOf\":{\"@id\":\"https:\/\/autravail.ca\/#website\"},\"primaryImageOfPage\":{\"@id\":\"https:\/\/autravail.ca\/product\/casque-de-securite-kilimandjaro-hp641r\/#primaryimage\"},\"image\":{\"@id\":\"https:\/\/autravail.ca\/product\/casque-de-securite-kilimandjaro-hp641r\/#primaryimage\"},\"thumbnailUrl\":\"https:\/\/autravail.ca\/wp-content\/uploads\/2026\/04\/HP641R_WHT_A01.jpg\",\"datePublished\":\"2026-04-29T15:38:37+00:00\",\"dateModified\":\"2026-04-29T15:38:38+00:00\",\"description\":\"Casque de s\u00e9curit\u00e9 Kilimandjaro - HP641R est un casque de chantier \u00e0 large bord avec coque en PEHD, suspension textile \u00e0 4 points et r\u00e9glage par molette\",\"breadcrumb\":{\"@id\":\"https:\/\/autravail.ca\/product\/casque-de-securite-kilimandjaro-hp641r\/#breadcrumb\"},\"inLanguage\":\"en-CA\",\"potentialAction\":[{\"@type\":\"ReadAction\",\"target\":[\"https:\/\/autravail.ca\/product\/casque-de-securite-kilimandjaro-hp641r\/\"]}]},{\"@type\":\"ImageObject\",\"inLanguage\":\"en-CA\",\"@id\":\"https:\/\/autravail.ca\/product\/casque-de-securite-kilimandjaro-hp641r\/#primaryimage\",\"url\":\"https:\/\/autravail.ca\/wp-content\/uploads\/2026\/04\/HP641R_WHT_A01.jpg\",\"contentUrl\":\"https:\/\/autravail.ca\/wp-content\/uploads\/2026\/04\/HP641R_WHT_A01.jpg\",\"width\":1000,\"height\":1000,\"caption\":\"Casque de s\u00e9curit\u00e9 Kilimandjaro - HP641R\"},{\"@type\":\"BreadcrumbList\",\"@id\":\"https:\/\/autravail.ca\/product\/casque-de-securite-kilimandjaro-hp641r\/#breadcrumb\",\"itemListElement\":[{\"@type\":\"ListItem\",\"position\":1,\"name\":\"Accueil\",\"item\":\"https:\/\/autravail.ca\/\"},{\"@type\":\"ListItem\",\"position\":2,\"name\":\"Magasin\",\"item\":\"https:\/\/autravail.ca\/en\/shop\/\"},{\"@type\":\"ListItem\",\"position\":3,\"name\":\"Casque de s\u00e9curit\u00e9 Kilimandjaro &#8211; HP641R\"}]},{\"@type\":\"WebSite\",\"@id\":\"https:\/\/autravail.ca\/#website\",\"url\":\"https:\/\/autravail.ca\/\",\"name\":\"Le Magasin Industriel\",\"description\":\"50 ans de tradition de s\u00e9curit\u00e9 au travail\",\"publisher\":{\"@id\":\"https:\/\/autravail.ca\/#organization\"},\"potentialAction\":[{\"@type\":\"SearchAction\",\"target\":{\"@type\":\"EntryPoint\",\"urlTemplate\":\"https:\/\/autravail.ca\/?s={search_term_string}\"},\"query-input\":{\"@type\":\"PropertyValueSpecification\",\"valueRequired\":true,\"valueName\":\"search_term_string\"}}],\"inLanguage\":\"en-CA\"},{\"@type\":\"Organization\",\"@id\":\"https:\/\/autravail.ca\/#organization\",\"name\":\"Le Magasin Industriel\",\"url\":\"https:\/\/autravail.ca\/\",\"logo\":{\"@type\":\"ImageObject\",\"inLanguage\":\"en-CA\",\"@id\":\"https:\/\/autravail.ca\/#\/schema\/logo\/image\/\",\"url\":\"https:\/\/autravail.ca\/wp-content\/uploads\/2025\/05\/cropped-magasin_industriel_120x.avif\",\"contentUrl\":\"https:\/\/autravail.ca\/wp-content\/uploads\/2025\/05\/cropped-magasin_industriel_120x.avif\",\"width\":120,\"height\":24,\"caption\":\"Le Magasin Industriel\"},\"image\":{\"@id\":\"https:\/\/autravail.ca\/#\/schema\/logo\/image\/\"},\"sameAs\":[\"https:\/\/www.facebook.com\/lemagasinindustriel\/?locale=fr_FR\"]}]}<\/script>\n<!-- \/ Yoast SEO plugin. -->","yoast_head_json":{"title":"Casque de s\u00e9curit\u00e9 Kilimandjaro - HP641R - Le Magasin Industriel","description":"Casque de s\u00e9curit\u00e9 Kilimandjaro - HP641R est un casque de chantier \u00e0 large bord avec coque en PEHD, suspension textile \u00e0 4 points et r\u00e9glage par molette","robots":{"index":"index","follow":"follow","max-snippet":"max-snippet:-1","max-image-preview":"max-image-preview:large","max-video-preview":"max-video-preview:-1"},"canonical":"https:\/\/autravail.ca\/en\/product\/casque-de-securite-kilimandjaro-hp641r\/","og_locale":"en_US","og_type":"article","og_title":"Casque de s\u00e9curit\u00e9 Kilimandjaro - HP641R - Le Magasin Industriel","og_description":"Casque de s\u00e9curit\u00e9 Kilimandjaro - HP641R est un casque de chantier \u00e0 large bord avec coque en PEHD, suspension textile \u00e0 4 points et r\u00e9glage par molette","og_url":"https:\/\/autravail.ca\/en\/product\/casque-de-securite-kilimandjaro-hp641r\/","og_site_name":"Le Magasin Industriel","article_publisher":"https:\/\/www.facebook.com\/lemagasinindustriel\/?locale=fr_FR","article_modified_time":"2026-04-29T15:38:38+00:00","og_image":[{"width":1000,"height":1000,"url":"https:\/\/autravail.ca\/wp-content\/uploads\/2026\/04\/HP641R_WHT_A01.jpg","type":"image\/jpeg"}],"twitter_card":"summary_large_image","twitter_misc":{"Est. reading time":"2 minutes"},"schema":{"@context":"https:\/\/schema.org","@graph":[{"@type":"WebPage","@id":"https:\/\/autravail.ca\/product\/casque-de-securite-kilimandjaro-hp641r\/","url":"https:\/\/autravail.ca\/product\/casque-de-securite-kilimandjaro-hp641r\/","name":"Casque de s\u00e9curit\u00e9 Kilimandjaro - HP641R - Le Magasin Industriel","isPartOf":{"@id":"https:\/\/autravail.ca\/#website"},"primaryImageOfPage":{"@id":"https:\/\/autravail.ca\/product\/casque-de-securite-kilimandjaro-hp641r\/#primaryimage"},"image":{"@id":"https:\/\/autravail.ca\/product\/casque-de-securite-kilimandjaro-hp641r\/#primaryimage"},"thumbnailUrl":"https:\/\/autravail.ca\/wp-content\/uploads\/2026\/04\/HP641R_WHT_A01.jpg","datePublished":"2026-04-29T15:38:37+00:00","dateModified":"2026-04-29T15:38:38+00:00","description":"Casque de s\u00e9curit\u00e9 Kilimandjaro - HP641R est un casque de chantier \u00e0 large bord avec coque en PEHD, suspension textile \u00e0 4 points et r\u00e9glage par molette","breadcrumb":{"@id":"https:\/\/autravail.ca\/product\/casque-de-securite-kilimandjaro-hp641r\/#breadcrumb"},"inLanguage":"en-CA","potentialAction":[{"@type":"ReadAction","target":["https:\/\/autravail.ca\/product\/casque-de-securite-kilimandjaro-hp641r\/"]}]},{"@type":"ImageObject","inLanguage":"en-CA","@id":"https:\/\/autravail.ca\/product\/casque-de-securite-kilimandjaro-hp641r\/#primaryimage","url":"https:\/\/autravail.ca\/wp-content\/uploads\/2026\/04\/HP641R_WHT_A01.jpg","contentUrl":"https:\/\/autravail.ca\/wp-content\/uploads\/2026\/04\/HP641R_WHT_A01.jpg","width":1000,"height":1000,"caption":"Casque de s\u00e9curit\u00e9 Kilimandjaro - HP641R"},{"@type":"BreadcrumbList","@id":"https:\/\/autravail.ca\/product\/casque-de-securite-kilimandjaro-hp641r\/#breadcrumb","itemListElement":[{"@type":"ListItem","position":1,"name":"Accueil","item":"https:\/\/autravail.ca\/"},{"@type":"ListItem","position":2,"name":"Magasin","item":"https:\/\/autravail.ca\/en\/shop\/"},{"@type":"ListItem","position":3,"name":"Casque de s\u00e9curit\u00e9 Kilimandjaro &#8211; HP641R"}]},{"@type":"WebSite","@id":"https:\/\/autravail.ca\/#website","url":"https:\/\/autravail.ca\/","name":"Le Magasin Industriel","description":"50 ans de tradition de s\u00e9curit\u00e9 au travail","publisher":{"@id":"https:\/\/autravail.ca\/#organization"},"potentialAction":[{"@type":"SearchAction","target":{"@type":"EntryPoint","urlTemplate":"https:\/\/autravail.ca\/?s={search_term_string}"},"query-input":{"@type":"PropertyValueSpecification","valueRequired":true,"valueName":"search_term_string"}}],"inLanguage":"en-CA"},{"@type":"Organization","@id":"https:\/\/autravail.ca\/#organization","name":"Le Magasin Industriel","url":"https:\/\/autravail.ca\/","logo":{"@type":"ImageObject","inLanguage":"en-CA","@id":"https:\/\/autravail.ca\/#\/schema\/logo\/image\/","url":"https:\/\/autravail.ca\/wp-content\/uploads\/2025\/05\/cropped-magasin_industriel_120x.avif","contentUrl":"https:\/\/autravail.ca\/wp-content\/uploads\/2025\/05\/cropped-magasin_industriel_120x.avif","width":120,"height":24,"caption":"Le Magasin Industriel"},"image":{"@id":"https:\/\/autravail.ca\/#\/schema\/logo\/image\/"},"sameAs":["https:\/\/www.facebook.com\/lemagasinindustriel\/?locale=fr_FR"]}]}},"jetpack_sharing_enabled":true,"_links":{"self":[{"href":"https:\/\/autravail.ca\/en\/wp-json\/wp\/v2\/product\/47635","targetHints":{"allow":["GET"]}}],"collection":[{"href":"https:\/\/autravail.ca\/en\/wp-json\/wp\/v2\/product"}],"about":[{"href":"https:\/\/autravail.ca\/en\/wp-json\/wp\/v2\/types\/product"}],"replies":[{"embeddable":true,"href":"https:\/\/autravail.ca\/en\/wp-json\/wp\/v2\/comments?post=47635"}],"wp:featuredmedia":[{"embeddable":true,"href":"https:\/\/autravail.ca\/en\/wp-json\/wp\/v2\/media\/47636"}],"wp:attachment":[{"href":"https:\/\/autravail.ca\/en\/wp-json\/wp\/v2\/media?parent=47635"}],"wp:term":[{"taxonomy":"product_cat","embeddable":true,"href":"https:\/\/autravail.ca\/en\/wp-json\/wp\/v2\/product_cat?post=47635"},{"taxonomy":"product_tag","embeddable":true,"href":"https:\/\/autravail.ca\/en\/wp-json\/wp\/v2\/product_tag?post=47635"}],"curies":[{"name":"wp","href":"https:\/\/api.w.org\/{rel}","templated":true}]}}