{"id":46333,"date":"2026-03-30T10:21:54","date_gmt":"2026-03-30T14:21:54","guid":{"rendered":"https:\/\/autravail.ca\/?post_type=product&#038;p=46333"},"modified":"2026-03-30T10:24:10","modified_gmt":"2026-03-30T14:24:10","slug":"soulier-de-travail-rush-701rs","status":"publish","type":"product","link":"https:\/\/autravail.ca\/en\/product\/soulier-de-travail-rush-701rs\/","title":{"rendered":"Soulier de travail Rush &#8211; 701RS"},"content":{"rendered":"<h3>Soulier de travail Rush &#8211; 701RS<\/h3>\n<p>Soulier de travail Rush &#8211; 701RS de <a href=\"https:\/\/autravail.ca\/en\/product-brand\/royer\/\">Royer<\/a> fait partie de la collection\u00a0<strong class=\"Yjhzub\" data-sfc-root=\"c\" data-sfc-cb=\"\" data-complete=\"true\" data-processed=\"true\">RUSH<\/strong>. C&rsquo;est une chaussure de s\u00e9curit\u00e9 de style athl\u00e9tique, con\u00e7ue pour offrir un m\u00e9lange de l\u00e9g\u00e8ret\u00e9, de protection et de respirabilit\u00e9 pour les travailleurs modernes.<\/p>\n<p><img decoding=\"async\" class=\"alignnone size-full wp-image-40117\" src=\"https:\/\/autravail.ca\/wp-content\/uploads\/2025\/09\/Certification-Omega-Triangle-vert.jpg\" alt=\"Certifications Om\u00e9ga Triangle vert\" width=\"193\" height=\"110\" srcset=\"https:\/\/autravail.ca\/wp-content\/uploads\/2025\/09\/Certification-Omega-Triangle-vert.jpg 193w, https:\/\/autravail.ca\/wp-content\/uploads\/2025\/09\/Certification-Omega-Triangle-vert-150x85.jpg 150w, https:\/\/autravail.ca\/wp-content\/uploads\/2025\/09\/Certification-Omega-Triangle-vert-18x10.jpg 18w\" sizes=\"(max-width: 193px) 100vw, 193px\" \/><\/p>\n<div class=\"product-information-feature-header\">\n<h6 class=\"mb-4\">Caract\u00e9ristiques<\/h6>\n<\/div>\n<ul class=\"temp-feature-list royer-temp-feature-list\">\n<li>Tissu m\u00e9ch\u00e9 R-KNIT ultra r\u00e9sistant \u00e0 l&rsquo;abrasion avec 3 \u00e9vents offrant un haut niveau de respirabilit\u00e9<\/li>\n<li>Exterior Patch PARESHOK in ultra-durable TPU<\/li>\n<li>Non-metallic antipercoration<\/li>\n<li>Protection against electric shocks<\/li>\n<li>Laced Shoe with 5 Eyelets<\/li>\n<li>Aluminum protection cap<\/li>\n<li>Renfort pr\u00e9moul\u00e9 offrant une stabilit\u00e9 accrue<\/li>\n<li>Semelle intercalaire ultra-coussin\u00e9e en PU basse densit\u00e9 pour une excellente absorbtion des chocs \u00e0 long terme<\/li>\n<li>Semelle d&rsquo;usure en caoutchouc r\u00e9sistant aux glissements et aux huiles<\/li>\n<li>Semelle TPU l\u00e9g\u00e8re et durable<\/li>\n<\/ul>\n<h6>Coquille protectrice PARESHOK\u2122<\/h6>\n<p>Coquille protectrice en TPU ou caoutchouc dense positionn\u00e9e \u00e0 l\u2019avant de la botte, par-dessus le cuir et l\u2019embout de protection, afin d\u2019augmenter significativement la r\u00e9sistance du bout contre l\u2019usure et, de ce fait, la dur\u00e9e de vie utile de la botte.<\/p>\n<h6>Semelle de propret\u00e9 de mousse ORTHOLITE\u00ae<\/h6>\n<p>La structure unique \u00e0 cellules ouvertes de la mousse ORTHOLITE\u00ae cr\u00e9e un syst\u00e8me de gestion de l\u2019humidit\u00e9, aidant \u00e0 \u00e9vacuer la moiteur et \u00e0 fournir un environnement plus frais, plus sec et plus hygi\u00e9nique dans n\u2019importe quelle activit\u00e9.<\/p>\n<p><em><span style=\"color: #fa0b0b;\">Unisex U.S. men's sizes presented. To convert to U.S. women's size, add 2 sizes. Example: 5 U.S. men = 7 U.S. women<\/span><\/em><\/p>\n<p><img decoding=\"async\" class=\"alignnone wp-image-40620\" src=\"https:\/\/autravail.ca\/wp-content\/uploads\/2025\/09\/Jachete-quebec-et-canada.jpg\" alt=\"Logo de l'achat local\" width=\"162\" height=\"139\" \/>Merci d&rsquo;encourager une entreprise 100% d&rsquo;ici!<\/p>\n<p>TS2603H<\/p>","protected":false},"excerpt":{"rendered":"<p>Soulier de travail Rush &#8211; 701RS Soulier de travail Rush &#8211; 701RS de Royer fait partie de la collection\u00a0RUSH. C&rsquo;est une chaussure de s\u00e9curit\u00e9 de style athl\u00e9tique, con\u00e7ue pour offrir un m\u00e9lange de l\u00e9g\u00e8ret\u00e9, de protection et de respirabilit\u00e9 pour les travailleurs modernes. Caract\u00e9ristiques Tissu m\u00e9ch\u00e9 R-KNIT ultra r\u00e9sistant \u00e0 l&rsquo;abrasion avec 3 \u00e9vents offrant [&hellip;]<\/p>","protected":false},"featured_media":46334,"comment_status":"open","ping_status":"closed","template":"","meta":[],"product_cat":[811,808],"product_tag":[252,255,242,257],"class_list":{"0":"post-46333","1":"product","2":"type-product","3":"status-publish","4":"has-post-thumbnail","6":"product_brand-royer","7":"product_cat-chaussures-de-securite","8":"product_cat-espadrilles-de-travail-homme","9":"product_tag-electric-shock-resistant","10":"product_tag-femme","11":"product_tag-homme","12":"product_tag-souliers-de-travail","14":"first","15":"instock","16":"taxable","17":"shipping-taxable","18":"purchasable","19":"product-type-variable"},"yoast_head":"<!-- This site is optimized with the Yoast SEO plugin v25.3.1 - https:\/\/yoast.com\/wordpress\/plugins\/seo\/ -->\n<title>Soulier de travail Rush - 701RS - Le Magasin Industriel<\/title>\n<meta name=\"description\" content=\"Soulier de travail Rush - 701RS, espadrilles approuv\u00e9 CSA, semelle antiperforation, embout d&#039;aluminium, pareshok, pour homme\" \/>\n<meta name=\"robots\" content=\"index, follow, max-snippet:-1, max-image-preview:large, max-video-preview:-1\" \/>\n<link rel=\"canonical\" href=\"https:\/\/autravail.ca\/en\/product\/soulier-de-travail-rush-701rs\/\" \/>\n<meta property=\"og:locale\" content=\"en_US\" \/>\n<meta property=\"og:type\" content=\"article\" \/>\n<meta property=\"og:title\" content=\"Soulier de travail Rush - 701RS - Le Magasin Industriel\" \/>\n<meta property=\"og:description\" content=\"Soulier de travail Rush - 701RS, espadrilles approuv\u00e9 CSA, semelle antiperforation, embout d&#039;aluminium, pareshok, pour homme\" \/>\n<meta property=\"og:url\" content=\"https:\/\/autravail.ca\/en\/product\/soulier-de-travail-rush-701rs\/\" \/>\n<meta property=\"og:site_name\" content=\"Le Magasin Industriel\" \/>\n<meta property=\"article:publisher\" content=\"https:\/\/www.facebook.com\/lemagasinindustriel\/?locale=fr_FR\" \/>\n<meta property=\"article:modified_time\" content=\"2026-03-30T14:24:10+00:00\" \/>\n<meta property=\"og:image\" content=\"https:\/\/autravail.ca\/wp-content\/uploads\/2026\/03\/701RS_A01.jpg\" \/>\n\t<meta property=\"og:image:width\" content=\"1000\" \/>\n\t<meta property=\"og:image:height\" content=\"1000\" \/>\n\t<meta property=\"og:image:type\" content=\"image\/jpeg\" \/>\n<meta name=\"twitter:card\" content=\"summary_large_image\" \/>\n<meta name=\"twitter:label1\" content=\"Est. reading time\" \/>\n\t<meta name=\"twitter:data1\" content=\"2 minutes\" \/>\n<script type=\"application\/ld+json\" class=\"yoast-schema-graph\">{\"@context\":\"https:\/\/schema.org\",\"@graph\":[{\"@type\":\"WebPage\",\"@id\":\"https:\/\/autravail.ca\/product\/soulier-de-travail-rush-701rs\/\",\"url\":\"https:\/\/autravail.ca\/product\/soulier-de-travail-rush-701rs\/\",\"name\":\"Soulier de travail Rush - 701RS - Le Magasin Industriel\",\"isPartOf\":{\"@id\":\"https:\/\/autravail.ca\/#website\"},\"primaryImageOfPage\":{\"@id\":\"https:\/\/autravail.ca\/product\/soulier-de-travail-rush-701rs\/#primaryimage\"},\"image\":{\"@id\":\"https:\/\/autravail.ca\/product\/soulier-de-travail-rush-701rs\/#primaryimage\"},\"thumbnailUrl\":\"https:\/\/autravail.ca\/wp-content\/uploads\/2026\/03\/701RS_A01.jpg\",\"datePublished\":\"2026-03-30T14:21:54+00:00\",\"dateModified\":\"2026-03-30T14:24:10+00:00\",\"description\":\"Soulier de travail Rush - 701RS, espadrilles approuv\u00e9 CSA, semelle antiperforation, embout d'aluminium, pareshok, pour homme\",\"breadcrumb\":{\"@id\":\"https:\/\/autravail.ca\/product\/soulier-de-travail-rush-701rs\/#breadcrumb\"},\"inLanguage\":\"en-CA\",\"potentialAction\":[{\"@type\":\"ReadAction\",\"target\":[\"https:\/\/autravail.ca\/product\/soulier-de-travail-rush-701rs\/\"]}]},{\"@type\":\"ImageObject\",\"inLanguage\":\"en-CA\",\"@id\":\"https:\/\/autravail.ca\/product\/soulier-de-travail-rush-701rs\/#primaryimage\",\"url\":\"https:\/\/autravail.ca\/wp-content\/uploads\/2026\/03\/701RS_A01.jpg\",\"contentUrl\":\"https:\/\/autravail.ca\/wp-content\/uploads\/2026\/03\/701RS_A01.jpg\",\"width\":1000,\"height\":1000,\"caption\":\"Soulier de travail Rush - 701RS\"},{\"@type\":\"BreadcrumbList\",\"@id\":\"https:\/\/autravail.ca\/product\/soulier-de-travail-rush-701rs\/#breadcrumb\",\"itemListElement\":[{\"@type\":\"ListItem\",\"position\":1,\"name\":\"Accueil\",\"item\":\"https:\/\/autravail.ca\/\"},{\"@type\":\"ListItem\",\"position\":2,\"name\":\"Magasin\",\"item\":\"https:\/\/autravail.ca\/en\/shop\/\"},{\"@type\":\"ListItem\",\"position\":3,\"name\":\"Soulier de travail Rush &#8211; 701RS\"}]},{\"@type\":\"WebSite\",\"@id\":\"https:\/\/autravail.ca\/#website\",\"url\":\"https:\/\/autravail.ca\/\",\"name\":\"Le Magasin Industriel\",\"description\":\"50 ans de tradition de s\u00e9curit\u00e9 au travail\",\"publisher\":{\"@id\":\"https:\/\/autravail.ca\/#organization\"},\"potentialAction\":[{\"@type\":\"SearchAction\",\"target\":{\"@type\":\"EntryPoint\",\"urlTemplate\":\"https:\/\/autravail.ca\/?s={search_term_string}\"},\"query-input\":{\"@type\":\"PropertyValueSpecification\",\"valueRequired\":true,\"valueName\":\"search_term_string\"}}],\"inLanguage\":\"en-CA\"},{\"@type\":\"Organization\",\"@id\":\"https:\/\/autravail.ca\/#organization\",\"name\":\"Le Magasin Industriel\",\"url\":\"https:\/\/autravail.ca\/\",\"logo\":{\"@type\":\"ImageObject\",\"inLanguage\":\"en-CA\",\"@id\":\"https:\/\/autravail.ca\/#\/schema\/logo\/image\/\",\"url\":\"https:\/\/autravail.ca\/wp-content\/uploads\/2025\/05\/cropped-magasin_industriel_120x.avif\",\"contentUrl\":\"https:\/\/autravail.ca\/wp-content\/uploads\/2025\/05\/cropped-magasin_industriel_120x.avif\",\"width\":120,\"height\":24,\"caption\":\"Le Magasin Industriel\"},\"image\":{\"@id\":\"https:\/\/autravail.ca\/#\/schema\/logo\/image\/\"},\"sameAs\":[\"https:\/\/www.facebook.com\/lemagasinindustriel\/?locale=fr_FR\"]}]}<\/script>\n<!-- \/ Yoast SEO plugin. -->","yoast_head_json":{"title":"Soulier de travail Rush - 701RS - Le Magasin Industriel","description":"Soulier de travail Rush - 701RS, espadrilles approuv\u00e9 CSA, semelle antiperforation, embout d'aluminium, pareshok, pour homme","robots":{"index":"index","follow":"follow","max-snippet":"max-snippet:-1","max-image-preview":"max-image-preview:large","max-video-preview":"max-video-preview:-1"},"canonical":"https:\/\/autravail.ca\/en\/product\/soulier-de-travail-rush-701rs\/","og_locale":"en_US","og_type":"article","og_title":"Soulier de travail Rush - 701RS - Le Magasin Industriel","og_description":"Soulier de travail Rush - 701RS, espadrilles approuv\u00e9 CSA, semelle antiperforation, embout d'aluminium, pareshok, pour homme","og_url":"https:\/\/autravail.ca\/en\/product\/soulier-de-travail-rush-701rs\/","og_site_name":"Le Magasin Industriel","article_publisher":"https:\/\/www.facebook.com\/lemagasinindustriel\/?locale=fr_FR","article_modified_time":"2026-03-30T14:24:10+00:00","og_image":[{"width":1000,"height":1000,"url":"https:\/\/autravail.ca\/wp-content\/uploads\/2026\/03\/701RS_A01.jpg","type":"image\/jpeg"}],"twitter_card":"summary_large_image","twitter_misc":{"Est. reading time":"2 minutes"},"schema":{"@context":"https:\/\/schema.org","@graph":[{"@type":"WebPage","@id":"https:\/\/autravail.ca\/product\/soulier-de-travail-rush-701rs\/","url":"https:\/\/autravail.ca\/product\/soulier-de-travail-rush-701rs\/","name":"Soulier de travail Rush - 701RS - Le Magasin Industriel","isPartOf":{"@id":"https:\/\/autravail.ca\/#website"},"primaryImageOfPage":{"@id":"https:\/\/autravail.ca\/product\/soulier-de-travail-rush-701rs\/#primaryimage"},"image":{"@id":"https:\/\/autravail.ca\/product\/soulier-de-travail-rush-701rs\/#primaryimage"},"thumbnailUrl":"https:\/\/autravail.ca\/wp-content\/uploads\/2026\/03\/701RS_A01.jpg","datePublished":"2026-03-30T14:21:54+00:00","dateModified":"2026-03-30T14:24:10+00:00","description":"Soulier de travail Rush - 701RS, espadrilles approuv\u00e9 CSA, semelle antiperforation, embout d'aluminium, pareshok, pour homme","breadcrumb":{"@id":"https:\/\/autravail.ca\/product\/soulier-de-travail-rush-701rs\/#breadcrumb"},"inLanguage":"en-CA","potentialAction":[{"@type":"ReadAction","target":["https:\/\/autravail.ca\/product\/soulier-de-travail-rush-701rs\/"]}]},{"@type":"ImageObject","inLanguage":"en-CA","@id":"https:\/\/autravail.ca\/product\/soulier-de-travail-rush-701rs\/#primaryimage","url":"https:\/\/autravail.ca\/wp-content\/uploads\/2026\/03\/701RS_A01.jpg","contentUrl":"https:\/\/autravail.ca\/wp-content\/uploads\/2026\/03\/701RS_A01.jpg","width":1000,"height":1000,"caption":"Soulier de travail Rush - 701RS"},{"@type":"BreadcrumbList","@id":"https:\/\/autravail.ca\/product\/soulier-de-travail-rush-701rs\/#breadcrumb","itemListElement":[{"@type":"ListItem","position":1,"name":"Accueil","item":"https:\/\/autravail.ca\/"},{"@type":"ListItem","position":2,"name":"Magasin","item":"https:\/\/autravail.ca\/en\/shop\/"},{"@type":"ListItem","position":3,"name":"Soulier de travail Rush &#8211; 701RS"}]},{"@type":"WebSite","@id":"https:\/\/autravail.ca\/#website","url":"https:\/\/autravail.ca\/","name":"Le Magasin Industriel","description":"50 ans de tradition de s\u00e9curit\u00e9 au travail","publisher":{"@id":"https:\/\/autravail.ca\/#organization"},"potentialAction":[{"@type":"SearchAction","target":{"@type":"EntryPoint","urlTemplate":"https:\/\/autravail.ca\/?s={search_term_string}"},"query-input":{"@type":"PropertyValueSpecification","valueRequired":true,"valueName":"search_term_string"}}],"inLanguage":"en-CA"},{"@type":"Organization","@id":"https:\/\/autravail.ca\/#organization","name":"Le Magasin Industriel","url":"https:\/\/autravail.ca\/","logo":{"@type":"ImageObject","inLanguage":"en-CA","@id":"https:\/\/autravail.ca\/#\/schema\/logo\/image\/","url":"https:\/\/autravail.ca\/wp-content\/uploads\/2025\/05\/cropped-magasin_industriel_120x.avif","contentUrl":"https:\/\/autravail.ca\/wp-content\/uploads\/2025\/05\/cropped-magasin_industriel_120x.avif","width":120,"height":24,"caption":"Le Magasin Industriel"},"image":{"@id":"https:\/\/autravail.ca\/#\/schema\/logo\/image\/"},"sameAs":["https:\/\/www.facebook.com\/lemagasinindustriel\/?locale=fr_FR"]}]}},"jetpack_sharing_enabled":true,"_links":{"self":[{"href":"https:\/\/autravail.ca\/en\/wp-json\/wp\/v2\/product\/46333","targetHints":{"allow":["GET"]}}],"collection":[{"href":"https:\/\/autravail.ca\/en\/wp-json\/wp\/v2\/product"}],"about":[{"href":"https:\/\/autravail.ca\/en\/wp-json\/wp\/v2\/types\/product"}],"replies":[{"embeddable":true,"href":"https:\/\/autravail.ca\/en\/wp-json\/wp\/v2\/comments?post=46333"}],"wp:featuredmedia":[{"embeddable":true,"href":"https:\/\/autravail.ca\/en\/wp-json\/wp\/v2\/media\/46334"}],"wp:attachment":[{"href":"https:\/\/autravail.ca\/en\/wp-json\/wp\/v2\/media?parent=46333"}],"wp:term":[{"taxonomy":"product_cat","embeddable":true,"href":"https:\/\/autravail.ca\/en\/wp-json\/wp\/v2\/product_cat?post=46333"},{"taxonomy":"product_tag","embeddable":true,"href":"https:\/\/autravail.ca\/en\/wp-json\/wp\/v2\/product_tag?post=46333"}],"curies":[{"name":"wp","href":"https:\/\/api.w.org\/{rel}","templated":true}]}}