{"id":45686,"date":"2026-03-12T15:59:53","date_gmt":"2026-03-12T19:59:53","guid":{"rendered":"https:\/\/autravail.ca\/?post_type=product&#038;p=45686"},"modified":"2026-03-14T11:24:02","modified_gmt":"2026-03-14T15:24:02","slug":"pantalon-de-travail-sol-aupas","status":"publish","type":"product","link":"https:\/\/autravail.ca\/en\/product\/pantalon-de-travail-sol-aupas\/","title":{"rendered":"Pantalon de travail &#8211; SOL-AUPAS"},"content":{"rendered":"<h3>Pantalon de travail &#8211; SOL-AUPAS<\/h3>\n<p>Pantalon de travail &#8211; SOL-AUPAS de Solidur est un pantalon de protection scie \u00e0 cha\u00eene AUTHENTIC classe 1 Design A 20 m\/s offrira une bonne protection lors de votre b\u00fbcheronnage. Id\u00e9al pour les \u00e9mondeurs, les arboriculteurs et les travailleurs du domaine forestier, ces pantalons assureront votre s\u00e9curit\u00e9. Sa doublure extensible, son tissu d\u00e9perlant, sa bavette enveloppante et ses 5 couches de protection permettent d\u2019obtenir un pantalon l\u00e9ger et confortable au quotidien.<\/p>\n<h6>Principaux avantages<\/h6>\n<h6>Composition :<\/h6>\n<p>Tissu principal : Serg\u00e9 100% Polyester recycl\u00e9 180g\/m\u00b2 ; Doublure : Mesh 100% Polyester 55g\/m\u00b2 ; Protection : 100% Polyester 160g\/m\u00b2.<\/p>\n<h6>Protection renforc\u00e9e :<\/h6>\n<p>Le pantalon AUTHENTIC prot\u00e8ge de mani\u00e8re optimale contre les risques de coupures de scie \u00e0 cha\u00eene, gr\u00e2ce \u00e0 ses 5 couches de protection.<\/p>\n<h6>Conception ergonomique :<\/h6>\n<p>Gr\u00e2ce \u00e0 sa doublure extensible, sa taille \u00e9lastiqu\u00e9e, son tissu d\u00e9perlant, son \u00e9lastique de serrage anti-tiques, le pantalon est tr\u00e8s pratique et conviendra aux professionnels qui recherchent une protection renforc\u00e9e.<\/p>\n<h6>Informations compl\u00e9mentaires<\/h6>\n<h6>Domaine d\u2019activit\u00e9 (m\u00e9tiers) :<\/h6>\n<p>Le pantalon AUTHENTIC est con\u00e7u pour r\u00e9pondre besoins des professionnels du b\u00fbcheronnage, de l\u2019abattage, de l\u2019\u00e9lagage, du paysagisme, du jardinage. Il propose une protection renforc\u00e9e, dans les m\u00e9tiers o\u00f9 la scie \u00e0 cha\u00eene est utilis\u00e9e.<\/p>\n<h6>Sp\u00e9cifications techniques<\/h6>\n<h6>Design A :<\/h6>\n<p>Protection couvrant les jambes sur 180\u00b0, avec une zone de 5cm suppl\u00e9mentaires sur chaque jambe.<\/p>\n<h6>Classe 1 :<\/h6>\n<p>Protection pour une vitesse de cha\u00eene allant jusqu\u2019\u00e0 20m\/s.<\/p>\n<h6>Normes<\/h6>\n<h6>EN ISO 11393-2 : 2019 CLASSE 1 DESIGN A<\/h6>\n<p><img decoding=\"async\" class=\"alignnone wp-image-40620\" src=\"https:\/\/autravail.ca\/wp-content\/uploads\/2025\/09\/Jachete-quebec-et-canada.jpg\" alt=\"Logo de l'achat local\" width=\"162\" height=\"139\" \/>Merci d&rsquo;encourager une entreprise 100% d&rsquo;ici!<\/p>\n<p>TS2603H<\/p>","protected":false},"excerpt":{"rendered":"<p>Pantalon de travail &#8211; SOL-AUPAS Pantalon de travail &#8211; SOL-AUPAS de Solidur est un pantalon de protection scie \u00e0 cha\u00eene AUTHENTIC classe 1 Design A 20 m\/s offrira une bonne protection lors de votre b\u00fbcheronnage. Id\u00e9al pour les \u00e9mondeurs, les arboriculteurs et les travailleurs du domaine forestier, ces pantalons assureront votre s\u00e9curit\u00e9. Sa doublure extensible, [&hellip;]<\/p>","protected":false},"featured_media":45687,"comment_status":"open","ping_status":"closed","template":"","meta":[],"product_cat":[602,665,604],"product_tag":[242,243],"class_list":{"0":"post-45686","1":"product","2":"type-product","3":"status-publish","4":"has-post-thumbnail","6":"product_brand-solidur","7":"product_cat-hommes","8":"product_cat-pantalons","9":"product_cat-vetements-de-travail","10":"product_tag-homme","11":"product_tag-pantalons","13":"first","14":"instock","15":"taxable","16":"shipping-taxable","17":"purchasable","18":"product-type-variable"},"yoast_head":"<!-- This site is optimized with the Yoast SEO plugin v25.3.1 - https:\/\/yoast.com\/wordpress\/plugins\/seo\/ -->\n<title>Pantalon de travail - SOL-AUPAS - Le Magasin Industriel<\/title>\n<meta name=\"description\" content=\"Pantalon de travail - SOL-AUPAS de protection scie \u00e0 cha\u00eene AUTHENTIC classe 1 Design A 20 m\/s offrira une bonne protection lors de votre b\u00fbcheronnage.\" \/>\n<meta name=\"robots\" content=\"index, follow, max-snippet:-1, max-image-preview:large, max-video-preview:-1\" \/>\n<link rel=\"canonical\" href=\"https:\/\/autravail.ca\/en\/product\/pantalon-de-travail-sol-aupas\/\" \/>\n<meta property=\"og:locale\" content=\"en_US\" \/>\n<meta property=\"og:type\" content=\"article\" \/>\n<meta property=\"og:title\" content=\"Pantalon de travail - SOL-AUPAS - Le Magasin Industriel\" \/>\n<meta property=\"og:description\" content=\"Pantalon de travail - SOL-AUPAS de protection scie \u00e0 cha\u00eene AUTHENTIC classe 1 Design A 20 m\/s offrira une bonne protection lors de votre b\u00fbcheronnage.\" \/>\n<meta property=\"og:url\" content=\"https:\/\/autravail.ca\/en\/product\/pantalon-de-travail-sol-aupas\/\" \/>\n<meta property=\"og:site_name\" content=\"Le Magasin Industriel\" \/>\n<meta property=\"article:publisher\" content=\"https:\/\/www.facebook.com\/lemagasinindustriel\/?locale=fr_FR\" \/>\n<meta property=\"article:modified_time\" content=\"2026-03-14T15:24:02+00:00\" \/>\n<meta property=\"og:image\" content=\"https:\/\/autravail.ca\/wp-content\/uploads\/2026\/03\/SOL-AUPAS_A02.jpg\" \/>\n\t<meta property=\"og:image:width\" content=\"1000\" \/>\n\t<meta property=\"og:image:height\" content=\"1000\" \/>\n\t<meta property=\"og:image:type\" content=\"image\/jpeg\" \/>\n<meta name=\"twitter:card\" content=\"summary_large_image\" \/>\n<meta name=\"twitter:label1\" content=\"Est. reading time\" \/>\n\t<meta name=\"twitter:data1\" content=\"2 minutes\" \/>\n<script type=\"application\/ld+json\" class=\"yoast-schema-graph\">{\"@context\":\"https:\/\/schema.org\",\"@graph\":[{\"@type\":\"WebPage\",\"@id\":\"https:\/\/autravail.ca\/product\/pantalon-de-travail-sol-aupas\/\",\"url\":\"https:\/\/autravail.ca\/product\/pantalon-de-travail-sol-aupas\/\",\"name\":\"Pantalon de travail - SOL-AUPAS - Le Magasin Industriel\",\"isPartOf\":{\"@id\":\"https:\/\/autravail.ca\/#website\"},\"primaryImageOfPage\":{\"@id\":\"https:\/\/autravail.ca\/product\/pantalon-de-travail-sol-aupas\/#primaryimage\"},\"image\":{\"@id\":\"https:\/\/autravail.ca\/product\/pantalon-de-travail-sol-aupas\/#primaryimage\"},\"thumbnailUrl\":\"https:\/\/autravail.ca\/wp-content\/uploads\/2026\/03\/SOL-AUPAS_A02.jpg\",\"datePublished\":\"2026-03-12T19:59:53+00:00\",\"dateModified\":\"2026-03-14T15:24:02+00:00\",\"description\":\"Pantalon de travail - SOL-AUPAS de protection scie \u00e0 cha\u00eene AUTHENTIC classe 1 Design A 20 m\/s offrira une bonne protection lors de votre b\u00fbcheronnage.\",\"breadcrumb\":{\"@id\":\"https:\/\/autravail.ca\/product\/pantalon-de-travail-sol-aupas\/#breadcrumb\"},\"inLanguage\":\"en-CA\",\"potentialAction\":[{\"@type\":\"ReadAction\",\"target\":[\"https:\/\/autravail.ca\/product\/pantalon-de-travail-sol-aupas\/\"]}]},{\"@type\":\"ImageObject\",\"inLanguage\":\"en-CA\",\"@id\":\"https:\/\/autravail.ca\/product\/pantalon-de-travail-sol-aupas\/#primaryimage\",\"url\":\"https:\/\/autravail.ca\/wp-content\/uploads\/2026\/03\/SOL-AUPAS_A02.jpg\",\"contentUrl\":\"https:\/\/autravail.ca\/wp-content\/uploads\/2026\/03\/SOL-AUPAS_A02.jpg\",\"width\":1000,\"height\":1000,\"caption\":\"Pantalon de travail - SOL-AUPAS\"},{\"@type\":\"BreadcrumbList\",\"@id\":\"https:\/\/autravail.ca\/product\/pantalon-de-travail-sol-aupas\/#breadcrumb\",\"itemListElement\":[{\"@type\":\"ListItem\",\"position\":1,\"name\":\"Accueil\",\"item\":\"https:\/\/autravail.ca\/\"},{\"@type\":\"ListItem\",\"position\":2,\"name\":\"Magasin\",\"item\":\"https:\/\/autravail.ca\/en\/shop\/\"},{\"@type\":\"ListItem\",\"position\":3,\"name\":\"Pantalon de travail &#8211; SOL-AUPAS\"}]},{\"@type\":\"WebSite\",\"@id\":\"https:\/\/autravail.ca\/#website\",\"url\":\"https:\/\/autravail.ca\/\",\"name\":\"Le Magasin Industriel\",\"description\":\"50 ans de tradition de s\u00e9curit\u00e9 au travail\",\"publisher\":{\"@id\":\"https:\/\/autravail.ca\/#organization\"},\"potentialAction\":[{\"@type\":\"SearchAction\",\"target\":{\"@type\":\"EntryPoint\",\"urlTemplate\":\"https:\/\/autravail.ca\/?s={search_term_string}\"},\"query-input\":{\"@type\":\"PropertyValueSpecification\",\"valueRequired\":true,\"valueName\":\"search_term_string\"}}],\"inLanguage\":\"en-CA\"},{\"@type\":\"Organization\",\"@id\":\"https:\/\/autravail.ca\/#organization\",\"name\":\"Le Magasin Industriel\",\"url\":\"https:\/\/autravail.ca\/\",\"logo\":{\"@type\":\"ImageObject\",\"inLanguage\":\"en-CA\",\"@id\":\"https:\/\/autravail.ca\/#\/schema\/logo\/image\/\",\"url\":\"https:\/\/autravail.ca\/wp-content\/uploads\/2025\/05\/cropped-magasin_industriel_120x.avif\",\"contentUrl\":\"https:\/\/autravail.ca\/wp-content\/uploads\/2025\/05\/cropped-magasin_industriel_120x.avif\",\"width\":120,\"height\":24,\"caption\":\"Le Magasin Industriel\"},\"image\":{\"@id\":\"https:\/\/autravail.ca\/#\/schema\/logo\/image\/\"},\"sameAs\":[\"https:\/\/www.facebook.com\/lemagasinindustriel\/?locale=fr_FR\"]}]}<\/script>\n<!-- \/ Yoast SEO plugin. -->","yoast_head_json":{"title":"Pantalon de travail - SOL-AUPAS - Le Magasin Industriel","description":"Pantalon de travail - SOL-AUPAS de protection scie \u00e0 cha\u00eene AUTHENTIC classe 1 Design A 20 m\/s offrira une bonne protection lors de votre b\u00fbcheronnage.","robots":{"index":"index","follow":"follow","max-snippet":"max-snippet:-1","max-image-preview":"max-image-preview:large","max-video-preview":"max-video-preview:-1"},"canonical":"https:\/\/autravail.ca\/en\/product\/pantalon-de-travail-sol-aupas\/","og_locale":"en_US","og_type":"article","og_title":"Pantalon de travail - SOL-AUPAS - Le Magasin Industriel","og_description":"Pantalon de travail - SOL-AUPAS de protection scie \u00e0 cha\u00eene AUTHENTIC classe 1 Design A 20 m\/s offrira une bonne protection lors de votre b\u00fbcheronnage.","og_url":"https:\/\/autravail.ca\/en\/product\/pantalon-de-travail-sol-aupas\/","og_site_name":"Le Magasin Industriel","article_publisher":"https:\/\/www.facebook.com\/lemagasinindustriel\/?locale=fr_FR","article_modified_time":"2026-03-14T15:24:02+00:00","og_image":[{"width":1000,"height":1000,"url":"https:\/\/autravail.ca\/wp-content\/uploads\/2026\/03\/SOL-AUPAS_A02.jpg","type":"image\/jpeg"}],"twitter_card":"summary_large_image","twitter_misc":{"Est. reading time":"2 minutes"},"schema":{"@context":"https:\/\/schema.org","@graph":[{"@type":"WebPage","@id":"https:\/\/autravail.ca\/product\/pantalon-de-travail-sol-aupas\/","url":"https:\/\/autravail.ca\/product\/pantalon-de-travail-sol-aupas\/","name":"Pantalon de travail - SOL-AUPAS - Le Magasin Industriel","isPartOf":{"@id":"https:\/\/autravail.ca\/#website"},"primaryImageOfPage":{"@id":"https:\/\/autravail.ca\/product\/pantalon-de-travail-sol-aupas\/#primaryimage"},"image":{"@id":"https:\/\/autravail.ca\/product\/pantalon-de-travail-sol-aupas\/#primaryimage"},"thumbnailUrl":"https:\/\/autravail.ca\/wp-content\/uploads\/2026\/03\/SOL-AUPAS_A02.jpg","datePublished":"2026-03-12T19:59:53+00:00","dateModified":"2026-03-14T15:24:02+00:00","description":"Pantalon de travail - SOL-AUPAS de protection scie \u00e0 cha\u00eene AUTHENTIC classe 1 Design A 20 m\/s offrira une bonne protection lors de votre b\u00fbcheronnage.","breadcrumb":{"@id":"https:\/\/autravail.ca\/product\/pantalon-de-travail-sol-aupas\/#breadcrumb"},"inLanguage":"en-CA","potentialAction":[{"@type":"ReadAction","target":["https:\/\/autravail.ca\/product\/pantalon-de-travail-sol-aupas\/"]}]},{"@type":"ImageObject","inLanguage":"en-CA","@id":"https:\/\/autravail.ca\/product\/pantalon-de-travail-sol-aupas\/#primaryimage","url":"https:\/\/autravail.ca\/wp-content\/uploads\/2026\/03\/SOL-AUPAS_A02.jpg","contentUrl":"https:\/\/autravail.ca\/wp-content\/uploads\/2026\/03\/SOL-AUPAS_A02.jpg","width":1000,"height":1000,"caption":"Pantalon de travail - SOL-AUPAS"},{"@type":"BreadcrumbList","@id":"https:\/\/autravail.ca\/product\/pantalon-de-travail-sol-aupas\/#breadcrumb","itemListElement":[{"@type":"ListItem","position":1,"name":"Accueil","item":"https:\/\/autravail.ca\/"},{"@type":"ListItem","position":2,"name":"Magasin","item":"https:\/\/autravail.ca\/en\/shop\/"},{"@type":"ListItem","position":3,"name":"Pantalon de travail &#8211; SOL-AUPAS"}]},{"@type":"WebSite","@id":"https:\/\/autravail.ca\/#website","url":"https:\/\/autravail.ca\/","name":"Le Magasin Industriel","description":"50 ans de tradition de s\u00e9curit\u00e9 au travail","publisher":{"@id":"https:\/\/autravail.ca\/#organization"},"potentialAction":[{"@type":"SearchAction","target":{"@type":"EntryPoint","urlTemplate":"https:\/\/autravail.ca\/?s={search_term_string}"},"query-input":{"@type":"PropertyValueSpecification","valueRequired":true,"valueName":"search_term_string"}}],"inLanguage":"en-CA"},{"@type":"Organization","@id":"https:\/\/autravail.ca\/#organization","name":"Le Magasin Industriel","url":"https:\/\/autravail.ca\/","logo":{"@type":"ImageObject","inLanguage":"en-CA","@id":"https:\/\/autravail.ca\/#\/schema\/logo\/image\/","url":"https:\/\/autravail.ca\/wp-content\/uploads\/2025\/05\/cropped-magasin_industriel_120x.avif","contentUrl":"https:\/\/autravail.ca\/wp-content\/uploads\/2025\/05\/cropped-magasin_industriel_120x.avif","width":120,"height":24,"caption":"Le Magasin Industriel"},"image":{"@id":"https:\/\/autravail.ca\/#\/schema\/logo\/image\/"},"sameAs":["https:\/\/www.facebook.com\/lemagasinindustriel\/?locale=fr_FR"]}]}},"jetpack_sharing_enabled":true,"_links":{"self":[{"href":"https:\/\/autravail.ca\/en\/wp-json\/wp\/v2\/product\/45686","targetHints":{"allow":["GET"]}}],"collection":[{"href":"https:\/\/autravail.ca\/en\/wp-json\/wp\/v2\/product"}],"about":[{"href":"https:\/\/autravail.ca\/en\/wp-json\/wp\/v2\/types\/product"}],"replies":[{"embeddable":true,"href":"https:\/\/autravail.ca\/en\/wp-json\/wp\/v2\/comments?post=45686"}],"wp:featuredmedia":[{"embeddable":true,"href":"https:\/\/autravail.ca\/en\/wp-json\/wp\/v2\/media\/45687"}],"wp:attachment":[{"href":"https:\/\/autravail.ca\/en\/wp-json\/wp\/v2\/media?parent=45686"}],"wp:term":[{"taxonomy":"product_cat","embeddable":true,"href":"https:\/\/autravail.ca\/en\/wp-json\/wp\/v2\/product_cat?post=45686"},{"taxonomy":"product_tag","embeddable":true,"href":"https:\/\/autravail.ca\/en\/wp-json\/wp\/v2\/product_tag?post=45686"}],"curies":[{"name":"wp","href":"https:\/\/api.w.org\/{rel}","templated":true}]}}