{"id":45678,"date":"2026-03-12T15:42:43","date_gmt":"2026-03-12T19:42:43","guid":{"rendered":"https:\/\/autravail.ca\/?post_type=product&#038;p=45678"},"modified":"2026-03-14T11:26:34","modified_gmt":"2026-03-14T15:26:34","slug":"jambiere-authentic-sol-auja","status":"publish","type":"product","link":"https:\/\/autravail.ca\/en\/product\/jambiere-authentic-sol-auja\/","title":{"rendered":"Jambi\u00e8re Authentic &#8211; SOL-AUJA"},"content":{"rendered":"<h3>Jambi\u00e8re Authentic &#8211; SOL-AUJA<\/h3>\n<p>Jambi\u00e8re Authentic &#8211; SOL-AUJA de <a href=\"https:\/\/autravail.ca\/en\/product-brand\/solidur\/\">Solidur<\/a> Ces jambi\u00e8res se portent par-dessus un pantalon de travail afin de prot\u00e9ger des risques de coupure lors de l&rsquo;utilisation de scie \u00e0 cha\u00eene. Id\u00e9al pour les \u00e9mondeurs, les arboriculteurs et les travailleurs du domaine forestier, ces pantalons assureront votre s\u00e9curit\u00e9. Faciles \u00e0 enfiler, elles disposent d&rsquo;une attache rapide et de fermeture zipp\u00e9e en ouverture totale sur chaque jambe. Leurs double zips permettent de r\u00e9tr\u00e9cir ou agrandir la largeur \u00e0 tous les utilisateurs. D\u00e9perlantes, l\u00e9g\u00e8res et extensibles ces jambi\u00e8res assurent protection et confort aux forestiers, \u00e9lagueurs et b\u00fbcherons.<\/p>\n<p>Fabriqu\u00e9e en polyester gris et orange trait\u00e9 hydrofuge, la jambi\u00e8re offre une forte visibilit\u00e9 \u00e0 l&rsquo;avant et \u00e0 l&rsquo;arri\u00e8re, assurant une s\u00e9curit\u00e9 suppl\u00e9mentaire dans des environnements potentiellement dangereux.<\/p>\n<h6>Composition :<\/h6>\n<p>Tissu principal : Serg\u00e9 100% Polyester recycl\u00e9 180g\/m\u00b2 ; Doublure : Mesh 100% Polyester 55g\/m\u00b2 ; Protection : 5 couches de 100% Polyester 160g\/m\u00b2.<\/p>\n<h6>Protection renforc\u00e9e 5 couches :<\/h6>\n<p>Les jambi\u00e8res Authentic offrent une protection maximale de cinq couches contre le risque de coupure pendant l\u2019utilisation de scies \u00e0 cha\u00eenes.<\/p>\n<h6>Informations compl\u00e9mentaires<\/h6>\n<h6>Domaine d\u2019activit\u00e9 (m\u00e9tiers) :<\/h6>\n<p>Les jambi\u00e8res sont particuli\u00e8rement destin\u00e9es aux b\u00fbcherons, \u00e9lagueurs, forestiers, paysagistes, jardiniers, ou encore \u00e0 tous les m\u00e9tiers o\u00f9 le risque m\u00e9canique est pr\u00e9sent et n\u00e9cessite une protection renforc\u00e9e pour les jambes.<\/p>\n<p>Protection couvrant les jambes sur 180\u00b0, avec une zone de 5cm suppl\u00e9mentaires sur chaque jambe.<\/p>\n<p>Classe 1 :<\/p>\n<p>Protection pour une vitesse de cha\u00eene allant jusqu\u2019\u00e0 20m\/s.<\/p>\n<p><img decoding=\"async\" class=\"alignnone wp-image-40620\" src=\"https:\/\/autravail.ca\/wp-content\/uploads\/2025\/09\/Jachete-quebec-et-canada.jpg\" alt=\"Logo de l'achat local\" width=\"162\" height=\"139\" \/>Merci d&rsquo;encourager une entreprise 100% d&rsquo;ici!<\/p>\n<p>TS2603H<\/p>","protected":false},"excerpt":{"rendered":"<p>Jambi\u00e8re Authentic &#8211; SOL-AUJA Jambi\u00e8re Authentic &#8211; SOL-AUJA de Solidur Ces jambi\u00e8res se portent par-dessus un pantalon de travail afin de prot\u00e9ger des risques de coupure lors de l&rsquo;utilisation de scie \u00e0 cha\u00eene. Id\u00e9al pour les \u00e9mondeurs, les arboriculteurs et les travailleurs du domaine forestier, ces pantalons assureront votre s\u00e9curit\u00e9. Faciles \u00e0 enfiler, elles disposent [&hellip;]<\/p>","protected":false},"featured_media":45679,"comment_status":"open","ping_status":"closed","template":"","meta":[],"product_cat":[665],"product_tag":[255,242,243],"class_list":{"0":"post-45678","1":"product","2":"type-product","3":"status-publish","4":"has-post-thumbnail","6":"product_brand-solidur","7":"product_cat-pantalons","8":"product_tag-femme","9":"product_tag-homme","10":"product_tag-pantalons","12":"first","13":"instock","14":"taxable","15":"shipping-taxable","16":"purchasable","17":"product-type-variable"},"yoast_head":"<!-- This site is optimized with the Yoast SEO plugin v25.3.1 - https:\/\/yoast.com\/wordpress\/plugins\/seo\/ -->\n<title>Jambi\u00e8re Authentic - SOL-AUJA - Le Magasin Industriel<\/title>\n<meta name=\"description\" content=\"Jambi\u00e8re Authentic - SOL-AUJA Classe 1 de Solidur est con\u00e7ue pour offrir une protection optimale aux arboriculteurs, \u00e9lagueurs et forestiers\" \/>\n<meta name=\"robots\" content=\"index, follow, max-snippet:-1, max-image-preview:large, max-video-preview:-1\" \/>\n<link rel=\"canonical\" href=\"https:\/\/autravail.ca\/en\/product\/jambiere-authentic-sol-auja\/\" \/>\n<meta property=\"og:locale\" content=\"en_US\" \/>\n<meta property=\"og:type\" content=\"article\" \/>\n<meta property=\"og:title\" content=\"Jambi\u00e8re Authentic - SOL-AUJA - Le Magasin Industriel\" \/>\n<meta property=\"og:description\" content=\"Jambi\u00e8re Authentic - SOL-AUJA Classe 1 de Solidur est con\u00e7ue pour offrir une protection optimale aux arboriculteurs, \u00e9lagueurs et forestiers\" \/>\n<meta property=\"og:url\" content=\"https:\/\/autravail.ca\/en\/product\/jambiere-authentic-sol-auja\/\" \/>\n<meta property=\"og:site_name\" content=\"Le Magasin Industriel\" \/>\n<meta property=\"article:publisher\" content=\"https:\/\/www.facebook.com\/lemagasinindustriel\/?locale=fr_FR\" \/>\n<meta property=\"article:modified_time\" content=\"2026-03-14T15:26:34+00:00\" \/>\n<meta property=\"og:image\" content=\"https:\/\/autravail.ca\/wp-content\/uploads\/2026\/03\/Sol-AUJA_A01.jpg\" \/>\n\t<meta property=\"og:image:width\" content=\"1000\" \/>\n\t<meta property=\"og:image:height\" content=\"1000\" \/>\n\t<meta property=\"og:image:type\" content=\"image\/jpeg\" \/>\n<meta name=\"twitter:card\" content=\"summary_large_image\" \/>\n<meta name=\"twitter:label1\" content=\"Est. reading time\" \/>\n\t<meta name=\"twitter:data1\" content=\"2 minutes\" \/>\n<script type=\"application\/ld+json\" class=\"yoast-schema-graph\">{\"@context\":\"https:\/\/schema.org\",\"@graph\":[{\"@type\":\"WebPage\",\"@id\":\"https:\/\/autravail.ca\/product\/jambiere-authentic-sol-auja\/\",\"url\":\"https:\/\/autravail.ca\/product\/jambiere-authentic-sol-auja\/\",\"name\":\"Jambi\u00e8re Authentic - SOL-AUJA - Le Magasin Industriel\",\"isPartOf\":{\"@id\":\"https:\/\/autravail.ca\/#website\"},\"primaryImageOfPage\":{\"@id\":\"https:\/\/autravail.ca\/product\/jambiere-authentic-sol-auja\/#primaryimage\"},\"image\":{\"@id\":\"https:\/\/autravail.ca\/product\/jambiere-authentic-sol-auja\/#primaryimage\"},\"thumbnailUrl\":\"https:\/\/autravail.ca\/wp-content\/uploads\/2026\/03\/Sol-AUJA_A01.jpg\",\"datePublished\":\"2026-03-12T19:42:43+00:00\",\"dateModified\":\"2026-03-14T15:26:34+00:00\",\"description\":\"Jambi\u00e8re Authentic - SOL-AUJA Classe 1 de Solidur est con\u00e7ue pour offrir une protection optimale aux arboriculteurs, \u00e9lagueurs et forestiers\",\"breadcrumb\":{\"@id\":\"https:\/\/autravail.ca\/product\/jambiere-authentic-sol-auja\/#breadcrumb\"},\"inLanguage\":\"en-CA\",\"potentialAction\":[{\"@type\":\"ReadAction\",\"target\":[\"https:\/\/autravail.ca\/product\/jambiere-authentic-sol-auja\/\"]}]},{\"@type\":\"ImageObject\",\"inLanguage\":\"en-CA\",\"@id\":\"https:\/\/autravail.ca\/product\/jambiere-authentic-sol-auja\/#primaryimage\",\"url\":\"https:\/\/autravail.ca\/wp-content\/uploads\/2026\/03\/Sol-AUJA_A01.jpg\",\"contentUrl\":\"https:\/\/autravail.ca\/wp-content\/uploads\/2026\/03\/Sol-AUJA_A01.jpg\",\"width\":1000,\"height\":1000,\"caption\":\"Jambi\u00e8re Authentic - SOL-AUJA\"},{\"@type\":\"BreadcrumbList\",\"@id\":\"https:\/\/autravail.ca\/product\/jambiere-authentic-sol-auja\/#breadcrumb\",\"itemListElement\":[{\"@type\":\"ListItem\",\"position\":1,\"name\":\"Accueil\",\"item\":\"https:\/\/autravail.ca\/\"},{\"@type\":\"ListItem\",\"position\":2,\"name\":\"Magasin\",\"item\":\"https:\/\/autravail.ca\/en\/shop\/\"},{\"@type\":\"ListItem\",\"position\":3,\"name\":\"Jambi\u00e8re Authentic &#8211; SOL-AUJA\"}]},{\"@type\":\"WebSite\",\"@id\":\"https:\/\/autravail.ca\/#website\",\"url\":\"https:\/\/autravail.ca\/\",\"name\":\"Le Magasin Industriel\",\"description\":\"50 ans de tradition de s\u00e9curit\u00e9 au travail\",\"publisher\":{\"@id\":\"https:\/\/autravail.ca\/#organization\"},\"potentialAction\":[{\"@type\":\"SearchAction\",\"target\":{\"@type\":\"EntryPoint\",\"urlTemplate\":\"https:\/\/autravail.ca\/?s={search_term_string}\"},\"query-input\":{\"@type\":\"PropertyValueSpecification\",\"valueRequired\":true,\"valueName\":\"search_term_string\"}}],\"inLanguage\":\"en-CA\"},{\"@type\":\"Organization\",\"@id\":\"https:\/\/autravail.ca\/#organization\",\"name\":\"Le Magasin Industriel\",\"url\":\"https:\/\/autravail.ca\/\",\"logo\":{\"@type\":\"ImageObject\",\"inLanguage\":\"en-CA\",\"@id\":\"https:\/\/autravail.ca\/#\/schema\/logo\/image\/\",\"url\":\"https:\/\/autravail.ca\/wp-content\/uploads\/2025\/05\/cropped-magasin_industriel_120x.avif\",\"contentUrl\":\"https:\/\/autravail.ca\/wp-content\/uploads\/2025\/05\/cropped-magasin_industriel_120x.avif\",\"width\":120,\"height\":24,\"caption\":\"Le Magasin Industriel\"},\"image\":{\"@id\":\"https:\/\/autravail.ca\/#\/schema\/logo\/image\/\"},\"sameAs\":[\"https:\/\/www.facebook.com\/lemagasinindustriel\/?locale=fr_FR\"]}]}<\/script>\n<!-- \/ Yoast SEO plugin. -->","yoast_head_json":{"title":"Jambi\u00e8re Authentic - SOL-AUJA - Le Magasin Industriel","description":"Jambi\u00e8re Authentic - SOL-AUJA Classe 1 de Solidur est con\u00e7ue pour offrir une protection optimale aux arboriculteurs, \u00e9lagueurs et forestiers","robots":{"index":"index","follow":"follow","max-snippet":"max-snippet:-1","max-image-preview":"max-image-preview:large","max-video-preview":"max-video-preview:-1"},"canonical":"https:\/\/autravail.ca\/en\/product\/jambiere-authentic-sol-auja\/","og_locale":"en_US","og_type":"article","og_title":"Jambi\u00e8re Authentic - SOL-AUJA - Le Magasin Industriel","og_description":"Jambi\u00e8re Authentic - SOL-AUJA Classe 1 de Solidur est con\u00e7ue pour offrir une protection optimale aux arboriculteurs, \u00e9lagueurs et forestiers","og_url":"https:\/\/autravail.ca\/en\/product\/jambiere-authentic-sol-auja\/","og_site_name":"Le Magasin Industriel","article_publisher":"https:\/\/www.facebook.com\/lemagasinindustriel\/?locale=fr_FR","article_modified_time":"2026-03-14T15:26:34+00:00","og_image":[{"width":1000,"height":1000,"url":"https:\/\/autravail.ca\/wp-content\/uploads\/2026\/03\/Sol-AUJA_A01.jpg","type":"image\/jpeg"}],"twitter_card":"summary_large_image","twitter_misc":{"Est. reading time":"2 minutes"},"schema":{"@context":"https:\/\/schema.org","@graph":[{"@type":"WebPage","@id":"https:\/\/autravail.ca\/product\/jambiere-authentic-sol-auja\/","url":"https:\/\/autravail.ca\/product\/jambiere-authentic-sol-auja\/","name":"Jambi\u00e8re Authentic - SOL-AUJA - Le Magasin Industriel","isPartOf":{"@id":"https:\/\/autravail.ca\/#website"},"primaryImageOfPage":{"@id":"https:\/\/autravail.ca\/product\/jambiere-authentic-sol-auja\/#primaryimage"},"image":{"@id":"https:\/\/autravail.ca\/product\/jambiere-authentic-sol-auja\/#primaryimage"},"thumbnailUrl":"https:\/\/autravail.ca\/wp-content\/uploads\/2026\/03\/Sol-AUJA_A01.jpg","datePublished":"2026-03-12T19:42:43+00:00","dateModified":"2026-03-14T15:26:34+00:00","description":"Jambi\u00e8re Authentic - SOL-AUJA Classe 1 de Solidur est con\u00e7ue pour offrir une protection optimale aux arboriculteurs, \u00e9lagueurs et forestiers","breadcrumb":{"@id":"https:\/\/autravail.ca\/product\/jambiere-authentic-sol-auja\/#breadcrumb"},"inLanguage":"en-CA","potentialAction":[{"@type":"ReadAction","target":["https:\/\/autravail.ca\/product\/jambiere-authentic-sol-auja\/"]}]},{"@type":"ImageObject","inLanguage":"en-CA","@id":"https:\/\/autravail.ca\/product\/jambiere-authentic-sol-auja\/#primaryimage","url":"https:\/\/autravail.ca\/wp-content\/uploads\/2026\/03\/Sol-AUJA_A01.jpg","contentUrl":"https:\/\/autravail.ca\/wp-content\/uploads\/2026\/03\/Sol-AUJA_A01.jpg","width":1000,"height":1000,"caption":"Jambi\u00e8re Authentic - SOL-AUJA"},{"@type":"BreadcrumbList","@id":"https:\/\/autravail.ca\/product\/jambiere-authentic-sol-auja\/#breadcrumb","itemListElement":[{"@type":"ListItem","position":1,"name":"Accueil","item":"https:\/\/autravail.ca\/"},{"@type":"ListItem","position":2,"name":"Magasin","item":"https:\/\/autravail.ca\/en\/shop\/"},{"@type":"ListItem","position":3,"name":"Jambi\u00e8re Authentic &#8211; SOL-AUJA"}]},{"@type":"WebSite","@id":"https:\/\/autravail.ca\/#website","url":"https:\/\/autravail.ca\/","name":"Le Magasin Industriel","description":"50 ans de tradition de s\u00e9curit\u00e9 au travail","publisher":{"@id":"https:\/\/autravail.ca\/#organization"},"potentialAction":[{"@type":"SearchAction","target":{"@type":"EntryPoint","urlTemplate":"https:\/\/autravail.ca\/?s={search_term_string}"},"query-input":{"@type":"PropertyValueSpecification","valueRequired":true,"valueName":"search_term_string"}}],"inLanguage":"en-CA"},{"@type":"Organization","@id":"https:\/\/autravail.ca\/#organization","name":"Le Magasin Industriel","url":"https:\/\/autravail.ca\/","logo":{"@type":"ImageObject","inLanguage":"en-CA","@id":"https:\/\/autravail.ca\/#\/schema\/logo\/image\/","url":"https:\/\/autravail.ca\/wp-content\/uploads\/2025\/05\/cropped-magasin_industriel_120x.avif","contentUrl":"https:\/\/autravail.ca\/wp-content\/uploads\/2025\/05\/cropped-magasin_industriel_120x.avif","width":120,"height":24,"caption":"Le Magasin Industriel"},"image":{"@id":"https:\/\/autravail.ca\/#\/schema\/logo\/image\/"},"sameAs":["https:\/\/www.facebook.com\/lemagasinindustriel\/?locale=fr_FR"]}]}},"jetpack_sharing_enabled":true,"_links":{"self":[{"href":"https:\/\/autravail.ca\/en\/wp-json\/wp\/v2\/product\/45678","targetHints":{"allow":["GET"]}}],"collection":[{"href":"https:\/\/autravail.ca\/en\/wp-json\/wp\/v2\/product"}],"about":[{"href":"https:\/\/autravail.ca\/en\/wp-json\/wp\/v2\/types\/product"}],"replies":[{"embeddable":true,"href":"https:\/\/autravail.ca\/en\/wp-json\/wp\/v2\/comments?post=45678"}],"wp:featuredmedia":[{"embeddable":true,"href":"https:\/\/autravail.ca\/en\/wp-json\/wp\/v2\/media\/45679"}],"wp:attachment":[{"href":"https:\/\/autravail.ca\/en\/wp-json\/wp\/v2\/media?parent=45678"}],"wp:term":[{"taxonomy":"product_cat","embeddable":true,"href":"https:\/\/autravail.ca\/en\/wp-json\/wp\/v2\/product_cat?post=45678"},{"taxonomy":"product_tag","embeddable":true,"href":"https:\/\/autravail.ca\/en\/wp-json\/wp\/v2\/product_tag?post=45678"}],"curies":[{"name":"wp","href":"https:\/\/api.w.org\/{rel}","templated":true}]}}