{"id":45655,"date":"2026-03-12T14:31:20","date_gmt":"2026-03-12T18:31:20","guid":{"rendered":"https:\/\/autravail.ca\/?post_type=product&#038;p=45655"},"modified":"2026-03-14T11:30:14","modified_gmt":"2026-03-14T15:30:14","slug":"botte-scie-a-chaines-kailash","status":"publish","type":"product","link":"https:\/\/autravail.ca\/en\/product\/botte-scie-a-chaines-kailash\/","title":{"rendered":"Botte scie \u00e0 chaines &#8211; KAILASH"},"content":{"rendered":"<h3>Botte scie \u00e0 chaines &#8211; KAILASH<\/h3>\n<p>Botte scie \u00e0 chaines &#8211; KAILASH de <a href=\"https:\/\/autravail.ca\/en\/product-brand\/solidur\/\">Solidur<\/a> est une chaussure de s\u00e9curit\u00e9 de protection scie \u00e0 cha\u00eene tenue \u00e0 la main Classe 2 (24m\/s). Id\u00e9al pour les \u00e9mondeurs, les arboriculteurs et les travailleurs du domaine forestier, ces bottes assureront votre s\u00e9curit\u00e9. Elle est dot\u00e9e d\u2019une semelle en caoutchouc nitrile antid\u00e9rapante et d\u2019un insert antiperforation composite, d\u2019une doublure int\u00e9rieure respirante et d\u2019un dessus en cuir hydrofuge. Robuste, elle comporte un surbout avant et arri\u00e8re anti-usure, mais aussi un embout XL en acier.<\/p>\n<h6>Composition :<\/h6>\n<p>La chaussure de s\u00e9curit\u00e9 KAILASH est con\u00e7ue avec un dessus en cuir hydrofuge (2.2-2.4 mm) qui est associ\u00e9 \u00e0 une tige en Cordura\u00ae, ce qui la rend robustesse et l\u00e9g\u00e8ret\u00e9. La chaussure est dot\u00e9e d\u2019une semelle en caoutchouc nitrile est dot\u00e9e d&rsquo;ergots au niveau du cambrion, d&rsquo;un embout XL en acier et d\u2019un insert antiperforation composite.<\/p>\n<h6>Protection renforc\u00e9e :<\/h6>\n<p>La KAILASH offre une protection optimale contre les coupures par scie \u00e0 cha\u00eene jusqu\u2019\u00e0 la vitesse de 24 m\/s. Son embout en acier prot\u00e8ge les orteils contre les chocs, et la semelle anti-perforation composite assure une d\u00e9fense contre les objets pointus. Le dessus en cuir hydrofuge et la tige en Cordura\u00ae garantissent une r\u00e9sistance accrue \u00e0 l\u2019usure et aux agressions ext\u00e9rieures, offrant une durabilit\u00e9 maximale face aux conditions de travail difficiles.<\/p>\n<h6>Domaine d\u2019activit\u00e9 (m\u00e9tiers) :<\/h6>\n<p>Elle convient ainsi parfaitement aux \u00e9lagueurs, b\u00fbcherons, ouvriers forestiers, paysagistes et jardiniers. Elle r\u00e9pond \u00e9galement aux besoins de toutes les activit\u00e9s n\u00e9cessitant une protection contre les coupures de scie \u00e0 cha\u00eene.<\/p>\n<h6>Sp\u00e9cifications techniques<\/h6>\n<p>Classe 2 :<\/p>\n<p>Protection pour une vitesse de cha\u00eene allant jusqu\u2019\u00e0 24m\/s.<\/p>\n<p>Embout de protection :<\/p>\n<p>Protection de l\u2019avant du pied contre les chocs (200 joules) et l\u2019\u00e9crasement (1500 daN).<\/p>\n<ul>\n<li>Les chaussures disposent de propri\u00e9t\u00e9s antistatiques, r\u00e9duisant l&rsquo;accumulation d&rsquo;\u00e9lectricit\u00e9 statique en dissipant la charge. Cela est essentiel dans des environnements o\u00f9 une \u00e9tincelle pourrait provoquer un incendie ou une explosion.<\/li>\n<li>Semelle r\u00e9sistante aux hydrocarbures, assurant une durabilit\u00e9 accrue m\u00eame en contact avec l&rsquo;huile et les carburants.<\/li>\n<li>Protection contre la perforation, afin d\u2019emp\u00eacher les objets pointus de traverser la semelle.<\/li>\n<li>Semelle r\u00e9sistante \u00e0 300\u00b0C, offrant une protection contre la chaleur intense.<\/li>\n<li>Propri\u00e9t\u00e9s antid\u00e9rapantes (r\u00e9sistance au glissement), assurant une meilleure adh\u00e9rence sur des surfaces glissantes.<\/li>\n<\/ul>\n<h6>Normes<\/h6>\n<h6>EN ISO 20345 : 2011 S3 CI HRO SRC<\/h6>\n<h6>EN 17249 : 2013 Classe 2 24m\/s<\/h6>\n<p><img decoding=\"async\" class=\"alignnone wp-image-40620\" src=\"https:\/\/autravail.ca\/wp-content\/uploads\/2025\/09\/Jachete-quebec-et-canada.jpg\" alt=\"Logo de l'achat local\" width=\"162\" height=\"139\" \/>Merci d&rsquo;encourager une entreprise 100% d&rsquo;ici!<\/p>\n<p>TS2603H<\/p>","protected":false},"excerpt":{"rendered":"<p>Botte scie \u00e0 chaines &#8211; KAILASH Botte scie \u00e0 chaines &#8211; KAILASH de Solidur est une chaussure de s\u00e9curit\u00e9 de protection scie \u00e0 cha\u00eene tenue \u00e0 la main Classe 2 (24m\/s). Id\u00e9al pour les \u00e9mondeurs, les arboriculteurs et les travailleurs du domaine forestier, ces bottes assureront votre s\u00e9curit\u00e9. Elle est dot\u00e9e d\u2019une semelle en caoutchouc [&hellip;]<\/p>","protected":false},"featured_media":45656,"comment_status":"open","ping_status":"closed","template":"","meta":[],"product_cat":[836,811,602],"product_tag":[251,252,242],"class_list":{"0":"post-45655","1":"product","2":"type-product","3":"status-publish","4":"has-post-thumbnail","6":"product_brand-solidur","7":"product_cat-botte-scie-a-chaine","8":"product_cat-chaussures-de-securite","9":"product_cat-hommes","10":"product_tag-bottes-de-travail","11":"product_tag-electric-shock-resistant","12":"product_tag-homme","14":"first","15":"instock","16":"taxable","17":"shipping-taxable","18":"purchasable","19":"product-type-variable"},"yoast_head":"<!-- This site is optimized with the Yoast SEO plugin v25.3.1 - https:\/\/yoast.com\/wordpress\/plugins\/seo\/ -->\n<title>Botte scie \u00e0 chaines - KAILASH - Le Magasin Industriel<\/title>\n<meta name=\"description\" content=\"Botte scie \u00e0 chaines - KAILASH est une chaussure de s\u00e9curit\u00e9 de protection scie \u00e0 cha\u00eene tenue \u00e0 la main Classe 2 (24m\/s)\" \/>\n<meta name=\"robots\" content=\"index, follow, max-snippet:-1, max-image-preview:large, max-video-preview:-1\" \/>\n<link rel=\"canonical\" href=\"https:\/\/autravail.ca\/en\/product\/botte-scie-a-chaines-kailash\/\" \/>\n<meta property=\"og:locale\" content=\"en_US\" \/>\n<meta property=\"og:type\" content=\"article\" \/>\n<meta property=\"og:title\" content=\"Botte scie \u00e0 chaines - KAILASH - Le Magasin Industriel\" \/>\n<meta property=\"og:description\" content=\"Botte scie \u00e0 chaines - KAILASH est une chaussure de s\u00e9curit\u00e9 de protection scie \u00e0 cha\u00eene tenue \u00e0 la main Classe 2 (24m\/s)\" \/>\n<meta property=\"og:url\" content=\"https:\/\/autravail.ca\/en\/product\/botte-scie-a-chaines-kailash\/\" \/>\n<meta property=\"og:site_name\" content=\"Le Magasin Industriel\" \/>\n<meta property=\"article:publisher\" content=\"https:\/\/www.facebook.com\/lemagasinindustriel\/?locale=fr_FR\" \/>\n<meta property=\"article:modified_time\" content=\"2026-03-14T15:30:14+00:00\" \/>\n<meta property=\"og:image\" content=\"https:\/\/autravail.ca\/wp-content\/uploads\/2026\/03\/Sol-Kai_A02.jpg\" \/>\n\t<meta property=\"og:image:width\" content=\"1000\" \/>\n\t<meta property=\"og:image:height\" content=\"1000\" \/>\n\t<meta property=\"og:image:type\" content=\"image\/jpeg\" \/>\n<meta name=\"twitter:card\" content=\"summary_large_image\" \/>\n<meta name=\"twitter:label1\" content=\"Est. reading time\" \/>\n\t<meta name=\"twitter:data1\" content=\"3 minutes\" \/>\n<script type=\"application\/ld+json\" class=\"yoast-schema-graph\">{\"@context\":\"https:\/\/schema.org\",\"@graph\":[{\"@type\":\"WebPage\",\"@id\":\"https:\/\/autravail.ca\/product\/botte-scie-a-chaines-kailash\/\",\"url\":\"https:\/\/autravail.ca\/product\/botte-scie-a-chaines-kailash\/\",\"name\":\"Botte scie \u00e0 chaines - KAILASH - Le Magasin Industriel\",\"isPartOf\":{\"@id\":\"https:\/\/autravail.ca\/#website\"},\"primaryImageOfPage\":{\"@id\":\"https:\/\/autravail.ca\/product\/botte-scie-a-chaines-kailash\/#primaryimage\"},\"image\":{\"@id\":\"https:\/\/autravail.ca\/product\/botte-scie-a-chaines-kailash\/#primaryimage\"},\"thumbnailUrl\":\"https:\/\/autravail.ca\/wp-content\/uploads\/2026\/03\/Sol-Kai_A02.jpg\",\"datePublished\":\"2026-03-12T18:31:20+00:00\",\"dateModified\":\"2026-03-14T15:30:14+00:00\",\"description\":\"Botte scie \u00e0 chaines - KAILASH est une chaussure de s\u00e9curit\u00e9 de protection scie \u00e0 cha\u00eene tenue \u00e0 la main Classe 2 (24m\/s)\",\"breadcrumb\":{\"@id\":\"https:\/\/autravail.ca\/product\/botte-scie-a-chaines-kailash\/#breadcrumb\"},\"inLanguage\":\"en-CA\",\"potentialAction\":[{\"@type\":\"ReadAction\",\"target\":[\"https:\/\/autravail.ca\/product\/botte-scie-a-chaines-kailash\/\"]}]},{\"@type\":\"ImageObject\",\"inLanguage\":\"en-CA\",\"@id\":\"https:\/\/autravail.ca\/product\/botte-scie-a-chaines-kailash\/#primaryimage\",\"url\":\"https:\/\/autravail.ca\/wp-content\/uploads\/2026\/03\/Sol-Kai_A02.jpg\",\"contentUrl\":\"https:\/\/autravail.ca\/wp-content\/uploads\/2026\/03\/Sol-Kai_A02.jpg\",\"width\":1000,\"height\":1000,\"caption\":\"Botte scie \u00e0 chaines - KAILASH\"},{\"@type\":\"BreadcrumbList\",\"@id\":\"https:\/\/autravail.ca\/product\/botte-scie-a-chaines-kailash\/#breadcrumb\",\"itemListElement\":[{\"@type\":\"ListItem\",\"position\":1,\"name\":\"Accueil\",\"item\":\"https:\/\/autravail.ca\/\"},{\"@type\":\"ListItem\",\"position\":2,\"name\":\"Magasin\",\"item\":\"https:\/\/autravail.ca\/en\/shop\/\"},{\"@type\":\"ListItem\",\"position\":3,\"name\":\"Botte scie \u00e0 chaines &#8211; KAILASH\"}]},{\"@type\":\"WebSite\",\"@id\":\"https:\/\/autravail.ca\/#website\",\"url\":\"https:\/\/autravail.ca\/\",\"name\":\"Le Magasin Industriel\",\"description\":\"50 ans de tradition de s\u00e9curit\u00e9 au travail\",\"publisher\":{\"@id\":\"https:\/\/autravail.ca\/#organization\"},\"potentialAction\":[{\"@type\":\"SearchAction\",\"target\":{\"@type\":\"EntryPoint\",\"urlTemplate\":\"https:\/\/autravail.ca\/?s={search_term_string}\"},\"query-input\":{\"@type\":\"PropertyValueSpecification\",\"valueRequired\":true,\"valueName\":\"search_term_string\"}}],\"inLanguage\":\"en-CA\"},{\"@type\":\"Organization\",\"@id\":\"https:\/\/autravail.ca\/#organization\",\"name\":\"Le Magasin Industriel\",\"url\":\"https:\/\/autravail.ca\/\",\"logo\":{\"@type\":\"ImageObject\",\"inLanguage\":\"en-CA\",\"@id\":\"https:\/\/autravail.ca\/#\/schema\/logo\/image\/\",\"url\":\"https:\/\/autravail.ca\/wp-content\/uploads\/2025\/05\/cropped-magasin_industriel_120x.avif\",\"contentUrl\":\"https:\/\/autravail.ca\/wp-content\/uploads\/2025\/05\/cropped-magasin_industriel_120x.avif\",\"width\":120,\"height\":24,\"caption\":\"Le Magasin Industriel\"},\"image\":{\"@id\":\"https:\/\/autravail.ca\/#\/schema\/logo\/image\/\"},\"sameAs\":[\"https:\/\/www.facebook.com\/lemagasinindustriel\/?locale=fr_FR\"]}]}<\/script>\n<!-- \/ Yoast SEO plugin. -->","yoast_head_json":{"title":"Botte scie \u00e0 chaines - KAILASH - Le Magasin Industriel","description":"Botte scie \u00e0 chaines - KAILASH est une chaussure de s\u00e9curit\u00e9 de protection scie \u00e0 cha\u00eene tenue \u00e0 la main Classe 2 (24m\/s)","robots":{"index":"index","follow":"follow","max-snippet":"max-snippet:-1","max-image-preview":"max-image-preview:large","max-video-preview":"max-video-preview:-1"},"canonical":"https:\/\/autravail.ca\/en\/product\/botte-scie-a-chaines-kailash\/","og_locale":"en_US","og_type":"article","og_title":"Botte scie \u00e0 chaines - KAILASH - Le Magasin Industriel","og_description":"Botte scie \u00e0 chaines - KAILASH est une chaussure de s\u00e9curit\u00e9 de protection scie \u00e0 cha\u00eene tenue \u00e0 la main Classe 2 (24m\/s)","og_url":"https:\/\/autravail.ca\/en\/product\/botte-scie-a-chaines-kailash\/","og_site_name":"Le Magasin Industriel","article_publisher":"https:\/\/www.facebook.com\/lemagasinindustriel\/?locale=fr_FR","article_modified_time":"2026-03-14T15:30:14+00:00","og_image":[{"width":1000,"height":1000,"url":"https:\/\/autravail.ca\/wp-content\/uploads\/2026\/03\/Sol-Kai_A02.jpg","type":"image\/jpeg"}],"twitter_card":"summary_large_image","twitter_misc":{"Est. reading time":"3 minutes"},"schema":{"@context":"https:\/\/schema.org","@graph":[{"@type":"WebPage","@id":"https:\/\/autravail.ca\/product\/botte-scie-a-chaines-kailash\/","url":"https:\/\/autravail.ca\/product\/botte-scie-a-chaines-kailash\/","name":"Botte scie \u00e0 chaines - KAILASH - Le Magasin Industriel","isPartOf":{"@id":"https:\/\/autravail.ca\/#website"},"primaryImageOfPage":{"@id":"https:\/\/autravail.ca\/product\/botte-scie-a-chaines-kailash\/#primaryimage"},"image":{"@id":"https:\/\/autravail.ca\/product\/botte-scie-a-chaines-kailash\/#primaryimage"},"thumbnailUrl":"https:\/\/autravail.ca\/wp-content\/uploads\/2026\/03\/Sol-Kai_A02.jpg","datePublished":"2026-03-12T18:31:20+00:00","dateModified":"2026-03-14T15:30:14+00:00","description":"Botte scie \u00e0 chaines - KAILASH est une chaussure de s\u00e9curit\u00e9 de protection scie \u00e0 cha\u00eene tenue \u00e0 la main Classe 2 (24m\/s)","breadcrumb":{"@id":"https:\/\/autravail.ca\/product\/botte-scie-a-chaines-kailash\/#breadcrumb"},"inLanguage":"en-CA","potentialAction":[{"@type":"ReadAction","target":["https:\/\/autravail.ca\/product\/botte-scie-a-chaines-kailash\/"]}]},{"@type":"ImageObject","inLanguage":"en-CA","@id":"https:\/\/autravail.ca\/product\/botte-scie-a-chaines-kailash\/#primaryimage","url":"https:\/\/autravail.ca\/wp-content\/uploads\/2026\/03\/Sol-Kai_A02.jpg","contentUrl":"https:\/\/autravail.ca\/wp-content\/uploads\/2026\/03\/Sol-Kai_A02.jpg","width":1000,"height":1000,"caption":"Botte scie \u00e0 chaines - KAILASH"},{"@type":"BreadcrumbList","@id":"https:\/\/autravail.ca\/product\/botte-scie-a-chaines-kailash\/#breadcrumb","itemListElement":[{"@type":"ListItem","position":1,"name":"Accueil","item":"https:\/\/autravail.ca\/"},{"@type":"ListItem","position":2,"name":"Magasin","item":"https:\/\/autravail.ca\/en\/shop\/"},{"@type":"ListItem","position":3,"name":"Botte scie \u00e0 chaines &#8211; KAILASH"}]},{"@type":"WebSite","@id":"https:\/\/autravail.ca\/#website","url":"https:\/\/autravail.ca\/","name":"Le Magasin Industriel","description":"50 ans de tradition de s\u00e9curit\u00e9 au travail","publisher":{"@id":"https:\/\/autravail.ca\/#organization"},"potentialAction":[{"@type":"SearchAction","target":{"@type":"EntryPoint","urlTemplate":"https:\/\/autravail.ca\/?s={search_term_string}"},"query-input":{"@type":"PropertyValueSpecification","valueRequired":true,"valueName":"search_term_string"}}],"inLanguage":"en-CA"},{"@type":"Organization","@id":"https:\/\/autravail.ca\/#organization","name":"Le Magasin Industriel","url":"https:\/\/autravail.ca\/","logo":{"@type":"ImageObject","inLanguage":"en-CA","@id":"https:\/\/autravail.ca\/#\/schema\/logo\/image\/","url":"https:\/\/autravail.ca\/wp-content\/uploads\/2025\/05\/cropped-magasin_industriel_120x.avif","contentUrl":"https:\/\/autravail.ca\/wp-content\/uploads\/2025\/05\/cropped-magasin_industriel_120x.avif","width":120,"height":24,"caption":"Le Magasin Industriel"},"image":{"@id":"https:\/\/autravail.ca\/#\/schema\/logo\/image\/"},"sameAs":["https:\/\/www.facebook.com\/lemagasinindustriel\/?locale=fr_FR"]}]}},"jetpack_sharing_enabled":true,"_links":{"self":[{"href":"https:\/\/autravail.ca\/en\/wp-json\/wp\/v2\/product\/45655","targetHints":{"allow":["GET"]}}],"collection":[{"href":"https:\/\/autravail.ca\/en\/wp-json\/wp\/v2\/product"}],"about":[{"href":"https:\/\/autravail.ca\/en\/wp-json\/wp\/v2\/types\/product"}],"replies":[{"embeddable":true,"href":"https:\/\/autravail.ca\/en\/wp-json\/wp\/v2\/comments?post=45655"}],"wp:featuredmedia":[{"embeddable":true,"href":"https:\/\/autravail.ca\/en\/wp-json\/wp\/v2\/media\/45656"}],"wp:attachment":[{"href":"https:\/\/autravail.ca\/en\/wp-json\/wp\/v2\/media?parent=45655"}],"wp:term":[{"taxonomy":"product_cat","embeddable":true,"href":"https:\/\/autravail.ca\/en\/wp-json\/wp\/v2\/product_cat?post=45655"},{"taxonomy":"product_tag","embeddable":true,"href":"https:\/\/autravail.ca\/en\/wp-json\/wp\/v2\/product_tag?post=45655"}],"curies":[{"name":"wp","href":"https:\/\/api.w.org\/{rel}","templated":true}]}}