{"id":45639,"date":"2026-03-12T14:01:43","date_gmt":"2026-03-12T18:01:43","guid":{"rendered":"https:\/\/autravail.ca\/?post_type=product&#038;p=45639"},"modified":"2026-03-14T11:32:38","modified_gmt":"2026-03-14T15:32:38","slug":"botte-scie-a-chaines-logwood","status":"publish","type":"product","link":"https:\/\/autravail.ca\/en\/product\/botte-scie-a-chaines-logwood\/","title":{"rendered":"Botte Scie \u00e0 chaines &#8211; LOGWOOD"},"content":{"rendered":"<h3>Botte Scie \u00e0 chaines &#8211; LOGWOOD<\/h3>\n<p>Botte Scie \u00e0 chaines &#8211; LOGWOOD est une chaussure de s\u00e9curit\u00e9 scie-\u00e0-cha\u00eene de classe 3 (28m\/s), con\u00e7ue pour offrir une protection optimale. Id\u00e9al pour les \u00e9mondeurs, les arboriculteurs et les travailleurs du domaine forestier, ces bottesassureront votre s\u00e9curit\u00e9. Elle int\u00e8gre une semelle Vibram\u00ae, une doublure imperm\u00e9able et respirante eVent\u00ae, ainsi qu&rsquo;un dessus en cuir Perwanger\u00ae de 3 mm d\u2019\u00e9paisseur. Son syst\u00e8me de bloque-lacets permet d&rsquo;ouvrir facilement la chaussure tout en maintenant un bon soutien du pied.<\/p>\n<h6>Composition :<\/h6>\n<p>La chaussure de s\u00e9curit\u00e9 LOGWOOD est dot\u00e9e d&rsquo;une tige en cuir Perwanger\u00ae de 3 mm, offrant une r\u00e9sistance exceptionnelle aux abrasions, \u00e0 l\u2019eau et aux conditions extr\u00eames. Sa doublure eVent\u00ae favorise une \u00e9vacuation efficace de l\u2019humidit\u00e9 tout en emp\u00eachant l\u2019infiltration d\u2019eau. La semelle Vibram\u00ae assure une adh\u00e9rence optimale et r\u00e9siste \u00e0 des temp\u00e9ratures extr\u00eames. La protection est renforc\u00e9e par un pare-pierre lat\u00e9ral en caoutchouc, une coque en aluminium et une semelle anti-perforation composite.<\/p>\n<h6>Confort et durabilit\u00e9 :<\/h6>\n<p>En plus de sa solidit\u00e9, la LOGWOOD garantit un confort optimal durant toute la journ\u00e9e. Son intercalaire bi-densit\u00e9 et sa premi\u00e8re de propret\u00e9 antistatique et antibact\u00e9rienne offrent un excellent amorti et une hygi\u00e8ne parfaite. La doublure eVent\u00ae assure une \u00e9vacuation rapide de l\u2019humidit\u00e9, maintenant les pieds au sec, quelles que soient les conditions climatiques. Son syst\u00e8me de la\u00e7age avanc\u00e9, avec crochets double rivet, passe-lacets \u00e0 billes et ergot pour crampons, permet un ajustement pr\u00e9cis et s\u00e9curis\u00e9.<\/p>\n<h6>Sp\u00e9cifications techniques<\/h6>\n<h6>Classe 3 :<\/h6>\n<p>Protection pour une vitesse de cha\u00eene allant jusqu\u2019\u00e0 28m\/s.<\/p>\n<ul>\n<li>Protection de l\u2019avant du pied contre les chocs (200 joules) et l\u2019\u00e9crasement (1500 daN).<\/li>\n<li>Les chaussures disposent de propri\u00e9t\u00e9s antistatiques, r\u00e9duisant l&rsquo;accumulation d&rsquo;\u00e9lectricit\u00e9 statique en dissipant la charge. Cela est essentiel dans des environnements o\u00f9 une \u00e9tincelle pourrait provoquer un incendie ou une explosion.<\/li>\n<li>Semelle r\u00e9sistante aux hydrocarbures, assurant une durabilit\u00e9 accrue m\u00eame en contact avec l&rsquo;huile et les carburants.<\/li>\n<li>Protection contre la perforation, afin d\u2019emp\u00eacher les objets pointus de traverser la semelle.<\/li>\n<li>Isolation contre le froid, permettant de garder la chaussure au chaud lors des travaux en basse temp\u00e9rature.<\/li>\n<li>Semelle r\u00e9sistante \u00e0 300\u00b0C, offrant une protection contre la chaleur intense.<\/li>\n<li>R\u00e9sistance de la tige \u00e0 la p\u00e9n\u00e9tration et absorption de l\u2019eau, garantissant de garder la chaussure au sec m\u00eame dans des conditions humides.<\/li>\n<li>Semelle antid\u00e9rapante sur sol qui offre une excellente adh\u00e9rence sur des sols glissants en c\u00e9ramique recouvert d&rsquo;eau et de d\u00e9tergent, et sur sol en acier recouvert de glyc\u00e9rine.<\/li>\n<\/ul>\n<h6>Normes<\/h6>\n<h6>EN ISO 20345 : 2011 S3 WR CI HRO SRC<\/h6>\n<h6>EN ISO 17249 : 2013 Classe 3 28m\/s<\/h6>\n<p><img decoding=\"async\" class=\"alignnone wp-image-40620\" src=\"https:\/\/autravail.ca\/wp-content\/uploads\/2025\/09\/Jachete-quebec-et-canada.jpg\" alt=\"Logo de l'achat local\" width=\"162\" height=\"139\" \/>Merci d&rsquo;encourager une entreprise 100% d&rsquo;ici!<\/p>\n<p>TS2603H<\/p>","protected":false},"excerpt":{"rendered":"<p>Botte Scie \u00e0 chaines &#8211; LOGWOOD Botte Scie \u00e0 chaines &#8211; LOGWOOD est une chaussure de s\u00e9curit\u00e9 scie-\u00e0-cha\u00eene de classe 3 (28m\/s), con\u00e7ue pour offrir une protection optimale. Id\u00e9al pour les \u00e9mondeurs, les arboriculteurs et les travailleurs du domaine forestier, ces bottesassureront votre s\u00e9curit\u00e9. Elle int\u00e8gre une semelle Vibram\u00ae, une doublure imperm\u00e9able et respirante eVent\u00ae, [&hellip;]<\/p>","protected":false},"featured_media":45640,"comment_status":"open","ping_status":"closed","template":"","meta":[],"product_cat":[836,811,602],"product_tag":[840,251,252,839,242],"class_list":{"0":"post-45639","1":"product","2":"type-product","3":"status-publish","4":"has-post-thumbnail","6":"product_brand-solidur","7":"product_cat-botte-scie-a-chaine","8":"product_cat-chaussures-de-securite","9":"product_cat-hommes","10":"product_tag-arboriculteurs","11":"product_tag-bottes-de-travail","12":"product_tag-electric-shock-resistant","13":"product_tag-emondeurs","14":"product_tag-homme","16":"first","17":"instock","18":"taxable","19":"shipping-taxable","20":"purchasable","21":"product-type-variable"},"yoast_head":"<!-- This site is optimized with the Yoast SEO plugin v25.3.1 - https:\/\/yoast.com\/wordpress\/plugins\/seo\/ -->\n<title>Botte Scie \u00e0 chaines - LOGWOOD - Le Magasin Industriel<\/title>\n<meta name=\"description\" content=\"Botte Scie \u00e0 chaines - LOGWOOD est une chaussure de s\u00e9curit\u00e9 scie-\u00e0-cha\u00eene de classe 3 (28m\/s), con\u00e7ue pour offrir une protection optimale\" \/>\n<meta name=\"robots\" content=\"index, follow, max-snippet:-1, max-image-preview:large, max-video-preview:-1\" \/>\n<link rel=\"canonical\" href=\"https:\/\/autravail.ca\/en\/product\/botte-scie-a-chaines-logwood\/\" \/>\n<meta property=\"og:locale\" content=\"en_US\" \/>\n<meta property=\"og:type\" content=\"article\" \/>\n<meta property=\"og:title\" content=\"Botte Scie \u00e0 chaines - LOGWOOD - Le Magasin Industriel\" \/>\n<meta property=\"og:description\" content=\"Botte Scie \u00e0 chaines - LOGWOOD est une chaussure de s\u00e9curit\u00e9 scie-\u00e0-cha\u00eene de classe 3 (28m\/s), con\u00e7ue pour offrir une protection optimale\" \/>\n<meta property=\"og:url\" content=\"https:\/\/autravail.ca\/en\/product\/botte-scie-a-chaines-logwood\/\" \/>\n<meta property=\"og:site_name\" content=\"Le Magasin Industriel\" \/>\n<meta property=\"article:publisher\" content=\"https:\/\/www.facebook.com\/lemagasinindustriel\/?locale=fr_FR\" \/>\n<meta property=\"article:modified_time\" content=\"2026-03-14T15:32:38+00:00\" \/>\n<meta property=\"og:image\" content=\"https:\/\/autravail.ca\/wp-content\/uploads\/2026\/03\/SOL-LOGN_A02.jpg\" \/>\n\t<meta property=\"og:image:width\" content=\"1000\" \/>\n\t<meta property=\"og:image:height\" content=\"1000\" \/>\n\t<meta property=\"og:image:type\" content=\"image\/jpeg\" \/>\n<meta name=\"twitter:card\" content=\"summary_large_image\" \/>\n<meta name=\"twitter:label1\" content=\"Est. reading time\" \/>\n\t<meta name=\"twitter:data1\" content=\"3 minutes\" \/>\n<script type=\"application\/ld+json\" class=\"yoast-schema-graph\">{\"@context\":\"https:\/\/schema.org\",\"@graph\":[{\"@type\":\"WebPage\",\"@id\":\"https:\/\/autravail.ca\/product\/botte-scie-a-chaines-logwood\/\",\"url\":\"https:\/\/autravail.ca\/product\/botte-scie-a-chaines-logwood\/\",\"name\":\"Botte Scie \u00e0 chaines - LOGWOOD - Le Magasin Industriel\",\"isPartOf\":{\"@id\":\"https:\/\/autravail.ca\/#website\"},\"primaryImageOfPage\":{\"@id\":\"https:\/\/autravail.ca\/product\/botte-scie-a-chaines-logwood\/#primaryimage\"},\"image\":{\"@id\":\"https:\/\/autravail.ca\/product\/botte-scie-a-chaines-logwood\/#primaryimage\"},\"thumbnailUrl\":\"https:\/\/autravail.ca\/wp-content\/uploads\/2026\/03\/SOL-LOGN_A02.jpg\",\"datePublished\":\"2026-03-12T18:01:43+00:00\",\"dateModified\":\"2026-03-14T15:32:38+00:00\",\"description\":\"Botte Scie \u00e0 chaines - LOGWOOD est une chaussure de s\u00e9curit\u00e9 scie-\u00e0-cha\u00eene de classe 3 (28m\/s), con\u00e7ue pour offrir une protection optimale\",\"breadcrumb\":{\"@id\":\"https:\/\/autravail.ca\/product\/botte-scie-a-chaines-logwood\/#breadcrumb\"},\"inLanguage\":\"en-CA\",\"potentialAction\":[{\"@type\":\"ReadAction\",\"target\":[\"https:\/\/autravail.ca\/product\/botte-scie-a-chaines-logwood\/\"]}]},{\"@type\":\"ImageObject\",\"inLanguage\":\"en-CA\",\"@id\":\"https:\/\/autravail.ca\/product\/botte-scie-a-chaines-logwood\/#primaryimage\",\"url\":\"https:\/\/autravail.ca\/wp-content\/uploads\/2026\/03\/SOL-LOGN_A02.jpg\",\"contentUrl\":\"https:\/\/autravail.ca\/wp-content\/uploads\/2026\/03\/SOL-LOGN_A02.jpg\",\"width\":1000,\"height\":1000,\"caption\":\"Botte Scie \u00e0 chaines - LOGWOOD\"},{\"@type\":\"BreadcrumbList\",\"@id\":\"https:\/\/autravail.ca\/product\/botte-scie-a-chaines-logwood\/#breadcrumb\",\"itemListElement\":[{\"@type\":\"ListItem\",\"position\":1,\"name\":\"Accueil\",\"item\":\"https:\/\/autravail.ca\/\"},{\"@type\":\"ListItem\",\"position\":2,\"name\":\"Magasin\",\"item\":\"https:\/\/autravail.ca\/en\/shop\/\"},{\"@type\":\"ListItem\",\"position\":3,\"name\":\"Botte Scie \u00e0 chaines &#8211; LOGWOOD\"}]},{\"@type\":\"WebSite\",\"@id\":\"https:\/\/autravail.ca\/#website\",\"url\":\"https:\/\/autravail.ca\/\",\"name\":\"Le Magasin Industriel\",\"description\":\"50 ans de tradition de s\u00e9curit\u00e9 au travail\",\"publisher\":{\"@id\":\"https:\/\/autravail.ca\/#organization\"},\"potentialAction\":[{\"@type\":\"SearchAction\",\"target\":{\"@type\":\"EntryPoint\",\"urlTemplate\":\"https:\/\/autravail.ca\/?s={search_term_string}\"},\"query-input\":{\"@type\":\"PropertyValueSpecification\",\"valueRequired\":true,\"valueName\":\"search_term_string\"}}],\"inLanguage\":\"en-CA\"},{\"@type\":\"Organization\",\"@id\":\"https:\/\/autravail.ca\/#organization\",\"name\":\"Le Magasin Industriel\",\"url\":\"https:\/\/autravail.ca\/\",\"logo\":{\"@type\":\"ImageObject\",\"inLanguage\":\"en-CA\",\"@id\":\"https:\/\/autravail.ca\/#\/schema\/logo\/image\/\",\"url\":\"https:\/\/autravail.ca\/wp-content\/uploads\/2025\/05\/cropped-magasin_industriel_120x.avif\",\"contentUrl\":\"https:\/\/autravail.ca\/wp-content\/uploads\/2025\/05\/cropped-magasin_industriel_120x.avif\",\"width\":120,\"height\":24,\"caption\":\"Le Magasin Industriel\"},\"image\":{\"@id\":\"https:\/\/autravail.ca\/#\/schema\/logo\/image\/\"},\"sameAs\":[\"https:\/\/www.facebook.com\/lemagasinindustriel\/?locale=fr_FR\"]}]}<\/script>\n<!-- \/ Yoast SEO plugin. -->","yoast_head_json":{"title":"Botte Scie \u00e0 chaines - LOGWOOD - Le Magasin Industriel","description":"Botte Scie \u00e0 chaines - LOGWOOD est une chaussure de s\u00e9curit\u00e9 scie-\u00e0-cha\u00eene de classe 3 (28m\/s), con\u00e7ue pour offrir une protection optimale","robots":{"index":"index","follow":"follow","max-snippet":"max-snippet:-1","max-image-preview":"max-image-preview:large","max-video-preview":"max-video-preview:-1"},"canonical":"https:\/\/autravail.ca\/en\/product\/botte-scie-a-chaines-logwood\/","og_locale":"en_US","og_type":"article","og_title":"Botte Scie \u00e0 chaines - LOGWOOD - Le Magasin Industriel","og_description":"Botte Scie \u00e0 chaines - LOGWOOD est une chaussure de s\u00e9curit\u00e9 scie-\u00e0-cha\u00eene de classe 3 (28m\/s), con\u00e7ue pour offrir une protection optimale","og_url":"https:\/\/autravail.ca\/en\/product\/botte-scie-a-chaines-logwood\/","og_site_name":"Le Magasin Industriel","article_publisher":"https:\/\/www.facebook.com\/lemagasinindustriel\/?locale=fr_FR","article_modified_time":"2026-03-14T15:32:38+00:00","og_image":[{"width":1000,"height":1000,"url":"https:\/\/autravail.ca\/wp-content\/uploads\/2026\/03\/SOL-LOGN_A02.jpg","type":"image\/jpeg"}],"twitter_card":"summary_large_image","twitter_misc":{"Est. reading time":"3 minutes"},"schema":{"@context":"https:\/\/schema.org","@graph":[{"@type":"WebPage","@id":"https:\/\/autravail.ca\/product\/botte-scie-a-chaines-logwood\/","url":"https:\/\/autravail.ca\/product\/botte-scie-a-chaines-logwood\/","name":"Botte Scie \u00e0 chaines - LOGWOOD - Le Magasin Industriel","isPartOf":{"@id":"https:\/\/autravail.ca\/#website"},"primaryImageOfPage":{"@id":"https:\/\/autravail.ca\/product\/botte-scie-a-chaines-logwood\/#primaryimage"},"image":{"@id":"https:\/\/autravail.ca\/product\/botte-scie-a-chaines-logwood\/#primaryimage"},"thumbnailUrl":"https:\/\/autravail.ca\/wp-content\/uploads\/2026\/03\/SOL-LOGN_A02.jpg","datePublished":"2026-03-12T18:01:43+00:00","dateModified":"2026-03-14T15:32:38+00:00","description":"Botte Scie \u00e0 chaines - LOGWOOD est une chaussure de s\u00e9curit\u00e9 scie-\u00e0-cha\u00eene de classe 3 (28m\/s), con\u00e7ue pour offrir une protection optimale","breadcrumb":{"@id":"https:\/\/autravail.ca\/product\/botte-scie-a-chaines-logwood\/#breadcrumb"},"inLanguage":"en-CA","potentialAction":[{"@type":"ReadAction","target":["https:\/\/autravail.ca\/product\/botte-scie-a-chaines-logwood\/"]}]},{"@type":"ImageObject","inLanguage":"en-CA","@id":"https:\/\/autravail.ca\/product\/botte-scie-a-chaines-logwood\/#primaryimage","url":"https:\/\/autravail.ca\/wp-content\/uploads\/2026\/03\/SOL-LOGN_A02.jpg","contentUrl":"https:\/\/autravail.ca\/wp-content\/uploads\/2026\/03\/SOL-LOGN_A02.jpg","width":1000,"height":1000,"caption":"Botte Scie \u00e0 chaines - LOGWOOD"},{"@type":"BreadcrumbList","@id":"https:\/\/autravail.ca\/product\/botte-scie-a-chaines-logwood\/#breadcrumb","itemListElement":[{"@type":"ListItem","position":1,"name":"Accueil","item":"https:\/\/autravail.ca\/"},{"@type":"ListItem","position":2,"name":"Magasin","item":"https:\/\/autravail.ca\/en\/shop\/"},{"@type":"ListItem","position":3,"name":"Botte Scie \u00e0 chaines &#8211; LOGWOOD"}]},{"@type":"WebSite","@id":"https:\/\/autravail.ca\/#website","url":"https:\/\/autravail.ca\/","name":"Le Magasin Industriel","description":"50 ans de tradition de s\u00e9curit\u00e9 au travail","publisher":{"@id":"https:\/\/autravail.ca\/#organization"},"potentialAction":[{"@type":"SearchAction","target":{"@type":"EntryPoint","urlTemplate":"https:\/\/autravail.ca\/?s={search_term_string}"},"query-input":{"@type":"PropertyValueSpecification","valueRequired":true,"valueName":"search_term_string"}}],"inLanguage":"en-CA"},{"@type":"Organization","@id":"https:\/\/autravail.ca\/#organization","name":"Le Magasin Industriel","url":"https:\/\/autravail.ca\/","logo":{"@type":"ImageObject","inLanguage":"en-CA","@id":"https:\/\/autravail.ca\/#\/schema\/logo\/image\/","url":"https:\/\/autravail.ca\/wp-content\/uploads\/2025\/05\/cropped-magasin_industriel_120x.avif","contentUrl":"https:\/\/autravail.ca\/wp-content\/uploads\/2025\/05\/cropped-magasin_industriel_120x.avif","width":120,"height":24,"caption":"Le Magasin Industriel"},"image":{"@id":"https:\/\/autravail.ca\/#\/schema\/logo\/image\/"},"sameAs":["https:\/\/www.facebook.com\/lemagasinindustriel\/?locale=fr_FR"]}]}},"jetpack_sharing_enabled":true,"_links":{"self":[{"href":"https:\/\/autravail.ca\/en\/wp-json\/wp\/v2\/product\/45639","targetHints":{"allow":["GET"]}}],"collection":[{"href":"https:\/\/autravail.ca\/en\/wp-json\/wp\/v2\/product"}],"about":[{"href":"https:\/\/autravail.ca\/en\/wp-json\/wp\/v2\/types\/product"}],"replies":[{"embeddable":true,"href":"https:\/\/autravail.ca\/en\/wp-json\/wp\/v2\/comments?post=45639"}],"wp:featuredmedia":[{"embeddable":true,"href":"https:\/\/autravail.ca\/en\/wp-json\/wp\/v2\/media\/45640"}],"wp:attachment":[{"href":"https:\/\/autravail.ca\/en\/wp-json\/wp\/v2\/media?parent=45639"}],"wp:term":[{"taxonomy":"product_cat","embeddable":true,"href":"https:\/\/autravail.ca\/en\/wp-json\/wp\/v2\/product_cat?post=45639"},{"taxonomy":"product_tag","embeddable":true,"href":"https:\/\/autravail.ca\/en\/wp-json\/wp\/v2\/product_tag?post=45639"}],"curies":[{"name":"wp","href":"https:\/\/api.w.org\/{rel}","templated":true}]}}