{"id":45496,"date":"2026-03-11T13:43:11","date_gmt":"2026-03-11T17:43:11","guid":{"rendered":"https:\/\/autravail.ca\/?post_type=product&#038;p=45496"},"modified":"2026-04-18T22:56:35","modified_gmt":"2026-04-19T02:56:35","slug":"botte-de-travail-morphix-boa-a5ttp","status":"publish","type":"product","link":"https:\/\/autravail.ca\/en\/product\/botte-de-travail-morphix-boa-a5ttp\/","title":{"rendered":"Botte de travail Morphix Boa &#8211; A5TTP"},"content":{"rendered":"<h3>Botte de travail Morphix Boa &#8211; A5TTP<\/h3>\n<p>Botte de travail Morphix Boa &#8211; A5TTP de <a href=\"https:\/\/autravail.ca\/en\/product-brand\/timberland-pro\/\">Timberland<\/a>. Vous ne trouverez pas de lacets traditionnels sur les bottes de travail imperm\u00e9ables Morphix BOA\u00ae. Timberland PRO les a remplac\u00e9s par le syst\u00e8me BOA\u00ae Fit, qui offre un ajustement microm\u00e9trique et pr\u00e9cis, con\u00e7u et garanti pour les conditions les plus extr\u00eames. La configuration PerformFit\u2122 Wrap permet un r\u00e9glage rapide de la molette pour une stabilit\u00e9, un contr\u00f4le et une efficacit\u00e9 \u00e9nerg\u00e9tique optimaux. \u00c0 l&rsquo;int\u00e9rieur, la technologie Anti-Fatigue assure une absorption des chocs tout au long de la journ\u00e9e, tandis que la technologie HoverSpring\u2122 restitue l&rsquo;\u00e9nergie \u00e0 chaque pas. Restez performant toute la journ\u00e9e, quelle que soit sa dur\u00e9e.<\/p>\n<p><img decoding=\"async\" class=\"alignnone size-full wp-image-40117\" src=\"https:\/\/autravail.ca\/wp-content\/uploads\/2025\/09\/Certification-Omega-Triangle-vert.jpg\" alt=\"Certifications Om\u00e9ga Triangle vert\" width=\"193\" height=\"110\" srcset=\"https:\/\/autravail.ca\/wp-content\/uploads\/2025\/09\/Certification-Omega-Triangle-vert.jpg 193w, https:\/\/autravail.ca\/wp-content\/uploads\/2025\/09\/Certification-Omega-Triangle-vert-150x85.jpg 150w, https:\/\/autravail.ca\/wp-content\/uploads\/2025\/09\/Certification-Omega-Triangle-vert-18x10.jpg 18w\" sizes=\"(max-width: 193px) 100vw, 193px\" \/><\/p>\n<h6>Characteristics:<\/h6>\n<ul>\n<li>Technologie Timberland Pro\u00ae FLEX avec rainures de flexion positionn\u00e9es anatomiquement<\/li>\n<li>Cuir ind\u00e9chirable et enduit r\u00e9sistant avec membrane imperm\u00e9able<\/li>\n<li>Semelle ext\u00e9rieure en caoutchouc r\u00e9sistante \u00e0 la chaleur, aux huiles et antid\u00e9rapante pour une durabilit\u00e9 et une adh\u00e9rence sup\u00e9rieures<\/li>\n<li>Semelle interm\u00e9diaire l\u00e9g\u00e8re en mousse HoverSpring\u2122 offrant un confort, une flexibilit\u00e9 et une durabilit\u00e9 exceptionnels<\/li>\n<li>Doublure respirante dot\u00e9e de la technologie Microban qui offre une protection suppl\u00e9mentaire aux tissus des chaussures pour lutter contre les mauvaises odeurs, les taches et la d\u00e9t\u00e9rioration<\/li>\n<li>Technologie anti-fatigue pour l&rsquo;absorption des chocs et la restitution d&rsquo;\u00e9nergie<\/li>\n<li>Cambrion non m\u00e9tallique pour un soutien structurel<\/li>\n<li>Embout composite certifi\u00e9 de grade 1, plaque composite, r\u00e9sistant aux chocs \u00e9lectriques (ESR)<\/li>\n<li>Bottillon 6\u00a0\u00bb<\/li>\n<\/ul>\n<p><img decoding=\"async\" class=\"alignnone wp-image-40620\" src=\"https:\/\/autravail.ca\/wp-content\/uploads\/2025\/09\/Jachete-quebec-et-canada.jpg\" alt=\"Logo de l'achat local\" width=\"162\" height=\"139\" \/>Merci d&rsquo;encourager une entreprise 100% d&rsquo;ici!<br \/>\nTS 2603H<\/p>\n<p>&nbsp;<\/p>","protected":false},"excerpt":{"rendered":"<p>Botte de travail Morphix Boa &#8211; A5TTP Botte de travail Morphix Boa &#8211; A5TTP de Timberland. Vous ne trouverez pas de lacets traditionnels sur les bottes de travail imperm\u00e9ables Morphix BOA\u00ae. Timberland PRO les a remplac\u00e9s par le syst\u00e8me BOA\u00ae Fit, qui offre un ajustement microm\u00e9trique et pr\u00e9cis, con\u00e7u et garanti pour les conditions les [&hellip;]<\/p>","protected":false},"featured_media":45497,"comment_status":"open","ping_status":"closed","template":"","meta":[],"product_cat":[807,811,602],"product_tag":[251,260,252,242,253],"class_list":{"0":"post-45496","1":"product","2":"type-product","3":"status-publish","4":"has-post-thumbnail","6":"product_brand-timberland-pro","7":"product_cat-bottes-de-travail-6-homme","8":"product_cat-chaussures-de-securite","9":"product_cat-hommes","10":"product_tag-bottes-de-travail","11":"product_tag-bottillons-de-travail","12":"product_tag-electric-shock-resistant","13":"product_tag-homme","14":"product_tag-sole-protection","16":"first","17":"instock","18":"taxable","19":"shipping-taxable","20":"purchasable","21":"product-type-variable"},"yoast_head":"<!-- This site is optimized with the Yoast SEO plugin v25.3.1 - https:\/\/yoast.com\/wordpress\/plugins\/seo\/ -->\n<title>Botte de travail Morphix Boa - A5TTP - Le Magasin Industriel<\/title>\n<meta name=\"description\" content=\"Botte de travail Morphix Boa - A5TTP elles sont r\u00e9put\u00e9es pour leur robustesse, leur \u00e9tanch\u00e9it\u00e9 totale et leur style iconique qui traverse les g\u00e9n\u00e9rations\" \/>\n<meta name=\"robots\" content=\"index, follow, max-snippet:-1, max-image-preview:large, max-video-preview:-1\" \/>\n<link rel=\"canonical\" href=\"https:\/\/autravail.ca\/en\/product\/botte-de-travail-morphix-boa-a5ttp\/\" \/>\n<meta property=\"og:locale\" content=\"en_US\" \/>\n<meta property=\"og:type\" content=\"article\" \/>\n<meta property=\"og:title\" content=\"Botte de travail Morphix Boa - A5TTP - Le Magasin Industriel\" \/>\n<meta property=\"og:description\" content=\"Botte de travail Morphix Boa - A5TTP elles sont r\u00e9put\u00e9es pour leur robustesse, leur \u00e9tanch\u00e9it\u00e9 totale et leur style iconique qui traverse les g\u00e9n\u00e9rations\" \/>\n<meta property=\"og:url\" content=\"https:\/\/autravail.ca\/en\/product\/botte-de-travail-morphix-boa-a5ttp\/\" \/>\n<meta property=\"og:site_name\" content=\"Le Magasin Industriel\" \/>\n<meta property=\"article:publisher\" content=\"https:\/\/www.facebook.com\/lemagasinindustriel\/?locale=fr_FR\" \/>\n<meta property=\"article:modified_time\" content=\"2026-04-19T02:56:35+00:00\" \/>\n<meta property=\"og:image\" content=\"https:\/\/autravail.ca\/wp-content\/uploads\/2026\/03\/A5TTP_A01.jpg\" \/>\n\t<meta property=\"og:image:width\" content=\"1000\" \/>\n\t<meta property=\"og:image:height\" content=\"1000\" \/>\n\t<meta property=\"og:image:type\" content=\"image\/jpeg\" \/>\n<meta name=\"twitter:card\" content=\"summary_large_image\" \/>\n<meta name=\"twitter:label1\" content=\"Est. reading time\" \/>\n\t<meta name=\"twitter:data1\" content=\"2 minutes\" \/>\n<script type=\"application\/ld+json\" class=\"yoast-schema-graph\">{\"@context\":\"https:\/\/schema.org\",\"@graph\":[{\"@type\":\"WebPage\",\"@id\":\"https:\/\/autravail.ca\/product\/botte-de-travail-morphix-boa-a5ttp\/\",\"url\":\"https:\/\/autravail.ca\/product\/botte-de-travail-morphix-boa-a5ttp\/\",\"name\":\"Botte de travail Morphix Boa - A5TTP - Le Magasin Industriel\",\"isPartOf\":{\"@id\":\"https:\/\/autravail.ca\/#website\"},\"primaryImageOfPage\":{\"@id\":\"https:\/\/autravail.ca\/product\/botte-de-travail-morphix-boa-a5ttp\/#primaryimage\"},\"image\":{\"@id\":\"https:\/\/autravail.ca\/product\/botte-de-travail-morphix-boa-a5ttp\/#primaryimage\"},\"thumbnailUrl\":\"https:\/\/autravail.ca\/wp-content\/uploads\/2026\/03\/A5TTP_A01.jpg\",\"datePublished\":\"2026-03-11T17:43:11+00:00\",\"dateModified\":\"2026-04-19T02:56:35+00:00\",\"description\":\"Botte de travail Morphix Boa - A5TTP elles sont r\u00e9put\u00e9es pour leur robustesse, leur \u00e9tanch\u00e9it\u00e9 totale et leur style iconique qui traverse les g\u00e9n\u00e9rations\",\"breadcrumb\":{\"@id\":\"https:\/\/autravail.ca\/product\/botte-de-travail-morphix-boa-a5ttp\/#breadcrumb\"},\"inLanguage\":\"en-CA\",\"potentialAction\":[{\"@type\":\"ReadAction\",\"target\":[\"https:\/\/autravail.ca\/product\/botte-de-travail-morphix-boa-a5ttp\/\"]}]},{\"@type\":\"ImageObject\",\"inLanguage\":\"en-CA\",\"@id\":\"https:\/\/autravail.ca\/product\/botte-de-travail-morphix-boa-a5ttp\/#primaryimage\",\"url\":\"https:\/\/autravail.ca\/wp-content\/uploads\/2026\/03\/A5TTP_A01.jpg\",\"contentUrl\":\"https:\/\/autravail.ca\/wp-content\/uploads\/2026\/03\/A5TTP_A01.jpg\",\"width\":1000,\"height\":1000,\"caption\":\"Botte de travail Morphix Boa - A5TTP\"},{\"@type\":\"BreadcrumbList\",\"@id\":\"https:\/\/autravail.ca\/product\/botte-de-travail-morphix-boa-a5ttp\/#breadcrumb\",\"itemListElement\":[{\"@type\":\"ListItem\",\"position\":1,\"name\":\"Accueil\",\"item\":\"https:\/\/autravail.ca\/\"},{\"@type\":\"ListItem\",\"position\":2,\"name\":\"Magasin\",\"item\":\"https:\/\/autravail.ca\/en\/shop\/\"},{\"@type\":\"ListItem\",\"position\":3,\"name\":\"Botte de travail Morphix Boa &#8211; A5TTP\"}]},{\"@type\":\"WebSite\",\"@id\":\"https:\/\/autravail.ca\/#website\",\"url\":\"https:\/\/autravail.ca\/\",\"name\":\"Le Magasin Industriel\",\"description\":\"50 ans de tradition de s\u00e9curit\u00e9 au travail\",\"publisher\":{\"@id\":\"https:\/\/autravail.ca\/#organization\"},\"potentialAction\":[{\"@type\":\"SearchAction\",\"target\":{\"@type\":\"EntryPoint\",\"urlTemplate\":\"https:\/\/autravail.ca\/?s={search_term_string}\"},\"query-input\":{\"@type\":\"PropertyValueSpecification\",\"valueRequired\":true,\"valueName\":\"search_term_string\"}}],\"inLanguage\":\"en-CA\"},{\"@type\":\"Organization\",\"@id\":\"https:\/\/autravail.ca\/#organization\",\"name\":\"Le Magasin Industriel\",\"url\":\"https:\/\/autravail.ca\/\",\"logo\":{\"@type\":\"ImageObject\",\"inLanguage\":\"en-CA\",\"@id\":\"https:\/\/autravail.ca\/#\/schema\/logo\/image\/\",\"url\":\"https:\/\/autravail.ca\/wp-content\/uploads\/2025\/05\/cropped-magasin_industriel_120x.avif\",\"contentUrl\":\"https:\/\/autravail.ca\/wp-content\/uploads\/2025\/05\/cropped-magasin_industriel_120x.avif\",\"width\":120,\"height\":24,\"caption\":\"Le Magasin Industriel\"},\"image\":{\"@id\":\"https:\/\/autravail.ca\/#\/schema\/logo\/image\/\"},\"sameAs\":[\"https:\/\/www.facebook.com\/lemagasinindustriel\/?locale=fr_FR\"]}]}<\/script>\n<!-- \/ Yoast SEO plugin. -->","yoast_head_json":{"title":"Botte de travail Morphix Boa - A5TTP - Le Magasin Industriel","description":"Botte de travail Morphix Boa - A5TTP elles sont r\u00e9put\u00e9es pour leur robustesse, leur \u00e9tanch\u00e9it\u00e9 totale et leur style iconique qui traverse les g\u00e9n\u00e9rations","robots":{"index":"index","follow":"follow","max-snippet":"max-snippet:-1","max-image-preview":"max-image-preview:large","max-video-preview":"max-video-preview:-1"},"canonical":"https:\/\/autravail.ca\/en\/product\/botte-de-travail-morphix-boa-a5ttp\/","og_locale":"en_US","og_type":"article","og_title":"Botte de travail Morphix Boa - A5TTP - Le Magasin Industriel","og_description":"Botte de travail Morphix Boa - A5TTP elles sont r\u00e9put\u00e9es pour leur robustesse, leur \u00e9tanch\u00e9it\u00e9 totale et leur style iconique qui traverse les g\u00e9n\u00e9rations","og_url":"https:\/\/autravail.ca\/en\/product\/botte-de-travail-morphix-boa-a5ttp\/","og_site_name":"Le Magasin Industriel","article_publisher":"https:\/\/www.facebook.com\/lemagasinindustriel\/?locale=fr_FR","article_modified_time":"2026-04-19T02:56:35+00:00","og_image":[{"width":1000,"height":1000,"url":"https:\/\/autravail.ca\/wp-content\/uploads\/2026\/03\/A5TTP_A01.jpg","type":"image\/jpeg"}],"twitter_card":"summary_large_image","twitter_misc":{"Est. reading time":"2 minutes"},"schema":{"@context":"https:\/\/schema.org","@graph":[{"@type":"WebPage","@id":"https:\/\/autravail.ca\/product\/botte-de-travail-morphix-boa-a5ttp\/","url":"https:\/\/autravail.ca\/product\/botte-de-travail-morphix-boa-a5ttp\/","name":"Botte de travail Morphix Boa - A5TTP - Le Magasin Industriel","isPartOf":{"@id":"https:\/\/autravail.ca\/#website"},"primaryImageOfPage":{"@id":"https:\/\/autravail.ca\/product\/botte-de-travail-morphix-boa-a5ttp\/#primaryimage"},"image":{"@id":"https:\/\/autravail.ca\/product\/botte-de-travail-morphix-boa-a5ttp\/#primaryimage"},"thumbnailUrl":"https:\/\/autravail.ca\/wp-content\/uploads\/2026\/03\/A5TTP_A01.jpg","datePublished":"2026-03-11T17:43:11+00:00","dateModified":"2026-04-19T02:56:35+00:00","description":"Botte de travail Morphix Boa - A5TTP elles sont r\u00e9put\u00e9es pour leur robustesse, leur \u00e9tanch\u00e9it\u00e9 totale et leur style iconique qui traverse les g\u00e9n\u00e9rations","breadcrumb":{"@id":"https:\/\/autravail.ca\/product\/botte-de-travail-morphix-boa-a5ttp\/#breadcrumb"},"inLanguage":"en-CA","potentialAction":[{"@type":"ReadAction","target":["https:\/\/autravail.ca\/product\/botte-de-travail-morphix-boa-a5ttp\/"]}]},{"@type":"ImageObject","inLanguage":"en-CA","@id":"https:\/\/autravail.ca\/product\/botte-de-travail-morphix-boa-a5ttp\/#primaryimage","url":"https:\/\/autravail.ca\/wp-content\/uploads\/2026\/03\/A5TTP_A01.jpg","contentUrl":"https:\/\/autravail.ca\/wp-content\/uploads\/2026\/03\/A5TTP_A01.jpg","width":1000,"height":1000,"caption":"Botte de travail Morphix Boa - A5TTP"},{"@type":"BreadcrumbList","@id":"https:\/\/autravail.ca\/product\/botte-de-travail-morphix-boa-a5ttp\/#breadcrumb","itemListElement":[{"@type":"ListItem","position":1,"name":"Accueil","item":"https:\/\/autravail.ca\/"},{"@type":"ListItem","position":2,"name":"Magasin","item":"https:\/\/autravail.ca\/en\/shop\/"},{"@type":"ListItem","position":3,"name":"Botte de travail Morphix Boa &#8211; A5TTP"}]},{"@type":"WebSite","@id":"https:\/\/autravail.ca\/#website","url":"https:\/\/autravail.ca\/","name":"Le Magasin Industriel","description":"50 ans de tradition de s\u00e9curit\u00e9 au travail","publisher":{"@id":"https:\/\/autravail.ca\/#organization"},"potentialAction":[{"@type":"SearchAction","target":{"@type":"EntryPoint","urlTemplate":"https:\/\/autravail.ca\/?s={search_term_string}"},"query-input":{"@type":"PropertyValueSpecification","valueRequired":true,"valueName":"search_term_string"}}],"inLanguage":"en-CA"},{"@type":"Organization","@id":"https:\/\/autravail.ca\/#organization","name":"Le Magasin Industriel","url":"https:\/\/autravail.ca\/","logo":{"@type":"ImageObject","inLanguage":"en-CA","@id":"https:\/\/autravail.ca\/#\/schema\/logo\/image\/","url":"https:\/\/autravail.ca\/wp-content\/uploads\/2025\/05\/cropped-magasin_industriel_120x.avif","contentUrl":"https:\/\/autravail.ca\/wp-content\/uploads\/2025\/05\/cropped-magasin_industriel_120x.avif","width":120,"height":24,"caption":"Le Magasin Industriel"},"image":{"@id":"https:\/\/autravail.ca\/#\/schema\/logo\/image\/"},"sameAs":["https:\/\/www.facebook.com\/lemagasinindustriel\/?locale=fr_FR"]}]}},"jetpack_sharing_enabled":true,"_links":{"self":[{"href":"https:\/\/autravail.ca\/en\/wp-json\/wp\/v2\/product\/45496","targetHints":{"allow":["GET"]}}],"collection":[{"href":"https:\/\/autravail.ca\/en\/wp-json\/wp\/v2\/product"}],"about":[{"href":"https:\/\/autravail.ca\/en\/wp-json\/wp\/v2\/types\/product"}],"replies":[{"embeddable":true,"href":"https:\/\/autravail.ca\/en\/wp-json\/wp\/v2\/comments?post=45496"}],"wp:featuredmedia":[{"embeddable":true,"href":"https:\/\/autravail.ca\/en\/wp-json\/wp\/v2\/media\/45497"}],"wp:attachment":[{"href":"https:\/\/autravail.ca\/en\/wp-json\/wp\/v2\/media?parent=45496"}],"wp:term":[{"taxonomy":"product_cat","embeddable":true,"href":"https:\/\/autravail.ca\/en\/wp-json\/wp\/v2\/product_cat?post=45496"},{"taxonomy":"product_tag","embeddable":true,"href":"https:\/\/autravail.ca\/en\/wp-json\/wp\/v2\/product_tag?post=45496"}],"curies":[{"name":"wp","href":"https:\/\/api.w.org\/{rel}","templated":true}]}}