{"id":44786,"date":"2026-03-03T16:08:38","date_gmt":"2026-03-03T20:08:38","guid":{"rendered":"https:\/\/autravail.ca\/?post_type=product&#038;p=44786"},"modified":"2026-03-03T16:08:39","modified_gmt":"2026-03-03T20:08:39","slug":"chemise-de-travail-70-200r","status":"publish","type":"product","link":"https:\/\/autravail.ca\/en\/product\/chemise-de-travail-70-200r\/","title":{"rendered":"Chemise de travail &#8211; 70-200R"},"content":{"rendered":"<h3>Chemise de travail &#8211; 70-200R<\/h3>\n<p>Chemise de travail &#8211; 70-200R est une chemise de travail haute visibilit\u00e9 \u00e0 manches longues, non doubl\u00e9e, con\u00e7ue pour la durabilit\u00e9 et la s\u00e9curit\u00e9 sur les chantiers. Le v\u00eatement est assembl\u00e9 avec du fil \u00e0 haute r\u00e9sistance et des points de tension renforc\u00e9s pour une long\u00e9vit\u00e9 accrue dans des environnements exigeants.<\/p>\n<h6>Caract\u00e9ristiques<\/h6>\n<ul>\n<li>Elle est fabriqu\u00e9e dans un tissu serg\u00e9 195 gsm (5.75oz) 65% polyester \/ 35% coton pr\u00e9r\u00e9tr\u00e9ci<\/li>\n<li>Regular cut<\/li>\n<li>Elle dispose d&rsquo;une fermeture \u00e0 boutons pression antirouille, ce qui facilite l&rsquo;habillage et le retrait rapide.<\/li>\n<li>Dos avec empi\u00e8cement double<\/li>\n<li>Bandes r\u00e9fl\u00e9chissantes \u00e0 la taille, au dos, \u00e0 la poitrine et aux bras pour assurer une visibilit\u00e9 \u00e0 360 degr\u00e9s.<\/li>\n<li>Double couture sur la bande jaune<\/li>\n<li>Deux poches \u00e0 la poitrine avec rabat et bouton pression antirouille<\/li>\n<li>Fente pour les crayons \u00e0 la poche droite<\/li>\n<li>Poignet avec fermeture \u00e0 boutons pression antirouille<\/li>\n<li>Fil de haute r\u00e9sistance et points de tension renforc\u00e9s<\/li>\n<li>Certifi\u00e9e\u00a0<strong class=\"Yjhzub\" data-sfc-cb=\"\" data-complete=\"true\">CSA Z96-15 Classe 1, Niveau 2<\/strong>.<\/li>\n<\/ul>\n<p>Le tissu est trait\u00e9 pour \u00eatre r\u00e9sistant aux taches et dispose d&rsquo;une finition \u00ab\u00a0Permanent Press\u00a0\u00bb qui minimise le froissage apr\u00e8s le lavage.<\/p>\n<p><img decoding=\"async\" class=\"alignnone wp-image-40620\" src=\"https:\/\/autravail.ca\/wp-content\/uploads\/2025\/09\/Jachete-quebec-et-canada.jpg\" alt=\"Logo de l'achat local\" width=\"162\" height=\"139\" \/>Merci d&rsquo;encourager une entreprise 100% d&rsquo;ici!<\/p>\n<p>TS2603H<\/p>","protected":false},"excerpt":{"rendered":"<p>Chemise de travail &#8211; 70-200R Chemise de travail &#8211; 70-200R est une chemise de travail haute visibilit\u00e9 \u00e0 manches longues, non doubl\u00e9e, con\u00e7ue pour la durabilit\u00e9 et la s\u00e9curit\u00e9 sur les chantiers. Le v\u00eatement est assembl\u00e9 avec du fil \u00e0 haute r\u00e9sistance et des points de tension renforc\u00e9s pour une long\u00e9vit\u00e9 accrue dans des environnements [&hellip;]<\/p>","protected":false},"featured_media":44794,"comment_status":"open","ping_status":"closed","template":"","meta":[],"product_cat":[606,633,602,604,658],"product_tag":[247,255,242,291],"class_list":{"0":"post-44786","1":"product","2":"type-product","3":"status-publish","4":"has-post-thumbnail","6":"product_brand-jackfield","7":"product_cat-chemises","8":"product_cat-femmes","9":"product_cat-hommes","10":"product_cat-vetements-de-travail","11":"product_cat-vetements-haute-visibilite","12":"product_tag-chemises","13":"product_tag-femme","14":"product_tag-homme","15":"product_tag-vetements-haute-visibilite","17":"first","18":"instock","19":"taxable","20":"shipping-taxable","21":"purchasable","22":"product-type-variable"},"yoast_head":"<!-- This site is optimized with the Yoast SEO plugin v25.3.1 - https:\/\/yoast.com\/wordpress\/plugins\/seo\/ -->\n<title>Chemise de travail - 70-200R - Le Magasin Industriel<\/title>\n<meta name=\"description\" content=\"Chemise de travail - 70-200R est une chemise de travail \u00e0 manches longues avec bandes r\u00e9fl\u00e9chissantes, non doubl\u00e9e, fermeture \u00e0 pression\" \/>\n<meta name=\"robots\" content=\"index, follow, max-snippet:-1, max-image-preview:large, max-video-preview:-1\" \/>\n<link rel=\"canonical\" href=\"https:\/\/autravail.ca\/en\/product\/chemise-de-travail-70-200r\/\" \/>\n<meta property=\"og:locale\" content=\"en_US\" \/>\n<meta property=\"og:type\" content=\"article\" \/>\n<meta property=\"og:title\" content=\"Chemise de travail - 70-200R - Le Magasin Industriel\" \/>\n<meta property=\"og:description\" content=\"Chemise de travail - 70-200R est une chemise de travail \u00e0 manches longues avec bandes r\u00e9fl\u00e9chissantes, non doubl\u00e9e, fermeture \u00e0 pression\" \/>\n<meta property=\"og:url\" content=\"https:\/\/autravail.ca\/en\/product\/chemise-de-travail-70-200r\/\" \/>\n<meta property=\"og:site_name\" content=\"Le Magasin Industriel\" \/>\n<meta property=\"article:publisher\" content=\"https:\/\/www.facebook.com\/lemagasinindustriel\/?locale=fr_FR\" \/>\n<meta property=\"article:modified_time\" content=\"2026-03-03T20:08:39+00:00\" \/>\n<meta property=\"og:image\" content=\"https:\/\/autravail.ca\/wp-content\/uploads\/2026\/03\/70-200R_A01.jpg\" \/>\n\t<meta property=\"og:image:width\" content=\"1000\" \/>\n\t<meta property=\"og:image:height\" content=\"1000\" \/>\n\t<meta property=\"og:image:type\" content=\"image\/jpeg\" \/>\n<meta name=\"twitter:card\" content=\"summary_large_image\" \/>\n<meta name=\"twitter:label1\" content=\"Est. reading time\" \/>\n\t<meta name=\"twitter:data1\" content=\"2 minutes\" \/>\n<script type=\"application\/ld+json\" class=\"yoast-schema-graph\">{\"@context\":\"https:\/\/schema.org\",\"@graph\":[{\"@type\":\"WebPage\",\"@id\":\"https:\/\/autravail.ca\/product\/chemise-de-travail-70-200r\/\",\"url\":\"https:\/\/autravail.ca\/product\/chemise-de-travail-70-200r\/\",\"name\":\"Chemise de travail - 70-200R - Le Magasin Industriel\",\"isPartOf\":{\"@id\":\"https:\/\/autravail.ca\/#website\"},\"primaryImageOfPage\":{\"@id\":\"https:\/\/autravail.ca\/product\/chemise-de-travail-70-200r\/#primaryimage\"},\"image\":{\"@id\":\"https:\/\/autravail.ca\/product\/chemise-de-travail-70-200r\/#primaryimage\"},\"thumbnailUrl\":\"https:\/\/autravail.ca\/wp-content\/uploads\/2026\/03\/70-200R_A01.jpg\",\"datePublished\":\"2026-03-03T20:08:38+00:00\",\"dateModified\":\"2026-03-03T20:08:39+00:00\",\"description\":\"Chemise de travail - 70-200R est une chemise de travail \u00e0 manches longues avec bandes r\u00e9fl\u00e9chissantes, non doubl\u00e9e, fermeture \u00e0 pression\",\"breadcrumb\":{\"@id\":\"https:\/\/autravail.ca\/product\/chemise-de-travail-70-200r\/#breadcrumb\"},\"inLanguage\":\"en-CA\",\"potentialAction\":[{\"@type\":\"ReadAction\",\"target\":[\"https:\/\/autravail.ca\/product\/chemise-de-travail-70-200r\/\"]}]},{\"@type\":\"ImageObject\",\"inLanguage\":\"en-CA\",\"@id\":\"https:\/\/autravail.ca\/product\/chemise-de-travail-70-200r\/#primaryimage\",\"url\":\"https:\/\/autravail.ca\/wp-content\/uploads\/2026\/03\/70-200R_A01.jpg\",\"contentUrl\":\"https:\/\/autravail.ca\/wp-content\/uploads\/2026\/03\/70-200R_A01.jpg\",\"width\":1000,\"height\":1000,\"caption\":\"Chemise de travail - 70-200R\"},{\"@type\":\"BreadcrumbList\",\"@id\":\"https:\/\/autravail.ca\/product\/chemise-de-travail-70-200r\/#breadcrumb\",\"itemListElement\":[{\"@type\":\"ListItem\",\"position\":1,\"name\":\"Accueil\",\"item\":\"https:\/\/autravail.ca\/\"},{\"@type\":\"ListItem\",\"position\":2,\"name\":\"Magasin\",\"item\":\"https:\/\/autravail.ca\/en\/shop\/\"},{\"@type\":\"ListItem\",\"position\":3,\"name\":\"Chemise de travail &#8211; 70-200R\"}]},{\"@type\":\"WebSite\",\"@id\":\"https:\/\/autravail.ca\/#website\",\"url\":\"https:\/\/autravail.ca\/\",\"name\":\"Le Magasin Industriel\",\"description\":\"50 ans de tradition de s\u00e9curit\u00e9 au travail\",\"publisher\":{\"@id\":\"https:\/\/autravail.ca\/#organization\"},\"potentialAction\":[{\"@type\":\"SearchAction\",\"target\":{\"@type\":\"EntryPoint\",\"urlTemplate\":\"https:\/\/autravail.ca\/?s={search_term_string}\"},\"query-input\":{\"@type\":\"PropertyValueSpecification\",\"valueRequired\":true,\"valueName\":\"search_term_string\"}}],\"inLanguage\":\"en-CA\"},{\"@type\":\"Organization\",\"@id\":\"https:\/\/autravail.ca\/#organization\",\"name\":\"Le Magasin Industriel\",\"url\":\"https:\/\/autravail.ca\/\",\"logo\":{\"@type\":\"ImageObject\",\"inLanguage\":\"en-CA\",\"@id\":\"https:\/\/autravail.ca\/#\/schema\/logo\/image\/\",\"url\":\"https:\/\/autravail.ca\/wp-content\/uploads\/2025\/05\/cropped-magasin_industriel_120x.avif\",\"contentUrl\":\"https:\/\/autravail.ca\/wp-content\/uploads\/2025\/05\/cropped-magasin_industriel_120x.avif\",\"width\":120,\"height\":24,\"caption\":\"Le Magasin Industriel\"},\"image\":{\"@id\":\"https:\/\/autravail.ca\/#\/schema\/logo\/image\/\"},\"sameAs\":[\"https:\/\/www.facebook.com\/lemagasinindustriel\/?locale=fr_FR\"]}]}<\/script>\n<!-- \/ Yoast SEO plugin. -->","yoast_head_json":{"title":"Chemise de travail - 70-200R - Le Magasin Industriel","description":"Chemise de travail - 70-200R est une chemise de travail \u00e0 manches longues avec bandes r\u00e9fl\u00e9chissantes, non doubl\u00e9e, fermeture \u00e0 pression","robots":{"index":"index","follow":"follow","max-snippet":"max-snippet:-1","max-image-preview":"max-image-preview:large","max-video-preview":"max-video-preview:-1"},"canonical":"https:\/\/autravail.ca\/en\/product\/chemise-de-travail-70-200r\/","og_locale":"en_US","og_type":"article","og_title":"Chemise de travail - 70-200R - Le Magasin Industriel","og_description":"Chemise de travail - 70-200R est une chemise de travail \u00e0 manches longues avec bandes r\u00e9fl\u00e9chissantes, non doubl\u00e9e, fermeture \u00e0 pression","og_url":"https:\/\/autravail.ca\/en\/product\/chemise-de-travail-70-200r\/","og_site_name":"Le Magasin Industriel","article_publisher":"https:\/\/www.facebook.com\/lemagasinindustriel\/?locale=fr_FR","article_modified_time":"2026-03-03T20:08:39+00:00","og_image":[{"width":1000,"height":1000,"url":"https:\/\/autravail.ca\/wp-content\/uploads\/2026\/03\/70-200R_A01.jpg","type":"image\/jpeg"}],"twitter_card":"summary_large_image","twitter_misc":{"Est. reading time":"2 minutes"},"schema":{"@context":"https:\/\/schema.org","@graph":[{"@type":"WebPage","@id":"https:\/\/autravail.ca\/product\/chemise-de-travail-70-200r\/","url":"https:\/\/autravail.ca\/product\/chemise-de-travail-70-200r\/","name":"Chemise de travail - 70-200R - Le Magasin Industriel","isPartOf":{"@id":"https:\/\/autravail.ca\/#website"},"primaryImageOfPage":{"@id":"https:\/\/autravail.ca\/product\/chemise-de-travail-70-200r\/#primaryimage"},"image":{"@id":"https:\/\/autravail.ca\/product\/chemise-de-travail-70-200r\/#primaryimage"},"thumbnailUrl":"https:\/\/autravail.ca\/wp-content\/uploads\/2026\/03\/70-200R_A01.jpg","datePublished":"2026-03-03T20:08:38+00:00","dateModified":"2026-03-03T20:08:39+00:00","description":"Chemise de travail - 70-200R est une chemise de travail \u00e0 manches longues avec bandes r\u00e9fl\u00e9chissantes, non doubl\u00e9e, fermeture \u00e0 pression","breadcrumb":{"@id":"https:\/\/autravail.ca\/product\/chemise-de-travail-70-200r\/#breadcrumb"},"inLanguage":"en-CA","potentialAction":[{"@type":"ReadAction","target":["https:\/\/autravail.ca\/product\/chemise-de-travail-70-200r\/"]}]},{"@type":"ImageObject","inLanguage":"en-CA","@id":"https:\/\/autravail.ca\/product\/chemise-de-travail-70-200r\/#primaryimage","url":"https:\/\/autravail.ca\/wp-content\/uploads\/2026\/03\/70-200R_A01.jpg","contentUrl":"https:\/\/autravail.ca\/wp-content\/uploads\/2026\/03\/70-200R_A01.jpg","width":1000,"height":1000,"caption":"Chemise de travail - 70-200R"},{"@type":"BreadcrumbList","@id":"https:\/\/autravail.ca\/product\/chemise-de-travail-70-200r\/#breadcrumb","itemListElement":[{"@type":"ListItem","position":1,"name":"Accueil","item":"https:\/\/autravail.ca\/"},{"@type":"ListItem","position":2,"name":"Magasin","item":"https:\/\/autravail.ca\/en\/shop\/"},{"@type":"ListItem","position":3,"name":"Chemise de travail &#8211; 70-200R"}]},{"@type":"WebSite","@id":"https:\/\/autravail.ca\/#website","url":"https:\/\/autravail.ca\/","name":"Le Magasin Industriel","description":"50 ans de tradition de s\u00e9curit\u00e9 au travail","publisher":{"@id":"https:\/\/autravail.ca\/#organization"},"potentialAction":[{"@type":"SearchAction","target":{"@type":"EntryPoint","urlTemplate":"https:\/\/autravail.ca\/?s={search_term_string}"},"query-input":{"@type":"PropertyValueSpecification","valueRequired":true,"valueName":"search_term_string"}}],"inLanguage":"en-CA"},{"@type":"Organization","@id":"https:\/\/autravail.ca\/#organization","name":"Le Magasin Industriel","url":"https:\/\/autravail.ca\/","logo":{"@type":"ImageObject","inLanguage":"en-CA","@id":"https:\/\/autravail.ca\/#\/schema\/logo\/image\/","url":"https:\/\/autravail.ca\/wp-content\/uploads\/2025\/05\/cropped-magasin_industriel_120x.avif","contentUrl":"https:\/\/autravail.ca\/wp-content\/uploads\/2025\/05\/cropped-magasin_industriel_120x.avif","width":120,"height":24,"caption":"Le Magasin Industriel"},"image":{"@id":"https:\/\/autravail.ca\/#\/schema\/logo\/image\/"},"sameAs":["https:\/\/www.facebook.com\/lemagasinindustriel\/?locale=fr_FR"]}]}},"jetpack_sharing_enabled":true,"_links":{"self":[{"href":"https:\/\/autravail.ca\/en\/wp-json\/wp\/v2\/product\/44786","targetHints":{"allow":["GET"]}}],"collection":[{"href":"https:\/\/autravail.ca\/en\/wp-json\/wp\/v2\/product"}],"about":[{"href":"https:\/\/autravail.ca\/en\/wp-json\/wp\/v2\/types\/product"}],"replies":[{"embeddable":true,"href":"https:\/\/autravail.ca\/en\/wp-json\/wp\/v2\/comments?post=44786"}],"wp:featuredmedia":[{"embeddable":true,"href":"https:\/\/autravail.ca\/en\/wp-json\/wp\/v2\/media\/44794"}],"wp:attachment":[{"href":"https:\/\/autravail.ca\/en\/wp-json\/wp\/v2\/media?parent=44786"}],"wp:term":[{"taxonomy":"product_cat","embeddable":true,"href":"https:\/\/autravail.ca\/en\/wp-json\/wp\/v2\/product_cat?post=44786"},{"taxonomy":"product_tag","embeddable":true,"href":"https:\/\/autravail.ca\/en\/wp-json\/wp\/v2\/product_tag?post=44786"}],"curies":[{"name":"wp","href":"https:\/\/api.w.org\/{rel}","templated":true}]}}