{"id":44765,"date":"2026-02-25T17:42:22","date_gmt":"2026-02-25T21:42:22","guid":{"rendered":"https:\/\/autravail.ca\/?post_type=product&#038;p=44765"},"modified":"2026-02-25T17:42:23","modified_gmt":"2026-02-25T21:42:23","slug":"soulier-de-travail-skechers-108075ca","status":"publish","type":"product","link":"https:\/\/autravail.ca\/en\/product\/soulier-de-travail-skechers-108075ca\/","title":{"rendered":"Soulier de travail Skechers &#8211; 108075CA"},"content":{"rendered":"<h3>Soulier de travail Skechers &#8211; 108075CA<\/h3>\n<p>Soulier de travail Skechers &#8211; 108075CA aussi appel\u00e9\u00a0<strong class=\"Yjhzub\" data-complete=\"true\" data-processed=\"true\"><a href=\"https:\/\/autravail.ca\/en\/product-brand\/sketchers\/\">Skechers<\/a> Work Slip-Resistant : Arch Fit &#8211; Ebinal<\/strong>, est une chaussure de s\u00e9curit\u00e9 pour femme con\u00e7ue pour offrir un soutien ergonomique sup\u00e9rieur et une protection certifi\u00e9e pour les environnements de travail exigeants.<\/p>\n<p><img decoding=\"async\" class=\"alignnone size-full wp-image-42195\" src=\"https:\/\/autravail.ca\/wp-content\/uploads\/2025\/05\/logo-CSA-SD.jpg\" alt=\"logo CSA SD +\" width=\"300\" height=\"87\" srcset=\"https:\/\/autravail.ca\/wp-content\/uploads\/2025\/05\/logo-CSA-SD.jpg 300w, https:\/\/autravail.ca\/wp-content\/uploads\/2025\/05\/logo-CSA-SD-150x44.jpg 150w, https:\/\/autravail.ca\/wp-content\/uploads\/2025\/05\/logo-CSA-SD-18x5.jpg 18w\" sizes=\"(max-width: 300px) 100vw, 300px\" \/><\/p>\n<div class=\"c-product-features-details__detail description collapsible-md d-lg-block col-12 col-lg-6\">\n<h6 class=\"c-product-features-details__title title d-none d-md-block\"><span dir=\"auto\">Characteristics:<\/span><\/h6>\n<ul class=\"c-product-features-details__bullets content value\">\n<li class=\"c-product-features-details__bullet\"><span dir=\"auto\">Syst\u00e8me de semelles brevet\u00e9 Skechers Arch Fit\u00ae avec soutien de la vo\u00fbte plantaire certifi\u00e9 par un podologue, d\u00e9velopp\u00e9 \u00e0 partir de 20 ans de donn\u00e9es et de 120 000 scans de pieds sans charge.<\/span><\/li>\n<li class=\"c-product-features-details__bullet\"><span dir=\"auto\">La semelle int\u00e9rieure amovible \u00e9pouse la forme de votre pied pour r\u00e9duire les chocs et augmenter la r\u00e9partition du poids.<\/span><\/li>\n<li class=\"c-product-features-details__bullet\"><span dir=\"auto\">L&#8217;embout de s\u00e9curit\u00e9 en alliage l\u00e9ger r\u00e9pond aux normes ASTM 2413 en mati\u00e8re d&rsquo;impact et de compression.<\/span><\/li>\n<li class=\"c-product-features-details__bullet\"><span dir=\"auto\">Semelle ext\u00e9rieure antid\u00e9rapante<\/span><\/li>\n<li class=\"c-product-features-details__bullet\"><span dir=\"auto\">Semelle int\u00e9rieure r\u00e9sistante \u00e0 la perforation<\/span><\/li>\n<li class=\"c-product-features-details__bullet\"><span dir=\"auto\">Conception de dissipateurs \u00e9lectrostatiques (ESD)<\/span><\/li>\n<\/ul>\n<\/div>\n<div class=\"c-product-features-details__detail details collapsible-md d-lg-block col-12 col-lg-6\">\n<h6 class=\"c-product-features-details__title title d-none d-md-block\"><span dir=\"auto\">D\u00e9tails de conception:<\/span><\/h6>\n<ul class=\"c-product-features-details__bullets content value\">\n<li class=\"c-product-features-details__bullet\"><span dir=\"auto\">Tige en mesh et synth\u00e9tique avec fermeture \u00e0 lacets sur le devant<\/span><\/li>\n<li class=\"c-product-features-details__bullet\"><span dir=\"auto\">hauteur du talon de 1 pouce et demi<\/span><\/li>\n<li class=\"c-product-features-details__bullet\"><span dir=\"auto\">D\u00e9tails des logos Skechers\u00ae et Arch Fit\u00ae<\/span><\/li>\n<\/ul>\n<div class=\"c-product-technologies__heading-container\">\n<h6 class=\"c-product-technologies__heading\"><span dir=\"auto\">Technologies de confort<\/span><\/h6>\n<\/div>\n<div class=\"container\">\n<div class=\"c-product-technologies__container\">\n<div class=\"c-product-technologies__item col-lg-4 col-md-6                             contentasset-pdp-comfort-technology-arch-fit                             last-type-no-border top-row-padding  comfort-col-4up\"><\/p>\n<div class=\"items__heading__body-container\">\n<div class=\"Y3BBE\" data-sfc-cp=\"\" data-hveid=\"CAEIBxAA\" data-complete=\"true\" data-processed=\"true\">La particularit\u00e9 de ce soulier r\u00e9side dans l&rsquo;int\u00e9gration de la technologie\u00a0<strong class=\"Yjhzub\" data-complete=\"true\" data-processed=\"true\">Arch Fit\u00ae<\/strong> :<\/div>\n<ul class=\"KsbFXc U6u95\" data-complete=\"true\" data-processed=\"true\">\n<li class=\"dF3vjf\" data-hveid=\"CAEICBAA\" data-complete=\"true\" data-sae=\"\"><span class=\"T286Pc\" data-sfc-cp=\"\" data-complete=\"true\"><strong class=\"Yjhzub\" data-complete=\"true\">Soutien Arch Fit\u00ae<\/strong>\u00a0: Syst\u00e8me de semelle int\u00e9rieure amovible certifi\u00e9 par des podiatres, con\u00e7u \u00e0 partir de 120 000 scans de pieds pour offrir un soutien optimal de la vo\u00fbte plantaire et r\u00e9duire les chocs.<\/span><\/li>\n<li class=\"dF3vjf\" data-hveid=\"CAEICBAB\" data-complete=\"true\" data-sae=\"\"><span class=\"T286Pc\" data-sfc-cp=\"\" data-complete=\"true\"><strong class=\"Yjhzub\" data-complete=\"true\">Respirabilit\u00e9<\/strong>\u00a0: Tige en maille technique (mesh) et mat\u00e9riaux synth\u00e9tiques favorisant la circulation de l&rsquo;air pendant les longues journ\u00e9es de travail.<\/span><\/li>\n<li class=\"dF3vjf\" data-hveid=\"CAEICBAC\" data-complete=\"true\" data-sae=\"\"><span class=\"T286Pc\" data-sfc-cp=\"\" data-complete=\"true\"><strong class=\"Yjhzub\" data-complete=\"true\">Ajustement<\/strong>\u00a0: Mod\u00e8le \u00e0 lacets traditionnels permettant un maintien personnalis\u00e9 et s\u00e9curitaire du pied.<\/span><span class=\"uJ19be notranslate\" data-wiz-uids=\"fHCuSe_21,fHCuSe_22\" data-complete=\"true\"><span class=\"vKEkVd\" data-animation-atomic=\"\" data-wiz-attrbind=\"class=fHCuSe_20\/TKHnVd\" data-sae=\"\"><span aria-hidden=\"true\" aria-owns=\"action-menu-parent-container\">\u00a0<\/span><\/span><\/span><\/li>\n<\/ul>\n<\/div>\n<\/div>\n<\/div>\n<\/div>\n<p><img decoding=\"async\" class=\"alignnone wp-image-40620\" src=\"https:\/\/autravail.ca\/wp-content\/uploads\/2025\/09\/Jachete-quebec-et-canada.jpg\" alt=\"Logo de l'achat local\" width=\"162\" height=\"139\" \/>Merci d&rsquo;encourager une entreprise 100% d&rsquo;ici!<\/p>\n<p>TS2602H<\/p>\n<\/div>","protected":false},"excerpt":{"rendered":"<p>Soulier de travail Skechers &#8211; 108075CA Soulier de travail Skechers &#8211; 108075CA aussi appel\u00e9\u00a0Skechers Work Slip-Resistant : Arch Fit &#8211; Ebinal, est une chaussure de s\u00e9curit\u00e9 pour femme con\u00e7ue pour offrir un soutien ergonomique sup\u00e9rieur et une protection certifi\u00e9e pour les environnements de travail exigeants. Caract\u00e9ristiques: Syst\u00e8me de semelles brevet\u00e9 Skechers Arch Fit\u00ae avec soutien [&hellip;]<\/p>","protected":false},"featured_media":44766,"comment_status":"open","ping_status":"closed","template":"","meta":[],"product_cat":[811,645,619],"product_tag":[270,255,257],"class_list":{"0":"post-44765","1":"product","2":"type-product","3":"status-publish","4":"has-post-thumbnail","6":"product_brand-skechers","7":"product_cat-chaussures-de-securite","8":"product_cat-espadrilles-de-travail","9":"product_cat-souliers-de-travail","10":"product_tag-espadrilles-de-travail","11":"product_tag-femme","12":"product_tag-souliers-de-travail","14":"first","15":"instock","16":"taxable","17":"shipping-taxable","18":"purchasable","19":"product-type-variable"},"yoast_head":"<!-- This site is optimized with the Yoast SEO plugin v25.3.1 - https:\/\/yoast.com\/wordpress\/plugins\/seo\/ -->\n<title>Soulier de travail Skechers - 108075CA - Le Magasin Industriel<\/title>\n<meta name=\"description\" content=\"Soulier de travail Skechers - 108075CA aussi appel\u00e9 Skechers Work Slip-Resistant : Arch Fit - Ebinal est une chaussure pour femme\" \/>\n<meta name=\"robots\" content=\"index, follow, max-snippet:-1, max-image-preview:large, max-video-preview:-1\" \/>\n<link rel=\"canonical\" href=\"https:\/\/autravail.ca\/en\/product\/soulier-de-travail-skechers-108075ca\/\" \/>\n<meta property=\"og:locale\" content=\"en_US\" \/>\n<meta property=\"og:type\" content=\"article\" \/>\n<meta property=\"og:title\" content=\"Soulier de travail Skechers - 108075CA - Le Magasin Industriel\" \/>\n<meta property=\"og:description\" content=\"Soulier de travail Skechers - 108075CA aussi appel\u00e9 Skechers Work Slip-Resistant : Arch Fit - Ebinal est une chaussure pour femme\" \/>\n<meta property=\"og:url\" content=\"https:\/\/autravail.ca\/en\/product\/soulier-de-travail-skechers-108075ca\/\" \/>\n<meta property=\"og:site_name\" content=\"Le Magasin Industriel\" \/>\n<meta property=\"article:publisher\" content=\"https:\/\/www.facebook.com\/lemagasinindustriel\/?locale=fr_FR\" \/>\n<meta property=\"article:modified_time\" content=\"2026-02-25T21:42:23+00:00\" \/>\n<meta property=\"og:image\" content=\"https:\/\/autravail.ca\/wp-content\/uploads\/2026\/02\/108075CA_A01.jpg\" \/>\n\t<meta property=\"og:image:width\" content=\"1000\" \/>\n\t<meta property=\"og:image:height\" content=\"1000\" \/>\n\t<meta property=\"og:image:type\" content=\"image\/jpeg\" \/>\n<meta name=\"twitter:card\" content=\"summary_large_image\" \/>\n<meta name=\"twitter:label1\" content=\"Est. reading time\" \/>\n\t<meta name=\"twitter:data1\" content=\"2 minutes\" \/>\n<script type=\"application\/ld+json\" class=\"yoast-schema-graph\">{\"@context\":\"https:\/\/schema.org\",\"@graph\":[{\"@type\":\"WebPage\",\"@id\":\"https:\/\/autravail.ca\/product\/soulier-de-travail-skechers-108075ca\/\",\"url\":\"https:\/\/autravail.ca\/product\/soulier-de-travail-skechers-108075ca\/\",\"name\":\"Soulier de travail Skechers - 108075CA - Le Magasin Industriel\",\"isPartOf\":{\"@id\":\"https:\/\/autravail.ca\/#website\"},\"primaryImageOfPage\":{\"@id\":\"https:\/\/autravail.ca\/product\/soulier-de-travail-skechers-108075ca\/#primaryimage\"},\"image\":{\"@id\":\"https:\/\/autravail.ca\/product\/soulier-de-travail-skechers-108075ca\/#primaryimage\"},\"thumbnailUrl\":\"https:\/\/autravail.ca\/wp-content\/uploads\/2026\/02\/108075CA_A01.jpg\",\"datePublished\":\"2026-02-25T21:42:22+00:00\",\"dateModified\":\"2026-02-25T21:42:23+00:00\",\"description\":\"Soulier de travail Skechers - 108075CA aussi appel\u00e9 Skechers Work Slip-Resistant : Arch Fit - Ebinal est une chaussure pour femme\",\"breadcrumb\":{\"@id\":\"https:\/\/autravail.ca\/product\/soulier-de-travail-skechers-108075ca\/#breadcrumb\"},\"inLanguage\":\"en-CA\",\"potentialAction\":[{\"@type\":\"ReadAction\",\"target\":[\"https:\/\/autravail.ca\/product\/soulier-de-travail-skechers-108075ca\/\"]}]},{\"@type\":\"ImageObject\",\"inLanguage\":\"en-CA\",\"@id\":\"https:\/\/autravail.ca\/product\/soulier-de-travail-skechers-108075ca\/#primaryimage\",\"url\":\"https:\/\/autravail.ca\/wp-content\/uploads\/2026\/02\/108075CA_A01.jpg\",\"contentUrl\":\"https:\/\/autravail.ca\/wp-content\/uploads\/2026\/02\/108075CA_A01.jpg\",\"width\":1000,\"height\":1000,\"caption\":\"Soulier de travail Skechers - 108075CA\"},{\"@type\":\"BreadcrumbList\",\"@id\":\"https:\/\/autravail.ca\/product\/soulier-de-travail-skechers-108075ca\/#breadcrumb\",\"itemListElement\":[{\"@type\":\"ListItem\",\"position\":1,\"name\":\"Accueil\",\"item\":\"https:\/\/autravail.ca\/\"},{\"@type\":\"ListItem\",\"position\":2,\"name\":\"Magasin\",\"item\":\"https:\/\/autravail.ca\/en\/shop\/\"},{\"@type\":\"ListItem\",\"position\":3,\"name\":\"Soulier de travail Skechers &#8211; 108075CA\"}]},{\"@type\":\"WebSite\",\"@id\":\"https:\/\/autravail.ca\/#website\",\"url\":\"https:\/\/autravail.ca\/\",\"name\":\"Le Magasin Industriel\",\"description\":\"50 ans de tradition de s\u00e9curit\u00e9 au travail\",\"publisher\":{\"@id\":\"https:\/\/autravail.ca\/#organization\"},\"potentialAction\":[{\"@type\":\"SearchAction\",\"target\":{\"@type\":\"EntryPoint\",\"urlTemplate\":\"https:\/\/autravail.ca\/?s={search_term_string}\"},\"query-input\":{\"@type\":\"PropertyValueSpecification\",\"valueRequired\":true,\"valueName\":\"search_term_string\"}}],\"inLanguage\":\"en-CA\"},{\"@type\":\"Organization\",\"@id\":\"https:\/\/autravail.ca\/#organization\",\"name\":\"Le Magasin Industriel\",\"url\":\"https:\/\/autravail.ca\/\",\"logo\":{\"@type\":\"ImageObject\",\"inLanguage\":\"en-CA\",\"@id\":\"https:\/\/autravail.ca\/#\/schema\/logo\/image\/\",\"url\":\"https:\/\/autravail.ca\/wp-content\/uploads\/2025\/05\/cropped-magasin_industriel_120x.avif\",\"contentUrl\":\"https:\/\/autravail.ca\/wp-content\/uploads\/2025\/05\/cropped-magasin_industriel_120x.avif\",\"width\":120,\"height\":24,\"caption\":\"Le Magasin Industriel\"},\"image\":{\"@id\":\"https:\/\/autravail.ca\/#\/schema\/logo\/image\/\"},\"sameAs\":[\"https:\/\/www.facebook.com\/lemagasinindustriel\/?locale=fr_FR\"]}]}<\/script>\n<!-- \/ Yoast SEO plugin. -->","yoast_head_json":{"title":"Soulier de travail Skechers - 108075CA - Le Magasin Industriel","description":"Soulier de travail Skechers - 108075CA aussi appel\u00e9 Skechers Work Slip-Resistant : Arch Fit - Ebinal est une chaussure pour femme","robots":{"index":"index","follow":"follow","max-snippet":"max-snippet:-1","max-image-preview":"max-image-preview:large","max-video-preview":"max-video-preview:-1"},"canonical":"https:\/\/autravail.ca\/en\/product\/soulier-de-travail-skechers-108075ca\/","og_locale":"en_US","og_type":"article","og_title":"Soulier de travail Skechers - 108075CA - Le Magasin Industriel","og_description":"Soulier de travail Skechers - 108075CA aussi appel\u00e9 Skechers Work Slip-Resistant : Arch Fit - Ebinal est une chaussure pour femme","og_url":"https:\/\/autravail.ca\/en\/product\/soulier-de-travail-skechers-108075ca\/","og_site_name":"Le Magasin Industriel","article_publisher":"https:\/\/www.facebook.com\/lemagasinindustriel\/?locale=fr_FR","article_modified_time":"2026-02-25T21:42:23+00:00","og_image":[{"width":1000,"height":1000,"url":"https:\/\/autravail.ca\/wp-content\/uploads\/2026\/02\/108075CA_A01.jpg","type":"image\/jpeg"}],"twitter_card":"summary_large_image","twitter_misc":{"Est. reading time":"2 minutes"},"schema":{"@context":"https:\/\/schema.org","@graph":[{"@type":"WebPage","@id":"https:\/\/autravail.ca\/product\/soulier-de-travail-skechers-108075ca\/","url":"https:\/\/autravail.ca\/product\/soulier-de-travail-skechers-108075ca\/","name":"Soulier de travail Skechers - 108075CA - Le Magasin Industriel","isPartOf":{"@id":"https:\/\/autravail.ca\/#website"},"primaryImageOfPage":{"@id":"https:\/\/autravail.ca\/product\/soulier-de-travail-skechers-108075ca\/#primaryimage"},"image":{"@id":"https:\/\/autravail.ca\/product\/soulier-de-travail-skechers-108075ca\/#primaryimage"},"thumbnailUrl":"https:\/\/autravail.ca\/wp-content\/uploads\/2026\/02\/108075CA_A01.jpg","datePublished":"2026-02-25T21:42:22+00:00","dateModified":"2026-02-25T21:42:23+00:00","description":"Soulier de travail Skechers - 108075CA aussi appel\u00e9 Skechers Work Slip-Resistant : Arch Fit - Ebinal est une chaussure pour femme","breadcrumb":{"@id":"https:\/\/autravail.ca\/product\/soulier-de-travail-skechers-108075ca\/#breadcrumb"},"inLanguage":"en-CA","potentialAction":[{"@type":"ReadAction","target":["https:\/\/autravail.ca\/product\/soulier-de-travail-skechers-108075ca\/"]}]},{"@type":"ImageObject","inLanguage":"en-CA","@id":"https:\/\/autravail.ca\/product\/soulier-de-travail-skechers-108075ca\/#primaryimage","url":"https:\/\/autravail.ca\/wp-content\/uploads\/2026\/02\/108075CA_A01.jpg","contentUrl":"https:\/\/autravail.ca\/wp-content\/uploads\/2026\/02\/108075CA_A01.jpg","width":1000,"height":1000,"caption":"Soulier de travail Skechers - 108075CA"},{"@type":"BreadcrumbList","@id":"https:\/\/autravail.ca\/product\/soulier-de-travail-skechers-108075ca\/#breadcrumb","itemListElement":[{"@type":"ListItem","position":1,"name":"Accueil","item":"https:\/\/autravail.ca\/"},{"@type":"ListItem","position":2,"name":"Magasin","item":"https:\/\/autravail.ca\/en\/shop\/"},{"@type":"ListItem","position":3,"name":"Soulier de travail Skechers &#8211; 108075CA"}]},{"@type":"WebSite","@id":"https:\/\/autravail.ca\/#website","url":"https:\/\/autravail.ca\/","name":"Le Magasin Industriel","description":"50 ans de tradition de s\u00e9curit\u00e9 au travail","publisher":{"@id":"https:\/\/autravail.ca\/#organization"},"potentialAction":[{"@type":"SearchAction","target":{"@type":"EntryPoint","urlTemplate":"https:\/\/autravail.ca\/?s={search_term_string}"},"query-input":{"@type":"PropertyValueSpecification","valueRequired":true,"valueName":"search_term_string"}}],"inLanguage":"en-CA"},{"@type":"Organization","@id":"https:\/\/autravail.ca\/#organization","name":"Le Magasin Industriel","url":"https:\/\/autravail.ca\/","logo":{"@type":"ImageObject","inLanguage":"en-CA","@id":"https:\/\/autravail.ca\/#\/schema\/logo\/image\/","url":"https:\/\/autravail.ca\/wp-content\/uploads\/2025\/05\/cropped-magasin_industriel_120x.avif","contentUrl":"https:\/\/autravail.ca\/wp-content\/uploads\/2025\/05\/cropped-magasin_industriel_120x.avif","width":120,"height":24,"caption":"Le Magasin Industriel"},"image":{"@id":"https:\/\/autravail.ca\/#\/schema\/logo\/image\/"},"sameAs":["https:\/\/www.facebook.com\/lemagasinindustriel\/?locale=fr_FR"]}]}},"jetpack_sharing_enabled":true,"_links":{"self":[{"href":"https:\/\/autravail.ca\/en\/wp-json\/wp\/v2\/product\/44765","targetHints":{"allow":["GET"]}}],"collection":[{"href":"https:\/\/autravail.ca\/en\/wp-json\/wp\/v2\/product"}],"about":[{"href":"https:\/\/autravail.ca\/en\/wp-json\/wp\/v2\/types\/product"}],"replies":[{"embeddable":true,"href":"https:\/\/autravail.ca\/en\/wp-json\/wp\/v2\/comments?post=44765"}],"wp:featuredmedia":[{"embeddable":true,"href":"https:\/\/autravail.ca\/en\/wp-json\/wp\/v2\/media\/44766"}],"wp:attachment":[{"href":"https:\/\/autravail.ca\/en\/wp-json\/wp\/v2\/media?parent=44765"}],"wp:term":[{"taxonomy":"product_cat","embeddable":true,"href":"https:\/\/autravail.ca\/en\/wp-json\/wp\/v2\/product_cat?post=44765"},{"taxonomy":"product_tag","embeddable":true,"href":"https:\/\/autravail.ca\/en\/wp-json\/wp\/v2\/product_tag?post=44765"}],"curies":[{"name":"wp","href":"https:\/\/api.w.org\/{rel}","templated":true}]}}