{"id":44750,"date":"2026-02-25T17:22:28","date_gmt":"2026-02-25T21:22:28","guid":{"rendered":"https:\/\/autravail.ca\/?post_type=product&#038;p=44750"},"modified":"2026-02-25T17:22:28","modified_gmt":"2026-02-25T21:22:28","slug":"soulier-de-travail-skechers-200134ca","status":"publish","type":"product","link":"https:\/\/autravail.ca\/en\/product\/soulier-de-travail-skechers-200134ca\/","title":{"rendered":"Soulier de travail Skechers &#8211; 200134CA"},"content":{"rendered":"<h3>Soulier de travail Skechers &#8211; 200134CA<\/h3>\n<p>Soulier de travail Skechers &#8211; 200134CA officiellement nomm\u00e9\u00a0<strong class=\"Yjhzub\" data-complete=\"true\" data-processed=\"true\">Skechers Work : Arch Fit Slip-Resistant &#8211; Angis Comp Toe<\/strong>, est un soulier de s\u00e9curit\u00e9 pour homme qui met l&rsquo;accent sur le soutien de la vo\u00fbte plantaire.<\/p>\n<p><img decoding=\"async\" class=\"alignnone size-full wp-image-42195\" src=\"https:\/\/autravail.ca\/wp-content\/uploads\/2025\/05\/logo-CSA-SD.jpg\" alt=\"logo CSA SD +\" width=\"300\" height=\"87\" srcset=\"https:\/\/autravail.ca\/wp-content\/uploads\/2025\/05\/logo-CSA-SD.jpg 300w, https:\/\/autravail.ca\/wp-content\/uploads\/2025\/05\/logo-CSA-SD-150x44.jpg 150w, https:\/\/autravail.ca\/wp-content\/uploads\/2025\/05\/logo-CSA-SD-18x5.jpg 18w\" sizes=\"(max-width: 300px) 100vw, 300px\" \/><\/p>\n<div class=\"c-product-features-details__detail description collapsible-md d-lg-block col-12 col-lg-6\">\n<h6 class=\"c-product-features-details__title title d-none d-md-block\"><span dir=\"auto\">Caract\u00e9ristiques<\/span><\/h6>\n<ul class=\"c-product-features-details__bullets content value\">\n<li class=\"c-product-features-details__bullet\"><span dir=\"auto\">Ce mod\u00e8le a re\u00e7u le label d&rsquo;approbation de l&rsquo;Association am\u00e9ricaine de m\u00e9decine podiatrique (APMA).<\/span><\/li>\n<li class=\"c-product-features-details__bullet\"><span dir=\"auto\">Syst\u00e8me de semelles brevet\u00e9 Skechers Arch Fit\u00ae avec soutien de la vo\u00fbte plantaire certifi\u00e9 par un podologue, d\u00e9velopp\u00e9 \u00e0 partir de 20 ans de donn\u00e9es et de 120 000 scans de pieds sans charge.<\/span><\/li>\n<li class=\"c-product-features-details__bullet\"><span dir=\"auto\">La semelle int\u00e9rieure amovible \u00e9pouse la forme de votre pied pour r\u00e9duire les chocs et augmenter la r\u00e9partition du poids.<\/span><\/li>\n<li class=\"c-product-features-details__bullet\"><span dir=\"auto\">L&#8217;embout de s\u00e9curit\u00e9 composite non m\u00e9tallique r\u00e9pond aux normes ASTM F2413 en mati\u00e8re d&rsquo;impact et de compression. Gr\u00e2ce \u00e0 ses propri\u00e9t\u00e9s non m\u00e9talliques, il ne conduit ni la chaleur ni le froid.<\/span><\/li>\n<li class=\"c-product-features-details__bullet\"><span dir=\"auto\">Conception s\u00e9curitaire contre les risques \u00e9lectriques (EH) test\u00e9e selon la norme ASTM-F2413<\/span><\/li>\n<li class=\"c-product-features-details__bullet\"><span dir=\"auto\">Semelle ext\u00e9rieure antid\u00e9rapante (SRO) pour une adh\u00e9rence optimale sur surfaces mouill\u00e9es, s\u00e8ches, huileuses et grasses.<\/span><\/li>\n<\/ul>\n<\/div>\n<div class=\"c-product-features-details__detail details collapsible-md d-lg-block col-12 col-lg-6\">\n<h6 class=\"c-product-features-details__title title d-none d-md-block\"><span dir=\"auto\">D\u00e9tails de conception<\/span><\/h6>\n<ul class=\"c-product-features-details__bullets content value\">\n<li class=\"c-product-features-details__bullet\"><span dir=\"auto\">Tige r\u00e9sistante en cuir, synth\u00e9tique et mesh avec fermeture \u00e0 lacets sur le devant<\/span><\/li>\n<li class=\"c-product-features-details__bullet\"><span dir=\"auto\">Conception non m\u00e9tallique et compatible avec les d\u00e9tecteurs de m\u00e9taux<\/span><\/li>\n<li class=\"c-product-features-details__bullet\"><span dir=\"auto\">hauteur du talon de 1 1\/4 pouce<\/span><\/li>\n<li class=\"c-product-features-details__bullet\"><span dir=\"auto\">D\u00e9tails des logos Skechers\u00ae et Arch Fit\u00ae<\/span><\/li>\n<\/ul>\n<p><em><span style=\"color: #fa0b0b;\">Unisex U.S. men's sizes presented. To convert to U.S. women's size, add 2 sizes. Example: 5 U.S. men = 7 U.S. women<\/span><\/em><\/p>\n<p><img decoding=\"async\" class=\"alignnone wp-image-40620\" src=\"https:\/\/autravail.ca\/wp-content\/uploads\/2025\/09\/Jachete-quebec-et-canada.jpg\" alt=\"Logo de l'achat local\" width=\"162\" height=\"139\" \/>Merci d&rsquo;encourager une entreprise 100% d&rsquo;ici!<\/p>\n<p>TS2602H<\/p>\n<\/div>","protected":false},"excerpt":{"rendered":"<p>Soulier de travail Skechers &#8211; 200134CA Soulier de travail Skechers &#8211; 200134CA officiellement nomm\u00e9\u00a0Skechers Work : Arch Fit Slip-Resistant &#8211; Angis Comp Toe, est un soulier de s\u00e9curit\u00e9 pour homme qui met l&rsquo;accent sur le soutien de la vo\u00fbte plantaire. Caract\u00e9ristiques Ce mod\u00e8le a re\u00e7u le label d&rsquo;approbation de l&rsquo;Association am\u00e9ricaine de m\u00e9decine podiatrique (APMA). [&hellip;]<\/p>","protected":false},"featured_media":44751,"comment_status":"open","ping_status":"closed","template":"","meta":[],"product_cat":[811,645,619],"product_tag":[270,242,257],"class_list":{"0":"post-44750","1":"product","2":"type-product","3":"status-publish","4":"has-post-thumbnail","6":"product_brand-skechers","7":"product_cat-chaussures-de-securite","8":"product_cat-espadrilles-de-travail","9":"product_cat-souliers-de-travail","10":"product_tag-espadrilles-de-travail","11":"product_tag-homme","12":"product_tag-souliers-de-travail","14":"first","15":"instock","16":"taxable","17":"shipping-taxable","18":"purchasable","19":"product-type-variable"},"yoast_head":"<!-- This site is optimized with the Yoast SEO plugin v25.3.1 - https:\/\/yoast.com\/wordpress\/plugins\/seo\/ -->\n<title>Soulier de travail Skechers - 200134CA - Le Magasin Industriel<\/title>\n<meta name=\"description\" content=\"Soulier de travail Skechers - 200134CA officiellement nomm\u00e9 Skechers Work : Arch Fit Slip-Resistant - Angis Comp Toe, est un soulier de s\u00e9curit\u00e9 pour homme\" \/>\n<meta name=\"robots\" content=\"index, follow, max-snippet:-1, max-image-preview:large, max-video-preview:-1\" \/>\n<link rel=\"canonical\" href=\"https:\/\/autravail.ca\/en\/product\/soulier-de-travail-skechers-200134ca\/\" \/>\n<meta property=\"og:locale\" content=\"en_US\" \/>\n<meta property=\"og:type\" content=\"article\" \/>\n<meta property=\"og:title\" content=\"Soulier de travail Skechers - 200134CA - Le Magasin Industriel\" \/>\n<meta property=\"og:description\" content=\"Soulier de travail Skechers - 200134CA officiellement nomm\u00e9 Skechers Work : Arch Fit Slip-Resistant - Angis Comp Toe, est un soulier de s\u00e9curit\u00e9 pour homme\" \/>\n<meta property=\"og:url\" content=\"https:\/\/autravail.ca\/en\/product\/soulier-de-travail-skechers-200134ca\/\" \/>\n<meta property=\"og:site_name\" content=\"Le Magasin Industriel\" \/>\n<meta property=\"article:publisher\" content=\"https:\/\/www.facebook.com\/lemagasinindustriel\/?locale=fr_FR\" \/>\n<meta property=\"og:image\" content=\"https:\/\/autravail.ca\/wp-content\/uploads\/2026\/02\/200134CA_A01.jpg\" \/>\n\t<meta property=\"og:image:width\" content=\"1000\" \/>\n\t<meta property=\"og:image:height\" content=\"1000\" \/>\n\t<meta property=\"og:image:type\" content=\"image\/jpeg\" \/>\n<meta name=\"twitter:card\" content=\"summary_large_image\" \/>\n<meta name=\"twitter:label1\" content=\"Est. reading time\" \/>\n\t<meta name=\"twitter:data1\" content=\"2 minutes\" \/>\n<script type=\"application\/ld+json\" class=\"yoast-schema-graph\">{\"@context\":\"https:\/\/schema.org\",\"@graph\":[{\"@type\":\"WebPage\",\"@id\":\"https:\/\/autravail.ca\/product\/soulier-de-travail-skechers-200134ca\/\",\"url\":\"https:\/\/autravail.ca\/product\/soulier-de-travail-skechers-200134ca\/\",\"name\":\"Soulier de travail Skechers - 200134CA - Le Magasin Industriel\",\"isPartOf\":{\"@id\":\"https:\/\/autravail.ca\/#website\"},\"primaryImageOfPage\":{\"@id\":\"https:\/\/autravail.ca\/product\/soulier-de-travail-skechers-200134ca\/#primaryimage\"},\"image\":{\"@id\":\"https:\/\/autravail.ca\/product\/soulier-de-travail-skechers-200134ca\/#primaryimage\"},\"thumbnailUrl\":\"https:\/\/autravail.ca\/wp-content\/uploads\/2026\/02\/200134CA_A01.jpg\",\"datePublished\":\"2026-02-25T21:22:28+00:00\",\"description\":\"Soulier de travail Skechers - 200134CA officiellement nomm\u00e9 Skechers Work : Arch Fit Slip-Resistant - Angis Comp Toe, est un soulier de s\u00e9curit\u00e9 pour homme\",\"breadcrumb\":{\"@id\":\"https:\/\/autravail.ca\/product\/soulier-de-travail-skechers-200134ca\/#breadcrumb\"},\"inLanguage\":\"en-CA\",\"potentialAction\":[{\"@type\":\"ReadAction\",\"target\":[\"https:\/\/autravail.ca\/product\/soulier-de-travail-skechers-200134ca\/\"]}]},{\"@type\":\"ImageObject\",\"inLanguage\":\"en-CA\",\"@id\":\"https:\/\/autravail.ca\/product\/soulier-de-travail-skechers-200134ca\/#primaryimage\",\"url\":\"https:\/\/autravail.ca\/wp-content\/uploads\/2026\/02\/200134CA_A01.jpg\",\"contentUrl\":\"https:\/\/autravail.ca\/wp-content\/uploads\/2026\/02\/200134CA_A01.jpg\",\"width\":1000,\"height\":1000,\"caption\":\"Soulier de travail Skechers - 200134CA\"},{\"@type\":\"BreadcrumbList\",\"@id\":\"https:\/\/autravail.ca\/product\/soulier-de-travail-skechers-200134ca\/#breadcrumb\",\"itemListElement\":[{\"@type\":\"ListItem\",\"position\":1,\"name\":\"Accueil\",\"item\":\"https:\/\/autravail.ca\/\"},{\"@type\":\"ListItem\",\"position\":2,\"name\":\"Magasin\",\"item\":\"https:\/\/autravail.ca\/en\/shop\/\"},{\"@type\":\"ListItem\",\"position\":3,\"name\":\"Soulier de travail Skechers &#8211; 200134CA\"}]},{\"@type\":\"WebSite\",\"@id\":\"https:\/\/autravail.ca\/#website\",\"url\":\"https:\/\/autravail.ca\/\",\"name\":\"Le Magasin Industriel\",\"description\":\"50 ans de tradition de s\u00e9curit\u00e9 au travail\",\"publisher\":{\"@id\":\"https:\/\/autravail.ca\/#organization\"},\"potentialAction\":[{\"@type\":\"SearchAction\",\"target\":{\"@type\":\"EntryPoint\",\"urlTemplate\":\"https:\/\/autravail.ca\/?s={search_term_string}\"},\"query-input\":{\"@type\":\"PropertyValueSpecification\",\"valueRequired\":true,\"valueName\":\"search_term_string\"}}],\"inLanguage\":\"en-CA\"},{\"@type\":\"Organization\",\"@id\":\"https:\/\/autravail.ca\/#organization\",\"name\":\"Le Magasin Industriel\",\"url\":\"https:\/\/autravail.ca\/\",\"logo\":{\"@type\":\"ImageObject\",\"inLanguage\":\"en-CA\",\"@id\":\"https:\/\/autravail.ca\/#\/schema\/logo\/image\/\",\"url\":\"https:\/\/autravail.ca\/wp-content\/uploads\/2025\/05\/cropped-magasin_industriel_120x.avif\",\"contentUrl\":\"https:\/\/autravail.ca\/wp-content\/uploads\/2025\/05\/cropped-magasin_industriel_120x.avif\",\"width\":120,\"height\":24,\"caption\":\"Le Magasin Industriel\"},\"image\":{\"@id\":\"https:\/\/autravail.ca\/#\/schema\/logo\/image\/\"},\"sameAs\":[\"https:\/\/www.facebook.com\/lemagasinindustriel\/?locale=fr_FR\"]}]}<\/script>\n<!-- \/ Yoast SEO plugin. -->","yoast_head_json":{"title":"Soulier de travail Skechers - 200134CA - Le Magasin Industriel","description":"Soulier de travail Skechers - 200134CA officiellement nomm\u00e9 Skechers Work : Arch Fit Slip-Resistant - Angis Comp Toe, est un soulier de s\u00e9curit\u00e9 pour homme","robots":{"index":"index","follow":"follow","max-snippet":"max-snippet:-1","max-image-preview":"max-image-preview:large","max-video-preview":"max-video-preview:-1"},"canonical":"https:\/\/autravail.ca\/en\/product\/soulier-de-travail-skechers-200134ca\/","og_locale":"en_US","og_type":"article","og_title":"Soulier de travail Skechers - 200134CA - Le Magasin Industriel","og_description":"Soulier de travail Skechers - 200134CA officiellement nomm\u00e9 Skechers Work : Arch Fit Slip-Resistant - Angis Comp Toe, est un soulier de s\u00e9curit\u00e9 pour homme","og_url":"https:\/\/autravail.ca\/en\/product\/soulier-de-travail-skechers-200134ca\/","og_site_name":"Le Magasin Industriel","article_publisher":"https:\/\/www.facebook.com\/lemagasinindustriel\/?locale=fr_FR","og_image":[{"width":1000,"height":1000,"url":"https:\/\/autravail.ca\/wp-content\/uploads\/2026\/02\/200134CA_A01.jpg","type":"image\/jpeg"}],"twitter_card":"summary_large_image","twitter_misc":{"Est. reading time":"2 minutes"},"schema":{"@context":"https:\/\/schema.org","@graph":[{"@type":"WebPage","@id":"https:\/\/autravail.ca\/product\/soulier-de-travail-skechers-200134ca\/","url":"https:\/\/autravail.ca\/product\/soulier-de-travail-skechers-200134ca\/","name":"Soulier de travail Skechers - 200134CA - Le Magasin Industriel","isPartOf":{"@id":"https:\/\/autravail.ca\/#website"},"primaryImageOfPage":{"@id":"https:\/\/autravail.ca\/product\/soulier-de-travail-skechers-200134ca\/#primaryimage"},"image":{"@id":"https:\/\/autravail.ca\/product\/soulier-de-travail-skechers-200134ca\/#primaryimage"},"thumbnailUrl":"https:\/\/autravail.ca\/wp-content\/uploads\/2026\/02\/200134CA_A01.jpg","datePublished":"2026-02-25T21:22:28+00:00","description":"Soulier de travail Skechers - 200134CA officiellement nomm\u00e9 Skechers Work : Arch Fit Slip-Resistant - Angis Comp Toe, est un soulier de s\u00e9curit\u00e9 pour homme","breadcrumb":{"@id":"https:\/\/autravail.ca\/product\/soulier-de-travail-skechers-200134ca\/#breadcrumb"},"inLanguage":"en-CA","potentialAction":[{"@type":"ReadAction","target":["https:\/\/autravail.ca\/product\/soulier-de-travail-skechers-200134ca\/"]}]},{"@type":"ImageObject","inLanguage":"en-CA","@id":"https:\/\/autravail.ca\/product\/soulier-de-travail-skechers-200134ca\/#primaryimage","url":"https:\/\/autravail.ca\/wp-content\/uploads\/2026\/02\/200134CA_A01.jpg","contentUrl":"https:\/\/autravail.ca\/wp-content\/uploads\/2026\/02\/200134CA_A01.jpg","width":1000,"height":1000,"caption":"Soulier de travail Skechers - 200134CA"},{"@type":"BreadcrumbList","@id":"https:\/\/autravail.ca\/product\/soulier-de-travail-skechers-200134ca\/#breadcrumb","itemListElement":[{"@type":"ListItem","position":1,"name":"Accueil","item":"https:\/\/autravail.ca\/"},{"@type":"ListItem","position":2,"name":"Magasin","item":"https:\/\/autravail.ca\/en\/shop\/"},{"@type":"ListItem","position":3,"name":"Soulier de travail Skechers &#8211; 200134CA"}]},{"@type":"WebSite","@id":"https:\/\/autravail.ca\/#website","url":"https:\/\/autravail.ca\/","name":"Le Magasin Industriel","description":"50 ans de tradition de s\u00e9curit\u00e9 au travail","publisher":{"@id":"https:\/\/autravail.ca\/#organization"},"potentialAction":[{"@type":"SearchAction","target":{"@type":"EntryPoint","urlTemplate":"https:\/\/autravail.ca\/?s={search_term_string}"},"query-input":{"@type":"PropertyValueSpecification","valueRequired":true,"valueName":"search_term_string"}}],"inLanguage":"en-CA"},{"@type":"Organization","@id":"https:\/\/autravail.ca\/#organization","name":"Le Magasin Industriel","url":"https:\/\/autravail.ca\/","logo":{"@type":"ImageObject","inLanguage":"en-CA","@id":"https:\/\/autravail.ca\/#\/schema\/logo\/image\/","url":"https:\/\/autravail.ca\/wp-content\/uploads\/2025\/05\/cropped-magasin_industriel_120x.avif","contentUrl":"https:\/\/autravail.ca\/wp-content\/uploads\/2025\/05\/cropped-magasin_industriel_120x.avif","width":120,"height":24,"caption":"Le Magasin Industriel"},"image":{"@id":"https:\/\/autravail.ca\/#\/schema\/logo\/image\/"},"sameAs":["https:\/\/www.facebook.com\/lemagasinindustriel\/?locale=fr_FR"]}]}},"jetpack_sharing_enabled":true,"_links":{"self":[{"href":"https:\/\/autravail.ca\/en\/wp-json\/wp\/v2\/product\/44750","targetHints":{"allow":["GET"]}}],"collection":[{"href":"https:\/\/autravail.ca\/en\/wp-json\/wp\/v2\/product"}],"about":[{"href":"https:\/\/autravail.ca\/en\/wp-json\/wp\/v2\/types\/product"}],"replies":[{"embeddable":true,"href":"https:\/\/autravail.ca\/en\/wp-json\/wp\/v2\/comments?post=44750"}],"wp:featuredmedia":[{"embeddable":true,"href":"https:\/\/autravail.ca\/en\/wp-json\/wp\/v2\/media\/44751"}],"wp:attachment":[{"href":"https:\/\/autravail.ca\/en\/wp-json\/wp\/v2\/media?parent=44750"}],"wp:term":[{"taxonomy":"product_cat","embeddable":true,"href":"https:\/\/autravail.ca\/en\/wp-json\/wp\/v2\/product_cat?post=44750"},{"taxonomy":"product_tag","embeddable":true,"href":"https:\/\/autravail.ca\/en\/wp-json\/wp\/v2\/product_tag?post=44750"}],"curies":[{"name":"wp","href":"https:\/\/api.w.org\/{rel}","templated":true}]}}