{"id":44738,"date":"2026-02-25T17:09:20","date_gmt":"2026-02-25T21:09:20","guid":{"rendered":"https:\/\/autravail.ca\/?post_type=product&#038;p=44738"},"modified":"2026-02-25T17:09:20","modified_gmt":"2026-02-25T21:09:20","slug":"soulier-de-travail-skechers-108224ca","status":"publish","type":"product","link":"https:\/\/autravail.ca\/en\/product\/soulier-de-travail-skechers-108224ca\/","title":{"rendered":"Soulier de travail Skechers &#8211; 108224CA"},"content":{"rendered":"<h3>Soulier de travail Skechers &#8211; 108224CA<\/h3>\n<p>Soulier de travail Skechers &#8211; 108224CA aussi connu sous le nom\u00a0<strong class=\"Yjhzub\" data-complete=\"true\" data-processed=\"true\"><a href=\"https:\/\/autravail.ca\/en\/product-brand\/sketchers\/\">Skechers<\/a> Hands Free Slip-ins Work : Cicades &#8211; Ombray<\/strong>, est la version pour\u00a0<strong class=\"Yjhzub\" data-complete=\"true\" data-processed=\"true\">femme<\/strong>\u00a0du soulier de s\u00e9curit\u00e9 que vous avez mentionn\u00e9 pr\u00e9c\u00e9demment. Il s&rsquo;agit d&rsquo;une chaussure de travail de type athl\u00e9tique con\u00e7ue pour offrir une protection certifi\u00e9e tout en \u00e9tant extr\u00eamement facile \u00e0 enfiler.<\/p>\n<p><img decoding=\"async\" class=\"alignnone size-full wp-image-42195\" src=\"https:\/\/autravail.ca\/wp-content\/uploads\/2025\/05\/logo-CSA-SD.jpg\" alt=\"logo CSA SD +\" width=\"300\" height=\"87\" srcset=\"https:\/\/autravail.ca\/wp-content\/uploads\/2025\/05\/logo-CSA-SD.jpg 300w, https:\/\/autravail.ca\/wp-content\/uploads\/2025\/05\/logo-CSA-SD-150x44.jpg 150w, https:\/\/autravail.ca\/wp-content\/uploads\/2025\/05\/logo-CSA-SD-18x5.jpg 18w\" sizes=\"(max-width: 300px) 100vw, 300px\" \/><\/p>\n<h6 class=\"otQkpb\" role=\"heading\" aria-level=\"3\" data-complete=\"true\" data-processed=\"true\">Characteristics:<\/h6>\n<div class=\"Y3BBE\" data-sfc-cp=\"\" data-hveid=\"CAEIBBAA\" data-complete=\"true\" data-processed=\"true\">Ce mod\u00e8le est con\u00e7u pour r\u00e9pondre aux exigences des milieux industriels l\u00e9gers :<\/div>\n<div data-sfc-cp=\"\" data-hveid=\"CAEIBBAA\" data-complete=\"true\" data-processed=\"true\"><\/div>\n<ul class=\"KsbFXc U6u95\" data-complete=\"true\" data-processed=\"true\">\n<li class=\"dF3vjf\" data-hveid=\"CAEIBRAA\" data-complete=\"true\" data-sae=\"\"><span class=\"T286Pc\" data-sfc-cp=\"\" data-complete=\"true\">Il poss\u00e8de un <strong class=\"Yjhzub\" data-complete=\"true\">embout en composite<\/strong>\u00a0de classe 1 (Triangle vert CSA) et une\u00a0<strong class=\"Yjhzub\" data-complete=\"true\">plaque composite<\/strong>\u00a0r\u00e9sistante aux perforations.<\/span><\/li>\n<li class=\"dF3vjf\" data-hveid=\"CAEIBRAB\" data-complete=\"true\" data-sae=\"\"><span class=\"T286Pc\" data-sfc-cp=\"\" data-complete=\"true\"><strong class=\"Yjhzub\" data-complete=\"true\">Dissipation statique (SD)<\/strong>\u00a0: La chaussure est homologu\u00e9e pour pr\u00e9venir l&rsquo;accumulation d&rsquo;\u00e9lectricit\u00e9 statique.<\/span><\/li>\n<li class=\"dF3vjf\" data-hveid=\"CAEIBRAC\" data-complete=\"true\" data-sae=\"\"><span class=\"T286Pc\" data-sfc-cp=\"\" data-complete=\"true\"><strong class=\"Yjhzub\" data-complete=\"true\">Anti-Slip Sole<\/strong>\u00a0: Sa semelle d&rsquo;usure en caoutchouc offre une traction fiable sur les surfaces huileuses, mouill\u00e9es ou s\u00e8ches.<\/span><\/li>\n<li class=\"dF3vjf\" data-hveid=\"CAEIBRAD\" data-complete=\"true\" data-sae=\"\"><span class=\"T286Pc\" data-sfc-cp=\"\" data-complete=\"true\" aria-owns=\"action-menu-parent-container\"><strong class=\"Yjhzub\" data-complete=\"true\">Conception sans m\u00e9tal<\/strong>\u00a0: Enti\u00e8rement non m\u00e9tallique, ce qui facilite le passage dans les d\u00e9tecteurs de m\u00e9taux.<\/span><\/li>\n<\/ul>\n<h6 class=\"otQkpb\" role=\"heading\" aria-level=\"3\" data-complete=\"true\" data-processed=\"true\">Confort et technologies:<\/h6>\n<ul class=\"KsbFXc U6u95\" data-complete=\"true\" data-processed=\"true\">\n<li class=\"dF3vjf\" data-hveid=\"CAEICBAA\" data-complete=\"true\" data-sae=\"\"><span class=\"T286Pc\" data-sfc-cp=\"\" data-complete=\"true\"><strong class=\"Yjhzub\" data-complete=\"true\">Hands Free Slip-ins\u00ae<\/strong>\u00a0: Permet d&rsquo;enfiler la chaussure debout sans utiliser ses mains gr\u00e2ce \u00e0 un panneau de talon rigide et moul\u00e9.<\/span><\/li>\n<li class=\"dF3vjf\" data-hveid=\"CAEICBAB\" data-complete=\"true\" data-sae=\"\"><span class=\"T286Pc\" data-sfc-cp=\"\" data-complete=\"true\"><strong class=\"Yjhzub\" data-complete=\"true\">Heel Pillow\u2122<\/strong>\u00a0: Un \u00ab\u00a0oreiller de talon\u00a0\u00bb exclusif qui maintient le pied en place de fa\u00e7on s\u00e9curitaire.<\/span><\/li>\n<li class=\"dF3vjf\" data-hveid=\"CAEICBAC\" data-complete=\"true\" data-sae=\"\"><span class=\"T286Pc\" data-sfc-cp=\"\" data-complete=\"true\"><strong class=\"Yjhzub\" data-complete=\"true\">Skechers Air-Cooled Memory Foam\u00ae<\/strong>\u00a0: Une semelle int\u00e9rieure \u00e0 m\u00e9moire de forme qui assure un amorti confortable et une bonne respirabilit\u00e9 tout au long de la journ\u00e9e.<\/span><\/li>\n<li class=\"dF3vjf\" data-hveid=\"CAEICBAD\" data-complete=\"true\" data-sae=\"\"><span class=\"T286Pc\" data-sfc-cp=\"\" data-complete=\"true\" aria-owns=\"action-menu-parent-container\"><strong class=\"Yjhzub\" data-complete=\"true\">Tige Flyknit<\/strong>\u00a0: Fabriqu\u00e9e en maille technique extensible pour un ajustement semblable \u00e0 une chaussette et une meilleure a\u00e9ration.<\/span><\/li>\n<\/ul>\n<p><img decoding=\"async\" class=\"alignnone wp-image-40620\" src=\"https:\/\/autravail.ca\/wp-content\/uploads\/2025\/09\/Jachete-quebec-et-canada.jpg\" alt=\"Logo de l'achat local\" width=\"162\" height=\"139\" \/>Merci d&rsquo;encourager une entreprise 100% d&rsquo;ici!<\/p>\n<p>TS2602H<\/p>","protected":false},"excerpt":{"rendered":"<p>Soulier de travail Skechers &#8211; 108224CA Soulier de travail Skechers &#8211; 108224CA aussi connu sous le nom\u00a0Skechers Hands Free Slip-ins Work : Cicades &#8211; Ombray, est la version pour\u00a0femme\u00a0du soulier de s\u00e9curit\u00e9 que vous avez mentionn\u00e9 pr\u00e9c\u00e9demment. Il s&rsquo;agit d&rsquo;une chaussure de travail de type athl\u00e9tique con\u00e7ue pour offrir une protection certifi\u00e9e tout en \u00e9tant [&hellip;]<\/p>","protected":false},"featured_media":44723,"comment_status":"open","ping_status":"closed","template":"","meta":[],"product_cat":[811,804,645,619],"product_tag":[270,255,257],"class_list":{"0":"post-44738","1":"product","2":"type-product","3":"status-publish","4":"has-post-thumbnail","6":"product_brand-skechers","7":"product_cat-chaussures-de-securite","8":"product_cat-espadrille-de-travail-femme","9":"product_cat-espadrilles-de-travail","10":"product_cat-souliers-de-travail","11":"product_tag-espadrilles-de-travail","12":"product_tag-femme","13":"product_tag-souliers-de-travail","15":"first","16":"instock","17":"taxable","18":"shipping-taxable","19":"purchasable","20":"product-type-variable"},"yoast_head":"<!-- This site is optimized with the Yoast SEO plugin v25.3.1 - https:\/\/yoast.com\/wordpress\/plugins\/seo\/ -->\n<title>Soulier de travail Skechers - 108224CA - Le Magasin Industriel<\/title>\n<meta name=\"description\" content=\"Soulier de travail Skechers - 108224CA aussi connu sous le nom Skechers Hands Free Slip-ins Work : Cicades - Ombray version femme\" \/>\n<meta name=\"robots\" content=\"index, follow, max-snippet:-1, max-image-preview:large, max-video-preview:-1\" \/>\n<link rel=\"canonical\" href=\"https:\/\/autravail.ca\/en\/product\/soulier-de-travail-skechers-108224ca\/\" \/>\n<meta property=\"og:locale\" content=\"en_US\" \/>\n<meta property=\"og:type\" content=\"article\" \/>\n<meta property=\"og:title\" content=\"Soulier de travail Skechers - 108224CA - Le Magasin Industriel\" \/>\n<meta property=\"og:description\" content=\"Soulier de travail Skechers - 108224CA aussi connu sous le nom Skechers Hands Free Slip-ins Work : Cicades - Ombray version femme\" \/>\n<meta property=\"og:url\" content=\"https:\/\/autravail.ca\/en\/product\/soulier-de-travail-skechers-108224ca\/\" \/>\n<meta property=\"og:site_name\" content=\"Le Magasin Industriel\" \/>\n<meta property=\"article:publisher\" content=\"https:\/\/www.facebook.com\/lemagasinindustriel\/?locale=fr_FR\" \/>\n<meta property=\"og:image\" content=\"https:\/\/autravail.ca\/wp-content\/uploads\/2026\/02\/200290CA_A01.jpg\" \/>\n\t<meta property=\"og:image:width\" content=\"1000\" \/>\n\t<meta property=\"og:image:height\" content=\"1000\" \/>\n\t<meta property=\"og:image:type\" content=\"image\/jpeg\" \/>\n<meta name=\"twitter:card\" content=\"summary_large_image\" \/>\n<meta name=\"twitter:label1\" content=\"Est. reading time\" \/>\n\t<meta name=\"twitter:data1\" content=\"2 minutes\" \/>\n<script type=\"application\/ld+json\" class=\"yoast-schema-graph\">{\"@context\":\"https:\/\/schema.org\",\"@graph\":[{\"@type\":\"WebPage\",\"@id\":\"https:\/\/autravail.ca\/product\/soulier-de-travail-skechers-108224ca\/\",\"url\":\"https:\/\/autravail.ca\/product\/soulier-de-travail-skechers-108224ca\/\",\"name\":\"Soulier de travail Skechers - 108224CA - Le Magasin Industriel\",\"isPartOf\":{\"@id\":\"https:\/\/autravail.ca\/#website\"},\"primaryImageOfPage\":{\"@id\":\"https:\/\/autravail.ca\/product\/soulier-de-travail-skechers-108224ca\/#primaryimage\"},\"image\":{\"@id\":\"https:\/\/autravail.ca\/product\/soulier-de-travail-skechers-108224ca\/#primaryimage\"},\"thumbnailUrl\":\"https:\/\/autravail.ca\/wp-content\/uploads\/2026\/02\/200290CA_A01.jpg\",\"datePublished\":\"2026-02-25T21:09:20+00:00\",\"description\":\"Soulier de travail Skechers - 108224CA aussi connu sous le nom Skechers Hands Free Slip-ins Work : Cicades - Ombray version femme\",\"breadcrumb\":{\"@id\":\"https:\/\/autravail.ca\/product\/soulier-de-travail-skechers-108224ca\/#breadcrumb\"},\"inLanguage\":\"en-CA\",\"potentialAction\":[{\"@type\":\"ReadAction\",\"target\":[\"https:\/\/autravail.ca\/product\/soulier-de-travail-skechers-108224ca\/\"]}]},{\"@type\":\"ImageObject\",\"inLanguage\":\"en-CA\",\"@id\":\"https:\/\/autravail.ca\/product\/soulier-de-travail-skechers-108224ca\/#primaryimage\",\"url\":\"https:\/\/autravail.ca\/wp-content\/uploads\/2026\/02\/200290CA_A01.jpg\",\"contentUrl\":\"https:\/\/autravail.ca\/wp-content\/uploads\/2026\/02\/200290CA_A01.jpg\",\"width\":1000,\"height\":1000,\"caption\":\"Soulier de travail Skechers - 108224CA\"},{\"@type\":\"BreadcrumbList\",\"@id\":\"https:\/\/autravail.ca\/product\/soulier-de-travail-skechers-108224ca\/#breadcrumb\",\"itemListElement\":[{\"@type\":\"ListItem\",\"position\":1,\"name\":\"Accueil\",\"item\":\"https:\/\/autravail.ca\/\"},{\"@type\":\"ListItem\",\"position\":2,\"name\":\"Magasin\",\"item\":\"https:\/\/autravail.ca\/en\/shop\/\"},{\"@type\":\"ListItem\",\"position\":3,\"name\":\"Soulier de travail Skechers &#8211; 108224CA\"}]},{\"@type\":\"WebSite\",\"@id\":\"https:\/\/autravail.ca\/#website\",\"url\":\"https:\/\/autravail.ca\/\",\"name\":\"Le Magasin Industriel\",\"description\":\"50 ans de tradition de s\u00e9curit\u00e9 au travail\",\"publisher\":{\"@id\":\"https:\/\/autravail.ca\/#organization\"},\"potentialAction\":[{\"@type\":\"SearchAction\",\"target\":{\"@type\":\"EntryPoint\",\"urlTemplate\":\"https:\/\/autravail.ca\/?s={search_term_string}\"},\"query-input\":{\"@type\":\"PropertyValueSpecification\",\"valueRequired\":true,\"valueName\":\"search_term_string\"}}],\"inLanguage\":\"en-CA\"},{\"@type\":\"Organization\",\"@id\":\"https:\/\/autravail.ca\/#organization\",\"name\":\"Le Magasin Industriel\",\"url\":\"https:\/\/autravail.ca\/\",\"logo\":{\"@type\":\"ImageObject\",\"inLanguage\":\"en-CA\",\"@id\":\"https:\/\/autravail.ca\/#\/schema\/logo\/image\/\",\"url\":\"https:\/\/autravail.ca\/wp-content\/uploads\/2025\/05\/cropped-magasin_industriel_120x.avif\",\"contentUrl\":\"https:\/\/autravail.ca\/wp-content\/uploads\/2025\/05\/cropped-magasin_industriel_120x.avif\",\"width\":120,\"height\":24,\"caption\":\"Le Magasin Industriel\"},\"image\":{\"@id\":\"https:\/\/autravail.ca\/#\/schema\/logo\/image\/\"},\"sameAs\":[\"https:\/\/www.facebook.com\/lemagasinindustriel\/?locale=fr_FR\"]}]}<\/script>\n<!-- \/ Yoast SEO plugin. -->","yoast_head_json":{"title":"Soulier de travail Skechers - 108224CA - Le Magasin Industriel","description":"Soulier de travail Skechers - 108224CA aussi connu sous le nom Skechers Hands Free Slip-ins Work : Cicades - Ombray version femme","robots":{"index":"index","follow":"follow","max-snippet":"max-snippet:-1","max-image-preview":"max-image-preview:large","max-video-preview":"max-video-preview:-1"},"canonical":"https:\/\/autravail.ca\/en\/product\/soulier-de-travail-skechers-108224ca\/","og_locale":"en_US","og_type":"article","og_title":"Soulier de travail Skechers - 108224CA - Le Magasin Industriel","og_description":"Soulier de travail Skechers - 108224CA aussi connu sous le nom Skechers Hands Free Slip-ins Work : Cicades - Ombray version femme","og_url":"https:\/\/autravail.ca\/en\/product\/soulier-de-travail-skechers-108224ca\/","og_site_name":"Le Magasin Industriel","article_publisher":"https:\/\/www.facebook.com\/lemagasinindustriel\/?locale=fr_FR","og_image":[{"width":1000,"height":1000,"url":"https:\/\/autravail.ca\/wp-content\/uploads\/2026\/02\/200290CA_A01.jpg","type":"image\/jpeg"}],"twitter_card":"summary_large_image","twitter_misc":{"Est. reading time":"2 minutes"},"schema":{"@context":"https:\/\/schema.org","@graph":[{"@type":"WebPage","@id":"https:\/\/autravail.ca\/product\/soulier-de-travail-skechers-108224ca\/","url":"https:\/\/autravail.ca\/product\/soulier-de-travail-skechers-108224ca\/","name":"Soulier de travail Skechers - 108224CA - Le Magasin Industriel","isPartOf":{"@id":"https:\/\/autravail.ca\/#website"},"primaryImageOfPage":{"@id":"https:\/\/autravail.ca\/product\/soulier-de-travail-skechers-108224ca\/#primaryimage"},"image":{"@id":"https:\/\/autravail.ca\/product\/soulier-de-travail-skechers-108224ca\/#primaryimage"},"thumbnailUrl":"https:\/\/autravail.ca\/wp-content\/uploads\/2026\/02\/200290CA_A01.jpg","datePublished":"2026-02-25T21:09:20+00:00","description":"Soulier de travail Skechers - 108224CA aussi connu sous le nom Skechers Hands Free Slip-ins Work : Cicades - Ombray version femme","breadcrumb":{"@id":"https:\/\/autravail.ca\/product\/soulier-de-travail-skechers-108224ca\/#breadcrumb"},"inLanguage":"en-CA","potentialAction":[{"@type":"ReadAction","target":["https:\/\/autravail.ca\/product\/soulier-de-travail-skechers-108224ca\/"]}]},{"@type":"ImageObject","inLanguage":"en-CA","@id":"https:\/\/autravail.ca\/product\/soulier-de-travail-skechers-108224ca\/#primaryimage","url":"https:\/\/autravail.ca\/wp-content\/uploads\/2026\/02\/200290CA_A01.jpg","contentUrl":"https:\/\/autravail.ca\/wp-content\/uploads\/2026\/02\/200290CA_A01.jpg","width":1000,"height":1000,"caption":"Soulier de travail Skechers - 108224CA"},{"@type":"BreadcrumbList","@id":"https:\/\/autravail.ca\/product\/soulier-de-travail-skechers-108224ca\/#breadcrumb","itemListElement":[{"@type":"ListItem","position":1,"name":"Accueil","item":"https:\/\/autravail.ca\/"},{"@type":"ListItem","position":2,"name":"Magasin","item":"https:\/\/autravail.ca\/en\/shop\/"},{"@type":"ListItem","position":3,"name":"Soulier de travail Skechers &#8211; 108224CA"}]},{"@type":"WebSite","@id":"https:\/\/autravail.ca\/#website","url":"https:\/\/autravail.ca\/","name":"Le Magasin Industriel","description":"50 ans de tradition de s\u00e9curit\u00e9 au travail","publisher":{"@id":"https:\/\/autravail.ca\/#organization"},"potentialAction":[{"@type":"SearchAction","target":{"@type":"EntryPoint","urlTemplate":"https:\/\/autravail.ca\/?s={search_term_string}"},"query-input":{"@type":"PropertyValueSpecification","valueRequired":true,"valueName":"search_term_string"}}],"inLanguage":"en-CA"},{"@type":"Organization","@id":"https:\/\/autravail.ca\/#organization","name":"Le Magasin Industriel","url":"https:\/\/autravail.ca\/","logo":{"@type":"ImageObject","inLanguage":"en-CA","@id":"https:\/\/autravail.ca\/#\/schema\/logo\/image\/","url":"https:\/\/autravail.ca\/wp-content\/uploads\/2025\/05\/cropped-magasin_industriel_120x.avif","contentUrl":"https:\/\/autravail.ca\/wp-content\/uploads\/2025\/05\/cropped-magasin_industriel_120x.avif","width":120,"height":24,"caption":"Le Magasin Industriel"},"image":{"@id":"https:\/\/autravail.ca\/#\/schema\/logo\/image\/"},"sameAs":["https:\/\/www.facebook.com\/lemagasinindustriel\/?locale=fr_FR"]}]}},"jetpack_sharing_enabled":true,"_links":{"self":[{"href":"https:\/\/autravail.ca\/en\/wp-json\/wp\/v2\/product\/44738","targetHints":{"allow":["GET"]}}],"collection":[{"href":"https:\/\/autravail.ca\/en\/wp-json\/wp\/v2\/product"}],"about":[{"href":"https:\/\/autravail.ca\/en\/wp-json\/wp\/v2\/types\/product"}],"replies":[{"embeddable":true,"href":"https:\/\/autravail.ca\/en\/wp-json\/wp\/v2\/comments?post=44738"}],"wp:featuredmedia":[{"embeddable":true,"href":"https:\/\/autravail.ca\/en\/wp-json\/wp\/v2\/media\/44723"}],"wp:attachment":[{"href":"https:\/\/autravail.ca\/en\/wp-json\/wp\/v2\/media?parent=44738"}],"wp:term":[{"taxonomy":"product_cat","embeddable":true,"href":"https:\/\/autravail.ca\/en\/wp-json\/wp\/v2\/product_cat?post=44738"},{"taxonomy":"product_tag","embeddable":true,"href":"https:\/\/autravail.ca\/en\/wp-json\/wp\/v2\/product_tag?post=44738"}],"curies":[{"name":"wp","href":"https:\/\/api.w.org\/{rel}","templated":true}]}}