{"id":44722,"date":"2026-02-25T16:59:44","date_gmt":"2026-02-25T20:59:44","guid":{"rendered":"https:\/\/autravail.ca\/?post_type=product&#038;p=44722"},"modified":"2026-02-25T16:59:44","modified_gmt":"2026-02-25T20:59:44","slug":"soulier-de-travail-skechers-200290ca","status":"publish","type":"product","link":"https:\/\/autravail.ca\/en\/product\/soulier-de-travail-skechers-200290ca\/","title":{"rendered":"Soulier de travail Skechers &#8211; 200290CA"},"content":{"rendered":"<h3>Soulier de travail Skechers &#8211; 200290CA<\/h3>\n<p>Soulier de travail Skechers &#8211; 200290CA aussi connu sous le nom\u00a0<strong class=\"Yjhzub\" data-complete=\"true\" data-processed=\"true\"><a href=\"https:\/\/autravail.ca\/en\/product-brand\/sketchers\/\">Skechers<\/a> Hands Free Slip-ins Work : Cicades<\/strong>, est une chaussure de s\u00e9curit\u00e9 pour homme con\u00e7ue pour \u00eatre enfil\u00e9e sans les mains. Elle combine des technologies de confort brevet\u00e9es avec des protections certifi\u00e9es pour les milieux de travail exigeants.<\/p>\n<p><img decoding=\"async\" class=\"alignnone size-full wp-image-42195\" src=\"https:\/\/autravail.ca\/wp-content\/uploads\/2025\/05\/logo-CSA-SD.jpg\" alt=\"logo CSA SD +\" width=\"300\" height=\"87\" srcset=\"https:\/\/autravail.ca\/wp-content\/uploads\/2025\/05\/logo-CSA-SD.jpg 300w, https:\/\/autravail.ca\/wp-content\/uploads\/2025\/05\/logo-CSA-SD-150x44.jpg 150w, https:\/\/autravail.ca\/wp-content\/uploads\/2025\/05\/logo-CSA-SD-18x5.jpg 18w\" sizes=\"(max-width: 300px) 100vw, 300px\" \/><\/p>\n<h6>Characteristics:<\/h6>\n<ul>\n<li>Dot\u00e9 d&rsquo;un embout en composite non m\u00e9tallique r\u00e9sistant aux impacts et \u00e0 la compression selon les normes ASTM F2413.<\/li>\n<li>\u00c9quip\u00e9 d&rsquo;une plaque composite r\u00e9sistante aux perforations, certifi\u00e9e CSA de classe 1 (Triangle vert).<\/li>\n<li>Conception antistatique (SD) ou r\u00e9sistante aux chocs \u00e9lectriques selon le d\u00e9taillant.<\/li>\n<li>Semelle ext\u00e9rieure antid\u00e9rapante offrant une excellente adh\u00e9rence sur diverses surfaces.<\/li>\n<\/ul>\n<h6 class=\"otQkpb\" role=\"heading\" aria-level=\"3\" data-complete=\"true\" data-processed=\"true\">Technologies de confort<\/h6>\n<div class=\"Y3BBE\" data-sfc-cp=\"\" data-hveid=\"CAEIBxAA\" data-complete=\"true\" data-processed=\"true\">Skechers a int\u00e9gr\u00e9 ses technologies phares pour r\u00e9duire la fatigue lors de longues journ\u00e9es :<span class=\"uJ19be notranslate\" data-wiz-uids=\"CG5qyf_1o,CG5qyf_1p\" data-complete=\"true\" data-processed=\"true\"><span class=\"vKEkVd\" data-animation-atomic=\"\" data-wiz-attrbind=\"class=CG5qyf_1n\/TKHnVd\" data-sae=\"\"><span aria-hidden=\"true\">\u00a0<\/span><\/span><\/span><\/div>\n<div data-sfc-cp=\"\" data-hveid=\"CAEIBxAA\" data-complete=\"true\" data-processed=\"true\"><\/div>\n<ul class=\"KsbFXc U6u95\" data-complete=\"true\" data-processed=\"true\">\n<li class=\"dF3vjf\" data-hveid=\"CAEICBAA\" data-complete=\"true\" data-sae=\"\"><span class=\"T286Pc\" data-sfc-cp=\"\" data-complete=\"true\"><strong class=\"Yjhzub\" data-complete=\"true\">Hands Free Slip-ins\u00ae<\/strong>\u00a0: Panneau de talon moul\u00e9 permettant d&rsquo;enfiler la chaussure sans se pencher ni utiliser ses mains.<\/span><\/li>\n<li class=\"dF3vjf\" data-hveid=\"CAEICBAB\" data-complete=\"true\" data-sae=\"\"><span class=\"T286Pc\" data-sfc-cp=\"\" data-complete=\"true\"><strong class=\"Yjhzub\" data-complete=\"true\">Heel Pillow\u2122<\/strong>\u00a0: Coussinet exclusif au talon qui maintient le pied solidement et confortablement en place.<\/span><\/li>\n<li class=\"dF3vjf\" data-hveid=\"CAEICBAC\" data-complete=\"true\" data-sae=\"\"><span class=\"T286Pc\" data-sfc-cp=\"\" data-complete=\"true\"><strong class=\"Yjhzub\" data-complete=\"true\">Air-Cooled Memory Foam\u00ae<\/strong>\u00a0: Semelle int\u00e9rieure coussin\u00e9e qui offre un soulagement de la pression et une meilleure respirabilit\u00e9.<\/span><\/li>\n<li class=\"dF3vjf\" data-hveid=\"CAEICBAD\" data-complete=\"true\" data-sae=\"\"><span class=\"T286Pc\" data-sfc-cp=\"\" data-complete=\"true\" aria-owns=\"action-menu-parent-container\"><strong class=\"Yjhzub\" data-complete=\"true\">No Tie Fit\u2122<\/strong>\u00a0: Lacets extensibles d\u00e9coratifs qui ne n\u00e9cessitent aucun nouage.<\/span><\/li>\n<\/ul>\n<p><em><span style=\"color: #fa0b0b;\">Unisex U.S. men's sizes presented. To convert to U.S. women's size, add 2 sizes. Example: 5 U.S. men = 7 U.S. women<\/span><\/em><\/p>\n<p><img decoding=\"async\" class=\"alignnone wp-image-40620\" src=\"https:\/\/autravail.ca\/wp-content\/uploads\/2025\/09\/Jachete-quebec-et-canada.jpg\" alt=\"Logo de l'achat local\" width=\"162\" height=\"139\" \/>Merci d&rsquo;encourager une entreprise 100% d&rsquo;ici!<\/p>\n<p>TS2602H<\/p>\n<p>&nbsp;<\/p>","protected":false},"excerpt":{"rendered":"<p>Soulier de travail Skechers &#8211; 200290CA Soulier de travail Skechers &#8211; 200290CA aussi connu sous le nom\u00a0Skechers Hands Free Slip-ins Work : Cicades, est une chaussure de s\u00e9curit\u00e9 pour homme con\u00e7ue pour \u00eatre enfil\u00e9e sans les mains. Elle combine des technologies de confort brevet\u00e9es avec des protections certifi\u00e9es pour les milieux de travail exigeants. Caract\u00e9ristiques: [&hellip;]<\/p>","protected":false},"featured_media":44723,"comment_status":"open","ping_status":"closed","template":"","meta":[],"product_cat":[811,645,808,619],"product_tag":[270,242,257],"class_list":{"0":"post-44722","1":"product","2":"type-product","3":"status-publish","4":"has-post-thumbnail","6":"product_brand-skechers","7":"product_cat-chaussures-de-securite","8":"product_cat-espadrilles-de-travail","9":"product_cat-espadrilles-de-travail-homme","10":"product_cat-souliers-de-travail","11":"product_tag-espadrilles-de-travail","12":"product_tag-homme","13":"product_tag-souliers-de-travail","15":"first","16":"instock","17":"taxable","18":"shipping-taxable","19":"purchasable","20":"product-type-variable"},"yoast_head":"<!-- This site is optimized with the Yoast SEO plugin v25.3.1 - https:\/\/yoast.com\/wordpress\/plugins\/seo\/ -->\n<title>Soulier de travail Skechers - 200290CA - Le Magasin Industriel<\/title>\n<meta name=\"description\" content=\"Soulier de travail Skechers - 200290CA profitez d&#039;une protection et d&#039;une s\u00e9curit\u00e9 optimales avec les chaussures de s\u00e9curit\u00e9\" \/>\n<meta name=\"robots\" content=\"index, follow, max-snippet:-1, max-image-preview:large, max-video-preview:-1\" \/>\n<link rel=\"canonical\" href=\"https:\/\/autravail.ca\/en\/product\/soulier-de-travail-skechers-200290ca\/\" \/>\n<meta property=\"og:locale\" content=\"en_US\" \/>\n<meta property=\"og:type\" content=\"article\" \/>\n<meta property=\"og:title\" content=\"Soulier de travail Skechers - 200290CA - Le Magasin Industriel\" \/>\n<meta property=\"og:description\" content=\"Soulier de travail Skechers - 200290CA profitez d&#039;une protection et d&#039;une s\u00e9curit\u00e9 optimales avec les chaussures de s\u00e9curit\u00e9\" \/>\n<meta property=\"og:url\" content=\"https:\/\/autravail.ca\/en\/product\/soulier-de-travail-skechers-200290ca\/\" \/>\n<meta property=\"og:site_name\" content=\"Le Magasin Industriel\" \/>\n<meta property=\"article:publisher\" content=\"https:\/\/www.facebook.com\/lemagasinindustriel\/?locale=fr_FR\" \/>\n<meta property=\"og:image\" content=\"https:\/\/autravail.ca\/wp-content\/uploads\/2026\/02\/200290CA_A01.jpg\" \/>\n\t<meta property=\"og:image:width\" content=\"1000\" \/>\n\t<meta property=\"og:image:height\" content=\"1000\" \/>\n\t<meta property=\"og:image:type\" content=\"image\/jpeg\" \/>\n<meta name=\"twitter:card\" content=\"summary_large_image\" \/>\n<meta name=\"twitter:label1\" content=\"Est. reading time\" \/>\n\t<meta name=\"twitter:data1\" content=\"2 minutes\" \/>\n<script type=\"application\/ld+json\" class=\"yoast-schema-graph\">{\"@context\":\"https:\/\/schema.org\",\"@graph\":[{\"@type\":\"WebPage\",\"@id\":\"https:\/\/autravail.ca\/product\/soulier-de-travail-skechers-200290ca\/\",\"url\":\"https:\/\/autravail.ca\/product\/soulier-de-travail-skechers-200290ca\/\",\"name\":\"Soulier de travail Skechers - 200290CA - Le Magasin Industriel\",\"isPartOf\":{\"@id\":\"https:\/\/autravail.ca\/#website\"},\"primaryImageOfPage\":{\"@id\":\"https:\/\/autravail.ca\/product\/soulier-de-travail-skechers-200290ca\/#primaryimage\"},\"image\":{\"@id\":\"https:\/\/autravail.ca\/product\/soulier-de-travail-skechers-200290ca\/#primaryimage\"},\"thumbnailUrl\":\"https:\/\/autravail.ca\/wp-content\/uploads\/2026\/02\/200290CA_A01.jpg\",\"datePublished\":\"2026-02-25T20:59:44+00:00\",\"description\":\"Soulier de travail Skechers - 200290CA profitez d'une protection et d'une s\u00e9curit\u00e9 optimales avec les chaussures de s\u00e9curit\u00e9\",\"breadcrumb\":{\"@id\":\"https:\/\/autravail.ca\/product\/soulier-de-travail-skechers-200290ca\/#breadcrumb\"},\"inLanguage\":\"en-CA\",\"potentialAction\":[{\"@type\":\"ReadAction\",\"target\":[\"https:\/\/autravail.ca\/product\/soulier-de-travail-skechers-200290ca\/\"]}]},{\"@type\":\"ImageObject\",\"inLanguage\":\"en-CA\",\"@id\":\"https:\/\/autravail.ca\/product\/soulier-de-travail-skechers-200290ca\/#primaryimage\",\"url\":\"https:\/\/autravail.ca\/wp-content\/uploads\/2026\/02\/200290CA_A01.jpg\",\"contentUrl\":\"https:\/\/autravail.ca\/wp-content\/uploads\/2026\/02\/200290CA_A01.jpg\",\"width\":1000,\"height\":1000,\"caption\":\"Soulier de travail Skechers - 108224CA\"},{\"@type\":\"BreadcrumbList\",\"@id\":\"https:\/\/autravail.ca\/product\/soulier-de-travail-skechers-200290ca\/#breadcrumb\",\"itemListElement\":[{\"@type\":\"ListItem\",\"position\":1,\"name\":\"Accueil\",\"item\":\"https:\/\/autravail.ca\/\"},{\"@type\":\"ListItem\",\"position\":2,\"name\":\"Magasin\",\"item\":\"https:\/\/autravail.ca\/en\/shop\/\"},{\"@type\":\"ListItem\",\"position\":3,\"name\":\"Soulier de travail Skechers &#8211; 200290CA\"}]},{\"@type\":\"WebSite\",\"@id\":\"https:\/\/autravail.ca\/#website\",\"url\":\"https:\/\/autravail.ca\/\",\"name\":\"Le Magasin Industriel\",\"description\":\"50 ans de tradition de s\u00e9curit\u00e9 au travail\",\"publisher\":{\"@id\":\"https:\/\/autravail.ca\/#organization\"},\"potentialAction\":[{\"@type\":\"SearchAction\",\"target\":{\"@type\":\"EntryPoint\",\"urlTemplate\":\"https:\/\/autravail.ca\/?s={search_term_string}\"},\"query-input\":{\"@type\":\"PropertyValueSpecification\",\"valueRequired\":true,\"valueName\":\"search_term_string\"}}],\"inLanguage\":\"en-CA\"},{\"@type\":\"Organization\",\"@id\":\"https:\/\/autravail.ca\/#organization\",\"name\":\"Le Magasin Industriel\",\"url\":\"https:\/\/autravail.ca\/\",\"logo\":{\"@type\":\"ImageObject\",\"inLanguage\":\"en-CA\",\"@id\":\"https:\/\/autravail.ca\/#\/schema\/logo\/image\/\",\"url\":\"https:\/\/autravail.ca\/wp-content\/uploads\/2025\/05\/cropped-magasin_industriel_120x.avif\",\"contentUrl\":\"https:\/\/autravail.ca\/wp-content\/uploads\/2025\/05\/cropped-magasin_industriel_120x.avif\",\"width\":120,\"height\":24,\"caption\":\"Le Magasin Industriel\"},\"image\":{\"@id\":\"https:\/\/autravail.ca\/#\/schema\/logo\/image\/\"},\"sameAs\":[\"https:\/\/www.facebook.com\/lemagasinindustriel\/?locale=fr_FR\"]}]}<\/script>\n<!-- \/ Yoast SEO plugin. -->","yoast_head_json":{"title":"Soulier de travail Skechers - 200290CA - Le Magasin Industriel","description":"Soulier de travail Skechers - 200290CA profitez d'une protection et d'une s\u00e9curit\u00e9 optimales avec les chaussures de s\u00e9curit\u00e9","robots":{"index":"index","follow":"follow","max-snippet":"max-snippet:-1","max-image-preview":"max-image-preview:large","max-video-preview":"max-video-preview:-1"},"canonical":"https:\/\/autravail.ca\/en\/product\/soulier-de-travail-skechers-200290ca\/","og_locale":"en_US","og_type":"article","og_title":"Soulier de travail Skechers - 200290CA - Le Magasin Industriel","og_description":"Soulier de travail Skechers - 200290CA profitez d'une protection et d'une s\u00e9curit\u00e9 optimales avec les chaussures de s\u00e9curit\u00e9","og_url":"https:\/\/autravail.ca\/en\/product\/soulier-de-travail-skechers-200290ca\/","og_site_name":"Le Magasin Industriel","article_publisher":"https:\/\/www.facebook.com\/lemagasinindustriel\/?locale=fr_FR","og_image":[{"width":1000,"height":1000,"url":"https:\/\/autravail.ca\/wp-content\/uploads\/2026\/02\/200290CA_A01.jpg","type":"image\/jpeg"}],"twitter_card":"summary_large_image","twitter_misc":{"Est. reading time":"2 minutes"},"schema":{"@context":"https:\/\/schema.org","@graph":[{"@type":"WebPage","@id":"https:\/\/autravail.ca\/product\/soulier-de-travail-skechers-200290ca\/","url":"https:\/\/autravail.ca\/product\/soulier-de-travail-skechers-200290ca\/","name":"Soulier de travail Skechers - 200290CA - Le Magasin Industriel","isPartOf":{"@id":"https:\/\/autravail.ca\/#website"},"primaryImageOfPage":{"@id":"https:\/\/autravail.ca\/product\/soulier-de-travail-skechers-200290ca\/#primaryimage"},"image":{"@id":"https:\/\/autravail.ca\/product\/soulier-de-travail-skechers-200290ca\/#primaryimage"},"thumbnailUrl":"https:\/\/autravail.ca\/wp-content\/uploads\/2026\/02\/200290CA_A01.jpg","datePublished":"2026-02-25T20:59:44+00:00","description":"Soulier de travail Skechers - 200290CA profitez d'une protection et d'une s\u00e9curit\u00e9 optimales avec les chaussures de s\u00e9curit\u00e9","breadcrumb":{"@id":"https:\/\/autravail.ca\/product\/soulier-de-travail-skechers-200290ca\/#breadcrumb"},"inLanguage":"en-CA","potentialAction":[{"@type":"ReadAction","target":["https:\/\/autravail.ca\/product\/soulier-de-travail-skechers-200290ca\/"]}]},{"@type":"ImageObject","inLanguage":"en-CA","@id":"https:\/\/autravail.ca\/product\/soulier-de-travail-skechers-200290ca\/#primaryimage","url":"https:\/\/autravail.ca\/wp-content\/uploads\/2026\/02\/200290CA_A01.jpg","contentUrl":"https:\/\/autravail.ca\/wp-content\/uploads\/2026\/02\/200290CA_A01.jpg","width":1000,"height":1000,"caption":"Soulier de travail Skechers - 108224CA"},{"@type":"BreadcrumbList","@id":"https:\/\/autravail.ca\/product\/soulier-de-travail-skechers-200290ca\/#breadcrumb","itemListElement":[{"@type":"ListItem","position":1,"name":"Accueil","item":"https:\/\/autravail.ca\/"},{"@type":"ListItem","position":2,"name":"Magasin","item":"https:\/\/autravail.ca\/en\/shop\/"},{"@type":"ListItem","position":3,"name":"Soulier de travail Skechers &#8211; 200290CA"}]},{"@type":"WebSite","@id":"https:\/\/autravail.ca\/#website","url":"https:\/\/autravail.ca\/","name":"Le Magasin Industriel","description":"50 ans de tradition de s\u00e9curit\u00e9 au travail","publisher":{"@id":"https:\/\/autravail.ca\/#organization"},"potentialAction":[{"@type":"SearchAction","target":{"@type":"EntryPoint","urlTemplate":"https:\/\/autravail.ca\/?s={search_term_string}"},"query-input":{"@type":"PropertyValueSpecification","valueRequired":true,"valueName":"search_term_string"}}],"inLanguage":"en-CA"},{"@type":"Organization","@id":"https:\/\/autravail.ca\/#organization","name":"Le Magasin Industriel","url":"https:\/\/autravail.ca\/","logo":{"@type":"ImageObject","inLanguage":"en-CA","@id":"https:\/\/autravail.ca\/#\/schema\/logo\/image\/","url":"https:\/\/autravail.ca\/wp-content\/uploads\/2025\/05\/cropped-magasin_industriel_120x.avif","contentUrl":"https:\/\/autravail.ca\/wp-content\/uploads\/2025\/05\/cropped-magasin_industriel_120x.avif","width":120,"height":24,"caption":"Le Magasin Industriel"},"image":{"@id":"https:\/\/autravail.ca\/#\/schema\/logo\/image\/"},"sameAs":["https:\/\/www.facebook.com\/lemagasinindustriel\/?locale=fr_FR"]}]}},"jetpack_sharing_enabled":true,"_links":{"self":[{"href":"https:\/\/autravail.ca\/en\/wp-json\/wp\/v2\/product\/44722","targetHints":{"allow":["GET"]}}],"collection":[{"href":"https:\/\/autravail.ca\/en\/wp-json\/wp\/v2\/product"}],"about":[{"href":"https:\/\/autravail.ca\/en\/wp-json\/wp\/v2\/types\/product"}],"replies":[{"embeddable":true,"href":"https:\/\/autravail.ca\/en\/wp-json\/wp\/v2\/comments?post=44722"}],"wp:featuredmedia":[{"embeddable":true,"href":"https:\/\/autravail.ca\/en\/wp-json\/wp\/v2\/media\/44723"}],"wp:attachment":[{"href":"https:\/\/autravail.ca\/en\/wp-json\/wp\/v2\/media?parent=44722"}],"wp:term":[{"taxonomy":"product_cat","embeddable":true,"href":"https:\/\/autravail.ca\/en\/wp-json\/wp\/v2\/product_cat?post=44722"},{"taxonomy":"product_tag","embeddable":true,"href":"https:\/\/autravail.ca\/en\/wp-json\/wp\/v2\/product_tag?post=44722"}],"curies":[{"name":"wp","href":"https:\/\/api.w.org\/{rel}","templated":true}]}}