{"id":44312,"date":"2026-02-20T14:43:02","date_gmt":"2026-02-20T18:43:02","guid":{"rendered":"https:\/\/autravail.ca\/?post_type=product&#038;p=44312"},"modified":"2026-02-20T14:44:19","modified_gmt":"2026-02-20T18:44:19","slug":"mentonniere-4-points-hp542c2","status":"publish","type":"product","link":"https:\/\/autravail.ca\/en\/product\/mentonniere-4-points-hp542c2\/","title":{"rendered":"Mentonni\u00e8re 4 points &#8211; HP542C2"},"content":{"rendered":"<h3>Mentonni\u00e8re 4 points &#8211; HP542C2<\/h3>\n<p>Mentonni\u00e8re 4 points &#8211; HP542C2 de <a href=\"https:\/\/autravail.ca\/en\/product-brand\/dynamic\/\">Dynamic<\/a>, est une\u00a0<strong class=\"Yjhzub\" data-complete=\"true\" data-processed=\"true\">mentonni\u00e8re (jugulaire) \u00e0 4 points avec agrafe standard<\/strong>\u00a0con\u00e7ue pour les casques de s\u00e9curit\u00e9. Ce dispositif est particuli\u00e8rement recommand\u00e9 pour les travailleurs en hauteur afin d&rsquo;assurer que le casque reste bien en place en cas de chute ou de choc.<\/p>\n<h6>Characteristics:<\/h6>\n<ul id=\"desc-features\">\n<li><span dir=\"auto\">La sangle en nylon est r\u00e9glable pour un confort maximal. Fabriqu\u00e9e en nylon noir durable, la courroie est ajustable pour offrir un confort maximal \u00e0 l&rsquo;utilisateur.<\/span><\/li>\n<li><span dir=\"auto\"><span dir=\"auto\">Se fixe facilement au bandeau de suspension gr\u00e2ce \u00e0 des boutons-pression en plastique.<\/span><\/span><\/li>\n<li>Elle est consid\u00e9r\u00e9e comme universelle, s&rsquo;adaptant \u00e0 tous les casques de s\u00e9curit\u00e9 munis d&rsquo;un syst\u00e8me de suspension.<\/li>\n<\/ul>\n<h6 class=\"otQkpb\" role=\"heading\" aria-level=\"3\" data-processed=\"true\" data-complete=\"true\">Installation et Ajustement<\/h6>\n<div class=\"Y3BBE\" data-sfc-cp=\"\" data-hveid=\"CAEIBBAA\" data-complete=\"true\" data-processed=\"true\">\n<p>L&rsquo;installation se fait en deux \u00e9tapes cl\u00e9s pour garantir que le casque ne bascule pas vers l&rsquo;avant ou l&rsquo;arri\u00e8re :<span class=\"uJ19be notranslate\" data-wiz-uids=\"lx4v7d_o,lx4v7d_p\" data-complete=\"true\" data-processed=\"true\"><span class=\"vKEkVd\" data-animation-atomic=\"\" data-wiz-attrbind=\"class=lx4v7d_n\/TKHnVd\" data-sae=\"\"><span aria-hidden=\"true\">\u00a0<\/span><\/span><\/span><\/p>\n<div class=\"Fwa2Od\" data-animation-skip=\"\" data-signal-inputs=\"scS1X=lx4v7d_n\/scS1X\" data-ved=\"2ahUKEwii4IPu2-iSAxVmF2IAHd3aMLgQ3s0SegYIAQgEEAI\" data-complete=\"true\"><\/div>\n<\/div>\n<ol class=\"IaGLZe VimKh\" data-complete=\"true\" data-processed=\"true\">\n<li data-hveid=\"CAEIBRAA\" data-complete=\"true\" data-sae=\"\"><span class=\"T286Pc\" data-sfc-cp=\"\" data-complete=\"true\">Les clips standard s&rsquo;ins\u00e8rent dans les fentes pr\u00e9vues sur la coque du casque.<\/span><\/li>\n<li data-hveid=\"CAEIBRAB\" data-complete=\"true\" data-sae=\"\"><span class=\"T286Pc\" data-sfc-cp=\"\" data-complete=\"true\">Les extr\u00e9mit\u00e9s de la mentonni\u00e8re se fixent au bandeau de la suspension \u00e0 l&rsquo;aide de <strong class=\"Yjhzub\" data-complete=\"true\">boutons-pression en plastique<\/strong>.<\/span><\/li>\n<li data-hveid=\"CAEIBRAC\" data-complete=\"true\" data-sae=\"\"><span class=\"T286Pc\" data-sfc-cp=\"\" data-complete=\"true\" aria-owns=\"action-menu-parent-container\">Une fois en place, elle doit \u00eatre suffisamment serr\u00e9e pour ne laisser passer que deux doigts entre la sangle et votre menton.<\/span><\/li>\n<\/ol>\n<p><img decoding=\"async\" class=\"alignnone wp-image-40620\" src=\"https:\/\/autravail.ca\/wp-content\/uploads\/2025\/09\/Jachete-quebec-et-canada.jpg\" alt=\"Logo de l'achat local\" width=\"162\" height=\"139\" \/>Merci d&rsquo;encourager une entreprise 100% d&rsquo;ici!<\/p>\n<p>TS2602H<\/p>","protected":false},"excerpt":{"rendered":"<p>Mentonni\u00e8re 4 points &#8211; HP542C2 Mentonni\u00e8re 4 points &#8211; HP542C2 de Dynamic, est une\u00a0mentonni\u00e8re (jugulaire) \u00e0 4 points avec agrafe standard\u00a0con\u00e7ue pour les casques de s\u00e9curit\u00e9. Ce dispositif est particuli\u00e8rement recommand\u00e9 pour les travailleurs en hauteur afin d&rsquo;assurer que le casque reste bien en place en cas de chute ou de choc. Caract\u00e9ristiques: La sangle [&hellip;]<\/p>","protected":false},"featured_media":44313,"comment_status":"open","ping_status":"closed","template":"","meta":[],"product_cat":[702,681],"product_tag":[255,242],"class_list":{"0":"post-44312","1":"product","2":"type-product","3":"status-publish","4":"has-post-thumbnail","6":"product_brand-dynamic","7":"product_cat-accessoires-de-securite","8":"product_cat-protection-de-la-tete","9":"product_tag-femme","10":"product_tag-homme","12":"first","13":"instock","14":"taxable","15":"shipping-taxable","16":"purchasable","17":"product-type-variable"},"yoast_head":"<!-- This site is optimized with the Yoast SEO plugin v25.3.1 - https:\/\/yoast.com\/wordpress\/plugins\/seo\/ -->\n<title>Mentonni\u00e8re 4 points - HP542C2 - Le Magasin Industriel<\/title>\n<meta name=\"description\" content=\"Mentonni\u00e8re 4 points - HP542C2 est une mentonni\u00e8re \u00e0 4 points avec agrafe standard con\u00e7ue pour les casques de s\u00e9curit\u00e9, pour les travailleurs en hauteur\" \/>\n<meta name=\"robots\" content=\"index, follow, max-snippet:-1, max-image-preview:large, max-video-preview:-1\" \/>\n<link rel=\"canonical\" href=\"https:\/\/autravail.ca\/en\/product\/mentonniere-4-points-hp542c2\/\" \/>\n<meta property=\"og:locale\" content=\"en_US\" \/>\n<meta property=\"og:type\" content=\"article\" \/>\n<meta property=\"og:title\" content=\"Mentonni\u00e8re 4 points - HP542C2 - Le Magasin Industriel\" \/>\n<meta property=\"og:description\" content=\"Mentonni\u00e8re 4 points - HP542C2 est une mentonni\u00e8re \u00e0 4 points avec agrafe standard con\u00e7ue pour les casques de s\u00e9curit\u00e9, pour les travailleurs en hauteur\" \/>\n<meta property=\"og:url\" content=\"https:\/\/autravail.ca\/en\/product\/mentonniere-4-points-hp542c2\/\" \/>\n<meta property=\"og:site_name\" content=\"Le Magasin Industriel\" \/>\n<meta property=\"article:publisher\" content=\"https:\/\/www.facebook.com\/lemagasinindustriel\/?locale=fr_FR\" \/>\n<meta property=\"article:modified_time\" content=\"2026-02-20T18:44:19+00:00\" \/>\n<meta property=\"og:image\" content=\"https:\/\/autravail.ca\/wp-content\/uploads\/2026\/02\/HP542C2_A01.jpg\" \/>\n\t<meta property=\"og:image:width\" content=\"1000\" \/>\n\t<meta property=\"og:image:height\" content=\"1000\" \/>\n\t<meta property=\"og:image:type\" content=\"image\/jpeg\" \/>\n<meta name=\"twitter:card\" content=\"summary_large_image\" \/>\n<meta name=\"twitter:label1\" content=\"Est. reading time\" \/>\n\t<meta name=\"twitter:data1\" content=\"2 minutes\" \/>\n<script type=\"application\/ld+json\" class=\"yoast-schema-graph\">{\"@context\":\"https:\/\/schema.org\",\"@graph\":[{\"@type\":\"WebPage\",\"@id\":\"https:\/\/autravail.ca\/product\/mentonniere-4-points-hp542c2\/\",\"url\":\"https:\/\/autravail.ca\/product\/mentonniere-4-points-hp542c2\/\",\"name\":\"Mentonni\u00e8re 4 points - HP542C2 - Le Magasin Industriel\",\"isPartOf\":{\"@id\":\"https:\/\/autravail.ca\/#website\"},\"primaryImageOfPage\":{\"@id\":\"https:\/\/autravail.ca\/product\/mentonniere-4-points-hp542c2\/#primaryimage\"},\"image\":{\"@id\":\"https:\/\/autravail.ca\/product\/mentonniere-4-points-hp542c2\/#primaryimage\"},\"thumbnailUrl\":\"https:\/\/autravail.ca\/wp-content\/uploads\/2026\/02\/HP542C2_A01.jpg\",\"datePublished\":\"2026-02-20T18:43:02+00:00\",\"dateModified\":\"2026-02-20T18:44:19+00:00\",\"description\":\"Mentonni\u00e8re 4 points - HP542C2 est une mentonni\u00e8re \u00e0 4 points avec agrafe standard con\u00e7ue pour les casques de s\u00e9curit\u00e9, pour les travailleurs en hauteur\",\"breadcrumb\":{\"@id\":\"https:\/\/autravail.ca\/product\/mentonniere-4-points-hp542c2\/#breadcrumb\"},\"inLanguage\":\"en-CA\",\"potentialAction\":[{\"@type\":\"ReadAction\",\"target\":[\"https:\/\/autravail.ca\/product\/mentonniere-4-points-hp542c2\/\"]}]},{\"@type\":\"ImageObject\",\"inLanguage\":\"en-CA\",\"@id\":\"https:\/\/autravail.ca\/product\/mentonniere-4-points-hp542c2\/#primaryimage\",\"url\":\"https:\/\/autravail.ca\/wp-content\/uploads\/2026\/02\/HP542C2_A01.jpg\",\"contentUrl\":\"https:\/\/autravail.ca\/wp-content\/uploads\/2026\/02\/HP542C2_A01.jpg\",\"width\":1000,\"height\":1000,\"caption\":\"Mentonni\u00e8re 4 points - HP542C2\"},{\"@type\":\"BreadcrumbList\",\"@id\":\"https:\/\/autravail.ca\/product\/mentonniere-4-points-hp542c2\/#breadcrumb\",\"itemListElement\":[{\"@type\":\"ListItem\",\"position\":1,\"name\":\"Accueil\",\"item\":\"https:\/\/autravail.ca\/\"},{\"@type\":\"ListItem\",\"position\":2,\"name\":\"Magasin\",\"item\":\"https:\/\/autravail.ca\/en\/shop\/\"},{\"@type\":\"ListItem\",\"position\":3,\"name\":\"Mentonni\u00e8re 4 points &#8211; HP542C2\"}]},{\"@type\":\"WebSite\",\"@id\":\"https:\/\/autravail.ca\/#website\",\"url\":\"https:\/\/autravail.ca\/\",\"name\":\"Le Magasin Industriel\",\"description\":\"50 ans de tradition de s\u00e9curit\u00e9 au travail\",\"publisher\":{\"@id\":\"https:\/\/autravail.ca\/#organization\"},\"potentialAction\":[{\"@type\":\"SearchAction\",\"target\":{\"@type\":\"EntryPoint\",\"urlTemplate\":\"https:\/\/autravail.ca\/?s={search_term_string}\"},\"query-input\":{\"@type\":\"PropertyValueSpecification\",\"valueRequired\":true,\"valueName\":\"search_term_string\"}}],\"inLanguage\":\"en-CA\"},{\"@type\":\"Organization\",\"@id\":\"https:\/\/autravail.ca\/#organization\",\"name\":\"Le Magasin Industriel\",\"url\":\"https:\/\/autravail.ca\/\",\"logo\":{\"@type\":\"ImageObject\",\"inLanguage\":\"en-CA\",\"@id\":\"https:\/\/autravail.ca\/#\/schema\/logo\/image\/\",\"url\":\"https:\/\/autravail.ca\/wp-content\/uploads\/2025\/05\/cropped-magasin_industriel_120x.avif\",\"contentUrl\":\"https:\/\/autravail.ca\/wp-content\/uploads\/2025\/05\/cropped-magasin_industriel_120x.avif\",\"width\":120,\"height\":24,\"caption\":\"Le Magasin Industriel\"},\"image\":{\"@id\":\"https:\/\/autravail.ca\/#\/schema\/logo\/image\/\"},\"sameAs\":[\"https:\/\/www.facebook.com\/lemagasinindustriel\/?locale=fr_FR\"]}]}<\/script>\n<!-- \/ Yoast SEO plugin. -->","yoast_head_json":{"title":"Mentonni\u00e8re 4 points - HP542C2 - Le Magasin Industriel","description":"Mentonni\u00e8re 4 points - HP542C2 est une mentonni\u00e8re \u00e0 4 points avec agrafe standard con\u00e7ue pour les casques de s\u00e9curit\u00e9, pour les travailleurs en hauteur","robots":{"index":"index","follow":"follow","max-snippet":"max-snippet:-1","max-image-preview":"max-image-preview:large","max-video-preview":"max-video-preview:-1"},"canonical":"https:\/\/autravail.ca\/en\/product\/mentonniere-4-points-hp542c2\/","og_locale":"en_US","og_type":"article","og_title":"Mentonni\u00e8re 4 points - HP542C2 - Le Magasin Industriel","og_description":"Mentonni\u00e8re 4 points - HP542C2 est une mentonni\u00e8re \u00e0 4 points avec agrafe standard con\u00e7ue pour les casques de s\u00e9curit\u00e9, pour les travailleurs en hauteur","og_url":"https:\/\/autravail.ca\/en\/product\/mentonniere-4-points-hp542c2\/","og_site_name":"Le Magasin Industriel","article_publisher":"https:\/\/www.facebook.com\/lemagasinindustriel\/?locale=fr_FR","article_modified_time":"2026-02-20T18:44:19+00:00","og_image":[{"width":1000,"height":1000,"url":"https:\/\/autravail.ca\/wp-content\/uploads\/2026\/02\/HP542C2_A01.jpg","type":"image\/jpeg"}],"twitter_card":"summary_large_image","twitter_misc":{"Est. reading time":"2 minutes"},"schema":{"@context":"https:\/\/schema.org","@graph":[{"@type":"WebPage","@id":"https:\/\/autravail.ca\/product\/mentonniere-4-points-hp542c2\/","url":"https:\/\/autravail.ca\/product\/mentonniere-4-points-hp542c2\/","name":"Mentonni\u00e8re 4 points - HP542C2 - Le Magasin Industriel","isPartOf":{"@id":"https:\/\/autravail.ca\/#website"},"primaryImageOfPage":{"@id":"https:\/\/autravail.ca\/product\/mentonniere-4-points-hp542c2\/#primaryimage"},"image":{"@id":"https:\/\/autravail.ca\/product\/mentonniere-4-points-hp542c2\/#primaryimage"},"thumbnailUrl":"https:\/\/autravail.ca\/wp-content\/uploads\/2026\/02\/HP542C2_A01.jpg","datePublished":"2026-02-20T18:43:02+00:00","dateModified":"2026-02-20T18:44:19+00:00","description":"Mentonni\u00e8re 4 points - HP542C2 est une mentonni\u00e8re \u00e0 4 points avec agrafe standard con\u00e7ue pour les casques de s\u00e9curit\u00e9, pour les travailleurs en hauteur","breadcrumb":{"@id":"https:\/\/autravail.ca\/product\/mentonniere-4-points-hp542c2\/#breadcrumb"},"inLanguage":"en-CA","potentialAction":[{"@type":"ReadAction","target":["https:\/\/autravail.ca\/product\/mentonniere-4-points-hp542c2\/"]}]},{"@type":"ImageObject","inLanguage":"en-CA","@id":"https:\/\/autravail.ca\/product\/mentonniere-4-points-hp542c2\/#primaryimage","url":"https:\/\/autravail.ca\/wp-content\/uploads\/2026\/02\/HP542C2_A01.jpg","contentUrl":"https:\/\/autravail.ca\/wp-content\/uploads\/2026\/02\/HP542C2_A01.jpg","width":1000,"height":1000,"caption":"Mentonni\u00e8re 4 points - HP542C2"},{"@type":"BreadcrumbList","@id":"https:\/\/autravail.ca\/product\/mentonniere-4-points-hp542c2\/#breadcrumb","itemListElement":[{"@type":"ListItem","position":1,"name":"Accueil","item":"https:\/\/autravail.ca\/"},{"@type":"ListItem","position":2,"name":"Magasin","item":"https:\/\/autravail.ca\/en\/shop\/"},{"@type":"ListItem","position":3,"name":"Mentonni\u00e8re 4 points &#8211; HP542C2"}]},{"@type":"WebSite","@id":"https:\/\/autravail.ca\/#website","url":"https:\/\/autravail.ca\/","name":"Le Magasin Industriel","description":"50 ans de tradition de s\u00e9curit\u00e9 au travail","publisher":{"@id":"https:\/\/autravail.ca\/#organization"},"potentialAction":[{"@type":"SearchAction","target":{"@type":"EntryPoint","urlTemplate":"https:\/\/autravail.ca\/?s={search_term_string}"},"query-input":{"@type":"PropertyValueSpecification","valueRequired":true,"valueName":"search_term_string"}}],"inLanguage":"en-CA"},{"@type":"Organization","@id":"https:\/\/autravail.ca\/#organization","name":"Le Magasin Industriel","url":"https:\/\/autravail.ca\/","logo":{"@type":"ImageObject","inLanguage":"en-CA","@id":"https:\/\/autravail.ca\/#\/schema\/logo\/image\/","url":"https:\/\/autravail.ca\/wp-content\/uploads\/2025\/05\/cropped-magasin_industriel_120x.avif","contentUrl":"https:\/\/autravail.ca\/wp-content\/uploads\/2025\/05\/cropped-magasin_industriel_120x.avif","width":120,"height":24,"caption":"Le Magasin Industriel"},"image":{"@id":"https:\/\/autravail.ca\/#\/schema\/logo\/image\/"},"sameAs":["https:\/\/www.facebook.com\/lemagasinindustriel\/?locale=fr_FR"]}]}},"jetpack_sharing_enabled":true,"_links":{"self":[{"href":"https:\/\/autravail.ca\/en\/wp-json\/wp\/v2\/product\/44312","targetHints":{"allow":["GET"]}}],"collection":[{"href":"https:\/\/autravail.ca\/en\/wp-json\/wp\/v2\/product"}],"about":[{"href":"https:\/\/autravail.ca\/en\/wp-json\/wp\/v2\/types\/product"}],"replies":[{"embeddable":true,"href":"https:\/\/autravail.ca\/en\/wp-json\/wp\/v2\/comments?post=44312"}],"wp:featuredmedia":[{"embeddable":true,"href":"https:\/\/autravail.ca\/en\/wp-json\/wp\/v2\/media\/44313"}],"wp:attachment":[{"href":"https:\/\/autravail.ca\/en\/wp-json\/wp\/v2\/media?parent=44312"}],"wp:term":[{"taxonomy":"product_cat","embeddable":true,"href":"https:\/\/autravail.ca\/en\/wp-json\/wp\/v2\/product_cat?post=44312"},{"taxonomy":"product_tag","embeddable":true,"href":"https:\/\/autravail.ca\/en\/wp-json\/wp\/v2\/product_tag?post=44312"}],"curies":[{"name":"wp","href":"https:\/\/api.w.org\/{rel}","templated":true}]}}