{"id":44295,"date":"2026-02-20T12:11:25","date_gmt":"2026-02-20T16:11:25","guid":{"rendered":"https:\/\/autravail.ca\/?post_type=product&#038;p=44295"},"modified":"2026-02-20T12:33:52","modified_gmt":"2026-02-20T16:33:52","slug":"botte-de-travail-isole-nt1301-11","status":"publish","type":"product","link":"https:\/\/autravail.ca\/en\/product\/botte-de-travail-isole-nt1301-11\/","title":{"rendered":"Botte de travail isol\u00e9 &#8211; NT1301-11"},"content":{"rendered":"<h3>Botte de travail isol\u00e9 &#8211; NT1301-11<\/h3>\n<p>Botte de travail isol\u00e9 &#8211; NT1301-11 fait partie de la gamme de bottes de travail de la marque\u00a0<a href=\"https:\/\/autravail.ca\/en\/product-brand\/nats\/\"><strong class=\"Yjhzub\" data-complete=\"true\" data-processed=\"true\">NAT&rsquo;S<\/strong><\/a>, une division de l&rsquo;entreprise qu\u00e9b\u00e9coise\u00a0<strong class=\"Yjhzub\" data-complete=\"true\" data-processed=\"true\" aria-owns=\"action-menu-parent-container\">Chaussures R\u00e9gence inc. Cette botte de travail 100% imperm\u00e9able en EVA ultra l\u00e9ger est isol\u00e9e avec un chausson amovible en Primaloft 200 g et poss\u00e8de une semelle en caoutchouc naturel antid\u00e9rapant ainsi qu\u2019un cap de protection et une semelle antiperforation en composite l\u00e9ger. Elle est parfaite pour la saison hivernale.<\/strong><\/p>\n<p><img decoding=\"async\" class=\"alignnone size-full wp-image-40117\" src=\"https:\/\/autravail.ca\/wp-content\/uploads\/2025\/09\/Certification-Omega-Triangle-vert.jpg\" alt=\"Certifications Om\u00e9ga Triangle vert\" width=\"193\" height=\"110\" srcset=\"https:\/\/autravail.ca\/wp-content\/uploads\/2025\/09\/Certification-Omega-Triangle-vert.jpg 193w, https:\/\/autravail.ca\/wp-content\/uploads\/2025\/09\/Certification-Omega-Triangle-vert-150x85.jpg 150w, https:\/\/autravail.ca\/wp-content\/uploads\/2025\/09\/Certification-Omega-Triangle-vert-18x10.jpg 18w\" sizes=\"(max-width: 193px) 100vw, 193px\" \/><\/p>\n<h6>Characteristics:<\/h6>\n<ul>\n<li>Hauteur : 14\u201d\u00a0\/\u00a035.6 cm<\/li>\n<li>Tige imperm\u00e9able en EVA ultra-l\u00e9ger et r\u00e9sistant au purin, ultra l\u00e9ger et 100% imperm\u00e9able.<\/li>\n<li>Adjustment at collar with trigger closing<\/li>\n<li>Chausson amovible en mousse avec isolation Primaloft 200 g, con\u00e7u pour affronter la saison hivernale.<\/li>\n<li>Antimicrobien et r\u00e9sistant aux huiles.<\/li>\n<li>Lightweight and non-conductive composite toe cap and anti-piercing sole.<\/li>\n<li>Retire-botte \u00e0 l\u2019arri\u00e8re.<\/li>\n<li>Semelle autonettoyante faite de caoutchouc naturel antid\u00e9rapant.<\/li>\n<li>Semelle int\u00e9rieure moul\u00e9e en PU avec mousse de latex anti-fatigue au talon.<\/li>\n<li>Talon \u00e0 90\u00b0.<\/li>\n<\/ul>\n<h6 class=\"otQkpb\" role=\"heading\" aria-level=\"3\" data-complete=\"true\" data-processed=\"true\">Performance Thermique et Confort<\/h6>\n<ul class=\"KsbFXc U6u95\" data-complete=\"true\" data-processed=\"true\">\n<li data-hveid=\"CAEIBBAC\" data-complete=\"true\" data-sae=\"\"><span class=\"T286Pc\" data-sfc-cp=\"\" data-complete=\"true\" aria-owns=\"action-menu-parent-container\"><strong class=\"Yjhzub\" data-complete=\"true\">Gestion de l&rsquo;humidit\u00e9 :<\/strong>\u00a0L&rsquo;isolation\u00a0<strong class=\"Yjhzub\" data-complete=\"true\">Primaloft<\/strong>\u00a0est reconnue pour ses propri\u00e9t\u00e9s respirantes ; elle \u00e9vacue l&rsquo;humidit\u00e9 pour garder les pieds au sec, un facteur crucial pour \u00e9viter les engelures.<\/span><\/li>\n<\/ul>\n<p><em><span style=\"color: #fa0b0b;\">Unisex U.S. men's sizes presented. To convert to U.S. women's size, add 2 sizes. Example: 5 U.S. men = 7 U.S. women<\/span><\/em><\/p>\n<p><img decoding=\"async\" class=\"alignnone wp-image-40620\" src=\"https:\/\/autravail.ca\/wp-content\/uploads\/2025\/09\/Jachete-quebec-et-canada.jpg\" alt=\"Logo de l'achat local\" width=\"162\" height=\"139\" \/>Merci d&rsquo;encourager une entreprise 100% d&rsquo;ici!<\/p>\n<p>TS2602H<\/p>","protected":false},"excerpt":{"rendered":"<p>Botte de travail isol\u00e9 &#8211; NT1301-11 Botte de travail isol\u00e9 &#8211; NT1301-11 fait partie de la gamme de bottes de travail de la marque\u00a0NAT&rsquo;S, une division de l&rsquo;entreprise qu\u00e9b\u00e9coise\u00a0Chaussures R\u00e9gence inc. Cette botte de travail 100% imperm\u00e9able en EVA ultra l\u00e9ger est isol\u00e9e avec un chausson amovible en Primaloft 200 g et poss\u00e8de une semelle [&hellip;]<\/p>","protected":false},"featured_media":44296,"comment_status":"open","ping_status":"closed","template":"","meta":[],"product_cat":[671,811],"product_tag":[307,308,309,255,242],"class_list":{"0":"post-44295","1":"product","2":"type-product","3":"status-publish","4":"has-post-thumbnail","6":"product_brand-acton","7":"product_brand-nats","8":"product_cat-bottes-dhiver-csa","9":"product_cat-chaussures-de-securite","10":"product_tag-bottes-dhiver","11":"product_tag-bottes-dhiver-csa","12":"product_tag-csa-hiver","13":"product_tag-femme","14":"product_tag-homme","16":"first","17":"instock","18":"taxable","19":"shipping-taxable","20":"purchasable","21":"product-type-variable"},"yoast_head":"<!-- This site is optimized with the Yoast SEO plugin v25.3.1 - https:\/\/yoast.com\/wordpress\/plugins\/seo\/ -->\n<title>Botte de travail isol\u00e9 - NT1301-11 - Le Magasin Industriel<\/title>\n<meta name=\"description\" content=\"Botte de travail isol\u00e9 - NT1301-11, 100% imperm\u00e9able en EVA ultra l\u00e9ger est isol\u00e9e avec un chausson amovible en Primaloft 200 g\" \/>\n<meta name=\"robots\" content=\"index, follow, max-snippet:-1, max-image-preview:large, max-video-preview:-1\" \/>\n<link rel=\"canonical\" href=\"https:\/\/autravail.ca\/en\/product\/botte-de-travail-isole-nt1301-11\/\" \/>\n<meta property=\"og:locale\" content=\"en_US\" \/>\n<meta property=\"og:type\" content=\"article\" \/>\n<meta property=\"og:title\" content=\"Botte de travail isol\u00e9 - NT1301-11 - Le Magasin Industriel\" \/>\n<meta property=\"og:description\" content=\"Botte de travail isol\u00e9 - NT1301-11, 100% imperm\u00e9able en EVA ultra l\u00e9ger est isol\u00e9e avec un chausson amovible en Primaloft 200 g\" \/>\n<meta property=\"og:url\" content=\"https:\/\/autravail.ca\/en\/product\/botte-de-travail-isole-nt1301-11\/\" \/>\n<meta property=\"og:site_name\" content=\"Le Magasin Industriel\" \/>\n<meta property=\"article:publisher\" content=\"https:\/\/www.facebook.com\/lemagasinindustriel\/?locale=fr_FR\" \/>\n<meta property=\"article:modified_time\" content=\"2026-02-20T16:33:52+00:00\" \/>\n<meta property=\"og:image\" content=\"https:\/\/autravail.ca\/wp-content\/uploads\/2026\/02\/NT1301-11_A01.jpg\" \/>\n\t<meta property=\"og:image:width\" content=\"1000\" \/>\n\t<meta property=\"og:image:height\" content=\"1000\" \/>\n\t<meta property=\"og:image:type\" content=\"image\/jpeg\" \/>\n<meta name=\"twitter:card\" content=\"summary_large_image\" \/>\n<meta name=\"twitter:label1\" content=\"Est. reading time\" \/>\n\t<meta name=\"twitter:data1\" content=\"2 minutes\" \/>\n<script type=\"application\/ld+json\" class=\"yoast-schema-graph\">{\"@context\":\"https:\/\/schema.org\",\"@graph\":[{\"@type\":\"WebPage\",\"@id\":\"https:\/\/autravail.ca\/product\/botte-de-travail-isole-nt1301-11\/\",\"url\":\"https:\/\/autravail.ca\/product\/botte-de-travail-isole-nt1301-11\/\",\"name\":\"Botte de travail isol\u00e9 - NT1301-11 - Le Magasin Industriel\",\"isPartOf\":{\"@id\":\"https:\/\/autravail.ca\/#website\"},\"primaryImageOfPage\":{\"@id\":\"https:\/\/autravail.ca\/product\/botte-de-travail-isole-nt1301-11\/#primaryimage\"},\"image\":{\"@id\":\"https:\/\/autravail.ca\/product\/botte-de-travail-isole-nt1301-11\/#primaryimage\"},\"thumbnailUrl\":\"https:\/\/autravail.ca\/wp-content\/uploads\/2026\/02\/NT1301-11_A01.jpg\",\"datePublished\":\"2026-02-20T16:11:25+00:00\",\"dateModified\":\"2026-02-20T16:33:52+00:00\",\"description\":\"Botte de travail isol\u00e9 - NT1301-11, 100% imperm\u00e9able en EVA ultra l\u00e9ger est isol\u00e9e avec un chausson amovible en Primaloft 200 g\",\"breadcrumb\":{\"@id\":\"https:\/\/autravail.ca\/product\/botte-de-travail-isole-nt1301-11\/#breadcrumb\"},\"inLanguage\":\"en-CA\",\"potentialAction\":[{\"@type\":\"ReadAction\",\"target\":[\"https:\/\/autravail.ca\/product\/botte-de-travail-isole-nt1301-11\/\"]}]},{\"@type\":\"ImageObject\",\"inLanguage\":\"en-CA\",\"@id\":\"https:\/\/autravail.ca\/product\/botte-de-travail-isole-nt1301-11\/#primaryimage\",\"url\":\"https:\/\/autravail.ca\/wp-content\/uploads\/2026\/02\/NT1301-11_A01.jpg\",\"contentUrl\":\"https:\/\/autravail.ca\/wp-content\/uploads\/2026\/02\/NT1301-11_A01.jpg\",\"width\":1000,\"height\":1000,\"caption\":\"Botte de travail isol\u00e9 - NT1301-11\"},{\"@type\":\"BreadcrumbList\",\"@id\":\"https:\/\/autravail.ca\/product\/botte-de-travail-isole-nt1301-11\/#breadcrumb\",\"itemListElement\":[{\"@type\":\"ListItem\",\"position\":1,\"name\":\"Accueil\",\"item\":\"https:\/\/autravail.ca\/\"},{\"@type\":\"ListItem\",\"position\":2,\"name\":\"Magasin\",\"item\":\"https:\/\/autravail.ca\/en\/shop\/\"},{\"@type\":\"ListItem\",\"position\":3,\"name\":\"Botte de travail isol\u00e9 &#8211; NT1301-11\"}]},{\"@type\":\"WebSite\",\"@id\":\"https:\/\/autravail.ca\/#website\",\"url\":\"https:\/\/autravail.ca\/\",\"name\":\"Le Magasin Industriel\",\"description\":\"50 ans de tradition de s\u00e9curit\u00e9 au travail\",\"publisher\":{\"@id\":\"https:\/\/autravail.ca\/#organization\"},\"potentialAction\":[{\"@type\":\"SearchAction\",\"target\":{\"@type\":\"EntryPoint\",\"urlTemplate\":\"https:\/\/autravail.ca\/?s={search_term_string}\"},\"query-input\":{\"@type\":\"PropertyValueSpecification\",\"valueRequired\":true,\"valueName\":\"search_term_string\"}}],\"inLanguage\":\"en-CA\"},{\"@type\":\"Organization\",\"@id\":\"https:\/\/autravail.ca\/#organization\",\"name\":\"Le Magasin Industriel\",\"url\":\"https:\/\/autravail.ca\/\",\"logo\":{\"@type\":\"ImageObject\",\"inLanguage\":\"en-CA\",\"@id\":\"https:\/\/autravail.ca\/#\/schema\/logo\/image\/\",\"url\":\"https:\/\/autravail.ca\/wp-content\/uploads\/2025\/05\/cropped-magasin_industriel_120x.avif\",\"contentUrl\":\"https:\/\/autravail.ca\/wp-content\/uploads\/2025\/05\/cropped-magasin_industriel_120x.avif\",\"width\":120,\"height\":24,\"caption\":\"Le Magasin Industriel\"},\"image\":{\"@id\":\"https:\/\/autravail.ca\/#\/schema\/logo\/image\/\"},\"sameAs\":[\"https:\/\/www.facebook.com\/lemagasinindustriel\/?locale=fr_FR\"]}]}<\/script>\n<!-- \/ Yoast SEO plugin. -->","yoast_head_json":{"title":"Botte de travail isol\u00e9 - NT1301-11 - Le Magasin Industriel","description":"Botte de travail isol\u00e9 - NT1301-11, 100% imperm\u00e9able en EVA ultra l\u00e9ger est isol\u00e9e avec un chausson amovible en Primaloft 200 g","robots":{"index":"index","follow":"follow","max-snippet":"max-snippet:-1","max-image-preview":"max-image-preview:large","max-video-preview":"max-video-preview:-1"},"canonical":"https:\/\/autravail.ca\/en\/product\/botte-de-travail-isole-nt1301-11\/","og_locale":"en_US","og_type":"article","og_title":"Botte de travail isol\u00e9 - NT1301-11 - Le Magasin Industriel","og_description":"Botte de travail isol\u00e9 - NT1301-11, 100% imperm\u00e9able en EVA ultra l\u00e9ger est isol\u00e9e avec un chausson amovible en Primaloft 200 g","og_url":"https:\/\/autravail.ca\/en\/product\/botte-de-travail-isole-nt1301-11\/","og_site_name":"Le Magasin Industriel","article_publisher":"https:\/\/www.facebook.com\/lemagasinindustriel\/?locale=fr_FR","article_modified_time":"2026-02-20T16:33:52+00:00","og_image":[{"width":1000,"height":1000,"url":"https:\/\/autravail.ca\/wp-content\/uploads\/2026\/02\/NT1301-11_A01.jpg","type":"image\/jpeg"}],"twitter_card":"summary_large_image","twitter_misc":{"Est. reading time":"2 minutes"},"schema":{"@context":"https:\/\/schema.org","@graph":[{"@type":"WebPage","@id":"https:\/\/autravail.ca\/product\/botte-de-travail-isole-nt1301-11\/","url":"https:\/\/autravail.ca\/product\/botte-de-travail-isole-nt1301-11\/","name":"Botte de travail isol\u00e9 - NT1301-11 - Le Magasin Industriel","isPartOf":{"@id":"https:\/\/autravail.ca\/#website"},"primaryImageOfPage":{"@id":"https:\/\/autravail.ca\/product\/botte-de-travail-isole-nt1301-11\/#primaryimage"},"image":{"@id":"https:\/\/autravail.ca\/product\/botte-de-travail-isole-nt1301-11\/#primaryimage"},"thumbnailUrl":"https:\/\/autravail.ca\/wp-content\/uploads\/2026\/02\/NT1301-11_A01.jpg","datePublished":"2026-02-20T16:11:25+00:00","dateModified":"2026-02-20T16:33:52+00:00","description":"Botte de travail isol\u00e9 - NT1301-11, 100% imperm\u00e9able en EVA ultra l\u00e9ger est isol\u00e9e avec un chausson amovible en Primaloft 200 g","breadcrumb":{"@id":"https:\/\/autravail.ca\/product\/botte-de-travail-isole-nt1301-11\/#breadcrumb"},"inLanguage":"en-CA","potentialAction":[{"@type":"ReadAction","target":["https:\/\/autravail.ca\/product\/botte-de-travail-isole-nt1301-11\/"]}]},{"@type":"ImageObject","inLanguage":"en-CA","@id":"https:\/\/autravail.ca\/product\/botte-de-travail-isole-nt1301-11\/#primaryimage","url":"https:\/\/autravail.ca\/wp-content\/uploads\/2026\/02\/NT1301-11_A01.jpg","contentUrl":"https:\/\/autravail.ca\/wp-content\/uploads\/2026\/02\/NT1301-11_A01.jpg","width":1000,"height":1000,"caption":"Botte de travail isol\u00e9 - NT1301-11"},{"@type":"BreadcrumbList","@id":"https:\/\/autravail.ca\/product\/botte-de-travail-isole-nt1301-11\/#breadcrumb","itemListElement":[{"@type":"ListItem","position":1,"name":"Accueil","item":"https:\/\/autravail.ca\/"},{"@type":"ListItem","position":2,"name":"Magasin","item":"https:\/\/autravail.ca\/en\/shop\/"},{"@type":"ListItem","position":3,"name":"Botte de travail isol\u00e9 &#8211; NT1301-11"}]},{"@type":"WebSite","@id":"https:\/\/autravail.ca\/#website","url":"https:\/\/autravail.ca\/","name":"Le Magasin Industriel","description":"50 ans de tradition de s\u00e9curit\u00e9 au travail","publisher":{"@id":"https:\/\/autravail.ca\/#organization"},"potentialAction":[{"@type":"SearchAction","target":{"@type":"EntryPoint","urlTemplate":"https:\/\/autravail.ca\/?s={search_term_string}"},"query-input":{"@type":"PropertyValueSpecification","valueRequired":true,"valueName":"search_term_string"}}],"inLanguage":"en-CA"},{"@type":"Organization","@id":"https:\/\/autravail.ca\/#organization","name":"Le Magasin Industriel","url":"https:\/\/autravail.ca\/","logo":{"@type":"ImageObject","inLanguage":"en-CA","@id":"https:\/\/autravail.ca\/#\/schema\/logo\/image\/","url":"https:\/\/autravail.ca\/wp-content\/uploads\/2025\/05\/cropped-magasin_industriel_120x.avif","contentUrl":"https:\/\/autravail.ca\/wp-content\/uploads\/2025\/05\/cropped-magasin_industriel_120x.avif","width":120,"height":24,"caption":"Le Magasin Industriel"},"image":{"@id":"https:\/\/autravail.ca\/#\/schema\/logo\/image\/"},"sameAs":["https:\/\/www.facebook.com\/lemagasinindustriel\/?locale=fr_FR"]}]}},"jetpack_sharing_enabled":true,"_links":{"self":[{"href":"https:\/\/autravail.ca\/en\/wp-json\/wp\/v2\/product\/44295","targetHints":{"allow":["GET"]}}],"collection":[{"href":"https:\/\/autravail.ca\/en\/wp-json\/wp\/v2\/product"}],"about":[{"href":"https:\/\/autravail.ca\/en\/wp-json\/wp\/v2\/types\/product"}],"replies":[{"embeddable":true,"href":"https:\/\/autravail.ca\/en\/wp-json\/wp\/v2\/comments?post=44295"}],"wp:featuredmedia":[{"embeddable":true,"href":"https:\/\/autravail.ca\/en\/wp-json\/wp\/v2\/media\/44296"}],"wp:attachment":[{"href":"https:\/\/autravail.ca\/en\/wp-json\/wp\/v2\/media?parent=44295"}],"wp:term":[{"taxonomy":"product_cat","embeddable":true,"href":"https:\/\/autravail.ca\/en\/wp-json\/wp\/v2\/product_cat?post=44295"},{"taxonomy":"product_tag","embeddable":true,"href":"https:\/\/autravail.ca\/en\/wp-json\/wp\/v2\/product_tag?post=44295"}],"curies":[{"name":"wp","href":"https:\/\/api.w.org\/{rel}","templated":true}]}}