{"id":44241,"date":"2026-02-12T17:36:45","date_gmt":"2026-02-12T21:36:45","guid":{"rendered":"https:\/\/autravail.ca\/?post_type=product&#038;p=44241"},"modified":"2026-02-12T17:36:46","modified_gmt":"2026-02-12T21:36:46","slug":"botte-de-travail-royer-2261xp","status":"publish","type":"product","link":"https:\/\/autravail.ca\/en\/product\/botte-de-travail-royer-2261xp\/","title":{"rendered":"Botte de travail Royer &#8211; 2261XP"},"content":{"rendered":"<h3>Botte de travail Royer &#8211; 2261XP<\/h3>\n<p>Botte de travail Royer &#8211; 2261XP est un mod\u00e8le robuste de 8 pouces (20 cm) con\u00e7u pour les environnements de travail intensifs. Bien qu&rsquo;elle partage la semelle\u00a0<strong class=\"Yjhzub\" data-complete=\"true\" data-processed=\"true\">XPAN<\/strong> avec les mod\u00e8les 2251 et 2252, elle se distingue par sa conception ax\u00e9e sur la simplicit\u00e9 et la durabilit\u00e9, sans protection m\u00e9tatarsienne interne. Cette botte de travail de 8 po \u00e0 embout d&rsquo;acier pour hommes est fabriqu\u00e9e avec la semelle XPAN exclusive de Royer, une technologie de vulcanisation du caoutchouc \u00e0 double densit\u00e9 combinant la durabilit\u00e9 du caoutchouc dense avec l&rsquo;absorption des chocs du caoutchouc expans\u00e9 et est b\u00e2ti pour offrir un maximum de confort et de r\u00e9sistance dans des conditions extr\u00eames.<\/p>\n<p><img decoding=\"async\" class=\"alignnone size-full wp-image-40117\" src=\"https:\/\/autravail.ca\/wp-content\/uploads\/2025\/09\/Certification-Omega-Triangle-vert.jpg\" alt=\"Certifications Om\u00e9ga Triangle vert\" width=\"193\" height=\"110\" srcset=\"https:\/\/autravail.ca\/wp-content\/uploads\/2025\/09\/Certification-Omega-Triangle-vert.jpg 193w, https:\/\/autravail.ca\/wp-content\/uploads\/2025\/09\/Certification-Omega-Triangle-vert-150x85.jpg 150w, https:\/\/autravail.ca\/wp-content\/uploads\/2025\/09\/Certification-Omega-Triangle-vert-18x10.jpg 18w\" sizes=\"(max-width: 193px) 100vw, 193px\" \/><\/p>\n<h6 class=\"otQkpb\" role=\"heading\" aria-level=\"3\" data-complete=\"true\" data-processed=\"true\">Characteristics:<\/h6>\n<div class=\"Y3BBE\" data-sfc-cp=\"\" data-hveid=\"CAEIBBAA\" data-complete=\"true\" data-processed=\"true\"><\/div>\n<ul class=\"KsbFXc U6u95\" data-complete=\"true\" data-processed=\"true\">\n<li data-hveid=\"CAEIBRAA\" data-complete=\"true\" data-sae=\"\"><span class=\"T286Pc\" data-sfc-cp=\"\" data-complete=\"true\">Utilise une semelle en caoutchouc \u00e0 double densit\u00e9 vulcanis\u00e9e. Cette technologie combine la souplesse du caoutchouc expans\u00e9 pour l&rsquo;absorption des chocs et la robustesse du caoutchouc dense pour la durabilit\u00e9.<\/span><\/li>\n<li data-hveid=\"CAEIBRAB\" data-complete=\"true\" data-sae=\"\"><span class=\"T286Pc\" data-sfc-cp=\"\" data-complete=\"true\">E<strong class=\"Yjhzub\" data-complete=\"true\">mbout de protection en acier<\/strong>\u00a0et d&rsquo;une semelle antiperforation non m\u00e9tallique pour une meilleure flexibilit\u00e9.<\/span><\/li>\n<li data-hveid=\"CAEIBRAC\" data-complete=\"true\" data-sae=\"\"><span class=\"T286Pc\" data-sfc-cp=\"\" data-complete=\"true\">Fabriqu\u00e9e en <strong class=\"Yjhzub\" data-complete=\"true\">cuir pleine fleur<\/strong> de premi\u00e8re qualit\u00e9 r\u00e9sistant \u00e0 l&rsquo;eau.<\/span><\/li>\n<li data-hveid=\"CAEIBRAD\" data-complete=\"true\" data-sae=\"\"><span class=\"T286Pc\" data-sfc-cp=\"\" data-complete=\"true\">Sa semelle r\u00e9siste \u00e0 des chaleurs allant jusqu&rsquo;\u00e0 <strong class=\"Yjhzub\" data-complete=\"true\">300 \u00b0C<\/strong>\u00a0et est r\u00e9sistante aux huiles.<\/span><\/li>\n<li data-hveid=\"CAEIBRAE\" data-complete=\"true\" data-sae=\"\"><span class=\"T286Pc\" data-sfc-cp=\"\" data-complete=\"true\">Doublure non tiss\u00e9e <strong class=\"Yjhzub\" data-complete=\"true\">ISOFIX<\/strong>\u00a0et d&rsquo;une assise plantaire\u00a0<strong class=\"Yjhzub\" data-complete=\"true\">Poliyou<\/strong>\u00a0pour un meilleur soutien durant de longues heures.<\/span><span class=\"uJ19be notranslate\" data-wiz-uids=\"w9pu7b_1e,w9pu7b_1f\" data-complete=\"true\"><span class=\"vKEkVd\" data-animation-atomic=\"\" data-wiz-attrbind=\"class=w9pu7b_1d\/TKHnVd\" data-sae=\"\"><span aria-hidden=\"true\" aria-owns=\"action-menu-parent-container\">\u00a0<\/span><\/span><\/span><\/li>\n<\/ul>\n<p><em><span style=\"color: #fa0b0b;\">Unisex U.S. men's sizes presented. To convert to U.S. women's size, add 2 sizes. Example: 5 U.S. men = 7 U.S. women<\/span><\/em><\/p>\n<p><img decoding=\"async\" class=\"alignnone wp-image-40620\" src=\"https:\/\/autravail.ca\/wp-content\/uploads\/2025\/09\/Jachete-quebec-et-canada.jpg\" alt=\"Logo de l'achat local\" width=\"162\" height=\"139\" \/>Merci d&rsquo;encourager une entreprise 100% d&rsquo;ici!<\/p>\n<p>TS2602H<\/p>","protected":false},"excerpt":{"rendered":"<p>Botte de travail Royer &#8211; 2261XP Botte de travail Royer &#8211; 2261XP est un mod\u00e8le robuste de 8 pouces (20 cm) con\u00e7u pour les environnements de travail intensifs. Bien qu&rsquo;elle partage la semelle\u00a0XPAN avec les mod\u00e8les 2251 et 2252, elle se distingue par sa conception ax\u00e9e sur la simplicit\u00e9 et la durabilit\u00e9, sans protection m\u00e9tatarsienne [&hellip;]<\/p>","protected":false},"featured_media":44242,"comment_status":"open","ping_status":"closed","template":"","meta":[],"product_cat":[613,805,602],"product_tag":[251,252,242],"class_list":{"0":"post-44241","1":"product","2":"type-product","3":"status-publish","4":"has-post-thumbnail","6":"product_brand-royer","7":"product_cat-bottes-de-travail","8":"product_cat-bottes-de-travail-homme","9":"product_cat-hommes","10":"product_tag-bottes-de-travail","11":"product_tag-electric-shock-resistant","12":"product_tag-homme","14":"first","15":"instock","16":"taxable","17":"shipping-taxable","18":"purchasable","19":"product-type-variable"},"yoast_head":"<!-- This site is optimized with the Yoast SEO plugin v25.3.1 - https:\/\/yoast.com\/wordpress\/plugins\/seo\/ -->\n<title>Botte de travail Royer - 2261XP - Le Magasin Industriel<\/title>\n<meta name=\"description\" content=\"Botte de travail Royer - 2261XP, est un mod\u00e8le robuste de 8 pouces (20 cm) con\u00e7u pour les environnements de travail intensifs\" \/>\n<meta name=\"robots\" content=\"index, follow, max-snippet:-1, max-image-preview:large, max-video-preview:-1\" \/>\n<link rel=\"canonical\" href=\"https:\/\/autravail.ca\/en\/product\/botte-de-travail-royer-2261xp\/\" \/>\n<meta property=\"og:locale\" content=\"en_US\" \/>\n<meta property=\"og:type\" content=\"article\" \/>\n<meta property=\"og:title\" content=\"Botte de travail Royer - 2261XP - Le Magasin Industriel\" \/>\n<meta property=\"og:description\" content=\"Botte de travail Royer - 2261XP, est un mod\u00e8le robuste de 8 pouces (20 cm) con\u00e7u pour les environnements de travail intensifs\" \/>\n<meta property=\"og:url\" content=\"https:\/\/autravail.ca\/en\/product\/botte-de-travail-royer-2261xp\/\" \/>\n<meta property=\"og:site_name\" content=\"Le Magasin Industriel\" \/>\n<meta property=\"article:publisher\" content=\"https:\/\/www.facebook.com\/lemagasinindustriel\/?locale=fr_FR\" \/>\n<meta property=\"article:modified_time\" content=\"2026-02-12T21:36:46+00:00\" \/>\n<meta property=\"og:image\" content=\"https:\/\/autravail.ca\/wp-content\/uploads\/2026\/02\/2261XPC_A01.jpg\" \/>\n\t<meta property=\"og:image:width\" content=\"1000\" \/>\n\t<meta property=\"og:image:height\" content=\"1000\" \/>\n\t<meta property=\"og:image:type\" content=\"image\/jpeg\" \/>\n<meta name=\"twitter:card\" content=\"summary_large_image\" \/>\n<meta name=\"twitter:label1\" content=\"Est. reading time\" \/>\n\t<meta name=\"twitter:data1\" content=\"2 minutes\" \/>\n<script type=\"application\/ld+json\" class=\"yoast-schema-graph\">{\"@context\":\"https:\/\/schema.org\",\"@graph\":[{\"@type\":\"WebPage\",\"@id\":\"https:\/\/autravail.ca\/product\/botte-de-travail-royer-2261xp\/\",\"url\":\"https:\/\/autravail.ca\/product\/botte-de-travail-royer-2261xp\/\",\"name\":\"Botte de travail Royer - 2261XP - Le Magasin Industriel\",\"isPartOf\":{\"@id\":\"https:\/\/autravail.ca\/#website\"},\"primaryImageOfPage\":{\"@id\":\"https:\/\/autravail.ca\/product\/botte-de-travail-royer-2261xp\/#primaryimage\"},\"image\":{\"@id\":\"https:\/\/autravail.ca\/product\/botte-de-travail-royer-2261xp\/#primaryimage\"},\"thumbnailUrl\":\"https:\/\/autravail.ca\/wp-content\/uploads\/2026\/02\/2261XPC_A01.jpg\",\"datePublished\":\"2026-02-12T21:36:45+00:00\",\"dateModified\":\"2026-02-12T21:36:46+00:00\",\"description\":\"Botte de travail Royer - 2261XP, est un mod\u00e8le robuste de 8 pouces (20 cm) con\u00e7u pour les environnements de travail intensifs\",\"breadcrumb\":{\"@id\":\"https:\/\/autravail.ca\/product\/botte-de-travail-royer-2261xp\/#breadcrumb\"},\"inLanguage\":\"en-CA\",\"potentialAction\":[{\"@type\":\"ReadAction\",\"target\":[\"https:\/\/autravail.ca\/product\/botte-de-travail-royer-2261xp\/\"]}]},{\"@type\":\"ImageObject\",\"inLanguage\":\"en-CA\",\"@id\":\"https:\/\/autravail.ca\/product\/botte-de-travail-royer-2261xp\/#primaryimage\",\"url\":\"https:\/\/autravail.ca\/wp-content\/uploads\/2026\/02\/2261XPC_A01.jpg\",\"contentUrl\":\"https:\/\/autravail.ca\/wp-content\/uploads\/2026\/02\/2261XPC_A01.jpg\",\"width\":1000,\"height\":1000,\"caption\":\"Botte de travail Royer - 2261XP\"},{\"@type\":\"BreadcrumbList\",\"@id\":\"https:\/\/autravail.ca\/product\/botte-de-travail-royer-2261xp\/#breadcrumb\",\"itemListElement\":[{\"@type\":\"ListItem\",\"position\":1,\"name\":\"Accueil\",\"item\":\"https:\/\/autravail.ca\/\"},{\"@type\":\"ListItem\",\"position\":2,\"name\":\"Magasin\",\"item\":\"https:\/\/autravail.ca\/en\/shop\/\"},{\"@type\":\"ListItem\",\"position\":3,\"name\":\"Botte de travail Royer &#8211; 2261XP\"}]},{\"@type\":\"WebSite\",\"@id\":\"https:\/\/autravail.ca\/#website\",\"url\":\"https:\/\/autravail.ca\/\",\"name\":\"Le Magasin Industriel\",\"description\":\"50 ans de tradition de s\u00e9curit\u00e9 au travail\",\"publisher\":{\"@id\":\"https:\/\/autravail.ca\/#organization\"},\"potentialAction\":[{\"@type\":\"SearchAction\",\"target\":{\"@type\":\"EntryPoint\",\"urlTemplate\":\"https:\/\/autravail.ca\/?s={search_term_string}\"},\"query-input\":{\"@type\":\"PropertyValueSpecification\",\"valueRequired\":true,\"valueName\":\"search_term_string\"}}],\"inLanguage\":\"en-CA\"},{\"@type\":\"Organization\",\"@id\":\"https:\/\/autravail.ca\/#organization\",\"name\":\"Le Magasin Industriel\",\"url\":\"https:\/\/autravail.ca\/\",\"logo\":{\"@type\":\"ImageObject\",\"inLanguage\":\"en-CA\",\"@id\":\"https:\/\/autravail.ca\/#\/schema\/logo\/image\/\",\"url\":\"https:\/\/autravail.ca\/wp-content\/uploads\/2025\/05\/cropped-magasin_industriel_120x.avif\",\"contentUrl\":\"https:\/\/autravail.ca\/wp-content\/uploads\/2025\/05\/cropped-magasin_industriel_120x.avif\",\"width\":120,\"height\":24,\"caption\":\"Le Magasin Industriel\"},\"image\":{\"@id\":\"https:\/\/autravail.ca\/#\/schema\/logo\/image\/\"},\"sameAs\":[\"https:\/\/www.facebook.com\/lemagasinindustriel\/?locale=fr_FR\"]}]}<\/script>\n<!-- \/ Yoast SEO plugin. -->","yoast_head_json":{"title":"Botte de travail Royer - 2261XP - Le Magasin Industriel","description":"Botte de travail Royer - 2261XP, est un mod\u00e8le robuste de 8 pouces (20 cm) con\u00e7u pour les environnements de travail intensifs","robots":{"index":"index","follow":"follow","max-snippet":"max-snippet:-1","max-image-preview":"max-image-preview:large","max-video-preview":"max-video-preview:-1"},"canonical":"https:\/\/autravail.ca\/en\/product\/botte-de-travail-royer-2261xp\/","og_locale":"en_US","og_type":"article","og_title":"Botte de travail Royer - 2261XP - Le Magasin Industriel","og_description":"Botte de travail Royer - 2261XP, est un mod\u00e8le robuste de 8 pouces (20 cm) con\u00e7u pour les environnements de travail intensifs","og_url":"https:\/\/autravail.ca\/en\/product\/botte-de-travail-royer-2261xp\/","og_site_name":"Le Magasin Industriel","article_publisher":"https:\/\/www.facebook.com\/lemagasinindustriel\/?locale=fr_FR","article_modified_time":"2026-02-12T21:36:46+00:00","og_image":[{"width":1000,"height":1000,"url":"https:\/\/autravail.ca\/wp-content\/uploads\/2026\/02\/2261XPC_A01.jpg","type":"image\/jpeg"}],"twitter_card":"summary_large_image","twitter_misc":{"Est. reading time":"2 minutes"},"schema":{"@context":"https:\/\/schema.org","@graph":[{"@type":"WebPage","@id":"https:\/\/autravail.ca\/product\/botte-de-travail-royer-2261xp\/","url":"https:\/\/autravail.ca\/product\/botte-de-travail-royer-2261xp\/","name":"Botte de travail Royer - 2261XP - Le Magasin Industriel","isPartOf":{"@id":"https:\/\/autravail.ca\/#website"},"primaryImageOfPage":{"@id":"https:\/\/autravail.ca\/product\/botte-de-travail-royer-2261xp\/#primaryimage"},"image":{"@id":"https:\/\/autravail.ca\/product\/botte-de-travail-royer-2261xp\/#primaryimage"},"thumbnailUrl":"https:\/\/autravail.ca\/wp-content\/uploads\/2026\/02\/2261XPC_A01.jpg","datePublished":"2026-02-12T21:36:45+00:00","dateModified":"2026-02-12T21:36:46+00:00","description":"Botte de travail Royer - 2261XP, est un mod\u00e8le robuste de 8 pouces (20 cm) con\u00e7u pour les environnements de travail intensifs","breadcrumb":{"@id":"https:\/\/autravail.ca\/product\/botte-de-travail-royer-2261xp\/#breadcrumb"},"inLanguage":"en-CA","potentialAction":[{"@type":"ReadAction","target":["https:\/\/autravail.ca\/product\/botte-de-travail-royer-2261xp\/"]}]},{"@type":"ImageObject","inLanguage":"en-CA","@id":"https:\/\/autravail.ca\/product\/botte-de-travail-royer-2261xp\/#primaryimage","url":"https:\/\/autravail.ca\/wp-content\/uploads\/2026\/02\/2261XPC_A01.jpg","contentUrl":"https:\/\/autravail.ca\/wp-content\/uploads\/2026\/02\/2261XPC_A01.jpg","width":1000,"height":1000,"caption":"Botte de travail Royer - 2261XP"},{"@type":"BreadcrumbList","@id":"https:\/\/autravail.ca\/product\/botte-de-travail-royer-2261xp\/#breadcrumb","itemListElement":[{"@type":"ListItem","position":1,"name":"Accueil","item":"https:\/\/autravail.ca\/"},{"@type":"ListItem","position":2,"name":"Magasin","item":"https:\/\/autravail.ca\/en\/shop\/"},{"@type":"ListItem","position":3,"name":"Botte de travail Royer &#8211; 2261XP"}]},{"@type":"WebSite","@id":"https:\/\/autravail.ca\/#website","url":"https:\/\/autravail.ca\/","name":"Le Magasin Industriel","description":"50 ans de tradition de s\u00e9curit\u00e9 au travail","publisher":{"@id":"https:\/\/autravail.ca\/#organization"},"potentialAction":[{"@type":"SearchAction","target":{"@type":"EntryPoint","urlTemplate":"https:\/\/autravail.ca\/?s={search_term_string}"},"query-input":{"@type":"PropertyValueSpecification","valueRequired":true,"valueName":"search_term_string"}}],"inLanguage":"en-CA"},{"@type":"Organization","@id":"https:\/\/autravail.ca\/#organization","name":"Le Magasin Industriel","url":"https:\/\/autravail.ca\/","logo":{"@type":"ImageObject","inLanguage":"en-CA","@id":"https:\/\/autravail.ca\/#\/schema\/logo\/image\/","url":"https:\/\/autravail.ca\/wp-content\/uploads\/2025\/05\/cropped-magasin_industriel_120x.avif","contentUrl":"https:\/\/autravail.ca\/wp-content\/uploads\/2025\/05\/cropped-magasin_industriel_120x.avif","width":120,"height":24,"caption":"Le Magasin Industriel"},"image":{"@id":"https:\/\/autravail.ca\/#\/schema\/logo\/image\/"},"sameAs":["https:\/\/www.facebook.com\/lemagasinindustriel\/?locale=fr_FR"]}]}},"jetpack_sharing_enabled":true,"_links":{"self":[{"href":"https:\/\/autravail.ca\/en\/wp-json\/wp\/v2\/product\/44241","targetHints":{"allow":["GET"]}}],"collection":[{"href":"https:\/\/autravail.ca\/en\/wp-json\/wp\/v2\/product"}],"about":[{"href":"https:\/\/autravail.ca\/en\/wp-json\/wp\/v2\/types\/product"}],"replies":[{"embeddable":true,"href":"https:\/\/autravail.ca\/en\/wp-json\/wp\/v2\/comments?post=44241"}],"wp:featuredmedia":[{"embeddable":true,"href":"https:\/\/autravail.ca\/en\/wp-json\/wp\/v2\/media\/44242"}],"wp:attachment":[{"href":"https:\/\/autravail.ca\/en\/wp-json\/wp\/v2\/media?parent=44241"}],"wp:term":[{"taxonomy":"product_cat","embeddable":true,"href":"https:\/\/autravail.ca\/en\/wp-json\/wp\/v2\/product_cat?post=44241"},{"taxonomy":"product_tag","embeddable":true,"href":"https:\/\/autravail.ca\/en\/wp-json\/wp\/v2\/product_tag?post=44241"}],"curies":[{"name":"wp","href":"https:\/\/api.w.org\/{rel}","templated":true}]}}