{"id":44233,"date":"2026-02-12T17:23:54","date_gmt":"2026-02-12T21:23:54","guid":{"rendered":"https:\/\/autravail.ca\/?post_type=product&#038;p=44233"},"modified":"2026-02-12T17:23:55","modified_gmt":"2026-02-12T21:23:55","slug":"botte-de-travail-royer-2351xp","status":"publish","type":"product","link":"https:\/\/autravail.ca\/en\/product\/botte-de-travail-royer-2351xp\/","title":{"rendered":"Botte de travail Royer &#8211; 2351XP"},"content":{"rendered":"<h3>Botte de travail Royer &#8211; 2351XP<\/h3>\n<p>Botte de travail Royer &#8211; 2351XP est un mod\u00e8le de 8 pouces (20 cm) qui se distingue par son cuir nubuck et sa semelle\u00a0<strong class=\"Yjhzub\" data-complete=\"true\" data-processed=\"true\">ARROW<\/strong>, offrant un look plus moderne tout en conservant la robustesse de la gamme\u00a0<strong class=\"Yjhzub\" data-complete=\"true\" data-processed=\"true\">XPAN<\/strong>. Ce mod\u00e8le est souvent pr\u00e9sent\u00e9 comme une \u00e9dition limit\u00e9e (parfois associ\u00e9e \u00e0 GSP).<\/p>\n<p><img decoding=\"async\" class=\"alignnone size-full wp-image-40117\" src=\"https:\/\/autravail.ca\/wp-content\/uploads\/2025\/09\/Certification-Omega-Triangle-vert.jpg\" alt=\"Certifications Om\u00e9ga Triangle vert\" width=\"193\" height=\"110\" srcset=\"https:\/\/autravail.ca\/wp-content\/uploads\/2025\/09\/Certification-Omega-Triangle-vert.jpg 193w, https:\/\/autravail.ca\/wp-content\/uploads\/2025\/09\/Certification-Omega-Triangle-vert-150x85.jpg 150w, https:\/\/autravail.ca\/wp-content\/uploads\/2025\/09\/Certification-Omega-Triangle-vert-18x10.jpg 18w\" sizes=\"(max-width: 193px) 100vw, 193px\" \/><\/p>\n<h6 class=\"otQkpb\" role=\"heading\" aria-level=\"3\" data-complete=\"true\" data-processed=\"true\">Characteristics:<\/h6>\n<div class=\"Y3BBE\" data-sfc-cp=\"\" data-hveid=\"CAEIBBAA\" data-complete=\"true\" data-processed=\"true\">Con\u00e7ue pour allier confort et protection industrielle, elle int\u00e8gre les technologies suivantes :<span class=\"uJ19be notranslate\" data-wiz-uids=\"poTBz_t,poTBz_u\" data-complete=\"true\" data-processed=\"true\"><span class=\"vKEkVd\" data-animation-atomic=\"\" data-wiz-attrbind=\"class=poTBz_s\/TKHnVd\" data-sae=\"\"><span aria-hidden=\"true\">\u00a0<\/span><button class=\"rBl3me\" tabindex=\"0\" data-amic=\"true\" data-icl-uuid=\"965476c3-9c17-4138-8960-e00b8a9c9d5f\" aria-label=\"Afficher les liens associ\u00e9s\" data-wiz-attrbind=\"disabled=poTBz_s\/C5gNJc;aria-label=poTBz_s\/bOjMyf;class=poTBz_s\/UpSNec\" data-ved=\"2ahUKEwiQ1fOQ8NSSAxWfM1kFHWDNCxkQye0OegYIAQgEEAE\"><\/button><\/span><\/span><\/div>\n<ul class=\"KsbFXc U6u95\" data-complete=\"true\" data-processed=\"true\">\n<li data-hveid=\"CAEIBRAA\" data-complete=\"true\" data-sae=\"\"><span class=\"T286Pc\" data-sfc-cp=\"\" data-complete=\"true\"><strong class=\"Yjhzub\" data-complete=\"true\">Technologie XPAN\u2122 :<\/strong>\u00a0Une semelle en caoutchouc \u00e0 double densit\u00e9 qui offre la durabilit\u00e9 du caoutchouc dense et l&rsquo;absorption des chocs du caoutchouc expans\u00e9.<\/span><\/li>\n<li data-hveid=\"CAEIBRAB\" data-complete=\"true\" data-sae=\"\"><span class=\"T286Pc\" data-sfc-cp=\"\" data-complete=\"true\"><strong class=\"Yjhzub\" data-complete=\"true\">Semelle ARROW\u2122 :<\/strong>\u00a0Une semelle d&rsquo;usure sp\u00e9cifique reconnue pour sa flexibilit\u00e9, son confort et sa robustesse.<\/span><\/li>\n<li data-hveid=\"CAEIBRAC\" data-complete=\"true\" data-sae=\"\"><span class=\"T286Pc\" data-sfc-cp=\"\" data-complete=\"true\"><strong class=\"Yjhzub\" data-complete=\"true\">Mat\u00e9riaux Premium :<\/strong>\u00a0Fabriqu\u00e9e au Canada en cuir de type\u00a0<strong class=\"Yjhzub\" data-complete=\"true\">Nubuck<\/strong>\u00a0r\u00e9sistant \u00e0 l&rsquo;eau, avec une doublure\u00a0<strong class=\"Yjhzub\" data-complete=\"true\">R-SKIN\u2122<\/strong>\u00a0respirante qui r\u00e9gule la temp\u00e9rature.<\/span><\/li>\n<li data-hveid=\"CAEIBRAD\" data-complete=\"true\" data-sae=\"\"><span class=\"T286Pc\" data-sfc-cp=\"\" data-complete=\"true\"><strong class=\"Yjhzub\" data-complete=\"true\">Protection :<\/strong>\u00a0Elle est munie d&rsquo;un\u00a0<strong class=\"Yjhzub\" data-complete=\"true\">embout d&rsquo;acier<\/strong>\u00a0et d&rsquo;une semelle antiperforation non m\u00e9tallique.<\/span><\/li>\n<li data-hveid=\"CAEIBRAE\" data-complete=\"true\" data-sae=\"\"><span class=\"T286Pc\" data-sfc-cp=\"\" data-complete=\"true\" aria-owns=\"action-menu-parent-container\"><strong class=\"Yjhzub\" data-complete=\"true\">Durabilit\u00e9 :<\/strong>\u00a0Comprend un embout protecteur ext\u00e9rieur\u00a0<strong class=\"Yjhzub\" data-complete=\"true\">PARESHOK\u2122<\/strong>\u00a0en TPU ultra-r\u00e9sistant pour limiter l&rsquo;usure \u00e0 l&rsquo;avant.<\/span><\/li>\n<\/ul>\n<p><em><span style=\"color: #fa0b0b;\">Unisex U.S. men's sizes presented. To convert to U.S. women's size, add 2 sizes. Example: 5 U.S. men = 7 U.S. women<\/span><\/em><\/p>\n<p><img decoding=\"async\" class=\"alignnone wp-image-40620\" src=\"https:\/\/autravail.ca\/wp-content\/uploads\/2025\/09\/Jachete-quebec-et-canada.jpg\" alt=\"Logo de l'achat local\" width=\"162\" height=\"139\" \/>Merci d&rsquo;encourager une entreprise 100% d&rsquo;ici!<\/p>\n<p>TS2602H<\/p>","protected":false},"excerpt":{"rendered":"<p>Botte de travail Royer &#8211; 2351XP Botte de travail Royer &#8211; 2351XP est un mod\u00e8le de 8 pouces (20 cm) qui se distingue par son cuir nubuck et sa semelle\u00a0ARROW, offrant un look plus moderne tout en conservant la robustesse de la gamme\u00a0XPAN. Ce mod\u00e8le est souvent pr\u00e9sent\u00e9 comme une \u00e9dition limit\u00e9e (parfois associ\u00e9e \u00e0 [&hellip;]<\/p>","protected":false},"featured_media":44234,"comment_status":"open","ping_status":"closed","template":"","meta":[],"product_cat":[613,602],"product_tag":[251,252,242],"class_list":{"0":"post-44233","1":"product","2":"type-product","3":"status-publish","4":"has-post-thumbnail","6":"product_brand-royer","7":"product_cat-bottes-de-travail","8":"product_cat-hommes","9":"product_tag-bottes-de-travail","10":"product_tag-electric-shock-resistant","11":"product_tag-homme","13":"first","14":"instock","15":"taxable","16":"shipping-taxable","17":"purchasable","18":"product-type-variable"},"yoast_head":"<!-- This site is optimized with the Yoast SEO plugin v25.3.1 - https:\/\/yoast.com\/wordpress\/plugins\/seo\/ -->\n<title>Botte de travail Royer - 2351XP - Le Magasin Industriel<\/title>\n<meta name=\"description\" content=\"Botte de travail Royer - 2351XP est un mod\u00e8le de 8 pouces (20 cm) qui se distingue par son cuir nubuck et sa semelle ARROW\" \/>\n<meta name=\"robots\" content=\"index, follow, max-snippet:-1, max-image-preview:large, max-video-preview:-1\" \/>\n<link rel=\"canonical\" href=\"https:\/\/autravail.ca\/en\/product\/botte-de-travail-royer-2351xp\/\" \/>\n<meta property=\"og:locale\" content=\"en_US\" \/>\n<meta property=\"og:type\" content=\"article\" \/>\n<meta property=\"og:title\" content=\"Botte de travail Royer - 2351XP - Le Magasin Industriel\" \/>\n<meta property=\"og:description\" content=\"Botte de travail Royer - 2351XP est un mod\u00e8le de 8 pouces (20 cm) qui se distingue par son cuir nubuck et sa semelle ARROW\" \/>\n<meta property=\"og:url\" content=\"https:\/\/autravail.ca\/en\/product\/botte-de-travail-royer-2351xp\/\" \/>\n<meta property=\"og:site_name\" content=\"Le Magasin Industriel\" \/>\n<meta property=\"article:publisher\" content=\"https:\/\/www.facebook.com\/lemagasinindustriel\/?locale=fr_FR\" \/>\n<meta property=\"article:modified_time\" content=\"2026-02-12T21:23:55+00:00\" \/>\n<meta property=\"og:image\" content=\"https:\/\/autravail.ca\/wp-content\/uploads\/2026\/02\/2351XP_A01.jpg\" \/>\n\t<meta property=\"og:image:width\" content=\"1000\" \/>\n\t<meta property=\"og:image:height\" content=\"1000\" \/>\n\t<meta property=\"og:image:type\" content=\"image\/jpeg\" \/>\n<meta name=\"twitter:card\" content=\"summary_large_image\" \/>\n<meta name=\"twitter:label1\" content=\"Est. reading time\" \/>\n\t<meta name=\"twitter:data1\" content=\"2 minutes\" \/>\n<script type=\"application\/ld+json\" class=\"yoast-schema-graph\">{\"@context\":\"https:\/\/schema.org\",\"@graph\":[{\"@type\":\"WebPage\",\"@id\":\"https:\/\/autravail.ca\/product\/botte-de-travail-royer-2351xp\/\",\"url\":\"https:\/\/autravail.ca\/product\/botte-de-travail-royer-2351xp\/\",\"name\":\"Botte de travail Royer - 2351XP - Le Magasin Industriel\",\"isPartOf\":{\"@id\":\"https:\/\/autravail.ca\/#website\"},\"primaryImageOfPage\":{\"@id\":\"https:\/\/autravail.ca\/product\/botte-de-travail-royer-2351xp\/#primaryimage\"},\"image\":{\"@id\":\"https:\/\/autravail.ca\/product\/botte-de-travail-royer-2351xp\/#primaryimage\"},\"thumbnailUrl\":\"https:\/\/autravail.ca\/wp-content\/uploads\/2026\/02\/2351XP_A01.jpg\",\"datePublished\":\"2026-02-12T21:23:54+00:00\",\"dateModified\":\"2026-02-12T21:23:55+00:00\",\"description\":\"Botte de travail Royer - 2351XP est un mod\u00e8le de 8 pouces (20 cm) qui se distingue par son cuir nubuck et sa semelle ARROW\",\"breadcrumb\":{\"@id\":\"https:\/\/autravail.ca\/product\/botte-de-travail-royer-2351xp\/#breadcrumb\"},\"inLanguage\":\"en-CA\",\"potentialAction\":[{\"@type\":\"ReadAction\",\"target\":[\"https:\/\/autravail.ca\/product\/botte-de-travail-royer-2351xp\/\"]}]},{\"@type\":\"ImageObject\",\"inLanguage\":\"en-CA\",\"@id\":\"https:\/\/autravail.ca\/product\/botte-de-travail-royer-2351xp\/#primaryimage\",\"url\":\"https:\/\/autravail.ca\/wp-content\/uploads\/2026\/02\/2351XP_A01.jpg\",\"contentUrl\":\"https:\/\/autravail.ca\/wp-content\/uploads\/2026\/02\/2351XP_A01.jpg\",\"width\":1000,\"height\":1000,\"caption\":\"Botte de travail Royer - 2351XP\"},{\"@type\":\"BreadcrumbList\",\"@id\":\"https:\/\/autravail.ca\/product\/botte-de-travail-royer-2351xp\/#breadcrumb\",\"itemListElement\":[{\"@type\":\"ListItem\",\"position\":1,\"name\":\"Accueil\",\"item\":\"https:\/\/autravail.ca\/\"},{\"@type\":\"ListItem\",\"position\":2,\"name\":\"Magasin\",\"item\":\"https:\/\/autravail.ca\/en\/shop\/\"},{\"@type\":\"ListItem\",\"position\":3,\"name\":\"Botte de travail Royer &#8211; 2351XP\"}]},{\"@type\":\"WebSite\",\"@id\":\"https:\/\/autravail.ca\/#website\",\"url\":\"https:\/\/autravail.ca\/\",\"name\":\"Le Magasin Industriel\",\"description\":\"50 ans de tradition de s\u00e9curit\u00e9 au travail\",\"publisher\":{\"@id\":\"https:\/\/autravail.ca\/#organization\"},\"potentialAction\":[{\"@type\":\"SearchAction\",\"target\":{\"@type\":\"EntryPoint\",\"urlTemplate\":\"https:\/\/autravail.ca\/?s={search_term_string}\"},\"query-input\":{\"@type\":\"PropertyValueSpecification\",\"valueRequired\":true,\"valueName\":\"search_term_string\"}}],\"inLanguage\":\"en-CA\"},{\"@type\":\"Organization\",\"@id\":\"https:\/\/autravail.ca\/#organization\",\"name\":\"Le Magasin Industriel\",\"url\":\"https:\/\/autravail.ca\/\",\"logo\":{\"@type\":\"ImageObject\",\"inLanguage\":\"en-CA\",\"@id\":\"https:\/\/autravail.ca\/#\/schema\/logo\/image\/\",\"url\":\"https:\/\/autravail.ca\/wp-content\/uploads\/2025\/05\/cropped-magasin_industriel_120x.avif\",\"contentUrl\":\"https:\/\/autravail.ca\/wp-content\/uploads\/2025\/05\/cropped-magasin_industriel_120x.avif\",\"width\":120,\"height\":24,\"caption\":\"Le Magasin Industriel\"},\"image\":{\"@id\":\"https:\/\/autravail.ca\/#\/schema\/logo\/image\/\"},\"sameAs\":[\"https:\/\/www.facebook.com\/lemagasinindustriel\/?locale=fr_FR\"]}]}<\/script>\n<!-- \/ Yoast SEO plugin. -->","yoast_head_json":{"title":"Botte de travail Royer - 2351XP - Le Magasin Industriel","description":"Botte de travail Royer - 2351XP est un mod\u00e8le de 8 pouces (20 cm) qui se distingue par son cuir nubuck et sa semelle ARROW","robots":{"index":"index","follow":"follow","max-snippet":"max-snippet:-1","max-image-preview":"max-image-preview:large","max-video-preview":"max-video-preview:-1"},"canonical":"https:\/\/autravail.ca\/en\/product\/botte-de-travail-royer-2351xp\/","og_locale":"en_US","og_type":"article","og_title":"Botte de travail Royer - 2351XP - Le Magasin Industriel","og_description":"Botte de travail Royer - 2351XP est un mod\u00e8le de 8 pouces (20 cm) qui se distingue par son cuir nubuck et sa semelle ARROW","og_url":"https:\/\/autravail.ca\/en\/product\/botte-de-travail-royer-2351xp\/","og_site_name":"Le Magasin Industriel","article_publisher":"https:\/\/www.facebook.com\/lemagasinindustriel\/?locale=fr_FR","article_modified_time":"2026-02-12T21:23:55+00:00","og_image":[{"width":1000,"height":1000,"url":"https:\/\/autravail.ca\/wp-content\/uploads\/2026\/02\/2351XP_A01.jpg","type":"image\/jpeg"}],"twitter_card":"summary_large_image","twitter_misc":{"Est. reading time":"2 minutes"},"schema":{"@context":"https:\/\/schema.org","@graph":[{"@type":"WebPage","@id":"https:\/\/autravail.ca\/product\/botte-de-travail-royer-2351xp\/","url":"https:\/\/autravail.ca\/product\/botte-de-travail-royer-2351xp\/","name":"Botte de travail Royer - 2351XP - Le Magasin Industriel","isPartOf":{"@id":"https:\/\/autravail.ca\/#website"},"primaryImageOfPage":{"@id":"https:\/\/autravail.ca\/product\/botte-de-travail-royer-2351xp\/#primaryimage"},"image":{"@id":"https:\/\/autravail.ca\/product\/botte-de-travail-royer-2351xp\/#primaryimage"},"thumbnailUrl":"https:\/\/autravail.ca\/wp-content\/uploads\/2026\/02\/2351XP_A01.jpg","datePublished":"2026-02-12T21:23:54+00:00","dateModified":"2026-02-12T21:23:55+00:00","description":"Botte de travail Royer - 2351XP est un mod\u00e8le de 8 pouces (20 cm) qui se distingue par son cuir nubuck et sa semelle ARROW","breadcrumb":{"@id":"https:\/\/autravail.ca\/product\/botte-de-travail-royer-2351xp\/#breadcrumb"},"inLanguage":"en-CA","potentialAction":[{"@type":"ReadAction","target":["https:\/\/autravail.ca\/product\/botte-de-travail-royer-2351xp\/"]}]},{"@type":"ImageObject","inLanguage":"en-CA","@id":"https:\/\/autravail.ca\/product\/botte-de-travail-royer-2351xp\/#primaryimage","url":"https:\/\/autravail.ca\/wp-content\/uploads\/2026\/02\/2351XP_A01.jpg","contentUrl":"https:\/\/autravail.ca\/wp-content\/uploads\/2026\/02\/2351XP_A01.jpg","width":1000,"height":1000,"caption":"Botte de travail Royer - 2351XP"},{"@type":"BreadcrumbList","@id":"https:\/\/autravail.ca\/product\/botte-de-travail-royer-2351xp\/#breadcrumb","itemListElement":[{"@type":"ListItem","position":1,"name":"Accueil","item":"https:\/\/autravail.ca\/"},{"@type":"ListItem","position":2,"name":"Magasin","item":"https:\/\/autravail.ca\/en\/shop\/"},{"@type":"ListItem","position":3,"name":"Botte de travail Royer &#8211; 2351XP"}]},{"@type":"WebSite","@id":"https:\/\/autravail.ca\/#website","url":"https:\/\/autravail.ca\/","name":"Le Magasin Industriel","description":"50 ans de tradition de s\u00e9curit\u00e9 au travail","publisher":{"@id":"https:\/\/autravail.ca\/#organization"},"potentialAction":[{"@type":"SearchAction","target":{"@type":"EntryPoint","urlTemplate":"https:\/\/autravail.ca\/?s={search_term_string}"},"query-input":{"@type":"PropertyValueSpecification","valueRequired":true,"valueName":"search_term_string"}}],"inLanguage":"en-CA"},{"@type":"Organization","@id":"https:\/\/autravail.ca\/#organization","name":"Le Magasin Industriel","url":"https:\/\/autravail.ca\/","logo":{"@type":"ImageObject","inLanguage":"en-CA","@id":"https:\/\/autravail.ca\/#\/schema\/logo\/image\/","url":"https:\/\/autravail.ca\/wp-content\/uploads\/2025\/05\/cropped-magasin_industriel_120x.avif","contentUrl":"https:\/\/autravail.ca\/wp-content\/uploads\/2025\/05\/cropped-magasin_industriel_120x.avif","width":120,"height":24,"caption":"Le Magasin Industriel"},"image":{"@id":"https:\/\/autravail.ca\/#\/schema\/logo\/image\/"},"sameAs":["https:\/\/www.facebook.com\/lemagasinindustriel\/?locale=fr_FR"]}]}},"jetpack_sharing_enabled":true,"_links":{"self":[{"href":"https:\/\/autravail.ca\/en\/wp-json\/wp\/v2\/product\/44233","targetHints":{"allow":["GET"]}}],"collection":[{"href":"https:\/\/autravail.ca\/en\/wp-json\/wp\/v2\/product"}],"about":[{"href":"https:\/\/autravail.ca\/en\/wp-json\/wp\/v2\/types\/product"}],"replies":[{"embeddable":true,"href":"https:\/\/autravail.ca\/en\/wp-json\/wp\/v2\/comments?post=44233"}],"wp:featuredmedia":[{"embeddable":true,"href":"https:\/\/autravail.ca\/en\/wp-json\/wp\/v2\/media\/44234"}],"wp:attachment":[{"href":"https:\/\/autravail.ca\/en\/wp-json\/wp\/v2\/media?parent=44233"}],"wp:term":[{"taxonomy":"product_cat","embeddable":true,"href":"https:\/\/autravail.ca\/en\/wp-json\/wp\/v2\/product_cat?post=44233"},{"taxonomy":"product_tag","embeddable":true,"href":"https:\/\/autravail.ca\/en\/wp-json\/wp\/v2\/product_tag?post=44233"}],"curies":[{"name":"wp","href":"https:\/\/api.w.org\/{rel}","templated":true}]}}