{"id":44231,"date":"2026-02-12T17:16:27","date_gmt":"2026-02-12T21:16:27","guid":{"rendered":"https:\/\/autravail.ca\/?post_type=product&#038;p=44231"},"modified":"2026-02-12T17:16:27","modified_gmt":"2026-02-12T21:16:27","slug":"soulier-de-travail-royer-2165xp","status":"publish","type":"product","link":"https:\/\/autravail.ca\/en\/product\/soulier-de-travail-royer-2165xp\/","title":{"rendered":"Soulier de travail Royer &#8211; 2165XP"},"content":{"rendered":"<h3>Soulier de travail Royer &#8211; 2165XP<\/h3>\n<p>Soulier de travail Royer &#8211; 2165XP con\u00e7u sp\u00e9cifiquement pour les travailleurs ayant besoin d&rsquo;un\u00a0<strong class=\"Yjhzub\" data-complete=\"true\" data-processed=\"true\">chaussant extra-large (5E)<\/strong>, <span class=\"T286Pc\" data-sfc-cp=\"\" data-complete=\"true\">id\u00e9ale pour les pieds tr\u00e8s larges <\/span>tout en conservant la robustesse de la gamme XPAN<\/p>\n<p><img decoding=\"async\" class=\"alignnone size-full wp-image-40117\" src=\"https:\/\/autravail.ca\/wp-content\/uploads\/2025\/09\/Certification-Omega-Triangle-vert.jpg\" alt=\"Certifications Om\u00e9ga Triangle vert\" width=\"193\" height=\"110\" srcset=\"https:\/\/autravail.ca\/wp-content\/uploads\/2025\/09\/Certification-Omega-Triangle-vert.jpg 193w, https:\/\/autravail.ca\/wp-content\/uploads\/2025\/09\/Certification-Omega-Triangle-vert-150x85.jpg 150w, https:\/\/autravail.ca\/wp-content\/uploads\/2025\/09\/Certification-Omega-Triangle-vert-18x10.jpg 18w\" sizes=\"(max-width: 193px) 100vw, 193px\" \/><\/p>\n<h6><span dir=\"auto\">Characteristics:<\/span><\/h6>\n<ul>\n<li><strong><span dir=\"auto\">chaussure fabriqu\u00e9e au Canada<\/span><\/strong><\/li>\n<li><strong><span dir=\"auto\">largeur extra large<\/span><\/strong><\/li>\n<li><strong><span dir=\"auto\">Cuir pleine fleur imperm\u00e9able<\/span><\/strong><\/li>\n<li><strong><span dir=\"auto\">Semelle int\u00e9rieure non m\u00e9tallique r\u00e9sistante \u00e0 la perforation<\/span><\/strong><\/li>\n<li><strong><span dir=\"auto\">Technologie XPAN en caoutchouc double densit\u00e9 <span class=\"T286Pc\" data-sfc-cp=\"\" data-complete=\"true\">exclusive \u00e0 Royer, qui offre une excellente absorption des chocs et une durabilit\u00e9 accrue face aux huiles et \u00e0 la chaleur.<\/span><\/span><\/strong><\/li>\n<li><strong><span dir=\"auto\">Semelle ARROW flexible, confortable et robuste<\/span><\/strong><\/li>\n<li><strong><span dir=\"auto\">Steel Protection Bracket <span class=\"T286Pc\" data-sfc-cp=\"\" data-complete=\"true\">pour une r\u00e9sistance maximale aux impacts<\/span><\/span><\/strong><\/li>\n<li><strong><span dir=\"auto\">Doublure ISOFIX non tiss\u00e9e<\/span><\/strong><\/li>\n<li><strong><span dir=\"auto\">Semelle int\u00e9rieure POLIYOU<\/span><\/strong><\/li>\n<li><strong><span dir=\"auto\">Electrical Risks Protection<\/span><\/strong><\/li>\n<li data-hveid=\"CAEIBRAC\" data-complete=\"true\" data-sae=\"\"><span class=\"T286Pc\" data-sfc-cp=\"\" data-complete=\"true\"><strong class=\"Yjhzub\" data-complete=\"true\">Semelle antiperforation :<\/strong>\u00a0Non m\u00e9tallique, ce qui am\u00e9liore la flexibilit\u00e9 de la botte lors de la marche.<\/span><\/li>\n<li data-hveid=\"CAEIBRAG\" data-complete=\"true\" data-sae=\"\"><span class=\"T286Pc\" data-sfc-cp=\"\" data-complete=\"true\" aria-owns=\"action-menu-parent-container\"><strong class=\"Yjhzub\" data-complete=\"true\">S\u00e9curit\u00e9 \u00c9lectrique :<\/strong>\u00a0Certifi\u00e9e pour la protection contre les chocs \u00e9lectriques (ESR\/EH).<\/span><\/li>\n<\/ul>\n<p><em><span style=\"color: #fa0b0b;\">Unisex U.S. men's sizes presented. To convert to U.S. women's size, add 2 sizes. Example: 5 U.S. men = 7 U.S. women<\/span><\/em><\/p>\n<p><img decoding=\"async\" class=\"alignnone wp-image-40620\" src=\"https:\/\/autravail.ca\/wp-content\/uploads\/2025\/09\/Jachete-quebec-et-canada.jpg\" alt=\"Logo de l'achat local\" width=\"162\" height=\"139\" \/>Merci d&rsquo;encourager une entreprise 100% d&rsquo;ici!<\/p>\n<p>TS2602H<\/p>","protected":false},"excerpt":{"rendered":"<p>Soulier de travail Royer &#8211; 2165XP Soulier de travail Royer &#8211; 2165XP con\u00e7u sp\u00e9cifiquement pour les travailleurs ayant besoin d&rsquo;un\u00a0chaussant extra-large (5E), id\u00e9ale pour les pieds tr\u00e8s larges tout en conservant la robustesse de la gamme XPAN Caract\u00e9ristiques: chaussure fabriqu\u00e9e au Canada largeur extra large Cuir pleine fleur imperm\u00e9able Semelle int\u00e9rieure non m\u00e9tallique r\u00e9sistante \u00e0 [&hellip;]<\/p>","protected":false},"featured_media":44232,"comment_status":"open","ping_status":"closed","template":"","meta":[],"product_cat":[15],"product_tag":[],"class_list":{"0":"post-44231","1":"product","2":"type-product","3":"status-publish","4":"has-post-thumbnail","6":"product_cat-uncategorized","8":"first","9":"instock","10":"taxable","11":"shipping-taxable","12":"product-type-simple"},"yoast_head":"<!-- This site is optimized with the Yoast SEO plugin v25.3.1 - https:\/\/yoast.com\/wordpress\/plugins\/seo\/ -->\n<title>Soulier de travail Royer - 2165XP - Le Magasin Industriel<\/title>\n<meta name=\"description\" content=\"Soulier de travail Royer - 2165XP\" \/>\n<meta name=\"robots\" content=\"index, follow, max-snippet:-1, max-image-preview:large, max-video-preview:-1\" \/>\n<link rel=\"canonical\" href=\"https:\/\/autravail.ca\/en\/product\/soulier-de-travail-royer-2165xp\/\" \/>\n<meta property=\"og:locale\" content=\"en_US\" \/>\n<meta property=\"og:type\" content=\"article\" \/>\n<meta property=\"og:title\" content=\"Soulier de travail Royer - 2165XP - Le Magasin Industriel\" \/>\n<meta property=\"og:description\" content=\"Soulier de travail Royer - 2165XP\" \/>\n<meta property=\"og:url\" content=\"https:\/\/autravail.ca\/en\/product\/soulier-de-travail-royer-2165xp\/\" \/>\n<meta property=\"og:site_name\" content=\"Le Magasin Industriel\" \/>\n<meta property=\"article:publisher\" content=\"https:\/\/www.facebook.com\/lemagasinindustriel\/?locale=fr_FR\" \/>\n<meta property=\"og:image\" content=\"https:\/\/autravail.ca\/wp-content\/uploads\/2026\/02\/2165XP_A01.jpg\" \/>\n\t<meta property=\"og:image:width\" content=\"1000\" \/>\n\t<meta property=\"og:image:height\" content=\"1000\" \/>\n\t<meta property=\"og:image:type\" content=\"image\/jpeg\" \/>\n<meta name=\"twitter:card\" content=\"summary_large_image\" \/>\n<meta name=\"twitter:label1\" content=\"Est. reading time\" \/>\n\t<meta name=\"twitter:data1\" content=\"2 minutes\" \/>\n<script type=\"application\/ld+json\" class=\"yoast-schema-graph\">{\"@context\":\"https:\/\/schema.org\",\"@graph\":[{\"@type\":\"WebPage\",\"@id\":\"https:\/\/autravail.ca\/product\/soulier-de-travail-royer-2165xp\/\",\"url\":\"https:\/\/autravail.ca\/product\/soulier-de-travail-royer-2165xp\/\",\"name\":\"Soulier de travail Royer - 2165XP - Le Magasin Industriel\",\"isPartOf\":{\"@id\":\"https:\/\/autravail.ca\/#website\"},\"primaryImageOfPage\":{\"@id\":\"https:\/\/autravail.ca\/product\/soulier-de-travail-royer-2165xp\/#primaryimage\"},\"image\":{\"@id\":\"https:\/\/autravail.ca\/product\/soulier-de-travail-royer-2165xp\/#primaryimage\"},\"thumbnailUrl\":\"https:\/\/autravail.ca\/wp-content\/uploads\/2026\/02\/2165XP_A01.jpg\",\"datePublished\":\"2026-02-12T21:16:27+00:00\",\"description\":\"Soulier de travail Royer - 2165XP\",\"breadcrumb\":{\"@id\":\"https:\/\/autravail.ca\/product\/soulier-de-travail-royer-2165xp\/#breadcrumb\"},\"inLanguage\":\"en-CA\",\"potentialAction\":[{\"@type\":\"ReadAction\",\"target\":[\"https:\/\/autravail.ca\/product\/soulier-de-travail-royer-2165xp\/\"]}]},{\"@type\":\"ImageObject\",\"inLanguage\":\"en-CA\",\"@id\":\"https:\/\/autravail.ca\/product\/soulier-de-travail-royer-2165xp\/#primaryimage\",\"url\":\"https:\/\/autravail.ca\/wp-content\/uploads\/2026\/02\/2165XP_A01.jpg\",\"contentUrl\":\"https:\/\/autravail.ca\/wp-content\/uploads\/2026\/02\/2165XP_A01.jpg\",\"width\":1000,\"height\":1000,\"caption\":\"Soulier de travail Royer - 2165XP\"},{\"@type\":\"BreadcrumbList\",\"@id\":\"https:\/\/autravail.ca\/product\/soulier-de-travail-royer-2165xp\/#breadcrumb\",\"itemListElement\":[{\"@type\":\"ListItem\",\"position\":1,\"name\":\"Accueil\",\"item\":\"https:\/\/autravail.ca\/\"},{\"@type\":\"ListItem\",\"position\":2,\"name\":\"Magasin\",\"item\":\"https:\/\/autravail.ca\/en\/shop\/\"},{\"@type\":\"ListItem\",\"position\":3,\"name\":\"Soulier de travail Royer &#8211; 2165XP\"}]},{\"@type\":\"WebSite\",\"@id\":\"https:\/\/autravail.ca\/#website\",\"url\":\"https:\/\/autravail.ca\/\",\"name\":\"Le Magasin Industriel\",\"description\":\"50 ans de tradition de s\u00e9curit\u00e9 au travail\",\"publisher\":{\"@id\":\"https:\/\/autravail.ca\/#organization\"},\"potentialAction\":[{\"@type\":\"SearchAction\",\"target\":{\"@type\":\"EntryPoint\",\"urlTemplate\":\"https:\/\/autravail.ca\/?s={search_term_string}\"},\"query-input\":{\"@type\":\"PropertyValueSpecification\",\"valueRequired\":true,\"valueName\":\"search_term_string\"}}],\"inLanguage\":\"en-CA\"},{\"@type\":\"Organization\",\"@id\":\"https:\/\/autravail.ca\/#organization\",\"name\":\"Le Magasin Industriel\",\"url\":\"https:\/\/autravail.ca\/\",\"logo\":{\"@type\":\"ImageObject\",\"inLanguage\":\"en-CA\",\"@id\":\"https:\/\/autravail.ca\/#\/schema\/logo\/image\/\",\"url\":\"https:\/\/autravail.ca\/wp-content\/uploads\/2025\/05\/cropped-magasin_industriel_120x.avif\",\"contentUrl\":\"https:\/\/autravail.ca\/wp-content\/uploads\/2025\/05\/cropped-magasin_industriel_120x.avif\",\"width\":120,\"height\":24,\"caption\":\"Le Magasin Industriel\"},\"image\":{\"@id\":\"https:\/\/autravail.ca\/#\/schema\/logo\/image\/\"},\"sameAs\":[\"https:\/\/www.facebook.com\/lemagasinindustriel\/?locale=fr_FR\"]}]}<\/script>\n<!-- \/ Yoast SEO plugin. -->","yoast_head_json":{"title":"Soulier de travail Royer - 2165XP - Le Magasin Industriel","description":"Soulier de travail Royer - 2165XP","robots":{"index":"index","follow":"follow","max-snippet":"max-snippet:-1","max-image-preview":"max-image-preview:large","max-video-preview":"max-video-preview:-1"},"canonical":"https:\/\/autravail.ca\/en\/product\/soulier-de-travail-royer-2165xp\/","og_locale":"en_US","og_type":"article","og_title":"Soulier de travail Royer - 2165XP - Le Magasin Industriel","og_description":"Soulier de travail Royer - 2165XP","og_url":"https:\/\/autravail.ca\/en\/product\/soulier-de-travail-royer-2165xp\/","og_site_name":"Le Magasin Industriel","article_publisher":"https:\/\/www.facebook.com\/lemagasinindustriel\/?locale=fr_FR","og_image":[{"width":1000,"height":1000,"url":"https:\/\/autravail.ca\/wp-content\/uploads\/2026\/02\/2165XP_A01.jpg","type":"image\/jpeg"}],"twitter_card":"summary_large_image","twitter_misc":{"Est. reading time":"2 minutes"},"schema":{"@context":"https:\/\/schema.org","@graph":[{"@type":"WebPage","@id":"https:\/\/autravail.ca\/product\/soulier-de-travail-royer-2165xp\/","url":"https:\/\/autravail.ca\/product\/soulier-de-travail-royer-2165xp\/","name":"Soulier de travail Royer - 2165XP - Le Magasin Industriel","isPartOf":{"@id":"https:\/\/autravail.ca\/#website"},"primaryImageOfPage":{"@id":"https:\/\/autravail.ca\/product\/soulier-de-travail-royer-2165xp\/#primaryimage"},"image":{"@id":"https:\/\/autravail.ca\/product\/soulier-de-travail-royer-2165xp\/#primaryimage"},"thumbnailUrl":"https:\/\/autravail.ca\/wp-content\/uploads\/2026\/02\/2165XP_A01.jpg","datePublished":"2026-02-12T21:16:27+00:00","description":"Soulier de travail Royer - 2165XP","breadcrumb":{"@id":"https:\/\/autravail.ca\/product\/soulier-de-travail-royer-2165xp\/#breadcrumb"},"inLanguage":"en-CA","potentialAction":[{"@type":"ReadAction","target":["https:\/\/autravail.ca\/product\/soulier-de-travail-royer-2165xp\/"]}]},{"@type":"ImageObject","inLanguage":"en-CA","@id":"https:\/\/autravail.ca\/product\/soulier-de-travail-royer-2165xp\/#primaryimage","url":"https:\/\/autravail.ca\/wp-content\/uploads\/2026\/02\/2165XP_A01.jpg","contentUrl":"https:\/\/autravail.ca\/wp-content\/uploads\/2026\/02\/2165XP_A01.jpg","width":1000,"height":1000,"caption":"Soulier de travail Royer - 2165XP"},{"@type":"BreadcrumbList","@id":"https:\/\/autravail.ca\/product\/soulier-de-travail-royer-2165xp\/#breadcrumb","itemListElement":[{"@type":"ListItem","position":1,"name":"Accueil","item":"https:\/\/autravail.ca\/"},{"@type":"ListItem","position":2,"name":"Magasin","item":"https:\/\/autravail.ca\/en\/shop\/"},{"@type":"ListItem","position":3,"name":"Soulier de travail Royer &#8211; 2165XP"}]},{"@type":"WebSite","@id":"https:\/\/autravail.ca\/#website","url":"https:\/\/autravail.ca\/","name":"Le Magasin Industriel","description":"50 ans de tradition de s\u00e9curit\u00e9 au travail","publisher":{"@id":"https:\/\/autravail.ca\/#organization"},"potentialAction":[{"@type":"SearchAction","target":{"@type":"EntryPoint","urlTemplate":"https:\/\/autravail.ca\/?s={search_term_string}"},"query-input":{"@type":"PropertyValueSpecification","valueRequired":true,"valueName":"search_term_string"}}],"inLanguage":"en-CA"},{"@type":"Organization","@id":"https:\/\/autravail.ca\/#organization","name":"Le Magasin Industriel","url":"https:\/\/autravail.ca\/","logo":{"@type":"ImageObject","inLanguage":"en-CA","@id":"https:\/\/autravail.ca\/#\/schema\/logo\/image\/","url":"https:\/\/autravail.ca\/wp-content\/uploads\/2025\/05\/cropped-magasin_industriel_120x.avif","contentUrl":"https:\/\/autravail.ca\/wp-content\/uploads\/2025\/05\/cropped-magasin_industriel_120x.avif","width":120,"height":24,"caption":"Le Magasin Industriel"},"image":{"@id":"https:\/\/autravail.ca\/#\/schema\/logo\/image\/"},"sameAs":["https:\/\/www.facebook.com\/lemagasinindustriel\/?locale=fr_FR"]}]}},"jetpack_sharing_enabled":true,"_links":{"self":[{"href":"https:\/\/autravail.ca\/en\/wp-json\/wp\/v2\/product\/44231","targetHints":{"allow":["GET"]}}],"collection":[{"href":"https:\/\/autravail.ca\/en\/wp-json\/wp\/v2\/product"}],"about":[{"href":"https:\/\/autravail.ca\/en\/wp-json\/wp\/v2\/types\/product"}],"replies":[{"embeddable":true,"href":"https:\/\/autravail.ca\/en\/wp-json\/wp\/v2\/comments?post=44231"}],"wp:featuredmedia":[{"embeddable":true,"href":"https:\/\/autravail.ca\/en\/wp-json\/wp\/v2\/media\/44232"}],"wp:attachment":[{"href":"https:\/\/autravail.ca\/en\/wp-json\/wp\/v2\/media?parent=44231"}],"wp:term":[{"taxonomy":"product_cat","embeddable":true,"href":"https:\/\/autravail.ca\/en\/wp-json\/wp\/v2\/product_cat?post=44231"},{"taxonomy":"product_tag","embeddable":true,"href":"https:\/\/autravail.ca\/en\/wp-json\/wp\/v2\/product_tag?post=44231"}],"curies":[{"name":"wp","href":"https:\/\/api.w.org\/{rel}","templated":true}]}}