{"id":44212,"date":"2026-02-12T16:55:57","date_gmt":"2026-02-12T20:55:57","guid":{"rendered":"https:\/\/autravail.ca\/?post_type=product&#038;p=44212"},"modified":"2026-02-12T17:06:11","modified_gmt":"2026-02-12T21:06:11","slug":"botte-de-travail-royer-2251xpj","status":"publish","type":"product","link":"https:\/\/autravail.ca\/en\/product\/botte-de-travail-royer-2251xpj\/","title":{"rendered":"Botte de travail Royer &#8211; 2251XPJ"},"content":{"rendered":"<h3>Botte de travail Royer &#8211; 2251XPJ<\/h3>\n<p>Work boots <a href=\"https:\/\/autravail.ca\/en\/product-brand\/royer\/\">Royer<\/a> &#8211; 2251XPJ est un mod\u00e8le de 6 pouces con\u00e7u pour les environnements de travail exigeants n\u00e9cessitant une protection accrue du dessus du pied. Ce mod\u00e8le est g\u00e9n\u00e9ralement propos\u00e9 dans un chaussant large (<strong class=\"Yjhzub\" data-complete=\"true\" data-processed=\"true\">3E<\/strong>\u00a0ou\u00a0<strong class=\"Yjhzub\" data-complete=\"true\" data-processed=\"true\">EEE<\/strong>) pour accommoder les pieds forts.<\/p>\n<p><img decoding=\"async\" class=\"alignnone size-full wp-image-40117\" src=\"https:\/\/autravail.ca\/wp-content\/uploads\/2025\/09\/Certification-Omega-Triangle-vert.jpg\" alt=\"Certifications Om\u00e9ga Triangle vert\" width=\"193\" height=\"110\" srcset=\"https:\/\/autravail.ca\/wp-content\/uploads\/2025\/09\/Certification-Omega-Triangle-vert.jpg 193w, https:\/\/autravail.ca\/wp-content\/uploads\/2025\/09\/Certification-Omega-Triangle-vert-150x85.jpg 150w, https:\/\/autravail.ca\/wp-content\/uploads\/2025\/09\/Certification-Omega-Triangle-vert-18x10.jpg 18w\" sizes=\"(max-width: 193px) 100vw, 193px\" \/><\/p>\n<p>&nbsp;<\/p>\n<h6 class=\"otQkpb\" role=\"heading\" aria-level=\"3\" data-complete=\"true\" data-processed=\"true\">Caract\u00e9ristiques Principales<\/h6>\n<div class=\"Y3BBE\" data-sfc-cp=\"\" data-hveid=\"CAEIBBAA\" data-complete=\"true\" data-processed=\"true\">Ce mod\u00e8le se distingue par sa robustesse et ses technologies de protection sp\u00e9cifiques :<button class=\"rBl3me\" tabindex=\"0\" data-amic=\"true\" data-icl-uuid=\"fbe131b6-e678-429d-9af5-da90ae94dd3f\" aria-label=\"Afficher les liens associ\u00e9s\" data-wiz-attrbind=\"disabled=Fo51we_o\/C5gNJc;aria-label=Fo51we_o\/bOjMyf;class=Fo51we_o\/UpSNec\" data-ved=\"2ahUKEwiAkqCC6NSSAxUqF1kFHYooEo0Qye0OegYIAQgEEAE\"><\/button><\/div>\n<ul class=\"KsbFXc U6u95\" data-complete=\"true\" data-processed=\"true\">\n<li data-hveid=\"CAEIBRAA\" data-complete=\"true\" data-sae=\"\"><span class=\"T286Pc\" data-sfc-cp=\"\" data-complete=\"true\"><strong class=\"Yjhzub\" data-complete=\"true\">Protection m\u00e9tatarsienne :<\/strong>\u00a0Elle int\u00e8gre le protecteur m\u00e9tatarsien interne\u00a0<strong class=\"Yjhzub\" data-complete=\"true\">INTERGUARD\u00ae<\/strong>, qui est flexible et confortable tout en offrant une protection sup\u00e9rieure contre les impacts sur le dessus du pied.<\/span><\/li>\n<li data-hveid=\"CAEIBRAB\" data-complete=\"true\" data-sae=\"\"><span class=\"T286Pc\" data-sfc-cp=\"\" data-complete=\"true\"><strong class=\"Yjhzub\" data-complete=\"true\">Semelle XPAN\u2122 :<\/strong>\u00a0Utilise la technologie de vulcanisation exclusive \u00e0\u00a0<strong class=\"Yjhzub\" data-complete=\"true\">Royer<\/strong>, combinant la durabilit\u00e9 du caoutchouc dense \u00e0 l&rsquo;absorption des chocs du caoutchouc expans\u00e9.<\/span><\/li>\n<li data-hveid=\"CAEIBRAC\" data-complete=\"true\" data-sae=\"\"><span class=\"T286Pc\" data-sfc-cp=\"\" data-complete=\"true\"><strong class=\"Yjhzub\" data-complete=\"true\">S\u00e9curit\u00e9 certifi\u00e9e :<\/strong>\u00a0\u00c9quip\u00e9e d&rsquo;un embout de protection en\u00a0<strong class=\"Yjhzub\" data-complete=\"true\">acier<\/strong>\u00a0et d&rsquo;une semelle antiperforation.<\/span><\/li>\n<li data-hveid=\"CAEIBRAD\" data-complete=\"true\" data-sae=\"\"><span class=\"T286Pc\" data-sfc-cp=\"\" data-complete=\"true\"><strong class=\"Yjhzub\" data-complete=\"true\">Durabilit\u00e9 :<\/strong>\u00a0Comprend un embout protecteur ext\u00e9rieur\u00a0<strong class=\"Yjhzub\" data-complete=\"true\">PARESHOK\u2122<\/strong>\u00a0en caoutchouc pour limiter l&rsquo;usure pr\u00e9matur\u00e9e du cuir \u00e0 l&rsquo;avant.<\/span><\/li>\n<li data-hveid=\"CAEIBRAE\" data-complete=\"true\" data-sae=\"\"><span class=\"T286Pc\" data-sfc-cp=\"\" data-complete=\"true\" aria-owns=\"action-menu-parent-container\"><strong class=\"Yjhzub\" data-complete=\"true\">Construction :<\/strong>\u00a0Fabriqu\u00e9e au Canada avec un cuir pleine fleur r\u00e9sistant \u00e0 l&rsquo;eau.<\/span><\/li>\n<\/ul>\n<p><em><span style=\"color: #fa0b0b;\">Unisex U.S. men's sizes presented. To convert to U.S. women's size, add 2 sizes. Example: 5 U.S. men = 7 U.S. women<\/span><\/em><\/p>\n<p><img decoding=\"async\" class=\"alignnone wp-image-40620\" src=\"https:\/\/autravail.ca\/wp-content\/uploads\/2025\/09\/Jachete-quebec-et-canada.jpg\" alt=\"Logo de l'achat local\" width=\"162\" height=\"139\" \/>Merci d&rsquo;encourager une entreprise 100% d&rsquo;ici!<\/p>\n<p>TS2602H<\/p>","protected":false},"excerpt":{"rendered":"<p>Botte de travail Royer &#8211; 2251XPJ Botte de travail Royer &#8211; 2251XPJ est un mod\u00e8le de 6 pouces con\u00e7u pour les environnements de travail exigeants n\u00e9cessitant une protection accrue du dessus du pied. Ce mod\u00e8le est g\u00e9n\u00e9ralement propos\u00e9 dans un chaussant large (3E\u00a0ou\u00a0EEE) pour accommoder les pieds forts. &nbsp; Caract\u00e9ristiques Principales Ce mod\u00e8le se distingue [&hellip;]<\/p>","protected":false},"featured_media":44220,"comment_status":"open","ping_status":"closed","template":"","meta":[],"product_cat":[621,811,799,626],"product_tag":[251,252,242,363],"class_list":{"0":"post-44212","1":"product","2":"type-product","3":"status-publish","4":"has-post-thumbnail","6":"product_brand-royer","7":"product_cat-bottes-de-travail-6","8":"product_cat-chaussures-de-securite","9":"product_cat-metatarse-internes","10":"product_cat-protection-metatarsienne","11":"product_tag-bottes-de-travail","12":"product_tag-electric-shock-resistant","13":"product_tag-homme","14":"product_tag-metatarse-interne","16":"first","17":"instock","18":"taxable","19":"shipping-taxable","20":"purchasable","21":"product-type-variable"},"yoast_head":"<!-- This site is optimized with the Yoast SEO plugin v25.3.1 - https:\/\/yoast.com\/wordpress\/plugins\/seo\/ -->\n<title>Botte de travail Royer - 2251XPJ - Le Magasin Industriel<\/title>\n<meta name=\"description\" content=\"Botte de travail Royer - 2251XPJ mod\u00e8le de 6 pouces con\u00e7u pour les environnements de travail exigeants, embout et semelle d&#039;acier\" \/>\n<meta name=\"robots\" content=\"index, follow, max-snippet:-1, max-image-preview:large, max-video-preview:-1\" \/>\n<link rel=\"canonical\" href=\"https:\/\/autravail.ca\/en\/product\/botte-de-travail-royer-2251xpj\/\" \/>\n<meta property=\"og:locale\" content=\"en_US\" \/>\n<meta property=\"og:type\" content=\"article\" \/>\n<meta property=\"og:title\" content=\"Botte de travail Royer - 2251XPJ - Le Magasin Industriel\" \/>\n<meta property=\"og:description\" content=\"Botte de travail Royer - 2251XPJ mod\u00e8le de 6 pouces con\u00e7u pour les environnements de travail exigeants, embout et semelle d&#039;acier\" \/>\n<meta property=\"og:url\" content=\"https:\/\/autravail.ca\/en\/product\/botte-de-travail-royer-2251xpj\/\" \/>\n<meta property=\"og:site_name\" content=\"Le Magasin Industriel\" \/>\n<meta property=\"article:publisher\" content=\"https:\/\/www.facebook.com\/lemagasinindustriel\/?locale=fr_FR\" \/>\n<meta property=\"article:modified_time\" content=\"2026-02-12T21:06:11+00:00\" \/>\n<meta property=\"og:image\" content=\"https:\/\/autravail.ca\/wp-content\/uploads\/2026\/02\/2251xpb_a.jpg\" \/>\n\t<meta property=\"og:image:width\" content=\"1100\" \/>\n\t<meta property=\"og:image:height\" content=\"1100\" \/>\n\t<meta property=\"og:image:type\" content=\"image\/jpeg\" \/>\n<meta name=\"twitter:card\" content=\"summary_large_image\" \/>\n<meta name=\"twitter:label1\" content=\"Est. reading time\" \/>\n\t<meta name=\"twitter:data1\" content=\"2 minutes\" \/>\n<script type=\"application\/ld+json\" class=\"yoast-schema-graph\">{\"@context\":\"https:\/\/schema.org\",\"@graph\":[{\"@type\":\"WebPage\",\"@id\":\"https:\/\/autravail.ca\/product\/botte-de-travail-royer-2251xpj\/\",\"url\":\"https:\/\/autravail.ca\/product\/botte-de-travail-royer-2251xpj\/\",\"name\":\"Botte de travail Royer - 2251XPJ - Le Magasin Industriel\",\"isPartOf\":{\"@id\":\"https:\/\/autravail.ca\/#website\"},\"primaryImageOfPage\":{\"@id\":\"https:\/\/autravail.ca\/product\/botte-de-travail-royer-2251xpj\/#primaryimage\"},\"image\":{\"@id\":\"https:\/\/autravail.ca\/product\/botte-de-travail-royer-2251xpj\/#primaryimage\"},\"thumbnailUrl\":\"https:\/\/autravail.ca\/wp-content\/uploads\/2026\/02\/2251xpb_a.jpg\",\"datePublished\":\"2026-02-12T20:55:57+00:00\",\"dateModified\":\"2026-02-12T21:06:11+00:00\",\"description\":\"Botte de travail Royer - 2251XPJ mod\u00e8le de 6 pouces con\u00e7u pour les environnements de travail exigeants, embout et semelle d'acier\",\"breadcrumb\":{\"@id\":\"https:\/\/autravail.ca\/product\/botte-de-travail-royer-2251xpj\/#breadcrumb\"},\"inLanguage\":\"en-CA\",\"potentialAction\":[{\"@type\":\"ReadAction\",\"target\":[\"https:\/\/autravail.ca\/product\/botte-de-travail-royer-2251xpj\/\"]}]},{\"@type\":\"ImageObject\",\"inLanguage\":\"en-CA\",\"@id\":\"https:\/\/autravail.ca\/product\/botte-de-travail-royer-2251xpj\/#primaryimage\",\"url\":\"https:\/\/autravail.ca\/wp-content\/uploads\/2026\/02\/2251xpb_a.jpg\",\"contentUrl\":\"https:\/\/autravail.ca\/wp-content\/uploads\/2026\/02\/2251xpb_a.jpg\",\"width\":1100,\"height\":1100,\"caption\":\"Botte de travail Royer - 2251XPJ\"},{\"@type\":\"BreadcrumbList\",\"@id\":\"https:\/\/autravail.ca\/product\/botte-de-travail-royer-2251xpj\/#breadcrumb\",\"itemListElement\":[{\"@type\":\"ListItem\",\"position\":1,\"name\":\"Accueil\",\"item\":\"https:\/\/autravail.ca\/\"},{\"@type\":\"ListItem\",\"position\":2,\"name\":\"Magasin\",\"item\":\"https:\/\/autravail.ca\/en\/shop\/\"},{\"@type\":\"ListItem\",\"position\":3,\"name\":\"Botte de travail Royer &#8211; 2251XPJ\"}]},{\"@type\":\"WebSite\",\"@id\":\"https:\/\/autravail.ca\/#website\",\"url\":\"https:\/\/autravail.ca\/\",\"name\":\"Le Magasin Industriel\",\"description\":\"50 ans de tradition de s\u00e9curit\u00e9 au travail\",\"publisher\":{\"@id\":\"https:\/\/autravail.ca\/#organization\"},\"potentialAction\":[{\"@type\":\"SearchAction\",\"target\":{\"@type\":\"EntryPoint\",\"urlTemplate\":\"https:\/\/autravail.ca\/?s={search_term_string}\"},\"query-input\":{\"@type\":\"PropertyValueSpecification\",\"valueRequired\":true,\"valueName\":\"search_term_string\"}}],\"inLanguage\":\"en-CA\"},{\"@type\":\"Organization\",\"@id\":\"https:\/\/autravail.ca\/#organization\",\"name\":\"Le Magasin Industriel\",\"url\":\"https:\/\/autravail.ca\/\",\"logo\":{\"@type\":\"ImageObject\",\"inLanguage\":\"en-CA\",\"@id\":\"https:\/\/autravail.ca\/#\/schema\/logo\/image\/\",\"url\":\"https:\/\/autravail.ca\/wp-content\/uploads\/2025\/05\/cropped-magasin_industriel_120x.avif\",\"contentUrl\":\"https:\/\/autravail.ca\/wp-content\/uploads\/2025\/05\/cropped-magasin_industriel_120x.avif\",\"width\":120,\"height\":24,\"caption\":\"Le Magasin Industriel\"},\"image\":{\"@id\":\"https:\/\/autravail.ca\/#\/schema\/logo\/image\/\"},\"sameAs\":[\"https:\/\/www.facebook.com\/lemagasinindustriel\/?locale=fr_FR\"]}]}<\/script>\n<!-- \/ Yoast SEO plugin. -->","yoast_head_json":{"title":"Botte de travail Royer - 2251XPJ - Le Magasin Industriel","description":"Botte de travail Royer - 2251XPJ mod\u00e8le de 6 pouces con\u00e7u pour les environnements de travail exigeants, embout et semelle d'acier","robots":{"index":"index","follow":"follow","max-snippet":"max-snippet:-1","max-image-preview":"max-image-preview:large","max-video-preview":"max-video-preview:-1"},"canonical":"https:\/\/autravail.ca\/en\/product\/botte-de-travail-royer-2251xpj\/","og_locale":"en_US","og_type":"article","og_title":"Botte de travail Royer - 2251XPJ - Le Magasin Industriel","og_description":"Botte de travail Royer - 2251XPJ mod\u00e8le de 6 pouces con\u00e7u pour les environnements de travail exigeants, embout et semelle d'acier","og_url":"https:\/\/autravail.ca\/en\/product\/botte-de-travail-royer-2251xpj\/","og_site_name":"Le Magasin Industriel","article_publisher":"https:\/\/www.facebook.com\/lemagasinindustriel\/?locale=fr_FR","article_modified_time":"2026-02-12T21:06:11+00:00","og_image":[{"width":1100,"height":1100,"url":"https:\/\/autravail.ca\/wp-content\/uploads\/2026\/02\/2251xpb_a.jpg","type":"image\/jpeg"}],"twitter_card":"summary_large_image","twitter_misc":{"Est. reading time":"2 minutes"},"schema":{"@context":"https:\/\/schema.org","@graph":[{"@type":"WebPage","@id":"https:\/\/autravail.ca\/product\/botte-de-travail-royer-2251xpj\/","url":"https:\/\/autravail.ca\/product\/botte-de-travail-royer-2251xpj\/","name":"Botte de travail Royer - 2251XPJ - Le Magasin Industriel","isPartOf":{"@id":"https:\/\/autravail.ca\/#website"},"primaryImageOfPage":{"@id":"https:\/\/autravail.ca\/product\/botte-de-travail-royer-2251xpj\/#primaryimage"},"image":{"@id":"https:\/\/autravail.ca\/product\/botte-de-travail-royer-2251xpj\/#primaryimage"},"thumbnailUrl":"https:\/\/autravail.ca\/wp-content\/uploads\/2026\/02\/2251xpb_a.jpg","datePublished":"2026-02-12T20:55:57+00:00","dateModified":"2026-02-12T21:06:11+00:00","description":"Botte de travail Royer - 2251XPJ mod\u00e8le de 6 pouces con\u00e7u pour les environnements de travail exigeants, embout et semelle d'acier","breadcrumb":{"@id":"https:\/\/autravail.ca\/product\/botte-de-travail-royer-2251xpj\/#breadcrumb"},"inLanguage":"en-CA","potentialAction":[{"@type":"ReadAction","target":["https:\/\/autravail.ca\/product\/botte-de-travail-royer-2251xpj\/"]}]},{"@type":"ImageObject","inLanguage":"en-CA","@id":"https:\/\/autravail.ca\/product\/botte-de-travail-royer-2251xpj\/#primaryimage","url":"https:\/\/autravail.ca\/wp-content\/uploads\/2026\/02\/2251xpb_a.jpg","contentUrl":"https:\/\/autravail.ca\/wp-content\/uploads\/2026\/02\/2251xpb_a.jpg","width":1100,"height":1100,"caption":"Botte de travail Royer - 2251XPJ"},{"@type":"BreadcrumbList","@id":"https:\/\/autravail.ca\/product\/botte-de-travail-royer-2251xpj\/#breadcrumb","itemListElement":[{"@type":"ListItem","position":1,"name":"Accueil","item":"https:\/\/autravail.ca\/"},{"@type":"ListItem","position":2,"name":"Magasin","item":"https:\/\/autravail.ca\/en\/shop\/"},{"@type":"ListItem","position":3,"name":"Botte de travail Royer &#8211; 2251XPJ"}]},{"@type":"WebSite","@id":"https:\/\/autravail.ca\/#website","url":"https:\/\/autravail.ca\/","name":"Le Magasin Industriel","description":"50 ans de tradition de s\u00e9curit\u00e9 au travail","publisher":{"@id":"https:\/\/autravail.ca\/#organization"},"potentialAction":[{"@type":"SearchAction","target":{"@type":"EntryPoint","urlTemplate":"https:\/\/autravail.ca\/?s={search_term_string}"},"query-input":{"@type":"PropertyValueSpecification","valueRequired":true,"valueName":"search_term_string"}}],"inLanguage":"en-CA"},{"@type":"Organization","@id":"https:\/\/autravail.ca\/#organization","name":"Le Magasin Industriel","url":"https:\/\/autravail.ca\/","logo":{"@type":"ImageObject","inLanguage":"en-CA","@id":"https:\/\/autravail.ca\/#\/schema\/logo\/image\/","url":"https:\/\/autravail.ca\/wp-content\/uploads\/2025\/05\/cropped-magasin_industriel_120x.avif","contentUrl":"https:\/\/autravail.ca\/wp-content\/uploads\/2025\/05\/cropped-magasin_industriel_120x.avif","width":120,"height":24,"caption":"Le Magasin Industriel"},"image":{"@id":"https:\/\/autravail.ca\/#\/schema\/logo\/image\/"},"sameAs":["https:\/\/www.facebook.com\/lemagasinindustriel\/?locale=fr_FR"]}]}},"jetpack_sharing_enabled":true,"_links":{"self":[{"href":"https:\/\/autravail.ca\/en\/wp-json\/wp\/v2\/product\/44212","targetHints":{"allow":["GET"]}}],"collection":[{"href":"https:\/\/autravail.ca\/en\/wp-json\/wp\/v2\/product"}],"about":[{"href":"https:\/\/autravail.ca\/en\/wp-json\/wp\/v2\/types\/product"}],"replies":[{"embeddable":true,"href":"https:\/\/autravail.ca\/en\/wp-json\/wp\/v2\/comments?post=44212"}],"wp:featuredmedia":[{"embeddable":true,"href":"https:\/\/autravail.ca\/en\/wp-json\/wp\/v2\/media\/44220"}],"wp:attachment":[{"href":"https:\/\/autravail.ca\/en\/wp-json\/wp\/v2\/media?parent=44212"}],"wp:term":[{"taxonomy":"product_cat","embeddable":true,"href":"https:\/\/autravail.ca\/en\/wp-json\/wp\/v2\/product_cat?post=44212"},{"taxonomy":"product_tag","embeddable":true,"href":"https:\/\/autravail.ca\/en\/wp-json\/wp\/v2\/product_tag?post=44212"}],"curies":[{"name":"wp","href":"https:\/\/api.w.org\/{rel}","templated":true}]}}