{"id":44021,"date":"2026-02-11T14:57:43","date_gmt":"2026-02-11T18:57:43","guid":{"rendered":"https:\/\/autravail.ca\/?post_type=product&#038;p=44021"},"modified":"2026-02-11T15:01:17","modified_gmt":"2026-02-11T19:01:17","slug":"manteau-5-1-ganka-89-6501ref","status":"publish","type":"product","link":"https:\/\/autravail.ca\/en\/product\/manteau-5-1-ganka-89-6501ref\/","title":{"rendered":"Manteau 5\/1 Ganka &#8211; 89-6501REF"},"content":{"rendered":"<h3>Manteau 5\/1 Ganka &#8211; 89-6501REF<\/h3>\n<p>Manteau 5\/1 <a href=\"https:\/\/autravail.ca\/en\/product-brand\/ganka\/\">Ganka<\/a> &#8211; 89-6501REF est un parka haute visibilit\u00e9 de type \u00ab 5 dans 1 \u00bb, con\u00e7u pour les conditions de froid extr\u00eame allant jusqu&rsquo;\u00e0\u00a0<strong class=\"Yjhzub\" data-complete=\"true\" data-processed=\"true\">-60 \u00b0C<\/strong>. Ce manteau est particuli\u00e8rement recommand\u00e9 pour les travailleurs ext\u00e9rieurs n\u00e9cessitant une protection contre les gels s\u00e9v\u00e8res et une haute visibilit\u00e9.<\/p>\n<h6 class=\"otQkpb\" role=\"heading\" aria-level=\"3\" data-complete=\"true\" data-processed=\"true\">Caract\u00e9ristiques techniques<button class=\"rBl3me\" tabindex=\"0\" data-amic=\"true\" data-icl-uuid=\"9b315b19-56dc-48eb-9403-b3f7d80af048\" aria-label=\"Afficher les liens associ\u00e9s\" data-wiz-attrbind=\"disabled=VeTgMd_l\/C5gNJc;aria-label=VeTgMd_l\/bOjMyf;class=VeTgMd_l\/UpSNec\" data-ved=\"2ahUKEwjJ4bSngNKSAxWpKVkFHYRgKeYQye0OegYIAQgDEAA\"><\/button><\/h6>\n<div class=\"Y3BBE\" data-sfc-cp=\"\" data-hveid=\"CAEIBBAA\" data-complete=\"true\" data-processed=\"true\">Selon les sp\u00e9cifications de\u00a0<strong class=\"Yjhzub\" data-complete=\"true\" data-processed=\"true\">Ganka Inc.<\/strong>, ce mod\u00e8le est con\u00e7u pour la s\u00e9curit\u00e9 et la protection thermique maximale :<button class=\"rBl3me\" tabindex=\"0\" data-amic=\"true\" data-icl-uuid=\"f58b7ffa-233f-4add-b91c-7c66c6b60b3a\" aria-label=\"Afficher les liens associ\u00e9s\" data-wiz-attrbind=\"disabled=VeTgMd_q\/C5gNJc;aria-label=VeTgMd_q\/bOjMyf;class=VeTgMd_q\/UpSNec\" data-ved=\"2ahUKEwjJ4bSngNKSAxWpKVkFHYRgKeYQye0OegYIAQgEEAE\"><\/button><\/div>\n<ul class=\"KsbFXc U6u95\" data-complete=\"true\" data-processed=\"true\">\n<li data-hveid=\"CAEIBRAA\" data-complete=\"true\" data-sae=\"\"><span class=\"T286Pc\" data-sfc-cp=\"\" data-complete=\"true\"><strong class=\"Yjhzub\" data-complete=\"true\">Mat\u00e9riau ext\u00e9rieur<\/strong>\u00a0: Fabriqu\u00e9 en polyester 300D avec des coutures scell\u00e9es pour assurer l&rsquo;imperm\u00e9abilit\u00e9.<\/span><\/li>\n<li data-hveid=\"CAEIBRAB\" data-complete=\"true\" data-sae=\"\"><span class=\"T286Pc\" data-sfc-cp=\"\" data-complete=\"true\"><strong class=\"Yjhzub\" data-complete=\"true\">Isolation<\/strong>\u00a0: Utilise la technologie\u00a0<strong class=\"Yjhzub\" data-complete=\"true\">Heatlocker<\/strong>\u00a0pour une r\u00e9tention sup\u00e9rieure de la chaleur.<\/span><\/li>\n<li data-hveid=\"CAEIBRAC\" data-complete=\"true\" data-sae=\"\"><span class=\"T286Pc\" data-sfc-cp=\"\" data-complete=\"true\"><strong class=\"Yjhzub\" data-complete=\"true\">Visibilit\u00e9<\/strong>\u00a0: \u00c9quip\u00e9 de bandes r\u00e9fl\u00e9chissantes pour une s\u00e9curit\u00e9 accrue sur les chantiers ou en bordure de route.<\/span><\/li>\n<li data-hveid=\"CAEIBRAD\" data-complete=\"true\" data-sae=\"\"><span class=\"T286Pc\" data-sfc-cp=\"\" data-complete=\"true\"><strong class=\"Yjhzub\" data-complete=\"true\">Polyvalence<\/strong>\u00a0: Conception \u00ab 5 dans 1 \u00bb permettant de porter le manteau de diff\u00e9rentes fa\u00e7ons selon la m\u00e9t\u00e9o.<\/span><\/li>\n<li data-hveid=\"CAEIBRAE\" data-complete=\"true\" data-sae=\"\"><span class=\"T286Pc\" data-sfc-cp=\"\" data-complete=\"true\" aria-owns=\"action-menu-parent-container\"><strong class=\"Yjhzub\" data-complete=\"true\">Tailles et Couleurs<\/strong>\u00a0: Disponible en noir ou orange, avec des tailles allant de XS \u00e0 5X.<\/span><\/li>\n<\/ul>\n<p><img decoding=\"async\" class=\"alignnone wp-image-40620\" src=\"https:\/\/autravail.ca\/wp-content\/uploads\/2025\/09\/Jachete-quebec-et-canada.jpg\" alt=\"Logo de l'achat local\" width=\"162\" height=\"139\" \/>Merci d&rsquo;encourager une entreprise 100% d&rsquo;ici!<\/p>\n<p>TS2602H<\/p>","protected":false},"excerpt":{"rendered":"<p>Manteau 5\/1 Ganka &#8211; 89-6501REF Manteau 5\/1 Ganka &#8211; 89-6501REF est un parka haute visibilit\u00e9 de type \u00ab 5 dans 1 \u00bb, con\u00e7u pour les conditions de froid extr\u00eame allant jusqu&rsquo;\u00e0\u00a0-60 \u00b0C. Ce manteau est particuli\u00e8rement recommand\u00e9 pour les travailleurs ext\u00e9rieurs n\u00e9cessitant une protection contre les gels s\u00e9v\u00e8res et une haute visibilit\u00e9. Caract\u00e9ristiques techniques Selon [&hellip;]<\/p>","protected":false},"featured_media":44040,"comment_status":"open","ping_status":"closed","template":"","meta":[],"product_cat":[602,610,824,604],"product_tag":[242,250,291],"class_list":{"0":"post-44021","1":"product","2":"type-product","3":"status-publish","4":"has-post-thumbnail","6":"product_brand-ganka","7":"product_cat-hommes","8":"product_cat-manteaux","9":"product_cat-manteaux-dhiver","10":"product_cat-vetements-de-travail","11":"product_tag-homme","12":"product_tag-manteaux","13":"product_tag-vetements-haute-visibilite","15":"first","16":"instock","17":"taxable","18":"shipping-taxable","19":"purchasable","20":"product-type-variable"},"yoast_head":"<!-- This site is optimized with the Yoast SEO plugin v25.3.1 - https:\/\/yoast.com\/wordpress\/plugins\/seo\/ -->\n<title>Manteau 5\/1 Ganka - 89-6501REF - Le Magasin Industriel<\/title>\n<meta name=\"description\" content=\"Manteau 5\/1 Ganka - 89-6501REF, manteau d&#039;hiver d\u00e9tachable fait en polyester, les manches se d\u00e9tachent sur le manteau int\u00e9rieur\" \/>\n<meta name=\"robots\" content=\"index, follow, max-snippet:-1, max-image-preview:large, max-video-preview:-1\" \/>\n<link rel=\"canonical\" href=\"https:\/\/autravail.ca\/en\/product\/manteau-5-1-ganka-89-6501ref\/\" \/>\n<meta property=\"og:locale\" content=\"en_US\" \/>\n<meta property=\"og:type\" content=\"article\" \/>\n<meta property=\"og:title\" content=\"Manteau 5\/1 Ganka - 89-6501REF - Le Magasin Industriel\" \/>\n<meta property=\"og:description\" content=\"Manteau 5\/1 Ganka - 89-6501REF, manteau d&#039;hiver d\u00e9tachable fait en polyester, les manches se d\u00e9tachent sur le manteau int\u00e9rieur\" \/>\n<meta property=\"og:url\" content=\"https:\/\/autravail.ca\/en\/product\/manteau-5-1-ganka-89-6501ref\/\" \/>\n<meta property=\"og:site_name\" content=\"Le Magasin Industriel\" \/>\n<meta property=\"article:publisher\" content=\"https:\/\/www.facebook.com\/lemagasinindustriel\/?locale=fr_FR\" \/>\n<meta property=\"article:modified_time\" content=\"2026-02-11T19:01:17+00:00\" \/>\n<meta property=\"og:image\" content=\"https:\/\/autravail.ca\/wp-content\/uploads\/2026\/02\/89-6501REF_BLK_A001.jpg\" \/>\n\t<meta property=\"og:image:width\" content=\"1000\" \/>\n\t<meta property=\"og:image:height\" content=\"1000\" \/>\n\t<meta property=\"og:image:type\" content=\"image\/jpeg\" \/>\n<meta name=\"twitter:card\" content=\"summary_large_image\" \/>\n<meta name=\"twitter:label1\" content=\"Est. reading time\" \/>\n\t<meta name=\"twitter:data1\" content=\"2 minutes\" \/>\n<script type=\"application\/ld+json\" class=\"yoast-schema-graph\">{\"@context\":\"https:\/\/schema.org\",\"@graph\":[{\"@type\":\"WebPage\",\"@id\":\"https:\/\/autravail.ca\/product\/manteau-5-1-ganka-89-6501ref\/\",\"url\":\"https:\/\/autravail.ca\/product\/manteau-5-1-ganka-89-6501ref\/\",\"name\":\"Manteau 5\/1 Ganka - 89-6501REF - Le Magasin Industriel\",\"isPartOf\":{\"@id\":\"https:\/\/autravail.ca\/#website\"},\"primaryImageOfPage\":{\"@id\":\"https:\/\/autravail.ca\/product\/manteau-5-1-ganka-89-6501ref\/#primaryimage\"},\"image\":{\"@id\":\"https:\/\/autravail.ca\/product\/manteau-5-1-ganka-89-6501ref\/#primaryimage\"},\"thumbnailUrl\":\"https:\/\/autravail.ca\/wp-content\/uploads\/2026\/02\/89-6501REF_BLK_A001.jpg\",\"datePublished\":\"2026-02-11T18:57:43+00:00\",\"dateModified\":\"2026-02-11T19:01:17+00:00\",\"description\":\"Manteau 5\/1 Ganka - 89-6501REF, manteau d'hiver d\u00e9tachable fait en polyester, les manches se d\u00e9tachent sur le manteau int\u00e9rieur\",\"breadcrumb\":{\"@id\":\"https:\/\/autravail.ca\/product\/manteau-5-1-ganka-89-6501ref\/#breadcrumb\"},\"inLanguage\":\"en-CA\",\"potentialAction\":[{\"@type\":\"ReadAction\",\"target\":[\"https:\/\/autravail.ca\/product\/manteau-5-1-ganka-89-6501ref\/\"]}]},{\"@type\":\"ImageObject\",\"inLanguage\":\"en-CA\",\"@id\":\"https:\/\/autravail.ca\/product\/manteau-5-1-ganka-89-6501ref\/#primaryimage\",\"url\":\"https:\/\/autravail.ca\/wp-content\/uploads\/2026\/02\/89-6501REF_BLK_A001.jpg\",\"contentUrl\":\"https:\/\/autravail.ca\/wp-content\/uploads\/2026\/02\/89-6501REF_BLK_A001.jpg\",\"width\":1000,\"height\":1000},{\"@type\":\"BreadcrumbList\",\"@id\":\"https:\/\/autravail.ca\/product\/manteau-5-1-ganka-89-6501ref\/#breadcrumb\",\"itemListElement\":[{\"@type\":\"ListItem\",\"position\":1,\"name\":\"Accueil\",\"item\":\"https:\/\/autravail.ca\/\"},{\"@type\":\"ListItem\",\"position\":2,\"name\":\"Magasin\",\"item\":\"https:\/\/autravail.ca\/en\/shop\/\"},{\"@type\":\"ListItem\",\"position\":3,\"name\":\"Manteau 5\/1 Ganka &#8211; 89-6501REF\"}]},{\"@type\":\"WebSite\",\"@id\":\"https:\/\/autravail.ca\/#website\",\"url\":\"https:\/\/autravail.ca\/\",\"name\":\"Le Magasin Industriel\",\"description\":\"50 ans de tradition de s\u00e9curit\u00e9 au travail\",\"publisher\":{\"@id\":\"https:\/\/autravail.ca\/#organization\"},\"potentialAction\":[{\"@type\":\"SearchAction\",\"target\":{\"@type\":\"EntryPoint\",\"urlTemplate\":\"https:\/\/autravail.ca\/?s={search_term_string}\"},\"query-input\":{\"@type\":\"PropertyValueSpecification\",\"valueRequired\":true,\"valueName\":\"search_term_string\"}}],\"inLanguage\":\"en-CA\"},{\"@type\":\"Organization\",\"@id\":\"https:\/\/autravail.ca\/#organization\",\"name\":\"Le Magasin Industriel\",\"url\":\"https:\/\/autravail.ca\/\",\"logo\":{\"@type\":\"ImageObject\",\"inLanguage\":\"en-CA\",\"@id\":\"https:\/\/autravail.ca\/#\/schema\/logo\/image\/\",\"url\":\"https:\/\/autravail.ca\/wp-content\/uploads\/2025\/05\/cropped-magasin_industriel_120x.avif\",\"contentUrl\":\"https:\/\/autravail.ca\/wp-content\/uploads\/2025\/05\/cropped-magasin_industriel_120x.avif\",\"width\":120,\"height\":24,\"caption\":\"Le Magasin Industriel\"},\"image\":{\"@id\":\"https:\/\/autravail.ca\/#\/schema\/logo\/image\/\"},\"sameAs\":[\"https:\/\/www.facebook.com\/lemagasinindustriel\/?locale=fr_FR\"]}]}<\/script>\n<!-- \/ Yoast SEO plugin. -->","yoast_head_json":{"title":"Manteau 5\/1 Ganka - 89-6501REF - Le Magasin Industriel","description":"Manteau 5\/1 Ganka - 89-6501REF, manteau d'hiver d\u00e9tachable fait en polyester, les manches se d\u00e9tachent sur le manteau int\u00e9rieur","robots":{"index":"index","follow":"follow","max-snippet":"max-snippet:-1","max-image-preview":"max-image-preview:large","max-video-preview":"max-video-preview:-1"},"canonical":"https:\/\/autravail.ca\/en\/product\/manteau-5-1-ganka-89-6501ref\/","og_locale":"en_US","og_type":"article","og_title":"Manteau 5\/1 Ganka - 89-6501REF - Le Magasin Industriel","og_description":"Manteau 5\/1 Ganka - 89-6501REF, manteau d'hiver d\u00e9tachable fait en polyester, les manches se d\u00e9tachent sur le manteau int\u00e9rieur","og_url":"https:\/\/autravail.ca\/en\/product\/manteau-5-1-ganka-89-6501ref\/","og_site_name":"Le Magasin Industriel","article_publisher":"https:\/\/www.facebook.com\/lemagasinindustriel\/?locale=fr_FR","article_modified_time":"2026-02-11T19:01:17+00:00","og_image":[{"width":1000,"height":1000,"url":"https:\/\/autravail.ca\/wp-content\/uploads\/2026\/02\/89-6501REF_BLK_A001.jpg","type":"image\/jpeg"}],"twitter_card":"summary_large_image","twitter_misc":{"Est. reading time":"2 minutes"},"schema":{"@context":"https:\/\/schema.org","@graph":[{"@type":"WebPage","@id":"https:\/\/autravail.ca\/product\/manteau-5-1-ganka-89-6501ref\/","url":"https:\/\/autravail.ca\/product\/manteau-5-1-ganka-89-6501ref\/","name":"Manteau 5\/1 Ganka - 89-6501REF - Le Magasin Industriel","isPartOf":{"@id":"https:\/\/autravail.ca\/#website"},"primaryImageOfPage":{"@id":"https:\/\/autravail.ca\/product\/manteau-5-1-ganka-89-6501ref\/#primaryimage"},"image":{"@id":"https:\/\/autravail.ca\/product\/manteau-5-1-ganka-89-6501ref\/#primaryimage"},"thumbnailUrl":"https:\/\/autravail.ca\/wp-content\/uploads\/2026\/02\/89-6501REF_BLK_A001.jpg","datePublished":"2026-02-11T18:57:43+00:00","dateModified":"2026-02-11T19:01:17+00:00","description":"Manteau 5\/1 Ganka - 89-6501REF, manteau d'hiver d\u00e9tachable fait en polyester, les manches se d\u00e9tachent sur le manteau int\u00e9rieur","breadcrumb":{"@id":"https:\/\/autravail.ca\/product\/manteau-5-1-ganka-89-6501ref\/#breadcrumb"},"inLanguage":"en-CA","potentialAction":[{"@type":"ReadAction","target":["https:\/\/autravail.ca\/product\/manteau-5-1-ganka-89-6501ref\/"]}]},{"@type":"ImageObject","inLanguage":"en-CA","@id":"https:\/\/autravail.ca\/product\/manteau-5-1-ganka-89-6501ref\/#primaryimage","url":"https:\/\/autravail.ca\/wp-content\/uploads\/2026\/02\/89-6501REF_BLK_A001.jpg","contentUrl":"https:\/\/autravail.ca\/wp-content\/uploads\/2026\/02\/89-6501REF_BLK_A001.jpg","width":1000,"height":1000},{"@type":"BreadcrumbList","@id":"https:\/\/autravail.ca\/product\/manteau-5-1-ganka-89-6501ref\/#breadcrumb","itemListElement":[{"@type":"ListItem","position":1,"name":"Accueil","item":"https:\/\/autravail.ca\/"},{"@type":"ListItem","position":2,"name":"Magasin","item":"https:\/\/autravail.ca\/en\/shop\/"},{"@type":"ListItem","position":3,"name":"Manteau 5\/1 Ganka &#8211; 89-6501REF"}]},{"@type":"WebSite","@id":"https:\/\/autravail.ca\/#website","url":"https:\/\/autravail.ca\/","name":"Le Magasin Industriel","description":"50 ans de tradition de s\u00e9curit\u00e9 au travail","publisher":{"@id":"https:\/\/autravail.ca\/#organization"},"potentialAction":[{"@type":"SearchAction","target":{"@type":"EntryPoint","urlTemplate":"https:\/\/autravail.ca\/?s={search_term_string}"},"query-input":{"@type":"PropertyValueSpecification","valueRequired":true,"valueName":"search_term_string"}}],"inLanguage":"en-CA"},{"@type":"Organization","@id":"https:\/\/autravail.ca\/#organization","name":"Le Magasin Industriel","url":"https:\/\/autravail.ca\/","logo":{"@type":"ImageObject","inLanguage":"en-CA","@id":"https:\/\/autravail.ca\/#\/schema\/logo\/image\/","url":"https:\/\/autravail.ca\/wp-content\/uploads\/2025\/05\/cropped-magasin_industriel_120x.avif","contentUrl":"https:\/\/autravail.ca\/wp-content\/uploads\/2025\/05\/cropped-magasin_industriel_120x.avif","width":120,"height":24,"caption":"Le Magasin Industriel"},"image":{"@id":"https:\/\/autravail.ca\/#\/schema\/logo\/image\/"},"sameAs":["https:\/\/www.facebook.com\/lemagasinindustriel\/?locale=fr_FR"]}]}},"jetpack_sharing_enabled":true,"_links":{"self":[{"href":"https:\/\/autravail.ca\/en\/wp-json\/wp\/v2\/product\/44021","targetHints":{"allow":["GET"]}}],"collection":[{"href":"https:\/\/autravail.ca\/en\/wp-json\/wp\/v2\/product"}],"about":[{"href":"https:\/\/autravail.ca\/en\/wp-json\/wp\/v2\/types\/product"}],"replies":[{"embeddable":true,"href":"https:\/\/autravail.ca\/en\/wp-json\/wp\/v2\/comments?post=44021"}],"wp:featuredmedia":[{"embeddable":true,"href":"https:\/\/autravail.ca\/en\/wp-json\/wp\/v2\/media\/44040"}],"wp:attachment":[{"href":"https:\/\/autravail.ca\/en\/wp-json\/wp\/v2\/media?parent=44021"}],"wp:term":[{"taxonomy":"product_cat","embeddable":true,"href":"https:\/\/autravail.ca\/en\/wp-json\/wp\/v2\/product_cat?post=44021"},{"taxonomy":"product_tag","embeddable":true,"href":"https:\/\/autravail.ca\/en\/wp-json\/wp\/v2\/product_tag?post=44021"}],"curies":[{"name":"wp","href":"https:\/\/api.w.org\/{rel}","templated":true}]}}