{"id":43952,"date":"2026-02-10T14:33:20","date_gmt":"2026-02-10T18:33:20","guid":{"rendered":"https:\/\/autravail.ca\/?post_type=product&#038;p=43952"},"modified":"2026-02-23T17:38:20","modified_gmt":"2026-02-23T21:38:20","slug":"tuque-helly-hansen-classic-79811blk","status":"publish","type":"product","link":"https:\/\/autravail.ca\/en\/product\/tuque-helly-hansen-classic-79811blk\/","title":{"rendered":"Tuque Helly Hansen Classic &#8211; 79811BLK"},"content":{"rendered":"<h3>Tuque Helly Hansen Classic &#8211; 79811BLK<\/h3>\n<p>La tuque Helly Hansen Classic &#8211; 79811BLK offre une chaleur fiable pour les journ\u00e9es froides. Son tricot doux procure un confort imm\u00e9diat avec un style au go\u00fbt du jour. La coupe classique s\u2019adapte facilement \u00e0 plusieurs styles. Le tissu extensible assure un ajustement stable. La tuque garde bien la chaleur autour de la t\u00eate. Elle accompagne parfaitement les activit\u00e9s ext\u00e9rieures. Sa conception simple facilite l\u2019association avec diff\u00e9rents manteaux. Le logo discret ajoute une touche professionnelle. La mati\u00e8re respire bien malgr\u00e9 le froid. La tuque reste confortable m\u00eame lors d\u2019un port prolong\u00e9. Elle conserve sa forme apr\u00e8s plusieurs utilisations. Le tissu r\u00e9siste bien aux conditions hivernales. La couleur noire demeure polyvalente pour un usage quotidien. La tuque offre une protection efficace contre le vent tout en conservant une bonne respirabilit\u00e9.<\/p>\n<p>La tuque <a href=\"https:\/\/autravail.ca\/en\/product-brand\/helly-hansen\/\">Helly Hansen<\/a> classic convient autant au travail qu\u2019aux loisirs. Ce mod\u00e8le devient rapidement un essentiel hivernal. Sa durabilit\u00e9 en fait un choix fiable pour toute la saison.<\/p>\n<h4>Characteristics:<\/h4>\n<p><!--StartFragment --><\/p>\n<ul>\n<li>Tuque tricot\u00e9e<\/li>\n<li>Couleur Noir<\/li>\n<li>Logo HH Workwear<\/li>\n<li>Mati\u00e8re recycl\u00e9e<\/li>\n<li>Composition: Ext\u00e9rieur : 99 % polyester (recycl\u00e9), 1 % \u00e9lasthanne<\/li>\n<li>Mati\u00e8re recycl\u00e9e<\/li>\n<li>Coupe classique avec rebord<\/li>\n<li>Laver avec des couleurs similaires. Laver \u00e0 l\u2019envers.<\/li>\n<\/ul>\n<p>&nbsp;<\/p>\n<p><img decoding=\"async\" class=\"alignnone wp-image-40620\" src=\"https:\/\/autravail.ca\/wp-content\/uploads\/2025\/09\/Jachete-quebec-et-canada.jpg\" alt=\"Logo de l'achat local\" width=\"162\" height=\"139\" \/>Merci d&rsquo;encourager une entreprise 100% d&rsquo;ici!<br \/>\nTS2602S<\/p>\n<p>&nbsp;<\/p>\n<p><!--EndFragment --><\/p>","protected":false},"excerpt":{"rendered":"<p>Tuque Helly Hansen Classic &#8211; 79811BLK La tuque Helly Hansen Classic &#8211; 79811BLK offre une chaleur fiable pour les journ\u00e9es froides. Son tricot doux procure un confort imm\u00e9diat avec un style au go\u00fbt du jour. La coupe classique s\u2019adapte facilement \u00e0 plusieurs styles. Le tissu extensible assure un ajustement stable. La tuque garde bien la [&hellip;]<\/p>","protected":false},"featured_media":43956,"comment_status":"open","ping_status":"closed","template":"","meta":[],"product_cat":[599,828,604],"product_tag":[255,242,415],"class_list":{"0":"post-43952","1":"product","2":"type-product","3":"status-publish","4":"has-post-thumbnail","6":"product_brand-helly-hansen","7":"product_cat-apparel-accessories","8":"product_cat-tuques-et-cagoules","9":"product_cat-vetements-de-travail","10":"product_tag-femme","11":"product_tag-homme","12":"product_tag-tuque","14":"first","15":"instock","16":"taxable","17":"shipping-taxable","18":"purchasable","19":"product-type-simple"},"yoast_head":"<!-- This site is optimized with the Yoast SEO plugin v25.3.1 - https:\/\/yoast.com\/wordpress\/plugins\/seo\/ -->\n<title>Tuque Helly Hansen Classic - 79811BLK - Le Magasin Industriel<\/title>\n<meta name=\"description\" content=\"Tuque Helly Hansen Classic - 79811BLK avec rebord et logo HH \u00e0 l&#039;avant. Coupe classique confort et fabriqu\u00e9e de mati\u00e8re recycl\u00e9e.\" \/>\n<meta name=\"robots\" content=\"index, follow, max-snippet:-1, max-image-preview:large, max-video-preview:-1\" \/>\n<link rel=\"canonical\" href=\"https:\/\/autravail.ca\/en\/product\/tuque-helly-hansen-classic-79811blk\/\" \/>\n<meta property=\"og:locale\" content=\"en_US\" \/>\n<meta property=\"og:type\" content=\"article\" \/>\n<meta property=\"og:title\" content=\"Tuque Helly Hansen Classic - 79811BLK - Le Magasin Industriel\" \/>\n<meta property=\"og:description\" content=\"Tuque Helly Hansen Classic - 79811BLK avec rebord et logo HH \u00e0 l&#039;avant. Coupe classique confort et fabriqu\u00e9e de mati\u00e8re recycl\u00e9e.\" \/>\n<meta property=\"og:url\" content=\"https:\/\/autravail.ca\/en\/product\/tuque-helly-hansen-classic-79811blk\/\" \/>\n<meta property=\"og:site_name\" content=\"Le Magasin Industriel\" \/>\n<meta property=\"article:publisher\" content=\"https:\/\/www.facebook.com\/lemagasinindustriel\/?locale=fr_FR\" \/>\n<meta property=\"article:modified_time\" content=\"2026-02-23T21:38:20+00:00\" \/>\n<meta property=\"og:image\" content=\"https:\/\/autravail.ca\/wp-content\/uploads\/2026\/02\/79811BLK.jpg\" \/>\n\t<meta property=\"og:image:width\" content=\"1000\" \/>\n\t<meta property=\"og:image:height\" content=\"1000\" \/>\n\t<meta property=\"og:image:type\" content=\"image\/jpeg\" \/>\n<meta name=\"twitter:card\" content=\"summary_large_image\" \/>\n<meta name=\"twitter:label1\" content=\"Est. reading time\" \/>\n\t<meta name=\"twitter:data1\" content=\"2 minutes\" \/>\n<script type=\"application\/ld+json\" class=\"yoast-schema-graph\">{\"@context\":\"https:\/\/schema.org\",\"@graph\":[{\"@type\":\"WebPage\",\"@id\":\"https:\/\/autravail.ca\/product\/tuque-helly-hansen-classic-79811blk\/\",\"url\":\"https:\/\/autravail.ca\/product\/tuque-helly-hansen-classic-79811blk\/\",\"name\":\"Tuque Helly Hansen Classic - 79811BLK - Le Magasin Industriel\",\"isPartOf\":{\"@id\":\"https:\/\/autravail.ca\/#website\"},\"primaryImageOfPage\":{\"@id\":\"https:\/\/autravail.ca\/product\/tuque-helly-hansen-classic-79811blk\/#primaryimage\"},\"image\":{\"@id\":\"https:\/\/autravail.ca\/product\/tuque-helly-hansen-classic-79811blk\/#primaryimage\"},\"thumbnailUrl\":\"https:\/\/autravail.ca\/wp-content\/uploads\/2026\/02\/79811BLK.jpg\",\"datePublished\":\"2026-02-10T18:33:20+00:00\",\"dateModified\":\"2026-02-23T21:38:20+00:00\",\"description\":\"Tuque Helly Hansen Classic - 79811BLK avec rebord et logo HH \u00e0 l'avant. Coupe classique confort et fabriqu\u00e9e de mati\u00e8re recycl\u00e9e.\",\"breadcrumb\":{\"@id\":\"https:\/\/autravail.ca\/product\/tuque-helly-hansen-classic-79811blk\/#breadcrumb\"},\"inLanguage\":\"en-CA\",\"potentialAction\":[{\"@type\":\"ReadAction\",\"target\":[\"https:\/\/autravail.ca\/product\/tuque-helly-hansen-classic-79811blk\/\"]}]},{\"@type\":\"ImageObject\",\"inLanguage\":\"en-CA\",\"@id\":\"https:\/\/autravail.ca\/product\/tuque-helly-hansen-classic-79811blk\/#primaryimage\",\"url\":\"https:\/\/autravail.ca\/wp-content\/uploads\/2026\/02\/79811BLK.jpg\",\"contentUrl\":\"https:\/\/autravail.ca\/wp-content\/uploads\/2026\/02\/79811BLK.jpg\",\"width\":1000,\"height\":1000,\"caption\":\"Tuque Helly Hansen Classic - 79811BLK\"},{\"@type\":\"BreadcrumbList\",\"@id\":\"https:\/\/autravail.ca\/product\/tuque-helly-hansen-classic-79811blk\/#breadcrumb\",\"itemListElement\":[{\"@type\":\"ListItem\",\"position\":1,\"name\":\"Accueil\",\"item\":\"https:\/\/autravail.ca\/\"},{\"@type\":\"ListItem\",\"position\":2,\"name\":\"Magasin\",\"item\":\"https:\/\/autravail.ca\/en\/shop\/\"},{\"@type\":\"ListItem\",\"position\":3,\"name\":\"Tuque Helly Hansen Classic &#8211; 79811BLK\"}]},{\"@type\":\"WebSite\",\"@id\":\"https:\/\/autravail.ca\/#website\",\"url\":\"https:\/\/autravail.ca\/\",\"name\":\"Le Magasin Industriel\",\"description\":\"50 ans de tradition de s\u00e9curit\u00e9 au travail\",\"publisher\":{\"@id\":\"https:\/\/autravail.ca\/#organization\"},\"potentialAction\":[{\"@type\":\"SearchAction\",\"target\":{\"@type\":\"EntryPoint\",\"urlTemplate\":\"https:\/\/autravail.ca\/?s={search_term_string}\"},\"query-input\":{\"@type\":\"PropertyValueSpecification\",\"valueRequired\":true,\"valueName\":\"search_term_string\"}}],\"inLanguage\":\"en-CA\"},{\"@type\":\"Organization\",\"@id\":\"https:\/\/autravail.ca\/#organization\",\"name\":\"Le Magasin Industriel\",\"url\":\"https:\/\/autravail.ca\/\",\"logo\":{\"@type\":\"ImageObject\",\"inLanguage\":\"en-CA\",\"@id\":\"https:\/\/autravail.ca\/#\/schema\/logo\/image\/\",\"url\":\"https:\/\/autravail.ca\/wp-content\/uploads\/2025\/05\/cropped-magasin_industriel_120x.avif\",\"contentUrl\":\"https:\/\/autravail.ca\/wp-content\/uploads\/2025\/05\/cropped-magasin_industriel_120x.avif\",\"width\":120,\"height\":24,\"caption\":\"Le Magasin Industriel\"},\"image\":{\"@id\":\"https:\/\/autravail.ca\/#\/schema\/logo\/image\/\"},\"sameAs\":[\"https:\/\/www.facebook.com\/lemagasinindustriel\/?locale=fr_FR\"]}]}<\/script>\n<!-- \/ Yoast SEO plugin. -->","yoast_head_json":{"title":"Tuque Helly Hansen Classic - 79811BLK - Le Magasin Industriel","description":"Tuque Helly Hansen Classic - 79811BLK avec rebord et logo HH \u00e0 l'avant. Coupe classique confort et fabriqu\u00e9e de mati\u00e8re recycl\u00e9e.","robots":{"index":"index","follow":"follow","max-snippet":"max-snippet:-1","max-image-preview":"max-image-preview:large","max-video-preview":"max-video-preview:-1"},"canonical":"https:\/\/autravail.ca\/en\/product\/tuque-helly-hansen-classic-79811blk\/","og_locale":"en_US","og_type":"article","og_title":"Tuque Helly Hansen Classic - 79811BLK - Le Magasin Industriel","og_description":"Tuque Helly Hansen Classic - 79811BLK avec rebord et logo HH \u00e0 l'avant. Coupe classique confort et fabriqu\u00e9e de mati\u00e8re recycl\u00e9e.","og_url":"https:\/\/autravail.ca\/en\/product\/tuque-helly-hansen-classic-79811blk\/","og_site_name":"Le Magasin Industriel","article_publisher":"https:\/\/www.facebook.com\/lemagasinindustriel\/?locale=fr_FR","article_modified_time":"2026-02-23T21:38:20+00:00","og_image":[{"width":1000,"height":1000,"url":"https:\/\/autravail.ca\/wp-content\/uploads\/2026\/02\/79811BLK.jpg","type":"image\/jpeg"}],"twitter_card":"summary_large_image","twitter_misc":{"Est. reading time":"2 minutes"},"schema":{"@context":"https:\/\/schema.org","@graph":[{"@type":"WebPage","@id":"https:\/\/autravail.ca\/product\/tuque-helly-hansen-classic-79811blk\/","url":"https:\/\/autravail.ca\/product\/tuque-helly-hansen-classic-79811blk\/","name":"Tuque Helly Hansen Classic - 79811BLK - Le Magasin Industriel","isPartOf":{"@id":"https:\/\/autravail.ca\/#website"},"primaryImageOfPage":{"@id":"https:\/\/autravail.ca\/product\/tuque-helly-hansen-classic-79811blk\/#primaryimage"},"image":{"@id":"https:\/\/autravail.ca\/product\/tuque-helly-hansen-classic-79811blk\/#primaryimage"},"thumbnailUrl":"https:\/\/autravail.ca\/wp-content\/uploads\/2026\/02\/79811BLK.jpg","datePublished":"2026-02-10T18:33:20+00:00","dateModified":"2026-02-23T21:38:20+00:00","description":"Tuque Helly Hansen Classic - 79811BLK avec rebord et logo HH \u00e0 l'avant. Coupe classique confort et fabriqu\u00e9e de mati\u00e8re recycl\u00e9e.","breadcrumb":{"@id":"https:\/\/autravail.ca\/product\/tuque-helly-hansen-classic-79811blk\/#breadcrumb"},"inLanguage":"en-CA","potentialAction":[{"@type":"ReadAction","target":["https:\/\/autravail.ca\/product\/tuque-helly-hansen-classic-79811blk\/"]}]},{"@type":"ImageObject","inLanguage":"en-CA","@id":"https:\/\/autravail.ca\/product\/tuque-helly-hansen-classic-79811blk\/#primaryimage","url":"https:\/\/autravail.ca\/wp-content\/uploads\/2026\/02\/79811BLK.jpg","contentUrl":"https:\/\/autravail.ca\/wp-content\/uploads\/2026\/02\/79811BLK.jpg","width":1000,"height":1000,"caption":"Tuque Helly Hansen Classic - 79811BLK"},{"@type":"BreadcrumbList","@id":"https:\/\/autravail.ca\/product\/tuque-helly-hansen-classic-79811blk\/#breadcrumb","itemListElement":[{"@type":"ListItem","position":1,"name":"Accueil","item":"https:\/\/autravail.ca\/"},{"@type":"ListItem","position":2,"name":"Magasin","item":"https:\/\/autravail.ca\/en\/shop\/"},{"@type":"ListItem","position":3,"name":"Tuque Helly Hansen Classic &#8211; 79811BLK"}]},{"@type":"WebSite","@id":"https:\/\/autravail.ca\/#website","url":"https:\/\/autravail.ca\/","name":"Le Magasin Industriel","description":"50 ans de tradition de s\u00e9curit\u00e9 au travail","publisher":{"@id":"https:\/\/autravail.ca\/#organization"},"potentialAction":[{"@type":"SearchAction","target":{"@type":"EntryPoint","urlTemplate":"https:\/\/autravail.ca\/?s={search_term_string}"},"query-input":{"@type":"PropertyValueSpecification","valueRequired":true,"valueName":"search_term_string"}}],"inLanguage":"en-CA"},{"@type":"Organization","@id":"https:\/\/autravail.ca\/#organization","name":"Le Magasin Industriel","url":"https:\/\/autravail.ca\/","logo":{"@type":"ImageObject","inLanguage":"en-CA","@id":"https:\/\/autravail.ca\/#\/schema\/logo\/image\/","url":"https:\/\/autravail.ca\/wp-content\/uploads\/2025\/05\/cropped-magasin_industriel_120x.avif","contentUrl":"https:\/\/autravail.ca\/wp-content\/uploads\/2025\/05\/cropped-magasin_industriel_120x.avif","width":120,"height":24,"caption":"Le Magasin Industriel"},"image":{"@id":"https:\/\/autravail.ca\/#\/schema\/logo\/image\/"},"sameAs":["https:\/\/www.facebook.com\/lemagasinindustriel\/?locale=fr_FR"]}]}},"jetpack_sharing_enabled":true,"_links":{"self":[{"href":"https:\/\/autravail.ca\/en\/wp-json\/wp\/v2\/product\/43952","targetHints":{"allow":["GET"]}}],"collection":[{"href":"https:\/\/autravail.ca\/en\/wp-json\/wp\/v2\/product"}],"about":[{"href":"https:\/\/autravail.ca\/en\/wp-json\/wp\/v2\/types\/product"}],"replies":[{"embeddable":true,"href":"https:\/\/autravail.ca\/en\/wp-json\/wp\/v2\/comments?post=43952"}],"wp:featuredmedia":[{"embeddable":true,"href":"https:\/\/autravail.ca\/en\/wp-json\/wp\/v2\/media\/43956"}],"wp:attachment":[{"href":"https:\/\/autravail.ca\/en\/wp-json\/wp\/v2\/media?parent=43952"}],"wp:term":[{"taxonomy":"product_cat","embeddable":true,"href":"https:\/\/autravail.ca\/en\/wp-json\/wp\/v2\/product_cat?post=43952"},{"taxonomy":"product_tag","embeddable":true,"href":"https:\/\/autravail.ca\/en\/wp-json\/wp\/v2\/product_tag?post=43952"}],"curies":[{"name":"wp","href":"https:\/\/api.w.org\/{rel}","templated":true}]}}