{"id":43697,"date":"2026-01-21T14:53:31","date_gmt":"2026-01-21T18:53:31","guid":{"rendered":"https:\/\/autravail.ca\/?post_type=product&#038;p=43697"},"modified":"2026-02-02T16:28:15","modified_gmt":"2026-02-02T20:28:15","slug":"doublure-de-botte-baffin-apex-4000r124","status":"publish","type":"product","link":"https:\/\/autravail.ca\/en\/product\/doublure-de-botte-baffin-apex-4000r124\/","title":{"rendered":"Doublure de botte Baffin Apex &#8211; 4000R124"},"content":{"rendered":"<h3>Doublure de botte Baffin Apex &#8211; 4000R124<\/h3>\n<p>La Doublure de botte Baffin Apex &#8211; 4000R124 est sp\u00e9cialement con\u00e7ue pour le mod\u00e8le de Botte d&rsquo;hiver Baffin Apex &#8211; 40001305, mais peut \u00eatre utilis\u00e9 pour de nombreux autres mod\u00e8les de botte d&rsquo;hiver. L\u2019isolation avanc\u00e9e retient efficacement la chaleur m\u00eame lors des journ\u00e9es les plus glaciales. Ce chausson int\u00e9rieur respirant garde les pieds au sec durant les d\u00e9placements actifs. Avec cette doublure, la botte reste confortable malgr\u00e9 les longues heures pass\u00e9es dehors. Elle r\u00e9pond aux besoins des travailleurs, des aventuriers et des amateurs de plein air. Son design fonctionnel mise sur la durabilit\u00e9 et la stabilit\u00e9.<\/p>\n<p>Amateur de motoneige ski-doo ou d&rsquo;activit\u00e9s hivernales, redonnez vie \u00e0 vos bottes Baffin Apex en changeant la doublure int\u00e9rieure, mais en conservant la botte originale.<\/p>\n<h4>Characteristics:<\/h4>\n<ul>\n<li>Couche Thermaplush\u2122 douce, plac\u00e9e directement contre le pied, offrant chaleur et \u00e9vacuation de l\u2019humidit\u00e9<\/li>\n<li>Doublure en mousse B-Tek\u2122 ajust\u00e9e pour un confort accru<\/li>\n<li>Double isolation B-Tek\u2122 Heat, l\u00e9g\u00e8re, compos\u00e9e de fibres creuses \u00e0 quatre canaux pour une respirabilit\u00e9 volumineuse dans une large plage de temp\u00e9ratures<\/li>\n<li>Membrane en aluminium vaporis\u00e9 pour r\u00e9fl\u00e9chir l\u2019\u00e9nergie et r\u00e9guler la chaleur<\/li>\n<li>M\u00e9lange PolyWool\u2122 de polyester et laine pour une chaleur respirante<\/li>\n<li>Superposition Hydromax\u2122 pour une meilleure gestion de l\u2019humidit\u00e9<\/li>\n<li>Con\u00e7u sp\u00e9cifiquement pour la <a href=\"https:\/\/autravail.ca\/en\/product\/botte-dhiver-baffin-apex-40001305\/\">Botte d&rsquo;hiver Baffin Apex &#8211; 40001305<\/a><\/li>\n<\/ul>\n<h4>Autres informations:<\/h4>\n<ul>\n<li>Ce produit est exp\u00e9di\u00e9 dans un d\u00e9lai d\u2019environ huit jours ouvrables<\/li>\n<\/ul>\n<p>&nbsp;<\/p>\n<p><img decoding=\"async\" class=\"alignnone wp-image-40620\" src=\"https:\/\/autravail.ca\/wp-content\/uploads\/2025\/09\/Jachete-quebec-et-canada.jpg\" alt=\"Logo de l'achat local\" width=\"162\" height=\"139\" \/>Merci d&rsquo;encourager une entreprise 100% d&rsquo;ici!<br \/>\nTS2601S<\/p>","protected":false},"excerpt":{"rendered":"<p>Doublure de botte Baffin Apex &#8211; 4000R124 La Doublure de botte Baffin Apex &#8211; 4000R124 est sp\u00e9cialement con\u00e7ue pour le mod\u00e8le de Botte d&rsquo;hiver Baffin Apex &#8211; 40001305, mais peut \u00eatre utilis\u00e9 pour de nombreux autres mod\u00e8les de botte d&rsquo;hiver. L\u2019isolation avanc\u00e9e retient efficacement la chaleur m\u00eame lors des journ\u00e9es les plus glaciales. Ce chausson [&hellip;]<\/p>","protected":false},"featured_media":43709,"comment_status":"open","ping_status":"closed","template":"","meta":[],"product_cat":[670,749],"product_tag":[307,242],"class_list":{"0":"post-43697","1":"product","2":"type-product","3":"status-publish","4":"has-post-thumbnail","6":"product_brand-baffin-plein-air","7":"product_cat-bottes-dhiver","8":"product_cat-doublure-de-botte","9":"product_tag-bottes-dhiver","10":"product_tag-homme","12":"first","13":"instock","14":"taxable","15":"shipping-taxable","16":"purchasable","17":"product-type-variable"},"yoast_head":"<!-- This site is optimized with the Yoast SEO plugin v25.3.1 - https:\/\/yoast.com\/wordpress\/plugins\/seo\/ -->\n<title>Doublure de botte Baffin Apex - 4000R124 - Le Magasin Industriel<\/title>\n<meta name=\"description\" content=\"Doublure de botte Baffin Apex - 4000R124 pour homme avec isolation maximum, gestion de l&#039;humidit\u00e9 et respirabilit\u00e9. Id\u00e9al pour mod\u00e8le 40001305 de Baffin.\" \/>\n<meta name=\"robots\" content=\"index, follow, max-snippet:-1, max-image-preview:large, max-video-preview:-1\" \/>\n<link rel=\"canonical\" href=\"https:\/\/autravail.ca\/en\/product\/doublure-de-botte-baffin-apex-4000r124\/\" \/>\n<meta property=\"og:locale\" content=\"en_US\" \/>\n<meta property=\"og:type\" content=\"article\" \/>\n<meta property=\"og:title\" content=\"Doublure de botte Baffin Apex - 4000R124 - Le Magasin Industriel\" \/>\n<meta property=\"og:description\" content=\"Doublure de botte Baffin Apex - 4000R124 pour homme avec isolation maximum, gestion de l&#039;humidit\u00e9 et respirabilit\u00e9. Id\u00e9al pour mod\u00e8le 40001305 de Baffin.\" \/>\n<meta property=\"og:url\" content=\"https:\/\/autravail.ca\/en\/product\/doublure-de-botte-baffin-apex-4000r124\/\" \/>\n<meta property=\"og:site_name\" content=\"Le Magasin Industriel\" \/>\n<meta property=\"article:publisher\" content=\"https:\/\/www.facebook.com\/lemagasinindustriel\/?locale=fr_FR\" \/>\n<meta property=\"article:modified_time\" content=\"2026-02-02T20:28:15+00:00\" \/>\n<meta property=\"og:image\" content=\"https:\/\/autravail.ca\/wp-content\/uploads\/2026\/01\/Doublure-4000R124.png\" \/>\n\t<meta property=\"og:image:width\" content=\"2000\" \/>\n\t<meta property=\"og:image:height\" content=\"2000\" \/>\n\t<meta property=\"og:image:type\" content=\"image\/png\" \/>\n<meta name=\"twitter:card\" content=\"summary_large_image\" \/>\n<meta name=\"twitter:label1\" content=\"Est. reading time\" \/>\n\t<meta name=\"twitter:data1\" content=\"2 minutes\" \/>\n<script type=\"application\/ld+json\" class=\"yoast-schema-graph\">{\"@context\":\"https:\/\/schema.org\",\"@graph\":[{\"@type\":\"WebPage\",\"@id\":\"https:\/\/autravail.ca\/product\/doublure-de-botte-baffin-apex-4000r124\/\",\"url\":\"https:\/\/autravail.ca\/product\/doublure-de-botte-baffin-apex-4000r124\/\",\"name\":\"Doublure de botte Baffin Apex - 4000R124 - Le Magasin Industriel\",\"isPartOf\":{\"@id\":\"https:\/\/autravail.ca\/#website\"},\"primaryImageOfPage\":{\"@id\":\"https:\/\/autravail.ca\/product\/doublure-de-botte-baffin-apex-4000r124\/#primaryimage\"},\"image\":{\"@id\":\"https:\/\/autravail.ca\/product\/doublure-de-botte-baffin-apex-4000r124\/#primaryimage\"},\"thumbnailUrl\":\"https:\/\/autravail.ca\/wp-content\/uploads\/2026\/01\/Doublure-4000R124.png\",\"datePublished\":\"2026-01-21T18:53:31+00:00\",\"dateModified\":\"2026-02-02T20:28:15+00:00\",\"description\":\"Doublure de botte Baffin Apex - 4000R124 pour homme avec isolation maximum, gestion de l'humidit\u00e9 et respirabilit\u00e9. Id\u00e9al pour mod\u00e8le 40001305 de Baffin.\",\"breadcrumb\":{\"@id\":\"https:\/\/autravail.ca\/product\/doublure-de-botte-baffin-apex-4000r124\/#breadcrumb\"},\"inLanguage\":\"en-CA\",\"potentialAction\":[{\"@type\":\"ReadAction\",\"target\":[\"https:\/\/autravail.ca\/product\/doublure-de-botte-baffin-apex-4000r124\/\"]}]},{\"@type\":\"ImageObject\",\"inLanguage\":\"en-CA\",\"@id\":\"https:\/\/autravail.ca\/product\/doublure-de-botte-baffin-apex-4000r124\/#primaryimage\",\"url\":\"https:\/\/autravail.ca\/wp-content\/uploads\/2026\/01\/Doublure-4000R124.png\",\"contentUrl\":\"https:\/\/autravail.ca\/wp-content\/uploads\/2026\/01\/Doublure-4000R124.png\",\"width\":2000,\"height\":2000,\"caption\":\"Doublure de botte Baffin Apex - 4000R124\"},{\"@type\":\"BreadcrumbList\",\"@id\":\"https:\/\/autravail.ca\/product\/doublure-de-botte-baffin-apex-4000r124\/#breadcrumb\",\"itemListElement\":[{\"@type\":\"ListItem\",\"position\":1,\"name\":\"Accueil\",\"item\":\"https:\/\/autravail.ca\/\"},{\"@type\":\"ListItem\",\"position\":2,\"name\":\"Magasin\",\"item\":\"https:\/\/autravail.ca\/en\/shop\/\"},{\"@type\":\"ListItem\",\"position\":3,\"name\":\"Doublure de botte Baffin Apex &#8211; 4000R124\"}]},{\"@type\":\"WebSite\",\"@id\":\"https:\/\/autravail.ca\/#website\",\"url\":\"https:\/\/autravail.ca\/\",\"name\":\"Le Magasin Industriel\",\"description\":\"50 ans de tradition de s\u00e9curit\u00e9 au travail\",\"publisher\":{\"@id\":\"https:\/\/autravail.ca\/#organization\"},\"potentialAction\":[{\"@type\":\"SearchAction\",\"target\":{\"@type\":\"EntryPoint\",\"urlTemplate\":\"https:\/\/autravail.ca\/?s={search_term_string}\"},\"query-input\":{\"@type\":\"PropertyValueSpecification\",\"valueRequired\":true,\"valueName\":\"search_term_string\"}}],\"inLanguage\":\"en-CA\"},{\"@type\":\"Organization\",\"@id\":\"https:\/\/autravail.ca\/#organization\",\"name\":\"Le Magasin Industriel\",\"url\":\"https:\/\/autravail.ca\/\",\"logo\":{\"@type\":\"ImageObject\",\"inLanguage\":\"en-CA\",\"@id\":\"https:\/\/autravail.ca\/#\/schema\/logo\/image\/\",\"url\":\"https:\/\/autravail.ca\/wp-content\/uploads\/2025\/05\/cropped-magasin_industriel_120x.avif\",\"contentUrl\":\"https:\/\/autravail.ca\/wp-content\/uploads\/2025\/05\/cropped-magasin_industriel_120x.avif\",\"width\":120,\"height\":24,\"caption\":\"Le Magasin Industriel\"},\"image\":{\"@id\":\"https:\/\/autravail.ca\/#\/schema\/logo\/image\/\"},\"sameAs\":[\"https:\/\/www.facebook.com\/lemagasinindustriel\/?locale=fr_FR\"]}]}<\/script>\n<!-- \/ Yoast SEO plugin. -->","yoast_head_json":{"title":"Doublure de botte Baffin Apex - 4000R124 - Le Magasin Industriel","description":"Doublure de botte Baffin Apex - 4000R124 pour homme avec isolation maximum, gestion de l'humidit\u00e9 et respirabilit\u00e9. Id\u00e9al pour mod\u00e8le 40001305 de Baffin.","robots":{"index":"index","follow":"follow","max-snippet":"max-snippet:-1","max-image-preview":"max-image-preview:large","max-video-preview":"max-video-preview:-1"},"canonical":"https:\/\/autravail.ca\/en\/product\/doublure-de-botte-baffin-apex-4000r124\/","og_locale":"en_US","og_type":"article","og_title":"Doublure de botte Baffin Apex - 4000R124 - Le Magasin Industriel","og_description":"Doublure de botte Baffin Apex - 4000R124 pour homme avec isolation maximum, gestion de l'humidit\u00e9 et respirabilit\u00e9. Id\u00e9al pour mod\u00e8le 40001305 de Baffin.","og_url":"https:\/\/autravail.ca\/en\/product\/doublure-de-botte-baffin-apex-4000r124\/","og_site_name":"Le Magasin Industriel","article_publisher":"https:\/\/www.facebook.com\/lemagasinindustriel\/?locale=fr_FR","article_modified_time":"2026-02-02T20:28:15+00:00","og_image":[{"width":2000,"height":2000,"url":"https:\/\/autravail.ca\/wp-content\/uploads\/2026\/01\/Doublure-4000R124.png","type":"image\/png"}],"twitter_card":"summary_large_image","twitter_misc":{"Est. reading time":"2 minutes"},"schema":{"@context":"https:\/\/schema.org","@graph":[{"@type":"WebPage","@id":"https:\/\/autravail.ca\/product\/doublure-de-botte-baffin-apex-4000r124\/","url":"https:\/\/autravail.ca\/product\/doublure-de-botte-baffin-apex-4000r124\/","name":"Doublure de botte Baffin Apex - 4000R124 - Le Magasin Industriel","isPartOf":{"@id":"https:\/\/autravail.ca\/#website"},"primaryImageOfPage":{"@id":"https:\/\/autravail.ca\/product\/doublure-de-botte-baffin-apex-4000r124\/#primaryimage"},"image":{"@id":"https:\/\/autravail.ca\/product\/doublure-de-botte-baffin-apex-4000r124\/#primaryimage"},"thumbnailUrl":"https:\/\/autravail.ca\/wp-content\/uploads\/2026\/01\/Doublure-4000R124.png","datePublished":"2026-01-21T18:53:31+00:00","dateModified":"2026-02-02T20:28:15+00:00","description":"Doublure de botte Baffin Apex - 4000R124 pour homme avec isolation maximum, gestion de l'humidit\u00e9 et respirabilit\u00e9. Id\u00e9al pour mod\u00e8le 40001305 de Baffin.","breadcrumb":{"@id":"https:\/\/autravail.ca\/product\/doublure-de-botte-baffin-apex-4000r124\/#breadcrumb"},"inLanguage":"en-CA","potentialAction":[{"@type":"ReadAction","target":["https:\/\/autravail.ca\/product\/doublure-de-botte-baffin-apex-4000r124\/"]}]},{"@type":"ImageObject","inLanguage":"en-CA","@id":"https:\/\/autravail.ca\/product\/doublure-de-botte-baffin-apex-4000r124\/#primaryimage","url":"https:\/\/autravail.ca\/wp-content\/uploads\/2026\/01\/Doublure-4000R124.png","contentUrl":"https:\/\/autravail.ca\/wp-content\/uploads\/2026\/01\/Doublure-4000R124.png","width":2000,"height":2000,"caption":"Doublure de botte Baffin Apex - 4000R124"},{"@type":"BreadcrumbList","@id":"https:\/\/autravail.ca\/product\/doublure-de-botte-baffin-apex-4000r124\/#breadcrumb","itemListElement":[{"@type":"ListItem","position":1,"name":"Accueil","item":"https:\/\/autravail.ca\/"},{"@type":"ListItem","position":2,"name":"Magasin","item":"https:\/\/autravail.ca\/en\/shop\/"},{"@type":"ListItem","position":3,"name":"Doublure de botte Baffin Apex &#8211; 4000R124"}]},{"@type":"WebSite","@id":"https:\/\/autravail.ca\/#website","url":"https:\/\/autravail.ca\/","name":"Le Magasin Industriel","description":"50 ans de tradition de s\u00e9curit\u00e9 au travail","publisher":{"@id":"https:\/\/autravail.ca\/#organization"},"potentialAction":[{"@type":"SearchAction","target":{"@type":"EntryPoint","urlTemplate":"https:\/\/autravail.ca\/?s={search_term_string}"},"query-input":{"@type":"PropertyValueSpecification","valueRequired":true,"valueName":"search_term_string"}}],"inLanguage":"en-CA"},{"@type":"Organization","@id":"https:\/\/autravail.ca\/#organization","name":"Le Magasin Industriel","url":"https:\/\/autravail.ca\/","logo":{"@type":"ImageObject","inLanguage":"en-CA","@id":"https:\/\/autravail.ca\/#\/schema\/logo\/image\/","url":"https:\/\/autravail.ca\/wp-content\/uploads\/2025\/05\/cropped-magasin_industriel_120x.avif","contentUrl":"https:\/\/autravail.ca\/wp-content\/uploads\/2025\/05\/cropped-magasin_industriel_120x.avif","width":120,"height":24,"caption":"Le Magasin Industriel"},"image":{"@id":"https:\/\/autravail.ca\/#\/schema\/logo\/image\/"},"sameAs":["https:\/\/www.facebook.com\/lemagasinindustriel\/?locale=fr_FR"]}]}},"jetpack_sharing_enabled":true,"_links":{"self":[{"href":"https:\/\/autravail.ca\/en\/wp-json\/wp\/v2\/product\/43697","targetHints":{"allow":["GET"]}}],"collection":[{"href":"https:\/\/autravail.ca\/en\/wp-json\/wp\/v2\/product"}],"about":[{"href":"https:\/\/autravail.ca\/en\/wp-json\/wp\/v2\/types\/product"}],"replies":[{"embeddable":true,"href":"https:\/\/autravail.ca\/en\/wp-json\/wp\/v2\/comments?post=43697"}],"wp:featuredmedia":[{"embeddable":true,"href":"https:\/\/autravail.ca\/en\/wp-json\/wp\/v2\/media\/43709"}],"wp:attachment":[{"href":"https:\/\/autravail.ca\/en\/wp-json\/wp\/v2\/media?parent=43697"}],"wp:term":[{"taxonomy":"product_cat","embeddable":true,"href":"https:\/\/autravail.ca\/en\/wp-json\/wp\/v2\/product_cat?post=43697"},{"taxonomy":"product_tag","embeddable":true,"href":"https:\/\/autravail.ca\/en\/wp-json\/wp\/v2\/product_tag?post=43697"}],"curies":[{"name":"wp","href":"https:\/\/api.w.org\/{rel}","templated":true}]}}