{"id":43491,"date":"2026-01-07T11:01:20","date_gmt":"2026-01-07T15:01:20","guid":{"rendered":"https:\/\/autravail.ca\/?post_type=product&#038;p=43491"},"modified":"2026-01-07T11:59:25","modified_gmt":"2026-01-07T15:59:25","slug":"gant-pour-soudure-caiman-gp1810","status":"publish","type":"product","link":"https:\/\/autravail.ca\/en\/product\/gant-pour-soudure-caiman-gp1810\/","title":{"rendered":"Gant pour soudure Caiman &#8211; GP1810"},"content":{"rendered":"<h3>Gant pour soudure Caiman &#8211; GP1810<\/h3>\n<p>Gant pour soudure Caiman &#8211; GP1810. Gants de soudage MIG\/\u00e9lectrode en grain de vache, paume non doubl\u00e9e, dos isol\u00e9 \u00e0 2 couches. Ils sont souvent commercialis\u00e9s sous la marque <b data-path-to-node=\"0\" data-index-in-node=\"56\">Honeywell<\/b> ou <b data-path-to-node=\"0\" data-index-in-node=\"69\">North,<\/b>\u00a0sont des \u00e9quipements de protection individuelle (EPI) tr\u00e8s r\u00e9pandus dans le milieu industriel. Ils font partie de la gamme des gants <b data-path-to-node=\"0\" data-index-in-node=\"209\">tricot\u00e9s enduits<\/b>, con\u00e7us pour offrir un \u00e9quilibre entre protection, dext\u00e9rit\u00e9 et confort.<\/p>\n<h6 id=\"prodDescHeader\" class=\"collapsible-header expanded active\">Description<\/h6>\n<div><\/div>\n<div id=\"product-description\" class=\"content expanded active\">\n<div id=\"tabs-description\">\n<ul id=\"desc-features\">\n<li>Rembourrage de paume \u00e0 double couture et patch d&rsquo;usure brevet\u00e9s<\/li>\n<li>Paume non doubl\u00e9e, rembourr\u00e9e et renforc\u00e9e pour plus de protection et de confort<\/li>\n<li>Fourchettes et bouts des doigts en cuir pleine fleur<\/li>\n<li>Dos isol\u00e9 \u00e0 deux couches pour une protection contre la chaleur rayonnante<\/li>\n<li>Grand protecteur d&rsquo;impulsion<\/li>\n<li>Cousu avec du fil Kevlar\u00ae<\/li>\n<li>Mousqueton gratuit de 3 pouces pour garder les gants ensemble avec des boucles exclusives Caiman\u00ae sur chaque paire<\/li>\n<li>Kontour\u2122 &#8211; Doigts tridimensionnels pr\u00e9-courb\u00e9s exclusifs et conception ajust\u00e9e pour un ajustement, un confort et une dext\u00e9rit\u00e9 ultimes<\/li>\n<li>Patch logo Caiman\u00ae symbolisant la qualit\u00e9 haut de gamme et le design le plus avanc\u00e9 et le plus \u00e9l\u00e9gant<\/li>\n<li>Patchs, rembourrage et renforts pour plus de confort et de protection<\/li>\n<\/ul>\n<h6 id=\"prodStandardsHeader\" class=\"collapsible-header expanded active\">Donn\u00e9es de performances<\/h6>\n<div id=\"product-standards\" class=\"content expanded active\">\n<div id=\"prod-standards\">\n<div id=\"ansi-9-description\" class=\"standard-description\">\n<section id=\"ansi-9\" class=\"icon-square prod-single\">\n<div class=\"tooltip-item icon-square prod-single standards-icon\"><\/div>\n<\/section>\n<section class=\"additional-descriptions\">\n<ul>\n<li>Niveau de chaleur de contact ANSI:\u00a0<strong>2<\/strong><\/li>\n<li>M\u00e9thode d&rsquo;essai: ASTM F1060-18\u00a0Temp\u00e9ratures:\u00a0<strong>284<sup>\u00b0<\/sup>F<\/strong><\/li>\n<\/ul>\n<p class=\"full-desc\">La norme ANSI\/ISEA 105-2016 d\u00e9crit les m\u00e9thodes de test pour la chaleur de contact et not\u00e9e de 0 \u00e0 5. Le test ASTM F1060-18 est utilis\u00e9 pour tester la r\u00e9sistance \u00e0 la chaleur conductrice contre les gants et les EPI. Mesurer la temp\u00e9rature de contact la plus \u00e9lev\u00e9e pour laquelle le temps de br\u00fblure au deuxi\u00e8me degr\u00e9 est d&rsquo;au moins 15 secondes et le temps d&rsquo;alarme est d&rsquo;au moins quatre secondes.<\/p>\n<p><img decoding=\"async\" class=\"alignnone wp-image-40620\" src=\"https:\/\/autravail.ca\/wp-content\/uploads\/2025\/09\/Jachete-quebec-et-canada.jpg\" alt=\"Logo de l'achat local\" width=\"162\" height=\"139\" \/>Merci d&rsquo;encourager une entreprise 100% d&rsquo;ici!<\/p>\n<p>TS2601H<\/p>\n<\/section>\n<\/div>\n<\/div>\n<\/div>\n<\/div>\n<\/div>","protected":false},"excerpt":{"rendered":"<p>Gant pour soudure Caiman &#8211; GP1810 Gant pour soudure Caiman &#8211; GP1810. Gants de soudage MIG\/\u00e9lectrode en grain de vache, paume non doubl\u00e9e, dos isol\u00e9 \u00e0 2 couches. Ils sont souvent commercialis\u00e9s sous la marque Honeywell ou North,\u00a0sont des \u00e9quipements de protection individuelle (EPI) tr\u00e8s r\u00e9pandus dans le milieu industriel. Ils font partie de la [&hellip;]<\/p>","protected":false},"featured_media":43496,"comment_status":"open","ping_status":"closed","template":"","meta":[],"product_cat":[702,633,602,660],"product_tag":[829,242],"class_list":{"0":"post-43491","1":"product","2":"type-product","3":"status-publish","4":"has-post-thumbnail","6":"product_brand-magasin-industriel","7":"product_cat-accessoires-de-securite","8":"product_cat-femmes","9":"product_cat-hommes","10":"product_cat-protection-des-mains","11":"product_tag-gants","12":"product_tag-homme","14":"first","15":"instock","16":"taxable","17":"shipping-taxable","18":"purchasable","19":"product-type-variable"},"yoast_head":"<!-- This site is optimized with the Yoast SEO plugin v25.3.1 - https:\/\/yoast.com\/wordpress\/plugins\/seo\/ -->\n<title>Gant pour soudure Caiman - GP1810 - Le Magasin Industriel<\/title>\n<meta name=\"description\" content=\"Gant pour soudure Caiman - GP1810, pour soudage MIG\/\u00e9lectrode en grain de vache, paume non doubl\u00e9e, dos isol\u00e9 \u00e0 2 couches\" \/>\n<meta name=\"robots\" content=\"index, follow, max-snippet:-1, max-image-preview:large, max-video-preview:-1\" \/>\n<link rel=\"canonical\" href=\"https:\/\/autravail.ca\/en\/product\/gant-pour-soudure-caiman-gp1810\/\" \/>\n<meta property=\"og:locale\" content=\"en_US\" \/>\n<meta property=\"og:type\" content=\"article\" \/>\n<meta property=\"og:title\" content=\"Gant pour soudure Caiman - GP1810 - Le Magasin Industriel\" \/>\n<meta property=\"og:description\" content=\"Gant pour soudure Caiman - GP1810, pour soudage MIG\/\u00e9lectrode en grain de vache, paume non doubl\u00e9e, dos isol\u00e9 \u00e0 2 couches\" \/>\n<meta property=\"og:url\" content=\"https:\/\/autravail.ca\/en\/product\/gant-pour-soudure-caiman-gp1810\/\" \/>\n<meta property=\"og:site_name\" content=\"Le Magasin Industriel\" \/>\n<meta property=\"article:publisher\" content=\"https:\/\/www.facebook.com\/lemagasinindustriel\/?locale=fr_FR\" \/>\n<meta property=\"article:modified_time\" content=\"2026-01-07T15:59:25+00:00\" \/>\n<meta property=\"og:image\" content=\"https:\/\/autravail.ca\/wp-content\/uploads\/2026\/01\/GP1810_A01.jpg\" \/>\n\t<meta property=\"og:image:width\" content=\"1000\" \/>\n\t<meta property=\"og:image:height\" content=\"1000\" \/>\n\t<meta property=\"og:image:type\" content=\"image\/jpeg\" \/>\n<meta name=\"twitter:card\" content=\"summary_large_image\" \/>\n<meta name=\"twitter:label1\" content=\"Est. reading time\" \/>\n\t<meta name=\"twitter:data1\" content=\"2 minutes\" \/>\n<script type=\"application\/ld+json\" class=\"yoast-schema-graph\">{\"@context\":\"https:\/\/schema.org\",\"@graph\":[{\"@type\":\"WebPage\",\"@id\":\"https:\/\/autravail.ca\/product\/gant-pour-soudure-caiman-gp1810\/\",\"url\":\"https:\/\/autravail.ca\/product\/gant-pour-soudure-caiman-gp1810\/\",\"name\":\"Gant pour soudure Caiman - GP1810 - Le Magasin Industriel\",\"isPartOf\":{\"@id\":\"https:\/\/autravail.ca\/#website\"},\"primaryImageOfPage\":{\"@id\":\"https:\/\/autravail.ca\/product\/gant-pour-soudure-caiman-gp1810\/#primaryimage\"},\"image\":{\"@id\":\"https:\/\/autravail.ca\/product\/gant-pour-soudure-caiman-gp1810\/#primaryimage\"},\"thumbnailUrl\":\"https:\/\/autravail.ca\/wp-content\/uploads\/2026\/01\/GP1810_A01.jpg\",\"datePublished\":\"2026-01-07T15:01:20+00:00\",\"dateModified\":\"2026-01-07T15:59:25+00:00\",\"description\":\"Gant pour soudure Caiman - GP1810, pour soudage MIG\/\u00e9lectrode en grain de vache, paume non doubl\u00e9e, dos isol\u00e9 \u00e0 2 couches\",\"breadcrumb\":{\"@id\":\"https:\/\/autravail.ca\/product\/gant-pour-soudure-caiman-gp1810\/#breadcrumb\"},\"inLanguage\":\"en-CA\",\"potentialAction\":[{\"@type\":\"ReadAction\",\"target\":[\"https:\/\/autravail.ca\/product\/gant-pour-soudure-caiman-gp1810\/\"]}]},{\"@type\":\"ImageObject\",\"inLanguage\":\"en-CA\",\"@id\":\"https:\/\/autravail.ca\/product\/gant-pour-soudure-caiman-gp1810\/#primaryimage\",\"url\":\"https:\/\/autravail.ca\/wp-content\/uploads\/2026\/01\/GP1810_A01.jpg\",\"contentUrl\":\"https:\/\/autravail.ca\/wp-content\/uploads\/2026\/01\/GP1810_A01.jpg\",\"width\":1000,\"height\":1000},{\"@type\":\"BreadcrumbList\",\"@id\":\"https:\/\/autravail.ca\/product\/gant-pour-soudure-caiman-gp1810\/#breadcrumb\",\"itemListElement\":[{\"@type\":\"ListItem\",\"position\":1,\"name\":\"Accueil\",\"item\":\"https:\/\/autravail.ca\/\"},{\"@type\":\"ListItem\",\"position\":2,\"name\":\"Magasin\",\"item\":\"https:\/\/autravail.ca\/en\/shop\/\"},{\"@type\":\"ListItem\",\"position\":3,\"name\":\"Gant pour soudure Caiman &#8211; GP1810\"}]},{\"@type\":\"WebSite\",\"@id\":\"https:\/\/autravail.ca\/#website\",\"url\":\"https:\/\/autravail.ca\/\",\"name\":\"Le Magasin Industriel\",\"description\":\"50 ans de tradition de s\u00e9curit\u00e9 au travail\",\"publisher\":{\"@id\":\"https:\/\/autravail.ca\/#organization\"},\"potentialAction\":[{\"@type\":\"SearchAction\",\"target\":{\"@type\":\"EntryPoint\",\"urlTemplate\":\"https:\/\/autravail.ca\/?s={search_term_string}\"},\"query-input\":{\"@type\":\"PropertyValueSpecification\",\"valueRequired\":true,\"valueName\":\"search_term_string\"}}],\"inLanguage\":\"en-CA\"},{\"@type\":\"Organization\",\"@id\":\"https:\/\/autravail.ca\/#organization\",\"name\":\"Le Magasin Industriel\",\"url\":\"https:\/\/autravail.ca\/\",\"logo\":{\"@type\":\"ImageObject\",\"inLanguage\":\"en-CA\",\"@id\":\"https:\/\/autravail.ca\/#\/schema\/logo\/image\/\",\"url\":\"https:\/\/autravail.ca\/wp-content\/uploads\/2025\/05\/cropped-magasin_industriel_120x.avif\",\"contentUrl\":\"https:\/\/autravail.ca\/wp-content\/uploads\/2025\/05\/cropped-magasin_industriel_120x.avif\",\"width\":120,\"height\":24,\"caption\":\"Le Magasin Industriel\"},\"image\":{\"@id\":\"https:\/\/autravail.ca\/#\/schema\/logo\/image\/\"},\"sameAs\":[\"https:\/\/www.facebook.com\/lemagasinindustriel\/?locale=fr_FR\"]}]}<\/script>\n<!-- \/ Yoast SEO plugin. -->","yoast_head_json":{"title":"Gant pour soudure Caiman - GP1810 - Le Magasin Industriel","description":"Gant pour soudure Caiman - GP1810, pour soudage MIG\/\u00e9lectrode en grain de vache, paume non doubl\u00e9e, dos isol\u00e9 \u00e0 2 couches","robots":{"index":"index","follow":"follow","max-snippet":"max-snippet:-1","max-image-preview":"max-image-preview:large","max-video-preview":"max-video-preview:-1"},"canonical":"https:\/\/autravail.ca\/en\/product\/gant-pour-soudure-caiman-gp1810\/","og_locale":"en_US","og_type":"article","og_title":"Gant pour soudure Caiman - GP1810 - Le Magasin Industriel","og_description":"Gant pour soudure Caiman - GP1810, pour soudage MIG\/\u00e9lectrode en grain de vache, paume non doubl\u00e9e, dos isol\u00e9 \u00e0 2 couches","og_url":"https:\/\/autravail.ca\/en\/product\/gant-pour-soudure-caiman-gp1810\/","og_site_name":"Le Magasin Industriel","article_publisher":"https:\/\/www.facebook.com\/lemagasinindustriel\/?locale=fr_FR","article_modified_time":"2026-01-07T15:59:25+00:00","og_image":[{"width":1000,"height":1000,"url":"https:\/\/autravail.ca\/wp-content\/uploads\/2026\/01\/GP1810_A01.jpg","type":"image\/jpeg"}],"twitter_card":"summary_large_image","twitter_misc":{"Est. reading time":"2 minutes"},"schema":{"@context":"https:\/\/schema.org","@graph":[{"@type":"WebPage","@id":"https:\/\/autravail.ca\/product\/gant-pour-soudure-caiman-gp1810\/","url":"https:\/\/autravail.ca\/product\/gant-pour-soudure-caiman-gp1810\/","name":"Gant pour soudure Caiman - GP1810 - Le Magasin Industriel","isPartOf":{"@id":"https:\/\/autravail.ca\/#website"},"primaryImageOfPage":{"@id":"https:\/\/autravail.ca\/product\/gant-pour-soudure-caiman-gp1810\/#primaryimage"},"image":{"@id":"https:\/\/autravail.ca\/product\/gant-pour-soudure-caiman-gp1810\/#primaryimage"},"thumbnailUrl":"https:\/\/autravail.ca\/wp-content\/uploads\/2026\/01\/GP1810_A01.jpg","datePublished":"2026-01-07T15:01:20+00:00","dateModified":"2026-01-07T15:59:25+00:00","description":"Gant pour soudure Caiman - GP1810, pour soudage MIG\/\u00e9lectrode en grain de vache, paume non doubl\u00e9e, dos isol\u00e9 \u00e0 2 couches","breadcrumb":{"@id":"https:\/\/autravail.ca\/product\/gant-pour-soudure-caiman-gp1810\/#breadcrumb"},"inLanguage":"en-CA","potentialAction":[{"@type":"ReadAction","target":["https:\/\/autravail.ca\/product\/gant-pour-soudure-caiman-gp1810\/"]}]},{"@type":"ImageObject","inLanguage":"en-CA","@id":"https:\/\/autravail.ca\/product\/gant-pour-soudure-caiman-gp1810\/#primaryimage","url":"https:\/\/autravail.ca\/wp-content\/uploads\/2026\/01\/GP1810_A01.jpg","contentUrl":"https:\/\/autravail.ca\/wp-content\/uploads\/2026\/01\/GP1810_A01.jpg","width":1000,"height":1000},{"@type":"BreadcrumbList","@id":"https:\/\/autravail.ca\/product\/gant-pour-soudure-caiman-gp1810\/#breadcrumb","itemListElement":[{"@type":"ListItem","position":1,"name":"Accueil","item":"https:\/\/autravail.ca\/"},{"@type":"ListItem","position":2,"name":"Magasin","item":"https:\/\/autravail.ca\/en\/shop\/"},{"@type":"ListItem","position":3,"name":"Gant pour soudure Caiman &#8211; GP1810"}]},{"@type":"WebSite","@id":"https:\/\/autravail.ca\/#website","url":"https:\/\/autravail.ca\/","name":"Le Magasin Industriel","description":"50 ans de tradition de s\u00e9curit\u00e9 au travail","publisher":{"@id":"https:\/\/autravail.ca\/#organization"},"potentialAction":[{"@type":"SearchAction","target":{"@type":"EntryPoint","urlTemplate":"https:\/\/autravail.ca\/?s={search_term_string}"},"query-input":{"@type":"PropertyValueSpecification","valueRequired":true,"valueName":"search_term_string"}}],"inLanguage":"en-CA"},{"@type":"Organization","@id":"https:\/\/autravail.ca\/#organization","name":"Le Magasin Industriel","url":"https:\/\/autravail.ca\/","logo":{"@type":"ImageObject","inLanguage":"en-CA","@id":"https:\/\/autravail.ca\/#\/schema\/logo\/image\/","url":"https:\/\/autravail.ca\/wp-content\/uploads\/2025\/05\/cropped-magasin_industriel_120x.avif","contentUrl":"https:\/\/autravail.ca\/wp-content\/uploads\/2025\/05\/cropped-magasin_industriel_120x.avif","width":120,"height":24,"caption":"Le Magasin Industriel"},"image":{"@id":"https:\/\/autravail.ca\/#\/schema\/logo\/image\/"},"sameAs":["https:\/\/www.facebook.com\/lemagasinindustriel\/?locale=fr_FR"]}]}},"jetpack_sharing_enabled":true,"_links":{"self":[{"href":"https:\/\/autravail.ca\/en\/wp-json\/wp\/v2\/product\/43491","targetHints":{"allow":["GET"]}}],"collection":[{"href":"https:\/\/autravail.ca\/en\/wp-json\/wp\/v2\/product"}],"about":[{"href":"https:\/\/autravail.ca\/en\/wp-json\/wp\/v2\/types\/product"}],"replies":[{"embeddable":true,"href":"https:\/\/autravail.ca\/en\/wp-json\/wp\/v2\/comments?post=43491"}],"wp:featuredmedia":[{"embeddable":true,"href":"https:\/\/autravail.ca\/en\/wp-json\/wp\/v2\/media\/43496"}],"wp:attachment":[{"href":"https:\/\/autravail.ca\/en\/wp-json\/wp\/v2\/media?parent=43491"}],"wp:term":[{"taxonomy":"product_cat","embeddable":true,"href":"https:\/\/autravail.ca\/en\/wp-json\/wp\/v2\/product_cat?post=43491"},{"taxonomy":"product_tag","embeddable":true,"href":"https:\/\/autravail.ca\/en\/wp-json\/wp\/v2\/product_tag?post=43491"}],"curies":[{"name":"wp","href":"https:\/\/api.w.org\/{rel}","templated":true}]}}