{"id":43393,"date":"2025-12-30T12:06:25","date_gmt":"2025-12-30T16:06:25","guid":{"rendered":"https:\/\/autravail.ca\/?post_type=product&#038;p=43393"},"modified":"2026-02-11T14:26:10","modified_gmt":"2026-02-11T18:26:10","slug":"botte-de-travail-royer-2063xp","status":"publish","type":"product","link":"https:\/\/autravail.ca\/en\/product\/botte-de-travail-royer-2063xp\/","title":{"rendered":"Botte de travail Royer &#8211; 2063XP"},"content":{"rendered":"<h3>Botte de travail Royer &#8211; 2063XP<\/h3>\n<div class=\"Y3BBE\" data-sfc-cp=\"\" data-hveid=\"CAEIAhAA\" data-processed=\"true\" data-complete=\"true\">La botte de travail <strong class=\"Yjhzub\" data-complete=\"true\" data-processed=\"true\"><a href=\"https:\/\/autravail.ca\/en\/product-brand\/royer\/\">Royer<\/a> &#8211; 2063XP<\/strong>\u00a0est un mod\u00e8le sp\u00e9cialis\u00e9 de type \u00ab slip-on \u00bb (sans lacets), sp\u00e9cifiquement con\u00e7u pour les professionnels des secteurs de la soudure et de la fonderie. Fabriqu\u00e9e au Canada, elle allie une protection thermique de haut niveau \u00e0 la rapidit\u00e9 d\u2019utilisation n\u00e9cessaire dans les environnements de travail \u00e0 risques \u00e9lev\u00e9s.<\/div>\n<div data-sfc-cp=\"\" data-hveid=\"CAEIAhAA\" data-processed=\"true\" data-complete=\"true\"><\/div>\n<h6 data-hveid=\"CAEIAhAA\" data-processed=\"true\" data-complete=\"true\">Certification:<\/h6>\n<div data-sfc-cp=\"\" data-hveid=\"CAEIAhAA\" data-processed=\"true\" data-complete=\"true\"><img decoding=\"async\" class=\"alignnone size-full wp-image-41799\" src=\"https:\/\/autravail.ca\/wp-content\/uploads\/2025\/05\/Protection-de-lembout-omeg-metatarse.jpg\" alt=\"\" width=\"61\" height=\"118\" srcset=\"https:\/\/autravail.ca\/wp-content\/uploads\/2025\/05\/Protection-de-lembout-omeg-metatarse.jpg 61w, https:\/\/autravail.ca\/wp-content\/uploads\/2025\/05\/Protection-de-lembout-omeg-metatarse-6x12.jpg 6w\" sizes=\"(max-width: 61px) 100vw, 61px\" \/><\/div>\n<div class=\"Fsg96\" data-sfc-cp=\"\" data-processed=\"true\" data-complete=\"true\"><\/div>\n<h6 class=\"otQkpb\" role=\"heading\" aria-level=\"3\" data-processed=\"true\" data-complete=\"true\">Conception et S\u00e9curit\u00e9<\/h6>\n<ul>\n<li>Double density Arrow XPAN rubber sole, oil resistant<\/li>\n<li>offering superior adherence and energy absorption<\/li>\n<li>Steel tip<\/li>\n<li>dielectric sole<\/li>\n<li>Lateral elastics for easier foot insertion.<\/li>\n<li>Full flower of 2.0 mm<\/li>\n<li>Polysher Tundra footrest for increased comfort<\/li>\n<li>Non-duplicated model<\/li>\n<\/ul>\n<div class=\"Y3BBE\" data-sfc-cp=\"\" data-hveid=\"CAEIBBAA\" data-complete=\"true\" data-processed=\"true\">Le design de la 2063XP repose sur l\u2019absence totale de lacets, ce qui \u00e9limine le risque d\u2019accumulation de particules de m\u00e9tal en fusion ou d\u2019\u00e9tincelles dans les replis de la botte. Elle est \u00e9quip\u00e9e d&rsquo;\u00e9lastiques lat\u00e9raux robustes qui assurent un ajustement pr\u00e9cis \u00e0 la cheville tout en permettant de retirer la botte instantan\u00e9ment en cas d&rsquo;urgence.<span class=\"uJ19be notranslate\" data-wiz-uids=\"VP9I3d_p,VP9I3d_q,VP9I3d_r\" data-complete=\"true\" data-processed=\"true\"><span class=\"vKEkVd\" data-animation-atomic=\"\" data-wiz-attrbind=\"class=VP9I3d_p\/TKHnVd;\" data-sae=\"\">\u00a0<\/span><\/span><button class=\"rBl3me\" tabindex=\"0\" data-amic=\"true\" data-icl-uuid=\"fe9030dd-1474-4a10-bc8f-25b69fa8770b\" aria-label=\"Afficher les liens associ\u00e9s\" data-wiz-attrbind=\"disabled=VP9I3d_p\/C5gNJc;class=VP9I3d_p\/UpSNec;\" data-ved=\"2ahUKEwjhr7T91uWRAxXiE1kFHS3LNIoQye0OegYIAQgEEAE\"><\/button><\/div>\n<div class=\"Y3BBE\" data-sfc-cp=\"\" data-hveid=\"CAEIBRAA\" data-processed=\"true\" data-complete=\"true\">C\u00f4t\u00e9 protection, elle int\u00e8gre un\u00a0<strong class=\"Yjhzub\" data-complete=\"true\" data-processed=\"true\">embout d&rsquo;acier<\/strong>\u00a0et r\u00e9pond aux normes\u00a0<strong class=\"Yjhzub\" data-complete=\"true\" data-processed=\"true\">CSA Classe 1<\/strong>\u00a0et\u00a0<strong class=\"Yjhzub\" data-complete=\"true\" data-processed=\"true\">ASTM<\/strong>, incluant une protection di\u00e9lectrique contre les chocs \u00e9lectriques. Sa tige est confectionn\u00e9e en\u00a0<strong class=\"Yjhzub\" data-complete=\"true\" data-processed=\"true\">cuir pleine fleur imperm\u00e9able<\/strong>\u00a0de haute qualit\u00e9, offrant une barri\u00e8re durable contre l&rsquo;humidit\u00e9 et les d\u00e9bris industriels.<span class=\"uJ19be notranslate\" data-wiz-uids=\"VP9I3d_z,VP9I3d_10,VP9I3d_11\" data-processed=\"true\" data-complete=\"true\"><span class=\"vKEkVd\" data-animation-atomic=\"\" data-wiz-attrbind=\"class=VP9I3d_z\/TKHnVd;\" data-sae=\"\">\u00a0<\/span><\/span><\/div>\n<div class=\"Fsg96\" data-sfc-cp=\"\" data-processed=\"true\" data-complete=\"true\"><\/div>\n<h6 class=\"otQkpb\" role=\"heading\" aria-level=\"3\" data-complete=\"true\" data-processed=\"true\">Confort et Technologie XPAN\u00ae<\/h6>\n<div class=\"Y3BBE\" data-sfc-cp=\"\" data-hveid=\"CAEIBxAA\" data-complete=\"true\" data-processed=\"true\">Le mod\u00e8le 2063XP se distingue par l&rsquo;utilisation de la technologie\u00a0<strong class=\"Yjhzub\" data-complete=\"true\" data-processed=\"true\">XPAN\u00ae<\/strong>\u00a0exclusive \u00e0 Royer. La semelle ext\u00e9rieure\u00a0<strong class=\"Yjhzub\" data-complete=\"true\" data-processed=\"true\">ARROW<\/strong> en caoutchouc \u00e0 double densit\u00e9 offre une adh\u00e9rence exceptionnelle tout en \u00e9tant r\u00e9sistante aux huiles.<\/div>\n<div class=\"Y3BBE\" data-sfc-cp=\"\" data-hveid=\"CAEICRAA\" data-processed=\"true\" data-complete=\"true\">Non doubl\u00e9e pour favoriser la l\u00e9g\u00e8ret\u00e9 et la rapidit\u00e9 de s\u00e9chage. Elle int\u00e8gre une semelle de propret\u00e9 <strong class=\"Yjhzub\" data-complete=\"true\" data-processed=\"true\">Poliyou\u00ae<\/strong>, reconnue pour ses propri\u00e9t\u00e9s respirantes et son confort anatomique.<span class=\"uJ19be notranslate\" data-wiz-uids=\"VP9I3d_2l,VP9I3d_2m,VP9I3d_2n\" data-processed=\"true\" data-complete=\"true\"><span class=\"vKEkVd\" data-animation-atomic=\"\" data-wiz-attrbind=\"class=VP9I3d_2l\/TKHnVd;\" data-sae=\"\">\u00a0<\/span><\/span><\/div>\n<div class=\"Fsg96\" data-sfc-cp=\"\" data-complete=\"true\" data-processed=\"true\"><\/div>\n<div class=\"otQkpb\" role=\"heading\" aria-level=\"3\" data-animation-nesting=\"\" data-sfc-cp=\"\" data-processed=\"true\" data-sae=\"\" data-complete=\"true\">Pourquoi choisir la 2063XP ?<\/div>\n<div class=\"Y3BBE\" data-sfc-cp=\"\" data-hveid=\"CAEICxAA\" data-complete=\"true\" data-processed=\"true\">En 2025, ce mod\u00e8le demeure une r\u00e9f\u00e9rence pour les soudeurs et mouleurs cherchant un compromis entre protection extr\u00eame et simplicit\u00e9.<\/div>\n<div data-sfc-cp=\"\" data-hveid=\"CAEICxAA\" data-complete=\"true\" data-processed=\"true\">\n<p>&nbsp;<\/p>\n<p><em><span style=\"color: #fa0b0b;\">Unisex U.S. men's sizes presented. To convert to U.S. women's size, add 2 sizes. Example: 5 U.S. men = 7 U.S. women<\/span><\/em><\/p>\n<p><img decoding=\"async\" class=\"alignnone wp-image-40620\" src=\"https:\/\/autravail.ca\/wp-content\/uploads\/2025\/09\/Jachete-quebec-et-canada.jpg\" alt=\"Logo de l'achat local\" width=\"162\" height=\"139\" \/>Merci d&rsquo;encourager une entreprise 100% d&rsquo;ici!<\/p>\n<p>TS3012H<\/p>\n<\/div>","protected":false},"excerpt":{"rendered":"<p>Botte de travail Royer &#8211; 2063XP La botte de travail Royer &#8211; 2063XP\u00a0est un mod\u00e8le sp\u00e9cialis\u00e9 de type \u00ab slip-on \u00bb (sans lacets), sp\u00e9cifiquement con\u00e7u pour les professionnels des secteurs de la soudure et de la fonderie. Fabriqu\u00e9e au Canada, elle allie une protection thermique de haut niveau \u00e0 la rapidit\u00e9 d\u2019utilisation n\u00e9cessaire dans les [&hellip;]<\/p>","protected":false},"featured_media":43396,"comment_status":"open","ping_status":"closed","template":"","meta":[],"product_cat":[621,807],"product_tag":[251,252,242],"class_list":{"0":"post-43393","1":"product","2":"type-product","3":"status-publish","4":"has-post-thumbnail","6":"product_brand-royer","7":"product_cat-bottes-de-travail-6","8":"product_cat-bottes-de-travail-6-homme","9":"product_tag-bottes-de-travail","10":"product_tag-electric-shock-resistant","11":"product_tag-homme","13":"first","14":"instock","15":"taxable","16":"shipping-taxable","17":"purchasable","18":"product-type-variable"},"yoast_head":"<!-- This site is optimized with the Yoast SEO plugin v25.3.1 - https:\/\/yoast.com\/wordpress\/plugins\/seo\/ -->\n<title>Botte de travail Royer - 2063XP - Le Magasin Industriel %<\/title>\n<meta name=\"description\" content=\"Botte de travail Royer - 2063XP, m\u00e9tal en fusion, non doubl\u00e9, embout d&#039;acier, cuir pleine fleur 2.0 mm, semelle de caoutchouc\" \/>\n<meta name=\"robots\" content=\"index, follow, max-snippet:-1, max-image-preview:large, max-video-preview:-1\" \/>\n<link rel=\"canonical\" href=\"https:\/\/autravail.ca\/en\/product\/botte-de-travail-royer-2063xp\/\" \/>\n<meta property=\"og:locale\" content=\"en_US\" \/>\n<meta property=\"og:type\" content=\"article\" \/>\n<meta property=\"og:title\" content=\"Botte de travail Royer - 2063XP - Le Magasin Industriel %\" \/>\n<meta property=\"og:description\" content=\"Botte de travail Royer - 2063XP, m\u00e9tal en fusion, non doubl\u00e9, embout d&#039;acier, cuir pleine fleur 2.0 mm, semelle de caoutchouc\" \/>\n<meta property=\"og:url\" content=\"https:\/\/autravail.ca\/en\/product\/botte-de-travail-royer-2063xp\/\" \/>\n<meta property=\"og:site_name\" content=\"Le Magasin Industriel\" \/>\n<meta property=\"article:publisher\" content=\"https:\/\/www.facebook.com\/lemagasinindustriel\/?locale=fr_FR\" \/>\n<meta property=\"article:modified_time\" content=\"2026-02-11T18:26:10+00:00\" \/>\n<meta property=\"og:image\" content=\"https:\/\/autravail.ca\/wp-content\/uploads\/2025\/12\/2063xp_a.jpg\" \/>\n\t<meta property=\"og:image:width\" content=\"1100\" \/>\n\t<meta property=\"og:image:height\" content=\"1100\" \/>\n\t<meta property=\"og:image:type\" content=\"image\/jpeg\" \/>\n<meta name=\"twitter:card\" content=\"summary_large_image\" \/>\n<meta name=\"twitter:label1\" content=\"Est. reading time\" \/>\n\t<meta name=\"twitter:data1\" content=\"3 minutes\" \/>\n<script type=\"application\/ld+json\" class=\"yoast-schema-graph\">{\"@context\":\"https:\/\/schema.org\",\"@graph\":[{\"@type\":\"WebPage\",\"@id\":\"https:\/\/autravail.ca\/product\/botte-de-travail-royer-2063xp\/\",\"url\":\"https:\/\/autravail.ca\/product\/botte-de-travail-royer-2063xp\/\",\"name\":\"Botte de travail Royer - 2063XP - Le Magasin Industriel %\",\"isPartOf\":{\"@id\":\"https:\/\/autravail.ca\/#website\"},\"primaryImageOfPage\":{\"@id\":\"https:\/\/autravail.ca\/product\/botte-de-travail-royer-2063xp\/#primaryimage\"},\"image\":{\"@id\":\"https:\/\/autravail.ca\/product\/botte-de-travail-royer-2063xp\/#primaryimage\"},\"thumbnailUrl\":\"https:\/\/autravail.ca\/wp-content\/uploads\/2025\/12\/2063xp_a.jpg\",\"datePublished\":\"2025-12-30T16:06:25+00:00\",\"dateModified\":\"2026-02-11T18:26:10+00:00\",\"description\":\"Botte de travail Royer - 2063XP, m\u00e9tal en fusion, non doubl\u00e9, embout d'acier, cuir pleine fleur 2.0 mm, semelle de caoutchouc\",\"breadcrumb\":{\"@id\":\"https:\/\/autravail.ca\/product\/botte-de-travail-royer-2063xp\/#breadcrumb\"},\"inLanguage\":\"en-CA\",\"potentialAction\":[{\"@type\":\"ReadAction\",\"target\":[\"https:\/\/autravail.ca\/product\/botte-de-travail-royer-2063xp\/\"]}]},{\"@type\":\"ImageObject\",\"inLanguage\":\"en-CA\",\"@id\":\"https:\/\/autravail.ca\/product\/botte-de-travail-royer-2063xp\/#primaryimage\",\"url\":\"https:\/\/autravail.ca\/wp-content\/uploads\/2025\/12\/2063xp_a.jpg\",\"contentUrl\":\"https:\/\/autravail.ca\/wp-content\/uploads\/2025\/12\/2063xp_a.jpg\",\"width\":1100,\"height\":1100},{\"@type\":\"BreadcrumbList\",\"@id\":\"https:\/\/autravail.ca\/product\/botte-de-travail-royer-2063xp\/#breadcrumb\",\"itemListElement\":[{\"@type\":\"ListItem\",\"position\":1,\"name\":\"Accueil\",\"item\":\"https:\/\/autravail.ca\/\"},{\"@type\":\"ListItem\",\"position\":2,\"name\":\"Magasin\",\"item\":\"https:\/\/autravail.ca\/en\/shop\/\"},{\"@type\":\"ListItem\",\"position\":3,\"name\":\"Botte de travail Royer &#8211; 2063XP\"}]},{\"@type\":\"WebSite\",\"@id\":\"https:\/\/autravail.ca\/#website\",\"url\":\"https:\/\/autravail.ca\/\",\"name\":\"Le Magasin Industriel\",\"description\":\"50 ans de tradition de s\u00e9curit\u00e9 au travail\",\"publisher\":{\"@id\":\"https:\/\/autravail.ca\/#organization\"},\"potentialAction\":[{\"@type\":\"SearchAction\",\"target\":{\"@type\":\"EntryPoint\",\"urlTemplate\":\"https:\/\/autravail.ca\/?s={search_term_string}\"},\"query-input\":{\"@type\":\"PropertyValueSpecification\",\"valueRequired\":true,\"valueName\":\"search_term_string\"}}],\"inLanguage\":\"en-CA\"},{\"@type\":\"Organization\",\"@id\":\"https:\/\/autravail.ca\/#organization\",\"name\":\"Le Magasin Industriel\",\"url\":\"https:\/\/autravail.ca\/\",\"logo\":{\"@type\":\"ImageObject\",\"inLanguage\":\"en-CA\",\"@id\":\"https:\/\/autravail.ca\/#\/schema\/logo\/image\/\",\"url\":\"https:\/\/autravail.ca\/wp-content\/uploads\/2025\/05\/cropped-magasin_industriel_120x.avif\",\"contentUrl\":\"https:\/\/autravail.ca\/wp-content\/uploads\/2025\/05\/cropped-magasin_industriel_120x.avif\",\"width\":120,\"height\":24,\"caption\":\"Le Magasin Industriel\"},\"image\":{\"@id\":\"https:\/\/autravail.ca\/#\/schema\/logo\/image\/\"},\"sameAs\":[\"https:\/\/www.facebook.com\/lemagasinindustriel\/?locale=fr_FR\"]}]}<\/script>\n<!-- \/ Yoast SEO plugin. -->","yoast_head_json":{"title":"Botte de travail Royer - 2063XP - Le Magasin Industriel %","description":"Botte de travail Royer - 2063XP, m\u00e9tal en fusion, non doubl\u00e9, embout d'acier, cuir pleine fleur 2.0 mm, semelle de caoutchouc","robots":{"index":"index","follow":"follow","max-snippet":"max-snippet:-1","max-image-preview":"max-image-preview:large","max-video-preview":"max-video-preview:-1"},"canonical":"https:\/\/autravail.ca\/en\/product\/botte-de-travail-royer-2063xp\/","og_locale":"en_US","og_type":"article","og_title":"Botte de travail Royer - 2063XP - Le Magasin Industriel %","og_description":"Botte de travail Royer - 2063XP, m\u00e9tal en fusion, non doubl\u00e9, embout d'acier, cuir pleine fleur 2.0 mm, semelle de caoutchouc","og_url":"https:\/\/autravail.ca\/en\/product\/botte-de-travail-royer-2063xp\/","og_site_name":"Le Magasin Industriel","article_publisher":"https:\/\/www.facebook.com\/lemagasinindustriel\/?locale=fr_FR","article_modified_time":"2026-02-11T18:26:10+00:00","og_image":[{"width":1100,"height":1100,"url":"https:\/\/autravail.ca\/wp-content\/uploads\/2025\/12\/2063xp_a.jpg","type":"image\/jpeg"}],"twitter_card":"summary_large_image","twitter_misc":{"Est. reading time":"3 minutes"},"schema":{"@context":"https:\/\/schema.org","@graph":[{"@type":"WebPage","@id":"https:\/\/autravail.ca\/product\/botte-de-travail-royer-2063xp\/","url":"https:\/\/autravail.ca\/product\/botte-de-travail-royer-2063xp\/","name":"Botte de travail Royer - 2063XP - Le Magasin Industriel %","isPartOf":{"@id":"https:\/\/autravail.ca\/#website"},"primaryImageOfPage":{"@id":"https:\/\/autravail.ca\/product\/botte-de-travail-royer-2063xp\/#primaryimage"},"image":{"@id":"https:\/\/autravail.ca\/product\/botte-de-travail-royer-2063xp\/#primaryimage"},"thumbnailUrl":"https:\/\/autravail.ca\/wp-content\/uploads\/2025\/12\/2063xp_a.jpg","datePublished":"2025-12-30T16:06:25+00:00","dateModified":"2026-02-11T18:26:10+00:00","description":"Botte de travail Royer - 2063XP, m\u00e9tal en fusion, non doubl\u00e9, embout d'acier, cuir pleine fleur 2.0 mm, semelle de caoutchouc","breadcrumb":{"@id":"https:\/\/autravail.ca\/product\/botte-de-travail-royer-2063xp\/#breadcrumb"},"inLanguage":"en-CA","potentialAction":[{"@type":"ReadAction","target":["https:\/\/autravail.ca\/product\/botte-de-travail-royer-2063xp\/"]}]},{"@type":"ImageObject","inLanguage":"en-CA","@id":"https:\/\/autravail.ca\/product\/botte-de-travail-royer-2063xp\/#primaryimage","url":"https:\/\/autravail.ca\/wp-content\/uploads\/2025\/12\/2063xp_a.jpg","contentUrl":"https:\/\/autravail.ca\/wp-content\/uploads\/2025\/12\/2063xp_a.jpg","width":1100,"height":1100},{"@type":"BreadcrumbList","@id":"https:\/\/autravail.ca\/product\/botte-de-travail-royer-2063xp\/#breadcrumb","itemListElement":[{"@type":"ListItem","position":1,"name":"Accueil","item":"https:\/\/autravail.ca\/"},{"@type":"ListItem","position":2,"name":"Magasin","item":"https:\/\/autravail.ca\/en\/shop\/"},{"@type":"ListItem","position":3,"name":"Botte de travail Royer &#8211; 2063XP"}]},{"@type":"WebSite","@id":"https:\/\/autravail.ca\/#website","url":"https:\/\/autravail.ca\/","name":"Le Magasin Industriel","description":"50 ans de tradition de s\u00e9curit\u00e9 au travail","publisher":{"@id":"https:\/\/autravail.ca\/#organization"},"potentialAction":[{"@type":"SearchAction","target":{"@type":"EntryPoint","urlTemplate":"https:\/\/autravail.ca\/?s={search_term_string}"},"query-input":{"@type":"PropertyValueSpecification","valueRequired":true,"valueName":"search_term_string"}}],"inLanguage":"en-CA"},{"@type":"Organization","@id":"https:\/\/autravail.ca\/#organization","name":"Le Magasin Industriel","url":"https:\/\/autravail.ca\/","logo":{"@type":"ImageObject","inLanguage":"en-CA","@id":"https:\/\/autravail.ca\/#\/schema\/logo\/image\/","url":"https:\/\/autravail.ca\/wp-content\/uploads\/2025\/05\/cropped-magasin_industriel_120x.avif","contentUrl":"https:\/\/autravail.ca\/wp-content\/uploads\/2025\/05\/cropped-magasin_industriel_120x.avif","width":120,"height":24,"caption":"Le Magasin Industriel"},"image":{"@id":"https:\/\/autravail.ca\/#\/schema\/logo\/image\/"},"sameAs":["https:\/\/www.facebook.com\/lemagasinindustriel\/?locale=fr_FR"]}]}},"jetpack_sharing_enabled":true,"_links":{"self":[{"href":"https:\/\/autravail.ca\/en\/wp-json\/wp\/v2\/product\/43393","targetHints":{"allow":["GET"]}}],"collection":[{"href":"https:\/\/autravail.ca\/en\/wp-json\/wp\/v2\/product"}],"about":[{"href":"https:\/\/autravail.ca\/en\/wp-json\/wp\/v2\/types\/product"}],"replies":[{"embeddable":true,"href":"https:\/\/autravail.ca\/en\/wp-json\/wp\/v2\/comments?post=43393"}],"wp:featuredmedia":[{"embeddable":true,"href":"https:\/\/autravail.ca\/en\/wp-json\/wp\/v2\/media\/43396"}],"wp:attachment":[{"href":"https:\/\/autravail.ca\/en\/wp-json\/wp\/v2\/media?parent=43393"}],"wp:term":[{"taxonomy":"product_cat","embeddable":true,"href":"https:\/\/autravail.ca\/en\/wp-json\/wp\/v2\/product_cat?post=43393"},{"taxonomy":"product_tag","embeddable":true,"href":"https:\/\/autravail.ca\/en\/wp-json\/wp\/v2\/product_tag?post=43393"}],"curies":[{"name":"wp","href":"https:\/\/api.w.org\/{rel}","templated":true}]}}