{"id":43210,"date":"2025-12-12T17:54:19","date_gmt":"2025-12-12T21:54:19","guid":{"rendered":"https:\/\/autravail.ca\/?post_type=product&#038;p=43210"},"modified":"2026-02-03T16:09:39","modified_gmt":"2026-02-03T20:09:39","slug":"botte-de-travail-red-wings-rioflex-3592ee","status":"publish","type":"product","link":"https:\/\/autravail.ca\/en\/product\/botte-de-travail-red-wings-rioflex-3592ee\/","title":{"rendered":"Botte de travail Red Wings Rioflex &#8211; 3592EE"},"content":{"rendered":"<h3>Botte de travail Red Wings Rioflex &#8211; 3592EE<\/h3>\n<p>La Botte de travail Red Wings Rioflex &#8211; 3592EE offre une performance robuste pour les environnements de travail exigeants. Elle se chausse rapidement gr\u00e2ce au syst\u00e8me Dynamic Fit. Son embout d\u2019acier prot\u00e8ge efficacement contre les impacts. La semelle en caoutchouc r\u00e9siste \u00e0 l\u2019huile, \u00e0 la chaleur et \u00e0 l\u2019abrasion. Le cuir nubuck brun vieilli assure durabilit\u00e9 et style. Elle r\u00e9pond aux normes CSA pour la s\u00e9curit\u00e9 au travail. Sa construction sans lacets facilite les mouvements rapides. Le confort est renforc\u00e9 par une semelle int\u00e9rieure amortissante. Elle convient parfaitement aux m\u00e9tiers de la construction et de la m\u00e9canique. La botte reste stable sur les surfaces glissantes. Elle r\u00e9siste aux perforations et aux risques \u00e9lectriques.<\/p>\n<p>Le <a href=\"https:\/\/autravail.ca\/en\/product-category\/botte-western\/\">design western<\/a>\u00a0 de la Rioflex ajoute une touche distinctive. Elle est resemelable pour prolonger sa dur\u00e9e de vie. Chaque d\u00e9tail est pens\u00e9 pour soutenir les longues journ\u00e9es. Elle combine protection, confort et flexibilit\u00e9 sans compromis. Un choix fiable pour les professionnels exigeants.<\/p>\n<p><img decoding=\"async\" class=\"alignnone size-full wp-image-40117\" src=\"https:\/\/autravail.ca\/wp-content\/uploads\/2025\/09\/Certification-Omega-Triangle-vert.jpg\" sizes=\"(max-width: 193px) 100vw, 193px\" srcset=\"https:\/\/autravail.ca\/wp-content\/uploads\/2025\/09\/Certification-Omega-Triangle-vert.jpg 193w, https:\/\/autravail.ca\/wp-content\/uploads\/2025\/09\/Certification-Omega-Triangle-vert-150x85.jpg 150w, https:\/\/autravail.ca\/wp-content\/uploads\/2025\/09\/Certification-Omega-Triangle-vert-18x10.jpg 18w\" alt=\"Certifications Om\u00e9ga Triangle vert\" width=\"193\" height=\"110\" \/><\/p>\n<h4>Characteristics:<\/h4>\n<ul>\n<li>Steel Buckle<\/li>\n<li>Certifications CSA<\/li>\n<li>R\u00e9sistant aux chocs \u00e9lectriques. (ESR)<\/li>\n<li>Cuir de premi\u00e8re qualit\u00e9<\/li>\n<li>Design western<\/li>\n<li>Semelle d&rsquo;usure cousue<\/li>\n<li>Semelle confort interne<\/li>\n<li>Largeur extra wide EE<\/li>\n<li>Waterproof Membrane<\/li>\n<li>Insertion Dynamic fit<\/li>\n<\/ul>\n<p>&nbsp;<\/p>\n<p><img decoding=\"async\" class=\"alignnone wp-image-40620\" src=\"https:\/\/autravail.ca\/wp-content\/uploads\/2025\/09\/Jachete-quebec-et-canada.jpg\" alt=\"Logo de l'achat local\" width=\"162\" height=\"139\" \/>Merci d&rsquo;encourager une entreprise 100% d&rsquo;ici!<\/p>\n<p>TS2512S<\/p>","protected":false},"excerpt":{"rendered":"<p>Pr\u00e9sentation du produit au Magasin Industriel:<\/p>\n<p>https:\/\/youtu.be\/83fQtLcAO9g<\/p>\n<p>&nbsp;<\/p>","protected":false},"featured_media":43212,"comment_status":"open","ping_status":"closed","template":"","meta":[],"product_cat":[613,805,817,818,819,811],"product_tag":[252,242,279,253,816],"class_list":{"0":"post-43210","1":"product","2":"type-product","3":"status-publish","4":"has-post-thumbnail","6":"product_brand-red-wings","7":"product_cat-bottes-de-travail","8":"product_cat-bottes-de-travail-homme","9":"product_cat-botte-western","10":"product_cat-bottes-western-csa","11":"product_cat-bottes-western-regulieres-homme","12":"product_cat-chaussures-de-securite","13":"product_tag-electric-shock-resistant","14":"product_tag-homme","15":"product_tag-membrane","16":"product_tag-sole-protection","17":"product_tag-western","19":"first","20":"instock","21":"taxable","22":"shipping-taxable","23":"purchasable","24":"product-type-variable"},"yoast_head":"<!-- This site is optimized with the Yoast SEO plugin v25.3.1 - https:\/\/yoast.com\/wordpress\/plugins\/seo\/ -->\n<title>Botte de travail Red Wings Rioflex - 3592EE - Le Magasin Industriel<\/title>\n<meta name=\"description\" content=\"Botte de travail Red Wings Rioflex - 3592EE de style western et de premi\u00e8re qualit\u00e9 avec les certifications CSA et semelle confort.\" \/>\n<meta name=\"robots\" content=\"index, follow, max-snippet:-1, max-image-preview:large, max-video-preview:-1\" \/>\n<link rel=\"canonical\" href=\"https:\/\/autravail.ca\/en\/product\/botte-de-travail-red-wings-rioflex-3592ee\/\" \/>\n<meta property=\"og:locale\" content=\"en_US\" \/>\n<meta property=\"og:type\" content=\"article\" \/>\n<meta property=\"og:title\" content=\"Botte de travail Red Wings Rioflex - 3592EE - Le Magasin Industriel\" \/>\n<meta property=\"og:description\" content=\"Botte de travail Red Wings Rioflex - 3592EE de style western et de premi\u00e8re qualit\u00e9 avec les certifications CSA et semelle confort.\" \/>\n<meta property=\"og:url\" content=\"https:\/\/autravail.ca\/en\/product\/botte-de-travail-red-wings-rioflex-3592ee\/\" \/>\n<meta property=\"og:site_name\" content=\"Le Magasin Industriel\" \/>\n<meta property=\"article:publisher\" content=\"https:\/\/www.facebook.com\/lemagasinindustriel\/?locale=fr_FR\" \/>\n<meta property=\"article:modified_time\" content=\"2026-02-03T20:09:39+00:00\" \/>\n<meta property=\"og:image\" content=\"https:\/\/autravail.ca\/wp-content\/uploads\/2025\/12\/3592EE_A01.jpg\" \/>\n\t<meta property=\"og:image:width\" content=\"1000\" \/>\n\t<meta property=\"og:image:height\" content=\"1000\" \/>\n\t<meta property=\"og:image:type\" content=\"image\/jpeg\" \/>\n<meta name=\"twitter:card\" content=\"summary_large_image\" \/>\n<meta name=\"twitter:label1\" content=\"Est. reading time\" \/>\n\t<meta name=\"twitter:data1\" content=\"2 minutes\" \/>\n<script type=\"application\/ld+json\" class=\"yoast-schema-graph\">{\"@context\":\"https:\/\/schema.org\",\"@graph\":[{\"@type\":\"WebPage\",\"@id\":\"https:\/\/autravail.ca\/product\/botte-de-travail-red-wings-rioflex-3592ee\/\",\"url\":\"https:\/\/autravail.ca\/product\/botte-de-travail-red-wings-rioflex-3592ee\/\",\"name\":\"Botte de travail Red Wings Rioflex - 3592EE - Le Magasin Industriel\",\"isPartOf\":{\"@id\":\"https:\/\/autravail.ca\/#website\"},\"primaryImageOfPage\":{\"@id\":\"https:\/\/autravail.ca\/product\/botte-de-travail-red-wings-rioflex-3592ee\/#primaryimage\"},\"image\":{\"@id\":\"https:\/\/autravail.ca\/product\/botte-de-travail-red-wings-rioflex-3592ee\/#primaryimage\"},\"thumbnailUrl\":\"https:\/\/autravail.ca\/wp-content\/uploads\/2025\/12\/3592EE_A01.jpg\",\"datePublished\":\"2025-12-12T21:54:19+00:00\",\"dateModified\":\"2026-02-03T20:09:39+00:00\",\"description\":\"Botte de travail Red Wings Rioflex - 3592EE de style western et de premi\u00e8re qualit\u00e9 avec les certifications CSA et semelle confort.\",\"breadcrumb\":{\"@id\":\"https:\/\/autravail.ca\/product\/botte-de-travail-red-wings-rioflex-3592ee\/#breadcrumb\"},\"inLanguage\":\"en-CA\",\"potentialAction\":[{\"@type\":\"ReadAction\",\"target\":[\"https:\/\/autravail.ca\/product\/botte-de-travail-red-wings-rioflex-3592ee\/\"]}]},{\"@type\":\"ImageObject\",\"inLanguage\":\"en-CA\",\"@id\":\"https:\/\/autravail.ca\/product\/botte-de-travail-red-wings-rioflex-3592ee\/#primaryimage\",\"url\":\"https:\/\/autravail.ca\/wp-content\/uploads\/2025\/12\/3592EE_A01.jpg\",\"contentUrl\":\"https:\/\/autravail.ca\/wp-content\/uploads\/2025\/12\/3592EE_A01.jpg\",\"width\":1000,\"height\":1000,\"caption\":\"Botte de travail Red Wings Rioflex - 3592EE\"},{\"@type\":\"BreadcrumbList\",\"@id\":\"https:\/\/autravail.ca\/product\/botte-de-travail-red-wings-rioflex-3592ee\/#breadcrumb\",\"itemListElement\":[{\"@type\":\"ListItem\",\"position\":1,\"name\":\"Accueil\",\"item\":\"https:\/\/autravail.ca\/\"},{\"@type\":\"ListItem\",\"position\":2,\"name\":\"Magasin\",\"item\":\"https:\/\/autravail.ca\/en\/shop\/\"},{\"@type\":\"ListItem\",\"position\":3,\"name\":\"Botte de travail Red Wings Rioflex &#8211; 3592EE\"}]},{\"@type\":\"WebSite\",\"@id\":\"https:\/\/autravail.ca\/#website\",\"url\":\"https:\/\/autravail.ca\/\",\"name\":\"Le Magasin Industriel\",\"description\":\"50 ans de tradition de s\u00e9curit\u00e9 au travail\",\"publisher\":{\"@id\":\"https:\/\/autravail.ca\/#organization\"},\"potentialAction\":[{\"@type\":\"SearchAction\",\"target\":{\"@type\":\"EntryPoint\",\"urlTemplate\":\"https:\/\/autravail.ca\/?s={search_term_string}\"},\"query-input\":{\"@type\":\"PropertyValueSpecification\",\"valueRequired\":true,\"valueName\":\"search_term_string\"}}],\"inLanguage\":\"en-CA\"},{\"@type\":\"Organization\",\"@id\":\"https:\/\/autravail.ca\/#organization\",\"name\":\"Le Magasin Industriel\",\"url\":\"https:\/\/autravail.ca\/\",\"logo\":{\"@type\":\"ImageObject\",\"inLanguage\":\"en-CA\",\"@id\":\"https:\/\/autravail.ca\/#\/schema\/logo\/image\/\",\"url\":\"https:\/\/autravail.ca\/wp-content\/uploads\/2025\/05\/cropped-magasin_industriel_120x.avif\",\"contentUrl\":\"https:\/\/autravail.ca\/wp-content\/uploads\/2025\/05\/cropped-magasin_industriel_120x.avif\",\"width\":120,\"height\":24,\"caption\":\"Le Magasin Industriel\"},\"image\":{\"@id\":\"https:\/\/autravail.ca\/#\/schema\/logo\/image\/\"},\"sameAs\":[\"https:\/\/www.facebook.com\/lemagasinindustriel\/?locale=fr_FR\"]}]}<\/script>\n<!-- \/ Yoast SEO plugin. -->","yoast_head_json":{"title":"Botte de travail Red Wings Rioflex - 3592EE - Le Magasin Industriel","description":"Botte de travail Red Wings Rioflex - 3592EE de style western et de premi\u00e8re qualit\u00e9 avec les certifications CSA et semelle confort.","robots":{"index":"index","follow":"follow","max-snippet":"max-snippet:-1","max-image-preview":"max-image-preview:large","max-video-preview":"max-video-preview:-1"},"canonical":"https:\/\/autravail.ca\/en\/product\/botte-de-travail-red-wings-rioflex-3592ee\/","og_locale":"en_US","og_type":"article","og_title":"Botte de travail Red Wings Rioflex - 3592EE - Le Magasin Industriel","og_description":"Botte de travail Red Wings Rioflex - 3592EE de style western et de premi\u00e8re qualit\u00e9 avec les certifications CSA et semelle confort.","og_url":"https:\/\/autravail.ca\/en\/product\/botte-de-travail-red-wings-rioflex-3592ee\/","og_site_name":"Le Magasin Industriel","article_publisher":"https:\/\/www.facebook.com\/lemagasinindustriel\/?locale=fr_FR","article_modified_time":"2026-02-03T20:09:39+00:00","og_image":[{"width":1000,"height":1000,"url":"https:\/\/autravail.ca\/wp-content\/uploads\/2025\/12\/3592EE_A01.jpg","type":"image\/jpeg"}],"twitter_card":"summary_large_image","twitter_misc":{"Est. reading time":"2 minutes"},"schema":{"@context":"https:\/\/schema.org","@graph":[{"@type":"WebPage","@id":"https:\/\/autravail.ca\/product\/botte-de-travail-red-wings-rioflex-3592ee\/","url":"https:\/\/autravail.ca\/product\/botte-de-travail-red-wings-rioflex-3592ee\/","name":"Botte de travail Red Wings Rioflex - 3592EE - Le Magasin Industriel","isPartOf":{"@id":"https:\/\/autravail.ca\/#website"},"primaryImageOfPage":{"@id":"https:\/\/autravail.ca\/product\/botte-de-travail-red-wings-rioflex-3592ee\/#primaryimage"},"image":{"@id":"https:\/\/autravail.ca\/product\/botte-de-travail-red-wings-rioflex-3592ee\/#primaryimage"},"thumbnailUrl":"https:\/\/autravail.ca\/wp-content\/uploads\/2025\/12\/3592EE_A01.jpg","datePublished":"2025-12-12T21:54:19+00:00","dateModified":"2026-02-03T20:09:39+00:00","description":"Botte de travail Red Wings Rioflex - 3592EE de style western et de premi\u00e8re qualit\u00e9 avec les certifications CSA et semelle confort.","breadcrumb":{"@id":"https:\/\/autravail.ca\/product\/botte-de-travail-red-wings-rioflex-3592ee\/#breadcrumb"},"inLanguage":"en-CA","potentialAction":[{"@type":"ReadAction","target":["https:\/\/autravail.ca\/product\/botte-de-travail-red-wings-rioflex-3592ee\/"]}]},{"@type":"ImageObject","inLanguage":"en-CA","@id":"https:\/\/autravail.ca\/product\/botte-de-travail-red-wings-rioflex-3592ee\/#primaryimage","url":"https:\/\/autravail.ca\/wp-content\/uploads\/2025\/12\/3592EE_A01.jpg","contentUrl":"https:\/\/autravail.ca\/wp-content\/uploads\/2025\/12\/3592EE_A01.jpg","width":1000,"height":1000,"caption":"Botte de travail Red Wings Rioflex - 3592EE"},{"@type":"BreadcrumbList","@id":"https:\/\/autravail.ca\/product\/botte-de-travail-red-wings-rioflex-3592ee\/#breadcrumb","itemListElement":[{"@type":"ListItem","position":1,"name":"Accueil","item":"https:\/\/autravail.ca\/"},{"@type":"ListItem","position":2,"name":"Magasin","item":"https:\/\/autravail.ca\/en\/shop\/"},{"@type":"ListItem","position":3,"name":"Botte de travail Red Wings Rioflex &#8211; 3592EE"}]},{"@type":"WebSite","@id":"https:\/\/autravail.ca\/#website","url":"https:\/\/autravail.ca\/","name":"Le Magasin Industriel","description":"50 ans de tradition de s\u00e9curit\u00e9 au travail","publisher":{"@id":"https:\/\/autravail.ca\/#organization"},"potentialAction":[{"@type":"SearchAction","target":{"@type":"EntryPoint","urlTemplate":"https:\/\/autravail.ca\/?s={search_term_string}"},"query-input":{"@type":"PropertyValueSpecification","valueRequired":true,"valueName":"search_term_string"}}],"inLanguage":"en-CA"},{"@type":"Organization","@id":"https:\/\/autravail.ca\/#organization","name":"Le Magasin Industriel","url":"https:\/\/autravail.ca\/","logo":{"@type":"ImageObject","inLanguage":"en-CA","@id":"https:\/\/autravail.ca\/#\/schema\/logo\/image\/","url":"https:\/\/autravail.ca\/wp-content\/uploads\/2025\/05\/cropped-magasin_industriel_120x.avif","contentUrl":"https:\/\/autravail.ca\/wp-content\/uploads\/2025\/05\/cropped-magasin_industriel_120x.avif","width":120,"height":24,"caption":"Le Magasin Industriel"},"image":{"@id":"https:\/\/autravail.ca\/#\/schema\/logo\/image\/"},"sameAs":["https:\/\/www.facebook.com\/lemagasinindustriel\/?locale=fr_FR"]}]}},"jetpack_sharing_enabled":true,"_links":{"self":[{"href":"https:\/\/autravail.ca\/en\/wp-json\/wp\/v2\/product\/43210","targetHints":{"allow":["GET"]}}],"collection":[{"href":"https:\/\/autravail.ca\/en\/wp-json\/wp\/v2\/product"}],"about":[{"href":"https:\/\/autravail.ca\/en\/wp-json\/wp\/v2\/types\/product"}],"replies":[{"embeddable":true,"href":"https:\/\/autravail.ca\/en\/wp-json\/wp\/v2\/comments?post=43210"}],"wp:featuredmedia":[{"embeddable":true,"href":"https:\/\/autravail.ca\/en\/wp-json\/wp\/v2\/media\/43212"}],"wp:attachment":[{"href":"https:\/\/autravail.ca\/en\/wp-json\/wp\/v2\/media?parent=43210"}],"wp:term":[{"taxonomy":"product_cat","embeddable":true,"href":"https:\/\/autravail.ca\/en\/wp-json\/wp\/v2\/product_cat?post=43210"},{"taxonomy":"product_tag","embeddable":true,"href":"https:\/\/autravail.ca\/en\/wp-json\/wp\/v2\/product_tag?post=43210"}],"curies":[{"name":"wp","href":"https:\/\/api.w.org\/{rel}","templated":true}]}}