{"id":43171,"date":"2025-12-12T11:32:28","date_gmt":"2025-12-12T15:32:28","guid":{"rendered":"https:\/\/autravail.ca\/?post_type=product&#038;p=43171"},"modified":"2025-12-12T16:49:05","modified_gmt":"2025-12-12T20:49:05","slug":"ouate-avec-capuchon-securite-s02","status":"publish","type":"product","link":"https:\/\/autravail.ca\/en\/product\/ouate-avec-capuchon-securite-s02\/","title":{"rendered":"Ouat\u00e9 avec capuchon S\u00e9curit\u00e9 &#8211; S02"},"content":{"rendered":"<h3>Ouat\u00e9 avec capuchon S\u00e9curit\u00e9 &#8211; S02<\/h3>\n<p>Ouat\u00e9 avec capuchon S\u00e9curit\u00e9 &#8211; S02 est con\u00e7u pour r\u00e9pondre aux exigences des \u00e9v\u00e9nements et des environnements professionnels o\u00f9 l\u2019identification rapide des responsables est essentielle. Fabriqu\u00e9 \u00e0 partir de jersey 100 % coton pr\u00e9r\u00e9tr\u00e9ci, il offre une texture douce, une excellente respirabilit\u00e9 et une coupe r\u00e9guli\u00e8re qui convient \u00e0 toutes les morphologies. Son logo de s\u00e9curit\u00e9, imprim\u00e9 \u00e0 la fois au c\u0153ur et au dos, assure une visibilit\u00e9 optimale, que ce soit en milieu int\u00e9rieur ou ext\u00e9rieur. Ce marquage clair permet de rep\u00e9rer instantan\u00e9ment les agents responsables, renfor\u00e7ant ainsi la coordination et la s\u00e9curit\u00e9 sur le terrain.<\/p>\n<p>Chaque t-shirt est<a href=\"https:\/\/autravail.ca\/en\/atelier-dimpression\/\"> imprim\u00e9 dans notre propre atelier<\/a>, ici en magasin, garantissant une qualit\u00e9 constante et un suivi rigoureux. Toujours en stock, il b\u00e9n\u00e9ficie d\u2019une exp\u00e9dition rapide pour r\u00e9pondre aux besoins urgents des organisateurs d\u2019\u00e9v\u00e9nements, des entreprises ou des collectivit\u00e9s. Un choix fiable, pratique et professionnel pour \u00e9quiper votre personnel de s\u00e9curit\u00e9 avec style et efficacit\u00e9.<\/p>\n<h4>Characteristics:<\/h4>\n<ul>\n<li>Short Sleeve High Quality T-Shirt<\/li>\n<li>Confort d&rsquo;un tissus l\u00e9ger et durable 100% Coton.<\/li>\n<li>Shoulder reinforcement with sewn-on collar.<\/li>\n<li>Double stitches at 1\" on the sleeve.<\/li>\n<li>Side Seams.<\/li>\n<li>Logo SECURITY of 4 inches long at heart.<\/li>\n<li>11-inch long Safety Logo at the back.<\/li>\n<\/ul>\n<p><img decoding=\"async\" class=\"alignnone wp-image-40620\" src=\"https:\/\/autravail.ca\/wp-content\/uploads\/2025\/09\/Jachete-quebec-et-canada.jpg\" alt=\"Logo de l'achat local\" width=\"162\" height=\"139\" \/>Merci d&rsquo;encourager une entreprise 100% d&rsquo;ici!<\/p>","protected":false},"excerpt":{"rendered":"<p>Ouat\u00e9 avec capuchon S\u00e9curit\u00e9 &#8211; S02 Ouat\u00e9 avec capuchon S\u00e9curit\u00e9 &#8211; S02 est con\u00e7u pour r\u00e9pondre aux exigences des \u00e9v\u00e9nements et des environnements professionnels o\u00f9 l\u2019identification rapide des responsables est essentielle. Fabriqu\u00e9 \u00e0 partir de jersey 100 % coton pr\u00e9r\u00e9tr\u00e9ci, il offre une texture douce, une excellente respirabilit\u00e9 et une coupe r\u00e9guli\u00e8re qui convient \u00e0 [&hellip;]<\/p>","protected":false},"featured_media":43172,"comment_status":"open","ping_status":"closed","template":"","meta":[],"product_cat":[599],"product_tag":[242,373,293],"class_list":{"0":"post-43171","1":"product","2":"type-product","3":"status-publish","4":"has-post-thumbnail","6":"product_brand-le-magasin-industriel","7":"product_cat-apparel-accessories","8":"product_tag-homme","9":"product_tag-t-shirts","10":"product_tag-t-shirts-polos-et-chandails","12":"first","13":"instock","14":"taxable","15":"shipping-taxable","16":"purchasable","17":"product-type-variable"},"yoast_head":"<!-- This site is optimized with the Yoast SEO plugin v25.3.1 - https:\/\/yoast.com\/wordpress\/plugins\/seo\/ -->\n<title>Ouat\u00e9 avec capuchon S\u00e9curit\u00e9 - S02 - Le Magasin Industriel<\/title>\n<meta name=\"description\" content=\"Ouat\u00e9 avec capuchon S\u00e9curit\u00e9 - S02, fait de 50% polyester\/50% coton, confortable et chaud, imprim\u00e9 directement dans notre atelier\" \/>\n<meta name=\"robots\" content=\"index, follow, max-snippet:-1, max-image-preview:large, max-video-preview:-1\" \/>\n<link rel=\"canonical\" href=\"https:\/\/autravail.ca\/en\/product\/ouate-avec-capuchon-securite-s02\/\" \/>\n<meta property=\"og:locale\" content=\"en_US\" \/>\n<meta property=\"og:type\" content=\"article\" \/>\n<meta property=\"og:title\" content=\"Ouat\u00e9 avec capuchon S\u00e9curit\u00e9 - S02 - Le Magasin Industriel\" \/>\n<meta property=\"og:description\" content=\"Ouat\u00e9 avec capuchon S\u00e9curit\u00e9 - S02, fait de 50% polyester\/50% coton, confortable et chaud, imprim\u00e9 directement dans notre atelier\" \/>\n<meta property=\"og:url\" content=\"https:\/\/autravail.ca\/en\/product\/ouate-avec-capuchon-securite-s02\/\" \/>\n<meta property=\"og:site_name\" content=\"Le Magasin Industriel\" \/>\n<meta property=\"article:publisher\" content=\"https:\/\/www.facebook.com\/lemagasinindustriel\/?locale=fr_FR\" \/>\n<meta property=\"article:modified_time\" content=\"2025-12-12T20:49:05+00:00\" \/>\n<meta property=\"og:image\" content=\"https:\/\/autravail.ca\/wp-content\/uploads\/2025\/12\/3320_A01_devant.jpg\" \/>\n\t<meta property=\"og:image:width\" content=\"1000\" \/>\n\t<meta property=\"og:image:height\" content=\"1000\" \/>\n\t<meta property=\"og:image:type\" content=\"image\/jpeg\" \/>\n<meta name=\"twitter:card\" content=\"summary_large_image\" \/>\n<meta name=\"twitter:label1\" content=\"Est. reading time\" \/>\n\t<meta name=\"twitter:data1\" content=\"2 minutes\" \/>\n<script type=\"application\/ld+json\" class=\"yoast-schema-graph\">{\"@context\":\"https:\/\/schema.org\",\"@graph\":[{\"@type\":\"WebPage\",\"@id\":\"https:\/\/autravail.ca\/product\/ouate-avec-capuchon-securite-s02\/\",\"url\":\"https:\/\/autravail.ca\/product\/ouate-avec-capuchon-securite-s02\/\",\"name\":\"Ouat\u00e9 avec capuchon S\u00e9curit\u00e9 - S02 - Le Magasin Industriel\",\"isPartOf\":{\"@id\":\"https:\/\/autravail.ca\/#website\"},\"primaryImageOfPage\":{\"@id\":\"https:\/\/autravail.ca\/product\/ouate-avec-capuchon-securite-s02\/#primaryimage\"},\"image\":{\"@id\":\"https:\/\/autravail.ca\/product\/ouate-avec-capuchon-securite-s02\/#primaryimage\"},\"thumbnailUrl\":\"https:\/\/autravail.ca\/wp-content\/uploads\/2025\/12\/3320_A01_devant.jpg\",\"datePublished\":\"2025-12-12T15:32:28+00:00\",\"dateModified\":\"2025-12-12T20:49:05+00:00\",\"description\":\"Ouat\u00e9 avec capuchon S\u00e9curit\u00e9 - S02, fait de 50% polyester\/50% coton, confortable et chaud, imprim\u00e9 directement dans notre atelier\",\"breadcrumb\":{\"@id\":\"https:\/\/autravail.ca\/product\/ouate-avec-capuchon-securite-s02\/#breadcrumb\"},\"inLanguage\":\"en-CA\",\"potentialAction\":[{\"@type\":\"ReadAction\",\"target\":[\"https:\/\/autravail.ca\/product\/ouate-avec-capuchon-securite-s02\/\"]}]},{\"@type\":\"ImageObject\",\"inLanguage\":\"en-CA\",\"@id\":\"https:\/\/autravail.ca\/product\/ouate-avec-capuchon-securite-s02\/#primaryimage\",\"url\":\"https:\/\/autravail.ca\/wp-content\/uploads\/2025\/12\/3320_A01_devant.jpg\",\"contentUrl\":\"https:\/\/autravail.ca\/wp-content\/uploads\/2025\/12\/3320_A01_devant.jpg\",\"width\":1000,\"height\":1000},{\"@type\":\"BreadcrumbList\",\"@id\":\"https:\/\/autravail.ca\/product\/ouate-avec-capuchon-securite-s02\/#breadcrumb\",\"itemListElement\":[{\"@type\":\"ListItem\",\"position\":1,\"name\":\"Accueil\",\"item\":\"https:\/\/autravail.ca\/\"},{\"@type\":\"ListItem\",\"position\":2,\"name\":\"Magasin\",\"item\":\"https:\/\/autravail.ca\/en\/shop\/\"},{\"@type\":\"ListItem\",\"position\":3,\"name\":\"Ouat\u00e9 avec capuchon S\u00e9curit\u00e9 &#8211; S02\"}]},{\"@type\":\"WebSite\",\"@id\":\"https:\/\/autravail.ca\/#website\",\"url\":\"https:\/\/autravail.ca\/\",\"name\":\"Le Magasin Industriel\",\"description\":\"50 ans de tradition de s\u00e9curit\u00e9 au travail\",\"publisher\":{\"@id\":\"https:\/\/autravail.ca\/#organization\"},\"potentialAction\":[{\"@type\":\"SearchAction\",\"target\":{\"@type\":\"EntryPoint\",\"urlTemplate\":\"https:\/\/autravail.ca\/?s={search_term_string}\"},\"query-input\":{\"@type\":\"PropertyValueSpecification\",\"valueRequired\":true,\"valueName\":\"search_term_string\"}}],\"inLanguage\":\"en-CA\"},{\"@type\":\"Organization\",\"@id\":\"https:\/\/autravail.ca\/#organization\",\"name\":\"Le Magasin Industriel\",\"url\":\"https:\/\/autravail.ca\/\",\"logo\":{\"@type\":\"ImageObject\",\"inLanguage\":\"en-CA\",\"@id\":\"https:\/\/autravail.ca\/#\/schema\/logo\/image\/\",\"url\":\"https:\/\/autravail.ca\/wp-content\/uploads\/2025\/05\/cropped-magasin_industriel_120x.avif\",\"contentUrl\":\"https:\/\/autravail.ca\/wp-content\/uploads\/2025\/05\/cropped-magasin_industriel_120x.avif\",\"width\":120,\"height\":24,\"caption\":\"Le Magasin Industriel\"},\"image\":{\"@id\":\"https:\/\/autravail.ca\/#\/schema\/logo\/image\/\"},\"sameAs\":[\"https:\/\/www.facebook.com\/lemagasinindustriel\/?locale=fr_FR\"]}]}<\/script>\n<!-- \/ Yoast SEO plugin. -->","yoast_head_json":{"title":"Ouat\u00e9 avec capuchon S\u00e9curit\u00e9 - S02 - Le Magasin Industriel","description":"Ouat\u00e9 avec capuchon S\u00e9curit\u00e9 - S02, fait de 50% polyester\/50% coton, confortable et chaud, imprim\u00e9 directement dans notre atelier","robots":{"index":"index","follow":"follow","max-snippet":"max-snippet:-1","max-image-preview":"max-image-preview:large","max-video-preview":"max-video-preview:-1"},"canonical":"https:\/\/autravail.ca\/en\/product\/ouate-avec-capuchon-securite-s02\/","og_locale":"en_US","og_type":"article","og_title":"Ouat\u00e9 avec capuchon S\u00e9curit\u00e9 - S02 - Le Magasin Industriel","og_description":"Ouat\u00e9 avec capuchon S\u00e9curit\u00e9 - S02, fait de 50% polyester\/50% coton, confortable et chaud, imprim\u00e9 directement dans notre atelier","og_url":"https:\/\/autravail.ca\/en\/product\/ouate-avec-capuchon-securite-s02\/","og_site_name":"Le Magasin Industriel","article_publisher":"https:\/\/www.facebook.com\/lemagasinindustriel\/?locale=fr_FR","article_modified_time":"2025-12-12T20:49:05+00:00","og_image":[{"width":1000,"height":1000,"url":"https:\/\/autravail.ca\/wp-content\/uploads\/2025\/12\/3320_A01_devant.jpg","type":"image\/jpeg"}],"twitter_card":"summary_large_image","twitter_misc":{"Est. reading time":"2 minutes"},"schema":{"@context":"https:\/\/schema.org","@graph":[{"@type":"WebPage","@id":"https:\/\/autravail.ca\/product\/ouate-avec-capuchon-securite-s02\/","url":"https:\/\/autravail.ca\/product\/ouate-avec-capuchon-securite-s02\/","name":"Ouat\u00e9 avec capuchon S\u00e9curit\u00e9 - S02 - Le Magasin Industriel","isPartOf":{"@id":"https:\/\/autravail.ca\/#website"},"primaryImageOfPage":{"@id":"https:\/\/autravail.ca\/product\/ouate-avec-capuchon-securite-s02\/#primaryimage"},"image":{"@id":"https:\/\/autravail.ca\/product\/ouate-avec-capuchon-securite-s02\/#primaryimage"},"thumbnailUrl":"https:\/\/autravail.ca\/wp-content\/uploads\/2025\/12\/3320_A01_devant.jpg","datePublished":"2025-12-12T15:32:28+00:00","dateModified":"2025-12-12T20:49:05+00:00","description":"Ouat\u00e9 avec capuchon S\u00e9curit\u00e9 - S02, fait de 50% polyester\/50% coton, confortable et chaud, imprim\u00e9 directement dans notre atelier","breadcrumb":{"@id":"https:\/\/autravail.ca\/product\/ouate-avec-capuchon-securite-s02\/#breadcrumb"},"inLanguage":"en-CA","potentialAction":[{"@type":"ReadAction","target":["https:\/\/autravail.ca\/product\/ouate-avec-capuchon-securite-s02\/"]}]},{"@type":"ImageObject","inLanguage":"en-CA","@id":"https:\/\/autravail.ca\/product\/ouate-avec-capuchon-securite-s02\/#primaryimage","url":"https:\/\/autravail.ca\/wp-content\/uploads\/2025\/12\/3320_A01_devant.jpg","contentUrl":"https:\/\/autravail.ca\/wp-content\/uploads\/2025\/12\/3320_A01_devant.jpg","width":1000,"height":1000},{"@type":"BreadcrumbList","@id":"https:\/\/autravail.ca\/product\/ouate-avec-capuchon-securite-s02\/#breadcrumb","itemListElement":[{"@type":"ListItem","position":1,"name":"Accueil","item":"https:\/\/autravail.ca\/"},{"@type":"ListItem","position":2,"name":"Magasin","item":"https:\/\/autravail.ca\/en\/shop\/"},{"@type":"ListItem","position":3,"name":"Ouat\u00e9 avec capuchon S\u00e9curit\u00e9 &#8211; S02"}]},{"@type":"WebSite","@id":"https:\/\/autravail.ca\/#website","url":"https:\/\/autravail.ca\/","name":"Le Magasin Industriel","description":"50 ans de tradition de s\u00e9curit\u00e9 au travail","publisher":{"@id":"https:\/\/autravail.ca\/#organization"},"potentialAction":[{"@type":"SearchAction","target":{"@type":"EntryPoint","urlTemplate":"https:\/\/autravail.ca\/?s={search_term_string}"},"query-input":{"@type":"PropertyValueSpecification","valueRequired":true,"valueName":"search_term_string"}}],"inLanguage":"en-CA"},{"@type":"Organization","@id":"https:\/\/autravail.ca\/#organization","name":"Le Magasin Industriel","url":"https:\/\/autravail.ca\/","logo":{"@type":"ImageObject","inLanguage":"en-CA","@id":"https:\/\/autravail.ca\/#\/schema\/logo\/image\/","url":"https:\/\/autravail.ca\/wp-content\/uploads\/2025\/05\/cropped-magasin_industriel_120x.avif","contentUrl":"https:\/\/autravail.ca\/wp-content\/uploads\/2025\/05\/cropped-magasin_industriel_120x.avif","width":120,"height":24,"caption":"Le Magasin Industriel"},"image":{"@id":"https:\/\/autravail.ca\/#\/schema\/logo\/image\/"},"sameAs":["https:\/\/www.facebook.com\/lemagasinindustriel\/?locale=fr_FR"]}]}},"jetpack_sharing_enabled":true,"_links":{"self":[{"href":"https:\/\/autravail.ca\/en\/wp-json\/wp\/v2\/product\/43171","targetHints":{"allow":["GET"]}}],"collection":[{"href":"https:\/\/autravail.ca\/en\/wp-json\/wp\/v2\/product"}],"about":[{"href":"https:\/\/autravail.ca\/en\/wp-json\/wp\/v2\/types\/product"}],"replies":[{"embeddable":true,"href":"https:\/\/autravail.ca\/en\/wp-json\/wp\/v2\/comments?post=43171"}],"wp:featuredmedia":[{"embeddable":true,"href":"https:\/\/autravail.ca\/en\/wp-json\/wp\/v2\/media\/43172"}],"wp:attachment":[{"href":"https:\/\/autravail.ca\/en\/wp-json\/wp\/v2\/media?parent=43171"}],"wp:term":[{"taxonomy":"product_cat","embeddable":true,"href":"https:\/\/autravail.ca\/en\/wp-json\/wp\/v2\/product_cat?post=43171"},{"taxonomy":"product_tag","embeddable":true,"href":"https:\/\/autravail.ca\/en\/wp-json\/wp\/v2\/product_tag?post=43171"}],"curies":[{"name":"wp","href":"https:\/\/api.w.org\/{rel}","templated":true}]}}