{"id":43047,"date":"2025-12-11T13:17:25","date_gmt":"2025-12-11T17:17:25","guid":{"rendered":"https:\/\/autravail.ca\/?post_type=product&#038;p=43047"},"modified":"2026-03-28T10:56:52","modified_gmt":"2026-03-28T14:56:52","slug":"botte-de-travail-puma-632723","status":"publish","type":"product","link":"https:\/\/autravail.ca\/en\/product\/botte-de-travail-puma-632723\/","title":{"rendered":"Botte de travail Puma &#8211; 632723"},"content":{"rendered":"<h3>Botte de travail Puma &#8211; 632723<\/h3>\n<p>La Botte de travail Puma &#8211; 632723 offre robustesse et confort pour les longues journ\u00e9es actives. Ces bottes sont de conception solide qui prot\u00e8ge efficacement vos pieds contre les chocs et les risques. La semelle antid\u00e9rapante assure une excellente stabilit\u00e9 sur les surfaces glissantes ou irr\u00e9guli\u00e8res. Le cuir de qualit\u00e9 r\u00e9siste \u00e0 l\u2019usure et garde une allure professionnelle durable. L\u2019embout de s\u00e9curit\u00e9 en composite renforce la protection sans alourdir la chaussure. La doublure respirante maintient vos pieds au sec et r\u00e9duit l\u2019inconfort li\u00e9 \u00e0 la transpiration. Le design moderne combine style et fonctionnalit\u00e9, id\u00e9al pour les environnements exigeants. Les lacets solides garantissent un ajustement ferme et s\u00e9curitaire. La semelle interm\u00e9diaire amortit les impacts et r\u00e9duit la fatigue musculaire.<\/p>\n<p>Ces bottes <a href=\"https:\/\/autravail.ca\/en\/product-brand\/Puma\/\">Puma Safety<\/a> s\u2019adaptent aux besoins des travailleurs recherchant performance et fiabilit\u00e9. Puma mise sur l\u2019innovation pour offrir un produit qui inspire confiance. Les bottes 732743 deviennent un alli\u00e9 essentiel pour affronter chaque d\u00e9fi professionnel avec assurance et efficacit\u00e9.<\/p>\n<p><img decoding=\"async\" class=\"alignnone size-full wp-image-40117\" src=\"https:\/\/autravail.ca\/wp-content\/uploads\/2025\/09\/Certification-Omega-Triangle-vert.jpg\" alt=\"Certifications Om\u00e9ga Triangle vert\" width=\"193\" height=\"110\" srcset=\"https:\/\/autravail.ca\/wp-content\/uploads\/2025\/09\/Certification-Omega-Triangle-vert.jpg 193w, https:\/\/autravail.ca\/wp-content\/uploads\/2025\/09\/Certification-Omega-Triangle-vert-150x85.jpg 150w, https:\/\/autravail.ca\/wp-content\/uploads\/2025\/09\/Certification-Omega-Triangle-vert-18x10.jpg 18w\" sizes=\"(max-width: 193px) 100vw, 193px\" \/><\/p>\n<p><span class=\"BxUVEf ILfuVd\" lang=\"fr\"><span class=\"hgKElc\"><b><!--EndFragment --><\/b><\/span><\/span><\/p>\n<h4>Characteristics:<\/h4>\n<ul>\n<li>Regular cut<\/li>\n<li>Doublure en maille respirante<\/li>\n<li>Waterproof Membrane<\/li>\n<li>Full Flower Immutable Rubber Tube.<\/li>\n<li>Hauteur 8\u00a0\u00bb<\/li>\n<li>Embout de composite<\/li>\n<li>Certifi\u00e9e CSA Om\u00e9ga type ERS<\/li>\n<li>Semelle interne en polyur\u00e9thane de premi\u00e8re qualit\u00e9<\/li>\n<li>Semelle externe en TPU<\/li>\n<\/ul>\n<p><img decoding=\"async\" class=\"alignnone wp-image-40620\" src=\"https:\/\/autravail.ca\/wp-content\/uploads\/2025\/09\/Jachete-quebec-et-canada.jpg\" alt=\"Logo de l'achat local\" width=\"162\" height=\"139\" \/>Merci d&rsquo;encourager une entreprise 100% d&rsquo;ici!<\/p>\n<p>TS2512S<\/p>","protected":false},"excerpt":{"rendered":"<p>Botte de travail Puma &#8211; 632723 La Botte de travail Puma &#8211; 632723 offre robustesse et confort pour les longues journ\u00e9es actives. Ces bottes sont de conception solide qui prot\u00e8ge efficacement vos pieds contre les chocs et les risques. La semelle antid\u00e9rapante assure une excellente stabilit\u00e9 sur les surfaces glissantes ou irr\u00e9guli\u00e8res. Le cuir de [&hellip;]<\/p>","protected":false},"featured_media":43049,"comment_status":"open","ping_status":"closed","template":"","meta":[],"product_cat":[613,805,811,848],"product_tag":[252,242,253],"class_list":{"0":"post-43047","1":"product","2":"type-product","3":"status-publish","4":"has-post-thumbnail","6":"product_brand-puma","7":"product_cat-bottes-de-travail","8":"product_cat-bottes-de-travail-homme","9":"product_cat-chaussures-de-securite","10":"product_cat-top-choix-des-travailleurs","11":"product_tag-electric-shock-resistant","12":"product_tag-homme","13":"product_tag-sole-protection","15":"first","16":"instock","17":"taxable","18":"shipping-taxable","19":"purchasable","20":"product-type-variable"},"yoast_head":"<!-- This site is optimized with the Yoast SEO plugin v25.3.1 - https:\/\/yoast.com\/wordpress\/plugins\/seo\/ -->\n<title>Botte de travail Puma - 632723 - Le Magasin Industriel<\/title>\n<meta name=\"description\" content=\"Botte de travail Puma - 632723 certifi\u00e9e CSA, tout cuir avec membrane imperm\u00e9able, embout externe, semelle confort et semelle d&#039;usure de premi\u00e8re qualit\u00e9.\" \/>\n<meta name=\"robots\" content=\"index, follow, max-snippet:-1, max-image-preview:large, max-video-preview:-1\" \/>\n<link rel=\"canonical\" href=\"https:\/\/autravail.ca\/en\/product\/botte-de-travail-puma-632723\/\" \/>\n<meta property=\"og:locale\" content=\"en_US\" \/>\n<meta property=\"og:type\" content=\"article\" \/>\n<meta property=\"og:title\" content=\"Botte de travail Puma - 632723 - Le Magasin Industriel\" \/>\n<meta property=\"og:description\" content=\"Botte de travail Puma - 632723 certifi\u00e9e CSA, tout cuir avec membrane imperm\u00e9able, embout externe, semelle confort et semelle d&#039;usure de premi\u00e8re qualit\u00e9.\" \/>\n<meta property=\"og:url\" content=\"https:\/\/autravail.ca\/en\/product\/botte-de-travail-puma-632723\/\" \/>\n<meta property=\"og:site_name\" content=\"Le Magasin Industriel\" \/>\n<meta property=\"article:publisher\" content=\"https:\/\/www.facebook.com\/lemagasinindustriel\/?locale=fr_FR\" \/>\n<meta property=\"article:modified_time\" content=\"2026-03-28T14:56:52+00:00\" \/>\n<meta property=\"og:image\" content=\"https:\/\/autravail.ca\/wp-content\/uploads\/2025\/12\/632743_A01.jpg\" \/>\n\t<meta property=\"og:image:width\" content=\"1000\" \/>\n\t<meta property=\"og:image:height\" content=\"1000\" \/>\n\t<meta property=\"og:image:type\" content=\"image\/jpeg\" \/>\n<meta name=\"twitter:card\" content=\"summary_large_image\" \/>\n<meta name=\"twitter:label1\" content=\"Est. reading time\" \/>\n\t<meta name=\"twitter:data1\" content=\"2 minutes\" \/>\n<script type=\"application\/ld+json\" class=\"yoast-schema-graph\">{\"@context\":\"https:\/\/schema.org\",\"@graph\":[{\"@type\":\"WebPage\",\"@id\":\"https:\/\/autravail.ca\/product\/botte-de-travail-puma-632723\/\",\"url\":\"https:\/\/autravail.ca\/product\/botte-de-travail-puma-632723\/\",\"name\":\"Botte de travail Puma - 632723 - Le Magasin Industriel\",\"isPartOf\":{\"@id\":\"https:\/\/autravail.ca\/#website\"},\"primaryImageOfPage\":{\"@id\":\"https:\/\/autravail.ca\/product\/botte-de-travail-puma-632723\/#primaryimage\"},\"image\":{\"@id\":\"https:\/\/autravail.ca\/product\/botte-de-travail-puma-632723\/#primaryimage\"},\"thumbnailUrl\":\"https:\/\/autravail.ca\/wp-content\/uploads\/2025\/12\/632743_A01.jpg\",\"datePublished\":\"2025-12-11T17:17:25+00:00\",\"dateModified\":\"2026-03-28T14:56:52+00:00\",\"description\":\"Botte de travail Puma - 632723 certifi\u00e9e CSA, tout cuir avec membrane imperm\u00e9able, embout externe, semelle confort et semelle d'usure de premi\u00e8re qualit\u00e9.\",\"breadcrumb\":{\"@id\":\"https:\/\/autravail.ca\/product\/botte-de-travail-puma-632723\/#breadcrumb\"},\"inLanguage\":\"en-CA\",\"potentialAction\":[{\"@type\":\"ReadAction\",\"target\":[\"https:\/\/autravail.ca\/product\/botte-de-travail-puma-632723\/\"]}]},{\"@type\":\"ImageObject\",\"inLanguage\":\"en-CA\",\"@id\":\"https:\/\/autravail.ca\/product\/botte-de-travail-puma-632723\/#primaryimage\",\"url\":\"https:\/\/autravail.ca\/wp-content\/uploads\/2025\/12\/632743_A01.jpg\",\"contentUrl\":\"https:\/\/autravail.ca\/wp-content\/uploads\/2025\/12\/632743_A01.jpg\",\"width\":1000,\"height\":1000,\"caption\":\"Botte de travail Puma - 632723\"},{\"@type\":\"BreadcrumbList\",\"@id\":\"https:\/\/autravail.ca\/product\/botte-de-travail-puma-632723\/#breadcrumb\",\"itemListElement\":[{\"@type\":\"ListItem\",\"position\":1,\"name\":\"Accueil\",\"item\":\"https:\/\/autravail.ca\/\"},{\"@type\":\"ListItem\",\"position\":2,\"name\":\"Magasin\",\"item\":\"https:\/\/autravail.ca\/en\/shop\/\"},{\"@type\":\"ListItem\",\"position\":3,\"name\":\"Botte de travail Puma &#8211; 632723\"}]},{\"@type\":\"WebSite\",\"@id\":\"https:\/\/autravail.ca\/#website\",\"url\":\"https:\/\/autravail.ca\/\",\"name\":\"Le Magasin Industriel\",\"description\":\"50 ans de tradition de s\u00e9curit\u00e9 au travail\",\"publisher\":{\"@id\":\"https:\/\/autravail.ca\/#organization\"},\"potentialAction\":[{\"@type\":\"SearchAction\",\"target\":{\"@type\":\"EntryPoint\",\"urlTemplate\":\"https:\/\/autravail.ca\/?s={search_term_string}\"},\"query-input\":{\"@type\":\"PropertyValueSpecification\",\"valueRequired\":true,\"valueName\":\"search_term_string\"}}],\"inLanguage\":\"en-CA\"},{\"@type\":\"Organization\",\"@id\":\"https:\/\/autravail.ca\/#organization\",\"name\":\"Le Magasin Industriel\",\"url\":\"https:\/\/autravail.ca\/\",\"logo\":{\"@type\":\"ImageObject\",\"inLanguage\":\"en-CA\",\"@id\":\"https:\/\/autravail.ca\/#\/schema\/logo\/image\/\",\"url\":\"https:\/\/autravail.ca\/wp-content\/uploads\/2025\/05\/cropped-magasin_industriel_120x.avif\",\"contentUrl\":\"https:\/\/autravail.ca\/wp-content\/uploads\/2025\/05\/cropped-magasin_industriel_120x.avif\",\"width\":120,\"height\":24,\"caption\":\"Le Magasin Industriel\"},\"image\":{\"@id\":\"https:\/\/autravail.ca\/#\/schema\/logo\/image\/\"},\"sameAs\":[\"https:\/\/www.facebook.com\/lemagasinindustriel\/?locale=fr_FR\"]}]}<\/script>\n<!-- \/ Yoast SEO plugin. -->","yoast_head_json":{"title":"Botte de travail Puma - 632723 - Le Magasin Industriel","description":"Botte de travail Puma - 632723 certifi\u00e9e CSA, tout cuir avec membrane imperm\u00e9able, embout externe, semelle confort et semelle d'usure de premi\u00e8re qualit\u00e9.","robots":{"index":"index","follow":"follow","max-snippet":"max-snippet:-1","max-image-preview":"max-image-preview:large","max-video-preview":"max-video-preview:-1"},"canonical":"https:\/\/autravail.ca\/en\/product\/botte-de-travail-puma-632723\/","og_locale":"en_US","og_type":"article","og_title":"Botte de travail Puma - 632723 - Le Magasin Industriel","og_description":"Botte de travail Puma - 632723 certifi\u00e9e CSA, tout cuir avec membrane imperm\u00e9able, embout externe, semelle confort et semelle d'usure de premi\u00e8re qualit\u00e9.","og_url":"https:\/\/autravail.ca\/en\/product\/botte-de-travail-puma-632723\/","og_site_name":"Le Magasin Industriel","article_publisher":"https:\/\/www.facebook.com\/lemagasinindustriel\/?locale=fr_FR","article_modified_time":"2026-03-28T14:56:52+00:00","og_image":[{"width":1000,"height":1000,"url":"https:\/\/autravail.ca\/wp-content\/uploads\/2025\/12\/632743_A01.jpg","type":"image\/jpeg"}],"twitter_card":"summary_large_image","twitter_misc":{"Est. reading time":"2 minutes"},"schema":{"@context":"https:\/\/schema.org","@graph":[{"@type":"WebPage","@id":"https:\/\/autravail.ca\/product\/botte-de-travail-puma-632723\/","url":"https:\/\/autravail.ca\/product\/botte-de-travail-puma-632723\/","name":"Botte de travail Puma - 632723 - Le Magasin Industriel","isPartOf":{"@id":"https:\/\/autravail.ca\/#website"},"primaryImageOfPage":{"@id":"https:\/\/autravail.ca\/product\/botte-de-travail-puma-632723\/#primaryimage"},"image":{"@id":"https:\/\/autravail.ca\/product\/botte-de-travail-puma-632723\/#primaryimage"},"thumbnailUrl":"https:\/\/autravail.ca\/wp-content\/uploads\/2025\/12\/632743_A01.jpg","datePublished":"2025-12-11T17:17:25+00:00","dateModified":"2026-03-28T14:56:52+00:00","description":"Botte de travail Puma - 632723 certifi\u00e9e CSA, tout cuir avec membrane imperm\u00e9able, embout externe, semelle confort et semelle d'usure de premi\u00e8re qualit\u00e9.","breadcrumb":{"@id":"https:\/\/autravail.ca\/product\/botte-de-travail-puma-632723\/#breadcrumb"},"inLanguage":"en-CA","potentialAction":[{"@type":"ReadAction","target":["https:\/\/autravail.ca\/product\/botte-de-travail-puma-632723\/"]}]},{"@type":"ImageObject","inLanguage":"en-CA","@id":"https:\/\/autravail.ca\/product\/botte-de-travail-puma-632723\/#primaryimage","url":"https:\/\/autravail.ca\/wp-content\/uploads\/2025\/12\/632743_A01.jpg","contentUrl":"https:\/\/autravail.ca\/wp-content\/uploads\/2025\/12\/632743_A01.jpg","width":1000,"height":1000,"caption":"Botte de travail Puma - 632723"},{"@type":"BreadcrumbList","@id":"https:\/\/autravail.ca\/product\/botte-de-travail-puma-632723\/#breadcrumb","itemListElement":[{"@type":"ListItem","position":1,"name":"Accueil","item":"https:\/\/autravail.ca\/"},{"@type":"ListItem","position":2,"name":"Magasin","item":"https:\/\/autravail.ca\/en\/shop\/"},{"@type":"ListItem","position":3,"name":"Botte de travail Puma &#8211; 632723"}]},{"@type":"WebSite","@id":"https:\/\/autravail.ca\/#website","url":"https:\/\/autravail.ca\/","name":"Le Magasin Industriel","description":"50 ans de tradition de s\u00e9curit\u00e9 au travail","publisher":{"@id":"https:\/\/autravail.ca\/#organization"},"potentialAction":[{"@type":"SearchAction","target":{"@type":"EntryPoint","urlTemplate":"https:\/\/autravail.ca\/?s={search_term_string}"},"query-input":{"@type":"PropertyValueSpecification","valueRequired":true,"valueName":"search_term_string"}}],"inLanguage":"en-CA"},{"@type":"Organization","@id":"https:\/\/autravail.ca\/#organization","name":"Le Magasin Industriel","url":"https:\/\/autravail.ca\/","logo":{"@type":"ImageObject","inLanguage":"en-CA","@id":"https:\/\/autravail.ca\/#\/schema\/logo\/image\/","url":"https:\/\/autravail.ca\/wp-content\/uploads\/2025\/05\/cropped-magasin_industriel_120x.avif","contentUrl":"https:\/\/autravail.ca\/wp-content\/uploads\/2025\/05\/cropped-magasin_industriel_120x.avif","width":120,"height":24,"caption":"Le Magasin Industriel"},"image":{"@id":"https:\/\/autravail.ca\/#\/schema\/logo\/image\/"},"sameAs":["https:\/\/www.facebook.com\/lemagasinindustriel\/?locale=fr_FR"]}]}},"jetpack_sharing_enabled":true,"_links":{"self":[{"href":"https:\/\/autravail.ca\/en\/wp-json\/wp\/v2\/product\/43047","targetHints":{"allow":["GET"]}}],"collection":[{"href":"https:\/\/autravail.ca\/en\/wp-json\/wp\/v2\/product"}],"about":[{"href":"https:\/\/autravail.ca\/en\/wp-json\/wp\/v2\/types\/product"}],"replies":[{"embeddable":true,"href":"https:\/\/autravail.ca\/en\/wp-json\/wp\/v2\/comments?post=43047"}],"wp:featuredmedia":[{"embeddable":true,"href":"https:\/\/autravail.ca\/en\/wp-json\/wp\/v2\/media\/43049"}],"wp:attachment":[{"href":"https:\/\/autravail.ca\/en\/wp-json\/wp\/v2\/media?parent=43047"}],"wp:term":[{"taxonomy":"product_cat","embeddable":true,"href":"https:\/\/autravail.ca\/en\/wp-json\/wp\/v2\/product_cat?post=43047"},{"taxonomy":"product_tag","embeddable":true,"href":"https:\/\/autravail.ca\/en\/wp-json\/wp\/v2\/product_tag?post=43047"}],"curies":[{"name":"wp","href":"https:\/\/api.w.org\/{rel}","templated":true}]}}