{"id":42443,"date":"2025-12-09T14:42:38","date_gmt":"2025-12-09T18:42:38","guid":{"rendered":"https:\/\/autravail.ca\/?post_type=product&#038;p=42443"},"modified":"2025-12-29T18:19:03","modified_gmt":"2025-12-29T22:19:03","slug":"ouate-col-rond-m-o-3340","status":"publish","type":"product","link":"https:\/\/autravail.ca\/en\/product\/ouate-col-rond-m-o-3340\/","title":{"rendered":"Ouat\u00e9 col rond M &#038; O &#8211; 3340"},"content":{"rendered":"<h3>Ouat\u00e9 col rond M &amp; O &#8211; 3340<\/h3>\n<p>Ouat\u00e9 col rond M &amp; O &#8211; 3340, tu veux un sweat simple, confortable, durable et polyvalent \u2014 le genre de v\u00eatement facile \u00e0 porter au quotidien. Tu recherches un <strong data-start=\"2403\" data-end=\"2440\">molleton robuste mais confortable<\/strong> : bon m\u00e9lange coton\/polyester + coutures solides + coupe unisexe. Tu veux un basique intemporel \u00e0 <strong data-start=\"2543\" data-end=\"2560\">personnaliser<\/strong> <strong>(impression ou broderie)<\/strong> ou \u00e0 porter tel quel. Convient autant pour un usage personnel que pour des commandes en groupe (\u00e9quipe, entreprise, etc.), gr\u00e2ce au large \u00e9ventail de tailles et \u00e0 la coupe unisexe ainsi que son excellent rapport qualit\u00e9-prix imbattable. D\u00e9couvrez le chandail molletonn\u00e9 <strong data-start=\"204\" data-end=\"216\"><a href=\"https:\/\/autravail.ca\/en\/product-brand\/gildan\/\">M&amp;O<\/a> 3340<\/strong>, un incontournable pour un confort quotidien. C\u2019est le choix parfait autant pour le travail, les loisirs que les cr\u00e9ations personnalis\u00e9es.<\/p>\n<p>Description du produit<\/p>\n<ul>\n<li style=\"list-style-type: none;\">\n<ul data-start=\"217\" data-end=\"1464\">\n<li data-start=\"217\" data-end=\"337\">\n<p data-start=\"219\" data-end=\"337\"><strong data-start=\"219\" data-end=\"250\">Molleton unisexe \u00e0 col rond<\/strong> (crewneck), style intemporel et passe-partout.<\/p>\n<\/li>\n<li data-start=\"338\" data-end=\"522\">\n<p data-start=\"340\" data-end=\"522\"><strong data-start=\"340\" data-end=\"351\">Tissu :<\/strong> m\u00e9lange 50 % coton peign\u00e9 et fil\u00e9 \u00e0 l\u2019anneau, 50 % polyester \u2014 ce qui donne un bon \u00e9quilibre entre confort, douceur et robustesse.<\/p>\n<\/li>\n<li data-start=\"523\" data-end=\"704\">\n<p data-start=\"525\" data-end=\"704\"><strong data-start=\"525\" data-end=\"546\">Poids \/ densit\u00e9 :<\/strong> 12,5 oz (environ milieu de gamme pour un sweatshirt \u2014 suffisant pour offrir chaleur et confort sans \u00eatre trop lourd).<\/p>\n<\/li>\n<li data-start=\"705\" data-end=\"893\">\n<p data-start=\"707\" data-end=\"893\"><strong data-start=\"707\" data-end=\"732\">Confort &amp; finitions :<\/strong> col, poignets et bas du v\u00eatement sont c\u00f4tel\u00e9s (bord-c\u00f4te), ce qui aide \u00e0 conserver la structure et la forme du molleton.<\/p>\n<\/li>\n<li data-start=\"894\" data-end=\"1103\">\n<p data-start=\"896\" data-end=\"1103\"><strong data-start=\"896\" data-end=\"920\">Conception durable :<\/strong> coutures \u00e0 double piq\u00fbre aux emmanchures, aux poignets, \u00e0 la taille et au cou \u2014 gage de robustesse et durabilit\u00e9 m\u00eame apr\u00e8s plusieurs lavages.<\/p>\n<\/li>\n<li data-start=\"1104\" data-end=\"1217\">\n<p data-start=\"1106\" data-end=\"1217\"><strong data-start=\"1106\" data-end=\"1128\">Coutures lat\u00e9rales<\/strong> pour une meilleure tenue et un confort optimis\u00e9.<\/p>\n<\/li>\n<li data-start=\"1218\" data-end=\"1464\">\n<p data-start=\"1220\" data-end=\"1464\"><strong data-start=\"1220\" data-end=\"1245\">Style &amp; polyvalence :<\/strong> coupe unisexe classique, facile \u00e0 porter autant pour un homme que pour une femme \u2014 id\u00e9al pour un usage quotidien, pour superposer, ou comme v\u00eatement promotionnel\/personnalisable.<\/p>\n<h6 data-start=\"1013\" data-end=\"1047\">Guide des mesures (po, \u00e0 plat) :<\/h6>\n<ul data-start=\"1048\" data-end=\"1215\">\n<li data-start=\"1048\" data-end=\"1070\">\n<p data-start=\"1050\" data-end=\"1070\"><strong data-start=\"1050\" data-end=\"1056\">XS<\/strong> : 18&Prime; x 26&Prime;<\/p>\n<\/li>\n<li data-start=\"1071\" data-end=\"1094\">\n<p data-start=\"1073\" data-end=\"1094\"><strong data-start=\"1073\" data-end=\"1078\">S<\/strong> : 20 \u00be\u00a0\u00bb x 28&Prime;<\/p>\n<\/li>\n<li data-start=\"1095\" data-end=\"1118\">\n<p data-start=\"1097\" data-end=\"1118\"><strong data-start=\"1097\" data-end=\"1102\">M<\/strong> : 22 \u00bc\u00a0\u00bb x 29&Prime;<\/p>\n<\/li>\n<li data-start=\"1119\" data-end=\"1142\">\n<p data-start=\"1121\" data-end=\"1142\"><strong data-start=\"1121\" data-end=\"1126\">L<\/strong> : 24&Prime; x 29 \u00bd\u00a0\u00bb<\/p>\n<\/li>\n<li data-start=\"1143\" data-end=\"1165\">\n<p data-start=\"1145\" data-end=\"1165\"><strong data-start=\"1145\" data-end=\"1151\">XL<\/strong> : 26&Prime; x 31&Prime;<\/p>\n<\/li>\n<li data-start=\"1166\" data-end=\"1191\">\n<p data-start=\"1168\" data-end=\"1191\"><strong data-start=\"1168\" data-end=\"1175\">2XL<\/strong> : 28 \u00bd\u00a0\u00bb x 32&Prime;<\/p>\n<\/li>\n<li data-start=\"1192\" data-end=\"1215\">\n<p data-start=\"1194\" data-end=\"1215\"><strong data-start=\"1194\" data-end=\"1201\">3XL<\/strong> : 31&Prime; x 33 \u00bc\u00a0\u00bb<\/p>\n<\/li>\n<\/ul>\n<\/li>\n<\/ul>\n<\/li>\n<\/ul>\n<p><img decoding=\"async\" class=\"alignnone wp-image-40620\" src=\"https:\/\/autravail.ca\/wp-content\/uploads\/2025\/09\/Jachete-quebec-et-canada.jpg\" alt=\"Logo de l'achat local\" width=\"162\" height=\"139\" \/>Merci d&rsquo;encourager une entreprise 100% d&rsquo;ici!<\/p>\n<p>TS2912H<\/p>","protected":false},"excerpt":{"rendered":"<p>Ouat\u00e9 col rond M &amp; O &#8211; 3340 Ouat\u00e9 col rond M &amp; O &#8211; 3340, tu veux un sweat simple, confortable, durable et polyvalent \u2014 le genre de v\u00eatement facile \u00e0 porter au quotidien. Tu recherches un molleton robuste mais confortable : bon m\u00e9lange coton\/polyester + coutures solides + coupe unisexe. Tu veux un [&hellip;]<\/p>","protected":false},"featured_media":42495,"comment_status":"open","ping_status":"closed","template":"","meta":[],"product_cat":[630,813,633,602,688,629,628],"product_tag":[255,242,293],"class_list":{"0":"post-42443","1":"product","2":"type-product","3":"status-publish","4":"has-post-thumbnail","6":"product_brand-m-o","7":"product_cat-chandails","8":"product_cat-cols-ronds","9":"product_cat-femmes","10":"product_cat-hommes","11":"product_cat-m-and-o","12":"product_cat-polos","13":"product_cat-t-shirts","14":"product_tag-femme","15":"product_tag-homme","16":"product_tag-t-shirts-polos-et-chandails","18":"first","19":"instock","20":"taxable","21":"shipping-taxable","22":"purchasable","23":"product-type-variable"},"yoast_head":"<!-- This site is optimized with the Yoast SEO plugin v25.3.1 - https:\/\/yoast.com\/wordpress\/plugins\/seo\/ -->\n<title>Ouat\u00e9 col rond M &amp; O - 3340 - Le Magasin Industriel<\/title>\n<meta name=\"description\" content=\"Ouat\u00e9 col rond M &amp; O - 3340, rester au chaud avec ce ouat\u00e9\/pull \u00e0 col rond fait d&#039;un m\u00e9lange de coton et de polyester, confortable\" \/>\n<meta name=\"robots\" content=\"index, follow, max-snippet:-1, max-image-preview:large, max-video-preview:-1\" \/>\n<link rel=\"canonical\" href=\"https:\/\/autravail.ca\/en\/product\/ouate-col-rond-m-o-3340\/\" \/>\n<meta property=\"og:locale\" content=\"en_US\" \/>\n<meta property=\"og:type\" content=\"article\" \/>\n<meta property=\"og:title\" content=\"Ouat\u00e9 col rond M &amp; O - 3340 - Le Magasin Industriel\" \/>\n<meta property=\"og:description\" content=\"Ouat\u00e9 col rond M &amp; O - 3340, rester au chaud avec ce ouat\u00e9\/pull \u00e0 col rond fait d&#039;un m\u00e9lange de coton et de polyester, confortable\" \/>\n<meta property=\"og:url\" content=\"https:\/\/autravail.ca\/en\/product\/ouate-col-rond-m-o-3340\/\" \/>\n<meta property=\"og:site_name\" content=\"Le Magasin Industriel\" \/>\n<meta property=\"article:publisher\" content=\"https:\/\/www.facebook.com\/lemagasinindustriel\/?locale=fr_FR\" \/>\n<meta property=\"article:modified_time\" content=\"2025-12-29T22:19:03+00:00\" \/>\n<meta property=\"og:image\" content=\"https:\/\/autravail.ca\/wp-content\/uploads\/2025\/12\/3340_BLK_DEVANT_a01.jpg\" \/>\n\t<meta property=\"og:image:width\" content=\"1000\" \/>\n\t<meta property=\"og:image:height\" content=\"1000\" \/>\n\t<meta property=\"og:image:type\" content=\"image\/jpeg\" \/>\n<meta name=\"twitter:card\" content=\"summary_large_image\" \/>\n<meta name=\"twitter:label1\" content=\"Est. reading time\" \/>\n\t<meta name=\"twitter:data1\" content=\"2 minutes\" \/>\n<script type=\"application\/ld+json\" class=\"yoast-schema-graph\">{\"@context\":\"https:\/\/schema.org\",\"@graph\":[{\"@type\":\"WebPage\",\"@id\":\"https:\/\/autravail.ca\/product\/ouate-col-rond-m-o-3340\/\",\"url\":\"https:\/\/autravail.ca\/product\/ouate-col-rond-m-o-3340\/\",\"name\":\"Ouat\u00e9 col rond M & O - 3340 - Le Magasin Industriel\",\"isPartOf\":{\"@id\":\"https:\/\/autravail.ca\/#website\"},\"primaryImageOfPage\":{\"@id\":\"https:\/\/autravail.ca\/product\/ouate-col-rond-m-o-3340\/#primaryimage\"},\"image\":{\"@id\":\"https:\/\/autravail.ca\/product\/ouate-col-rond-m-o-3340\/#primaryimage\"},\"thumbnailUrl\":\"https:\/\/autravail.ca\/wp-content\/uploads\/2025\/12\/3340_BLK_DEVANT_a01.jpg\",\"datePublished\":\"2025-12-09T18:42:38+00:00\",\"dateModified\":\"2025-12-29T22:19:03+00:00\",\"description\":\"Ouat\u00e9 col rond M & O - 3340, rester au chaud avec ce ouat\u00e9\/pull \u00e0 col rond fait d'un m\u00e9lange de coton et de polyester, confortable\",\"breadcrumb\":{\"@id\":\"https:\/\/autravail.ca\/product\/ouate-col-rond-m-o-3340\/#breadcrumb\"},\"inLanguage\":\"en-CA\",\"potentialAction\":[{\"@type\":\"ReadAction\",\"target\":[\"https:\/\/autravail.ca\/product\/ouate-col-rond-m-o-3340\/\"]}]},{\"@type\":\"ImageObject\",\"inLanguage\":\"en-CA\",\"@id\":\"https:\/\/autravail.ca\/product\/ouate-col-rond-m-o-3340\/#primaryimage\",\"url\":\"https:\/\/autravail.ca\/wp-content\/uploads\/2025\/12\/3340_BLK_DEVANT_a01.jpg\",\"contentUrl\":\"https:\/\/autravail.ca\/wp-content\/uploads\/2025\/12\/3340_BLK_DEVANT_a01.jpg\",\"width\":1000,\"height\":1000},{\"@type\":\"BreadcrumbList\",\"@id\":\"https:\/\/autravail.ca\/product\/ouate-col-rond-m-o-3340\/#breadcrumb\",\"itemListElement\":[{\"@type\":\"ListItem\",\"position\":1,\"name\":\"Accueil\",\"item\":\"https:\/\/autravail.ca\/\"},{\"@type\":\"ListItem\",\"position\":2,\"name\":\"Magasin\",\"item\":\"https:\/\/autravail.ca\/en\/shop\/\"},{\"@type\":\"ListItem\",\"position\":3,\"name\":\"Ouat\u00e9 col rond M &#038; O &#8211; 3340\"}]},{\"@type\":\"WebSite\",\"@id\":\"https:\/\/autravail.ca\/#website\",\"url\":\"https:\/\/autravail.ca\/\",\"name\":\"Le Magasin Industriel\",\"description\":\"50 ans de tradition de s\u00e9curit\u00e9 au travail\",\"publisher\":{\"@id\":\"https:\/\/autravail.ca\/#organization\"},\"potentialAction\":[{\"@type\":\"SearchAction\",\"target\":{\"@type\":\"EntryPoint\",\"urlTemplate\":\"https:\/\/autravail.ca\/?s={search_term_string}\"},\"query-input\":{\"@type\":\"PropertyValueSpecification\",\"valueRequired\":true,\"valueName\":\"search_term_string\"}}],\"inLanguage\":\"en-CA\"},{\"@type\":\"Organization\",\"@id\":\"https:\/\/autravail.ca\/#organization\",\"name\":\"Le Magasin Industriel\",\"url\":\"https:\/\/autravail.ca\/\",\"logo\":{\"@type\":\"ImageObject\",\"inLanguage\":\"en-CA\",\"@id\":\"https:\/\/autravail.ca\/#\/schema\/logo\/image\/\",\"url\":\"https:\/\/autravail.ca\/wp-content\/uploads\/2025\/05\/cropped-magasin_industriel_120x.avif\",\"contentUrl\":\"https:\/\/autravail.ca\/wp-content\/uploads\/2025\/05\/cropped-magasin_industriel_120x.avif\",\"width\":120,\"height\":24,\"caption\":\"Le Magasin Industriel\"},\"image\":{\"@id\":\"https:\/\/autravail.ca\/#\/schema\/logo\/image\/\"},\"sameAs\":[\"https:\/\/www.facebook.com\/lemagasinindustriel\/?locale=fr_FR\"]}]}<\/script>\n<!-- \/ Yoast SEO plugin. -->","yoast_head_json":{"title":"Ouat\u00e9 col rond M & O - 3340 - Le Magasin Industriel","description":"Ouat\u00e9 col rond M & O - 3340, rester au chaud avec ce ouat\u00e9\/pull \u00e0 col rond fait d'un m\u00e9lange de coton et de polyester, confortable","robots":{"index":"index","follow":"follow","max-snippet":"max-snippet:-1","max-image-preview":"max-image-preview:large","max-video-preview":"max-video-preview:-1"},"canonical":"https:\/\/autravail.ca\/en\/product\/ouate-col-rond-m-o-3340\/","og_locale":"en_US","og_type":"article","og_title":"Ouat\u00e9 col rond M & O - 3340 - Le Magasin Industriel","og_description":"Ouat\u00e9 col rond M & O - 3340, rester au chaud avec ce ouat\u00e9\/pull \u00e0 col rond fait d'un m\u00e9lange de coton et de polyester, confortable","og_url":"https:\/\/autravail.ca\/en\/product\/ouate-col-rond-m-o-3340\/","og_site_name":"Le Magasin Industriel","article_publisher":"https:\/\/www.facebook.com\/lemagasinindustriel\/?locale=fr_FR","article_modified_time":"2025-12-29T22:19:03+00:00","og_image":[{"width":1000,"height":1000,"url":"https:\/\/autravail.ca\/wp-content\/uploads\/2025\/12\/3340_BLK_DEVANT_a01.jpg","type":"image\/jpeg"}],"twitter_card":"summary_large_image","twitter_misc":{"Est. reading time":"2 minutes"},"schema":{"@context":"https:\/\/schema.org","@graph":[{"@type":"WebPage","@id":"https:\/\/autravail.ca\/product\/ouate-col-rond-m-o-3340\/","url":"https:\/\/autravail.ca\/product\/ouate-col-rond-m-o-3340\/","name":"Ouat\u00e9 col rond M & O - 3340 - Le Magasin Industriel","isPartOf":{"@id":"https:\/\/autravail.ca\/#website"},"primaryImageOfPage":{"@id":"https:\/\/autravail.ca\/product\/ouate-col-rond-m-o-3340\/#primaryimage"},"image":{"@id":"https:\/\/autravail.ca\/product\/ouate-col-rond-m-o-3340\/#primaryimage"},"thumbnailUrl":"https:\/\/autravail.ca\/wp-content\/uploads\/2025\/12\/3340_BLK_DEVANT_a01.jpg","datePublished":"2025-12-09T18:42:38+00:00","dateModified":"2025-12-29T22:19:03+00:00","description":"Ouat\u00e9 col rond M & O - 3340, rester au chaud avec ce ouat\u00e9\/pull \u00e0 col rond fait d'un m\u00e9lange de coton et de polyester, confortable","breadcrumb":{"@id":"https:\/\/autravail.ca\/product\/ouate-col-rond-m-o-3340\/#breadcrumb"},"inLanguage":"en-CA","potentialAction":[{"@type":"ReadAction","target":["https:\/\/autravail.ca\/product\/ouate-col-rond-m-o-3340\/"]}]},{"@type":"ImageObject","inLanguage":"en-CA","@id":"https:\/\/autravail.ca\/product\/ouate-col-rond-m-o-3340\/#primaryimage","url":"https:\/\/autravail.ca\/wp-content\/uploads\/2025\/12\/3340_BLK_DEVANT_a01.jpg","contentUrl":"https:\/\/autravail.ca\/wp-content\/uploads\/2025\/12\/3340_BLK_DEVANT_a01.jpg","width":1000,"height":1000},{"@type":"BreadcrumbList","@id":"https:\/\/autravail.ca\/product\/ouate-col-rond-m-o-3340\/#breadcrumb","itemListElement":[{"@type":"ListItem","position":1,"name":"Accueil","item":"https:\/\/autravail.ca\/"},{"@type":"ListItem","position":2,"name":"Magasin","item":"https:\/\/autravail.ca\/en\/shop\/"},{"@type":"ListItem","position":3,"name":"Ouat\u00e9 col rond M &#038; O &#8211; 3340"}]},{"@type":"WebSite","@id":"https:\/\/autravail.ca\/#website","url":"https:\/\/autravail.ca\/","name":"Le Magasin Industriel","description":"50 ans de tradition de s\u00e9curit\u00e9 au travail","publisher":{"@id":"https:\/\/autravail.ca\/#organization"},"potentialAction":[{"@type":"SearchAction","target":{"@type":"EntryPoint","urlTemplate":"https:\/\/autravail.ca\/?s={search_term_string}"},"query-input":{"@type":"PropertyValueSpecification","valueRequired":true,"valueName":"search_term_string"}}],"inLanguage":"en-CA"},{"@type":"Organization","@id":"https:\/\/autravail.ca\/#organization","name":"Le Magasin Industriel","url":"https:\/\/autravail.ca\/","logo":{"@type":"ImageObject","inLanguage":"en-CA","@id":"https:\/\/autravail.ca\/#\/schema\/logo\/image\/","url":"https:\/\/autravail.ca\/wp-content\/uploads\/2025\/05\/cropped-magasin_industriel_120x.avif","contentUrl":"https:\/\/autravail.ca\/wp-content\/uploads\/2025\/05\/cropped-magasin_industriel_120x.avif","width":120,"height":24,"caption":"Le Magasin Industriel"},"image":{"@id":"https:\/\/autravail.ca\/#\/schema\/logo\/image\/"},"sameAs":["https:\/\/www.facebook.com\/lemagasinindustriel\/?locale=fr_FR"]}]}},"jetpack_sharing_enabled":true,"_links":{"self":[{"href":"https:\/\/autravail.ca\/en\/wp-json\/wp\/v2\/product\/42443","targetHints":{"allow":["GET"]}}],"collection":[{"href":"https:\/\/autravail.ca\/en\/wp-json\/wp\/v2\/product"}],"about":[{"href":"https:\/\/autravail.ca\/en\/wp-json\/wp\/v2\/types\/product"}],"replies":[{"embeddable":true,"href":"https:\/\/autravail.ca\/en\/wp-json\/wp\/v2\/comments?post=42443"}],"wp:featuredmedia":[{"embeddable":true,"href":"https:\/\/autravail.ca\/en\/wp-json\/wp\/v2\/media\/42495"}],"wp:attachment":[{"href":"https:\/\/autravail.ca\/en\/wp-json\/wp\/v2\/media?parent=42443"}],"wp:term":[{"taxonomy":"product_cat","embeddable":true,"href":"https:\/\/autravail.ca\/en\/wp-json\/wp\/v2\/product_cat?post=42443"},{"taxonomy":"product_tag","embeddable":true,"href":"https:\/\/autravail.ca\/en\/wp-json\/wp\/v2\/product_tag?post=42443"}],"curies":[{"name":"wp","href":"https:\/\/api.w.org\/{rel}","templated":true}]}}