{"id":42360,"date":"2025-12-08T18:35:57","date_gmt":"2025-12-08T22:35:57","guid":{"rendered":"https:\/\/autravail.ca\/?post_type=product&#038;p=42360"},"modified":"2026-03-15T14:36:19","modified_gmt":"2026-03-15T18:36:19","slug":"mitaine-chauffante-kombi-kgm0200013","status":"publish","type":"product","link":"https:\/\/autravail.ca\/en\/product\/mitaine-chauffante-kombi-kgm0200013\/","title":{"rendered":"Mitaine chauffante Kombi &#8211; KGM0200013"},"content":{"rendered":"<h3>Mitaine chauffante Kombi &#8211; KGM0200013<\/h3>\n<p>La Mitaine chauffante Kombi &#8211; KGM0200013 offre une chaleur constante et fiable pendant les journ\u00e9es froides. Ces mitaines utilisent une technologie de chauffage performante qui garde vos mains confortables. La batterie rechargeable assure plusieurs heures d\u2019autonomie, id\u00e9ale pour les activit\u00e9s ext\u00e9rieures prolong\u00e9es. Leur design ergonomique favorise la libert\u00e9 de mouvement et une excellente prise en main. Les mat\u00e9riaux r\u00e9sistants prot\u00e8gent contre le vent et l\u2019humidit\u00e9, garantissant une durabilit\u00e9 remarquable. Les mitaines s\u2019ajustent facilement gr\u00e2ce aux sangles r\u00e9glables, offrant un maintien s\u00fbr et personnalis\u00e9. Elles conviennent parfaitement aux amateurs de plein air, aux travailleurs expos\u00e9s au froid et aux sportifs d\u2019hiver. Le syst\u00e8me de chauffage se contr\u00f4le ais\u00e9ment avec un bouton discret et intuitif.<\/p>\n<p>Les mitaines chauffantes <a href=\"https:\/\/autravail.ca\/en\/product-brand\/kombi\/\">Kombi<\/a> combinent confort, performance et robustesse dans toutes les conditions. Elles deviennent rapidement un indispensable pour affronter l\u2019hiver qu\u00e9b\u00e9cois avec assurance et efficacit\u00e9. Choisir Kombi, c\u2019est investir dans chaleur, fiabilit\u00e9 et libert\u00e9.<\/p>\n<h4>Characteristics:<\/h4>\n<ul class=\"m-0\">\n<li><span class=\"whitespace-pre-wrap inherit text-xs\">Rev\u00eatement FLEXSHELL hydror\u00e9sistant et respirant et cuir de premi\u00e8re qualit\u00e9<\/span><\/li>\n<li>Membrane <span class=\"whitespace-pre-wrap inherit text-xs\">WATERGUARD\u00ae imperm\u00e9able, respirante et \u00e0 l&rsquo;\u00e9preuve du vent<\/span><\/li>\n<li>Isolation m<span class=\"whitespace-pre-wrap inherit text-xs\">icrofibre respirante PRIMALOFT\u00ae Gold P.U.R.E avec technologie Eco Gold Grip control<\/span><\/li>\n<li>Doublure <span class=\"whitespace-pre-wrap inherit text-xs\">M\u00e9lange de laine repoussant l&rsquo;humidit\u00e9 avec protection antimicrobienne naturelle<\/span><\/li>\n<li class=\"m-0\"><span class=\"whitespace-pre-wrap inherit text-xs\">Syst\u00e8me chauffant KOMBI WARM IT UP: jusqu\u2019\u00e0 8 heures de chaleur<\/span><\/li>\n<li class=\"m-0\"><span class=\"whitespace-pre-wrap inherit text-xs\">Chauffage ajustable avec batterie USB incluse<\/span><\/li>\n<li class=\"m-0\"><span class=\"whitespace-pre-wrap inherit text-xs\">Compatible avec les \u00e9crans tactiles gr\u00e2ce \u00e0 la technologie POWERPOINT\u00ae Touch<\/span><\/li>\n<li class=\"m-0\"><span class=\"whitespace-pre-wrap inherit text-xs\">Poche \u00e0 batterie avec fermeture \u00e9clair autobloquante<\/span><\/li>\n<\/ul>\n<p>&nbsp;<\/p>\n<p><img decoding=\"async\" class=\"size-medium wp-image-41561 alignnone\" src=\"https:\/\/autravail.ca\/wp-content\/uploads\/2025\/11\/Badge-commande-en-ligne-LMI-300x133.png\" alt=\"\" width=\"300\" height=\"133\" srcset=\"https:\/\/autravail.ca\/wp-content\/uploads\/2025\/11\/Badge-commande-en-ligne-LMI-300x133.png 300w, https:\/\/autravail.ca\/wp-content\/uploads\/2025\/11\/Badge-commande-en-ligne-LMI-150x67.png 150w, https:\/\/autravail.ca\/wp-content\/uploads\/2025\/11\/Badge-commande-en-ligne-LMI-18x8.png 18w, https:\/\/autravail.ca\/wp-content\/uploads\/2025\/11\/Badge-commande-en-ligne-LMI.png 450w\" sizes=\"(max-width: 300px) 100vw, 300px\" \/><\/p>\n<p>Sauf exception***, en magasin ou en ligne, ce produit est uniquement disponible sur commande.<br \/>\nD\u00e9lais de livraison moyen de 8 jours ouvrables.<\/p>\n<p>TS2512S<\/p>","protected":false},"excerpt":{"rendered":"<p>Mitaine chauffante Kombi &#8211; KGM0200013 La Mitaine chauffante Kombi &#8211; KGM0200013 offre une chaleur constante et fiable pendant les journ\u00e9es froides. Ces mitaines utilisent une technologie de chauffage performante qui garde vos mains confortables. La batterie rechargeable assure plusieurs heures d\u2019autonomie, id\u00e9ale pour les activit\u00e9s ext\u00e9rieures prolong\u00e9es. Leur design ergonomique favorise la libert\u00e9 de mouvement [&hellip;]<\/p>","protected":false},"featured_media":42361,"comment_status":"open","ping_status":"closed","template":"","meta":[],"product_cat":[599,631,633,602,732,660,814],"product_tag":[263,255,242],"class_list":{"0":"post-42360","1":"product","2":"type-product","3":"status-publish","4":"has-post-thumbnail","6":"product_brand-kombi","7":"product_cat-apparel-accessories","8":"product_cat-en-solde","9":"product_cat-femmes","10":"product_cat-hommes","11":"product_cat-kombi","12":"product_cat-protection-des-mains","13":"product_cat-vetements-chauffants","14":"product_tag-en-solde","15":"product_tag-femme","16":"product_tag-homme","18":"first","19":"instock","20":"sale","21":"taxable","22":"shipping-taxable","23":"purchasable","24":"product-type-variable"},"yoast_head":"<!-- This site is optimized with the Yoast SEO plugin v25.3.1 - https:\/\/yoast.com\/wordpress\/plugins\/seo\/ -->\n<title>Mitaine chauffante Kombi - KGM0200013 - Le Magasin Industriel<\/title>\n<meta name=\"description\" content=\"Mitaine chauffante Kombi - KGM0200013 avec batteries USB et chargeur. Le syst\u00e8me peut fournir jusqu&#039;\u00e0 8 heures de chaleur.\" \/>\n<meta name=\"robots\" content=\"index, follow, max-snippet:-1, max-image-preview:large, max-video-preview:-1\" \/>\n<link rel=\"canonical\" href=\"https:\/\/autravail.ca\/en\/product\/mitaine-chauffante-kombi-kgm0200013\/\" \/>\n<meta property=\"og:locale\" content=\"en_US\" \/>\n<meta property=\"og:type\" content=\"article\" \/>\n<meta property=\"og:title\" content=\"Mitaine chauffante Kombi - KGM0200013 - Le Magasin Industriel\" \/>\n<meta property=\"og:description\" content=\"Mitaine chauffante Kombi - KGM0200013 avec batteries USB et chargeur. Le syst\u00e8me peut fournir jusqu&#039;\u00e0 8 heures de chaleur.\" \/>\n<meta property=\"og:url\" content=\"https:\/\/autravail.ca\/en\/product\/mitaine-chauffante-kombi-kgm0200013\/\" \/>\n<meta property=\"og:site_name\" content=\"Le Magasin Industriel\" \/>\n<meta property=\"article:publisher\" content=\"https:\/\/www.facebook.com\/lemagasinindustriel\/?locale=fr_FR\" \/>\n<meta property=\"article:modified_time\" content=\"2026-03-15T18:36:19+00:00\" \/>\n<meta property=\"og:image\" content=\"https:\/\/autravail.ca\/wp-content\/uploads\/2025\/12\/KGM0200013_A01.jpg\" \/>\n\t<meta property=\"og:image:width\" content=\"1000\" \/>\n\t<meta property=\"og:image:height\" content=\"1000\" \/>\n\t<meta property=\"og:image:type\" content=\"image\/jpeg\" \/>\n<meta name=\"twitter:card\" content=\"summary_large_image\" \/>\n<meta name=\"twitter:label1\" content=\"Est. reading time\" \/>\n\t<meta name=\"twitter:data1\" content=\"2 minutes\" \/>\n<script type=\"application\/ld+json\" class=\"yoast-schema-graph\">{\"@context\":\"https:\/\/schema.org\",\"@graph\":[{\"@type\":\"WebPage\",\"@id\":\"https:\/\/autravail.ca\/product\/mitaine-chauffante-kombi-kgm0200013\/\",\"url\":\"https:\/\/autravail.ca\/product\/mitaine-chauffante-kombi-kgm0200013\/\",\"name\":\"Mitaine chauffante Kombi - KGM0200013 - Le Magasin Industriel\",\"isPartOf\":{\"@id\":\"https:\/\/autravail.ca\/#website\"},\"primaryImageOfPage\":{\"@id\":\"https:\/\/autravail.ca\/product\/mitaine-chauffante-kombi-kgm0200013\/#primaryimage\"},\"image\":{\"@id\":\"https:\/\/autravail.ca\/product\/mitaine-chauffante-kombi-kgm0200013\/#primaryimage\"},\"thumbnailUrl\":\"https:\/\/autravail.ca\/wp-content\/uploads\/2025\/12\/KGM0200013_A01.jpg\",\"datePublished\":\"2025-12-08T22:35:57+00:00\",\"dateModified\":\"2026-03-15T18:36:19+00:00\",\"description\":\"Mitaine chauffante Kombi - KGM0200013 avec batteries USB et chargeur. Le syst\u00e8me peut fournir jusqu'\u00e0 8 heures de chaleur.\",\"breadcrumb\":{\"@id\":\"https:\/\/autravail.ca\/product\/mitaine-chauffante-kombi-kgm0200013\/#breadcrumb\"},\"inLanguage\":\"en-CA\",\"potentialAction\":[{\"@type\":\"ReadAction\",\"target\":[\"https:\/\/autravail.ca\/product\/mitaine-chauffante-kombi-kgm0200013\/\"]}]},{\"@type\":\"ImageObject\",\"inLanguage\":\"en-CA\",\"@id\":\"https:\/\/autravail.ca\/product\/mitaine-chauffante-kombi-kgm0200013\/#primaryimage\",\"url\":\"https:\/\/autravail.ca\/wp-content\/uploads\/2025\/12\/KGM0200013_A01.jpg\",\"contentUrl\":\"https:\/\/autravail.ca\/wp-content\/uploads\/2025\/12\/KGM0200013_A01.jpg\",\"width\":1000,\"height\":1000,\"caption\":\"Mitaine chauffante Kombi - KGM0200013\"},{\"@type\":\"BreadcrumbList\",\"@id\":\"https:\/\/autravail.ca\/product\/mitaine-chauffante-kombi-kgm0200013\/#breadcrumb\",\"itemListElement\":[{\"@type\":\"ListItem\",\"position\":1,\"name\":\"Accueil\",\"item\":\"https:\/\/autravail.ca\/\"},{\"@type\":\"ListItem\",\"position\":2,\"name\":\"Magasin\",\"item\":\"https:\/\/autravail.ca\/en\/shop\/\"},{\"@type\":\"ListItem\",\"position\":3,\"name\":\"Mitaine chauffante Kombi &#8211; KGM0200013\"}]},{\"@type\":\"WebSite\",\"@id\":\"https:\/\/autravail.ca\/#website\",\"url\":\"https:\/\/autravail.ca\/\",\"name\":\"Le Magasin Industriel\",\"description\":\"50 ans de tradition de s\u00e9curit\u00e9 au travail\",\"publisher\":{\"@id\":\"https:\/\/autravail.ca\/#organization\"},\"potentialAction\":[{\"@type\":\"SearchAction\",\"target\":{\"@type\":\"EntryPoint\",\"urlTemplate\":\"https:\/\/autravail.ca\/?s={search_term_string}\"},\"query-input\":{\"@type\":\"PropertyValueSpecification\",\"valueRequired\":true,\"valueName\":\"search_term_string\"}}],\"inLanguage\":\"en-CA\"},{\"@type\":\"Organization\",\"@id\":\"https:\/\/autravail.ca\/#organization\",\"name\":\"Le Magasin Industriel\",\"url\":\"https:\/\/autravail.ca\/\",\"logo\":{\"@type\":\"ImageObject\",\"inLanguage\":\"en-CA\",\"@id\":\"https:\/\/autravail.ca\/#\/schema\/logo\/image\/\",\"url\":\"https:\/\/autravail.ca\/wp-content\/uploads\/2025\/05\/cropped-magasin_industriel_120x.avif\",\"contentUrl\":\"https:\/\/autravail.ca\/wp-content\/uploads\/2025\/05\/cropped-magasin_industriel_120x.avif\",\"width\":120,\"height\":24,\"caption\":\"Le Magasin Industriel\"},\"image\":{\"@id\":\"https:\/\/autravail.ca\/#\/schema\/logo\/image\/\"},\"sameAs\":[\"https:\/\/www.facebook.com\/lemagasinindustriel\/?locale=fr_FR\"]}]}<\/script>\n<!-- \/ Yoast SEO plugin. -->","yoast_head_json":{"title":"Mitaine chauffante Kombi - KGM0200013 - Le Magasin Industriel","description":"Mitaine chauffante Kombi - KGM0200013 avec batteries USB et chargeur. Le syst\u00e8me peut fournir jusqu'\u00e0 8 heures de chaleur.","robots":{"index":"index","follow":"follow","max-snippet":"max-snippet:-1","max-image-preview":"max-image-preview:large","max-video-preview":"max-video-preview:-1"},"canonical":"https:\/\/autravail.ca\/en\/product\/mitaine-chauffante-kombi-kgm0200013\/","og_locale":"en_US","og_type":"article","og_title":"Mitaine chauffante Kombi - KGM0200013 - Le Magasin Industriel","og_description":"Mitaine chauffante Kombi - KGM0200013 avec batteries USB et chargeur. Le syst\u00e8me peut fournir jusqu'\u00e0 8 heures de chaleur.","og_url":"https:\/\/autravail.ca\/en\/product\/mitaine-chauffante-kombi-kgm0200013\/","og_site_name":"Le Magasin Industriel","article_publisher":"https:\/\/www.facebook.com\/lemagasinindustriel\/?locale=fr_FR","article_modified_time":"2026-03-15T18:36:19+00:00","og_image":[{"width":1000,"height":1000,"url":"https:\/\/autravail.ca\/wp-content\/uploads\/2025\/12\/KGM0200013_A01.jpg","type":"image\/jpeg"}],"twitter_card":"summary_large_image","twitter_misc":{"Est. reading time":"2 minutes"},"schema":{"@context":"https:\/\/schema.org","@graph":[{"@type":"WebPage","@id":"https:\/\/autravail.ca\/product\/mitaine-chauffante-kombi-kgm0200013\/","url":"https:\/\/autravail.ca\/product\/mitaine-chauffante-kombi-kgm0200013\/","name":"Mitaine chauffante Kombi - KGM0200013 - Le Magasin Industriel","isPartOf":{"@id":"https:\/\/autravail.ca\/#website"},"primaryImageOfPage":{"@id":"https:\/\/autravail.ca\/product\/mitaine-chauffante-kombi-kgm0200013\/#primaryimage"},"image":{"@id":"https:\/\/autravail.ca\/product\/mitaine-chauffante-kombi-kgm0200013\/#primaryimage"},"thumbnailUrl":"https:\/\/autravail.ca\/wp-content\/uploads\/2025\/12\/KGM0200013_A01.jpg","datePublished":"2025-12-08T22:35:57+00:00","dateModified":"2026-03-15T18:36:19+00:00","description":"Mitaine chauffante Kombi - KGM0200013 avec batteries USB et chargeur. Le syst\u00e8me peut fournir jusqu'\u00e0 8 heures de chaleur.","breadcrumb":{"@id":"https:\/\/autravail.ca\/product\/mitaine-chauffante-kombi-kgm0200013\/#breadcrumb"},"inLanguage":"en-CA","potentialAction":[{"@type":"ReadAction","target":["https:\/\/autravail.ca\/product\/mitaine-chauffante-kombi-kgm0200013\/"]}]},{"@type":"ImageObject","inLanguage":"en-CA","@id":"https:\/\/autravail.ca\/product\/mitaine-chauffante-kombi-kgm0200013\/#primaryimage","url":"https:\/\/autravail.ca\/wp-content\/uploads\/2025\/12\/KGM0200013_A01.jpg","contentUrl":"https:\/\/autravail.ca\/wp-content\/uploads\/2025\/12\/KGM0200013_A01.jpg","width":1000,"height":1000,"caption":"Mitaine chauffante Kombi - KGM0200013"},{"@type":"BreadcrumbList","@id":"https:\/\/autravail.ca\/product\/mitaine-chauffante-kombi-kgm0200013\/#breadcrumb","itemListElement":[{"@type":"ListItem","position":1,"name":"Accueil","item":"https:\/\/autravail.ca\/"},{"@type":"ListItem","position":2,"name":"Magasin","item":"https:\/\/autravail.ca\/en\/shop\/"},{"@type":"ListItem","position":3,"name":"Mitaine chauffante Kombi &#8211; KGM0200013"}]},{"@type":"WebSite","@id":"https:\/\/autravail.ca\/#website","url":"https:\/\/autravail.ca\/","name":"Le Magasin Industriel","description":"50 ans de tradition de s\u00e9curit\u00e9 au travail","publisher":{"@id":"https:\/\/autravail.ca\/#organization"},"potentialAction":[{"@type":"SearchAction","target":{"@type":"EntryPoint","urlTemplate":"https:\/\/autravail.ca\/?s={search_term_string}"},"query-input":{"@type":"PropertyValueSpecification","valueRequired":true,"valueName":"search_term_string"}}],"inLanguage":"en-CA"},{"@type":"Organization","@id":"https:\/\/autravail.ca\/#organization","name":"Le Magasin Industriel","url":"https:\/\/autravail.ca\/","logo":{"@type":"ImageObject","inLanguage":"en-CA","@id":"https:\/\/autravail.ca\/#\/schema\/logo\/image\/","url":"https:\/\/autravail.ca\/wp-content\/uploads\/2025\/05\/cropped-magasin_industriel_120x.avif","contentUrl":"https:\/\/autravail.ca\/wp-content\/uploads\/2025\/05\/cropped-magasin_industriel_120x.avif","width":120,"height":24,"caption":"Le Magasin Industriel"},"image":{"@id":"https:\/\/autravail.ca\/#\/schema\/logo\/image\/"},"sameAs":["https:\/\/www.facebook.com\/lemagasinindustriel\/?locale=fr_FR"]}]}},"jetpack_sharing_enabled":true,"_links":{"self":[{"href":"https:\/\/autravail.ca\/en\/wp-json\/wp\/v2\/product\/42360","targetHints":{"allow":["GET"]}}],"collection":[{"href":"https:\/\/autravail.ca\/en\/wp-json\/wp\/v2\/product"}],"about":[{"href":"https:\/\/autravail.ca\/en\/wp-json\/wp\/v2\/types\/product"}],"replies":[{"embeddable":true,"href":"https:\/\/autravail.ca\/en\/wp-json\/wp\/v2\/comments?post=42360"}],"wp:featuredmedia":[{"embeddable":true,"href":"https:\/\/autravail.ca\/en\/wp-json\/wp\/v2\/media\/42361"}],"wp:attachment":[{"href":"https:\/\/autravail.ca\/en\/wp-json\/wp\/v2\/media?parent=42360"}],"wp:term":[{"taxonomy":"product_cat","embeddable":true,"href":"https:\/\/autravail.ca\/en\/wp-json\/wp\/v2\/product_cat?post=42360"},{"taxonomy":"product_tag","embeddable":true,"href":"https:\/\/autravail.ca\/en\/wp-json\/wp\/v2\/product_tag?post=42360"}],"curies":[{"name":"wp","href":"https:\/\/api.w.org\/{rel}","templated":true}]}}