{"id":42312,"date":"2025-12-03T12:48:00","date_gmt":"2025-12-03T16:48:00","guid":{"rendered":"https:\/\/autravail.ca\/?post_type=product&#038;p=42312"},"modified":"2026-03-29T13:54:07","modified_gmt":"2026-03-29T17:54:07","slug":"botte-de-travail-6%e2%80%b3-royer-gore-tex-9820dlx","status":"publish","type":"product","link":"https:\/\/autravail.ca\/en\/product\/botte-de-travail-6%e2%80%b3-royer-gore-tex-9820dlx\/","title":{"rendered":"Botte de travail 6\u2033 Royer Gore-Tex &#8211; 9820DLX"},"content":{"rendered":"<h3>Botte de travail 6\u2033 Royer Gore-Tex &#8211; 9820DLX<\/h3>\n<p>La Botte de travail 6\u2033 Royer Gore-Tex &#8211; 9820DLX s\u2019impose comme un choix robuste et performant. Con\u00e7ue pour r\u00e9sister aux environnements exigeants, elle offre une protection fiable contre l\u2019eau et les intemp\u00e9ries. Sa membrane Gore-Tex assure une imperm\u00e9abilit\u00e9 totale tout en favorisant la respirabilit\u00e9. Le cuir pleine fleur procure une durabilit\u00e9 exceptionnelle et un style professionnel. La semelle Vibram maximise l\u2019adh\u00e9rence sur les surfaces glissantes et r\u00e9duit les risques d\u2019accidents. L\u2019embout protecteur en composite renforce la s\u00e9curit\u00e9 sans alourdir la chaussure. Le confort est optimis\u00e9 gr\u00e2ce \u00e0 une conception ergonomique qui soutient le pied toute la journ\u00e9e. La botte maintient la stabilit\u00e9 m\u00eame lors de longues heures de travail.<\/p>\n<p>Sa conception canadienne refl\u00e8te un savoir-faire reconnu et une qualit\u00e9 sup\u00e9rieure. Elle combine innovation et tradition pour r\u00e9pondre aux besoins des travailleurs modernes. La <a href=\"https:\/\/autravail.ca\/en\/product-brand\/Royer\/\">Royer<\/a> 9800DLX incarne la performance, la s\u00e9curit\u00e9 et la fiabilit\u00e9 dans chaque pas.<\/p>\n<p><img decoding=\"async\" class=\"alignnone size-full wp-image-40117\" src=\"https:\/\/autravail.ca\/wp-content\/uploads\/2025\/09\/Certification-Omega-Triangle-vert.jpg\" sizes=\"(max-width: 193px) 100vw, 193px\" srcset=\"https:\/\/autravail.ca\/wp-content\/uploads\/2025\/09\/Certification-Omega-Triangle-vert.jpg 193w, https:\/\/autravail.ca\/wp-content\/uploads\/2025\/09\/Certification-Omega-Triangle-vert-150x85.jpg 150w, https:\/\/autravail.ca\/wp-content\/uploads\/2025\/09\/Certification-Omega-Triangle-vert-18x10.jpg 18w\" alt=\"Certifications Om\u00e9ga Triangle vert\" width=\"193\" height=\"110\" \/><\/p>\n<h4>Characteristics:<\/h4>\n<ul class=\"temp-feature-list royer-temp-feature-list\">\n<li>Cuir brun<\/li>\n<li>Exterior Patch PARESHOK in ultra-durable TPU<\/li>\n<li>Non-metallic antipercoration<\/li>\n<li>Semelle confort interne<\/li>\n<li>PU interlayer sole made by direct injection<\/li>\n<li>Protection against electric shocks<\/li>\n<li>Certification CSA<\/li>\n<li>Cuir imperm\u00e9able pleine-fleur trait\u00e9 \u00e0 la solution saline<\/li>\n<li>Botte de travail premium 6 pouces<\/li>\n<li>Coutures doubles durables<\/li>\n<li>Semelle d\u2019usure de VIBRAM\u00ae pour une meilleure r\u00e9sistance aux glissements sur les roches humides et l\u2019acier<\/li>\n<li>Double density sole with composite camber<\/li>\n<li>Membrane GORE-TEX\u00ae imperm\u00e9able et respirant<\/li>\n<\/ul>\n<p><strong>*** ANCIEN MOD\u00c8LE EN LIQUIDATION<\/strong><\/p>\n<p><img decoding=\"async\" class=\"alignnone wp-image-40620\" src=\"https:\/\/autravail.ca\/wp-content\/uploads\/2025\/09\/Jachete-quebec-et-canada.jpg\" alt=\"Logo de l'achat local\" width=\"162\" height=\"139\" \/>Merci d&rsquo;encourager une entreprise 100% d&rsquo;ici!<\/p>\n<p>TS2512S<\/p>","protected":false},"excerpt":{"rendered":"<p>Botte de travail 6\u2033 Royer Gore-Tex &#8211; 9820DLX La Botte de travail 6\u2033 Royer Gore-Tex &#8211; 9820DLX s\u2019impose comme un choix robuste et performant. Con\u00e7ue pour r\u00e9sister aux environnements exigeants, elle offre une protection fiable contre l\u2019eau et les intemp\u00e9ries. Sa membrane Gore-Tex assure une imperm\u00e9abilit\u00e9 totale tout en favorisant la respirabilit\u00e9. Le cuir pleine [&hellip;]<\/p>","protected":false},"featured_media":42328,"comment_status":"open","ping_status":"closed","template":"","meta":[],"product_cat":[621,806,807,811,631],"product_tag":[260,252,263,255,242],"class_list":{"0":"post-42312","1":"product","2":"type-product","3":"status-publish","4":"has-post-thumbnail","6":"product_brand-royer","7":"product_cat-bottes-de-travail-6","8":"product_cat-bottes-de-travail-6-femme","9":"product_cat-bottes-de-travail-6-homme","10":"product_cat-chaussures-de-securite","11":"product_cat-en-solde","12":"product_tag-bottillons-de-travail","13":"product_tag-electric-shock-resistant","14":"product_tag-en-solde","15":"product_tag-femme","16":"product_tag-homme","18":"first","19":"instock","20":"sale","21":"taxable","22":"shipping-taxable","23":"purchasable","24":"product-type-variable"},"yoast_head":"<!-- This site is optimized with the Yoast SEO plugin v25.3.1 - https:\/\/yoast.com\/wordpress\/plugins\/seo\/ -->\n<title>Botte de travail 6\u2033 Royer Gore-Tex - 9820DLX - Le Magasin Industriel<\/title>\n<meta name=\"description\" content=\"Botte de travail 6\u2033 Royer Gore-Tex - 9820DLX en cuir brun avec semelle d&#039;usure adh\u00e9rente Vibram et membrane imperm\u00e9able respirante Gore-Tex.\" \/>\n<meta name=\"robots\" content=\"index, follow, max-snippet:-1, max-image-preview:large, max-video-preview:-1\" \/>\n<link rel=\"canonical\" href=\"https:\/\/autravail.ca\/en\/product\/botte-de-travail-6\u2033-royer-gore-tex-9820dlx\/\" \/>\n<meta property=\"og:locale\" content=\"en_US\" \/>\n<meta property=\"og:type\" content=\"article\" \/>\n<meta property=\"og:title\" content=\"Botte de travail 6\u2033 Royer Gore-Tex - 9820DLX - Le Magasin Industriel\" \/>\n<meta property=\"og:description\" content=\"Botte de travail 6\u2033 Royer Gore-Tex - 9820DLX en cuir brun avec semelle d&#039;usure adh\u00e9rente Vibram et membrane imperm\u00e9able respirante Gore-Tex.\" \/>\n<meta property=\"og:url\" content=\"https:\/\/autravail.ca\/en\/product\/botte-de-travail-6\u2033-royer-gore-tex-9820dlx\/\" \/>\n<meta property=\"og:site_name\" content=\"Le Magasin Industriel\" \/>\n<meta property=\"article:publisher\" content=\"https:\/\/www.facebook.com\/lemagasinindustriel\/?locale=fr_FR\" \/>\n<meta property=\"article:modified_time\" content=\"2026-03-29T17:54:07+00:00\" \/>\n<meta property=\"og:image\" content=\"https:\/\/autravail.ca\/wp-content\/uploads\/2025\/12\/8920DLX_A01.jpg\" \/>\n\t<meta property=\"og:image:width\" content=\"1000\" \/>\n\t<meta property=\"og:image:height\" content=\"1000\" \/>\n\t<meta property=\"og:image:type\" content=\"image\/jpeg\" \/>\n<meta name=\"twitter:card\" content=\"summary_large_image\" \/>\n<meta name=\"twitter:label1\" content=\"Est. reading time\" \/>\n\t<meta name=\"twitter:data1\" content=\"2 minutes\" \/>\n<script type=\"application\/ld+json\" class=\"yoast-schema-graph\">{\"@context\":\"https:\/\/schema.org\",\"@graph\":[{\"@type\":\"WebPage\",\"@id\":\"https:\/\/autravail.ca\/product\/botte-de-travail-6%e2%80%b3-royer-gore-tex-9820dlx\/\",\"url\":\"https:\/\/autravail.ca\/product\/botte-de-travail-6%e2%80%b3-royer-gore-tex-9820dlx\/\",\"name\":\"Botte de travail 6\u2033 Royer Gore-Tex - 9820DLX - Le Magasin Industriel\",\"isPartOf\":{\"@id\":\"https:\/\/autravail.ca\/#website\"},\"primaryImageOfPage\":{\"@id\":\"https:\/\/autravail.ca\/product\/botte-de-travail-6%e2%80%b3-royer-gore-tex-9820dlx\/#primaryimage\"},\"image\":{\"@id\":\"https:\/\/autravail.ca\/product\/botte-de-travail-6%e2%80%b3-royer-gore-tex-9820dlx\/#primaryimage\"},\"thumbnailUrl\":\"https:\/\/autravail.ca\/wp-content\/uploads\/2025\/12\/8920DLX_A01.jpg\",\"datePublished\":\"2025-12-03T16:48:00+00:00\",\"dateModified\":\"2026-03-29T17:54:07+00:00\",\"description\":\"Botte de travail 6\u2033 Royer Gore-Tex - 9820DLX en cuir brun avec semelle d'usure adh\u00e9rente Vibram et membrane imperm\u00e9able respirante Gore-Tex.\",\"breadcrumb\":{\"@id\":\"https:\/\/autravail.ca\/product\/botte-de-travail-6%e2%80%b3-royer-gore-tex-9820dlx\/#breadcrumb\"},\"inLanguage\":\"en-CA\",\"potentialAction\":[{\"@type\":\"ReadAction\",\"target\":[\"https:\/\/autravail.ca\/product\/botte-de-travail-6%e2%80%b3-royer-gore-tex-9820dlx\/\"]}]},{\"@type\":\"ImageObject\",\"inLanguage\":\"en-CA\",\"@id\":\"https:\/\/autravail.ca\/product\/botte-de-travail-6%e2%80%b3-royer-gore-tex-9820dlx\/#primaryimage\",\"url\":\"https:\/\/autravail.ca\/wp-content\/uploads\/2025\/12\/8920DLX_A01.jpg\",\"contentUrl\":\"https:\/\/autravail.ca\/wp-content\/uploads\/2025\/12\/8920DLX_A01.jpg\",\"width\":1000,\"height\":1000,\"caption\":\"Botte de travail 6\u2033 Royer Gore-Tex - 9820DLX\"},{\"@type\":\"BreadcrumbList\",\"@id\":\"https:\/\/autravail.ca\/product\/botte-de-travail-6%e2%80%b3-royer-gore-tex-9820dlx\/#breadcrumb\",\"itemListElement\":[{\"@type\":\"ListItem\",\"position\":1,\"name\":\"Accueil\",\"item\":\"https:\/\/autravail.ca\/\"},{\"@type\":\"ListItem\",\"position\":2,\"name\":\"Magasin\",\"item\":\"https:\/\/autravail.ca\/en\/shop\/\"},{\"@type\":\"ListItem\",\"position\":3,\"name\":\"Botte de travail 6\u2033 Royer Gore-Tex &#8211; 9820DLX\"}]},{\"@type\":\"WebSite\",\"@id\":\"https:\/\/autravail.ca\/#website\",\"url\":\"https:\/\/autravail.ca\/\",\"name\":\"Le Magasin Industriel\",\"description\":\"50 ans de tradition de s\u00e9curit\u00e9 au travail\",\"publisher\":{\"@id\":\"https:\/\/autravail.ca\/#organization\"},\"potentialAction\":[{\"@type\":\"SearchAction\",\"target\":{\"@type\":\"EntryPoint\",\"urlTemplate\":\"https:\/\/autravail.ca\/?s={search_term_string}\"},\"query-input\":{\"@type\":\"PropertyValueSpecification\",\"valueRequired\":true,\"valueName\":\"search_term_string\"}}],\"inLanguage\":\"en-CA\"},{\"@type\":\"Organization\",\"@id\":\"https:\/\/autravail.ca\/#organization\",\"name\":\"Le Magasin Industriel\",\"url\":\"https:\/\/autravail.ca\/\",\"logo\":{\"@type\":\"ImageObject\",\"inLanguage\":\"en-CA\",\"@id\":\"https:\/\/autravail.ca\/#\/schema\/logo\/image\/\",\"url\":\"https:\/\/autravail.ca\/wp-content\/uploads\/2025\/05\/cropped-magasin_industriel_120x.avif\",\"contentUrl\":\"https:\/\/autravail.ca\/wp-content\/uploads\/2025\/05\/cropped-magasin_industriel_120x.avif\",\"width\":120,\"height\":24,\"caption\":\"Le Magasin Industriel\"},\"image\":{\"@id\":\"https:\/\/autravail.ca\/#\/schema\/logo\/image\/\"},\"sameAs\":[\"https:\/\/www.facebook.com\/lemagasinindustriel\/?locale=fr_FR\"]}]}<\/script>\n<!-- \/ Yoast SEO plugin. -->","yoast_head_json":{"title":"Botte de travail 6\u2033 Royer Gore-Tex - 9820DLX - Le Magasin Industriel","description":"Botte de travail 6\u2033 Royer Gore-Tex - 9820DLX en cuir brun avec semelle d'usure adh\u00e9rente Vibram et membrane imperm\u00e9able respirante Gore-Tex.","robots":{"index":"index","follow":"follow","max-snippet":"max-snippet:-1","max-image-preview":"max-image-preview:large","max-video-preview":"max-video-preview:-1"},"canonical":"https:\/\/autravail.ca\/en\/product\/botte-de-travail-6\u2033-royer-gore-tex-9820dlx\/","og_locale":"en_US","og_type":"article","og_title":"Botte de travail 6\u2033 Royer Gore-Tex - 9820DLX - Le Magasin Industriel","og_description":"Botte de travail 6\u2033 Royer Gore-Tex - 9820DLX en cuir brun avec semelle d'usure adh\u00e9rente Vibram et membrane imperm\u00e9able respirante Gore-Tex.","og_url":"https:\/\/autravail.ca\/en\/product\/botte-de-travail-6\u2033-royer-gore-tex-9820dlx\/","og_site_name":"Le Magasin Industriel","article_publisher":"https:\/\/www.facebook.com\/lemagasinindustriel\/?locale=fr_FR","article_modified_time":"2026-03-29T17:54:07+00:00","og_image":[{"width":1000,"height":1000,"url":"https:\/\/autravail.ca\/wp-content\/uploads\/2025\/12\/8920DLX_A01.jpg","type":"image\/jpeg"}],"twitter_card":"summary_large_image","twitter_misc":{"Est. reading time":"2 minutes"},"schema":{"@context":"https:\/\/schema.org","@graph":[{"@type":"WebPage","@id":"https:\/\/autravail.ca\/product\/botte-de-travail-6%e2%80%b3-royer-gore-tex-9820dlx\/","url":"https:\/\/autravail.ca\/product\/botte-de-travail-6%e2%80%b3-royer-gore-tex-9820dlx\/","name":"Botte de travail 6\u2033 Royer Gore-Tex - 9820DLX - Le Magasin Industriel","isPartOf":{"@id":"https:\/\/autravail.ca\/#website"},"primaryImageOfPage":{"@id":"https:\/\/autravail.ca\/product\/botte-de-travail-6%e2%80%b3-royer-gore-tex-9820dlx\/#primaryimage"},"image":{"@id":"https:\/\/autravail.ca\/product\/botte-de-travail-6%e2%80%b3-royer-gore-tex-9820dlx\/#primaryimage"},"thumbnailUrl":"https:\/\/autravail.ca\/wp-content\/uploads\/2025\/12\/8920DLX_A01.jpg","datePublished":"2025-12-03T16:48:00+00:00","dateModified":"2026-03-29T17:54:07+00:00","description":"Botte de travail 6\u2033 Royer Gore-Tex - 9820DLX en cuir brun avec semelle d'usure adh\u00e9rente Vibram et membrane imperm\u00e9able respirante Gore-Tex.","breadcrumb":{"@id":"https:\/\/autravail.ca\/product\/botte-de-travail-6%e2%80%b3-royer-gore-tex-9820dlx\/#breadcrumb"},"inLanguage":"en-CA","potentialAction":[{"@type":"ReadAction","target":["https:\/\/autravail.ca\/product\/botte-de-travail-6%e2%80%b3-royer-gore-tex-9820dlx\/"]}]},{"@type":"ImageObject","inLanguage":"en-CA","@id":"https:\/\/autravail.ca\/product\/botte-de-travail-6%e2%80%b3-royer-gore-tex-9820dlx\/#primaryimage","url":"https:\/\/autravail.ca\/wp-content\/uploads\/2025\/12\/8920DLX_A01.jpg","contentUrl":"https:\/\/autravail.ca\/wp-content\/uploads\/2025\/12\/8920DLX_A01.jpg","width":1000,"height":1000,"caption":"Botte de travail 6\u2033 Royer Gore-Tex - 9820DLX"},{"@type":"BreadcrumbList","@id":"https:\/\/autravail.ca\/product\/botte-de-travail-6%e2%80%b3-royer-gore-tex-9820dlx\/#breadcrumb","itemListElement":[{"@type":"ListItem","position":1,"name":"Accueil","item":"https:\/\/autravail.ca\/"},{"@type":"ListItem","position":2,"name":"Magasin","item":"https:\/\/autravail.ca\/en\/shop\/"},{"@type":"ListItem","position":3,"name":"Botte de travail 6\u2033 Royer Gore-Tex &#8211; 9820DLX"}]},{"@type":"WebSite","@id":"https:\/\/autravail.ca\/#website","url":"https:\/\/autravail.ca\/","name":"Le Magasin Industriel","description":"50 ans de tradition de s\u00e9curit\u00e9 au travail","publisher":{"@id":"https:\/\/autravail.ca\/#organization"},"potentialAction":[{"@type":"SearchAction","target":{"@type":"EntryPoint","urlTemplate":"https:\/\/autravail.ca\/?s={search_term_string}"},"query-input":{"@type":"PropertyValueSpecification","valueRequired":true,"valueName":"search_term_string"}}],"inLanguage":"en-CA"},{"@type":"Organization","@id":"https:\/\/autravail.ca\/#organization","name":"Le Magasin Industriel","url":"https:\/\/autravail.ca\/","logo":{"@type":"ImageObject","inLanguage":"en-CA","@id":"https:\/\/autravail.ca\/#\/schema\/logo\/image\/","url":"https:\/\/autravail.ca\/wp-content\/uploads\/2025\/05\/cropped-magasin_industriel_120x.avif","contentUrl":"https:\/\/autravail.ca\/wp-content\/uploads\/2025\/05\/cropped-magasin_industriel_120x.avif","width":120,"height":24,"caption":"Le Magasin Industriel"},"image":{"@id":"https:\/\/autravail.ca\/#\/schema\/logo\/image\/"},"sameAs":["https:\/\/www.facebook.com\/lemagasinindustriel\/?locale=fr_FR"]}]}},"jetpack_sharing_enabled":true,"_links":{"self":[{"href":"https:\/\/autravail.ca\/en\/wp-json\/wp\/v2\/product\/42312","targetHints":{"allow":["GET"]}}],"collection":[{"href":"https:\/\/autravail.ca\/en\/wp-json\/wp\/v2\/product"}],"about":[{"href":"https:\/\/autravail.ca\/en\/wp-json\/wp\/v2\/types\/product"}],"replies":[{"embeddable":true,"href":"https:\/\/autravail.ca\/en\/wp-json\/wp\/v2\/comments?post=42312"}],"wp:featuredmedia":[{"embeddable":true,"href":"https:\/\/autravail.ca\/en\/wp-json\/wp\/v2\/media\/42328"}],"wp:attachment":[{"href":"https:\/\/autravail.ca\/en\/wp-json\/wp\/v2\/media?parent=42312"}],"wp:term":[{"taxonomy":"product_cat","embeddable":true,"href":"https:\/\/autravail.ca\/en\/wp-json\/wp\/v2\/product_cat?post=42312"},{"taxonomy":"product_tag","embeddable":true,"href":"https:\/\/autravail.ca\/en\/wp-json\/wp\/v2\/product_tag?post=42312"}],"curies":[{"name":"wp","href":"https:\/\/api.w.org\/{rel}","templated":true}]}}