{"id":42135,"date":"2025-11-27T12:53:37","date_gmt":"2025-11-27T16:53:37","guid":{"rendered":"https:\/\/autravail.ca\/?post_type=product&#038;p=42135"},"modified":"2026-03-27T10:03:00","modified_gmt":"2026-03-27T14:03:00","slug":"botte-de-travail-royer-revolt-ironbolt-8950rti","status":"publish","type":"product","link":"https:\/\/autravail.ca\/en\/product\/botte-de-travail-royer-revolt-ironbolt-8950rti\/","title":{"rendered":"Botte de travail Royer Revolt Ironbolt- 8950RTI"},"content":{"rendered":"<h3>Botte de travail Royer Revolt Ironbolt- 8950RTI<\/h3>\n<p>La botte Royer 8950RTI Revolt Ironbolt s\u2019impose comme une r\u00e9f\u00e9rence de puissance et de fiabilit\u00e9. Con\u00e7ue pour les environnements exigeants, elle offre une protection sup\u00e9rieure contre les chocs et les risques du terrain. Sa semelle antid\u00e9rapante procure une adh\u00e9rence remarquable, m\u00eame sur des surfaces instables ou glissantes. Le cuir robuste et les mat\u00e9riaux de qualit\u00e9 assurent une durabilit\u00e9 exceptionnelle face aux conditions difficiles. L\u2019embout en composite allie l\u00e9g\u00e8ret\u00e9 et s\u00e9curit\u00e9, permettant de travailler efficacement sans compromis sur le confort. La conception ergonomique favorise une mobilit\u00e9 naturelle et r\u00e9duit la fatigue lors des longues journ\u00e9es. Les propri\u00e9t\u00e9s respirantes maintiennent une temp\u00e9rature agr\u00e9able et limitent l\u2019humidit\u00e9 interne. Chaque d\u00e9tail est pens\u00e9 pour optimiser la performance et renforcer la confiance du travailleur.<\/p>\n<p>La 8950RTI Revolt Ironbolt\u00a0 de <a href=\"https:\/\/autravail.ca\/en\/product-brand\/royer\/\">Royer<\/a> incarne un \u00e9quilibre parfait entre innovation, robustesse et confort. Elle transforme chaque d\u00e9fi en opportunit\u00e9 et chaque pas en assurance durable.<\/p>\n<p><a href=\"https:\/\/autravail.ca\/en\/product-brand\/Keen\/\"><img decoding=\"async\" class=\"alignnone size-full wp-image-40117\" src=\"https:\/\/autravail.ca\/wp-content\/uploads\/2025\/09\/Certification-Omega-Triangle-vert.jpg\" alt=\"Certifications Om\u00e9ga Triangle vert\" width=\"193\" height=\"110\" srcset=\"https:\/\/autravail.ca\/wp-content\/uploads\/2025\/09\/Certification-Omega-Triangle-vert.jpg 193w, https:\/\/autravail.ca\/wp-content\/uploads\/2025\/09\/Certification-Omega-Triangle-vert-150x85.jpg 150w, https:\/\/autravail.ca\/wp-content\/uploads\/2025\/09\/Certification-Omega-Triangle-vert-18x10.jpg 18w\" sizes=\"(max-width: 193px) 100vw, 193px\" \/><\/a><\/p>\n<h4>Characteristics:<\/h4>\n<ul class=\"temp-feature-list royer-temp-feature-list\">\n<li>PARESHOK external end in ultra-resistant textured TPU<\/li>\n<li>Non-metallic antipercoration<\/li>\n<li>PU interlayer sole made by direct injection<\/li>\n<li>Cuir imperm\u00e9able \u00abCrazy-horse\u00bb trait\u00e9 \u00e0 la solution saline<\/li>\n<li>Embout de protection en nanotube de carbone NANOTOE<\/li>\n<li>Triple stitches for more durability<\/li>\n<li>Crochets et oeillets pour un la\u00e7age optimal<\/li>\n<li>Padded V-shape collar for increased comfort and good mobility<\/li>\n<li>Pi\u00e8ce en \u00e9lastanne au niveau de la cheville pour plus de souplesse lors des mouvements<\/li>\n<li>Semelle d&rsquo;usure plate r\u00e9sistante aux glissements sur les roches humides et l&rsquo;acier<\/li>\n<li>Double density sole with composite camber<\/li>\n<li>Protection against electric shocks<\/li>\n<li>Botte de travail premium 8 pouces<\/li>\n<li>Waterproof and breathable Membrane R-DRY<\/li>\n<li>Semelles amovibles SPACE-R pour un meilleur ajustement<\/li>\n<\/ul>\n<p><em><span style=\"color: #fa0b0b;\">Unisex U.S. men's sizes presented. To convert to U.S. women's size, add 2 sizes. Example: 5 U.S. men = 7 U.S. women<\/span><\/em><\/p>\n<p><img decoding=\"async\" class=\"alignnone wp-image-40620\" src=\"https:\/\/autravail.ca\/wp-content\/uploads\/2025\/09\/Jachete-quebec-et-canada.jpg\" alt=\"Logo de l'achat local\" width=\"162\" height=\"139\" \/>Merci d&rsquo;encourager une entreprise 100% d&rsquo;ici!<\/p>\n<p>TS2511S<\/p>","protected":false},"excerpt":{"rendered":"<p>Botte de travail Royer Revolt Ironbolt- 8950RTI La botte Royer 8950RTI Revolt Ironbolt s\u2019impose comme une r\u00e9f\u00e9rence de puissance et de fiabilit\u00e9. Con\u00e7ue pour les environnements exigeants, elle offre une protection sup\u00e9rieure contre les chocs et les risques du terrain. Sa semelle antid\u00e9rapante procure une adh\u00e9rence remarquable, m\u00eame sur des surfaces instables ou glissantes. Le [&hellip;]<\/p>","protected":false},"featured_media":14001,"comment_status":"open","ping_status":"closed","template":"","meta":[],"product_cat":[613,642,805,811,602,848],"product_tag":[251,252,263,255,242,280,253],"class_list":{"0":"post-42135","1":"product","2":"type-product","3":"status-publish","4":"has-post-thumbnail","6":"product_brand-royer","7":"product_cat-bottes-de-travail","8":"product_cat-bottes-de-travail-femme","9":"product_cat-bottes-de-travail-homme","10":"product_cat-chaussures-de-securite","11":"product_cat-hommes","12":"product_cat-top-choix-des-travailleurs","13":"product_tag-bottes-de-travail","14":"product_tag-electric-shock-resistant","15":"product_tag-en-solde","16":"product_tag-femme","17":"product_tag-homme","18":"product_tag-impermeables","19":"product_tag-sole-protection","21":"first","22":"instock","23":"taxable","24":"shipping-taxable","25":"purchasable","26":"product-type-variable"},"yoast_head":"<!-- This site is optimized with the Yoast SEO plugin v25.3.1 - https:\/\/yoast.com\/wordpress\/plugins\/seo\/ -->\n<title>Botte de travail Royer Revolt Ironbolt- 8950RTI - Le Magasin Industriel<\/title>\n<meta name=\"description\" content=\"Botte de travail Royer Revolt Ironbolt- 8950RTI avec membrane imperm\u00e9able respirante, semelle confort ortholite et certifications CSA ESR.\" \/>\n<meta name=\"robots\" content=\"index, follow, max-snippet:-1, max-image-preview:large, max-video-preview:-1\" \/>\n<link rel=\"canonical\" href=\"https:\/\/autravail.ca\/en\/product\/botte-de-travail-royer-revolt-ironbolt-8950rti\/\" \/>\n<meta property=\"og:locale\" content=\"en_US\" \/>\n<meta property=\"og:type\" content=\"article\" \/>\n<meta property=\"og:title\" content=\"Botte de travail Royer Revolt Ironbolt- 8950RTI - Le Magasin Industriel\" \/>\n<meta property=\"og:description\" content=\"Botte de travail Royer Revolt Ironbolt- 8950RTI avec membrane imperm\u00e9able respirante, semelle confort ortholite et certifications CSA ESR.\" \/>\n<meta property=\"og:url\" content=\"https:\/\/autravail.ca\/en\/product\/botte-de-travail-royer-revolt-ironbolt-8950rti\/\" \/>\n<meta property=\"og:site_name\" content=\"Le Magasin Industriel\" \/>\n<meta property=\"article:publisher\" content=\"https:\/\/www.facebook.com\/lemagasinindustriel\/?locale=fr_FR\" \/>\n<meta property=\"article:modified_time\" content=\"2026-03-27T14:03:00+00:00\" \/>\n<meta property=\"og:image\" content=\"https:\/\/autravail.ca\/wp-content\/uploads\/2025\/05\/8950RTI_A01.jpg\" \/>\n\t<meta property=\"og:image:width\" content=\"1000\" \/>\n\t<meta property=\"og:image:height\" content=\"1000\" \/>\n\t<meta property=\"og:image:type\" content=\"image\/jpeg\" \/>\n<meta name=\"twitter:card\" content=\"summary_large_image\" \/>\n<meta name=\"twitter:label1\" content=\"Est. reading time\" \/>\n\t<meta name=\"twitter:data1\" content=\"3 minutes\" \/>\n<script type=\"application\/ld+json\" class=\"yoast-schema-graph\">{\"@context\":\"https:\/\/schema.org\",\"@graph\":[{\"@type\":\"WebPage\",\"@id\":\"https:\/\/autravail.ca\/product\/botte-de-travail-royer-revolt-ironbolt-8950rti\/\",\"url\":\"https:\/\/autravail.ca\/product\/botte-de-travail-royer-revolt-ironbolt-8950rti\/\",\"name\":\"Botte de travail Royer Revolt Ironbolt- 8950RTI - Le Magasin Industriel\",\"isPartOf\":{\"@id\":\"https:\/\/autravail.ca\/#website\"},\"primaryImageOfPage\":{\"@id\":\"https:\/\/autravail.ca\/product\/botte-de-travail-royer-revolt-ironbolt-8950rti\/#primaryimage\"},\"image\":{\"@id\":\"https:\/\/autravail.ca\/product\/botte-de-travail-royer-revolt-ironbolt-8950rti\/#primaryimage\"},\"thumbnailUrl\":\"https:\/\/autravail.ca\/wp-content\/uploads\/2025\/05\/8950RTI_A01.jpg\",\"datePublished\":\"2025-11-27T16:53:37+00:00\",\"dateModified\":\"2026-03-27T14:03:00+00:00\",\"description\":\"Botte de travail Royer Revolt Ironbolt- 8950RTI avec membrane imperm\u00e9able respirante, semelle confort ortholite et certifications CSA ESR.\",\"breadcrumb\":{\"@id\":\"https:\/\/autravail.ca\/product\/botte-de-travail-royer-revolt-ironbolt-8950rti\/#breadcrumb\"},\"inLanguage\":\"en-CA\",\"potentialAction\":[{\"@type\":\"ReadAction\",\"target\":[\"https:\/\/autravail.ca\/product\/botte-de-travail-royer-revolt-ironbolt-8950rti\/\"]}]},{\"@type\":\"ImageObject\",\"inLanguage\":\"en-CA\",\"@id\":\"https:\/\/autravail.ca\/product\/botte-de-travail-royer-revolt-ironbolt-8950rti\/#primaryimage\",\"url\":\"https:\/\/autravail.ca\/wp-content\/uploads\/2025\/05\/8950RTI_A01.jpg\",\"contentUrl\":\"https:\/\/autravail.ca\/wp-content\/uploads\/2025\/05\/8950RTI_A01.jpg\",\"width\":1000,\"height\":1000,\"caption\":\"Botte de travail Royer Revolt Ironbolt- 8950RTI\"},{\"@type\":\"BreadcrumbList\",\"@id\":\"https:\/\/autravail.ca\/product\/botte-de-travail-royer-revolt-ironbolt-8950rti\/#breadcrumb\",\"itemListElement\":[{\"@type\":\"ListItem\",\"position\":1,\"name\":\"Accueil\",\"item\":\"https:\/\/autravail.ca\/\"},{\"@type\":\"ListItem\",\"position\":2,\"name\":\"Magasin\",\"item\":\"https:\/\/autravail.ca\/en\/shop\/\"},{\"@type\":\"ListItem\",\"position\":3,\"name\":\"Botte de travail Royer Revolt Ironbolt- 8950RTI\"}]},{\"@type\":\"WebSite\",\"@id\":\"https:\/\/autravail.ca\/#website\",\"url\":\"https:\/\/autravail.ca\/\",\"name\":\"Le Magasin Industriel\",\"description\":\"50 ans de tradition de s\u00e9curit\u00e9 au travail\",\"publisher\":{\"@id\":\"https:\/\/autravail.ca\/#organization\"},\"potentialAction\":[{\"@type\":\"SearchAction\",\"target\":{\"@type\":\"EntryPoint\",\"urlTemplate\":\"https:\/\/autravail.ca\/?s={search_term_string}\"},\"query-input\":{\"@type\":\"PropertyValueSpecification\",\"valueRequired\":true,\"valueName\":\"search_term_string\"}}],\"inLanguage\":\"en-CA\"},{\"@type\":\"Organization\",\"@id\":\"https:\/\/autravail.ca\/#organization\",\"name\":\"Le Magasin Industriel\",\"url\":\"https:\/\/autravail.ca\/\",\"logo\":{\"@type\":\"ImageObject\",\"inLanguage\":\"en-CA\",\"@id\":\"https:\/\/autravail.ca\/#\/schema\/logo\/image\/\",\"url\":\"https:\/\/autravail.ca\/wp-content\/uploads\/2025\/05\/cropped-magasin_industriel_120x.avif\",\"contentUrl\":\"https:\/\/autravail.ca\/wp-content\/uploads\/2025\/05\/cropped-magasin_industriel_120x.avif\",\"width\":120,\"height\":24,\"caption\":\"Le Magasin Industriel\"},\"image\":{\"@id\":\"https:\/\/autravail.ca\/#\/schema\/logo\/image\/\"},\"sameAs\":[\"https:\/\/www.facebook.com\/lemagasinindustriel\/?locale=fr_FR\"]}]}<\/script>\n<!-- \/ Yoast SEO plugin. -->","yoast_head_json":{"title":"Botte de travail Royer Revolt Ironbolt- 8950RTI - Le Magasin Industriel","description":"Botte de travail Royer Revolt Ironbolt- 8950RTI avec membrane imperm\u00e9able respirante, semelle confort ortholite et certifications CSA ESR.","robots":{"index":"index","follow":"follow","max-snippet":"max-snippet:-1","max-image-preview":"max-image-preview:large","max-video-preview":"max-video-preview:-1"},"canonical":"https:\/\/autravail.ca\/en\/product\/botte-de-travail-royer-revolt-ironbolt-8950rti\/","og_locale":"en_US","og_type":"article","og_title":"Botte de travail Royer Revolt Ironbolt- 8950RTI - Le Magasin Industriel","og_description":"Botte de travail Royer Revolt Ironbolt- 8950RTI avec membrane imperm\u00e9able respirante, semelle confort ortholite et certifications CSA ESR.","og_url":"https:\/\/autravail.ca\/en\/product\/botte-de-travail-royer-revolt-ironbolt-8950rti\/","og_site_name":"Le Magasin Industriel","article_publisher":"https:\/\/www.facebook.com\/lemagasinindustriel\/?locale=fr_FR","article_modified_time":"2026-03-27T14:03:00+00:00","og_image":[{"width":1000,"height":1000,"url":"https:\/\/autravail.ca\/wp-content\/uploads\/2025\/05\/8950RTI_A01.jpg","type":"image\/jpeg"}],"twitter_card":"summary_large_image","twitter_misc":{"Est. reading time":"3 minutes"},"schema":{"@context":"https:\/\/schema.org","@graph":[{"@type":"WebPage","@id":"https:\/\/autravail.ca\/product\/botte-de-travail-royer-revolt-ironbolt-8950rti\/","url":"https:\/\/autravail.ca\/product\/botte-de-travail-royer-revolt-ironbolt-8950rti\/","name":"Botte de travail Royer Revolt Ironbolt- 8950RTI - Le Magasin Industriel","isPartOf":{"@id":"https:\/\/autravail.ca\/#website"},"primaryImageOfPage":{"@id":"https:\/\/autravail.ca\/product\/botte-de-travail-royer-revolt-ironbolt-8950rti\/#primaryimage"},"image":{"@id":"https:\/\/autravail.ca\/product\/botte-de-travail-royer-revolt-ironbolt-8950rti\/#primaryimage"},"thumbnailUrl":"https:\/\/autravail.ca\/wp-content\/uploads\/2025\/05\/8950RTI_A01.jpg","datePublished":"2025-11-27T16:53:37+00:00","dateModified":"2026-03-27T14:03:00+00:00","description":"Botte de travail Royer Revolt Ironbolt- 8950RTI avec membrane imperm\u00e9able respirante, semelle confort ortholite et certifications CSA ESR.","breadcrumb":{"@id":"https:\/\/autravail.ca\/product\/botte-de-travail-royer-revolt-ironbolt-8950rti\/#breadcrumb"},"inLanguage":"en-CA","potentialAction":[{"@type":"ReadAction","target":["https:\/\/autravail.ca\/product\/botte-de-travail-royer-revolt-ironbolt-8950rti\/"]}]},{"@type":"ImageObject","inLanguage":"en-CA","@id":"https:\/\/autravail.ca\/product\/botte-de-travail-royer-revolt-ironbolt-8950rti\/#primaryimage","url":"https:\/\/autravail.ca\/wp-content\/uploads\/2025\/05\/8950RTI_A01.jpg","contentUrl":"https:\/\/autravail.ca\/wp-content\/uploads\/2025\/05\/8950RTI_A01.jpg","width":1000,"height":1000,"caption":"Botte de travail Royer Revolt Ironbolt- 8950RTI"},{"@type":"BreadcrumbList","@id":"https:\/\/autravail.ca\/product\/botte-de-travail-royer-revolt-ironbolt-8950rti\/#breadcrumb","itemListElement":[{"@type":"ListItem","position":1,"name":"Accueil","item":"https:\/\/autravail.ca\/"},{"@type":"ListItem","position":2,"name":"Magasin","item":"https:\/\/autravail.ca\/en\/shop\/"},{"@type":"ListItem","position":3,"name":"Botte de travail Royer Revolt Ironbolt- 8950RTI"}]},{"@type":"WebSite","@id":"https:\/\/autravail.ca\/#website","url":"https:\/\/autravail.ca\/","name":"Le Magasin Industriel","description":"50 ans de tradition de s\u00e9curit\u00e9 au travail","publisher":{"@id":"https:\/\/autravail.ca\/#organization"},"potentialAction":[{"@type":"SearchAction","target":{"@type":"EntryPoint","urlTemplate":"https:\/\/autravail.ca\/?s={search_term_string}"},"query-input":{"@type":"PropertyValueSpecification","valueRequired":true,"valueName":"search_term_string"}}],"inLanguage":"en-CA"},{"@type":"Organization","@id":"https:\/\/autravail.ca\/#organization","name":"Le Magasin Industriel","url":"https:\/\/autravail.ca\/","logo":{"@type":"ImageObject","inLanguage":"en-CA","@id":"https:\/\/autravail.ca\/#\/schema\/logo\/image\/","url":"https:\/\/autravail.ca\/wp-content\/uploads\/2025\/05\/cropped-magasin_industriel_120x.avif","contentUrl":"https:\/\/autravail.ca\/wp-content\/uploads\/2025\/05\/cropped-magasin_industriel_120x.avif","width":120,"height":24,"caption":"Le Magasin Industriel"},"image":{"@id":"https:\/\/autravail.ca\/#\/schema\/logo\/image\/"},"sameAs":["https:\/\/www.facebook.com\/lemagasinindustriel\/?locale=fr_FR"]}]}},"jetpack_sharing_enabled":true,"_links":{"self":[{"href":"https:\/\/autravail.ca\/en\/wp-json\/wp\/v2\/product\/42135","targetHints":{"allow":["GET"]}}],"collection":[{"href":"https:\/\/autravail.ca\/en\/wp-json\/wp\/v2\/product"}],"about":[{"href":"https:\/\/autravail.ca\/en\/wp-json\/wp\/v2\/types\/product"}],"replies":[{"embeddable":true,"href":"https:\/\/autravail.ca\/en\/wp-json\/wp\/v2\/comments?post=42135"}],"wp:featuredmedia":[{"embeddable":true,"href":"https:\/\/autravail.ca\/en\/wp-json\/wp\/v2\/media\/14001"}],"wp:attachment":[{"href":"https:\/\/autravail.ca\/en\/wp-json\/wp\/v2\/media?parent=42135"}],"wp:term":[{"taxonomy":"product_cat","embeddable":true,"href":"https:\/\/autravail.ca\/en\/wp-json\/wp\/v2\/product_cat?post=42135"},{"taxonomy":"product_tag","embeddable":true,"href":"https:\/\/autravail.ca\/en\/wp-json\/wp\/v2\/product_tag?post=42135"}],"curies":[{"name":"wp","href":"https:\/\/api.w.org\/{rel}","templated":true}]}}