{"id":41976,"date":"2025-11-25T13:43:55","date_gmt":"2025-11-25T17:43:55","guid":{"rendered":"https:\/\/autravail.ca\/?post_type=product&#038;p=41976"},"modified":"2026-01-08T12:05:30","modified_gmt":"2026-01-08T16:05:30","slug":"veste-de-travail-doublee-timberland-pro-gritman-a1vb4","status":"publish","type":"product","link":"https:\/\/autravail.ca\/en\/product\/veste-de-travail-doublee-timberland-pro-gritman-a1vb4\/","title":{"rendered":"Veste de travail doubl\u00e9e Timberland Pro Gritman &#8211; A1VB4"},"content":{"rendered":"<h3>Veste de travail doubl\u00e9e Timberland Pro Gritman &#8211; A1VB4<\/h3>\n<p>La Veste de travail doubl\u00e9e Timberland Pro Gritman &#8211; A1VB4 affirme un style robuste, fonctionnel et confortable pour le travail. Sa conception en toile r\u00e9sistante prot\u00e8ge efficacement contre les intemp\u00e9ries. La doublure int\u00e9rieure apporte chaleur et confort lors des journ\u00e9es fra\u00eeches. La capuche ajustable renforce la protection et ajoute une touche urbaine affirm\u00e9e. Les poches pratiques facilitent le rangement et l\u2019acc\u00e8s rapide aux essentiels. Les coutures solides garantissent une durabilit\u00e9 remarquable face aux usages intensifs. <a href=\"https:\/\/autravail.ca\/en\/product-brand\/timberland-pro\/\">Timberland Pro<\/a> con\u00e7oit cette veste pour accompagner les mouvements sans compromis. Le design \u00e9pur\u00e9 traduit une esth\u00e9tique moderne et polyvalente. Elle s\u2019adapte aux environnements ext\u00e9rieurs comme aux contextes urbains exigeants.<\/p>\n<p>Porter cette veste, c\u2019est choisir une alliance entre performance et style. Chaque d\u00e9tail refl\u00e8te l\u2019engagement de Timberland Pro envers l\u2019innovation, la qualit\u00e9 et les travailleurs. La veste Gritman Jacket devient un partenaire fiable pour affronter les saisons. Elle incarne une \u00e9nergie active et une pr\u00e9sence affirm\u00e9e au quotidien.<\/p>\n<h4>Characteristics:<\/h4>\n<p><!--StartFragment --><\/p>\n<ul>\n<li>Original Cut<\/li>\n<li>Construction avec soufflets pour une amplitude de mouvement maximale<\/li>\n<li>Disponible en diff\u00e9rentes tailles pour convenir \u00e0 toutes les morphologies<\/li>\n<li>Toile de coton duck classique et durable<\/li>\n<li>Poches kangourou et r\u00e9chauffe-mains<\/li>\n<li>Poche poitrine zipp\u00e9e<\/li>\n<li>Doublure en polaire \u00e9paisse pour une chaleur exceptionnelle<\/li>\n<li>Doublure int\u00e9rieure style mouton<\/li>\n<li>Longueur milieu dos (taille moyenne) : 72,5 cm<\/li>\n<li>Composition du mat\u00e9riau : 100 % coton<\/li>\n<li>Poids du tissu : 366 g\/m\u00b2<\/li>\n<\/ul>\n<p><img decoding=\"async\" class=\"alignnone wp-image-40620\" src=\"https:\/\/autravail.ca\/wp-content\/uploads\/2025\/09\/Jachete-quebec-et-canada.jpg\" alt=\"Logo de l'achat local\" width=\"162\" height=\"139\" \/>Merci d&rsquo;encourager une entreprise 100% d&rsquo;ici!<\/p>\n<p>TS2511S<\/p>\n<p><!--EndFragment --><\/p>","protected":false},"excerpt":{"rendered":"<p>Veste de travail doubl\u00e9e Timberland Pro Gritman &#8211; A1VB4 La Veste de travail doubl\u00e9e Timberland Pro Gritman &#8211; A1VB4 affirme un style robuste, fonctionnel et confortable pour le travail. Sa conception en toile r\u00e9sistante prot\u00e8ge efficacement contre les intemp\u00e9ries. La doublure int\u00e9rieure apporte chaleur et confort lors des journ\u00e9es fra\u00eeches. La capuche ajustable renforce la [&hellip;]<\/p>","protected":false},"featured_media":41977,"comment_status":"open","ping_status":"closed","template":"","meta":[],"product_cat":[631,602,610,717,604],"product_tag":[263,242,250],"class_list":{"0":"post-41976","1":"product","2":"type-product","3":"status-publish","4":"has-post-thumbnail","6":"product_brand-timberland-pro","7":"product_brand-timberland-wear","8":"product_cat-en-solde","9":"product_cat-hommes","10":"product_cat-manteaux","11":"product_cat-timberland-pro-wear","12":"product_cat-vetements-de-travail","13":"product_tag-en-solde","14":"product_tag-homme","15":"product_tag-manteaux","17":"first","18":"instock","19":"sale","20":"taxable","21":"shipping-taxable","22":"purchasable","23":"product-type-variable"},"yoast_head":"<!-- This site is optimized with the Yoast SEO plugin v25.3.1 - https:\/\/yoast.com\/wordpress\/plugins\/seo\/ -->\n<title>Veste de travail doubl\u00e9e Timberland Pro Gritman - A1VB4 - Le Magasin Industriel<\/title>\n<meta name=\"description\" content=\"Veste de travail doubl\u00e9e Timberland Pro Gritman - A1VB4 avec coton externe en duck et isolant int\u00e9rieure style mouton 10.8 oz.\" \/>\n<meta name=\"robots\" content=\"index, follow, max-snippet:-1, max-image-preview:large, max-video-preview:-1\" \/>\n<link rel=\"canonical\" href=\"https:\/\/autravail.ca\/en\/product\/veste-de-travail-doublee-timberland-pro-gritman-a1vb4\/\" \/>\n<meta property=\"og:locale\" content=\"en_US\" \/>\n<meta property=\"og:type\" content=\"article\" \/>\n<meta property=\"og:title\" content=\"Veste de travail doubl\u00e9e Timberland Pro Gritman - A1VB4 - Le Magasin Industriel\" \/>\n<meta property=\"og:description\" content=\"Veste de travail doubl\u00e9e Timberland Pro Gritman - A1VB4 avec coton externe en duck et isolant int\u00e9rieure style mouton 10.8 oz.\" \/>\n<meta property=\"og:url\" content=\"https:\/\/autravail.ca\/en\/product\/veste-de-travail-doublee-timberland-pro-gritman-a1vb4\/\" \/>\n<meta property=\"og:site_name\" content=\"Le Magasin Industriel\" \/>\n<meta property=\"article:publisher\" content=\"https:\/\/www.facebook.com\/lemagasinindustriel\/?locale=fr_FR\" \/>\n<meta property=\"article:modified_time\" content=\"2026-01-08T16:05:30+00:00\" \/>\n<meta property=\"og:image\" content=\"https:\/\/autravail.ca\/wp-content\/uploads\/2025\/11\/A1VB4Gris_A01.jpg\" \/>\n\t<meta property=\"og:image:width\" content=\"1000\" \/>\n\t<meta property=\"og:image:height\" content=\"1000\" \/>\n\t<meta property=\"og:image:type\" content=\"image\/jpeg\" \/>\n<meta name=\"twitter:card\" content=\"summary_large_image\" \/>\n<meta name=\"twitter:label1\" content=\"Est. reading time\" \/>\n\t<meta name=\"twitter:data1\" content=\"2 minutes\" \/>\n<script type=\"application\/ld+json\" class=\"yoast-schema-graph\">{\"@context\":\"https:\/\/schema.org\",\"@graph\":[{\"@type\":\"WebPage\",\"@id\":\"https:\/\/autravail.ca\/product\/veste-de-travail-doublee-timberland-pro-gritman-a1vb4\/\",\"url\":\"https:\/\/autravail.ca\/product\/veste-de-travail-doublee-timberland-pro-gritman-a1vb4\/\",\"name\":\"Veste de travail doubl\u00e9e Timberland Pro Gritman - A1VB4 - Le Magasin Industriel\",\"isPartOf\":{\"@id\":\"https:\/\/autravail.ca\/#website\"},\"primaryImageOfPage\":{\"@id\":\"https:\/\/autravail.ca\/product\/veste-de-travail-doublee-timberland-pro-gritman-a1vb4\/#primaryimage\"},\"image\":{\"@id\":\"https:\/\/autravail.ca\/product\/veste-de-travail-doublee-timberland-pro-gritman-a1vb4\/#primaryimage\"},\"thumbnailUrl\":\"https:\/\/autravail.ca\/wp-content\/uploads\/2025\/11\/A1VB4Gris_A01.jpg\",\"datePublished\":\"2025-11-25T17:43:55+00:00\",\"dateModified\":\"2026-01-08T16:05:30+00:00\",\"description\":\"Veste de travail doubl\u00e9e Timberland Pro Gritman - A1VB4 avec coton externe en duck et isolant int\u00e9rieure style mouton 10.8 oz.\",\"breadcrumb\":{\"@id\":\"https:\/\/autravail.ca\/product\/veste-de-travail-doublee-timberland-pro-gritman-a1vb4\/#breadcrumb\"},\"inLanguage\":\"en-CA\",\"potentialAction\":[{\"@type\":\"ReadAction\",\"target\":[\"https:\/\/autravail.ca\/product\/veste-de-travail-doublee-timberland-pro-gritman-a1vb4\/\"]}]},{\"@type\":\"ImageObject\",\"inLanguage\":\"en-CA\",\"@id\":\"https:\/\/autravail.ca\/product\/veste-de-travail-doublee-timberland-pro-gritman-a1vb4\/#primaryimage\",\"url\":\"https:\/\/autravail.ca\/wp-content\/uploads\/2025\/11\/A1VB4Gris_A01.jpg\",\"contentUrl\":\"https:\/\/autravail.ca\/wp-content\/uploads\/2025\/11\/A1VB4Gris_A01.jpg\",\"width\":1000,\"height\":1000,\"caption\":\"Veste de travail doubl\u00e9e Timberland Pro Gritman - A1VB4\"},{\"@type\":\"BreadcrumbList\",\"@id\":\"https:\/\/autravail.ca\/product\/veste-de-travail-doublee-timberland-pro-gritman-a1vb4\/#breadcrumb\",\"itemListElement\":[{\"@type\":\"ListItem\",\"position\":1,\"name\":\"Accueil\",\"item\":\"https:\/\/autravail.ca\/\"},{\"@type\":\"ListItem\",\"position\":2,\"name\":\"Magasin\",\"item\":\"https:\/\/autravail.ca\/en\/shop\/\"},{\"@type\":\"ListItem\",\"position\":3,\"name\":\"Veste de travail doubl\u00e9e Timberland Pro Gritman &#8211; A1VB4\"}]},{\"@type\":\"WebSite\",\"@id\":\"https:\/\/autravail.ca\/#website\",\"url\":\"https:\/\/autravail.ca\/\",\"name\":\"Le Magasin Industriel\",\"description\":\"50 ans de tradition de s\u00e9curit\u00e9 au travail\",\"publisher\":{\"@id\":\"https:\/\/autravail.ca\/#organization\"},\"potentialAction\":[{\"@type\":\"SearchAction\",\"target\":{\"@type\":\"EntryPoint\",\"urlTemplate\":\"https:\/\/autravail.ca\/?s={search_term_string}\"},\"query-input\":{\"@type\":\"PropertyValueSpecification\",\"valueRequired\":true,\"valueName\":\"search_term_string\"}}],\"inLanguage\":\"en-CA\"},{\"@type\":\"Organization\",\"@id\":\"https:\/\/autravail.ca\/#organization\",\"name\":\"Le Magasin Industriel\",\"url\":\"https:\/\/autravail.ca\/\",\"logo\":{\"@type\":\"ImageObject\",\"inLanguage\":\"en-CA\",\"@id\":\"https:\/\/autravail.ca\/#\/schema\/logo\/image\/\",\"url\":\"https:\/\/autravail.ca\/wp-content\/uploads\/2025\/05\/cropped-magasin_industriel_120x.avif\",\"contentUrl\":\"https:\/\/autravail.ca\/wp-content\/uploads\/2025\/05\/cropped-magasin_industriel_120x.avif\",\"width\":120,\"height\":24,\"caption\":\"Le Magasin Industriel\"},\"image\":{\"@id\":\"https:\/\/autravail.ca\/#\/schema\/logo\/image\/\"},\"sameAs\":[\"https:\/\/www.facebook.com\/lemagasinindustriel\/?locale=fr_FR\"]}]}<\/script>\n<!-- \/ Yoast SEO plugin. -->","yoast_head_json":{"title":"Veste de travail doubl\u00e9e Timberland Pro Gritman - A1VB4 - Le Magasin Industriel","description":"Veste de travail doubl\u00e9e Timberland Pro Gritman - A1VB4 avec coton externe en duck et isolant int\u00e9rieure style mouton 10.8 oz.","robots":{"index":"index","follow":"follow","max-snippet":"max-snippet:-1","max-image-preview":"max-image-preview:large","max-video-preview":"max-video-preview:-1"},"canonical":"https:\/\/autravail.ca\/en\/product\/veste-de-travail-doublee-timberland-pro-gritman-a1vb4\/","og_locale":"en_US","og_type":"article","og_title":"Veste de travail doubl\u00e9e Timberland Pro Gritman - A1VB4 - Le Magasin Industriel","og_description":"Veste de travail doubl\u00e9e Timberland Pro Gritman - A1VB4 avec coton externe en duck et isolant int\u00e9rieure style mouton 10.8 oz.","og_url":"https:\/\/autravail.ca\/en\/product\/veste-de-travail-doublee-timberland-pro-gritman-a1vb4\/","og_site_name":"Le Magasin Industriel","article_publisher":"https:\/\/www.facebook.com\/lemagasinindustriel\/?locale=fr_FR","article_modified_time":"2026-01-08T16:05:30+00:00","og_image":[{"width":1000,"height":1000,"url":"https:\/\/autravail.ca\/wp-content\/uploads\/2025\/11\/A1VB4Gris_A01.jpg","type":"image\/jpeg"}],"twitter_card":"summary_large_image","twitter_misc":{"Est. reading time":"2 minutes"},"schema":{"@context":"https:\/\/schema.org","@graph":[{"@type":"WebPage","@id":"https:\/\/autravail.ca\/product\/veste-de-travail-doublee-timberland-pro-gritman-a1vb4\/","url":"https:\/\/autravail.ca\/product\/veste-de-travail-doublee-timberland-pro-gritman-a1vb4\/","name":"Veste de travail doubl\u00e9e Timberland Pro Gritman - A1VB4 - Le Magasin Industriel","isPartOf":{"@id":"https:\/\/autravail.ca\/#website"},"primaryImageOfPage":{"@id":"https:\/\/autravail.ca\/product\/veste-de-travail-doublee-timberland-pro-gritman-a1vb4\/#primaryimage"},"image":{"@id":"https:\/\/autravail.ca\/product\/veste-de-travail-doublee-timberland-pro-gritman-a1vb4\/#primaryimage"},"thumbnailUrl":"https:\/\/autravail.ca\/wp-content\/uploads\/2025\/11\/A1VB4Gris_A01.jpg","datePublished":"2025-11-25T17:43:55+00:00","dateModified":"2026-01-08T16:05:30+00:00","description":"Veste de travail doubl\u00e9e Timberland Pro Gritman - A1VB4 avec coton externe en duck et isolant int\u00e9rieure style mouton 10.8 oz.","breadcrumb":{"@id":"https:\/\/autravail.ca\/product\/veste-de-travail-doublee-timberland-pro-gritman-a1vb4\/#breadcrumb"},"inLanguage":"en-CA","potentialAction":[{"@type":"ReadAction","target":["https:\/\/autravail.ca\/product\/veste-de-travail-doublee-timberland-pro-gritman-a1vb4\/"]}]},{"@type":"ImageObject","inLanguage":"en-CA","@id":"https:\/\/autravail.ca\/product\/veste-de-travail-doublee-timberland-pro-gritman-a1vb4\/#primaryimage","url":"https:\/\/autravail.ca\/wp-content\/uploads\/2025\/11\/A1VB4Gris_A01.jpg","contentUrl":"https:\/\/autravail.ca\/wp-content\/uploads\/2025\/11\/A1VB4Gris_A01.jpg","width":1000,"height":1000,"caption":"Veste de travail doubl\u00e9e Timberland Pro Gritman - A1VB4"},{"@type":"BreadcrumbList","@id":"https:\/\/autravail.ca\/product\/veste-de-travail-doublee-timberland-pro-gritman-a1vb4\/#breadcrumb","itemListElement":[{"@type":"ListItem","position":1,"name":"Accueil","item":"https:\/\/autravail.ca\/"},{"@type":"ListItem","position":2,"name":"Magasin","item":"https:\/\/autravail.ca\/en\/shop\/"},{"@type":"ListItem","position":3,"name":"Veste de travail doubl\u00e9e Timberland Pro Gritman &#8211; A1VB4"}]},{"@type":"WebSite","@id":"https:\/\/autravail.ca\/#website","url":"https:\/\/autravail.ca\/","name":"Le Magasin Industriel","description":"50 ans de tradition de s\u00e9curit\u00e9 au travail","publisher":{"@id":"https:\/\/autravail.ca\/#organization"},"potentialAction":[{"@type":"SearchAction","target":{"@type":"EntryPoint","urlTemplate":"https:\/\/autravail.ca\/?s={search_term_string}"},"query-input":{"@type":"PropertyValueSpecification","valueRequired":true,"valueName":"search_term_string"}}],"inLanguage":"en-CA"},{"@type":"Organization","@id":"https:\/\/autravail.ca\/#organization","name":"Le Magasin Industriel","url":"https:\/\/autravail.ca\/","logo":{"@type":"ImageObject","inLanguage":"en-CA","@id":"https:\/\/autravail.ca\/#\/schema\/logo\/image\/","url":"https:\/\/autravail.ca\/wp-content\/uploads\/2025\/05\/cropped-magasin_industriel_120x.avif","contentUrl":"https:\/\/autravail.ca\/wp-content\/uploads\/2025\/05\/cropped-magasin_industriel_120x.avif","width":120,"height":24,"caption":"Le Magasin Industriel"},"image":{"@id":"https:\/\/autravail.ca\/#\/schema\/logo\/image\/"},"sameAs":["https:\/\/www.facebook.com\/lemagasinindustriel\/?locale=fr_FR"]}]}},"jetpack_sharing_enabled":true,"_links":{"self":[{"href":"https:\/\/autravail.ca\/en\/wp-json\/wp\/v2\/product\/41976","targetHints":{"allow":["GET"]}}],"collection":[{"href":"https:\/\/autravail.ca\/en\/wp-json\/wp\/v2\/product"}],"about":[{"href":"https:\/\/autravail.ca\/en\/wp-json\/wp\/v2\/types\/product"}],"replies":[{"embeddable":true,"href":"https:\/\/autravail.ca\/en\/wp-json\/wp\/v2\/comments?post=41976"}],"wp:featuredmedia":[{"embeddable":true,"href":"https:\/\/autravail.ca\/en\/wp-json\/wp\/v2\/media\/41977"}],"wp:attachment":[{"href":"https:\/\/autravail.ca\/en\/wp-json\/wp\/v2\/media?parent=41976"}],"wp:term":[{"taxonomy":"product_cat","embeddable":true,"href":"https:\/\/autravail.ca\/en\/wp-json\/wp\/v2\/product_cat?post=41976"},{"taxonomy":"product_tag","embeddable":true,"href":"https:\/\/autravail.ca\/en\/wp-json\/wp\/v2\/product_tag?post=41976"}],"curies":[{"name":"wp","href":"https:\/\/api.w.org\/{rel}","templated":true}]}}