{"id":41715,"date":"2025-11-14T12:23:09","date_gmt":"2025-11-14T16:23:09","guid":{"rendered":"https:\/\/autravail.ca\/?post_type=product&#038;p=41715"},"modified":"2026-02-09T16:30:32","modified_gmt":"2026-02-09T20:30:32","slug":"protection-metatarsienne-et-pour-lacets-metguardz-sen-600","status":"publish","type":"product","link":"https:\/\/autravail.ca\/en\/product\/protection-metatarsienne-et-pour-lacets-metguardz-sen-600\/","title":{"rendered":"Protection m\u00e9tatarsienne et pour lacets MetGUARDZ &#8211; SEN-600"},"content":{"rendered":"<h3>Protection m\u00e9tatarsienne et pour lacets MetGUARDZ &#8211; SEN-600<\/h3>\n<p>Protection m\u00e9tatarsienne et pour lacets MetGUARDZ &#8211; SEN-600<\/p>\n<div class=\"overview\">\n<h6 class=\"overview-header\"><span dir=\"auto\">Aper\u00e7u<\/span><\/h6>\n<div class=\"product-option-overview\"><span dir=\"auto\">Les prot\u00e8ge-m\u00e9tatarsiens et prot\u00e8ge-lacets MetGUARDZ\u2122 absorbent et r\u00e9partissent l&rsquo;impact des chutes d&rsquo;objets. Ils constituent la solution \u00e9conomique id\u00e9ale pour les visiteurs, les int\u00e9rimaires, les employ\u00e9s de bureau, les commerciaux ou toute personne n\u00e9cessitant une protection m\u00e9tatarsienne. Ces prot\u00e8ge-m\u00e9tatarsiens sont recommand\u00e9s pour les travailleurs du BTP, des chantiers navals, des mines, de la sylviculture, de la production industrielle, de la manutention, du transport, de la soudure, etc.<\/span><\/div>\n<div><\/div>\n<\/div>\n<div class=\"overview\">\n<div class=\"sc-bcXHqe eEDwqu\">\n<h6 class=\"ai-summary-header\"><span dir=\"auto\">R\u00e9sum\u00e9 de l&rsquo;IA (<\/span><span style=\"font-size: 16px;\">Clause de non-responsabilit\u00e9)<\/span><\/h6>\n<div class=\"pop-up\" tabindex=\"0\" role=\"button\" aria-label=\"Indice contextuel\">\n<div class=\"hint__Triangle-sc-mcz2uj-4 hGMQUj\"><\/div>\n<div><span dir=\"auto\">Ce syst\u00e8me d&rsquo;IA est exp\u00e9rimental et en cours de test. International Safety ne garantit ni l&rsquo;exactitude ni la fiabilit\u00e9 des informations fournies et d\u00e9cline toute responsabilit\u00e9 en cas d&rsquo;erreurs, d&rsquo;omissions ou de cons\u00e9quences li\u00e9es \u00e0 son utilisation.<\/span><\/div>\n<\/div>\n<\/div>\n<div class=\"admin-editable\">\n<div class=\"product-option-overview\"><span dir=\"auto\">Les prot\u00e8ge-pieds SEN-600 MetGUARDZ\u2122 se fixent facilement \u00e0 vos bottes de s\u00e9curit\u00e9 existantes, offrant une protection m\u00e9tatarsienne et des lacets renforc\u00e9e sans \u00e9quipement suppl\u00e9mentaire. Conformes aux normes d&rsquo;impact CSA et ASTM, ils r\u00e9sistent \u00e9galement aux projections de soudure, ce qui les rend id\u00e9aux pour les environnements de travail avec des outils lourds ou des \u00e9tincelles. Parfaits pour prot\u00e9ger vos pieds au travail sans sacrifier le confort ni la praticit\u00e9.<\/span><\/div>\n<div><\/div>\n<div>\n<div class=\"overview\">\n<h6 class=\"overview-header\"><span dir=\"auto\">Caract\u00e9ristiques<\/span><\/h6>\n<div class=\"admin-editable\">\n<div class=\"product-option-overview standard-markdown-styling\">\n<div>\n<p><span dir=\"auto\">Le MetGUARDZ\u2122 s&rsquo;utilise avec les chaussures de s\u00e9curit\u00e9 existantes de l&rsquo;utilisateur. Il peut \u00eatre facilement lac\u00e9 sur la chaussure \u00e0 l&rsquo;aide des lacets existants et des sangles fournies.<\/span><\/p>\n<ul>\n<li><span dir=\"auto\">Protection sup\u00e9rieure<\/span>\n<ul>\n<li><span dir=\"auto\">Respecter ou d\u00e9passer les crit\u00e8res de performance en mati\u00e8re d&rsquo;impact m\u00e9tatarsien des normes CSA et ASTM.<\/span><\/li>\n<li><span dir=\"auto\">R\u00e9sistant aux projections de soudure, aux acides, aux alcalis, au fioul et aux temp\u00e9ratures \u00e9lev\u00e9es et basses.<\/span><\/li>\n<li><span dir=\"auto\">Protection contre les \u00e9tincelles et la salet\u00e9, prolonge la dur\u00e9e de vie de vos lacets et de vos bottes, ce qui est id\u00e9al pour les soudeurs.<\/span><\/li>\n<\/ul>\n<\/li>\n<li><span dir=\"auto\">Commodit\u00e9<\/span>\n<ul>\n<li><span dir=\"auto\">Convient \u00e0 la plupart des types de chaussures de s\u00e9curit\u00e9.<\/span><\/li>\n<li><span dir=\"auto\">Fixation \u00e0 l&rsquo;aide des sangles fournies.<\/span><\/li>\n<li><span dir=\"auto\">Transf\u00e9rable entre utilisateurs.<\/span><\/li>\n<\/ul>\n<\/li>\n<\/ul>\n<\/div>\n<\/div>\n<\/div>\n<\/div>\n<div class=\"overview\">\n<h6 class=\"overview-header\"><span dir=\"auto\">Informations techniques<\/span><\/h6>\n<div class=\"sc-bcXHqe kevoXT\"><\/div>\n<div class=\"sc-bcXHqe kevoXT\"><span class=\"text__Text-sc-16qrffi-0 gdYVZE\"><span dir=\"auto\">Ce produit est originaire\u00a0<\/span><span dir=\"auto\">du Canada\u00a0<\/span><span dir=\"auto\">.<\/span><\/span><\/div>\n<\/div>\n<\/div>\n<\/div>\n<\/div>","protected":false},"excerpt":{"rendered":"<p>Protection m\u00e9tatarsienne et pour lacets MetGUARDZ &#8211; SEN-600 Protection m\u00e9tatarsienne et pour lacets MetGUARDZ &#8211; SEN-600 Aper\u00e7u Les prot\u00e8ge-m\u00e9tatarsiens et prot\u00e8ge-lacets MetGUARDZ\u2122 absorbent et r\u00e9partissent l&rsquo;impact des chutes d&rsquo;objets. Ils constituent la solution \u00e9conomique id\u00e9ale pour les visiteurs, les int\u00e9rimaires, les employ\u00e9s de bureau, les commerciaux ou toute personne n\u00e9cessitant une protection m\u00e9tatarsienne. Ces prot\u00e8ge-m\u00e9tatarsiens [&hellip;]<\/p>","protected":false},"featured_media":41718,"comment_status":"open","ping_status":"closed","template":"","meta":[],"product_cat":[15,657],"product_tag":[],"class_list":{"0":"post-41715","1":"product","2":"type-product","3":"status-publish","4":"has-post-thumbnail","6":"product_brand-steel-flex","7":"product_cat-uncategorized","8":"product_cat-accessoires-de-chaussures","10":"first","11":"instock","12":"taxable","13":"shipping-taxable","14":"purchasable","15":"product-type-simple"},"yoast_head":"<!-- This site is optimized with the Yoast SEO plugin v25.3.1 - https:\/\/yoast.com\/wordpress\/plugins\/seo\/ -->\n<title>Protection m\u00e9tatarsienne et pour lacets MetGUARDZ - SEN-600 - Le Magasin Industriel<\/title>\n<meta name=\"description\" content=\"Protection m\u00e9tatarsienne et pour lacets MetGUARDZ - SEN-600 s&#039;utilise avvec les chaussures de s\u00e9curit\u00e9 existantes de l&#039;utilisateur\" \/>\n<meta name=\"robots\" content=\"index, follow, max-snippet:-1, max-image-preview:large, max-video-preview:-1\" \/>\n<link rel=\"canonical\" href=\"https:\/\/autravail.ca\/en\/product\/protection-metatarsienne-et-pour-lacets-metguardz-sen-600\/\" \/>\n<meta property=\"og:locale\" content=\"en_US\" \/>\n<meta property=\"og:type\" content=\"article\" \/>\n<meta property=\"og:title\" content=\"Protection m\u00e9tatarsienne et pour lacets MetGUARDZ - SEN-600 - Le Magasin Industriel\" \/>\n<meta property=\"og:description\" content=\"Protection m\u00e9tatarsienne et pour lacets MetGUARDZ - SEN-600 s&#039;utilise avvec les chaussures de s\u00e9curit\u00e9 existantes de l&#039;utilisateur\" \/>\n<meta property=\"og:url\" content=\"https:\/\/autravail.ca\/en\/product\/protection-metatarsienne-et-pour-lacets-metguardz-sen-600\/\" \/>\n<meta property=\"og:site_name\" content=\"Le Magasin Industriel\" \/>\n<meta property=\"article:publisher\" content=\"https:\/\/www.facebook.com\/lemagasinindustriel\/?locale=fr_FR\" \/>\n<meta property=\"article:modified_time\" content=\"2026-02-09T20:30:32+00:00\" \/>\n<meta property=\"og:image\" content=\"https:\/\/autravail.ca\/wp-content\/uploads\/2025\/11\/SEN-600_A02.jpg\" \/>\n\t<meta property=\"og:image:width\" content=\"1000\" \/>\n\t<meta property=\"og:image:height\" content=\"1000\" \/>\n\t<meta property=\"og:image:type\" content=\"image\/jpeg\" \/>\n<meta name=\"twitter:card\" content=\"summary_large_image\" \/>\n<meta name=\"twitter:label1\" content=\"Est. reading time\" \/>\n\t<meta name=\"twitter:data1\" content=\"2 minutes\" \/>\n<script type=\"application\/ld+json\" class=\"yoast-schema-graph\">{\"@context\":\"https:\/\/schema.org\",\"@graph\":[{\"@type\":\"WebPage\",\"@id\":\"https:\/\/autravail.ca\/product\/protection-metatarsienne-et-pour-lacets-metguardz-sen-600\/\",\"url\":\"https:\/\/autravail.ca\/product\/protection-metatarsienne-et-pour-lacets-metguardz-sen-600\/\",\"name\":\"Protection m\u00e9tatarsienne et pour lacets MetGUARDZ - SEN-600 - Le Magasin Industriel\",\"isPartOf\":{\"@id\":\"https:\/\/autravail.ca\/#website\"},\"primaryImageOfPage\":{\"@id\":\"https:\/\/autravail.ca\/product\/protection-metatarsienne-et-pour-lacets-metguardz-sen-600\/#primaryimage\"},\"image\":{\"@id\":\"https:\/\/autravail.ca\/product\/protection-metatarsienne-et-pour-lacets-metguardz-sen-600\/#primaryimage\"},\"thumbnailUrl\":\"https:\/\/autravail.ca\/wp-content\/uploads\/2025\/11\/SEN-600_A02.jpg\",\"datePublished\":\"2025-11-14T16:23:09+00:00\",\"dateModified\":\"2026-02-09T20:30:32+00:00\",\"description\":\"Protection m\u00e9tatarsienne et pour lacets MetGUARDZ - SEN-600 s'utilise avvec les chaussures de s\u00e9curit\u00e9 existantes de l'utilisateur\",\"breadcrumb\":{\"@id\":\"https:\/\/autravail.ca\/product\/protection-metatarsienne-et-pour-lacets-metguardz-sen-600\/#breadcrumb\"},\"inLanguage\":\"en-CA\",\"potentialAction\":[{\"@type\":\"ReadAction\",\"target\":[\"https:\/\/autravail.ca\/product\/protection-metatarsienne-et-pour-lacets-metguardz-sen-600\/\"]}]},{\"@type\":\"ImageObject\",\"inLanguage\":\"en-CA\",\"@id\":\"https:\/\/autravail.ca\/product\/protection-metatarsienne-et-pour-lacets-metguardz-sen-600\/#primaryimage\",\"url\":\"https:\/\/autravail.ca\/wp-content\/uploads\/2025\/11\/SEN-600_A02.jpg\",\"contentUrl\":\"https:\/\/autravail.ca\/wp-content\/uploads\/2025\/11\/SEN-600_A02.jpg\",\"width\":1000,\"height\":1000},{\"@type\":\"BreadcrumbList\",\"@id\":\"https:\/\/autravail.ca\/product\/protection-metatarsienne-et-pour-lacets-metguardz-sen-600\/#breadcrumb\",\"itemListElement\":[{\"@type\":\"ListItem\",\"position\":1,\"name\":\"Accueil\",\"item\":\"https:\/\/autravail.ca\/\"},{\"@type\":\"ListItem\",\"position\":2,\"name\":\"Magasin\",\"item\":\"https:\/\/autravail.ca\/en\/shop\/\"},{\"@type\":\"ListItem\",\"position\":3,\"name\":\"Protection m\u00e9tatarsienne et pour lacets MetGUARDZ &#8211; SEN-600\"}]},{\"@type\":\"WebSite\",\"@id\":\"https:\/\/autravail.ca\/#website\",\"url\":\"https:\/\/autravail.ca\/\",\"name\":\"Le Magasin Industriel\",\"description\":\"50 ans de tradition de s\u00e9curit\u00e9 au travail\",\"publisher\":{\"@id\":\"https:\/\/autravail.ca\/#organization\"},\"potentialAction\":[{\"@type\":\"SearchAction\",\"target\":{\"@type\":\"EntryPoint\",\"urlTemplate\":\"https:\/\/autravail.ca\/?s={search_term_string}\"},\"query-input\":{\"@type\":\"PropertyValueSpecification\",\"valueRequired\":true,\"valueName\":\"search_term_string\"}}],\"inLanguage\":\"en-CA\"},{\"@type\":\"Organization\",\"@id\":\"https:\/\/autravail.ca\/#organization\",\"name\":\"Le Magasin Industriel\",\"url\":\"https:\/\/autravail.ca\/\",\"logo\":{\"@type\":\"ImageObject\",\"inLanguage\":\"en-CA\",\"@id\":\"https:\/\/autravail.ca\/#\/schema\/logo\/image\/\",\"url\":\"https:\/\/autravail.ca\/wp-content\/uploads\/2025\/05\/cropped-magasin_industriel_120x.avif\",\"contentUrl\":\"https:\/\/autravail.ca\/wp-content\/uploads\/2025\/05\/cropped-magasin_industriel_120x.avif\",\"width\":120,\"height\":24,\"caption\":\"Le Magasin Industriel\"},\"image\":{\"@id\":\"https:\/\/autravail.ca\/#\/schema\/logo\/image\/\"},\"sameAs\":[\"https:\/\/www.facebook.com\/lemagasinindustriel\/?locale=fr_FR\"]}]}<\/script>\n<!-- \/ Yoast SEO plugin. -->","yoast_head_json":{"title":"Protection m\u00e9tatarsienne et pour lacets MetGUARDZ - SEN-600 - Le Magasin Industriel","description":"Protection m\u00e9tatarsienne et pour lacets MetGUARDZ - SEN-600 s'utilise avvec les chaussures de s\u00e9curit\u00e9 existantes de l'utilisateur","robots":{"index":"index","follow":"follow","max-snippet":"max-snippet:-1","max-image-preview":"max-image-preview:large","max-video-preview":"max-video-preview:-1"},"canonical":"https:\/\/autravail.ca\/en\/product\/protection-metatarsienne-et-pour-lacets-metguardz-sen-600\/","og_locale":"en_US","og_type":"article","og_title":"Protection m\u00e9tatarsienne et pour lacets MetGUARDZ - SEN-600 - Le Magasin Industriel","og_description":"Protection m\u00e9tatarsienne et pour lacets MetGUARDZ - SEN-600 s'utilise avvec les chaussures de s\u00e9curit\u00e9 existantes de l'utilisateur","og_url":"https:\/\/autravail.ca\/en\/product\/protection-metatarsienne-et-pour-lacets-metguardz-sen-600\/","og_site_name":"Le Magasin Industriel","article_publisher":"https:\/\/www.facebook.com\/lemagasinindustriel\/?locale=fr_FR","article_modified_time":"2026-02-09T20:30:32+00:00","og_image":[{"width":1000,"height":1000,"url":"https:\/\/autravail.ca\/wp-content\/uploads\/2025\/11\/SEN-600_A02.jpg","type":"image\/jpeg"}],"twitter_card":"summary_large_image","twitter_misc":{"Est. reading time":"2 minutes"},"schema":{"@context":"https:\/\/schema.org","@graph":[{"@type":"WebPage","@id":"https:\/\/autravail.ca\/product\/protection-metatarsienne-et-pour-lacets-metguardz-sen-600\/","url":"https:\/\/autravail.ca\/product\/protection-metatarsienne-et-pour-lacets-metguardz-sen-600\/","name":"Protection m\u00e9tatarsienne et pour lacets MetGUARDZ - SEN-600 - Le Magasin Industriel","isPartOf":{"@id":"https:\/\/autravail.ca\/#website"},"primaryImageOfPage":{"@id":"https:\/\/autravail.ca\/product\/protection-metatarsienne-et-pour-lacets-metguardz-sen-600\/#primaryimage"},"image":{"@id":"https:\/\/autravail.ca\/product\/protection-metatarsienne-et-pour-lacets-metguardz-sen-600\/#primaryimage"},"thumbnailUrl":"https:\/\/autravail.ca\/wp-content\/uploads\/2025\/11\/SEN-600_A02.jpg","datePublished":"2025-11-14T16:23:09+00:00","dateModified":"2026-02-09T20:30:32+00:00","description":"Protection m\u00e9tatarsienne et pour lacets MetGUARDZ - SEN-600 s'utilise avvec les chaussures de s\u00e9curit\u00e9 existantes de l'utilisateur","breadcrumb":{"@id":"https:\/\/autravail.ca\/product\/protection-metatarsienne-et-pour-lacets-metguardz-sen-600\/#breadcrumb"},"inLanguage":"en-CA","potentialAction":[{"@type":"ReadAction","target":["https:\/\/autravail.ca\/product\/protection-metatarsienne-et-pour-lacets-metguardz-sen-600\/"]}]},{"@type":"ImageObject","inLanguage":"en-CA","@id":"https:\/\/autravail.ca\/product\/protection-metatarsienne-et-pour-lacets-metguardz-sen-600\/#primaryimage","url":"https:\/\/autravail.ca\/wp-content\/uploads\/2025\/11\/SEN-600_A02.jpg","contentUrl":"https:\/\/autravail.ca\/wp-content\/uploads\/2025\/11\/SEN-600_A02.jpg","width":1000,"height":1000},{"@type":"BreadcrumbList","@id":"https:\/\/autravail.ca\/product\/protection-metatarsienne-et-pour-lacets-metguardz-sen-600\/#breadcrumb","itemListElement":[{"@type":"ListItem","position":1,"name":"Accueil","item":"https:\/\/autravail.ca\/"},{"@type":"ListItem","position":2,"name":"Magasin","item":"https:\/\/autravail.ca\/en\/shop\/"},{"@type":"ListItem","position":3,"name":"Protection m\u00e9tatarsienne et pour lacets MetGUARDZ &#8211; SEN-600"}]},{"@type":"WebSite","@id":"https:\/\/autravail.ca\/#website","url":"https:\/\/autravail.ca\/","name":"Le Magasin Industriel","description":"50 ans de tradition de s\u00e9curit\u00e9 au travail","publisher":{"@id":"https:\/\/autravail.ca\/#organization"},"potentialAction":[{"@type":"SearchAction","target":{"@type":"EntryPoint","urlTemplate":"https:\/\/autravail.ca\/?s={search_term_string}"},"query-input":{"@type":"PropertyValueSpecification","valueRequired":true,"valueName":"search_term_string"}}],"inLanguage":"en-CA"},{"@type":"Organization","@id":"https:\/\/autravail.ca\/#organization","name":"Le Magasin Industriel","url":"https:\/\/autravail.ca\/","logo":{"@type":"ImageObject","inLanguage":"en-CA","@id":"https:\/\/autravail.ca\/#\/schema\/logo\/image\/","url":"https:\/\/autravail.ca\/wp-content\/uploads\/2025\/05\/cropped-magasin_industriel_120x.avif","contentUrl":"https:\/\/autravail.ca\/wp-content\/uploads\/2025\/05\/cropped-magasin_industriel_120x.avif","width":120,"height":24,"caption":"Le Magasin Industriel"},"image":{"@id":"https:\/\/autravail.ca\/#\/schema\/logo\/image\/"},"sameAs":["https:\/\/www.facebook.com\/lemagasinindustriel\/?locale=fr_FR"]}]}},"jetpack_sharing_enabled":true,"_links":{"self":[{"href":"https:\/\/autravail.ca\/en\/wp-json\/wp\/v2\/product\/41715","targetHints":{"allow":["GET"]}}],"collection":[{"href":"https:\/\/autravail.ca\/en\/wp-json\/wp\/v2\/product"}],"about":[{"href":"https:\/\/autravail.ca\/en\/wp-json\/wp\/v2\/types\/product"}],"replies":[{"embeddable":true,"href":"https:\/\/autravail.ca\/en\/wp-json\/wp\/v2\/comments?post=41715"}],"wp:featuredmedia":[{"embeddable":true,"href":"https:\/\/autravail.ca\/en\/wp-json\/wp\/v2\/media\/41718"}],"wp:attachment":[{"href":"https:\/\/autravail.ca\/en\/wp-json\/wp\/v2\/media?parent=41715"}],"wp:term":[{"taxonomy":"product_cat","embeddable":true,"href":"https:\/\/autravail.ca\/en\/wp-json\/wp\/v2\/product_cat?post=41715"},{"taxonomy":"product_tag","embeddable":true,"href":"https:\/\/autravail.ca\/en\/wp-json\/wp\/v2\/product_tag?post=41715"}],"curies":[{"name":"wp","href":"https:\/\/api.w.org\/{rel}","templated":true}]}}