{"id":41610,"date":"2025-11-12T17:42:43","date_gmt":"2025-11-12T21:42:43","guid":{"rendered":"https:\/\/autravail.ca\/?post_type=product&#038;p=41610"},"modified":"2025-12-05T05:09:35","modified_gmt":"2025-12-05T09:09:35","slug":"pantalon-impermeable-helly-hansen-gale-70485","status":"publish","type":"product","link":"https:\/\/autravail.ca\/en\/product\/pantalon-impermeable-helly-hansen-gale-70485\/","title":{"rendered":"Pantalon Imperm\u00e9able Helly Hansen Gale &#8211; 70485"},"content":{"rendered":"<h3>Pantalon Imperm\u00e9able Helly Hansen Gale &#8211; 70485<\/h3>\n<p>Le Pantalon Imperm\u00e9able Helly Hansen Gale &#8211; 70485 est con\u00e7u pour les environnements humides et les travaux ext\u00e9rieurs exigeants. Il est fabriqu\u00e9 en tissu sans PVC, souple et r\u00e9sistant aux produits chimiques. Les coutures soud\u00e9es assurent une \u00e9tanch\u00e9it\u00e9 compl\u00e8te contre la pluie. Sa taille \u00e9lastique avec cordon permet un ajustement confortable. Les jambes sont larges pour faciliter les mouvements et l\u2019enfilage par-dessus des bottes. Il est compatible avec les vestes de la m\u00eame gamme. Le tissu est durable et facile \u00e0 nettoyer. Ce pantalon est certifi\u00e9 EN 343 pour la protection contre les intemp\u00e9ries. Il convient aux secteurs de la p\u00eache, de l\u2019agriculture et de la construction. Il offre une excellente r\u00e9sistance \u00e0 l\u2019eau selon la norme AATCC 127. Ce pantalon imperm\u00e9able est l\u00e9ger et s\u00e8che rapidement. Disponible en plusieurs tailles.<\/p>\n<p>Disponible en plusieurs tailles et couleurs. Ce pantalon Gale <a href=\"https:\/\/autravail.ca\/en\/product-category\/helly-hansen-workwear\/\">Helly Hansen Workwear<\/a> allie confort, s\u00e9curit\u00e9 et performance au quotidien.Id\u00e9al pour tous les types de m\u00e9tier, pour les activit\u00e9s sportives et pour les sorties en nature.<\/p>\n<p>Agencement avec le manteau imperm\u00e9able Gale <a href=\"https:\/\/autravail.ca\/en\/product\/manteau-impermeable-helly-hansen-gale-70282-noir\/\">70282<\/a>.<\/p>\n<h4>Characteristics:<\/h4>\n<p><!--StartFragment --><\/p>\n<ul>\n<li>Fermeture \u00e9clair YKK\u00ae<\/li>\n<li>Taille ajustable<\/li>\n<li>Bout des jambes ajustables avec bouton snap<\/li>\n<li>Poche Napol\u00e9on avec fermeture YKK\u00ae<\/li>\n<li>EN 343:2019 \u2013 PLUIE<\/li>\n<li>AATCC 127-2013 \u2013 R\u00c9SISTANCE \u00c0 L\u2019EAU<\/li>\n<li>Rev\u00eatement : 100 % polyur\u00e9thane<\/li>\n<\/ul>\n<p><img decoding=\"async\" class=\"alignnone wp-image-40620\" src=\"https:\/\/autravail.ca\/wp-content\/uploads\/2025\/09\/Jachete-quebec-et-canada.jpg\" alt=\"Logo de l'achat local\" width=\"162\" height=\"139\" \/>Merci d&rsquo;encourager une entreprise 100% d&rsquo;ici!<\/p>\n<p>TS2511S<\/p>\n<p><!--EndFragment --><\/p>","protected":false},"excerpt":{"rendered":"<p>Pantalon Imperm\u00e9able Helly Hansen Gale &#8211; 70485 Le Pantalon Imperm\u00e9able Helly Hansen Gale &#8211; 70485 est con\u00e7u pour les environnements humides et les travaux ext\u00e9rieurs exigeants. Il est fabriqu\u00e9 en tissu sans PVC, souple et r\u00e9sistant aux produits chimiques. Les coutures soud\u00e9es assurent une \u00e9tanch\u00e9it\u00e9 compl\u00e8te contre la pluie. Sa taille \u00e9lastique avec cordon permet [&hellip;]<\/p>","protected":false},"featured_media":41653,"comment_status":"open","ping_status":"closed","template":"","meta":[],"product_cat":[633,602,609,665,604],"product_tag":[255,242,821,243],"class_list":{"0":"post-41610","1":"product","2":"type-product","3":"status-publish","4":"has-post-thumbnail","6":"product_brand-helly-hansen","7":"product_cat-femmes","8":"product_cat-hommes","9":"product_cat-impermeables","10":"product_cat-pantalons","11":"product_cat-vetements-de-travail","12":"product_tag-femme","13":"product_tag-homme","14":"product_tag-impermeable","15":"product_tag-pantalons","17":"first","18":"instock","19":"taxable","20":"shipping-taxable","21":"purchasable","22":"product-type-variable"},"yoast_head":"<!-- This site is optimized with the Yoast SEO plugin v25.3.1 - https:\/\/yoast.com\/wordpress\/plugins\/seo\/ -->\n<title>Pantalon Imperm\u00e9able Helly Hansen Gale - 70485 - Le Magasin Industriel<\/title>\n<meta name=\"description\" content=\"Pantalon Imperm\u00e9able Helly Hansen Gale - 70485 fait pour les travailleurs. Composition externe 100% de polyur\u00e9thane avec poignets de n\u00e9opr\u00e8ne.\" \/>\n<meta name=\"robots\" content=\"index, follow, max-snippet:-1, max-image-preview:large, max-video-preview:-1\" \/>\n<link rel=\"canonical\" href=\"https:\/\/autravail.ca\/en\/product\/pantalon-impermeable-helly-hansen-gale-70485\/\" \/>\n<meta property=\"og:locale\" content=\"en_US\" \/>\n<meta property=\"og:type\" content=\"article\" \/>\n<meta property=\"og:title\" content=\"Pantalon Imperm\u00e9able Helly Hansen Gale - 70485 - Le Magasin Industriel\" \/>\n<meta property=\"og:description\" content=\"Pantalon Imperm\u00e9able Helly Hansen Gale - 70485 fait pour les travailleurs. Composition externe 100% de polyur\u00e9thane avec poignets de n\u00e9opr\u00e8ne.\" \/>\n<meta property=\"og:url\" content=\"https:\/\/autravail.ca\/en\/product\/pantalon-impermeable-helly-hansen-gale-70485\/\" \/>\n<meta property=\"og:site_name\" content=\"Le Magasin Industriel\" \/>\n<meta property=\"article:publisher\" content=\"https:\/\/www.facebook.com\/lemagasinindustriel\/?locale=fr_FR\" \/>\n<meta property=\"article:modified_time\" content=\"2025-12-05T09:09:35+00:00\" \/>\n<meta property=\"og:image\" content=\"https:\/\/autravail.ca\/wp-content\/uploads\/2025\/11\/70485-Noir_A01.jpg\" \/>\n\t<meta property=\"og:image:width\" content=\"1000\" \/>\n\t<meta property=\"og:image:height\" content=\"1000\" \/>\n\t<meta property=\"og:image:type\" content=\"image\/jpeg\" \/>\n<meta name=\"twitter:card\" content=\"summary_large_image\" \/>\n<meta name=\"twitter:label1\" content=\"Est. reading time\" \/>\n\t<meta name=\"twitter:data1\" content=\"2 minutes\" \/>\n<script type=\"application\/ld+json\" class=\"yoast-schema-graph\">{\"@context\":\"https:\/\/schema.org\",\"@graph\":[{\"@type\":\"WebPage\",\"@id\":\"https:\/\/autravail.ca\/product\/pantalon-impermeable-helly-hansen-gale-70485\/\",\"url\":\"https:\/\/autravail.ca\/product\/pantalon-impermeable-helly-hansen-gale-70485\/\",\"name\":\"Pantalon Imperm\u00e9able Helly Hansen Gale - 70485 - Le Magasin Industriel\",\"isPartOf\":{\"@id\":\"https:\/\/autravail.ca\/#website\"},\"primaryImageOfPage\":{\"@id\":\"https:\/\/autravail.ca\/product\/pantalon-impermeable-helly-hansen-gale-70485\/#primaryimage\"},\"image\":{\"@id\":\"https:\/\/autravail.ca\/product\/pantalon-impermeable-helly-hansen-gale-70485\/#primaryimage\"},\"thumbnailUrl\":\"https:\/\/autravail.ca\/wp-content\/uploads\/2025\/11\/70485-Noir_A01.jpg\",\"datePublished\":\"2025-11-12T21:42:43+00:00\",\"dateModified\":\"2025-12-05T09:09:35+00:00\",\"description\":\"Pantalon Imperm\u00e9able Helly Hansen Gale - 70485 fait pour les travailleurs. Composition externe 100% de polyur\u00e9thane avec poignets de n\u00e9opr\u00e8ne.\",\"breadcrumb\":{\"@id\":\"https:\/\/autravail.ca\/product\/pantalon-impermeable-helly-hansen-gale-70485\/#breadcrumb\"},\"inLanguage\":\"en-CA\",\"potentialAction\":[{\"@type\":\"ReadAction\",\"target\":[\"https:\/\/autravail.ca\/product\/pantalon-impermeable-helly-hansen-gale-70485\/\"]}]},{\"@type\":\"ImageObject\",\"inLanguage\":\"en-CA\",\"@id\":\"https:\/\/autravail.ca\/product\/pantalon-impermeable-helly-hansen-gale-70485\/#primaryimage\",\"url\":\"https:\/\/autravail.ca\/wp-content\/uploads\/2025\/11\/70485-Noir_A01.jpg\",\"contentUrl\":\"https:\/\/autravail.ca\/wp-content\/uploads\/2025\/11\/70485-Noir_A01.jpg\",\"width\":1000,\"height\":1000,\"caption\":\"Pantalon Imperm\u00e9able Helly Hansen Gale - 70485\"},{\"@type\":\"BreadcrumbList\",\"@id\":\"https:\/\/autravail.ca\/product\/pantalon-impermeable-helly-hansen-gale-70485\/#breadcrumb\",\"itemListElement\":[{\"@type\":\"ListItem\",\"position\":1,\"name\":\"Accueil\",\"item\":\"https:\/\/autravail.ca\/\"},{\"@type\":\"ListItem\",\"position\":2,\"name\":\"Magasin\",\"item\":\"https:\/\/autravail.ca\/en\/shop\/\"},{\"@type\":\"ListItem\",\"position\":3,\"name\":\"Pantalon Imperm\u00e9able Helly Hansen Gale &#8211; 70485\"}]},{\"@type\":\"WebSite\",\"@id\":\"https:\/\/autravail.ca\/#website\",\"url\":\"https:\/\/autravail.ca\/\",\"name\":\"Le Magasin Industriel\",\"description\":\"50 ans de tradition de s\u00e9curit\u00e9 au travail\",\"publisher\":{\"@id\":\"https:\/\/autravail.ca\/#organization\"},\"potentialAction\":[{\"@type\":\"SearchAction\",\"target\":{\"@type\":\"EntryPoint\",\"urlTemplate\":\"https:\/\/autravail.ca\/?s={search_term_string}\"},\"query-input\":{\"@type\":\"PropertyValueSpecification\",\"valueRequired\":true,\"valueName\":\"search_term_string\"}}],\"inLanguage\":\"en-CA\"},{\"@type\":\"Organization\",\"@id\":\"https:\/\/autravail.ca\/#organization\",\"name\":\"Le Magasin Industriel\",\"url\":\"https:\/\/autravail.ca\/\",\"logo\":{\"@type\":\"ImageObject\",\"inLanguage\":\"en-CA\",\"@id\":\"https:\/\/autravail.ca\/#\/schema\/logo\/image\/\",\"url\":\"https:\/\/autravail.ca\/wp-content\/uploads\/2025\/05\/cropped-magasin_industriel_120x.avif\",\"contentUrl\":\"https:\/\/autravail.ca\/wp-content\/uploads\/2025\/05\/cropped-magasin_industriel_120x.avif\",\"width\":120,\"height\":24,\"caption\":\"Le Magasin Industriel\"},\"image\":{\"@id\":\"https:\/\/autravail.ca\/#\/schema\/logo\/image\/\"},\"sameAs\":[\"https:\/\/www.facebook.com\/lemagasinindustriel\/?locale=fr_FR\"]}]}<\/script>\n<!-- \/ Yoast SEO plugin. -->","yoast_head_json":{"title":"Pantalon Imperm\u00e9able Helly Hansen Gale - 70485 - Le Magasin Industriel","description":"Pantalon Imperm\u00e9able Helly Hansen Gale - 70485 fait pour les travailleurs. Composition externe 100% de polyur\u00e9thane avec poignets de n\u00e9opr\u00e8ne.","robots":{"index":"index","follow":"follow","max-snippet":"max-snippet:-1","max-image-preview":"max-image-preview:large","max-video-preview":"max-video-preview:-1"},"canonical":"https:\/\/autravail.ca\/en\/product\/pantalon-impermeable-helly-hansen-gale-70485\/","og_locale":"en_US","og_type":"article","og_title":"Pantalon Imperm\u00e9able Helly Hansen Gale - 70485 - Le Magasin Industriel","og_description":"Pantalon Imperm\u00e9able Helly Hansen Gale - 70485 fait pour les travailleurs. Composition externe 100% de polyur\u00e9thane avec poignets de n\u00e9opr\u00e8ne.","og_url":"https:\/\/autravail.ca\/en\/product\/pantalon-impermeable-helly-hansen-gale-70485\/","og_site_name":"Le Magasin Industriel","article_publisher":"https:\/\/www.facebook.com\/lemagasinindustriel\/?locale=fr_FR","article_modified_time":"2025-12-05T09:09:35+00:00","og_image":[{"width":1000,"height":1000,"url":"https:\/\/autravail.ca\/wp-content\/uploads\/2025\/11\/70485-Noir_A01.jpg","type":"image\/jpeg"}],"twitter_card":"summary_large_image","twitter_misc":{"Est. reading time":"2 minutes"},"schema":{"@context":"https:\/\/schema.org","@graph":[{"@type":"WebPage","@id":"https:\/\/autravail.ca\/product\/pantalon-impermeable-helly-hansen-gale-70485\/","url":"https:\/\/autravail.ca\/product\/pantalon-impermeable-helly-hansen-gale-70485\/","name":"Pantalon Imperm\u00e9able Helly Hansen Gale - 70485 - Le Magasin Industriel","isPartOf":{"@id":"https:\/\/autravail.ca\/#website"},"primaryImageOfPage":{"@id":"https:\/\/autravail.ca\/product\/pantalon-impermeable-helly-hansen-gale-70485\/#primaryimage"},"image":{"@id":"https:\/\/autravail.ca\/product\/pantalon-impermeable-helly-hansen-gale-70485\/#primaryimage"},"thumbnailUrl":"https:\/\/autravail.ca\/wp-content\/uploads\/2025\/11\/70485-Noir_A01.jpg","datePublished":"2025-11-12T21:42:43+00:00","dateModified":"2025-12-05T09:09:35+00:00","description":"Pantalon Imperm\u00e9able Helly Hansen Gale - 70485 fait pour les travailleurs. Composition externe 100% de polyur\u00e9thane avec poignets de n\u00e9opr\u00e8ne.","breadcrumb":{"@id":"https:\/\/autravail.ca\/product\/pantalon-impermeable-helly-hansen-gale-70485\/#breadcrumb"},"inLanguage":"en-CA","potentialAction":[{"@type":"ReadAction","target":["https:\/\/autravail.ca\/product\/pantalon-impermeable-helly-hansen-gale-70485\/"]}]},{"@type":"ImageObject","inLanguage":"en-CA","@id":"https:\/\/autravail.ca\/product\/pantalon-impermeable-helly-hansen-gale-70485\/#primaryimage","url":"https:\/\/autravail.ca\/wp-content\/uploads\/2025\/11\/70485-Noir_A01.jpg","contentUrl":"https:\/\/autravail.ca\/wp-content\/uploads\/2025\/11\/70485-Noir_A01.jpg","width":1000,"height":1000,"caption":"Pantalon Imperm\u00e9able Helly Hansen Gale - 70485"},{"@type":"BreadcrumbList","@id":"https:\/\/autravail.ca\/product\/pantalon-impermeable-helly-hansen-gale-70485\/#breadcrumb","itemListElement":[{"@type":"ListItem","position":1,"name":"Accueil","item":"https:\/\/autravail.ca\/"},{"@type":"ListItem","position":2,"name":"Magasin","item":"https:\/\/autravail.ca\/en\/shop\/"},{"@type":"ListItem","position":3,"name":"Pantalon Imperm\u00e9able Helly Hansen Gale &#8211; 70485"}]},{"@type":"WebSite","@id":"https:\/\/autravail.ca\/#website","url":"https:\/\/autravail.ca\/","name":"Le Magasin Industriel","description":"50 ans de tradition de s\u00e9curit\u00e9 au travail","publisher":{"@id":"https:\/\/autravail.ca\/#organization"},"potentialAction":[{"@type":"SearchAction","target":{"@type":"EntryPoint","urlTemplate":"https:\/\/autravail.ca\/?s={search_term_string}"},"query-input":{"@type":"PropertyValueSpecification","valueRequired":true,"valueName":"search_term_string"}}],"inLanguage":"en-CA"},{"@type":"Organization","@id":"https:\/\/autravail.ca\/#organization","name":"Le Magasin Industriel","url":"https:\/\/autravail.ca\/","logo":{"@type":"ImageObject","inLanguage":"en-CA","@id":"https:\/\/autravail.ca\/#\/schema\/logo\/image\/","url":"https:\/\/autravail.ca\/wp-content\/uploads\/2025\/05\/cropped-magasin_industriel_120x.avif","contentUrl":"https:\/\/autravail.ca\/wp-content\/uploads\/2025\/05\/cropped-magasin_industriel_120x.avif","width":120,"height":24,"caption":"Le Magasin Industriel"},"image":{"@id":"https:\/\/autravail.ca\/#\/schema\/logo\/image\/"},"sameAs":["https:\/\/www.facebook.com\/lemagasinindustriel\/?locale=fr_FR"]}]}},"jetpack_sharing_enabled":true,"_links":{"self":[{"href":"https:\/\/autravail.ca\/en\/wp-json\/wp\/v2\/product\/41610","targetHints":{"allow":["GET"]}}],"collection":[{"href":"https:\/\/autravail.ca\/en\/wp-json\/wp\/v2\/product"}],"about":[{"href":"https:\/\/autravail.ca\/en\/wp-json\/wp\/v2\/types\/product"}],"replies":[{"embeddable":true,"href":"https:\/\/autravail.ca\/en\/wp-json\/wp\/v2\/comments?post=41610"}],"wp:featuredmedia":[{"embeddable":true,"href":"https:\/\/autravail.ca\/en\/wp-json\/wp\/v2\/media\/41653"}],"wp:attachment":[{"href":"https:\/\/autravail.ca\/en\/wp-json\/wp\/v2\/media?parent=41610"}],"wp:term":[{"taxonomy":"product_cat","embeddable":true,"href":"https:\/\/autravail.ca\/en\/wp-json\/wp\/v2\/product_cat?post=41610"},{"taxonomy":"product_tag","embeddable":true,"href":"https:\/\/autravail.ca\/en\/wp-json\/wp\/v2\/product_tag?post=41610"}],"curies":[{"name":"wp","href":"https:\/\/api.w.org\/{rel}","templated":true}]}}