{"id":41583,"date":"2025-11-12T15:25:35","date_gmt":"2025-11-12T19:25:35","guid":{"rendered":"https:\/\/autravail.ca\/?post_type=product&#038;p=41583"},"modified":"2025-12-05T05:09:35","modified_gmt":"2025-12-05T09:09:35","slug":"manteau-impermeable-helly-hansen-gale-70282-olive","status":"publish","type":"product","link":"https:\/\/autravail.ca\/en\/product\/manteau-impermeable-helly-hansen-gale-70282-olive\/","title":{"rendered":"Manteau Imperm\u00e9able Helly Hansen Gale &#8211; 70282 Olive"},"content":{"rendered":"<h3>Manteau Imperm\u00e9able Helly Hansen Gale &#8211; 70282 Olive<\/h3>\n<p>Le Manteau Imperm\u00e9able Helly Hansen Gale &#8211; 70282 Olive est con\u00e7u pour les environnements de travail exigeants. Il offre une protection fiable contre la pluie et le vent. Fabriqu\u00e9 en tissu robuste sans PVC, il est \u00e0 la fois souple et durable. Les coutures soud\u00e9es garantissent une \u00e9tanch\u00e9it\u00e9 optimale m\u00eame sous forte pluie. Sa capuche ajustable se range facilement dans le col. Les poignets \u00e9lastiques avec boutons-pression assurent un bon maintien. Il est facile \u00e0 enfiler gr\u00e2ce \u00e0 sa fermeture \u00e0 glissi\u00e8re avec rabat temp\u00eate. Sa coupe ample permet une grande libert\u00e9 de mouvement. Le tissu est r\u00e9sistant aux produits chimiques courants. Il convient parfaitement aux secteurs de la p\u00eache, de l\u2019agriculture et de la construction. Le Gale 70282 est certifi\u00e9 EN 343 pour la protection contre les intemp\u00e9ries. Il est lavable et s\u00e8che rapidement.<\/p>\n<p>Disponible en plusieurs tailles et couleurs. Ce manteau <a href=\"https:\/\/autravail.ca\/en\/product-category\/helly-hansen-workwear\/\">Helly Hansen Workwear<\/a> allie confort, s\u00e9curit\u00e9 et performance au quotidien.<\/p>\n<p><img decoding=\"async\" class=\"alignnone size-medium wp-image-41561\" src=\"https:\/\/autravail.ca\/wp-content\/uploads\/2025\/11\/Badge-commande-en-ligne-LMI-300x133.png\" alt=\"\" width=\"300\" height=\"133\" srcset=\"https:\/\/autravail.ca\/wp-content\/uploads\/2025\/11\/Badge-commande-en-ligne-LMI-300x133.png 300w, https:\/\/autravail.ca\/wp-content\/uploads\/2025\/11\/Badge-commande-en-ligne-LMI-150x67.png 150w, https:\/\/autravail.ca\/wp-content\/uploads\/2025\/11\/Badge-commande-en-ligne-LMI-18x8.png 18w, https:\/\/autravail.ca\/wp-content\/uploads\/2025\/11\/Badge-commande-en-ligne-LMI.png 450w\" sizes=\"(max-width: 300px) 100vw, 300px\" \/>Ce produit est uniquement disponible sur commande en ligne.<\/p>\n<h4>Characteristics:<\/h4>\n<p><!--StartFragment --><\/p>\n<ul>\n<li>Fermeture \u00e9clair YKK\u00ae<\/li>\n<li>Fils AMANN \u2013 qualit\u00e9 allemande<\/li>\n<li>Capuche ajustable avec cordon \u00e9lastique<\/li>\n<li>Double rabat frontal en tissu principal<\/li>\n<li>Fermeture \u00e9clair frontale YKK\u00ae<\/li>\n<li>Poche Napol\u00e9on avec fermeture YKK\u00ae<\/li>\n<li>Poches pour les mains<\/li>\n<li>Capuche repliable dans le col<\/li>\n<li>Poignets en n\u00e9opr\u00e8ne<\/li>\n<li>Ourlet ajustable avec cordon \u00e9lastique dans la poche<\/li>\n<li>Dos allong\u00e9 pour plus de confort<\/li>\n<li>EN 343:2019 \u2013 PLUIE<\/li>\n<li>AATCC 127-2013 \u2013 R\u00c9SISTANCE \u00c0 L\u2019EAU<\/li>\n<li>Rev\u00eatement : 100 % polyur\u00e9thane<\/li>\n<\/ul>\n<p><img decoding=\"async\" class=\"alignnone wp-image-40620\" src=\"https:\/\/autravail.ca\/wp-content\/uploads\/2025\/09\/Jachete-quebec-et-canada.jpg\" alt=\"Logo de l'achat local\" width=\"162\" height=\"139\" \/>Merci d&rsquo;encourager une entreprise 100% d&rsquo;ici!<\/p>\n<p>TS2511S<\/p>\n<p><!--EndFragment --><\/p>","protected":false},"excerpt":{"rendered":"<p>Manteau Imperm\u00e9able Helly Hansen Gale &#8211; 70282 Olive Le Manteau Imperm\u00e9able Helly Hansen Gale &#8211; 70282 Olive est con\u00e7u pour les environnements de travail exigeants. Il offre une protection fiable contre la pluie et le vent. Fabriqu\u00e9 en tissu robuste sans PVC, il est \u00e0 la fois souple et durable. Les coutures soud\u00e9es garantissent une [&hellip;]<\/p>","protected":false},"featured_media":41602,"comment_status":"open","ping_status":"closed","template":"","meta":[],"product_cat":[633,602,609,604],"product_tag":[255,242,821,250],"class_list":{"0":"post-41583","1":"product","2":"type-product","3":"status-publish","4":"has-post-thumbnail","6":"product_brand-helly-hansen","7":"product_cat-femmes","8":"product_cat-hommes","9":"product_cat-impermeables","10":"product_cat-vetements-de-travail","11":"product_tag-femme","12":"product_tag-homme","13":"product_tag-impermeable","14":"product_tag-manteaux","16":"first","17":"instock","18":"taxable","19":"shipping-taxable","20":"purchasable","21":"product-type-variable"},"yoast_head":"<!-- This site is optimized with the Yoast SEO plugin v25.3.1 - https:\/\/yoast.com\/wordpress\/plugins\/seo\/ -->\n<title>Manteau Imperm\u00e9able Helly Hansen Gale - 70282 Olive - Le Magasin Industriel<\/title>\n<meta name=\"description\" content=\"Manteau Imperm\u00e9able Helly Hansen Gale - 70282 Olive fait pour les travailleurs. Composition externe 100% de polyur\u00e9thane avec poignets de n\u00e9opr\u00e8ne.\" \/>\n<meta name=\"robots\" content=\"index, follow, max-snippet:-1, max-image-preview:large, max-video-preview:-1\" \/>\n<link rel=\"canonical\" href=\"https:\/\/autravail.ca\/en\/product\/manteau-impermeable-helly-hansen-gale-70282-olive\/\" \/>\n<meta property=\"og:locale\" content=\"en_US\" \/>\n<meta property=\"og:type\" content=\"article\" \/>\n<meta property=\"og:title\" content=\"Manteau Imperm\u00e9able Helly Hansen Gale - 70282 Olive - Le Magasin Industriel\" \/>\n<meta property=\"og:description\" content=\"Manteau Imperm\u00e9able Helly Hansen Gale - 70282 Olive fait pour les travailleurs. Composition externe 100% de polyur\u00e9thane avec poignets de n\u00e9opr\u00e8ne.\" \/>\n<meta property=\"og:url\" content=\"https:\/\/autravail.ca\/en\/product\/manteau-impermeable-helly-hansen-gale-70282-olive\/\" \/>\n<meta property=\"og:site_name\" content=\"Le Magasin Industriel\" \/>\n<meta property=\"article:publisher\" content=\"https:\/\/www.facebook.com\/lemagasinindustriel\/?locale=fr_FR\" \/>\n<meta property=\"article:modified_time\" content=\"2025-12-05T09:09:35+00:00\" \/>\n<meta property=\"og:image\" content=\"https:\/\/autravail.ca\/wp-content\/uploads\/2025\/11\/70282-Olive_A01.jpg\" \/>\n\t<meta property=\"og:image:width\" content=\"1000\" \/>\n\t<meta property=\"og:image:height\" content=\"1000\" \/>\n\t<meta property=\"og:image:type\" content=\"image\/jpeg\" \/>\n<meta name=\"twitter:card\" content=\"summary_large_image\" \/>\n<meta name=\"twitter:label1\" content=\"Est. reading time\" \/>\n\t<meta name=\"twitter:data1\" content=\"2 minutes\" \/>\n<script type=\"application\/ld+json\" class=\"yoast-schema-graph\">{\"@context\":\"https:\/\/schema.org\",\"@graph\":[{\"@type\":\"WebPage\",\"@id\":\"https:\/\/autravail.ca\/product\/manteau-impermeable-helly-hansen-gale-70282-olive\/\",\"url\":\"https:\/\/autravail.ca\/product\/manteau-impermeable-helly-hansen-gale-70282-olive\/\",\"name\":\"Manteau Imperm\u00e9able Helly Hansen Gale - 70282 Olive - Le Magasin Industriel\",\"isPartOf\":{\"@id\":\"https:\/\/autravail.ca\/#website\"},\"primaryImageOfPage\":{\"@id\":\"https:\/\/autravail.ca\/product\/manteau-impermeable-helly-hansen-gale-70282-olive\/#primaryimage\"},\"image\":{\"@id\":\"https:\/\/autravail.ca\/product\/manteau-impermeable-helly-hansen-gale-70282-olive\/#primaryimage\"},\"thumbnailUrl\":\"https:\/\/autravail.ca\/wp-content\/uploads\/2025\/11\/70282-Olive_A01.jpg\",\"datePublished\":\"2025-11-12T19:25:35+00:00\",\"dateModified\":\"2025-12-05T09:09:35+00:00\",\"description\":\"Manteau Imperm\u00e9able Helly Hansen Gale - 70282 Olive fait pour les travailleurs. Composition externe 100% de polyur\u00e9thane avec poignets de n\u00e9opr\u00e8ne.\",\"breadcrumb\":{\"@id\":\"https:\/\/autravail.ca\/product\/manteau-impermeable-helly-hansen-gale-70282-olive\/#breadcrumb\"},\"inLanguage\":\"en-CA\",\"potentialAction\":[{\"@type\":\"ReadAction\",\"target\":[\"https:\/\/autravail.ca\/product\/manteau-impermeable-helly-hansen-gale-70282-olive\/\"]}]},{\"@type\":\"ImageObject\",\"inLanguage\":\"en-CA\",\"@id\":\"https:\/\/autravail.ca\/product\/manteau-impermeable-helly-hansen-gale-70282-olive\/#primaryimage\",\"url\":\"https:\/\/autravail.ca\/wp-content\/uploads\/2025\/11\/70282-Olive_A01.jpg\",\"contentUrl\":\"https:\/\/autravail.ca\/wp-content\/uploads\/2025\/11\/70282-Olive_A01.jpg\",\"width\":1000,\"height\":1000,\"caption\":\"Manteau Imperm\u00e9able Helly Hansen Gale - 70282 Olive\"},{\"@type\":\"BreadcrumbList\",\"@id\":\"https:\/\/autravail.ca\/product\/manteau-impermeable-helly-hansen-gale-70282-olive\/#breadcrumb\",\"itemListElement\":[{\"@type\":\"ListItem\",\"position\":1,\"name\":\"Accueil\",\"item\":\"https:\/\/autravail.ca\/\"},{\"@type\":\"ListItem\",\"position\":2,\"name\":\"Magasin\",\"item\":\"https:\/\/autravail.ca\/en\/shop\/\"},{\"@type\":\"ListItem\",\"position\":3,\"name\":\"Manteau Imperm\u00e9able Helly Hansen Gale &#8211; 70282 Olive\"}]},{\"@type\":\"WebSite\",\"@id\":\"https:\/\/autravail.ca\/#website\",\"url\":\"https:\/\/autravail.ca\/\",\"name\":\"Le Magasin Industriel\",\"description\":\"50 ans de tradition de s\u00e9curit\u00e9 au travail\",\"publisher\":{\"@id\":\"https:\/\/autravail.ca\/#organization\"},\"potentialAction\":[{\"@type\":\"SearchAction\",\"target\":{\"@type\":\"EntryPoint\",\"urlTemplate\":\"https:\/\/autravail.ca\/?s={search_term_string}\"},\"query-input\":{\"@type\":\"PropertyValueSpecification\",\"valueRequired\":true,\"valueName\":\"search_term_string\"}}],\"inLanguage\":\"en-CA\"},{\"@type\":\"Organization\",\"@id\":\"https:\/\/autravail.ca\/#organization\",\"name\":\"Le Magasin Industriel\",\"url\":\"https:\/\/autravail.ca\/\",\"logo\":{\"@type\":\"ImageObject\",\"inLanguage\":\"en-CA\",\"@id\":\"https:\/\/autravail.ca\/#\/schema\/logo\/image\/\",\"url\":\"https:\/\/autravail.ca\/wp-content\/uploads\/2025\/05\/cropped-magasin_industriel_120x.avif\",\"contentUrl\":\"https:\/\/autravail.ca\/wp-content\/uploads\/2025\/05\/cropped-magasin_industriel_120x.avif\",\"width\":120,\"height\":24,\"caption\":\"Le Magasin Industriel\"},\"image\":{\"@id\":\"https:\/\/autravail.ca\/#\/schema\/logo\/image\/\"},\"sameAs\":[\"https:\/\/www.facebook.com\/lemagasinindustriel\/?locale=fr_FR\"]}]}<\/script>\n<!-- \/ Yoast SEO plugin. -->","yoast_head_json":{"title":"Manteau Imperm\u00e9able Helly Hansen Gale - 70282 Olive - Le Magasin Industriel","description":"Manteau Imperm\u00e9able Helly Hansen Gale - 70282 Olive fait pour les travailleurs. Composition externe 100% de polyur\u00e9thane avec poignets de n\u00e9opr\u00e8ne.","robots":{"index":"index","follow":"follow","max-snippet":"max-snippet:-1","max-image-preview":"max-image-preview:large","max-video-preview":"max-video-preview:-1"},"canonical":"https:\/\/autravail.ca\/en\/product\/manteau-impermeable-helly-hansen-gale-70282-olive\/","og_locale":"en_US","og_type":"article","og_title":"Manteau Imperm\u00e9able Helly Hansen Gale - 70282 Olive - Le Magasin Industriel","og_description":"Manteau Imperm\u00e9able Helly Hansen Gale - 70282 Olive fait pour les travailleurs. Composition externe 100% de polyur\u00e9thane avec poignets de n\u00e9opr\u00e8ne.","og_url":"https:\/\/autravail.ca\/en\/product\/manteau-impermeable-helly-hansen-gale-70282-olive\/","og_site_name":"Le Magasin Industriel","article_publisher":"https:\/\/www.facebook.com\/lemagasinindustriel\/?locale=fr_FR","article_modified_time":"2025-12-05T09:09:35+00:00","og_image":[{"width":1000,"height":1000,"url":"https:\/\/autravail.ca\/wp-content\/uploads\/2025\/11\/70282-Olive_A01.jpg","type":"image\/jpeg"}],"twitter_card":"summary_large_image","twitter_misc":{"Est. reading time":"2 minutes"},"schema":{"@context":"https:\/\/schema.org","@graph":[{"@type":"WebPage","@id":"https:\/\/autravail.ca\/product\/manteau-impermeable-helly-hansen-gale-70282-olive\/","url":"https:\/\/autravail.ca\/product\/manteau-impermeable-helly-hansen-gale-70282-olive\/","name":"Manteau Imperm\u00e9able Helly Hansen Gale - 70282 Olive - Le Magasin Industriel","isPartOf":{"@id":"https:\/\/autravail.ca\/#website"},"primaryImageOfPage":{"@id":"https:\/\/autravail.ca\/product\/manteau-impermeable-helly-hansen-gale-70282-olive\/#primaryimage"},"image":{"@id":"https:\/\/autravail.ca\/product\/manteau-impermeable-helly-hansen-gale-70282-olive\/#primaryimage"},"thumbnailUrl":"https:\/\/autravail.ca\/wp-content\/uploads\/2025\/11\/70282-Olive_A01.jpg","datePublished":"2025-11-12T19:25:35+00:00","dateModified":"2025-12-05T09:09:35+00:00","description":"Manteau Imperm\u00e9able Helly Hansen Gale - 70282 Olive fait pour les travailleurs. Composition externe 100% de polyur\u00e9thane avec poignets de n\u00e9opr\u00e8ne.","breadcrumb":{"@id":"https:\/\/autravail.ca\/product\/manteau-impermeable-helly-hansen-gale-70282-olive\/#breadcrumb"},"inLanguage":"en-CA","potentialAction":[{"@type":"ReadAction","target":["https:\/\/autravail.ca\/product\/manteau-impermeable-helly-hansen-gale-70282-olive\/"]}]},{"@type":"ImageObject","inLanguage":"en-CA","@id":"https:\/\/autravail.ca\/product\/manteau-impermeable-helly-hansen-gale-70282-olive\/#primaryimage","url":"https:\/\/autravail.ca\/wp-content\/uploads\/2025\/11\/70282-Olive_A01.jpg","contentUrl":"https:\/\/autravail.ca\/wp-content\/uploads\/2025\/11\/70282-Olive_A01.jpg","width":1000,"height":1000,"caption":"Manteau Imperm\u00e9able Helly Hansen Gale - 70282 Olive"},{"@type":"BreadcrumbList","@id":"https:\/\/autravail.ca\/product\/manteau-impermeable-helly-hansen-gale-70282-olive\/#breadcrumb","itemListElement":[{"@type":"ListItem","position":1,"name":"Accueil","item":"https:\/\/autravail.ca\/"},{"@type":"ListItem","position":2,"name":"Magasin","item":"https:\/\/autravail.ca\/en\/shop\/"},{"@type":"ListItem","position":3,"name":"Manteau Imperm\u00e9able Helly Hansen Gale &#8211; 70282 Olive"}]},{"@type":"WebSite","@id":"https:\/\/autravail.ca\/#website","url":"https:\/\/autravail.ca\/","name":"Le Magasin Industriel","description":"50 ans de tradition de s\u00e9curit\u00e9 au travail","publisher":{"@id":"https:\/\/autravail.ca\/#organization"},"potentialAction":[{"@type":"SearchAction","target":{"@type":"EntryPoint","urlTemplate":"https:\/\/autravail.ca\/?s={search_term_string}"},"query-input":{"@type":"PropertyValueSpecification","valueRequired":true,"valueName":"search_term_string"}}],"inLanguage":"en-CA"},{"@type":"Organization","@id":"https:\/\/autravail.ca\/#organization","name":"Le Magasin Industriel","url":"https:\/\/autravail.ca\/","logo":{"@type":"ImageObject","inLanguage":"en-CA","@id":"https:\/\/autravail.ca\/#\/schema\/logo\/image\/","url":"https:\/\/autravail.ca\/wp-content\/uploads\/2025\/05\/cropped-magasin_industriel_120x.avif","contentUrl":"https:\/\/autravail.ca\/wp-content\/uploads\/2025\/05\/cropped-magasin_industriel_120x.avif","width":120,"height":24,"caption":"Le Magasin Industriel"},"image":{"@id":"https:\/\/autravail.ca\/#\/schema\/logo\/image\/"},"sameAs":["https:\/\/www.facebook.com\/lemagasinindustriel\/?locale=fr_FR"]}]}},"jetpack_sharing_enabled":true,"_links":{"self":[{"href":"https:\/\/autravail.ca\/en\/wp-json\/wp\/v2\/product\/41583","targetHints":{"allow":["GET"]}}],"collection":[{"href":"https:\/\/autravail.ca\/en\/wp-json\/wp\/v2\/product"}],"about":[{"href":"https:\/\/autravail.ca\/en\/wp-json\/wp\/v2\/types\/product"}],"replies":[{"embeddable":true,"href":"https:\/\/autravail.ca\/en\/wp-json\/wp\/v2\/comments?post=41583"}],"wp:featuredmedia":[{"embeddable":true,"href":"https:\/\/autravail.ca\/en\/wp-json\/wp\/v2\/media\/41602"}],"wp:attachment":[{"href":"https:\/\/autravail.ca\/en\/wp-json\/wp\/v2\/media?parent=41583"}],"wp:term":[{"taxonomy":"product_cat","embeddable":true,"href":"https:\/\/autravail.ca\/en\/wp-json\/wp\/v2\/product_cat?post=41583"},{"taxonomy":"product_tag","embeddable":true,"href":"https:\/\/autravail.ca\/en\/wp-json\/wp\/v2\/product_tag?post=41583"}],"curies":[{"name":"wp","href":"https:\/\/api.w.org\/{rel}","templated":true}]}}