{"id":41502,"date":"2025-11-11T20:04:28","date_gmt":"2025-11-12T00:04:28","guid":{"rendered":"https:\/\/autravail.ca\/?post_type=product&#038;p=41502"},"modified":"2026-01-31T10:02:49","modified_gmt":"2026-01-31T14:02:49","slug":"manteau-dhiver-helly-hansen-berg-76201-noir","status":"publish","type":"product","link":"https:\/\/autravail.ca\/en\/product\/manteau-dhiver-helly-hansen-berg-76201-noir\/","title":{"rendered":"Manteau d&rsquo;hiver Helly Hansen Berg &#8211; 76201 Noir"},"content":{"rendered":"<h3>Manteau d&rsquo;hiver Helly Hansen Berg &#8211; 76201 Noir<\/h3>\n<p><!--StartFragment --><\/p>\n<p>Le Manteau d&rsquo;hiver Helly Hansen Berg &#8211; 76201 Noir offre 160 g d\u2019isolation dans le corps et 120 g dans les manches. Sa construction enti\u00e8rement \u00e9tanch\u00e9e prot\u00e8ge contre l\u2019humidit\u00e9. Les \u00e9paules sans coutures am\u00e9liorent le confort et la durabilit\u00e9. La capuche amovible s\u2019ajuste facilement selon les besoins. Le col int\u00e9rieur en polyester bross\u00e9 est doux et chaud. La fermeture YKK\u00ae avec prot\u00e8ge-menton assure une bonne \u00e9tanch\u00e9it\u00e9. Les poignets sont r\u00e9glables pour un ajustement pr\u00e9cis. Le dos allong\u00e9 prot\u00e8ge mieux en position assise. Des d\u00e9tails r\u00e9fl\u00e9chissants augmentent la visibilit\u00e9 en faible lumi\u00e8re. Une boucle pour carte d\u2019identit\u00e9 est int\u00e9gr\u00e9e. Les poches pour les mains sont doubl\u00e9es et zipp\u00e9es. Le tissu ext\u00e9rieur est en polyester r\u00e9sistant.\u00a0<!--EndFragment --><\/p>\n<p>Ce manteau d&rsquo;hiver <a href=\"https:\/\/autravail.ca\/en\/product-brand\/helly-hansen\/\">Helly Hansen Workwear<\/a> est id\u00e9al pour les professionnels en milieu froid. Facile \u00e0 entretenir, il se lave \u00e0 40 \u00b0C. Un choix fiable pour rester au chaud sans encombre.<\/p>\n<p><!--StartFragment --><\/p>\n<h4>Features:<\/h4>\n<p><!--StartFragment --><\/p>\n<ul>\n<li>Fermeture \u00e9clair YKK\u00ae<\/li>\n<li>Aucune couture aux \u00e9paules<\/li>\n<li>Capuche amovible<\/li>\n<li>Int\u00e9rieur du col en polyester bross\u00e9<\/li>\n<li>Fermeture frontale YKK\u00ae avec prot\u00e8ge-menton<\/li>\n<li>Boucle pour carte d&rsquo;identit\u00e9<\/li>\n<li>D\u00e9tails r\u00e9fl\u00e9chissants<\/li>\n<li>Tailles Small \u00e0 3XLarge<\/li>\n<li>\u00c9galement disponible en gris ou rouge<\/li>\n<li>Composition coquille 100% polyester<\/li>\n<li>Composition doublure 100% polyamide<\/li>\n<\/ul>\n<p><!--EndFragment --><\/p>\n<p>&nbsp;<\/p>\n<p><img decoding=\"async\" class=\"alignnone wp-image-40620\" src=\"https:\/\/autravail.ca\/wp-content\/uploads\/2025\/09\/Jachete-quebec-et-canada.jpg\" alt=\"Logo de l'achat local\" width=\"162\" height=\"139\" \/>Merci d&rsquo;encourager une entreprise 100% d&rsquo;ici!<\/p>\n<p>TS2511S<\/p>\n<p><!--EndFragment --><\/p>","protected":false},"excerpt":{"rendered":"<p>Manteau d&rsquo;hiver Helly Hansen Berg &#8211; 76201 Noir Le Manteau d&rsquo;hiver Helly Hansen Berg &#8211; 76201 Noir offre 160 g d\u2019isolation dans le corps et 120 g dans les manches. Sa construction enti\u00e8rement \u00e9tanch\u00e9e prot\u00e8ge contre l\u2019humidit\u00e9. Les \u00e9paules sans coutures am\u00e9liorent le confort et la durabilit\u00e9. La capuche amovible s\u2019ajuste facilement selon les besoins. [&hellip;]<\/p>","protected":false},"featured_media":41510,"comment_status":"open","ping_status":"closed","template":"","meta":[],"product_cat":[602,610,824,604],"product_tag":[242,250],"class_list":{"0":"post-41502","1":"product","2":"type-product","3":"status-publish","4":"has-post-thumbnail","6":"product_brand-helly-hansen","7":"product_cat-hommes","8":"product_cat-manteaux","9":"product_cat-manteaux-dhiver","10":"product_cat-vetements-de-travail","11":"product_tag-homme","12":"product_tag-manteaux","14":"first","15":"instock","16":"taxable","17":"shipping-taxable","18":"purchasable","19":"product-type-variable"},"yoast_head":"<!-- This site is optimized with the Yoast SEO plugin v25.3.1 - https:\/\/yoast.com\/wordpress\/plugins\/seo\/ -->\n<title>Manteau d&#039;hiver Helly Hansen Berg - 76201 Noir - Le Magasin Industriel<\/title>\n<meta name=\"description\" content=\"Manteau d&#039;hiver Helly Hansen Berg - 76201 Noir est con\u00e7u pour les hivers rigoureux. Il combine confort, protection et durabilit\u00e9.\" \/>\n<meta name=\"robots\" content=\"index, follow, max-snippet:-1, max-image-preview:large, max-video-preview:-1\" \/>\n<link rel=\"canonical\" href=\"https:\/\/autravail.ca\/en\/product\/manteau-dhiver-helly-hansen-berg-76201-noir\/\" \/>\n<meta property=\"og:locale\" content=\"en_US\" \/>\n<meta property=\"og:type\" content=\"article\" \/>\n<meta property=\"og:title\" content=\"Manteau d&#039;hiver Helly Hansen Berg - 76201 Noir - Le Magasin Industriel\" \/>\n<meta property=\"og:description\" content=\"Manteau d&#039;hiver Helly Hansen Berg - 76201 Noir est con\u00e7u pour les hivers rigoureux. Il combine confort, protection et durabilit\u00e9.\" \/>\n<meta property=\"og:url\" content=\"https:\/\/autravail.ca\/en\/product\/manteau-dhiver-helly-hansen-berg-76201-noir\/\" \/>\n<meta property=\"og:site_name\" content=\"Le Magasin Industriel\" \/>\n<meta property=\"article:publisher\" content=\"https:\/\/www.facebook.com\/lemagasinindustriel\/?locale=fr_FR\" \/>\n<meta property=\"article:modified_time\" content=\"2026-01-31T14:02:49+00:00\" \/>\n<meta property=\"og:image\" content=\"https:\/\/autravail.ca\/wp-content\/uploads\/2025\/11\/76201_A01.jpg\" \/>\n\t<meta property=\"og:image:width\" content=\"1000\" \/>\n\t<meta property=\"og:image:height\" content=\"1000\" \/>\n\t<meta property=\"og:image:type\" content=\"image\/jpeg\" \/>\n<meta name=\"twitter:card\" content=\"summary_large_image\" \/>\n<meta name=\"twitter:label1\" content=\"Est. reading time\" \/>\n\t<meta name=\"twitter:data1\" content=\"2 minutes\" \/>\n<script type=\"application\/ld+json\" class=\"yoast-schema-graph\">{\"@context\":\"https:\/\/schema.org\",\"@graph\":[{\"@type\":\"WebPage\",\"@id\":\"https:\/\/autravail.ca\/product\/manteau-dhiver-helly-hansen-berg-76201-noir\/\",\"url\":\"https:\/\/autravail.ca\/product\/manteau-dhiver-helly-hansen-berg-76201-noir\/\",\"name\":\"Manteau d'hiver Helly Hansen Berg - 76201 Noir - Le Magasin Industriel\",\"isPartOf\":{\"@id\":\"https:\/\/autravail.ca\/#website\"},\"primaryImageOfPage\":{\"@id\":\"https:\/\/autravail.ca\/product\/manteau-dhiver-helly-hansen-berg-76201-noir\/#primaryimage\"},\"image\":{\"@id\":\"https:\/\/autravail.ca\/product\/manteau-dhiver-helly-hansen-berg-76201-noir\/#primaryimage\"},\"thumbnailUrl\":\"https:\/\/autravail.ca\/wp-content\/uploads\/2025\/11\/76201_A01.jpg\",\"datePublished\":\"2025-11-12T00:04:28+00:00\",\"dateModified\":\"2026-01-31T14:02:49+00:00\",\"description\":\"Manteau d'hiver Helly Hansen Berg - 76201 Noir est con\u00e7u pour les hivers rigoureux. Il combine confort, protection et durabilit\u00e9.\",\"breadcrumb\":{\"@id\":\"https:\/\/autravail.ca\/product\/manteau-dhiver-helly-hansen-berg-76201-noir\/#breadcrumb\"},\"inLanguage\":\"en-CA\",\"potentialAction\":[{\"@type\":\"ReadAction\",\"target\":[\"https:\/\/autravail.ca\/product\/manteau-dhiver-helly-hansen-berg-76201-noir\/\"]}]},{\"@type\":\"ImageObject\",\"inLanguage\":\"en-CA\",\"@id\":\"https:\/\/autravail.ca\/product\/manteau-dhiver-helly-hansen-berg-76201-noir\/#primaryimage\",\"url\":\"https:\/\/autravail.ca\/wp-content\/uploads\/2025\/11\/76201_A01.jpg\",\"contentUrl\":\"https:\/\/autravail.ca\/wp-content\/uploads\/2025\/11\/76201_A01.jpg\",\"width\":1000,\"height\":1000,\"caption\":\"Manteau d'hiver Helly Hansen Berg - 76201 Noir\"},{\"@type\":\"BreadcrumbList\",\"@id\":\"https:\/\/autravail.ca\/product\/manteau-dhiver-helly-hansen-berg-76201-noir\/#breadcrumb\",\"itemListElement\":[{\"@type\":\"ListItem\",\"position\":1,\"name\":\"Accueil\",\"item\":\"https:\/\/autravail.ca\/\"},{\"@type\":\"ListItem\",\"position\":2,\"name\":\"Magasin\",\"item\":\"https:\/\/autravail.ca\/en\/shop\/\"},{\"@type\":\"ListItem\",\"position\":3,\"name\":\"Manteau d&rsquo;hiver Helly Hansen Berg &#8211; 76201 Noir\"}]},{\"@type\":\"WebSite\",\"@id\":\"https:\/\/autravail.ca\/#website\",\"url\":\"https:\/\/autravail.ca\/\",\"name\":\"Le Magasin Industriel\",\"description\":\"50 ans de tradition de s\u00e9curit\u00e9 au travail\",\"publisher\":{\"@id\":\"https:\/\/autravail.ca\/#organization\"},\"potentialAction\":[{\"@type\":\"SearchAction\",\"target\":{\"@type\":\"EntryPoint\",\"urlTemplate\":\"https:\/\/autravail.ca\/?s={search_term_string}\"},\"query-input\":{\"@type\":\"PropertyValueSpecification\",\"valueRequired\":true,\"valueName\":\"search_term_string\"}}],\"inLanguage\":\"en-CA\"},{\"@type\":\"Organization\",\"@id\":\"https:\/\/autravail.ca\/#organization\",\"name\":\"Le Magasin Industriel\",\"url\":\"https:\/\/autravail.ca\/\",\"logo\":{\"@type\":\"ImageObject\",\"inLanguage\":\"en-CA\",\"@id\":\"https:\/\/autravail.ca\/#\/schema\/logo\/image\/\",\"url\":\"https:\/\/autravail.ca\/wp-content\/uploads\/2025\/05\/cropped-magasin_industriel_120x.avif\",\"contentUrl\":\"https:\/\/autravail.ca\/wp-content\/uploads\/2025\/05\/cropped-magasin_industriel_120x.avif\",\"width\":120,\"height\":24,\"caption\":\"Le Magasin Industriel\"},\"image\":{\"@id\":\"https:\/\/autravail.ca\/#\/schema\/logo\/image\/\"},\"sameAs\":[\"https:\/\/www.facebook.com\/lemagasinindustriel\/?locale=fr_FR\"]}]}<\/script>\n<!-- \/ Yoast SEO plugin. -->","yoast_head_json":{"title":"Manteau d'hiver Helly Hansen Berg - 76201 Noir - Le Magasin Industriel","description":"Manteau d'hiver Helly Hansen Berg - 76201 Noir est con\u00e7u pour les hivers rigoureux. Il combine confort, protection et durabilit\u00e9.","robots":{"index":"index","follow":"follow","max-snippet":"max-snippet:-1","max-image-preview":"max-image-preview:large","max-video-preview":"max-video-preview:-1"},"canonical":"https:\/\/autravail.ca\/en\/product\/manteau-dhiver-helly-hansen-berg-76201-noir\/","og_locale":"en_US","og_type":"article","og_title":"Manteau d'hiver Helly Hansen Berg - 76201 Noir - Le Magasin Industriel","og_description":"Manteau d'hiver Helly Hansen Berg - 76201 Noir est con\u00e7u pour les hivers rigoureux. Il combine confort, protection et durabilit\u00e9.","og_url":"https:\/\/autravail.ca\/en\/product\/manteau-dhiver-helly-hansen-berg-76201-noir\/","og_site_name":"Le Magasin Industriel","article_publisher":"https:\/\/www.facebook.com\/lemagasinindustriel\/?locale=fr_FR","article_modified_time":"2026-01-31T14:02:49+00:00","og_image":[{"width":1000,"height":1000,"url":"https:\/\/autravail.ca\/wp-content\/uploads\/2025\/11\/76201_A01.jpg","type":"image\/jpeg"}],"twitter_card":"summary_large_image","twitter_misc":{"Est. reading time":"2 minutes"},"schema":{"@context":"https:\/\/schema.org","@graph":[{"@type":"WebPage","@id":"https:\/\/autravail.ca\/product\/manteau-dhiver-helly-hansen-berg-76201-noir\/","url":"https:\/\/autravail.ca\/product\/manteau-dhiver-helly-hansen-berg-76201-noir\/","name":"Manteau d'hiver Helly Hansen Berg - 76201 Noir - Le Magasin Industriel","isPartOf":{"@id":"https:\/\/autravail.ca\/#website"},"primaryImageOfPage":{"@id":"https:\/\/autravail.ca\/product\/manteau-dhiver-helly-hansen-berg-76201-noir\/#primaryimage"},"image":{"@id":"https:\/\/autravail.ca\/product\/manteau-dhiver-helly-hansen-berg-76201-noir\/#primaryimage"},"thumbnailUrl":"https:\/\/autravail.ca\/wp-content\/uploads\/2025\/11\/76201_A01.jpg","datePublished":"2025-11-12T00:04:28+00:00","dateModified":"2026-01-31T14:02:49+00:00","description":"Manteau d'hiver Helly Hansen Berg - 76201 Noir est con\u00e7u pour les hivers rigoureux. Il combine confort, protection et durabilit\u00e9.","breadcrumb":{"@id":"https:\/\/autravail.ca\/product\/manteau-dhiver-helly-hansen-berg-76201-noir\/#breadcrumb"},"inLanguage":"en-CA","potentialAction":[{"@type":"ReadAction","target":["https:\/\/autravail.ca\/product\/manteau-dhiver-helly-hansen-berg-76201-noir\/"]}]},{"@type":"ImageObject","inLanguage":"en-CA","@id":"https:\/\/autravail.ca\/product\/manteau-dhiver-helly-hansen-berg-76201-noir\/#primaryimage","url":"https:\/\/autravail.ca\/wp-content\/uploads\/2025\/11\/76201_A01.jpg","contentUrl":"https:\/\/autravail.ca\/wp-content\/uploads\/2025\/11\/76201_A01.jpg","width":1000,"height":1000,"caption":"Manteau d'hiver Helly Hansen Berg - 76201 Noir"},{"@type":"BreadcrumbList","@id":"https:\/\/autravail.ca\/product\/manteau-dhiver-helly-hansen-berg-76201-noir\/#breadcrumb","itemListElement":[{"@type":"ListItem","position":1,"name":"Accueil","item":"https:\/\/autravail.ca\/"},{"@type":"ListItem","position":2,"name":"Magasin","item":"https:\/\/autravail.ca\/en\/shop\/"},{"@type":"ListItem","position":3,"name":"Manteau d&rsquo;hiver Helly Hansen Berg &#8211; 76201 Noir"}]},{"@type":"WebSite","@id":"https:\/\/autravail.ca\/#website","url":"https:\/\/autravail.ca\/","name":"Le Magasin Industriel","description":"50 ans de tradition de s\u00e9curit\u00e9 au travail","publisher":{"@id":"https:\/\/autravail.ca\/#organization"},"potentialAction":[{"@type":"SearchAction","target":{"@type":"EntryPoint","urlTemplate":"https:\/\/autravail.ca\/?s={search_term_string}"},"query-input":{"@type":"PropertyValueSpecification","valueRequired":true,"valueName":"search_term_string"}}],"inLanguage":"en-CA"},{"@type":"Organization","@id":"https:\/\/autravail.ca\/#organization","name":"Le Magasin Industriel","url":"https:\/\/autravail.ca\/","logo":{"@type":"ImageObject","inLanguage":"en-CA","@id":"https:\/\/autravail.ca\/#\/schema\/logo\/image\/","url":"https:\/\/autravail.ca\/wp-content\/uploads\/2025\/05\/cropped-magasin_industriel_120x.avif","contentUrl":"https:\/\/autravail.ca\/wp-content\/uploads\/2025\/05\/cropped-magasin_industriel_120x.avif","width":120,"height":24,"caption":"Le Magasin Industriel"},"image":{"@id":"https:\/\/autravail.ca\/#\/schema\/logo\/image\/"},"sameAs":["https:\/\/www.facebook.com\/lemagasinindustriel\/?locale=fr_FR"]}]}},"jetpack_sharing_enabled":true,"_links":{"self":[{"href":"https:\/\/autravail.ca\/en\/wp-json\/wp\/v2\/product\/41502","targetHints":{"allow":["GET"]}}],"collection":[{"href":"https:\/\/autravail.ca\/en\/wp-json\/wp\/v2\/product"}],"about":[{"href":"https:\/\/autravail.ca\/en\/wp-json\/wp\/v2\/types\/product"}],"replies":[{"embeddable":true,"href":"https:\/\/autravail.ca\/en\/wp-json\/wp\/v2\/comments?post=41502"}],"wp:featuredmedia":[{"embeddable":true,"href":"https:\/\/autravail.ca\/en\/wp-json\/wp\/v2\/media\/41510"}],"wp:attachment":[{"href":"https:\/\/autravail.ca\/en\/wp-json\/wp\/v2\/media?parent=41502"}],"wp:term":[{"taxonomy":"product_cat","embeddable":true,"href":"https:\/\/autravail.ca\/en\/wp-json\/wp\/v2\/product_cat?post=41502"},{"taxonomy":"product_tag","embeddable":true,"href":"https:\/\/autravail.ca\/en\/wp-json\/wp\/v2\/product_tag?post=41502"}],"curies":[{"name":"wp","href":"https:\/\/api.w.org\/{rel}","templated":true}]}}