{"id":41418,"date":"2025-11-10T17:04:36","date_gmt":"2025-11-10T21:04:36","guid":{"rendered":"https:\/\/autravail.ca\/?post_type=product&#038;p=41418"},"modified":"2025-12-05T05:09:36","modified_gmt":"2025-12-05T09:09:36","slug":"ceinture-a-outils-ergo-helly-hansen-hh-connect-79461","status":"publish","type":"product","link":"https:\/\/autravail.ca\/en\/product\/ceinture-a-outils-ergo-helly-hansen-hh-connect-79461\/","title":{"rendered":"Ceinture \u00e0 Outils Ergo Helly Hansen HH Connect &#8211; 79461"},"content":{"rendered":"<h3>Ceinture \u00e0 Outils Ergo Helly Hansen HH Connect &#8211; 79461<\/h3>\n<p>La Ceinture \u00e0 Outils Ergo Helly Hansen HH Connect &#8211; 79461 est con\u00e7ue pour les professionnels exigeants. Elle offre un confort optimal gr\u00e2ce \u00e0 sa mousse perfor\u00e9e. Sa forme ergonomique \u00e9pouse le corps pour un ajustement parfait. Compatible avec les poches et bretelles HH Connect pour plus de flexibilit\u00e9. Les fermetures \u00e0 glissi\u00e8re YKK assurent une fixation fiable et durable fid\u00e8le aux produits de <a href=\"https:\/\/autravail.ca\/en\/product-brand\/helly-hansen\/\">Helly Hansen Worwear<\/a>. Le tissu en polyamide r\u00e9siste \u00e0 l\u2019usure et aux conditions difficiles. Les fils AMANN renforcent la solidit\u00e9 de l\u2019ensemble. Chaque outil trouve sa place gr\u00e2ce aux sangles dissimul\u00e9es. Elle convient aux tailles XS \u00e0 2XL pour s\u2019adapter \u00e0 tous. Facile \u00e0 entretenir, elle se lave \u00e0 la main \u00e0 40\u00b0C. Elle ne se repasse pas et ne passe pas au s\u00e8che-linge. Id\u00e9ale pour organiser les outils portatifs efficacement. Elle soutient le bas du dos sans g\u00eaner les mouvements.<\/p>\n<p>Parfaite pour les longues journ\u00e9es sur le terrain. Un choix fiable pour les artisans et techniciens.<\/p>\n<h4>Characteristics:<\/h4>\n<p><!--StartFragment --><\/p>\n<ul>\n<li>Fils AMANN \u2013 qualit\u00e9 allemande<\/li>\n<li>Fermeture \u00e0 glissi\u00e8re YKK\u00ae<\/li>\n<li>Solution de poches compatible HH Connect\u2122<\/li>\n<li>Fixation pour poches HH Connect\u2122<\/li>\n<li>Forme ergonomique pour un ajustement am\u00e9lior\u00e9<\/li>\n<li>Mousse perfor\u00e9e \u00e0 certains endroits pour plus de confort<\/li>\n<li>Compatible avec les bretelles pour ceinture \u00e0 outils HH CONNECT\u2122 mod\u00e8le 79465<\/li>\n<li>Syst\u00e8me de d\u00e9tachement dissimul\u00e9 pour les sangles \u00e0 outil<\/li>\n<\/ul>\n<p>&nbsp;<\/p>\n<p><!--EndFragment --><\/p>\n<p><img decoding=\"async\" class=\"alignnone wp-image-40620\" src=\"https:\/\/autravail.ca\/wp-content\/uploads\/2025\/09\/Jachete-quebec-et-canada.jpg\" alt=\"Logo de l'achat local\" width=\"162\" height=\"139\" \/>Merci d&rsquo;encourager une entreprise 100% d&rsquo;ici!<\/p>\n<p>TS2511S<\/p>","protected":false},"excerpt":{"rendered":"<p>Ceinture \u00e0 Outils Ergo Helly Hansen HH Connect &#8211; 79461 La Ceinture \u00e0 Outils Ergo Helly Hansen HH Connect &#8211; 79461 est con\u00e7ue pour les professionnels exigeants. Elle offre un confort optimal gr\u00e2ce \u00e0 sa mousse perfor\u00e9e. Sa forme ergonomique \u00e9pouse le corps pour un ajustement parfait. Compatible avec les poches et bretelles HH Connect [&hellip;]<\/p>","protected":false},"featured_media":41423,"comment_status":"open","ping_status":"closed","template":"","meta":[],"product_cat":[599,825,633,602],"product_tag":[823],"class_list":{"0":"post-41418","1":"product","2":"type-product","3":"status-publish","4":"has-post-thumbnail","6":"product_brand-helly-hansen","7":"product_brand-hh-connect","8":"product_cat-apparel-accessories","9":"product_cat-ceintures","10":"product_cat-femmes","11":"product_cat-hommes","12":"product_tag-poche","14":"first","15":"instock","16":"taxable","17":"shipping-taxable","18":"purchasable","19":"product-type-variable"},"yoast_head":"<!-- This site is optimized with the Yoast SEO plugin v25.3.1 - https:\/\/yoast.com\/wordpress\/plugins\/seo\/ -->\n<title>Ceinture \u00e0 Outils Ergo Helly Hansen HH Connect - 79461 - Le Magasin Industriel<\/title>\n<meta name=\"description\" content=\"Ceinture \u00e0 Outils Ergo Helly Hansen HH Connect - 79461 est con\u00e7ue pour une fixation rapide et s\u00e9curis\u00e9e des diff\u00e9rentes poches HH Connect.\" \/>\n<meta name=\"robots\" content=\"index, follow, max-snippet:-1, max-image-preview:large, max-video-preview:-1\" \/>\n<link rel=\"canonical\" href=\"https:\/\/autravail.ca\/en\/product\/ceinture-a-outils-ergo-helly-hansen-hh-connect-79461\/\" \/>\n<meta property=\"og:locale\" content=\"en_US\" \/>\n<meta property=\"og:type\" content=\"article\" \/>\n<meta property=\"og:title\" content=\"Ceinture \u00e0 Outils Ergo Helly Hansen HH Connect - 79461 - Le Magasin Industriel\" \/>\n<meta property=\"og:description\" content=\"Ceinture \u00e0 Outils Ergo Helly Hansen HH Connect - 79461 est con\u00e7ue pour une fixation rapide et s\u00e9curis\u00e9e des diff\u00e9rentes poches HH Connect.\" \/>\n<meta property=\"og:url\" content=\"https:\/\/autravail.ca\/en\/product\/ceinture-a-outils-ergo-helly-hansen-hh-connect-79461\/\" \/>\n<meta property=\"og:site_name\" content=\"Le Magasin Industriel\" \/>\n<meta property=\"article:publisher\" content=\"https:\/\/www.facebook.com\/lemagasinindustriel\/?locale=fr_FR\" \/>\n<meta property=\"article:modified_time\" content=\"2025-12-05T09:09:36+00:00\" \/>\n<meta property=\"og:image\" content=\"https:\/\/autravail.ca\/wp-content\/uploads\/2025\/11\/79461_A01.jpg\" \/>\n\t<meta property=\"og:image:width\" content=\"1000\" \/>\n\t<meta property=\"og:image:height\" content=\"1000\" \/>\n\t<meta property=\"og:image:type\" content=\"image\/jpeg\" \/>\n<meta name=\"twitter:card\" content=\"summary_large_image\" \/>\n<meta name=\"twitter:label1\" content=\"Est. reading time\" \/>\n\t<meta name=\"twitter:data1\" content=\"2 minutes\" \/>\n<script type=\"application\/ld+json\" class=\"yoast-schema-graph\">{\"@context\":\"https:\/\/schema.org\",\"@graph\":[{\"@type\":\"WebPage\",\"@id\":\"https:\/\/autravail.ca\/product\/ceinture-a-outils-ergo-helly-hansen-hh-connect-79461\/\",\"url\":\"https:\/\/autravail.ca\/product\/ceinture-a-outils-ergo-helly-hansen-hh-connect-79461\/\",\"name\":\"Ceinture \u00e0 Outils Ergo Helly Hansen HH Connect - 79461 - Le Magasin Industriel\",\"isPartOf\":{\"@id\":\"https:\/\/autravail.ca\/#website\"},\"primaryImageOfPage\":{\"@id\":\"https:\/\/autravail.ca\/product\/ceinture-a-outils-ergo-helly-hansen-hh-connect-79461\/#primaryimage\"},\"image\":{\"@id\":\"https:\/\/autravail.ca\/product\/ceinture-a-outils-ergo-helly-hansen-hh-connect-79461\/#primaryimage\"},\"thumbnailUrl\":\"https:\/\/autravail.ca\/wp-content\/uploads\/2025\/11\/79461_A01.jpg\",\"datePublished\":\"2025-11-10T21:04:36+00:00\",\"dateModified\":\"2025-12-05T09:09:36+00:00\",\"description\":\"Ceinture \u00e0 Outils Ergo Helly Hansen HH Connect - 79461 est con\u00e7ue pour une fixation rapide et s\u00e9curis\u00e9e des diff\u00e9rentes poches HH Connect.\",\"breadcrumb\":{\"@id\":\"https:\/\/autravail.ca\/product\/ceinture-a-outils-ergo-helly-hansen-hh-connect-79461\/#breadcrumb\"},\"inLanguage\":\"en-CA\",\"potentialAction\":[{\"@type\":\"ReadAction\",\"target\":[\"https:\/\/autravail.ca\/product\/ceinture-a-outils-ergo-helly-hansen-hh-connect-79461\/\"]}]},{\"@type\":\"ImageObject\",\"inLanguage\":\"en-CA\",\"@id\":\"https:\/\/autravail.ca\/product\/ceinture-a-outils-ergo-helly-hansen-hh-connect-79461\/#primaryimage\",\"url\":\"https:\/\/autravail.ca\/wp-content\/uploads\/2025\/11\/79461_A01.jpg\",\"contentUrl\":\"https:\/\/autravail.ca\/wp-content\/uploads\/2025\/11\/79461_A01.jpg\",\"width\":1000,\"height\":1000,\"caption\":\"Ceinture \u00e0 Outils Ergo Helly Hansen HH Connect - 79461\"},{\"@type\":\"BreadcrumbList\",\"@id\":\"https:\/\/autravail.ca\/product\/ceinture-a-outils-ergo-helly-hansen-hh-connect-79461\/#breadcrumb\",\"itemListElement\":[{\"@type\":\"ListItem\",\"position\":1,\"name\":\"Accueil\",\"item\":\"https:\/\/autravail.ca\/\"},{\"@type\":\"ListItem\",\"position\":2,\"name\":\"Magasin\",\"item\":\"https:\/\/autravail.ca\/en\/shop\/\"},{\"@type\":\"ListItem\",\"position\":3,\"name\":\"Ceinture \u00e0 Outils Ergo Helly Hansen HH Connect &#8211; 79461\"}]},{\"@type\":\"WebSite\",\"@id\":\"https:\/\/autravail.ca\/#website\",\"url\":\"https:\/\/autravail.ca\/\",\"name\":\"Le Magasin Industriel\",\"description\":\"50 ans de tradition de s\u00e9curit\u00e9 au travail\",\"publisher\":{\"@id\":\"https:\/\/autravail.ca\/#organization\"},\"potentialAction\":[{\"@type\":\"SearchAction\",\"target\":{\"@type\":\"EntryPoint\",\"urlTemplate\":\"https:\/\/autravail.ca\/?s={search_term_string}\"},\"query-input\":{\"@type\":\"PropertyValueSpecification\",\"valueRequired\":true,\"valueName\":\"search_term_string\"}}],\"inLanguage\":\"en-CA\"},{\"@type\":\"Organization\",\"@id\":\"https:\/\/autravail.ca\/#organization\",\"name\":\"Le Magasin Industriel\",\"url\":\"https:\/\/autravail.ca\/\",\"logo\":{\"@type\":\"ImageObject\",\"inLanguage\":\"en-CA\",\"@id\":\"https:\/\/autravail.ca\/#\/schema\/logo\/image\/\",\"url\":\"https:\/\/autravail.ca\/wp-content\/uploads\/2025\/05\/cropped-magasin_industriel_120x.avif\",\"contentUrl\":\"https:\/\/autravail.ca\/wp-content\/uploads\/2025\/05\/cropped-magasin_industriel_120x.avif\",\"width\":120,\"height\":24,\"caption\":\"Le Magasin Industriel\"},\"image\":{\"@id\":\"https:\/\/autravail.ca\/#\/schema\/logo\/image\/\"},\"sameAs\":[\"https:\/\/www.facebook.com\/lemagasinindustriel\/?locale=fr_FR\"]}]}<\/script>\n<!-- \/ Yoast SEO plugin. -->","yoast_head_json":{"title":"Ceinture \u00e0 Outils Ergo Helly Hansen HH Connect - 79461 - Le Magasin Industriel","description":"Ceinture \u00e0 Outils Ergo Helly Hansen HH Connect - 79461 est con\u00e7ue pour une fixation rapide et s\u00e9curis\u00e9e des diff\u00e9rentes poches HH Connect.","robots":{"index":"index","follow":"follow","max-snippet":"max-snippet:-1","max-image-preview":"max-image-preview:large","max-video-preview":"max-video-preview:-1"},"canonical":"https:\/\/autravail.ca\/en\/product\/ceinture-a-outils-ergo-helly-hansen-hh-connect-79461\/","og_locale":"en_US","og_type":"article","og_title":"Ceinture \u00e0 Outils Ergo Helly Hansen HH Connect - 79461 - Le Magasin Industriel","og_description":"Ceinture \u00e0 Outils Ergo Helly Hansen HH Connect - 79461 est con\u00e7ue pour une fixation rapide et s\u00e9curis\u00e9e des diff\u00e9rentes poches HH Connect.","og_url":"https:\/\/autravail.ca\/en\/product\/ceinture-a-outils-ergo-helly-hansen-hh-connect-79461\/","og_site_name":"Le Magasin Industriel","article_publisher":"https:\/\/www.facebook.com\/lemagasinindustriel\/?locale=fr_FR","article_modified_time":"2025-12-05T09:09:36+00:00","og_image":[{"width":1000,"height":1000,"url":"https:\/\/autravail.ca\/wp-content\/uploads\/2025\/11\/79461_A01.jpg","type":"image\/jpeg"}],"twitter_card":"summary_large_image","twitter_misc":{"Est. reading time":"2 minutes"},"schema":{"@context":"https:\/\/schema.org","@graph":[{"@type":"WebPage","@id":"https:\/\/autravail.ca\/product\/ceinture-a-outils-ergo-helly-hansen-hh-connect-79461\/","url":"https:\/\/autravail.ca\/product\/ceinture-a-outils-ergo-helly-hansen-hh-connect-79461\/","name":"Ceinture \u00e0 Outils Ergo Helly Hansen HH Connect - 79461 - Le Magasin Industriel","isPartOf":{"@id":"https:\/\/autravail.ca\/#website"},"primaryImageOfPage":{"@id":"https:\/\/autravail.ca\/product\/ceinture-a-outils-ergo-helly-hansen-hh-connect-79461\/#primaryimage"},"image":{"@id":"https:\/\/autravail.ca\/product\/ceinture-a-outils-ergo-helly-hansen-hh-connect-79461\/#primaryimage"},"thumbnailUrl":"https:\/\/autravail.ca\/wp-content\/uploads\/2025\/11\/79461_A01.jpg","datePublished":"2025-11-10T21:04:36+00:00","dateModified":"2025-12-05T09:09:36+00:00","description":"Ceinture \u00e0 Outils Ergo Helly Hansen HH Connect - 79461 est con\u00e7ue pour une fixation rapide et s\u00e9curis\u00e9e des diff\u00e9rentes poches HH Connect.","breadcrumb":{"@id":"https:\/\/autravail.ca\/product\/ceinture-a-outils-ergo-helly-hansen-hh-connect-79461\/#breadcrumb"},"inLanguage":"en-CA","potentialAction":[{"@type":"ReadAction","target":["https:\/\/autravail.ca\/product\/ceinture-a-outils-ergo-helly-hansen-hh-connect-79461\/"]}]},{"@type":"ImageObject","inLanguage":"en-CA","@id":"https:\/\/autravail.ca\/product\/ceinture-a-outils-ergo-helly-hansen-hh-connect-79461\/#primaryimage","url":"https:\/\/autravail.ca\/wp-content\/uploads\/2025\/11\/79461_A01.jpg","contentUrl":"https:\/\/autravail.ca\/wp-content\/uploads\/2025\/11\/79461_A01.jpg","width":1000,"height":1000,"caption":"Ceinture \u00e0 Outils Ergo Helly Hansen HH Connect - 79461"},{"@type":"BreadcrumbList","@id":"https:\/\/autravail.ca\/product\/ceinture-a-outils-ergo-helly-hansen-hh-connect-79461\/#breadcrumb","itemListElement":[{"@type":"ListItem","position":1,"name":"Accueil","item":"https:\/\/autravail.ca\/"},{"@type":"ListItem","position":2,"name":"Magasin","item":"https:\/\/autravail.ca\/en\/shop\/"},{"@type":"ListItem","position":3,"name":"Ceinture \u00e0 Outils Ergo Helly Hansen HH Connect &#8211; 79461"}]},{"@type":"WebSite","@id":"https:\/\/autravail.ca\/#website","url":"https:\/\/autravail.ca\/","name":"Le Magasin Industriel","description":"50 ans de tradition de s\u00e9curit\u00e9 au travail","publisher":{"@id":"https:\/\/autravail.ca\/#organization"},"potentialAction":[{"@type":"SearchAction","target":{"@type":"EntryPoint","urlTemplate":"https:\/\/autravail.ca\/?s={search_term_string}"},"query-input":{"@type":"PropertyValueSpecification","valueRequired":true,"valueName":"search_term_string"}}],"inLanguage":"en-CA"},{"@type":"Organization","@id":"https:\/\/autravail.ca\/#organization","name":"Le Magasin Industriel","url":"https:\/\/autravail.ca\/","logo":{"@type":"ImageObject","inLanguage":"en-CA","@id":"https:\/\/autravail.ca\/#\/schema\/logo\/image\/","url":"https:\/\/autravail.ca\/wp-content\/uploads\/2025\/05\/cropped-magasin_industriel_120x.avif","contentUrl":"https:\/\/autravail.ca\/wp-content\/uploads\/2025\/05\/cropped-magasin_industriel_120x.avif","width":120,"height":24,"caption":"Le Magasin Industriel"},"image":{"@id":"https:\/\/autravail.ca\/#\/schema\/logo\/image\/"},"sameAs":["https:\/\/www.facebook.com\/lemagasinindustriel\/?locale=fr_FR"]}]}},"jetpack_sharing_enabled":true,"_links":{"self":[{"href":"https:\/\/autravail.ca\/en\/wp-json\/wp\/v2\/product\/41418","targetHints":{"allow":["GET"]}}],"collection":[{"href":"https:\/\/autravail.ca\/en\/wp-json\/wp\/v2\/product"}],"about":[{"href":"https:\/\/autravail.ca\/en\/wp-json\/wp\/v2\/types\/product"}],"replies":[{"embeddable":true,"href":"https:\/\/autravail.ca\/en\/wp-json\/wp\/v2\/comments?post=41418"}],"wp:featuredmedia":[{"embeddable":true,"href":"https:\/\/autravail.ca\/en\/wp-json\/wp\/v2\/media\/41423"}],"wp:attachment":[{"href":"https:\/\/autravail.ca\/en\/wp-json\/wp\/v2\/media?parent=41418"}],"wp:term":[{"taxonomy":"product_cat","embeddable":true,"href":"https:\/\/autravail.ca\/en\/wp-json\/wp\/v2\/product_cat?post=41418"},{"taxonomy":"product_tag","embeddable":true,"href":"https:\/\/autravail.ca\/en\/wp-json\/wp\/v2\/product_tag?post=41418"}],"curies":[{"name":"wp","href":"https:\/\/api.w.org\/{rel}","templated":true}]}}