{"id":41410,"date":"2025-11-10T16:02:29","date_gmt":"2025-11-10T20:02:29","guid":{"rendered":"https:\/\/autravail.ca\/?post_type=product&#038;p=41410"},"modified":"2025-11-10T16:27:06","modified_gmt":"2025-11-10T20:27:06","slug":"poche-essentielle-1-helly-hansen-hh-connect-79473","status":"publish","type":"product","link":"https:\/\/autravail.ca\/en\/product\/poche-essentielle-1-helly-hansen-hh-connect-79473\/","title":{"rendered":"Poche Essentielle 1 Helly Hansen HH Connect &#8211; 79473"},"content":{"rendered":"<h3>Poche Essentielle 1 Helly Hansen HH Connect &#8211; 79473<\/h3>\n<p>Poche Essentielle 1 Helly Hansen HH Connect &#8211; 79473 est con\u00e7ue pour les professionnels exigeants. Elle s\u2019adapte facilement \u00e0 votre \u00e9quipement. Fabriqu\u00e9e en tissu r\u00e9sistant 1000 deniers, elle supporte les conditions de travail les plus rudes. Les fils AMANN et la fermeture YKK assurent une solidit\u00e9 durable. Son fond doubl\u00e9 et son tissu renforc\u00e9 prolongent sa dur\u00e9e de vie. Elle offre plusieurs compartiments pour organiser vos outils efficacement. Chaque outil trouve sa place, accessible rapidement. La boucle porte-outil permet un maintien s\u00e9curis\u00e9 pendant vos d\u00e9placements. Compatible avec le syst\u00e8me HH Connect, elle s\u2019int\u00e8gre \u00e0 vos v\u00eatements de travail <a href=\"https:\/\/autravail.ca\/en\/product-brand\/helly-hansen\/\">Helly Hansen<\/a>. Son design modulaire facilite l\u2019ajout ou le retrait selon vos besoins.<\/p>\n<p>Elle convient aux m\u00e9tiers de la construction, de l\u2019entretien et de la logistique. Pens\u00e9e pour optimiser vos gestes, elle am\u00e9liore votre efficacit\u00e9 sur le terrain. Compacte et fonctionnelle, elle reste discr\u00e8te tout en \u00e9tant robuste. Une solution fiable pour les professionnels mobiles et organis\u00e9s!<\/p>\n<h4>Characteristics:<\/h4>\n<ul>\n<li>Fils AMANN \u2013 qualit\u00e9 allemande<\/li>\n<li>Fermeture \u00e9clair YKK\u00ae<\/li>\n<li>Poche compatible avec le syst\u00e8me HH Connect\u2122<\/li>\n<li>Poche int\u00e9gr\u00e9e et repliable<\/li>\n<li>Tissu renforc\u00e9 et fond doubl\u00e9<\/li>\n<li>Multiples options de rangement et compartiments pour outils<\/li>\n<li>Composition 100 % polyamide<\/li>\n<li>\u00c0 combiner avec pantalons <a href=\"https:\/\/autravail.ca\/en\/product\/pantalon-de-travail-hh-connect-helly-hansen-77468-noir\/\">77459 HH Connect<\/a><\/li>\n<li>Pour ceinture, \u00e0 combiner avec: <a href=\"https:\/\/autravail.ca\/en\/product\/attache-ceinture-helly-hansen-hh-connect-79475\/\">79475 HH Connect<\/a><\/li>\n<\/ul>\n<p><img decoding=\"async\" class=\"alignnone wp-image-40620\" src=\"https:\/\/autravail.ca\/wp-content\/uploads\/2025\/09\/Jachete-quebec-et-canada.jpg\" alt=\"Logo de l'achat local\" width=\"162\" height=\"139\" \/>Merci d&rsquo;encourager une entreprise 100% d&rsquo;ici!<\/p>\n<p>TS2511S<\/p>","protected":false},"excerpt":{"rendered":"<p>Poche Essentielle 1 Helly Hansen HH Connect &#8211; 79473 Poche Essentielle 1 Helly Hansen HH Connect &#8211; 79473 est con\u00e7ue pour les professionnels exigeants. Elle s\u2019adapte facilement \u00e0 votre \u00e9quipement. Fabriqu\u00e9e en tissu r\u00e9sistant 1000 deniers, elle supporte les conditions de travail les plus rudes. Les fils AMANN et la fermeture YKK assurent une solidit\u00e9 [&hellip;]<\/p>","protected":false},"featured_media":41411,"comment_status":"open","ping_status":"closed","template":"","meta":[],"product_cat":[599,633,602],"product_tag":[823],"class_list":{"0":"post-41410","1":"product","2":"type-product","3":"status-publish","4":"has-post-thumbnail","6":"product_brand-helly-hansen","7":"product_brand-hh-connect","8":"product_cat-apparel-accessories","9":"product_cat-femmes","10":"product_cat-hommes","11":"product_tag-poche","13":"first","14":"instock","15":"taxable","16":"shipping-taxable","17":"purchasable","18":"product-type-simple"},"yoast_head":"<!-- This site is optimized with the Yoast SEO plugin v25.3.1 - https:\/\/yoast.com\/wordpress\/plugins\/seo\/ -->\n<title>Poche Essentielle 1 Helly Hansen HH Connect - 79473 - Le Magasin Industriel<\/title>\n<meta name=\"description\" content=\"Poche Essentielle 1 Helly Hansen HH Connect - 79473 pour les outils n\u00e9cessaires qui vous suivent durant vos journ\u00e9es de travail.\" \/>\n<meta name=\"robots\" content=\"index, follow, max-snippet:-1, max-image-preview:large, max-video-preview:-1\" \/>\n<link rel=\"canonical\" href=\"https:\/\/autravail.ca\/en\/product\/poche-essentielle-1-helly-hansen-hh-connect-79473\/\" \/>\n<meta property=\"og:locale\" content=\"en_US\" \/>\n<meta property=\"og:type\" content=\"article\" \/>\n<meta property=\"og:title\" content=\"Poche Essentielle 1 Helly Hansen HH Connect - 79473 - Le Magasin Industriel\" \/>\n<meta property=\"og:description\" content=\"Poche Essentielle 1 Helly Hansen HH Connect - 79473 pour les outils n\u00e9cessaires qui vous suivent durant vos journ\u00e9es de travail.\" \/>\n<meta property=\"og:url\" content=\"https:\/\/autravail.ca\/en\/product\/poche-essentielle-1-helly-hansen-hh-connect-79473\/\" \/>\n<meta property=\"og:site_name\" content=\"Le Magasin Industriel\" \/>\n<meta property=\"article:publisher\" content=\"https:\/\/www.facebook.com\/lemagasinindustriel\/?locale=fr_FR\" \/>\n<meta property=\"article:modified_time\" content=\"2025-11-10T20:27:06+00:00\" \/>\n<meta property=\"og:image\" content=\"https:\/\/autravail.ca\/wp-content\/uploads\/2025\/11\/79473_A01.jpg\" \/>\n\t<meta property=\"og:image:width\" content=\"1000\" \/>\n\t<meta property=\"og:image:height\" content=\"1000\" \/>\n\t<meta property=\"og:image:type\" content=\"image\/jpeg\" \/>\n<meta name=\"twitter:card\" content=\"summary_large_image\" \/>\n<meta name=\"twitter:label1\" content=\"Est. reading time\" \/>\n\t<meta name=\"twitter:data1\" content=\"2 minutes\" \/>\n<script type=\"application\/ld+json\" class=\"yoast-schema-graph\">{\"@context\":\"https:\/\/schema.org\",\"@graph\":[{\"@type\":\"WebPage\",\"@id\":\"https:\/\/autravail.ca\/product\/poche-essentielle-1-helly-hansen-hh-connect-79473\/\",\"url\":\"https:\/\/autravail.ca\/product\/poche-essentielle-1-helly-hansen-hh-connect-79473\/\",\"name\":\"Poche Essentielle 1 Helly Hansen HH Connect - 79473 - Le Magasin Industriel\",\"isPartOf\":{\"@id\":\"https:\/\/autravail.ca\/#website\"},\"primaryImageOfPage\":{\"@id\":\"https:\/\/autravail.ca\/product\/poche-essentielle-1-helly-hansen-hh-connect-79473\/#primaryimage\"},\"image\":{\"@id\":\"https:\/\/autravail.ca\/product\/poche-essentielle-1-helly-hansen-hh-connect-79473\/#primaryimage\"},\"thumbnailUrl\":\"https:\/\/autravail.ca\/wp-content\/uploads\/2025\/11\/79473_A01.jpg\",\"datePublished\":\"2025-11-10T20:02:29+00:00\",\"dateModified\":\"2025-11-10T20:27:06+00:00\",\"description\":\"Poche Essentielle 1 Helly Hansen HH Connect - 79473 pour les outils n\u00e9cessaires qui vous suivent durant vos journ\u00e9es de travail.\",\"breadcrumb\":{\"@id\":\"https:\/\/autravail.ca\/product\/poche-essentielle-1-helly-hansen-hh-connect-79473\/#breadcrumb\"},\"inLanguage\":\"en-CA\",\"potentialAction\":[{\"@type\":\"ReadAction\",\"target\":[\"https:\/\/autravail.ca\/product\/poche-essentielle-1-helly-hansen-hh-connect-79473\/\"]}]},{\"@type\":\"ImageObject\",\"inLanguage\":\"en-CA\",\"@id\":\"https:\/\/autravail.ca\/product\/poche-essentielle-1-helly-hansen-hh-connect-79473\/#primaryimage\",\"url\":\"https:\/\/autravail.ca\/wp-content\/uploads\/2025\/11\/79473_A01.jpg\",\"contentUrl\":\"https:\/\/autravail.ca\/wp-content\/uploads\/2025\/11\/79473_A01.jpg\",\"width\":1000,\"height\":1000,\"caption\":\"Poche Essentielle 1 Helly Hansen HH Connect - 79473\"},{\"@type\":\"BreadcrumbList\",\"@id\":\"https:\/\/autravail.ca\/product\/poche-essentielle-1-helly-hansen-hh-connect-79473\/#breadcrumb\",\"itemListElement\":[{\"@type\":\"ListItem\",\"position\":1,\"name\":\"Accueil\",\"item\":\"https:\/\/autravail.ca\/\"},{\"@type\":\"ListItem\",\"position\":2,\"name\":\"Magasin\",\"item\":\"https:\/\/autravail.ca\/en\/shop\/\"},{\"@type\":\"ListItem\",\"position\":3,\"name\":\"Poche Essentielle 1 Helly Hansen HH Connect &#8211; 79473\"}]},{\"@type\":\"WebSite\",\"@id\":\"https:\/\/autravail.ca\/#website\",\"url\":\"https:\/\/autravail.ca\/\",\"name\":\"Le Magasin Industriel\",\"description\":\"50 ans de tradition de s\u00e9curit\u00e9 au travail\",\"publisher\":{\"@id\":\"https:\/\/autravail.ca\/#organization\"},\"potentialAction\":[{\"@type\":\"SearchAction\",\"target\":{\"@type\":\"EntryPoint\",\"urlTemplate\":\"https:\/\/autravail.ca\/?s={search_term_string}\"},\"query-input\":{\"@type\":\"PropertyValueSpecification\",\"valueRequired\":true,\"valueName\":\"search_term_string\"}}],\"inLanguage\":\"en-CA\"},{\"@type\":\"Organization\",\"@id\":\"https:\/\/autravail.ca\/#organization\",\"name\":\"Le Magasin Industriel\",\"url\":\"https:\/\/autravail.ca\/\",\"logo\":{\"@type\":\"ImageObject\",\"inLanguage\":\"en-CA\",\"@id\":\"https:\/\/autravail.ca\/#\/schema\/logo\/image\/\",\"url\":\"https:\/\/autravail.ca\/wp-content\/uploads\/2025\/05\/cropped-magasin_industriel_120x.avif\",\"contentUrl\":\"https:\/\/autravail.ca\/wp-content\/uploads\/2025\/05\/cropped-magasin_industriel_120x.avif\",\"width\":120,\"height\":24,\"caption\":\"Le Magasin Industriel\"},\"image\":{\"@id\":\"https:\/\/autravail.ca\/#\/schema\/logo\/image\/\"},\"sameAs\":[\"https:\/\/www.facebook.com\/lemagasinindustriel\/?locale=fr_FR\"]}]}<\/script>\n<!-- \/ Yoast SEO plugin. -->","yoast_head_json":{"title":"Poche Essentielle 1 Helly Hansen HH Connect - 79473 - Le Magasin Industriel","description":"Poche Essentielle 1 Helly Hansen HH Connect - 79473 pour les outils n\u00e9cessaires qui vous suivent durant vos journ\u00e9es de travail.","robots":{"index":"index","follow":"follow","max-snippet":"max-snippet:-1","max-image-preview":"max-image-preview:large","max-video-preview":"max-video-preview:-1"},"canonical":"https:\/\/autravail.ca\/en\/product\/poche-essentielle-1-helly-hansen-hh-connect-79473\/","og_locale":"en_US","og_type":"article","og_title":"Poche Essentielle 1 Helly Hansen HH Connect - 79473 - Le Magasin Industriel","og_description":"Poche Essentielle 1 Helly Hansen HH Connect - 79473 pour les outils n\u00e9cessaires qui vous suivent durant vos journ\u00e9es de travail.","og_url":"https:\/\/autravail.ca\/en\/product\/poche-essentielle-1-helly-hansen-hh-connect-79473\/","og_site_name":"Le Magasin Industriel","article_publisher":"https:\/\/www.facebook.com\/lemagasinindustriel\/?locale=fr_FR","article_modified_time":"2025-11-10T20:27:06+00:00","og_image":[{"width":1000,"height":1000,"url":"https:\/\/autravail.ca\/wp-content\/uploads\/2025\/11\/79473_A01.jpg","type":"image\/jpeg"}],"twitter_card":"summary_large_image","twitter_misc":{"Est. reading time":"2 minutes"},"schema":{"@context":"https:\/\/schema.org","@graph":[{"@type":"WebPage","@id":"https:\/\/autravail.ca\/product\/poche-essentielle-1-helly-hansen-hh-connect-79473\/","url":"https:\/\/autravail.ca\/product\/poche-essentielle-1-helly-hansen-hh-connect-79473\/","name":"Poche Essentielle 1 Helly Hansen HH Connect - 79473 - Le Magasin Industriel","isPartOf":{"@id":"https:\/\/autravail.ca\/#website"},"primaryImageOfPage":{"@id":"https:\/\/autravail.ca\/product\/poche-essentielle-1-helly-hansen-hh-connect-79473\/#primaryimage"},"image":{"@id":"https:\/\/autravail.ca\/product\/poche-essentielle-1-helly-hansen-hh-connect-79473\/#primaryimage"},"thumbnailUrl":"https:\/\/autravail.ca\/wp-content\/uploads\/2025\/11\/79473_A01.jpg","datePublished":"2025-11-10T20:02:29+00:00","dateModified":"2025-11-10T20:27:06+00:00","description":"Poche Essentielle 1 Helly Hansen HH Connect - 79473 pour les outils n\u00e9cessaires qui vous suivent durant vos journ\u00e9es de travail.","breadcrumb":{"@id":"https:\/\/autravail.ca\/product\/poche-essentielle-1-helly-hansen-hh-connect-79473\/#breadcrumb"},"inLanguage":"en-CA","potentialAction":[{"@type":"ReadAction","target":["https:\/\/autravail.ca\/product\/poche-essentielle-1-helly-hansen-hh-connect-79473\/"]}]},{"@type":"ImageObject","inLanguage":"en-CA","@id":"https:\/\/autravail.ca\/product\/poche-essentielle-1-helly-hansen-hh-connect-79473\/#primaryimage","url":"https:\/\/autravail.ca\/wp-content\/uploads\/2025\/11\/79473_A01.jpg","contentUrl":"https:\/\/autravail.ca\/wp-content\/uploads\/2025\/11\/79473_A01.jpg","width":1000,"height":1000,"caption":"Poche Essentielle 1 Helly Hansen HH Connect - 79473"},{"@type":"BreadcrumbList","@id":"https:\/\/autravail.ca\/product\/poche-essentielle-1-helly-hansen-hh-connect-79473\/#breadcrumb","itemListElement":[{"@type":"ListItem","position":1,"name":"Accueil","item":"https:\/\/autravail.ca\/"},{"@type":"ListItem","position":2,"name":"Magasin","item":"https:\/\/autravail.ca\/en\/shop\/"},{"@type":"ListItem","position":3,"name":"Poche Essentielle 1 Helly Hansen HH Connect &#8211; 79473"}]},{"@type":"WebSite","@id":"https:\/\/autravail.ca\/#website","url":"https:\/\/autravail.ca\/","name":"Le Magasin Industriel","description":"50 ans de tradition de s\u00e9curit\u00e9 au travail","publisher":{"@id":"https:\/\/autravail.ca\/#organization"},"potentialAction":[{"@type":"SearchAction","target":{"@type":"EntryPoint","urlTemplate":"https:\/\/autravail.ca\/?s={search_term_string}"},"query-input":{"@type":"PropertyValueSpecification","valueRequired":true,"valueName":"search_term_string"}}],"inLanguage":"en-CA"},{"@type":"Organization","@id":"https:\/\/autravail.ca\/#organization","name":"Le Magasin Industriel","url":"https:\/\/autravail.ca\/","logo":{"@type":"ImageObject","inLanguage":"en-CA","@id":"https:\/\/autravail.ca\/#\/schema\/logo\/image\/","url":"https:\/\/autravail.ca\/wp-content\/uploads\/2025\/05\/cropped-magasin_industriel_120x.avif","contentUrl":"https:\/\/autravail.ca\/wp-content\/uploads\/2025\/05\/cropped-magasin_industriel_120x.avif","width":120,"height":24,"caption":"Le Magasin Industriel"},"image":{"@id":"https:\/\/autravail.ca\/#\/schema\/logo\/image\/"},"sameAs":["https:\/\/www.facebook.com\/lemagasinindustriel\/?locale=fr_FR"]}]}},"jetpack_sharing_enabled":true,"_links":{"self":[{"href":"https:\/\/autravail.ca\/en\/wp-json\/wp\/v2\/product\/41410","targetHints":{"allow":["GET"]}}],"collection":[{"href":"https:\/\/autravail.ca\/en\/wp-json\/wp\/v2\/product"}],"about":[{"href":"https:\/\/autravail.ca\/en\/wp-json\/wp\/v2\/types\/product"}],"replies":[{"embeddable":true,"href":"https:\/\/autravail.ca\/en\/wp-json\/wp\/v2\/comments?post=41410"}],"wp:featuredmedia":[{"embeddable":true,"href":"https:\/\/autravail.ca\/en\/wp-json\/wp\/v2\/media\/41411"}],"wp:attachment":[{"href":"https:\/\/autravail.ca\/en\/wp-json\/wp\/v2\/media?parent=41410"}],"wp:term":[{"taxonomy":"product_cat","embeddable":true,"href":"https:\/\/autravail.ca\/en\/wp-json\/wp\/v2\/product_cat?post=41410"},{"taxonomy":"product_tag","embeddable":true,"href":"https:\/\/autravail.ca\/en\/wp-json\/wp\/v2\/product_tag?post=41410"}],"curies":[{"name":"wp","href":"https:\/\/api.w.org\/{rel}","templated":true}]}}