{"id":41304,"date":"2025-11-09T16:07:17","date_gmt":"2025-11-09T20:07:17","guid":{"rendered":"https:\/\/autravail.ca\/?post_type=product&#038;p=41304"},"modified":"2025-12-05T05:09:36","modified_gmt":"2025-12-05T09:09:36","slug":"hoodie-classic-2-0-helly-hansen-79403-noir","status":"publish","type":"product","link":"https:\/\/autravail.ca\/en\/product\/hoodie-classic-2-0-helly-hansen-79403-noir\/","title":{"rendered":"Hoodie Classic 2.0 Helly Hansen &#8211; 79403 Noir"},"content":{"rendered":"<h3>Hoodie Classic 2.0 Helly Hansen &#8211; 79403 Noir<\/h3>\n<p>Le Hoodie Classic 2.0 Helly Hansen &#8211; 79403 Noir combine confort, style et durabilit\u00e9. Sa coupe r\u00e9guli\u00e8re convient \u00e0 toutes les silhouettes. Fabriqu\u00e9 avec du coton biologique et du polyester recycl\u00e9, il respecte l\u2019environnement. Les coutures Amann assurent une finition robuste et durable. La capuche ajustable offre une protection personnalis\u00e9e contre le vent. Les poignets et l\u2019ourlet c\u00f4tel\u00e9s maintiennent bien le v\u00eatement en place. Ce chandail est doux, chaud et agr\u00e9able \u00e0 porter. Il convient au quotidien comme aux activit\u00e9s ext\u00e9rieures. Le tissu conserve sa forme apr\u00e8s plusieurs lavages. Il ne se d\u00e9forme pas facilement. L\u2019entretien est simple : lavage \u00e0 l\u2019eau ti\u00e8de, s\u00e9chage \u00e0 basse temp\u00e9rature. Ne pas repasser sur l\u2019imprim\u00e9. Il est offert en plusieurs tailles, jusqu\u2019\u00e0 5XL. Ce mod\u00e8le s\u2019agence facilement avec tout.<\/p>\n<p>Ce mod\u00e8le est certifi\u00e9 selon des normes biologiques reconnues. Il r\u00e9pond aux besoins d\u2019un mode de vie actif et conscient. Un essentiel polyvalent et responsable de <a href=\"https:\/\/autravail.ca\/en\/product-brand\/helly-hansen\/\">Helly Hansen Workwear<\/a>.<\/p>\n<h4>Characteristics:<\/h4>\n<p><!--StartFragment --><\/p>\n<ul>\n<li>Fils AMANN \u2013 Qualit\u00e9 allemande<\/li>\n<li>Style kangourou avec poche avant et capuchon<\/li>\n<li>Capuche ajustable avec cordon de serrage<\/li>\n<li>Poches pour les mains<\/li>\n<li>Poignets et ourlet en tricot c\u00f4tel\u00e9<\/li>\n<li>Coton biologique<\/li>\n<li>Ce produit contient au moins 50 % de fibres certifi\u00e9es selon la norme Organic Content Standard<\/li>\n<li>Certifi\u00e9 par IDFL (TE-99972454)<\/li>\n<li>Tissu ext\u00e9rieur : 56 % coton biologique, 44 % polyester recycl\u00e9<\/li>\n<li>Doublure : 80 % coton biologique, 20 % polyester recycl\u00e9<\/li>\n<\/ul>\n<p><img decoding=\"async\" class=\"alignnone wp-image-40620\" src=\"https:\/\/autravail.ca\/wp-content\/uploads\/2025\/09\/Jachete-quebec-et-canada.jpg\" alt=\"Logo de l'achat local\" width=\"162\" height=\"139\" \/>Merci d&rsquo;encourager une entreprise 100% d&rsquo;ici!<\/p>\n<p>TS2511S<\/p>\n<p><!--EndFragment --><\/p>\n<div><\/div>\n<div>\n<p class=\"sc-jTdKgc ePAbOW\">\n<\/div>","protected":false},"excerpt":{"rendered":"<p>Hoodie Classic 2.0 Helly Hansen &#8211; 79403 Noir Le Hoodie Classic 2.0 Helly Hansen &#8211; 79403 Noir combine confort, style et durabilit\u00e9. Sa coupe r\u00e9guli\u00e8re convient \u00e0 toutes les silhouettes. Fabriqu\u00e9 avec du coton biologique et du polyester recycl\u00e9, il respecte l\u2019environnement. Les coutures Amann assurent une finition robuste et durable. La capuche ajustable offre [&hellip;]<\/p>","protected":false},"featured_media":41305,"comment_status":"open","ping_status":"closed","template":"","meta":[],"product_cat":[630,812,604],"product_tag":[],"class_list":{"0":"post-41304","1":"product","2":"type-product","3":"status-publish","4":"has-post-thumbnail","6":"product_brand-helly-hansen","7":"product_cat-chandails","8":"product_cat-hoodies","9":"product_cat-vetements-de-travail","11":"first","12":"instock","13":"taxable","14":"shipping-taxable","15":"purchasable","16":"product-type-variable"},"yoast_head":"<!-- This site is optimized with the Yoast SEO plugin v25.3.1 - https:\/\/yoast.com\/wordpress\/plugins\/seo\/ -->\n<title>Hoodie Classic 2.0 Helly Hansen - 79403 Noir - Le Magasin Industriel<\/title>\n<meta name=\"description\" content=\"Hoodie Classic 2.0 Helly Hansen - 79403 Noir, chandail \u00e0 capuche avec logo Helly Hansen Workwear en composition de coton et de polyester.\" \/>\n<meta name=\"robots\" content=\"index, follow, max-snippet:-1, max-image-preview:large, max-video-preview:-1\" \/>\n<link rel=\"canonical\" href=\"https:\/\/autravail.ca\/en\/product\/hoodie-classic-2-0-helly-hansen-79403-noir\/\" \/>\n<meta property=\"og:locale\" content=\"en_US\" \/>\n<meta property=\"og:type\" content=\"article\" \/>\n<meta property=\"og:title\" content=\"Hoodie Classic 2.0 Helly Hansen - 79403 Noir - Le Magasin Industriel\" \/>\n<meta property=\"og:description\" content=\"Hoodie Classic 2.0 Helly Hansen - 79403 Noir, chandail \u00e0 capuche avec logo Helly Hansen Workwear en composition de coton et de polyester.\" \/>\n<meta property=\"og:url\" content=\"https:\/\/autravail.ca\/en\/product\/hoodie-classic-2-0-helly-hansen-79403-noir\/\" \/>\n<meta property=\"og:site_name\" content=\"Le Magasin Industriel\" \/>\n<meta property=\"article:publisher\" content=\"https:\/\/www.facebook.com\/lemagasinindustriel\/?locale=fr_FR\" \/>\n<meta property=\"article:modified_time\" content=\"2025-12-05T09:09:36+00:00\" \/>\n<meta property=\"og:image\" content=\"https:\/\/autravail.ca\/wp-content\/uploads\/2025\/11\/79403-Noir_A01.jpg\" \/>\n\t<meta property=\"og:image:width\" content=\"1000\" \/>\n\t<meta property=\"og:image:height\" content=\"1000\" \/>\n\t<meta property=\"og:image:type\" content=\"image\/jpeg\" \/>\n<meta name=\"twitter:card\" content=\"summary_large_image\" \/>\n<meta name=\"twitter:label1\" content=\"Est. reading time\" \/>\n\t<meta name=\"twitter:data1\" content=\"2 minutes\" \/>\n<script type=\"application\/ld+json\" class=\"yoast-schema-graph\">{\"@context\":\"https:\/\/schema.org\",\"@graph\":[{\"@type\":\"WebPage\",\"@id\":\"https:\/\/autravail.ca\/product\/hoodie-classic-2-0-helly-hansen-79403-noir\/\",\"url\":\"https:\/\/autravail.ca\/product\/hoodie-classic-2-0-helly-hansen-79403-noir\/\",\"name\":\"Hoodie Classic 2.0 Helly Hansen - 79403 Noir - Le Magasin Industriel\",\"isPartOf\":{\"@id\":\"https:\/\/autravail.ca\/#website\"},\"primaryImageOfPage\":{\"@id\":\"https:\/\/autravail.ca\/product\/hoodie-classic-2-0-helly-hansen-79403-noir\/#primaryimage\"},\"image\":{\"@id\":\"https:\/\/autravail.ca\/product\/hoodie-classic-2-0-helly-hansen-79403-noir\/#primaryimage\"},\"thumbnailUrl\":\"https:\/\/autravail.ca\/wp-content\/uploads\/2025\/11\/79403-Noir_A01.jpg\",\"datePublished\":\"2025-11-09T20:07:17+00:00\",\"dateModified\":\"2025-12-05T09:09:36+00:00\",\"description\":\"Hoodie Classic 2.0 Helly Hansen - 79403 Noir, chandail \u00e0 capuche avec logo Helly Hansen Workwear en composition de coton et de polyester.\",\"breadcrumb\":{\"@id\":\"https:\/\/autravail.ca\/product\/hoodie-classic-2-0-helly-hansen-79403-noir\/#breadcrumb\"},\"inLanguage\":\"en-CA\",\"potentialAction\":[{\"@type\":\"ReadAction\",\"target\":[\"https:\/\/autravail.ca\/product\/hoodie-classic-2-0-helly-hansen-79403-noir\/\"]}]},{\"@type\":\"ImageObject\",\"inLanguage\":\"en-CA\",\"@id\":\"https:\/\/autravail.ca\/product\/hoodie-classic-2-0-helly-hansen-79403-noir\/#primaryimage\",\"url\":\"https:\/\/autravail.ca\/wp-content\/uploads\/2025\/11\/79403-Noir_A01.jpg\",\"contentUrl\":\"https:\/\/autravail.ca\/wp-content\/uploads\/2025\/11\/79403-Noir_A01.jpg\",\"width\":1000,\"height\":1000,\"caption\":\"Hoodie Classic 2.0 Helly Hansen - 79403 Noir\"},{\"@type\":\"BreadcrumbList\",\"@id\":\"https:\/\/autravail.ca\/product\/hoodie-classic-2-0-helly-hansen-79403-noir\/#breadcrumb\",\"itemListElement\":[{\"@type\":\"ListItem\",\"position\":1,\"name\":\"Accueil\",\"item\":\"https:\/\/autravail.ca\/\"},{\"@type\":\"ListItem\",\"position\":2,\"name\":\"Magasin\",\"item\":\"https:\/\/autravail.ca\/en\/shop\/\"},{\"@type\":\"ListItem\",\"position\":3,\"name\":\"Hoodie Classic 2.0 Helly Hansen &#8211; 79403 Noir\"}]},{\"@type\":\"WebSite\",\"@id\":\"https:\/\/autravail.ca\/#website\",\"url\":\"https:\/\/autravail.ca\/\",\"name\":\"Le Magasin Industriel\",\"description\":\"50 ans de tradition de s\u00e9curit\u00e9 au travail\",\"publisher\":{\"@id\":\"https:\/\/autravail.ca\/#organization\"},\"potentialAction\":[{\"@type\":\"SearchAction\",\"target\":{\"@type\":\"EntryPoint\",\"urlTemplate\":\"https:\/\/autravail.ca\/?s={search_term_string}\"},\"query-input\":{\"@type\":\"PropertyValueSpecification\",\"valueRequired\":true,\"valueName\":\"search_term_string\"}}],\"inLanguage\":\"en-CA\"},{\"@type\":\"Organization\",\"@id\":\"https:\/\/autravail.ca\/#organization\",\"name\":\"Le Magasin Industriel\",\"url\":\"https:\/\/autravail.ca\/\",\"logo\":{\"@type\":\"ImageObject\",\"inLanguage\":\"en-CA\",\"@id\":\"https:\/\/autravail.ca\/#\/schema\/logo\/image\/\",\"url\":\"https:\/\/autravail.ca\/wp-content\/uploads\/2025\/05\/cropped-magasin_industriel_120x.avif\",\"contentUrl\":\"https:\/\/autravail.ca\/wp-content\/uploads\/2025\/05\/cropped-magasin_industriel_120x.avif\",\"width\":120,\"height\":24,\"caption\":\"Le Magasin Industriel\"},\"image\":{\"@id\":\"https:\/\/autravail.ca\/#\/schema\/logo\/image\/\"},\"sameAs\":[\"https:\/\/www.facebook.com\/lemagasinindustriel\/?locale=fr_FR\"]}]}<\/script>\n<!-- \/ Yoast SEO plugin. -->","yoast_head_json":{"title":"Hoodie Classic 2.0 Helly Hansen - 79403 Noir - Le Magasin Industriel","description":"Hoodie Classic 2.0 Helly Hansen - 79403 Noir, chandail \u00e0 capuche avec logo Helly Hansen Workwear en composition de coton et de polyester.","robots":{"index":"index","follow":"follow","max-snippet":"max-snippet:-1","max-image-preview":"max-image-preview:large","max-video-preview":"max-video-preview:-1"},"canonical":"https:\/\/autravail.ca\/en\/product\/hoodie-classic-2-0-helly-hansen-79403-noir\/","og_locale":"en_US","og_type":"article","og_title":"Hoodie Classic 2.0 Helly Hansen - 79403 Noir - Le Magasin Industriel","og_description":"Hoodie Classic 2.0 Helly Hansen - 79403 Noir, chandail \u00e0 capuche avec logo Helly Hansen Workwear en composition de coton et de polyester.","og_url":"https:\/\/autravail.ca\/en\/product\/hoodie-classic-2-0-helly-hansen-79403-noir\/","og_site_name":"Le Magasin Industriel","article_publisher":"https:\/\/www.facebook.com\/lemagasinindustriel\/?locale=fr_FR","article_modified_time":"2025-12-05T09:09:36+00:00","og_image":[{"width":1000,"height":1000,"url":"https:\/\/autravail.ca\/wp-content\/uploads\/2025\/11\/79403-Noir_A01.jpg","type":"image\/jpeg"}],"twitter_card":"summary_large_image","twitter_misc":{"Est. reading time":"2 minutes"},"schema":{"@context":"https:\/\/schema.org","@graph":[{"@type":"WebPage","@id":"https:\/\/autravail.ca\/product\/hoodie-classic-2-0-helly-hansen-79403-noir\/","url":"https:\/\/autravail.ca\/product\/hoodie-classic-2-0-helly-hansen-79403-noir\/","name":"Hoodie Classic 2.0 Helly Hansen - 79403 Noir - Le Magasin Industriel","isPartOf":{"@id":"https:\/\/autravail.ca\/#website"},"primaryImageOfPage":{"@id":"https:\/\/autravail.ca\/product\/hoodie-classic-2-0-helly-hansen-79403-noir\/#primaryimage"},"image":{"@id":"https:\/\/autravail.ca\/product\/hoodie-classic-2-0-helly-hansen-79403-noir\/#primaryimage"},"thumbnailUrl":"https:\/\/autravail.ca\/wp-content\/uploads\/2025\/11\/79403-Noir_A01.jpg","datePublished":"2025-11-09T20:07:17+00:00","dateModified":"2025-12-05T09:09:36+00:00","description":"Hoodie Classic 2.0 Helly Hansen - 79403 Noir, chandail \u00e0 capuche avec logo Helly Hansen Workwear en composition de coton et de polyester.","breadcrumb":{"@id":"https:\/\/autravail.ca\/product\/hoodie-classic-2-0-helly-hansen-79403-noir\/#breadcrumb"},"inLanguage":"en-CA","potentialAction":[{"@type":"ReadAction","target":["https:\/\/autravail.ca\/product\/hoodie-classic-2-0-helly-hansen-79403-noir\/"]}]},{"@type":"ImageObject","inLanguage":"en-CA","@id":"https:\/\/autravail.ca\/product\/hoodie-classic-2-0-helly-hansen-79403-noir\/#primaryimage","url":"https:\/\/autravail.ca\/wp-content\/uploads\/2025\/11\/79403-Noir_A01.jpg","contentUrl":"https:\/\/autravail.ca\/wp-content\/uploads\/2025\/11\/79403-Noir_A01.jpg","width":1000,"height":1000,"caption":"Hoodie Classic 2.0 Helly Hansen - 79403 Noir"},{"@type":"BreadcrumbList","@id":"https:\/\/autravail.ca\/product\/hoodie-classic-2-0-helly-hansen-79403-noir\/#breadcrumb","itemListElement":[{"@type":"ListItem","position":1,"name":"Accueil","item":"https:\/\/autravail.ca\/"},{"@type":"ListItem","position":2,"name":"Magasin","item":"https:\/\/autravail.ca\/en\/shop\/"},{"@type":"ListItem","position":3,"name":"Hoodie Classic 2.0 Helly Hansen &#8211; 79403 Noir"}]},{"@type":"WebSite","@id":"https:\/\/autravail.ca\/#website","url":"https:\/\/autravail.ca\/","name":"Le Magasin Industriel","description":"50 ans de tradition de s\u00e9curit\u00e9 au travail","publisher":{"@id":"https:\/\/autravail.ca\/#organization"},"potentialAction":[{"@type":"SearchAction","target":{"@type":"EntryPoint","urlTemplate":"https:\/\/autravail.ca\/?s={search_term_string}"},"query-input":{"@type":"PropertyValueSpecification","valueRequired":true,"valueName":"search_term_string"}}],"inLanguage":"en-CA"},{"@type":"Organization","@id":"https:\/\/autravail.ca\/#organization","name":"Le Magasin Industriel","url":"https:\/\/autravail.ca\/","logo":{"@type":"ImageObject","inLanguage":"en-CA","@id":"https:\/\/autravail.ca\/#\/schema\/logo\/image\/","url":"https:\/\/autravail.ca\/wp-content\/uploads\/2025\/05\/cropped-magasin_industriel_120x.avif","contentUrl":"https:\/\/autravail.ca\/wp-content\/uploads\/2025\/05\/cropped-magasin_industriel_120x.avif","width":120,"height":24,"caption":"Le Magasin Industriel"},"image":{"@id":"https:\/\/autravail.ca\/#\/schema\/logo\/image\/"},"sameAs":["https:\/\/www.facebook.com\/lemagasinindustriel\/?locale=fr_FR"]}]}},"jetpack_sharing_enabled":true,"_links":{"self":[{"href":"https:\/\/autravail.ca\/en\/wp-json\/wp\/v2\/product\/41304","targetHints":{"allow":["GET"]}}],"collection":[{"href":"https:\/\/autravail.ca\/en\/wp-json\/wp\/v2\/product"}],"about":[{"href":"https:\/\/autravail.ca\/en\/wp-json\/wp\/v2\/types\/product"}],"replies":[{"embeddable":true,"href":"https:\/\/autravail.ca\/en\/wp-json\/wp\/v2\/comments?post=41304"}],"wp:featuredmedia":[{"embeddable":true,"href":"https:\/\/autravail.ca\/en\/wp-json\/wp\/v2\/media\/41305"}],"wp:attachment":[{"href":"https:\/\/autravail.ca\/en\/wp-json\/wp\/v2\/media?parent=41304"}],"wp:term":[{"taxonomy":"product_cat","embeddable":true,"href":"https:\/\/autravail.ca\/en\/wp-json\/wp\/v2\/product_cat?post=41304"},{"taxonomy":"product_tag","embeddable":true,"href":"https:\/\/autravail.ca\/en\/wp-json\/wp\/v2\/product_tag?post=41304"}],"curies":[{"name":"wp","href":"https:\/\/api.w.org\/{rel}","templated":true}]}}