{"id":41075,"date":"2025-11-07T12:56:50","date_gmt":"2025-11-07T16:56:50","guid":{"rendered":"https:\/\/autravail.ca\/?post_type=product&#038;p=41075"},"modified":"2025-12-05T05:09:38","modified_gmt":"2025-12-05T09:09:38","slug":"botte-de-travail-6%e2%80%b3-timberland-boondock-a11ut","status":"publish","type":"product","link":"https:\/\/autravail.ca\/en\/product\/botte-de-travail-6%e2%80%b3-timberland-boondock-a11ut\/","title":{"rendered":"Botte de travail 6\u2033 Timberland Boondock &#8211; A11UT"},"content":{"rendered":"<h3>Botte de travail 6\u2033 Timberland Boondock &#8211; A11UT<\/h3>\n<p>Pour une protection de vos pieds au travail, <a href=\"https:\/\/autravail.ca\/en\/product-brand\/timberland-pro\/\">Timberland Pro<\/a> pr\u00e9sente sa populaire et traditionnelle botte de travail\u00a0<span class=\"BxUVEf ILfuVd\" lang=\"fr\"><span class=\"hgKElc\"><b>Botte de travail 6\u2033 Timberland Boondock &#8211; A11UT noire. <\/b>Ce mod\u00e8le propose une semelle de propret\u00e9 au confort unique avec la tecnologie antifatigue. La botte Timberland Pro Boondock est i<\/span><\/span>d\u00e9ale pour les travailleurs de la construction, les m\u00e9tiers industriels ou toute personne qui passe de longues heures debout dans des environnements difficiles. Ce botte propose une combinaison \u00e9quilibr\u00e9e de <strong>durabilit\u00e9<\/strong>, <strong>s\u00e9curit\u00e9<\/strong>, et <strong>confort<\/strong>.<\/p>\n<p>De nombreuses caract\u00e9ristiques font de la Boondock, une botte qui sort de l\u2019ordinaire. Une membrane hydrofuge pour r\u00e9sister aux infiltrations d\u2019eau, un cuir de premi\u00e8re qualit\u00e9 et un embout externe de caoutchouc sont des exemple des composantes qui contribuent \u00e0 la protection de vos pieds. Avec la Boondock, vous pouvez \u00e9galement compter sur une plaque et un embout de composite pour garder vos pieds en s\u00e9curit\u00e9.<\/p>\n<p><img decoding=\"async\" class=\"alignnone size-full wp-image-40117\" src=\"https:\/\/autravail.ca\/wp-content\/uploads\/2025\/09\/Certification-Omega-Triangle-vert.jpg\" sizes=\"(max-width: 193px) 100vw, 193px\" srcset=\"https:\/\/autravail.ca\/wp-content\/uploads\/2025\/09\/Certification-Omega-Triangle-vert.jpg 193w, https:\/\/autravail.ca\/wp-content\/uploads\/2025\/09\/Certification-Omega-Triangle-vert-150x85.jpg 150w, https:\/\/autravail.ca\/wp-content\/uploads\/2025\/09\/Certification-Omega-Triangle-vert-18x10.jpg 18w\" alt=\"Certifications Om\u00e9ga Triangle vert\" width=\"193\" height=\"110\" \/><\/p>\n<h4>Characteristics:<\/h4>\n<ul>\n<li class=\"ml-5\">Cuir imperm\u00e9able de premi\u00e8re qualit\u00e9 avec membrane imperm\u00e9able<\/li>\n<li class=\"ml-5\">Asymmetrical composite safety buckle<\/li>\n<li class=\"ml-5\">Protection contre les dangers \u00e9lectriques<\/li>\n<li class=\"ml-5\">Semelle d\u2019usure l\u00e9g\u00e8re toutes saisons en TPU r\u00e9sistant \u00e0 l\u2019abrasion<\/li>\n<li class=\"ml-5\">Cambrion en fibre de verre pour un soutien structurel<\/li>\n<li class=\"ml-5\">Plaque sans m\u00e9tal r\u00e9sistant \u00e0 la perforation<\/li>\n<li class=\"ml-5\">Assise plantaire en polyur\u00e9thane avec technologie antifatigue offrant amortissement des chocs et retour d\u2019\u00e9nergie<\/li>\n<li class=\"ml-5\">\u00c9l\u00e9ments m\u00e9talliques \u00e0 double usage favorisant un la\u00e7age personnalis\u00e9<\/li>\n<li class=\"ml-5\">Embout protecteur moul\u00e9 en caoutchouc Timberland PRO\u00ae<\/li>\n<li class=\"ml-5\">Embo\u00eetage du talon ext\u00e9rieur rigide favorisant la stabilit\u00e9 lat\u00e9rale<\/li>\n<li class=\"ml-5\">Doublure respirante \u00e9vacuant l\u2019humidit\u00e9 avec traitement antimicrobien contr\u00f4lant les odeurs<\/li>\n<li class=\"ml-5\">Fabrication combinant une tr\u00e9pointe cousue trois-quarts et un talon coll\u00e9<\/li>\n<li class=\"ml-5\">Semelle d\u2019usure en caoutchouc non marquant et adh\u00e9rent, qui r\u00e9siste \u00e0 la chaleur, \u00e0 l\u2019abrasion et \u00e0 l\u2019huile<\/li>\n<li class=\"ml-5\">Garantie confort 30 jours<\/li>\n<\/ul>\n<p><img decoding=\"async\" class=\"alignnone wp-image-40620\" src=\"https:\/\/autravail.ca\/wp-content\/uploads\/2025\/09\/Jachete-quebec-et-canada.jpg\" alt=\"Logo de l'achat local\" width=\"162\" height=\"139\" \/>Merci d&rsquo;encourager une entreprise 100% d&rsquo;ici!<\/p>","protected":false},"excerpt":{"rendered":"<p>Botte de travail 6\u2033 Timberland Boondock &#8211; A11UT Pour une protection de vos pieds au travail, Timberland Pro pr\u00e9sente sa populaire et traditionnelle botte de travail\u00a0Botte de travail 6\u2033 Timberland Boondock &#8211; A11UT noire. Ce mod\u00e8le propose une semelle de propret\u00e9 au confort unique avec la tecnologie antifatigue. La botte Timberland Pro Boondock est id\u00e9ale [&hellip;]<\/p>","protected":false},"featured_media":41089,"comment_status":"open","ping_status":"closed","template":"","meta":[],"product_cat":[621,807,811,602],"product_tag":[260,252,242,253],"class_list":{"0":"post-41075","1":"product","2":"type-product","3":"status-publish","4":"has-post-thumbnail","6":"product_brand-boondock","7":"product_brand-timberland-pro","8":"product_cat-bottes-de-travail-6","9":"product_cat-bottes-de-travail-6-homme","10":"product_cat-chaussures-de-securite","11":"product_cat-hommes","12":"product_tag-bottillons-de-travail","13":"product_tag-electric-shock-resistant","14":"product_tag-homme","15":"product_tag-sole-protection","17":"first","18":"instock","19":"taxable","20":"shipping-taxable","21":"purchasable","22":"product-type-variable"},"yoast_head":"<!-- This site is optimized with the Yoast SEO plugin v25.3.1 - https:\/\/yoast.com\/wordpress\/plugins\/seo\/ -->\n<title>Botte de travail 6\u2033 Timberland Boondock - A11UT - Le Magasin Industriel<\/title>\n<meta name=\"description\" content=\"Botte de travail 6\u2033 Timberland Boondock - A11UT de Timberland Pro. Empeigne en cuir brun avec membrane imperm\u00e9able et semelle confort antifatigue.\" \/>\n<meta name=\"robots\" content=\"index, follow, max-snippet:-1, max-image-preview:large, max-video-preview:-1\" \/>\n<link rel=\"canonical\" href=\"https:\/\/autravail.ca\/en\/product\/botte-de-travail-6\u2033-timberland-boondock-a11ut\/\" \/>\n<meta property=\"og:locale\" content=\"en_US\" \/>\n<meta property=\"og:type\" content=\"article\" \/>\n<meta property=\"og:title\" content=\"Botte de travail 6\u2033 Timberland Boondock - A11UT - Le Magasin Industriel\" \/>\n<meta property=\"og:description\" content=\"Botte de travail 6\u2033 Timberland Boondock - A11UT de Timberland Pro. Empeigne en cuir brun avec membrane imperm\u00e9able et semelle confort antifatigue.\" \/>\n<meta property=\"og:url\" content=\"https:\/\/autravail.ca\/en\/product\/botte-de-travail-6\u2033-timberland-boondock-a11ut\/\" \/>\n<meta property=\"og:site_name\" content=\"Le Magasin Industriel\" \/>\n<meta property=\"article:publisher\" content=\"https:\/\/www.facebook.com\/lemagasinindustriel\/?locale=fr_FR\" \/>\n<meta property=\"article:modified_time\" content=\"2025-12-05T09:09:38+00:00\" \/>\n<meta property=\"og:image\" content=\"https:\/\/autravail.ca\/wp-content\/uploads\/2025\/11\/A11UT-Boondock-6_A01.jpg\" \/>\n\t<meta property=\"og:image:width\" content=\"1000\" \/>\n\t<meta property=\"og:image:height\" content=\"1000\" \/>\n\t<meta property=\"og:image:type\" content=\"image\/jpeg\" \/>\n<meta name=\"twitter:card\" content=\"summary_large_image\" \/>\n<meta name=\"twitter:label1\" content=\"Est. reading time\" \/>\n\t<meta name=\"twitter:data1\" content=\"3 minutes\" \/>\n<script type=\"application\/ld+json\" class=\"yoast-schema-graph\">{\"@context\":\"https:\/\/schema.org\",\"@graph\":[{\"@type\":\"WebPage\",\"@id\":\"https:\/\/autravail.ca\/product\/botte-de-travail-6%e2%80%b3-timberland-boondock-a11ut\/\",\"url\":\"https:\/\/autravail.ca\/product\/botte-de-travail-6%e2%80%b3-timberland-boondock-a11ut\/\",\"name\":\"Botte de travail 6\u2033 Timberland Boondock - A11UT - Le Magasin Industriel\",\"isPartOf\":{\"@id\":\"https:\/\/autravail.ca\/#website\"},\"primaryImageOfPage\":{\"@id\":\"https:\/\/autravail.ca\/product\/botte-de-travail-6%e2%80%b3-timberland-boondock-a11ut\/#primaryimage\"},\"image\":{\"@id\":\"https:\/\/autravail.ca\/product\/botte-de-travail-6%e2%80%b3-timberland-boondock-a11ut\/#primaryimage\"},\"thumbnailUrl\":\"https:\/\/autravail.ca\/wp-content\/uploads\/2025\/11\/A11UT-Boondock-6_A01.jpg\",\"datePublished\":\"2025-11-07T16:56:50+00:00\",\"dateModified\":\"2025-12-05T09:09:38+00:00\",\"description\":\"Botte de travail 6\u2033 Timberland Boondock - A11UT de Timberland Pro. Empeigne en cuir brun avec membrane imperm\u00e9able et semelle confort antifatigue.\",\"breadcrumb\":{\"@id\":\"https:\/\/autravail.ca\/product\/botte-de-travail-6%e2%80%b3-timberland-boondock-a11ut\/#breadcrumb\"},\"inLanguage\":\"en-CA\",\"potentialAction\":[{\"@type\":\"ReadAction\",\"target\":[\"https:\/\/autravail.ca\/product\/botte-de-travail-6%e2%80%b3-timberland-boondock-a11ut\/\"]}]},{\"@type\":\"ImageObject\",\"inLanguage\":\"en-CA\",\"@id\":\"https:\/\/autravail.ca\/product\/botte-de-travail-6%e2%80%b3-timberland-boondock-a11ut\/#primaryimage\",\"url\":\"https:\/\/autravail.ca\/wp-content\/uploads\/2025\/11\/A11UT-Boondock-6_A01.jpg\",\"contentUrl\":\"https:\/\/autravail.ca\/wp-content\/uploads\/2025\/11\/A11UT-Boondock-6_A01.jpg\",\"width\":1000,\"height\":1000,\"caption\":\"Botte de travail 6\u2033 Timberland Boondock - A11UT\"},{\"@type\":\"BreadcrumbList\",\"@id\":\"https:\/\/autravail.ca\/product\/botte-de-travail-6%e2%80%b3-timberland-boondock-a11ut\/#breadcrumb\",\"itemListElement\":[{\"@type\":\"ListItem\",\"position\":1,\"name\":\"Accueil\",\"item\":\"https:\/\/autravail.ca\/\"},{\"@type\":\"ListItem\",\"position\":2,\"name\":\"Magasin\",\"item\":\"https:\/\/autravail.ca\/en\/shop\/\"},{\"@type\":\"ListItem\",\"position\":3,\"name\":\"Botte de travail 6\u2033 Timberland Boondock &#8211; A11UT\"}]},{\"@type\":\"WebSite\",\"@id\":\"https:\/\/autravail.ca\/#website\",\"url\":\"https:\/\/autravail.ca\/\",\"name\":\"Le Magasin Industriel\",\"description\":\"50 ans de tradition de s\u00e9curit\u00e9 au travail\",\"publisher\":{\"@id\":\"https:\/\/autravail.ca\/#organization\"},\"potentialAction\":[{\"@type\":\"SearchAction\",\"target\":{\"@type\":\"EntryPoint\",\"urlTemplate\":\"https:\/\/autravail.ca\/?s={search_term_string}\"},\"query-input\":{\"@type\":\"PropertyValueSpecification\",\"valueRequired\":true,\"valueName\":\"search_term_string\"}}],\"inLanguage\":\"en-CA\"},{\"@type\":\"Organization\",\"@id\":\"https:\/\/autravail.ca\/#organization\",\"name\":\"Le Magasin Industriel\",\"url\":\"https:\/\/autravail.ca\/\",\"logo\":{\"@type\":\"ImageObject\",\"inLanguage\":\"en-CA\",\"@id\":\"https:\/\/autravail.ca\/#\/schema\/logo\/image\/\",\"url\":\"https:\/\/autravail.ca\/wp-content\/uploads\/2025\/05\/cropped-magasin_industriel_120x.avif\",\"contentUrl\":\"https:\/\/autravail.ca\/wp-content\/uploads\/2025\/05\/cropped-magasin_industriel_120x.avif\",\"width\":120,\"height\":24,\"caption\":\"Le Magasin Industriel\"},\"image\":{\"@id\":\"https:\/\/autravail.ca\/#\/schema\/logo\/image\/\"},\"sameAs\":[\"https:\/\/www.facebook.com\/lemagasinindustriel\/?locale=fr_FR\"]}]}<\/script>\n<!-- \/ Yoast SEO plugin. -->","yoast_head_json":{"title":"Botte de travail 6\u2033 Timberland Boondock - A11UT - Le Magasin Industriel","description":"Botte de travail 6\u2033 Timberland Boondock - A11UT de Timberland Pro. Empeigne en cuir brun avec membrane imperm\u00e9able et semelle confort antifatigue.","robots":{"index":"index","follow":"follow","max-snippet":"max-snippet:-1","max-image-preview":"max-image-preview:large","max-video-preview":"max-video-preview:-1"},"canonical":"https:\/\/autravail.ca\/en\/product\/botte-de-travail-6\u2033-timberland-boondock-a11ut\/","og_locale":"en_US","og_type":"article","og_title":"Botte de travail 6\u2033 Timberland Boondock - A11UT - Le Magasin Industriel","og_description":"Botte de travail 6\u2033 Timberland Boondock - A11UT de Timberland Pro. Empeigne en cuir brun avec membrane imperm\u00e9able et semelle confort antifatigue.","og_url":"https:\/\/autravail.ca\/en\/product\/botte-de-travail-6\u2033-timberland-boondock-a11ut\/","og_site_name":"Le Magasin Industriel","article_publisher":"https:\/\/www.facebook.com\/lemagasinindustriel\/?locale=fr_FR","article_modified_time":"2025-12-05T09:09:38+00:00","og_image":[{"width":1000,"height":1000,"url":"https:\/\/autravail.ca\/wp-content\/uploads\/2025\/11\/A11UT-Boondock-6_A01.jpg","type":"image\/jpeg"}],"twitter_card":"summary_large_image","twitter_misc":{"Est. reading time":"3 minutes"},"schema":{"@context":"https:\/\/schema.org","@graph":[{"@type":"WebPage","@id":"https:\/\/autravail.ca\/product\/botte-de-travail-6%e2%80%b3-timberland-boondock-a11ut\/","url":"https:\/\/autravail.ca\/product\/botte-de-travail-6%e2%80%b3-timberland-boondock-a11ut\/","name":"Botte de travail 6\u2033 Timberland Boondock - A11UT - Le Magasin Industriel","isPartOf":{"@id":"https:\/\/autravail.ca\/#website"},"primaryImageOfPage":{"@id":"https:\/\/autravail.ca\/product\/botte-de-travail-6%e2%80%b3-timberland-boondock-a11ut\/#primaryimage"},"image":{"@id":"https:\/\/autravail.ca\/product\/botte-de-travail-6%e2%80%b3-timberland-boondock-a11ut\/#primaryimage"},"thumbnailUrl":"https:\/\/autravail.ca\/wp-content\/uploads\/2025\/11\/A11UT-Boondock-6_A01.jpg","datePublished":"2025-11-07T16:56:50+00:00","dateModified":"2025-12-05T09:09:38+00:00","description":"Botte de travail 6\u2033 Timberland Boondock - A11UT de Timberland Pro. Empeigne en cuir brun avec membrane imperm\u00e9able et semelle confort antifatigue.","breadcrumb":{"@id":"https:\/\/autravail.ca\/product\/botte-de-travail-6%e2%80%b3-timberland-boondock-a11ut\/#breadcrumb"},"inLanguage":"en-CA","potentialAction":[{"@type":"ReadAction","target":["https:\/\/autravail.ca\/product\/botte-de-travail-6%e2%80%b3-timberland-boondock-a11ut\/"]}]},{"@type":"ImageObject","inLanguage":"en-CA","@id":"https:\/\/autravail.ca\/product\/botte-de-travail-6%e2%80%b3-timberland-boondock-a11ut\/#primaryimage","url":"https:\/\/autravail.ca\/wp-content\/uploads\/2025\/11\/A11UT-Boondock-6_A01.jpg","contentUrl":"https:\/\/autravail.ca\/wp-content\/uploads\/2025\/11\/A11UT-Boondock-6_A01.jpg","width":1000,"height":1000,"caption":"Botte de travail 6\u2033 Timberland Boondock - A11UT"},{"@type":"BreadcrumbList","@id":"https:\/\/autravail.ca\/product\/botte-de-travail-6%e2%80%b3-timberland-boondock-a11ut\/#breadcrumb","itemListElement":[{"@type":"ListItem","position":1,"name":"Accueil","item":"https:\/\/autravail.ca\/"},{"@type":"ListItem","position":2,"name":"Magasin","item":"https:\/\/autravail.ca\/en\/shop\/"},{"@type":"ListItem","position":3,"name":"Botte de travail 6\u2033 Timberland Boondock &#8211; A11UT"}]},{"@type":"WebSite","@id":"https:\/\/autravail.ca\/#website","url":"https:\/\/autravail.ca\/","name":"Le Magasin Industriel","description":"50 ans de tradition de s\u00e9curit\u00e9 au travail","publisher":{"@id":"https:\/\/autravail.ca\/#organization"},"potentialAction":[{"@type":"SearchAction","target":{"@type":"EntryPoint","urlTemplate":"https:\/\/autravail.ca\/?s={search_term_string}"},"query-input":{"@type":"PropertyValueSpecification","valueRequired":true,"valueName":"search_term_string"}}],"inLanguage":"en-CA"},{"@type":"Organization","@id":"https:\/\/autravail.ca\/#organization","name":"Le Magasin Industriel","url":"https:\/\/autravail.ca\/","logo":{"@type":"ImageObject","inLanguage":"en-CA","@id":"https:\/\/autravail.ca\/#\/schema\/logo\/image\/","url":"https:\/\/autravail.ca\/wp-content\/uploads\/2025\/05\/cropped-magasin_industriel_120x.avif","contentUrl":"https:\/\/autravail.ca\/wp-content\/uploads\/2025\/05\/cropped-magasin_industriel_120x.avif","width":120,"height":24,"caption":"Le Magasin Industriel"},"image":{"@id":"https:\/\/autravail.ca\/#\/schema\/logo\/image\/"},"sameAs":["https:\/\/www.facebook.com\/lemagasinindustriel\/?locale=fr_FR"]}]}},"jetpack_sharing_enabled":true,"_links":{"self":[{"href":"https:\/\/autravail.ca\/en\/wp-json\/wp\/v2\/product\/41075","targetHints":{"allow":["GET"]}}],"collection":[{"href":"https:\/\/autravail.ca\/en\/wp-json\/wp\/v2\/product"}],"about":[{"href":"https:\/\/autravail.ca\/en\/wp-json\/wp\/v2\/types\/product"}],"replies":[{"embeddable":true,"href":"https:\/\/autravail.ca\/en\/wp-json\/wp\/v2\/comments?post=41075"}],"wp:featuredmedia":[{"embeddable":true,"href":"https:\/\/autravail.ca\/en\/wp-json\/wp\/v2\/media\/41089"}],"wp:attachment":[{"href":"https:\/\/autravail.ca\/en\/wp-json\/wp\/v2\/media?parent=41075"}],"wp:term":[{"taxonomy":"product_cat","embeddable":true,"href":"https:\/\/autravail.ca\/en\/wp-json\/wp\/v2\/product_cat?post=41075"},{"taxonomy":"product_tag","embeddable":true,"href":"https:\/\/autravail.ca\/en\/wp-json\/wp\/v2\/product_tag?post=41075"}],"curies":[{"name":"wp","href":"https:\/\/api.w.org\/{rel}","templated":true}]}}