{"id":40958,"date":"2025-11-05T14:26:09","date_gmt":"2025-11-05T18:26:09","guid":{"rendered":"https:\/\/autravail.ca\/?post_type=product&#038;p=40958"},"modified":"2026-01-29T12:50:17","modified_gmt":"2026-01-29T16:50:17","slug":"botte-western-durango-rebel-pro-drd0436","status":"publish","type":"product","link":"https:\/\/autravail.ca\/en\/product\/botte-western-durango-rebel-pro-drd0436\/","title":{"rendered":"Botte Western Durango Rebel Pro &#8211; DRD0436"},"content":{"rendered":"<h3>Botte Western Durango Rebel Pro &#8211; DRD0436<\/h3>\n<p>Les Botte Western <a href=\"https:\/\/autravail.ca\/en\/product-brand\/botte-western-durango\/\">Durango<\/a> Rebel Pro &#8211; DRD0436\u00a0 pour femmes mesurent 12 pouces et sont fabriqu\u00e9es en cuir pleine fleur patin\u00e9. Elles poss\u00e8dent une doublure en mesh doux et le syst\u00e8me Durango X-Pand pour un ajustement universel et un enfilage facile. Leur semelle int\u00e9rieure \u00e0 m\u00e9moire de forme assure un confort durable, compl\u00e9t\u00e9e par une couche EVA qui \u00e9pouse le pied. La construction Goodyear Welt garantit une grande r\u00e9sistance. Une semelle int\u00e9rieure \u00e0 deux couches et des tiges en fibre de verre offrent stabilit\u00e9 et soutien. La base de talon en ABS est l\u00e9g\u00e8re et robuste. La semelle ext\u00e9rieure en caoutchouc est antid\u00e9rapante, r\u00e9sistante \u00e0 l\u2019huile et \u00e0 l\u2019abrasion. Le talon basculant de 1&Prime; favorise une foul\u00e9e naturelle, et la cambrure est adapt\u00e9e aux \u00e9triers. Ces bottes allient style western et performance, id\u00e9ales pour les femmes actives. Affirmez votre style avec les Lady Rebel Pro d\u00e8s aujourd\u2019hui.<\/p>\n<p>*** ATTENTION: CE PRODUIT EST UNIQUEMENT DISPONIBLE SUR NOTRE SITE INTERNET ET SEULEMENT PARTIELLEMENT EN MAGASIN.<\/p>\n<h4>Characteristics:<\/h4>\n<ul>\n<li>Collection Durango Lady Rebel Pro<\/li>\n<li>Taille de la botte: 12 pouces<\/li>\n<li>Taille du talon: 1 pouce<\/li>\n<li>Cambrure adapt\u00e9e aux \u00e9triers<\/li>\n<li>Ouverture \u00e0 insertion rapide<\/li>\n<li>Empeigne de cuir pleine fleur avec motifs<\/li>\n<li>Doublure en mesh doux et le syst\u00e8me Durango X-Pand<\/li>\n<li>Semelle confort interne d&rsquo;EVA<\/li>\n<li>Semelle d&rsquo;usure externe en caoutchouc<\/li>\n<li>Bottes r\u00e9guli\u00e8res sans cap style Western<\/li>\n<\/ul>\n<p><img decoding=\"async\" class=\"alignnone wp-image-40620\" src=\"https:\/\/autravail.ca\/wp-content\/uploads\/2025\/09\/Jachete-quebec-et-canada.jpg\" alt=\"Logo de l'achat local\" width=\"162\" height=\"139\" \/>Merci d&rsquo;encourager une entreprise 100% d&rsquo;ici!<\/p>","protected":false},"excerpt":{"rendered":"<p>Botte Western Durango Rebel Pro &#8211; DRD0436 Les Botte Western Durango Rebel Pro &#8211; DRD0436\u00a0 pour femmes mesurent 12 pouces et sont fabriqu\u00e9es en cuir pleine fleur patin\u00e9. Elles poss\u00e8dent une doublure en mesh doux et le syst\u00e8me Durango X-Pand pour un ajustement universel et un enfilage facile. Leur semelle int\u00e9rieure \u00e0 m\u00e9moire de forme [&hellip;]<\/p>","protected":false},"featured_media":40980,"comment_status":"open","ping_status":"closed","template":"","meta":[],"product_cat":[817,820,633],"product_tag":[251,255,816],"class_list":{"0":"post-40958","1":"product","2":"type-product","3":"status-publish","4":"has-post-thumbnail","6":"product_brand-botte-western-durango","7":"product_cat-botte-western","8":"product_cat-bottes-western-regulieres-femme","9":"product_cat-femmes","10":"product_tag-bottes-de-travail","11":"product_tag-femme","12":"product_tag-western","14":"first","15":"instock","16":"taxable","17":"shipping-taxable","18":"purchasable","19":"product-type-variable"},"yoast_head":"<!-- This site is optimized with the Yoast SEO plugin v25.3.1 - https:\/\/yoast.com\/wordpress\/plugins\/seo\/ -->\n<title>Botte Western Durango Rebel Pro - DRD0436 - Le Magasin Industriel<\/title>\n<meta name=\"description\" content=\"Botte Western Durango Rebel Pro - DRD0436 pour femme en cuir pleine fleur avec int\u00e9rieur \u00e0 m\u00e9moire de forme pour plus de confort.\" \/>\n<meta name=\"robots\" content=\"index, follow, max-snippet:-1, max-image-preview:large, max-video-preview:-1\" \/>\n<link rel=\"canonical\" href=\"https:\/\/autravail.ca\/en\/product\/botte-western-durango-rebel-pro-drd0436\/\" \/>\n<meta property=\"og:locale\" content=\"en_US\" \/>\n<meta property=\"og:type\" content=\"article\" \/>\n<meta property=\"og:title\" content=\"Botte Western Durango Rebel Pro - DRD0436 - Le Magasin Industriel\" \/>\n<meta property=\"og:description\" content=\"Botte Western Durango Rebel Pro - DRD0436 pour femme en cuir pleine fleur avec int\u00e9rieur \u00e0 m\u00e9moire de forme pour plus de confort.\" \/>\n<meta property=\"og:url\" content=\"https:\/\/autravail.ca\/en\/product\/botte-western-durango-rebel-pro-drd0436\/\" \/>\n<meta property=\"og:site_name\" content=\"Le Magasin Industriel\" \/>\n<meta property=\"article:publisher\" content=\"https:\/\/www.facebook.com\/lemagasinindustriel\/?locale=fr_FR\" \/>\n<meta property=\"article:modified_time\" content=\"2026-01-29T16:50:17+00:00\" \/>\n<meta property=\"og:image\" content=\"https:\/\/autravail.ca\/wp-content\/uploads\/2025\/11\/Durango-DRD0436_A01.jpg\" \/>\n\t<meta property=\"og:image:width\" content=\"1000\" \/>\n\t<meta property=\"og:image:height\" content=\"1000\" \/>\n\t<meta property=\"og:image:type\" content=\"image\/jpeg\" \/>\n<meta name=\"twitter:card\" content=\"summary_large_image\" \/>\n<meta name=\"twitter:label1\" content=\"Est. reading time\" \/>\n\t<meta name=\"twitter:data1\" content=\"2 minutes\" \/>\n<script type=\"application\/ld+json\" class=\"yoast-schema-graph\">{\"@context\":\"https:\/\/schema.org\",\"@graph\":[{\"@type\":\"WebPage\",\"@id\":\"https:\/\/autravail.ca\/product\/botte-western-durango-rebel-pro-drd0436\/\",\"url\":\"https:\/\/autravail.ca\/product\/botte-western-durango-rebel-pro-drd0436\/\",\"name\":\"Botte Western Durango Rebel Pro - DRD0436 - Le Magasin Industriel\",\"isPartOf\":{\"@id\":\"https:\/\/autravail.ca\/#website\"},\"primaryImageOfPage\":{\"@id\":\"https:\/\/autravail.ca\/product\/botte-western-durango-rebel-pro-drd0436\/#primaryimage\"},\"image\":{\"@id\":\"https:\/\/autravail.ca\/product\/botte-western-durango-rebel-pro-drd0436\/#primaryimage\"},\"thumbnailUrl\":\"https:\/\/autravail.ca\/wp-content\/uploads\/2025\/11\/Durango-DRD0436_A01.jpg\",\"datePublished\":\"2025-11-05T18:26:09+00:00\",\"dateModified\":\"2026-01-29T16:50:17+00:00\",\"description\":\"Botte Western Durango Rebel Pro - DRD0436 pour femme en cuir pleine fleur avec int\u00e9rieur \u00e0 m\u00e9moire de forme pour plus de confort.\",\"breadcrumb\":{\"@id\":\"https:\/\/autravail.ca\/product\/botte-western-durango-rebel-pro-drd0436\/#breadcrumb\"},\"inLanguage\":\"en-CA\",\"potentialAction\":[{\"@type\":\"ReadAction\",\"target\":[\"https:\/\/autravail.ca\/product\/botte-western-durango-rebel-pro-drd0436\/\"]}]},{\"@type\":\"ImageObject\",\"inLanguage\":\"en-CA\",\"@id\":\"https:\/\/autravail.ca\/product\/botte-western-durango-rebel-pro-drd0436\/#primaryimage\",\"url\":\"https:\/\/autravail.ca\/wp-content\/uploads\/2025\/11\/Durango-DRD0436_A01.jpg\",\"contentUrl\":\"https:\/\/autravail.ca\/wp-content\/uploads\/2025\/11\/Durango-DRD0436_A01.jpg\",\"width\":1000,\"height\":1000,\"caption\":\"Botte Western Durango femme 12 pouces Rebel Pro DRD0436\"},{\"@type\":\"BreadcrumbList\",\"@id\":\"https:\/\/autravail.ca\/product\/botte-western-durango-rebel-pro-drd0436\/#breadcrumb\",\"itemListElement\":[{\"@type\":\"ListItem\",\"position\":1,\"name\":\"Accueil\",\"item\":\"https:\/\/autravail.ca\/\"},{\"@type\":\"ListItem\",\"position\":2,\"name\":\"Magasin\",\"item\":\"https:\/\/autravail.ca\/en\/shop\/\"},{\"@type\":\"ListItem\",\"position\":3,\"name\":\"Botte Western Durango Rebel Pro &#8211; DRD0436\"}]},{\"@type\":\"WebSite\",\"@id\":\"https:\/\/autravail.ca\/#website\",\"url\":\"https:\/\/autravail.ca\/\",\"name\":\"Le Magasin Industriel\",\"description\":\"50 ans de tradition de s\u00e9curit\u00e9 au travail\",\"publisher\":{\"@id\":\"https:\/\/autravail.ca\/#organization\"},\"potentialAction\":[{\"@type\":\"SearchAction\",\"target\":{\"@type\":\"EntryPoint\",\"urlTemplate\":\"https:\/\/autravail.ca\/?s={search_term_string}\"},\"query-input\":{\"@type\":\"PropertyValueSpecification\",\"valueRequired\":true,\"valueName\":\"search_term_string\"}}],\"inLanguage\":\"en-CA\"},{\"@type\":\"Organization\",\"@id\":\"https:\/\/autravail.ca\/#organization\",\"name\":\"Le Magasin Industriel\",\"url\":\"https:\/\/autravail.ca\/\",\"logo\":{\"@type\":\"ImageObject\",\"inLanguage\":\"en-CA\",\"@id\":\"https:\/\/autravail.ca\/#\/schema\/logo\/image\/\",\"url\":\"https:\/\/autravail.ca\/wp-content\/uploads\/2025\/05\/cropped-magasin_industriel_120x.avif\",\"contentUrl\":\"https:\/\/autravail.ca\/wp-content\/uploads\/2025\/05\/cropped-magasin_industriel_120x.avif\",\"width\":120,\"height\":24,\"caption\":\"Le Magasin Industriel\"},\"image\":{\"@id\":\"https:\/\/autravail.ca\/#\/schema\/logo\/image\/\"},\"sameAs\":[\"https:\/\/www.facebook.com\/lemagasinindustriel\/?locale=fr_FR\"]}]}<\/script>\n<!-- \/ Yoast SEO plugin. -->","yoast_head_json":{"title":"Botte Western Durango Rebel Pro - DRD0436 - Le Magasin Industriel","description":"Botte Western Durango Rebel Pro - DRD0436 pour femme en cuir pleine fleur avec int\u00e9rieur \u00e0 m\u00e9moire de forme pour plus de confort.","robots":{"index":"index","follow":"follow","max-snippet":"max-snippet:-1","max-image-preview":"max-image-preview:large","max-video-preview":"max-video-preview:-1"},"canonical":"https:\/\/autravail.ca\/en\/product\/botte-western-durango-rebel-pro-drd0436\/","og_locale":"en_US","og_type":"article","og_title":"Botte Western Durango Rebel Pro - DRD0436 - Le Magasin Industriel","og_description":"Botte Western Durango Rebel Pro - DRD0436 pour femme en cuir pleine fleur avec int\u00e9rieur \u00e0 m\u00e9moire de forme pour plus de confort.","og_url":"https:\/\/autravail.ca\/en\/product\/botte-western-durango-rebel-pro-drd0436\/","og_site_name":"Le Magasin Industriel","article_publisher":"https:\/\/www.facebook.com\/lemagasinindustriel\/?locale=fr_FR","article_modified_time":"2026-01-29T16:50:17+00:00","og_image":[{"width":1000,"height":1000,"url":"https:\/\/autravail.ca\/wp-content\/uploads\/2025\/11\/Durango-DRD0436_A01.jpg","type":"image\/jpeg"}],"twitter_card":"summary_large_image","twitter_misc":{"Est. reading time":"2 minutes"},"schema":{"@context":"https:\/\/schema.org","@graph":[{"@type":"WebPage","@id":"https:\/\/autravail.ca\/product\/botte-western-durango-rebel-pro-drd0436\/","url":"https:\/\/autravail.ca\/product\/botte-western-durango-rebel-pro-drd0436\/","name":"Botte Western Durango Rebel Pro - DRD0436 - Le Magasin Industriel","isPartOf":{"@id":"https:\/\/autravail.ca\/#website"},"primaryImageOfPage":{"@id":"https:\/\/autravail.ca\/product\/botte-western-durango-rebel-pro-drd0436\/#primaryimage"},"image":{"@id":"https:\/\/autravail.ca\/product\/botte-western-durango-rebel-pro-drd0436\/#primaryimage"},"thumbnailUrl":"https:\/\/autravail.ca\/wp-content\/uploads\/2025\/11\/Durango-DRD0436_A01.jpg","datePublished":"2025-11-05T18:26:09+00:00","dateModified":"2026-01-29T16:50:17+00:00","description":"Botte Western Durango Rebel Pro - DRD0436 pour femme en cuir pleine fleur avec int\u00e9rieur \u00e0 m\u00e9moire de forme pour plus de confort.","breadcrumb":{"@id":"https:\/\/autravail.ca\/product\/botte-western-durango-rebel-pro-drd0436\/#breadcrumb"},"inLanguage":"en-CA","potentialAction":[{"@type":"ReadAction","target":["https:\/\/autravail.ca\/product\/botte-western-durango-rebel-pro-drd0436\/"]}]},{"@type":"ImageObject","inLanguage":"en-CA","@id":"https:\/\/autravail.ca\/product\/botte-western-durango-rebel-pro-drd0436\/#primaryimage","url":"https:\/\/autravail.ca\/wp-content\/uploads\/2025\/11\/Durango-DRD0436_A01.jpg","contentUrl":"https:\/\/autravail.ca\/wp-content\/uploads\/2025\/11\/Durango-DRD0436_A01.jpg","width":1000,"height":1000,"caption":"Botte Western Durango femme 12 pouces Rebel Pro DRD0436"},{"@type":"BreadcrumbList","@id":"https:\/\/autravail.ca\/product\/botte-western-durango-rebel-pro-drd0436\/#breadcrumb","itemListElement":[{"@type":"ListItem","position":1,"name":"Accueil","item":"https:\/\/autravail.ca\/"},{"@type":"ListItem","position":2,"name":"Magasin","item":"https:\/\/autravail.ca\/en\/shop\/"},{"@type":"ListItem","position":3,"name":"Botte Western Durango Rebel Pro &#8211; DRD0436"}]},{"@type":"WebSite","@id":"https:\/\/autravail.ca\/#website","url":"https:\/\/autravail.ca\/","name":"Le Magasin Industriel","description":"50 ans de tradition de s\u00e9curit\u00e9 au travail","publisher":{"@id":"https:\/\/autravail.ca\/#organization"},"potentialAction":[{"@type":"SearchAction","target":{"@type":"EntryPoint","urlTemplate":"https:\/\/autravail.ca\/?s={search_term_string}"},"query-input":{"@type":"PropertyValueSpecification","valueRequired":true,"valueName":"search_term_string"}}],"inLanguage":"en-CA"},{"@type":"Organization","@id":"https:\/\/autravail.ca\/#organization","name":"Le Magasin Industriel","url":"https:\/\/autravail.ca\/","logo":{"@type":"ImageObject","inLanguage":"en-CA","@id":"https:\/\/autravail.ca\/#\/schema\/logo\/image\/","url":"https:\/\/autravail.ca\/wp-content\/uploads\/2025\/05\/cropped-magasin_industriel_120x.avif","contentUrl":"https:\/\/autravail.ca\/wp-content\/uploads\/2025\/05\/cropped-magasin_industriel_120x.avif","width":120,"height":24,"caption":"Le Magasin Industriel"},"image":{"@id":"https:\/\/autravail.ca\/#\/schema\/logo\/image\/"},"sameAs":["https:\/\/www.facebook.com\/lemagasinindustriel\/?locale=fr_FR"]}]}},"jetpack_sharing_enabled":true,"_links":{"self":[{"href":"https:\/\/autravail.ca\/en\/wp-json\/wp\/v2\/product\/40958","targetHints":{"allow":["GET"]}}],"collection":[{"href":"https:\/\/autravail.ca\/en\/wp-json\/wp\/v2\/product"}],"about":[{"href":"https:\/\/autravail.ca\/en\/wp-json\/wp\/v2\/types\/product"}],"replies":[{"embeddable":true,"href":"https:\/\/autravail.ca\/en\/wp-json\/wp\/v2\/comments?post=40958"}],"wp:featuredmedia":[{"embeddable":true,"href":"https:\/\/autravail.ca\/en\/wp-json\/wp\/v2\/media\/40980"}],"wp:attachment":[{"href":"https:\/\/autravail.ca\/en\/wp-json\/wp\/v2\/media?parent=40958"}],"wp:term":[{"taxonomy":"product_cat","embeddable":true,"href":"https:\/\/autravail.ca\/en\/wp-json\/wp\/v2\/product_cat?post=40958"},{"taxonomy":"product_tag","embeddable":true,"href":"https:\/\/autravail.ca\/en\/wp-json\/wp\/v2\/product_tag?post=40958"}],"curies":[{"name":"wp","href":"https:\/\/api.w.org\/{rel}","templated":true}]}}