{"id":40944,"date":"2025-11-05T12:26:37","date_gmt":"2025-11-05T16:26:37","guid":{"rendered":"https:\/\/autravail.ca\/?post_type=product&#038;p=40944"},"modified":"2025-12-05T05:09:38","modified_gmt":"2025-12-05T09:09:38","slug":"botte-de-travail-canada-west-csa-5289","status":"publish","type":"product","link":"https:\/\/autravail.ca\/en\/product\/botte-de-travail-canada-west-csa-5289\/","title":{"rendered":"Botte de travail Canada West CSA &#8211; 5289"},"content":{"rendered":"<h2>Botte de travail Canada West CSA &#8211; 5289<\/h2>\n<p>Les Botte de travail <a href=\"https:\/\/autravail.ca\/en\/product-brand\/Canada-west\/\">Canada West<\/a> CSA &#8211; 5289 sont fabriqu\u00e9es au Canada avec du cuir pleine fleur de qualit\u00e9 sup\u00e9rieure. Elles offrent une durabilit\u00e9 exceptionnelle pour les travailleurs exigeants et les amateurs de style robuste. Leur semelle Vibram r\u00e9sistante procure une excellente adh\u00e9rence sur diverses surfaces. Le montage Goodyear Welt assure une solidit\u00e9 et une long\u00e9vit\u00e9 accrues. La doublure int\u00e9rieure en cuir favorise le confort et la respirabilit\u00e9 toute la journ\u00e9e. Ces bottes sont con\u00e7ues pour un usage intensif en milieu professionnel ou ext\u00e9rieur. Le talon standard et l\u2019embout arrondi offrent un bon \u00e9quilibre et une allure classique. Elles conviennent parfaitement aux environnements industriels, agricoles ou urbains. Le mod\u00e8le 5289 allie fonctionnalit\u00e9, \u00e9l\u00e9gance et savoir-faire artisanal. Chaque paire refl\u00e8te l\u2019engagement de Canada West envers la qualit\u00e9 et la tradition. Ces bottes sont un choix fiable pour ceux qui recherchent confort, r\u00e9sistance et style intemporel.<\/p>\n<p><img decoding=\"async\" class=\"alignnone size-full wp-image-40117\" src=\"https:\/\/autravail.ca\/wp-content\/uploads\/2025\/09\/Certification-Omega-Triangle-vert.jpg\" sizes=\"(max-width: 193px) 100vw, 193px\" srcset=\"https:\/\/autravail.ca\/wp-content\/uploads\/2025\/09\/Certification-Omega-Triangle-vert.jpg 193w, https:\/\/autravail.ca\/wp-content\/uploads\/2025\/09\/Certification-Omega-Triangle-vert-150x85.jpg 150w, https:\/\/autravail.ca\/wp-content\/uploads\/2025\/09\/Certification-Omega-Triangle-vert-18x10.jpg 18w\" alt=\"Certifications Om\u00e9ga Triangle vert\" width=\"193\" height=\"110\" \/><\/p>\n<h4>Characteristics:<\/h4>\n<ul>\n<li>Design Western-style trucker boots <em>Cowboy boots<\/em> \u00a0\u00bb<\/li>\n<li>100% made in Canada<\/li>\n<li>Product CSA with cap and sole protection<\/li>\n<li>High quality product without laces<\/li>\n<li>Intermediate soles made of steel tested against perforation<\/li>\n<li>Fasten all leather items with patterns<\/li>\n<\/ul>\n<p><img decoding=\"async\" class=\"alignnone wp-image-40620\" src=\"https:\/\/autravail.ca\/wp-content\/uploads\/2025\/09\/Jachete-quebec-et-canada.jpg\" alt=\"Logo de l'achat local\" width=\"162\" height=\"139\" \/>Merci d&rsquo;encourager une entreprise 100% d&rsquo;ici!<\/p>","protected":false},"excerpt":{"rendered":"<p>Botte de travail Canada West CSA &#8211; 5289 Les Botte de travail Canada West CSA &#8211; 5289 sont fabriqu\u00e9es au Canada avec du cuir pleine fleur de qualit\u00e9 sup\u00e9rieure. Elles offrent une durabilit\u00e9 exceptionnelle pour les travailleurs exigeants et les amateurs de style robuste. Leur semelle Vibram r\u00e9sistante procure une excellente adh\u00e9rence sur diverses surfaces. [&hellip;]<\/p>","protected":false},"featured_media":40956,"comment_status":"open","ping_status":"closed","template":"","meta":[],"product_cat":[613,817,818],"product_tag":[251,263,242,253,816],"class_list":{"0":"post-40944","1":"product","2":"type-product","3":"status-publish","4":"has-post-thumbnail","6":"product_brand-canada-west","7":"product_cat-bottes-de-travail","8":"product_cat-botte-western","9":"product_cat-bottes-western-csa","10":"product_tag-bottes-de-travail","11":"product_tag-en-solde","12":"product_tag-homme","13":"product_tag-sole-protection","14":"product_tag-western","16":"first","17":"instock","18":"sale","19":"taxable","20":"shipping-taxable","21":"purchasable","22":"product-type-variable"},"yoast_head":"<!-- This site is optimized with the Yoast SEO plugin v25.3.1 - https:\/\/yoast.com\/wordpress\/plugins\/seo\/ -->\n<title>Botte de travail Canada West CSA - 5289 - Le Magasin Industriel<\/title>\n<meta name=\"description\" content=\"Botte de travail Canada West CSA - 5289 enti\u00e8rement fabriqu\u00e9es au Canada avec des composantes de premi\u00e8re qualit\u00e9 pour une meilleure durabilit\u00e9.\" \/>\n<meta name=\"robots\" content=\"index, follow, max-snippet:-1, max-image-preview:large, max-video-preview:-1\" \/>\n<link rel=\"canonical\" href=\"https:\/\/autravail.ca\/en\/product\/botte-de-travail-canada-west-csa-5289\/\" \/>\n<meta property=\"og:locale\" content=\"en_US\" \/>\n<meta property=\"og:type\" content=\"article\" \/>\n<meta property=\"og:title\" content=\"Botte de travail Canada West CSA - 5289 - Le Magasin Industriel\" \/>\n<meta property=\"og:description\" content=\"Botte de travail Canada West CSA - 5289 enti\u00e8rement fabriqu\u00e9es au Canada avec des composantes de premi\u00e8re qualit\u00e9 pour une meilleure durabilit\u00e9.\" \/>\n<meta property=\"og:url\" content=\"https:\/\/autravail.ca\/en\/product\/botte-de-travail-canada-west-csa-5289\/\" \/>\n<meta property=\"og:site_name\" content=\"Le Magasin Industriel\" \/>\n<meta property=\"article:publisher\" content=\"https:\/\/www.facebook.com\/lemagasinindustriel\/?locale=fr_FR\" \/>\n<meta property=\"article:modified_time\" content=\"2025-12-05T09:09:38+00:00\" \/>\n<meta property=\"og:image\" content=\"https:\/\/autravail.ca\/wp-content\/uploads\/2025\/11\/Canada-West-5289_A02.jpg\" \/>\n\t<meta property=\"og:image:width\" content=\"1000\" \/>\n\t<meta property=\"og:image:height\" content=\"1000\" \/>\n\t<meta property=\"og:image:type\" content=\"image\/jpeg\" \/>\n<meta name=\"twitter:card\" content=\"summary_large_image\" \/>\n<meta name=\"twitter:label1\" content=\"Est. reading time\" \/>\n\t<meta name=\"twitter:data1\" content=\"2 minutes\" \/>\n<script type=\"application\/ld+json\" class=\"yoast-schema-graph\">{\"@context\":\"https:\/\/schema.org\",\"@graph\":[{\"@type\":\"WebPage\",\"@id\":\"https:\/\/autravail.ca\/product\/botte-de-travail-canada-west-csa-5289\/\",\"url\":\"https:\/\/autravail.ca\/product\/botte-de-travail-canada-west-csa-5289\/\",\"name\":\"Botte de travail Canada West CSA - 5289 - Le Magasin Industriel\",\"isPartOf\":{\"@id\":\"https:\/\/autravail.ca\/#website\"},\"primaryImageOfPage\":{\"@id\":\"https:\/\/autravail.ca\/product\/botte-de-travail-canada-west-csa-5289\/#primaryimage\"},\"image\":{\"@id\":\"https:\/\/autravail.ca\/product\/botte-de-travail-canada-west-csa-5289\/#primaryimage\"},\"thumbnailUrl\":\"https:\/\/autravail.ca\/wp-content\/uploads\/2025\/11\/Canada-West-5289_A02.jpg\",\"datePublished\":\"2025-11-05T16:26:37+00:00\",\"dateModified\":\"2025-12-05T09:09:38+00:00\",\"description\":\"Botte de travail Canada West CSA - 5289 enti\u00e8rement fabriqu\u00e9es au Canada avec des composantes de premi\u00e8re qualit\u00e9 pour une meilleure durabilit\u00e9.\",\"breadcrumb\":{\"@id\":\"https:\/\/autravail.ca\/product\/botte-de-travail-canada-west-csa-5289\/#breadcrumb\"},\"inLanguage\":\"en-CA\",\"potentialAction\":[{\"@type\":\"ReadAction\",\"target\":[\"https:\/\/autravail.ca\/product\/botte-de-travail-canada-west-csa-5289\/\"]}]},{\"@type\":\"ImageObject\",\"inLanguage\":\"en-CA\",\"@id\":\"https:\/\/autravail.ca\/product\/botte-de-travail-canada-west-csa-5289\/#primaryimage\",\"url\":\"https:\/\/autravail.ca\/wp-content\/uploads\/2025\/11\/Canada-West-5289_A02.jpg\",\"contentUrl\":\"https:\/\/autravail.ca\/wp-content\/uploads\/2025\/11\/Canada-West-5289_A02.jpg\",\"width\":1000,\"height\":1000,\"caption\":\"Botte Canada West brun 5289 CSA\"},{\"@type\":\"BreadcrumbList\",\"@id\":\"https:\/\/autravail.ca\/product\/botte-de-travail-canada-west-csa-5289\/#breadcrumb\",\"itemListElement\":[{\"@type\":\"ListItem\",\"position\":1,\"name\":\"Accueil\",\"item\":\"https:\/\/autravail.ca\/\"},{\"@type\":\"ListItem\",\"position\":2,\"name\":\"Magasin\",\"item\":\"https:\/\/autravail.ca\/en\/shop\/\"},{\"@type\":\"ListItem\",\"position\":3,\"name\":\"Botte de travail Canada West CSA &#8211; 5289\"}]},{\"@type\":\"WebSite\",\"@id\":\"https:\/\/autravail.ca\/#website\",\"url\":\"https:\/\/autravail.ca\/\",\"name\":\"Le Magasin Industriel\",\"description\":\"50 ans de tradition de s\u00e9curit\u00e9 au travail\",\"publisher\":{\"@id\":\"https:\/\/autravail.ca\/#organization\"},\"potentialAction\":[{\"@type\":\"SearchAction\",\"target\":{\"@type\":\"EntryPoint\",\"urlTemplate\":\"https:\/\/autravail.ca\/?s={search_term_string}\"},\"query-input\":{\"@type\":\"PropertyValueSpecification\",\"valueRequired\":true,\"valueName\":\"search_term_string\"}}],\"inLanguage\":\"en-CA\"},{\"@type\":\"Organization\",\"@id\":\"https:\/\/autravail.ca\/#organization\",\"name\":\"Le Magasin Industriel\",\"url\":\"https:\/\/autravail.ca\/\",\"logo\":{\"@type\":\"ImageObject\",\"inLanguage\":\"en-CA\",\"@id\":\"https:\/\/autravail.ca\/#\/schema\/logo\/image\/\",\"url\":\"https:\/\/autravail.ca\/wp-content\/uploads\/2025\/05\/cropped-magasin_industriel_120x.avif\",\"contentUrl\":\"https:\/\/autravail.ca\/wp-content\/uploads\/2025\/05\/cropped-magasin_industriel_120x.avif\",\"width\":120,\"height\":24,\"caption\":\"Le Magasin Industriel\"},\"image\":{\"@id\":\"https:\/\/autravail.ca\/#\/schema\/logo\/image\/\"},\"sameAs\":[\"https:\/\/www.facebook.com\/lemagasinindustriel\/?locale=fr_FR\"]}]}<\/script>\n<!-- \/ Yoast SEO plugin. -->","yoast_head_json":{"title":"Botte de travail Canada West CSA - 5289 - Le Magasin Industriel","description":"Botte de travail Canada West CSA - 5289 enti\u00e8rement fabriqu\u00e9es au Canada avec des composantes de premi\u00e8re qualit\u00e9 pour une meilleure durabilit\u00e9.","robots":{"index":"index","follow":"follow","max-snippet":"max-snippet:-1","max-image-preview":"max-image-preview:large","max-video-preview":"max-video-preview:-1"},"canonical":"https:\/\/autravail.ca\/en\/product\/botte-de-travail-canada-west-csa-5289\/","og_locale":"en_US","og_type":"article","og_title":"Botte de travail Canada West CSA - 5289 - Le Magasin Industriel","og_description":"Botte de travail Canada West CSA - 5289 enti\u00e8rement fabriqu\u00e9es au Canada avec des composantes de premi\u00e8re qualit\u00e9 pour une meilleure durabilit\u00e9.","og_url":"https:\/\/autravail.ca\/en\/product\/botte-de-travail-canada-west-csa-5289\/","og_site_name":"Le Magasin Industriel","article_publisher":"https:\/\/www.facebook.com\/lemagasinindustriel\/?locale=fr_FR","article_modified_time":"2025-12-05T09:09:38+00:00","og_image":[{"width":1000,"height":1000,"url":"https:\/\/autravail.ca\/wp-content\/uploads\/2025\/11\/Canada-West-5289_A02.jpg","type":"image\/jpeg"}],"twitter_card":"summary_large_image","twitter_misc":{"Est. reading time":"2 minutes"},"schema":{"@context":"https:\/\/schema.org","@graph":[{"@type":"WebPage","@id":"https:\/\/autravail.ca\/product\/botte-de-travail-canada-west-csa-5289\/","url":"https:\/\/autravail.ca\/product\/botte-de-travail-canada-west-csa-5289\/","name":"Botte de travail Canada West CSA - 5289 - Le Magasin Industriel","isPartOf":{"@id":"https:\/\/autravail.ca\/#website"},"primaryImageOfPage":{"@id":"https:\/\/autravail.ca\/product\/botte-de-travail-canada-west-csa-5289\/#primaryimage"},"image":{"@id":"https:\/\/autravail.ca\/product\/botte-de-travail-canada-west-csa-5289\/#primaryimage"},"thumbnailUrl":"https:\/\/autravail.ca\/wp-content\/uploads\/2025\/11\/Canada-West-5289_A02.jpg","datePublished":"2025-11-05T16:26:37+00:00","dateModified":"2025-12-05T09:09:38+00:00","description":"Botte de travail Canada West CSA - 5289 enti\u00e8rement fabriqu\u00e9es au Canada avec des composantes de premi\u00e8re qualit\u00e9 pour une meilleure durabilit\u00e9.","breadcrumb":{"@id":"https:\/\/autravail.ca\/product\/botte-de-travail-canada-west-csa-5289\/#breadcrumb"},"inLanguage":"en-CA","potentialAction":[{"@type":"ReadAction","target":["https:\/\/autravail.ca\/product\/botte-de-travail-canada-west-csa-5289\/"]}]},{"@type":"ImageObject","inLanguage":"en-CA","@id":"https:\/\/autravail.ca\/product\/botte-de-travail-canada-west-csa-5289\/#primaryimage","url":"https:\/\/autravail.ca\/wp-content\/uploads\/2025\/11\/Canada-West-5289_A02.jpg","contentUrl":"https:\/\/autravail.ca\/wp-content\/uploads\/2025\/11\/Canada-West-5289_A02.jpg","width":1000,"height":1000,"caption":"Botte Canada West brun 5289 CSA"},{"@type":"BreadcrumbList","@id":"https:\/\/autravail.ca\/product\/botte-de-travail-canada-west-csa-5289\/#breadcrumb","itemListElement":[{"@type":"ListItem","position":1,"name":"Accueil","item":"https:\/\/autravail.ca\/"},{"@type":"ListItem","position":2,"name":"Magasin","item":"https:\/\/autravail.ca\/en\/shop\/"},{"@type":"ListItem","position":3,"name":"Botte de travail Canada West CSA &#8211; 5289"}]},{"@type":"WebSite","@id":"https:\/\/autravail.ca\/#website","url":"https:\/\/autravail.ca\/","name":"Le Magasin Industriel","description":"50 ans de tradition de s\u00e9curit\u00e9 au travail","publisher":{"@id":"https:\/\/autravail.ca\/#organization"},"potentialAction":[{"@type":"SearchAction","target":{"@type":"EntryPoint","urlTemplate":"https:\/\/autravail.ca\/?s={search_term_string}"},"query-input":{"@type":"PropertyValueSpecification","valueRequired":true,"valueName":"search_term_string"}}],"inLanguage":"en-CA"},{"@type":"Organization","@id":"https:\/\/autravail.ca\/#organization","name":"Le Magasin Industriel","url":"https:\/\/autravail.ca\/","logo":{"@type":"ImageObject","inLanguage":"en-CA","@id":"https:\/\/autravail.ca\/#\/schema\/logo\/image\/","url":"https:\/\/autravail.ca\/wp-content\/uploads\/2025\/05\/cropped-magasin_industriel_120x.avif","contentUrl":"https:\/\/autravail.ca\/wp-content\/uploads\/2025\/05\/cropped-magasin_industriel_120x.avif","width":120,"height":24,"caption":"Le Magasin Industriel"},"image":{"@id":"https:\/\/autravail.ca\/#\/schema\/logo\/image\/"},"sameAs":["https:\/\/www.facebook.com\/lemagasinindustriel\/?locale=fr_FR"]}]}},"jetpack_sharing_enabled":true,"_links":{"self":[{"href":"https:\/\/autravail.ca\/en\/wp-json\/wp\/v2\/product\/40944","targetHints":{"allow":["GET"]}}],"collection":[{"href":"https:\/\/autravail.ca\/en\/wp-json\/wp\/v2\/product"}],"about":[{"href":"https:\/\/autravail.ca\/en\/wp-json\/wp\/v2\/types\/product"}],"replies":[{"embeddable":true,"href":"https:\/\/autravail.ca\/en\/wp-json\/wp\/v2\/comments?post=40944"}],"wp:featuredmedia":[{"embeddable":true,"href":"https:\/\/autravail.ca\/en\/wp-json\/wp\/v2\/media\/40956"}],"wp:attachment":[{"href":"https:\/\/autravail.ca\/en\/wp-json\/wp\/v2\/media?parent=40944"}],"wp:term":[{"taxonomy":"product_cat","embeddable":true,"href":"https:\/\/autravail.ca\/en\/wp-json\/wp\/v2\/product_cat?post=40944"},{"taxonomy":"product_tag","embeddable":true,"href":"https:\/\/autravail.ca\/en\/wp-json\/wp\/v2\/product_tag?post=40944"}],"curies":[{"name":"wp","href":"https:\/\/api.w.org\/{rel}","templated":true}]}}