{"id":40916,"date":"2025-11-05T10:00:27","date_gmt":"2025-11-05T14:00:27","guid":{"rendered":"https:\/\/autravail.ca\/?post_type=product&#038;p=40916"},"modified":"2026-01-13T09:38:36","modified_gmt":"2026-01-13T13:38:36","slug":"botte-de-travail-durango-maverick-ddb0500","status":"publish","type":"product","link":"https:\/\/autravail.ca\/en\/product\/botte-de-travail-durango-maverick-ddb0500\/","title":{"rendered":"Botte de travail Durango Maverick &#8211; DDB0500"},"content":{"rendered":"<h3>Botte de travail Durango Maverick &#8211; DDB0500<\/h3>\n<p>Les bottes <a href=\"https:\/\/autravail.ca\/en\/product-brand\/botte-western-durango\/\">Durango<\/a> Maverick XP CSA sont con\u00e7ues pour les professionnels actifs qui recherchent confort, s\u00e9curit\u00e9 et durabilit\u00e9. Fabriqu\u00e9es en cuir pleine fleur, elles poss\u00e8dent une tige de 11 pouces et un talon de 38 mm. La Botte de travail Durango Maverick &#8211; DDB0500 propose un embout et une plaque antiperforation en acier conformes aux normes CSA ESR Om\u00e9ga. La semelle ext\u00e9rieure en caoutchouc multi-durom\u00e8tre r\u00e9siste \u00e0 l\u2019huile, \u00e0 la chaleur, au glissement et \u00e0 l\u2019abrasion, tout en restant souple par temps froid. La doublure respirante \u00e9vacue l\u2019humidit\u00e9 et garde les pieds au sec. Le syst\u00e8me de confort \u00e0 trois couches et cinq densit\u00e9s absorbe les chocs et soutient le pied toute la journ\u00e9e. Ces bottes allient style western et performance technique, id\u00e9ales pour les environnements de travail exigeants. La collection Maverick XP CSA offre une solution fiable pour affronter les t\u00e2ches les plus difficiles avec assurance et confort.<\/p>\n<p>&nbsp;<\/p>\n<p><img decoding=\"async\" class=\"alignnone size-full wp-image-40117\" src=\"https:\/\/autravail.ca\/wp-content\/uploads\/2025\/09\/Certification-Omega-Triangle-vert.jpg\" sizes=\"(max-width: 193px) 100vw, 193px\" srcset=\"https:\/\/autravail.ca\/wp-content\/uploads\/2025\/09\/Certification-Omega-Triangle-vert.jpg 193w, https:\/\/autravail.ca\/wp-content\/uploads\/2025\/09\/Certification-Omega-Triangle-vert-150x85.jpg 150w, https:\/\/autravail.ca\/wp-content\/uploads\/2025\/09\/Certification-Omega-Triangle-vert-18x10.jpg 18w\" alt=\"Certifications Om\u00e9ga Triangle vert\" width=\"193\" height=\"110\" \/><\/p>\n<h4>Characteristics:<\/h4>\n<ul>\n<li><span class=\"HwtZe\" lang=\"fr\"><span class=\"jCAhz ChMk0b\"><span class=\"ryNqvb\">Hauteur du talon de 38 mm <\/span><\/span><\/span><\/li>\n<li><span class=\"HwtZe\" lang=\"fr\"><span class=\"jCAhz ChMk0b\"><span class=\"ryNqvb\">Hauteur de la tige de 28 cm (11 pouces)<\/span><\/span><\/span><\/li>\n<li><span class=\"HwtZe\" lang=\"fr\"><span class=\"jCAhz ChMk0b\"><span class=\"ryNqvb\"> Semelle ext\u00e9rieure de Caoutchouc<\/span><\/span><\/span><\/li>\n<li>Semelle d&rsquo;usure multi-durom\u00e8tre qui conserve une flexibilit\u00e9 au froid<\/li>\n<li><span class=\"HwtZe\" lang=\"fr\"><span class=\"jCAhz ChMk0b\"><span class=\"ryNqvb\">Protection CSA Om\u00e9ga (ESR) <\/span><\/span><\/span><\/li>\n<li><span class=\"HwtZe\" lang=\"fr\"><span class=\"jCAhz ChMk0b\"><span class=\"ryNqvb\">Embout et semelle anti-perforationen acier<\/span><\/span><\/span><\/li>\n<li><span class=\"HwtZe\" lang=\"fr\"><span class=\"jCAhz ChMk0b\"><span class=\"ryNqvb\">R\u00e9sistance aux chocs \u00e9lectriques <\/span><\/span><\/span><\/li>\n<li><span class=\"HwtZe\" lang=\"fr\"><span class=\"jCAhz ChMk0b\"><span class=\"ryNqvb\">Cuir pleine fleur brun et motifs Western<\/span><\/span><\/span><\/li>\n<li>Motifs Western<\/li>\n<li><span class=\"HwtZe\" lang=\"fr\"><span class=\"jCAhz ChMk0b\"><span class=\"ryNqvb\">Semelle int\u00e9rieure en mousse m\u00e9moire <\/span><\/span><\/span><\/li>\n<li><span class=\"HwtZe\" lang=\"fr\"><span class=\"jCAhz ChMk0b\"><span class=\"ryNqvb\">Semelle ext\u00e9rieure en caoutchouc antid\u00e9rapante, r\u00e9sistante \u00e0 l&rsquo;huile et \u00e0 la chaleur<\/span><\/span><\/span><\/li>\n<li><span class=\"HwtZe\" lang=\"fr\"><span class=\"jCAhz ChMk0b\"><span class=\"ryNqvb\">Insertion sans lacet<\/span><\/span><\/span><\/li>\n<\/ul>\n<p><img decoding=\"async\" class=\"alignnone wp-image-40620\" src=\"https:\/\/autravail.ca\/wp-content\/uploads\/2025\/09\/Jachete-quebec-et-canada.jpg\" alt=\"Logo de l'achat local\" width=\"162\" height=\"139\" \/>Merci d&rsquo;encourager une entreprise 100% d&rsquo;ici!<\/p>","protected":false},"excerpt":{"rendered":"<p>Botte de travail Durango Maverick &#8211; DDB0500 Les bottes Durango Maverick XP CSA sont con\u00e7ues pour les professionnels actifs qui recherchent confort, s\u00e9curit\u00e9 et durabilit\u00e9. Fabriqu\u00e9es en cuir pleine fleur, elles poss\u00e8dent une tige de 11 pouces et un talon de 38 mm. La Botte de travail Durango Maverick &#8211; DDB0500 propose un embout et [&hellip;]<\/p>","protected":false},"featured_media":40932,"comment_status":"open","ping_status":"closed","template":"","meta":[],"product_cat":[613,805,817,818,602,637],"product_tag":[251,252,263,242,279,797,816],"class_list":{"0":"post-40916","1":"product","2":"type-product","3":"status-publish","4":"has-post-thumbnail","6":"product_brand-botte-western-durango","7":"product_cat-bottes-de-travail","8":"product_cat-bottes-de-travail-homme","9":"product_cat-botte-western","10":"product_cat-bottes-western-csa","11":"product_cat-hommes","12":"product_cat-nos-modeles-populaires","13":"product_tag-bottes-de-travail","14":"product_tag-electric-shock-resistant","15":"product_tag-en-solde","16":"product_tag-homme","17":"product_tag-membrane","18":"product_tag-wellington","19":"product_tag-western","21":"first","22":"instock","23":"taxable","24":"shipping-taxable","25":"purchasable","26":"product-type-variable"},"yoast_head":"<!-- This site is optimized with the Yoast SEO plugin v25.3.1 - https:\/\/yoast.com\/wordpress\/plugins\/seo\/ -->\n<title>Botte de travail Durango Maverick - DDB0500 - Le Magasin Industriel<\/title>\n<meta name=\"description\" content=\"Botte de travail Durango Maverick - DDB0500 certifi\u00e9e CSA ESR Om\u00e9ga de style Western avec empeigne tout cuir et semelle de caoutchouc.\" \/>\n<meta name=\"robots\" content=\"index, follow, max-snippet:-1, max-image-preview:large, max-video-preview:-1\" \/>\n<link rel=\"canonical\" href=\"https:\/\/autravail.ca\/en\/product\/botte-de-travail-durango-maverick-ddb0500\/\" \/>\n<meta property=\"og:locale\" content=\"en_US\" \/>\n<meta property=\"og:type\" content=\"article\" \/>\n<meta property=\"og:title\" content=\"Botte de travail Durango Maverick - DDB0500 - Le Magasin Industriel\" \/>\n<meta property=\"og:description\" content=\"Botte de travail Durango Maverick - DDB0500 certifi\u00e9e CSA ESR Om\u00e9ga de style Western avec empeigne tout cuir et semelle de caoutchouc.\" \/>\n<meta property=\"og:url\" content=\"https:\/\/autravail.ca\/en\/product\/botte-de-travail-durango-maverick-ddb0500\/\" \/>\n<meta property=\"og:site_name\" content=\"Le Magasin Industriel\" \/>\n<meta property=\"article:publisher\" content=\"https:\/\/www.facebook.com\/lemagasinindustriel\/?locale=fr_FR\" \/>\n<meta property=\"article:modified_time\" content=\"2026-01-13T13:38:36+00:00\" \/>\n<meta property=\"og:image\" content=\"https:\/\/autravail.ca\/wp-content\/uploads\/2025\/11\/Durango-DDB0500_A01.jpg\" \/>\n\t<meta property=\"og:image:width\" content=\"1000\" \/>\n\t<meta property=\"og:image:height\" content=\"1000\" \/>\n\t<meta property=\"og:image:type\" content=\"image\/jpeg\" \/>\n<meta name=\"twitter:card\" content=\"summary_large_image\" \/>\n<meta name=\"twitter:label1\" content=\"Est. reading time\" \/>\n\t<meta name=\"twitter:data1\" content=\"2 minutes\" \/>\n<script type=\"application\/ld+json\" class=\"yoast-schema-graph\">{\"@context\":\"https:\/\/schema.org\",\"@graph\":[{\"@type\":\"WebPage\",\"@id\":\"https:\/\/autravail.ca\/product\/botte-de-travail-durango-maverick-ddb0500\/\",\"url\":\"https:\/\/autravail.ca\/product\/botte-de-travail-durango-maverick-ddb0500\/\",\"name\":\"Botte de travail Durango Maverick - DDB0500 - Le Magasin Industriel\",\"isPartOf\":{\"@id\":\"https:\/\/autravail.ca\/#website\"},\"primaryImageOfPage\":{\"@id\":\"https:\/\/autravail.ca\/product\/botte-de-travail-durango-maverick-ddb0500\/#primaryimage\"},\"image\":{\"@id\":\"https:\/\/autravail.ca\/product\/botte-de-travail-durango-maverick-ddb0500\/#primaryimage\"},\"thumbnailUrl\":\"https:\/\/autravail.ca\/wp-content\/uploads\/2025\/11\/Durango-DDB0500_A01.jpg\",\"datePublished\":\"2025-11-05T14:00:27+00:00\",\"dateModified\":\"2026-01-13T13:38:36+00:00\",\"description\":\"Botte de travail Durango Maverick - DDB0500 certifi\u00e9e CSA ESR Om\u00e9ga de style Western avec empeigne tout cuir et semelle de caoutchouc.\",\"breadcrumb\":{\"@id\":\"https:\/\/autravail.ca\/product\/botte-de-travail-durango-maverick-ddb0500\/#breadcrumb\"},\"inLanguage\":\"en-CA\",\"potentialAction\":[{\"@type\":\"ReadAction\",\"target\":[\"https:\/\/autravail.ca\/product\/botte-de-travail-durango-maverick-ddb0500\/\"]}]},{\"@type\":\"ImageObject\",\"inLanguage\":\"en-CA\",\"@id\":\"https:\/\/autravail.ca\/product\/botte-de-travail-durango-maverick-ddb0500\/#primaryimage\",\"url\":\"https:\/\/autravail.ca\/wp-content\/uploads\/2025\/11\/Durango-DDB0500_A01.jpg\",\"contentUrl\":\"https:\/\/autravail.ca\/wp-content\/uploads\/2025\/11\/Durango-DDB0500_A01.jpg\",\"width\":1000,\"height\":1000,\"caption\":\"Botte de travail CSA Durango DDB0500\"},{\"@type\":\"BreadcrumbList\",\"@id\":\"https:\/\/autravail.ca\/product\/botte-de-travail-durango-maverick-ddb0500\/#breadcrumb\",\"itemListElement\":[{\"@type\":\"ListItem\",\"position\":1,\"name\":\"Accueil\",\"item\":\"https:\/\/autravail.ca\/\"},{\"@type\":\"ListItem\",\"position\":2,\"name\":\"Magasin\",\"item\":\"https:\/\/autravail.ca\/en\/shop\/\"},{\"@type\":\"ListItem\",\"position\":3,\"name\":\"Botte de travail Durango Maverick &#8211; DDB0500\"}]},{\"@type\":\"WebSite\",\"@id\":\"https:\/\/autravail.ca\/#website\",\"url\":\"https:\/\/autravail.ca\/\",\"name\":\"Le Magasin Industriel\",\"description\":\"50 ans de tradition de s\u00e9curit\u00e9 au travail\",\"publisher\":{\"@id\":\"https:\/\/autravail.ca\/#organization\"},\"potentialAction\":[{\"@type\":\"SearchAction\",\"target\":{\"@type\":\"EntryPoint\",\"urlTemplate\":\"https:\/\/autravail.ca\/?s={search_term_string}\"},\"query-input\":{\"@type\":\"PropertyValueSpecification\",\"valueRequired\":true,\"valueName\":\"search_term_string\"}}],\"inLanguage\":\"en-CA\"},{\"@type\":\"Organization\",\"@id\":\"https:\/\/autravail.ca\/#organization\",\"name\":\"Le Magasin Industriel\",\"url\":\"https:\/\/autravail.ca\/\",\"logo\":{\"@type\":\"ImageObject\",\"inLanguage\":\"en-CA\",\"@id\":\"https:\/\/autravail.ca\/#\/schema\/logo\/image\/\",\"url\":\"https:\/\/autravail.ca\/wp-content\/uploads\/2025\/05\/cropped-magasin_industriel_120x.avif\",\"contentUrl\":\"https:\/\/autravail.ca\/wp-content\/uploads\/2025\/05\/cropped-magasin_industriel_120x.avif\",\"width\":120,\"height\":24,\"caption\":\"Le Magasin Industriel\"},\"image\":{\"@id\":\"https:\/\/autravail.ca\/#\/schema\/logo\/image\/\"},\"sameAs\":[\"https:\/\/www.facebook.com\/lemagasinindustriel\/?locale=fr_FR\"]}]}<\/script>\n<!-- \/ Yoast SEO plugin. -->","yoast_head_json":{"title":"Botte de travail Durango Maverick - DDB0500 - Le Magasin Industriel","description":"Botte de travail Durango Maverick - DDB0500 certifi\u00e9e CSA ESR Om\u00e9ga de style Western avec empeigne tout cuir et semelle de caoutchouc.","robots":{"index":"index","follow":"follow","max-snippet":"max-snippet:-1","max-image-preview":"max-image-preview:large","max-video-preview":"max-video-preview:-1"},"canonical":"https:\/\/autravail.ca\/en\/product\/botte-de-travail-durango-maverick-ddb0500\/","og_locale":"en_US","og_type":"article","og_title":"Botte de travail Durango Maverick - DDB0500 - Le Magasin Industriel","og_description":"Botte de travail Durango Maverick - DDB0500 certifi\u00e9e CSA ESR Om\u00e9ga de style Western avec empeigne tout cuir et semelle de caoutchouc.","og_url":"https:\/\/autravail.ca\/en\/product\/botte-de-travail-durango-maverick-ddb0500\/","og_site_name":"Le Magasin Industriel","article_publisher":"https:\/\/www.facebook.com\/lemagasinindustriel\/?locale=fr_FR","article_modified_time":"2026-01-13T13:38:36+00:00","og_image":[{"width":1000,"height":1000,"url":"https:\/\/autravail.ca\/wp-content\/uploads\/2025\/11\/Durango-DDB0500_A01.jpg","type":"image\/jpeg"}],"twitter_card":"summary_large_image","twitter_misc":{"Est. reading time":"2 minutes"},"schema":{"@context":"https:\/\/schema.org","@graph":[{"@type":"WebPage","@id":"https:\/\/autravail.ca\/product\/botte-de-travail-durango-maverick-ddb0500\/","url":"https:\/\/autravail.ca\/product\/botte-de-travail-durango-maverick-ddb0500\/","name":"Botte de travail Durango Maverick - DDB0500 - Le Magasin Industriel","isPartOf":{"@id":"https:\/\/autravail.ca\/#website"},"primaryImageOfPage":{"@id":"https:\/\/autravail.ca\/product\/botte-de-travail-durango-maverick-ddb0500\/#primaryimage"},"image":{"@id":"https:\/\/autravail.ca\/product\/botte-de-travail-durango-maverick-ddb0500\/#primaryimage"},"thumbnailUrl":"https:\/\/autravail.ca\/wp-content\/uploads\/2025\/11\/Durango-DDB0500_A01.jpg","datePublished":"2025-11-05T14:00:27+00:00","dateModified":"2026-01-13T13:38:36+00:00","description":"Botte de travail Durango Maverick - DDB0500 certifi\u00e9e CSA ESR Om\u00e9ga de style Western avec empeigne tout cuir et semelle de caoutchouc.","breadcrumb":{"@id":"https:\/\/autravail.ca\/product\/botte-de-travail-durango-maverick-ddb0500\/#breadcrumb"},"inLanguage":"en-CA","potentialAction":[{"@type":"ReadAction","target":["https:\/\/autravail.ca\/product\/botte-de-travail-durango-maverick-ddb0500\/"]}]},{"@type":"ImageObject","inLanguage":"en-CA","@id":"https:\/\/autravail.ca\/product\/botte-de-travail-durango-maverick-ddb0500\/#primaryimage","url":"https:\/\/autravail.ca\/wp-content\/uploads\/2025\/11\/Durango-DDB0500_A01.jpg","contentUrl":"https:\/\/autravail.ca\/wp-content\/uploads\/2025\/11\/Durango-DDB0500_A01.jpg","width":1000,"height":1000,"caption":"Botte de travail CSA Durango DDB0500"},{"@type":"BreadcrumbList","@id":"https:\/\/autravail.ca\/product\/botte-de-travail-durango-maverick-ddb0500\/#breadcrumb","itemListElement":[{"@type":"ListItem","position":1,"name":"Accueil","item":"https:\/\/autravail.ca\/"},{"@type":"ListItem","position":2,"name":"Magasin","item":"https:\/\/autravail.ca\/en\/shop\/"},{"@type":"ListItem","position":3,"name":"Botte de travail Durango Maverick &#8211; DDB0500"}]},{"@type":"WebSite","@id":"https:\/\/autravail.ca\/#website","url":"https:\/\/autravail.ca\/","name":"Le Magasin Industriel","description":"50 ans de tradition de s\u00e9curit\u00e9 au travail","publisher":{"@id":"https:\/\/autravail.ca\/#organization"},"potentialAction":[{"@type":"SearchAction","target":{"@type":"EntryPoint","urlTemplate":"https:\/\/autravail.ca\/?s={search_term_string}"},"query-input":{"@type":"PropertyValueSpecification","valueRequired":true,"valueName":"search_term_string"}}],"inLanguage":"en-CA"},{"@type":"Organization","@id":"https:\/\/autravail.ca\/#organization","name":"Le Magasin Industriel","url":"https:\/\/autravail.ca\/","logo":{"@type":"ImageObject","inLanguage":"en-CA","@id":"https:\/\/autravail.ca\/#\/schema\/logo\/image\/","url":"https:\/\/autravail.ca\/wp-content\/uploads\/2025\/05\/cropped-magasin_industriel_120x.avif","contentUrl":"https:\/\/autravail.ca\/wp-content\/uploads\/2025\/05\/cropped-magasin_industriel_120x.avif","width":120,"height":24,"caption":"Le Magasin Industriel"},"image":{"@id":"https:\/\/autravail.ca\/#\/schema\/logo\/image\/"},"sameAs":["https:\/\/www.facebook.com\/lemagasinindustriel\/?locale=fr_FR"]}]}},"jetpack_sharing_enabled":true,"_links":{"self":[{"href":"https:\/\/autravail.ca\/en\/wp-json\/wp\/v2\/product\/40916","targetHints":{"allow":["GET"]}}],"collection":[{"href":"https:\/\/autravail.ca\/en\/wp-json\/wp\/v2\/product"}],"about":[{"href":"https:\/\/autravail.ca\/en\/wp-json\/wp\/v2\/types\/product"}],"replies":[{"embeddable":true,"href":"https:\/\/autravail.ca\/en\/wp-json\/wp\/v2\/comments?post=40916"}],"wp:featuredmedia":[{"embeddable":true,"href":"https:\/\/autravail.ca\/en\/wp-json\/wp\/v2\/media\/40932"}],"wp:attachment":[{"href":"https:\/\/autravail.ca\/en\/wp-json\/wp\/v2\/media?parent=40916"}],"wp:term":[{"taxonomy":"product_cat","embeddable":true,"href":"https:\/\/autravail.ca\/en\/wp-json\/wp\/v2\/product_cat?post=40916"},{"taxonomy":"product_tag","embeddable":true,"href":"https:\/\/autravail.ca\/en\/wp-json\/wp\/v2\/product_tag?post=40916"}],"curies":[{"name":"wp","href":"https:\/\/api.w.org\/{rel}","templated":true}]}}