{"id":40807,"date":"2025-10-31T11:37:51","date_gmt":"2025-10-31T15:37:51","guid":{"rendered":"https:\/\/autravail.ca\/?post_type=product&#038;p=40807"},"modified":"2025-12-05T05:09:39","modified_gmt":"2025-12-05T09:09:39","slug":"pistolet-applicateur-tuff-toe-50mlgun","status":"publish","type":"product","link":"https:\/\/autravail.ca\/en\/product\/pistolet-applicateur-tuff-toe-50mlgun\/","title":{"rendered":"Pistolet applicateur Tuff Toe &#8211; 50MLGUN"},"content":{"rendered":"<h3>Pistolet applicateur Tuff Toe &#8211; 50MLGUN<\/h3>\n<p>Pistolet applicateur <a href=\"https:\/\/autravail.ca\/en\/product-brand\/tuff-toe\/\">Tuff Toe \u00a0&#8211; 50MLGUN<\/a>\u00a0sers \u00e0 appliquer la colle imperm\u00e9abilisante de protection. \u00c0 utiliser avec la <a href=\"https:\/\/autravail.ca\/en\/product\/colle-impermeable-pour-reparation-de-chaussures\/\">colle<\/a>.<\/p>\n<ul>\n<li><b>Forme et Fonction :<\/b> Tuff Toe est d\u00e9crit comme un <b>trempage \u00e9pais en \u00e9poxy\/polyur\u00e9thane en 2 parties<\/b> qui durcit pour former une <b>couche protectrice durable mais flexible<\/b> et <b>r\u00e9pare les trous<\/b>.<\/li>\n<li><b>Contenu du Kit :<\/b> Un <b>applicateur Tuff Toe est inclus<\/b>.<\/li>\n<li><b>Polyvalence d&rsquo;Adh\u00e9rence :<\/b> Une <b>bonne pr\u00e9paration de surface<\/b> est cruciale pour que le produit adh\u00e8re au cuir, \u00e0 l&rsquo;acier, au caoutchouc, au vinyle, au tissu, \u00e0 la toile, au li\u00e8ge, au bois, etc.<\/li>\n<li><b>Utilisation Sportive (Nouvel Accent) :<\/b> Le produit a \u00e9t\u00e9 initialement con\u00e7u pour les <b>lanceurs de softball et de baseball<\/b> afin de prot\u00e9ger leurs crampons. Il est utilis\u00e9 par des \u00e9quipes dans la <b>Ligue majeure de baseball<\/b> et \u00e0 la <b>Little League World Series<\/b>.<\/li>\n<li><b>Extension aux Chaussures de Sport :<\/b> En plus des bottes, il est efficace pour les <b>crampons de football, de crosse et de piste<\/b>, ainsi que pour les chaussures de sport g\u00e9n\u00e9ral (tennis, golf, basket-ball, etc.).<\/li>\n<li><b>R\u00e9paration Compl\u00e9mentaire :<\/b> Il est r\u00e9affirm\u00e9 qu&rsquo;il peut \u00eatre utilis\u00e9 pour <b>r\u00e9parer les semelles et les talons<\/b> et qu&rsquo;il <b>ne marque pas<\/b> (ne laisse pas de traces).<\/li>\n<li><b>Utilisateurs Cibl\u00e9s: <\/b>Pompiers, soudeurs, \u00e9lectriciens, plombiers, couvreurs, ma\u00e7ons, m\u00e9caniciens, et tous ceux travaillant dans des conditions difficiles.<\/li>\n<li><img decoding=\"async\" class=\"alignnone wp-image-40620\" src=\"https:\/\/autravail.ca\/wp-content\/uploads\/2025\/09\/Jachete-quebec-et-canada.jpg\" alt=\"Logo de l'achat local\" width=\"162\" height=\"139\" \/>Merci d&rsquo;encourager une entreprise 100% d&rsquo;ici!<\/li>\n<\/ul>","protected":false},"excerpt":{"rendered":"<p>Pistolet applicateur Tuff Toe &#8211; 50MLGUN Pistolet applicateur Tuff Toe \u00a0&#8211; 50MLGUN\u00a0sers \u00e0 appliquer la colle imperm\u00e9abilisante de protection. \u00c0 utiliser avec la colle. Forme et Fonction : Tuff Toe est d\u00e9crit comme un trempage \u00e9pais en \u00e9poxy\/polyur\u00e9thane en 2 parties qui durcit pour former une couche protectrice durable mais flexible et r\u00e9pare les trous. [&hellip;]<\/p>","protected":false},"featured_media":40808,"comment_status":"open","ping_status":"closed","template":"","meta":[],"product_cat":[15],"product_tag":[],"class_list":{"0":"post-40807","1":"product","2":"type-product","3":"status-publish","4":"has-post-thumbnail","6":"product_brand-tuff-toe","7":"product_cat-uncategorized","9":"first","10":"instock","11":"taxable","12":"shipping-taxable","13":"purchasable","14":"product-type-variable"},"yoast_head":"<!-- This site is optimized with the Yoast SEO plugin v25.3.1 - https:\/\/yoast.com\/wordpress\/plugins\/seo\/ -->\n<title>Pistolet applicateur Tuff Toe - 50MLGUN - Le Magasin Industriel<\/title>\n<meta name=\"description\" content=\"Pistolet applicateur Tuff Toe - 50MLGUN, s&#039;utilise avec la colle imperm\u00e9abilisante pour prot\u00e9ger l&#039;embout ou le talon de vos chaussures\" \/>\n<meta name=\"robots\" content=\"index, follow, max-snippet:-1, max-image-preview:large, max-video-preview:-1\" \/>\n<link rel=\"canonical\" href=\"https:\/\/autravail.ca\/en\/product\/pistolet-applicateur-tuff-toe-50mlgun\/\" \/>\n<meta property=\"og:locale\" content=\"en_US\" \/>\n<meta property=\"og:type\" content=\"article\" \/>\n<meta property=\"og:title\" content=\"Pistolet applicateur Tuff Toe - 50MLGUN - Le Magasin Industriel\" \/>\n<meta property=\"og:description\" content=\"Pistolet applicateur Tuff Toe - 50MLGUN, s&#039;utilise avec la colle imperm\u00e9abilisante pour prot\u00e9ger l&#039;embout ou le talon de vos chaussures\" \/>\n<meta property=\"og:url\" content=\"https:\/\/autravail.ca\/en\/product\/pistolet-applicateur-tuff-toe-50mlgun\/\" \/>\n<meta property=\"og:site_name\" content=\"Le Magasin Industriel\" \/>\n<meta property=\"article:publisher\" content=\"https:\/\/www.facebook.com\/lemagasinindustriel\/?locale=fr_FR\" \/>\n<meta property=\"article:modified_time\" content=\"2025-12-05T09:09:39+00:00\" \/>\n<meta property=\"og:image\" content=\"https:\/\/autravail.ca\/wp-content\/uploads\/2025\/10\/Tuff-Toe_A01.jpg\" \/>\n\t<meta property=\"og:image:width\" content=\"1000\" \/>\n\t<meta property=\"og:image:height\" content=\"1000\" \/>\n\t<meta property=\"og:image:type\" content=\"image\/jpeg\" \/>\n<meta name=\"twitter:card\" content=\"summary_large_image\" \/>\n<meta name=\"twitter:label1\" content=\"Est. reading time\" \/>\n\t<meta name=\"twitter:data1\" content=\"2 minutes\" \/>\n<script type=\"application\/ld+json\" class=\"yoast-schema-graph\">{\"@context\":\"https:\/\/schema.org\",\"@graph\":[{\"@type\":\"WebPage\",\"@id\":\"https:\/\/autravail.ca\/product\/pistolet-applicateur-tuff-toe-50mlgun\/\",\"url\":\"https:\/\/autravail.ca\/product\/pistolet-applicateur-tuff-toe-50mlgun\/\",\"name\":\"Pistolet applicateur Tuff Toe - 50MLGUN - Le Magasin Industriel\",\"isPartOf\":{\"@id\":\"https:\/\/autravail.ca\/#website\"},\"primaryImageOfPage\":{\"@id\":\"https:\/\/autravail.ca\/product\/pistolet-applicateur-tuff-toe-50mlgun\/#primaryimage\"},\"image\":{\"@id\":\"https:\/\/autravail.ca\/product\/pistolet-applicateur-tuff-toe-50mlgun\/#primaryimage\"},\"thumbnailUrl\":\"https:\/\/autravail.ca\/wp-content\/uploads\/2025\/10\/Tuff-Toe_A01.jpg\",\"datePublished\":\"2025-10-31T15:37:51+00:00\",\"dateModified\":\"2025-12-05T09:09:39+00:00\",\"description\":\"Pistolet applicateur Tuff Toe - 50MLGUN, s'utilise avec la colle imperm\u00e9abilisante pour prot\u00e9ger l'embout ou le talon de vos chaussures\",\"breadcrumb\":{\"@id\":\"https:\/\/autravail.ca\/product\/pistolet-applicateur-tuff-toe-50mlgun\/#breadcrumb\"},\"inLanguage\":\"en-CA\",\"potentialAction\":[{\"@type\":\"ReadAction\",\"target\":[\"https:\/\/autravail.ca\/product\/pistolet-applicateur-tuff-toe-50mlgun\/\"]}]},{\"@type\":\"ImageObject\",\"inLanguage\":\"en-CA\",\"@id\":\"https:\/\/autravail.ca\/product\/pistolet-applicateur-tuff-toe-50mlgun\/#primaryimage\",\"url\":\"https:\/\/autravail.ca\/wp-content\/uploads\/2025\/10\/Tuff-Toe_A01.jpg\",\"contentUrl\":\"https:\/\/autravail.ca\/wp-content\/uploads\/2025\/10\/Tuff-Toe_A01.jpg\",\"width\":1000,\"height\":1000},{\"@type\":\"BreadcrumbList\",\"@id\":\"https:\/\/autravail.ca\/product\/pistolet-applicateur-tuff-toe-50mlgun\/#breadcrumb\",\"itemListElement\":[{\"@type\":\"ListItem\",\"position\":1,\"name\":\"Accueil\",\"item\":\"https:\/\/autravail.ca\/\"},{\"@type\":\"ListItem\",\"position\":2,\"name\":\"Magasin\",\"item\":\"https:\/\/autravail.ca\/en\/shop\/\"},{\"@type\":\"ListItem\",\"position\":3,\"name\":\"Pistolet applicateur Tuff Toe &#8211; 50MLGUN\"}]},{\"@type\":\"WebSite\",\"@id\":\"https:\/\/autravail.ca\/#website\",\"url\":\"https:\/\/autravail.ca\/\",\"name\":\"Le Magasin Industriel\",\"description\":\"50 ans de tradition de s\u00e9curit\u00e9 au travail\",\"publisher\":{\"@id\":\"https:\/\/autravail.ca\/#organization\"},\"potentialAction\":[{\"@type\":\"SearchAction\",\"target\":{\"@type\":\"EntryPoint\",\"urlTemplate\":\"https:\/\/autravail.ca\/?s={search_term_string}\"},\"query-input\":{\"@type\":\"PropertyValueSpecification\",\"valueRequired\":true,\"valueName\":\"search_term_string\"}}],\"inLanguage\":\"en-CA\"},{\"@type\":\"Organization\",\"@id\":\"https:\/\/autravail.ca\/#organization\",\"name\":\"Le Magasin Industriel\",\"url\":\"https:\/\/autravail.ca\/\",\"logo\":{\"@type\":\"ImageObject\",\"inLanguage\":\"en-CA\",\"@id\":\"https:\/\/autravail.ca\/#\/schema\/logo\/image\/\",\"url\":\"https:\/\/autravail.ca\/wp-content\/uploads\/2025\/05\/cropped-magasin_industriel_120x.avif\",\"contentUrl\":\"https:\/\/autravail.ca\/wp-content\/uploads\/2025\/05\/cropped-magasin_industriel_120x.avif\",\"width\":120,\"height\":24,\"caption\":\"Le Magasin Industriel\"},\"image\":{\"@id\":\"https:\/\/autravail.ca\/#\/schema\/logo\/image\/\"},\"sameAs\":[\"https:\/\/www.facebook.com\/lemagasinindustriel\/?locale=fr_FR\"]}]}<\/script>\n<!-- \/ Yoast SEO plugin. -->","yoast_head_json":{"title":"Pistolet applicateur Tuff Toe - 50MLGUN - Le Magasin Industriel","description":"Pistolet applicateur Tuff Toe - 50MLGUN, s'utilise avec la colle imperm\u00e9abilisante pour prot\u00e9ger l'embout ou le talon de vos chaussures","robots":{"index":"index","follow":"follow","max-snippet":"max-snippet:-1","max-image-preview":"max-image-preview:large","max-video-preview":"max-video-preview:-1"},"canonical":"https:\/\/autravail.ca\/en\/product\/pistolet-applicateur-tuff-toe-50mlgun\/","og_locale":"en_US","og_type":"article","og_title":"Pistolet applicateur Tuff Toe - 50MLGUN - Le Magasin Industriel","og_description":"Pistolet applicateur Tuff Toe - 50MLGUN, s'utilise avec la colle imperm\u00e9abilisante pour prot\u00e9ger l'embout ou le talon de vos chaussures","og_url":"https:\/\/autravail.ca\/en\/product\/pistolet-applicateur-tuff-toe-50mlgun\/","og_site_name":"Le Magasin Industriel","article_publisher":"https:\/\/www.facebook.com\/lemagasinindustriel\/?locale=fr_FR","article_modified_time":"2025-12-05T09:09:39+00:00","og_image":[{"width":1000,"height":1000,"url":"https:\/\/autravail.ca\/wp-content\/uploads\/2025\/10\/Tuff-Toe_A01.jpg","type":"image\/jpeg"}],"twitter_card":"summary_large_image","twitter_misc":{"Est. reading time":"2 minutes"},"schema":{"@context":"https:\/\/schema.org","@graph":[{"@type":"WebPage","@id":"https:\/\/autravail.ca\/product\/pistolet-applicateur-tuff-toe-50mlgun\/","url":"https:\/\/autravail.ca\/product\/pistolet-applicateur-tuff-toe-50mlgun\/","name":"Pistolet applicateur Tuff Toe - 50MLGUN - Le Magasin Industriel","isPartOf":{"@id":"https:\/\/autravail.ca\/#website"},"primaryImageOfPage":{"@id":"https:\/\/autravail.ca\/product\/pistolet-applicateur-tuff-toe-50mlgun\/#primaryimage"},"image":{"@id":"https:\/\/autravail.ca\/product\/pistolet-applicateur-tuff-toe-50mlgun\/#primaryimage"},"thumbnailUrl":"https:\/\/autravail.ca\/wp-content\/uploads\/2025\/10\/Tuff-Toe_A01.jpg","datePublished":"2025-10-31T15:37:51+00:00","dateModified":"2025-12-05T09:09:39+00:00","description":"Pistolet applicateur Tuff Toe - 50MLGUN, s'utilise avec la colle imperm\u00e9abilisante pour prot\u00e9ger l'embout ou le talon de vos chaussures","breadcrumb":{"@id":"https:\/\/autravail.ca\/product\/pistolet-applicateur-tuff-toe-50mlgun\/#breadcrumb"},"inLanguage":"en-CA","potentialAction":[{"@type":"ReadAction","target":["https:\/\/autravail.ca\/product\/pistolet-applicateur-tuff-toe-50mlgun\/"]}]},{"@type":"ImageObject","inLanguage":"en-CA","@id":"https:\/\/autravail.ca\/product\/pistolet-applicateur-tuff-toe-50mlgun\/#primaryimage","url":"https:\/\/autravail.ca\/wp-content\/uploads\/2025\/10\/Tuff-Toe_A01.jpg","contentUrl":"https:\/\/autravail.ca\/wp-content\/uploads\/2025\/10\/Tuff-Toe_A01.jpg","width":1000,"height":1000},{"@type":"BreadcrumbList","@id":"https:\/\/autravail.ca\/product\/pistolet-applicateur-tuff-toe-50mlgun\/#breadcrumb","itemListElement":[{"@type":"ListItem","position":1,"name":"Accueil","item":"https:\/\/autravail.ca\/"},{"@type":"ListItem","position":2,"name":"Magasin","item":"https:\/\/autravail.ca\/en\/shop\/"},{"@type":"ListItem","position":3,"name":"Pistolet applicateur Tuff Toe &#8211; 50MLGUN"}]},{"@type":"WebSite","@id":"https:\/\/autravail.ca\/#website","url":"https:\/\/autravail.ca\/","name":"Le Magasin Industriel","description":"50 ans de tradition de s\u00e9curit\u00e9 au travail","publisher":{"@id":"https:\/\/autravail.ca\/#organization"},"potentialAction":[{"@type":"SearchAction","target":{"@type":"EntryPoint","urlTemplate":"https:\/\/autravail.ca\/?s={search_term_string}"},"query-input":{"@type":"PropertyValueSpecification","valueRequired":true,"valueName":"search_term_string"}}],"inLanguage":"en-CA"},{"@type":"Organization","@id":"https:\/\/autravail.ca\/#organization","name":"Le Magasin Industriel","url":"https:\/\/autravail.ca\/","logo":{"@type":"ImageObject","inLanguage":"en-CA","@id":"https:\/\/autravail.ca\/#\/schema\/logo\/image\/","url":"https:\/\/autravail.ca\/wp-content\/uploads\/2025\/05\/cropped-magasin_industriel_120x.avif","contentUrl":"https:\/\/autravail.ca\/wp-content\/uploads\/2025\/05\/cropped-magasin_industriel_120x.avif","width":120,"height":24,"caption":"Le Magasin Industriel"},"image":{"@id":"https:\/\/autravail.ca\/#\/schema\/logo\/image\/"},"sameAs":["https:\/\/www.facebook.com\/lemagasinindustriel\/?locale=fr_FR"]}]}},"jetpack_sharing_enabled":true,"_links":{"self":[{"href":"https:\/\/autravail.ca\/en\/wp-json\/wp\/v2\/product\/40807","targetHints":{"allow":["GET"]}}],"collection":[{"href":"https:\/\/autravail.ca\/en\/wp-json\/wp\/v2\/product"}],"about":[{"href":"https:\/\/autravail.ca\/en\/wp-json\/wp\/v2\/types\/product"}],"replies":[{"embeddable":true,"href":"https:\/\/autravail.ca\/en\/wp-json\/wp\/v2\/comments?post=40807"}],"wp:featuredmedia":[{"embeddable":true,"href":"https:\/\/autravail.ca\/en\/wp-json\/wp\/v2\/media\/40808"}],"wp:attachment":[{"href":"https:\/\/autravail.ca\/en\/wp-json\/wp\/v2\/media?parent=40807"}],"wp:term":[{"taxonomy":"product_cat","embeddable":true,"href":"https:\/\/autravail.ca\/en\/wp-json\/wp\/v2\/product_cat?post=40807"},{"taxonomy":"product_tag","embeddable":true,"href":"https:\/\/autravail.ca\/en\/wp-json\/wp\/v2\/product_tag?post=40807"}],"curies":[{"name":"wp","href":"https:\/\/api.w.org\/{rel}","templated":true}]}}