{"id":40804,"date":"2025-10-31T11:15:45","date_gmt":"2025-10-31T15:15:45","guid":{"rendered":"https:\/\/autravail.ca\/?post_type=product&#038;p=40804"},"modified":"2025-10-31T14:21:49","modified_gmt":"2025-10-31T18:21:49","slug":"cartouche-dembout-tuff-toe-20171-1","status":"publish","type":"product","link":"https:\/\/autravail.ca\/en\/product\/cartouche-dembout-tuff-toe-20171-1\/","title":{"rendered":"Cartouche d&#8217;embout Tuff Toe &#8211; 20171-1"},"content":{"rendered":"<h3 id=\"title\" class=\"a-size-large a-spacing-none\">\u00a0Cartouche d&#8217;embout Tuff Toe &#8211; 20171-1<\/h3>\n<p>La colle imperm\u00e9able Tuff Toe est con\u00e7ue pour prolonger la dur\u00e9e de vie de vos bottes de travail. Gr\u00e2ce \u00e0 sa formule r\u00e9sistante au feu, \u00e0 la chaleur et \u00e0 la perforation, elle offre une protection durable contre l\u2019usure quotidienne. Ce rev\u00eatement en polyur\u00e9thane en deux parties adh\u00e8re \u00e0 une grande vari\u00e9t\u00e9 de mat\u00e9riaux. Pour le cuir, le caoutchouc, l\u2019acier, le vinyle et la toile, ce produit permet des r\u00e9parations efficaces. Ces r\u00e9parations s&rsquo;appliquent sur les semelles, les talons et les embouts de chaussures. La Cartouche d&#8217;embout Tuff Toe &#8211; 20171-1 repousse les taches de produits chimiques, de graisse, d\u2019huile, de salet\u00e9 et d\u2019eau. Il reste flexible et extr\u00eamement r\u00e9sistant \u00e0 l\u2019abrasion.\u00a0 Imperm\u00e9able, non conducteur et dot\u00e9e d\u2019un point d\u2019\u00e9clair de 394,4\u202f\u00b0C, elle ne fond pas avant 260\u202f\u00b0C. C&rsquo;est donc une solution id\u00e9ale pour les soudeurs, \u00e9lectriciens, pompiers et autres professionnels expos\u00e9s \u00e0 des environnements extr\u00eames.<\/p>\n<p>Bien qu\u2019elle soit particuli\u00e8rement recommand\u00e9e pour les bottes de travail, Tuff Toe convient \u00e0 toutes les chaussures. Que ce soit pour des bottes de randonn\u00e9e, de moto, de cow-boy ou des chaussures de sport Tuff Toe est la solution. Facile \u00e0 appliquer \u00e0 la maison ou par un professionnel certifi\u00e9, elle peut tripler la dur\u00e9e de vie de vos chaussures. Elle offre une protection robuste et durable.<strong><a href=\"https:\/\/autravail.ca\/en\/product\/pistolet-applicateur-tuff-toe-50mlgun\/\"> Le pistolet d&rsquo;application simplifie grandement l&rsquo;application<\/a>. <\/strong>Utilisant la m\u00eame technologie que les adh\u00e9sifs balistiques et ceux employ\u00e9s par la NASA, elle assure une performance de haut niveau.<\/p>\n<p><img decoding=\"async\" class=\"alignnone wp-image-40620\" src=\"https:\/\/autravail.ca\/wp-content\/uploads\/2025\/09\/Jachete-quebec-et-canada.jpg\" alt=\"Logo de l'achat local\" width=\"162\" height=\"139\" \/>Merci d&rsquo;encourager une entreprise 100% d&rsquo;ici!<\/p>","protected":false},"excerpt":{"rendered":"<p>\u00a0Cartouche d&#8217;embout Tuff Toe &#8211; 20171-1 La colle imperm\u00e9able Tuff Toe est con\u00e7ue pour prolonger la dur\u00e9e de vie de vos bottes de travail. Gr\u00e2ce \u00e0 sa formule r\u00e9sistante au feu, \u00e0 la chaleur et \u00e0 la perforation, elle offre une protection durable contre l\u2019usure quotidienne. Ce rev\u00eatement en polyur\u00e9thane en deux parties adh\u00e8re \u00e0 [&hellip;]<\/p>","protected":false},"featured_media":40805,"comment_status":"open","ping_status":"closed","template":"","meta":[],"product_cat":[673],"product_tag":[],"class_list":{"0":"post-40804","1":"product","2":"type-product","3":"status-publish","4":"has-post-thumbnail","6":"product_brand-tuff-toe","7":"product_cat-entretien-des-chaussures","9":"first","10":"instock","11":"taxable","12":"shipping-taxable","13":"purchasable","14":"product-type-simple"},"yoast_head":"<!-- This site is optimized with the Yoast SEO plugin v25.3.1 - https:\/\/yoast.com\/wordpress\/plugins\/seo\/ -->\n<title>Cartouche d&#039;embout Tuff Toe - 20171-1 - Le Magasin Industriel<\/title>\n<meta name=\"description\" content=\"Cartouche d&#039;embout Tuff Toe - 20171-1 pour r\u00e9parer l&#039;embout de votre chaussure de travail et prolonger la dur\u00e9e de vie de vos bottes.\" \/>\n<meta name=\"robots\" content=\"index, follow, max-snippet:-1, max-image-preview:large, max-video-preview:-1\" \/>\n<link rel=\"canonical\" href=\"https:\/\/autravail.ca\/en\/product\/cartouche-dembout-tuff-toe-20171-1\/\" \/>\n<meta property=\"og:locale\" content=\"en_US\" \/>\n<meta property=\"og:type\" content=\"article\" \/>\n<meta property=\"og:title\" content=\"Cartouche d&#039;embout Tuff Toe - 20171-1 - Le Magasin Industriel\" \/>\n<meta property=\"og:description\" content=\"Cartouche d&#039;embout Tuff Toe - 20171-1 pour r\u00e9parer l&#039;embout de votre chaussure de travail et prolonger la dur\u00e9e de vie de vos bottes.\" \/>\n<meta property=\"og:url\" content=\"https:\/\/autravail.ca\/en\/product\/cartouche-dembout-tuff-toe-20171-1\/\" \/>\n<meta property=\"og:site_name\" content=\"Le Magasin Industriel\" \/>\n<meta property=\"article:publisher\" content=\"https:\/\/www.facebook.com\/lemagasinindustriel\/?locale=fr_FR\" \/>\n<meta property=\"article:modified_time\" content=\"2025-10-31T18:21:49+00:00\" \/>\n<meta property=\"og:image\" content=\"https:\/\/autravail.ca\/wp-content\/uploads\/2025\/10\/Tuff-Toe_A05.jpg\" \/>\n\t<meta property=\"og:image:width\" content=\"1000\" \/>\n\t<meta property=\"og:image:height\" content=\"1000\" \/>\n\t<meta property=\"og:image:type\" content=\"image\/jpeg\" \/>\n<meta name=\"twitter:card\" content=\"summary_large_image\" \/>\n<meta name=\"twitter:label1\" content=\"Est. reading time\" \/>\n\t<meta name=\"twitter:data1\" content=\"2 minutes\" \/>\n<script type=\"application\/ld+json\" class=\"yoast-schema-graph\">{\"@context\":\"https:\/\/schema.org\",\"@graph\":[{\"@type\":\"WebPage\",\"@id\":\"https:\/\/autravail.ca\/product\/cartouche-dembout-tuff-toe-20171-1\/\",\"url\":\"https:\/\/autravail.ca\/product\/cartouche-dembout-tuff-toe-20171-1\/\",\"name\":\"Cartouche d'embout Tuff Toe - 20171-1 - Le Magasin Industriel\",\"isPartOf\":{\"@id\":\"https:\/\/autravail.ca\/#website\"},\"primaryImageOfPage\":{\"@id\":\"https:\/\/autravail.ca\/product\/cartouche-dembout-tuff-toe-20171-1\/#primaryimage\"},\"image\":{\"@id\":\"https:\/\/autravail.ca\/product\/cartouche-dembout-tuff-toe-20171-1\/#primaryimage\"},\"thumbnailUrl\":\"https:\/\/autravail.ca\/wp-content\/uploads\/2025\/10\/Tuff-Toe_A05.jpg\",\"datePublished\":\"2025-10-31T15:15:45+00:00\",\"dateModified\":\"2025-10-31T18:21:49+00:00\",\"description\":\"Cartouche d'embout Tuff Toe - 20171-1 pour r\u00e9parer l'embout de votre chaussure de travail et prolonger la dur\u00e9e de vie de vos bottes.\",\"breadcrumb\":{\"@id\":\"https:\/\/autravail.ca\/product\/cartouche-dembout-tuff-toe-20171-1\/#breadcrumb\"},\"inLanguage\":\"en-CA\",\"potentialAction\":[{\"@type\":\"ReadAction\",\"target\":[\"https:\/\/autravail.ca\/product\/cartouche-dembout-tuff-toe-20171-1\/\"]}]},{\"@type\":\"ImageObject\",\"inLanguage\":\"en-CA\",\"@id\":\"https:\/\/autravail.ca\/product\/cartouche-dembout-tuff-toe-20171-1\/#primaryimage\",\"url\":\"https:\/\/autravail.ca\/wp-content\/uploads\/2025\/10\/Tuff-Toe_A05.jpg\",\"contentUrl\":\"https:\/\/autravail.ca\/wp-content\/uploads\/2025\/10\/Tuff-Toe_A05.jpg\",\"width\":1000,\"height\":1000,\"caption\":\"Cartouche d'embout Tuff Toe - 20171-1\"},{\"@type\":\"BreadcrumbList\",\"@id\":\"https:\/\/autravail.ca\/product\/cartouche-dembout-tuff-toe-20171-1\/#breadcrumb\",\"itemListElement\":[{\"@type\":\"ListItem\",\"position\":1,\"name\":\"Accueil\",\"item\":\"https:\/\/autravail.ca\/\"},{\"@type\":\"ListItem\",\"position\":2,\"name\":\"Magasin\",\"item\":\"https:\/\/autravail.ca\/en\/shop\/\"},{\"@type\":\"ListItem\",\"position\":3,\"name\":\"Cartouche d&#8217;embout Tuff Toe &#8211; 20171-1\"}]},{\"@type\":\"WebSite\",\"@id\":\"https:\/\/autravail.ca\/#website\",\"url\":\"https:\/\/autravail.ca\/\",\"name\":\"Le Magasin Industriel\",\"description\":\"50 ans de tradition de s\u00e9curit\u00e9 au travail\",\"publisher\":{\"@id\":\"https:\/\/autravail.ca\/#organization\"},\"potentialAction\":[{\"@type\":\"SearchAction\",\"target\":{\"@type\":\"EntryPoint\",\"urlTemplate\":\"https:\/\/autravail.ca\/?s={search_term_string}\"},\"query-input\":{\"@type\":\"PropertyValueSpecification\",\"valueRequired\":true,\"valueName\":\"search_term_string\"}}],\"inLanguage\":\"en-CA\"},{\"@type\":\"Organization\",\"@id\":\"https:\/\/autravail.ca\/#organization\",\"name\":\"Le Magasin Industriel\",\"url\":\"https:\/\/autravail.ca\/\",\"logo\":{\"@type\":\"ImageObject\",\"inLanguage\":\"en-CA\",\"@id\":\"https:\/\/autravail.ca\/#\/schema\/logo\/image\/\",\"url\":\"https:\/\/autravail.ca\/wp-content\/uploads\/2025\/05\/cropped-magasin_industriel_120x.avif\",\"contentUrl\":\"https:\/\/autravail.ca\/wp-content\/uploads\/2025\/05\/cropped-magasin_industriel_120x.avif\",\"width\":120,\"height\":24,\"caption\":\"Le Magasin Industriel\"},\"image\":{\"@id\":\"https:\/\/autravail.ca\/#\/schema\/logo\/image\/\"},\"sameAs\":[\"https:\/\/www.facebook.com\/lemagasinindustriel\/?locale=fr_FR\"]}]}<\/script>\n<!-- \/ Yoast SEO plugin. -->","yoast_head_json":{"title":"Cartouche d'embout Tuff Toe - 20171-1 - Le Magasin Industriel","description":"Cartouche d'embout Tuff Toe - 20171-1 pour r\u00e9parer l'embout de votre chaussure de travail et prolonger la dur\u00e9e de vie de vos bottes.","robots":{"index":"index","follow":"follow","max-snippet":"max-snippet:-1","max-image-preview":"max-image-preview:large","max-video-preview":"max-video-preview:-1"},"canonical":"https:\/\/autravail.ca\/en\/product\/cartouche-dembout-tuff-toe-20171-1\/","og_locale":"en_US","og_type":"article","og_title":"Cartouche d'embout Tuff Toe - 20171-1 - Le Magasin Industriel","og_description":"Cartouche d'embout Tuff Toe - 20171-1 pour r\u00e9parer l'embout de votre chaussure de travail et prolonger la dur\u00e9e de vie de vos bottes.","og_url":"https:\/\/autravail.ca\/en\/product\/cartouche-dembout-tuff-toe-20171-1\/","og_site_name":"Le Magasin Industriel","article_publisher":"https:\/\/www.facebook.com\/lemagasinindustriel\/?locale=fr_FR","article_modified_time":"2025-10-31T18:21:49+00:00","og_image":[{"width":1000,"height":1000,"url":"https:\/\/autravail.ca\/wp-content\/uploads\/2025\/10\/Tuff-Toe_A05.jpg","type":"image\/jpeg"}],"twitter_card":"summary_large_image","twitter_misc":{"Est. reading time":"2 minutes"},"schema":{"@context":"https:\/\/schema.org","@graph":[{"@type":"WebPage","@id":"https:\/\/autravail.ca\/product\/cartouche-dembout-tuff-toe-20171-1\/","url":"https:\/\/autravail.ca\/product\/cartouche-dembout-tuff-toe-20171-1\/","name":"Cartouche d'embout Tuff Toe - 20171-1 - Le Magasin Industriel","isPartOf":{"@id":"https:\/\/autravail.ca\/#website"},"primaryImageOfPage":{"@id":"https:\/\/autravail.ca\/product\/cartouche-dembout-tuff-toe-20171-1\/#primaryimage"},"image":{"@id":"https:\/\/autravail.ca\/product\/cartouche-dembout-tuff-toe-20171-1\/#primaryimage"},"thumbnailUrl":"https:\/\/autravail.ca\/wp-content\/uploads\/2025\/10\/Tuff-Toe_A05.jpg","datePublished":"2025-10-31T15:15:45+00:00","dateModified":"2025-10-31T18:21:49+00:00","description":"Cartouche d'embout Tuff Toe - 20171-1 pour r\u00e9parer l'embout de votre chaussure de travail et prolonger la dur\u00e9e de vie de vos bottes.","breadcrumb":{"@id":"https:\/\/autravail.ca\/product\/cartouche-dembout-tuff-toe-20171-1\/#breadcrumb"},"inLanguage":"en-CA","potentialAction":[{"@type":"ReadAction","target":["https:\/\/autravail.ca\/product\/cartouche-dembout-tuff-toe-20171-1\/"]}]},{"@type":"ImageObject","inLanguage":"en-CA","@id":"https:\/\/autravail.ca\/product\/cartouche-dembout-tuff-toe-20171-1\/#primaryimage","url":"https:\/\/autravail.ca\/wp-content\/uploads\/2025\/10\/Tuff-Toe_A05.jpg","contentUrl":"https:\/\/autravail.ca\/wp-content\/uploads\/2025\/10\/Tuff-Toe_A05.jpg","width":1000,"height":1000,"caption":"Cartouche d'embout Tuff Toe - 20171-1"},{"@type":"BreadcrumbList","@id":"https:\/\/autravail.ca\/product\/cartouche-dembout-tuff-toe-20171-1\/#breadcrumb","itemListElement":[{"@type":"ListItem","position":1,"name":"Accueil","item":"https:\/\/autravail.ca\/"},{"@type":"ListItem","position":2,"name":"Magasin","item":"https:\/\/autravail.ca\/en\/shop\/"},{"@type":"ListItem","position":3,"name":"Cartouche d&#8217;embout Tuff Toe &#8211; 20171-1"}]},{"@type":"WebSite","@id":"https:\/\/autravail.ca\/#website","url":"https:\/\/autravail.ca\/","name":"Le Magasin Industriel","description":"50 ans de tradition de s\u00e9curit\u00e9 au travail","publisher":{"@id":"https:\/\/autravail.ca\/#organization"},"potentialAction":[{"@type":"SearchAction","target":{"@type":"EntryPoint","urlTemplate":"https:\/\/autravail.ca\/?s={search_term_string}"},"query-input":{"@type":"PropertyValueSpecification","valueRequired":true,"valueName":"search_term_string"}}],"inLanguage":"en-CA"},{"@type":"Organization","@id":"https:\/\/autravail.ca\/#organization","name":"Le Magasin Industriel","url":"https:\/\/autravail.ca\/","logo":{"@type":"ImageObject","inLanguage":"en-CA","@id":"https:\/\/autravail.ca\/#\/schema\/logo\/image\/","url":"https:\/\/autravail.ca\/wp-content\/uploads\/2025\/05\/cropped-magasin_industriel_120x.avif","contentUrl":"https:\/\/autravail.ca\/wp-content\/uploads\/2025\/05\/cropped-magasin_industriel_120x.avif","width":120,"height":24,"caption":"Le Magasin Industriel"},"image":{"@id":"https:\/\/autravail.ca\/#\/schema\/logo\/image\/"},"sameAs":["https:\/\/www.facebook.com\/lemagasinindustriel\/?locale=fr_FR"]}]}},"jetpack_sharing_enabled":true,"_links":{"self":[{"href":"https:\/\/autravail.ca\/en\/wp-json\/wp\/v2\/product\/40804","targetHints":{"allow":["GET"]}}],"collection":[{"href":"https:\/\/autravail.ca\/en\/wp-json\/wp\/v2\/product"}],"about":[{"href":"https:\/\/autravail.ca\/en\/wp-json\/wp\/v2\/types\/product"}],"replies":[{"embeddable":true,"href":"https:\/\/autravail.ca\/en\/wp-json\/wp\/v2\/comments?post=40804"}],"wp:featuredmedia":[{"embeddable":true,"href":"https:\/\/autravail.ca\/en\/wp-json\/wp\/v2\/media\/40805"}],"wp:attachment":[{"href":"https:\/\/autravail.ca\/en\/wp-json\/wp\/v2\/media?parent=40804"}],"wp:term":[{"taxonomy":"product_cat","embeddable":true,"href":"https:\/\/autravail.ca\/en\/wp-json\/wp\/v2\/product_cat?post=40804"},{"taxonomy":"product_tag","embeddable":true,"href":"https:\/\/autravail.ca\/en\/wp-json\/wp\/v2\/product_tag?post=40804"}],"curies":[{"name":"wp","href":"https:\/\/api.w.org\/{rel}","templated":true}]}}