{"id":40779,"date":"2025-10-31T09:17:39","date_gmt":"2025-10-31T13:17:39","guid":{"rendered":"https:\/\/autravail.ca\/?post_type=product&#038;p=40779"},"modified":"2025-12-05T05:09:39","modified_gmt":"2025-12-05T09:09:39","slug":"espadrille-de-travail-powertrain-a66skr","status":"publish","type":"product","link":"https:\/\/autravail.ca\/en\/product\/espadrille-de-travail-powertrain-a66skr\/","title":{"rendered":"Espadrille de travail Powertrain &#8211; A66SKR"},"content":{"rendered":"<h3>Espadrille de travail Powertrain &#8211; A66SKR<\/h3>\n<p>L&rsquo;Espadrille de travail Powertrain &#8211; A66SKRa de <a href=\"https:\/\/autravail.ca\/en\/product-brand\/timberland-pro\/\">Timberland PRO<\/a>\u00a0 marque le grand retour d\u2019un mod\u00e8le embl\u00e9matique, longtemps appr\u00e9ci\u00e9 pour sa l\u00e9g\u00e8ret\u00e9 et son confort. Discontinu\u00e9e en 2020, la premi\u00e8re g\u00e9n\u00e9ration de Powertrain avait laiss\u00e9 un vide chez les travailleurs \u00e0 la recherche d\u2019une espadrille de s\u00e9curit\u00e9 souple, respirante et styl\u00e9e. Aujourd\u2019hui, Timberland PRO revisite ce classique avec une version am\u00e9lior\u00e9e qui r\u00e9pond aux exigences modernes sans compromettre l\u2019ADN du mod\u00e8le original.Gr\u00e2ce \u00e0 une semelle int\u00e9rieure en mousse \u00e0 m\u00e9moire de forme et une tige en tissu synth\u00e9tique respirant, la Powertrain A66SK offre un confort prolong\u00e9, m\u00eame lors de longues journ\u00e9es debout.<\/p>\n<p>Certifi\u00e9e selon les normes CSA, elle int\u00e8gre un embout en alliage l\u00e9ger et une plaque antiperforation non m\u00e9tallique, assurant une protection sans alourdir la chaussure. Ce mod\u00e8le est id\u00e9al pour les environnements industriels l\u00e9gers, les ateliers, ou les professionnels en mouvement qui recherchent une espadrille de s\u00e9curit\u00e9 performante et confortable. L&rsquo;Espadrille de travail Powertrain &#8211; A66SKR n\u2019est pas seulement un retour \u2014 c\u2019est une \u00e9volution.<\/p>\n<p><img decoding=\"async\" class=\"alignnone size-full wp-image-40117\" src=\"https:\/\/autravail.ca\/wp-content\/uploads\/2025\/09\/Certification-Omega-Triangle-vert.jpg\" alt=\"Certifications Om\u00e9ga Triangle vert\" width=\"193\" height=\"110\" srcset=\"https:\/\/autravail.ca\/wp-content\/uploads\/2025\/09\/Certification-Omega-Triangle-vert.jpg 193w, https:\/\/autravail.ca\/wp-content\/uploads\/2025\/09\/Certification-Omega-Triangle-vert-150x85.jpg 150w, https:\/\/autravail.ca\/wp-content\/uploads\/2025\/09\/Certification-Omega-Triangle-vert-18x10.jpg 18w\" sizes=\"(max-width: 193px) 100vw, 193px\" \/><\/p>\n<h4>Characteristics:<\/h4>\n<ul>\n<li class=\"ml-5\">Embout de s\u00e9curit\u00e9 asym\u00e9trique en composite l\u00e9ger et durable<\/li>\n<li class=\"ml-5\">R\u00e9sistance aux d\u00e9charges \u00e9lectriques certifi\u00e9 Om\u00e9ga<\/li>\n<li class=\"ml-5\">Doublure en tissu ReBOTL\u2122 compos\u00e9 \u00e0 50% de PET issu du recyclage du plastique<\/li>\n<li class=\"ml-5\">Sans m\u00e9tal et antirayure<\/li>\n<li class=\"ml-5\">Semelle d\u2019usure en caoutchouc Timberland PRO\u00ae r\u00e9sistant au glissement et durable<\/li>\n<li>Semelle d&rsquo;usure Powertrain absorbante et id\u00e9ale pour les d\u00e9placements au travail.<\/li>\n<li class=\"ml-5\">Semelle intercalaire avec technologie antifatigue offrant amortissement des chocs et retour d\u2019\u00e9nergie<\/li>\n<li class=\"ml-5\">Tige durable, respirante et antid\u00e9chirure en nylon et microfibre Raptek<\/li>\n<li class=\"ml-5\">Doublure respirante \u00e9vacuant l\u2019humidit\u00e9 avec traitement antimicrobien contr\u00f4lant les odeurs<\/li>\n<li class=\"ml-5\">Fabrication \u00e0 l\u2019aide d\u2019une colle favorisant la flexibilit\u00e9<\/li>\n<li class=\"ml-5\">Garantie confort 30 jours<\/li>\n<\/ul>\n<p><img decoding=\"async\" class=\"alignnone wp-image-40620\" src=\"https:\/\/autravail.ca\/wp-content\/uploads\/2025\/09\/Jachete-quebec-et-canada.jpg\" alt=\"Logo de l'achat local\" width=\"162\" height=\"139\" \/>Merci d&rsquo;encourager une entreprise 100% d&rsquo;ici!<\/p>","protected":false},"excerpt":{"rendered":"<p>Espadrille de travail Powertrain &#8211; A66SKR L&rsquo;Espadrille de travail Powertrain &#8211; A66SKRa de Timberland PRO\u00a0 marque le grand retour d\u2019un mod\u00e8le embl\u00e9matique, longtemps appr\u00e9ci\u00e9 pour sa l\u00e9g\u00e8ret\u00e9 et son confort. Discontinu\u00e9e en 2020, la premi\u00e8re g\u00e9n\u00e9ration de Powertrain avait laiss\u00e9 un vide chez les travailleurs \u00e0 la recherche d\u2019une espadrille de s\u00e9curit\u00e9 souple, respirante et [&hellip;]<\/p>","protected":false},"featured_media":40793,"comment_status":"open","ping_status":"closed","template":"","meta":[],"product_cat":[645,602],"product_tag":[252,270,242,253],"class_list":{"0":"post-40779","1":"product","2":"type-product","3":"status-publish","4":"has-post-thumbnail","6":"product_brand-timberland-pro","7":"product_cat-espadrilles-de-travail","8":"product_cat-hommes","9":"product_tag-electric-shock-resistant","10":"product_tag-espadrilles-de-travail","11":"product_tag-homme","12":"product_tag-sole-protection","14":"first","15":"instock","16":"taxable","17":"shipping-taxable","18":"purchasable","19":"product-type-variable"},"yoast_head":"<!-- This site is optimized with the Yoast SEO plugin v25.3.1 - https:\/\/yoast.com\/wordpress\/plugins\/seo\/ -->\n<title>Espadrille de travail Powertrain - A66SKR - Le Magasin Industriel<\/title>\n<meta name=\"description\" content=\"Espadrille de travail Powertrain - A66SKR de Timberland Pro avec certification CSA type Om\u00e9ga ESR id\u00e9ale pour les travailleurs qui se d\u00e9placent beaucoup.\" \/>\n<meta name=\"robots\" content=\"index, follow, max-snippet:-1, max-image-preview:large, max-video-preview:-1\" \/>\n<link rel=\"canonical\" href=\"https:\/\/autravail.ca\/en\/product\/espadrille-de-travail-powertrain-a66skr\/\" \/>\n<meta property=\"og:locale\" content=\"en_US\" \/>\n<meta property=\"og:type\" content=\"article\" \/>\n<meta property=\"og:title\" content=\"Espadrille de travail Powertrain - A66SKR - Le Magasin Industriel\" \/>\n<meta property=\"og:description\" content=\"Espadrille de travail Powertrain - A66SKR de Timberland Pro avec certification CSA type Om\u00e9ga ESR id\u00e9ale pour les travailleurs qui se d\u00e9placent beaucoup.\" \/>\n<meta property=\"og:url\" content=\"https:\/\/autravail.ca\/en\/product\/espadrille-de-travail-powertrain-a66skr\/\" \/>\n<meta property=\"og:site_name\" content=\"Le Magasin Industriel\" \/>\n<meta property=\"article:publisher\" content=\"https:\/\/www.facebook.com\/lemagasinindustriel\/?locale=fr_FR\" \/>\n<meta property=\"article:modified_time\" content=\"2025-12-05T09:09:39+00:00\" \/>\n<meta property=\"og:image\" content=\"https:\/\/autravail.ca\/wp-content\/uploads\/2025\/10\/A66SKR_A01.jpg\" \/>\n\t<meta property=\"og:image:width\" content=\"600\" \/>\n\t<meta property=\"og:image:height\" content=\"600\" \/>\n\t<meta property=\"og:image:type\" content=\"image\/jpeg\" \/>\n<meta name=\"twitter:card\" content=\"summary_large_image\" \/>\n<meta name=\"twitter:label1\" content=\"Est. reading time\" \/>\n\t<meta name=\"twitter:data1\" content=\"3 minutes\" \/>\n<script type=\"application\/ld+json\" class=\"yoast-schema-graph\">{\"@context\":\"https:\/\/schema.org\",\"@graph\":[{\"@type\":\"WebPage\",\"@id\":\"https:\/\/autravail.ca\/product\/espadrille-de-travail-powertrain-a66skr\/\",\"url\":\"https:\/\/autravail.ca\/product\/espadrille-de-travail-powertrain-a66skr\/\",\"name\":\"Espadrille de travail Powertrain - A66SKR - Le Magasin Industriel\",\"isPartOf\":{\"@id\":\"https:\/\/autravail.ca\/#website\"},\"primaryImageOfPage\":{\"@id\":\"https:\/\/autravail.ca\/product\/espadrille-de-travail-powertrain-a66skr\/#primaryimage\"},\"image\":{\"@id\":\"https:\/\/autravail.ca\/product\/espadrille-de-travail-powertrain-a66skr\/#primaryimage\"},\"thumbnailUrl\":\"https:\/\/autravail.ca\/wp-content\/uploads\/2025\/10\/A66SKR_A01.jpg\",\"datePublished\":\"2025-10-31T13:17:39+00:00\",\"dateModified\":\"2025-12-05T09:09:39+00:00\",\"description\":\"Espadrille de travail Powertrain - A66SKR de Timberland Pro avec certification CSA type Om\u00e9ga ESR id\u00e9ale pour les travailleurs qui se d\u00e9placent beaucoup.\",\"breadcrumb\":{\"@id\":\"https:\/\/autravail.ca\/product\/espadrille-de-travail-powertrain-a66skr\/#breadcrumb\"},\"inLanguage\":\"en-CA\",\"potentialAction\":[{\"@type\":\"ReadAction\",\"target\":[\"https:\/\/autravail.ca\/product\/espadrille-de-travail-powertrain-a66skr\/\"]}]},{\"@type\":\"ImageObject\",\"inLanguage\":\"en-CA\",\"@id\":\"https:\/\/autravail.ca\/product\/espadrille-de-travail-powertrain-a66skr\/#primaryimage\",\"url\":\"https:\/\/autravail.ca\/wp-content\/uploads\/2025\/10\/A66SKR_A01.jpg\",\"contentUrl\":\"https:\/\/autravail.ca\/wp-content\/uploads\/2025\/10\/A66SKR_A01.jpg\",\"width\":600,\"height\":600,\"caption\":\"Espadrille de travail CSA Timberland Pro A66SKR\"},{\"@type\":\"BreadcrumbList\",\"@id\":\"https:\/\/autravail.ca\/product\/espadrille-de-travail-powertrain-a66skr\/#breadcrumb\",\"itemListElement\":[{\"@type\":\"ListItem\",\"position\":1,\"name\":\"Accueil\",\"item\":\"https:\/\/autravail.ca\/\"},{\"@type\":\"ListItem\",\"position\":2,\"name\":\"Magasin\",\"item\":\"https:\/\/autravail.ca\/en\/shop\/\"},{\"@type\":\"ListItem\",\"position\":3,\"name\":\"Espadrille de travail Powertrain &#8211; A66SKR\"}]},{\"@type\":\"WebSite\",\"@id\":\"https:\/\/autravail.ca\/#website\",\"url\":\"https:\/\/autravail.ca\/\",\"name\":\"Le Magasin Industriel\",\"description\":\"50 ans de tradition de s\u00e9curit\u00e9 au travail\",\"publisher\":{\"@id\":\"https:\/\/autravail.ca\/#organization\"},\"potentialAction\":[{\"@type\":\"SearchAction\",\"target\":{\"@type\":\"EntryPoint\",\"urlTemplate\":\"https:\/\/autravail.ca\/?s={search_term_string}\"},\"query-input\":{\"@type\":\"PropertyValueSpecification\",\"valueRequired\":true,\"valueName\":\"search_term_string\"}}],\"inLanguage\":\"en-CA\"},{\"@type\":\"Organization\",\"@id\":\"https:\/\/autravail.ca\/#organization\",\"name\":\"Le Magasin Industriel\",\"url\":\"https:\/\/autravail.ca\/\",\"logo\":{\"@type\":\"ImageObject\",\"inLanguage\":\"en-CA\",\"@id\":\"https:\/\/autravail.ca\/#\/schema\/logo\/image\/\",\"url\":\"https:\/\/autravail.ca\/wp-content\/uploads\/2025\/05\/cropped-magasin_industriel_120x.avif\",\"contentUrl\":\"https:\/\/autravail.ca\/wp-content\/uploads\/2025\/05\/cropped-magasin_industriel_120x.avif\",\"width\":120,\"height\":24,\"caption\":\"Le Magasin Industriel\"},\"image\":{\"@id\":\"https:\/\/autravail.ca\/#\/schema\/logo\/image\/\"},\"sameAs\":[\"https:\/\/www.facebook.com\/lemagasinindustriel\/?locale=fr_FR\"]}]}<\/script>\n<!-- \/ Yoast SEO plugin. -->","yoast_head_json":{"title":"Espadrille de travail Powertrain - A66SKR - Le Magasin Industriel","description":"Espadrille de travail Powertrain - A66SKR de Timberland Pro avec certification CSA type Om\u00e9ga ESR id\u00e9ale pour les travailleurs qui se d\u00e9placent beaucoup.","robots":{"index":"index","follow":"follow","max-snippet":"max-snippet:-1","max-image-preview":"max-image-preview:large","max-video-preview":"max-video-preview:-1"},"canonical":"https:\/\/autravail.ca\/en\/product\/espadrille-de-travail-powertrain-a66skr\/","og_locale":"en_US","og_type":"article","og_title":"Espadrille de travail Powertrain - A66SKR - Le Magasin Industriel","og_description":"Espadrille de travail Powertrain - A66SKR de Timberland Pro avec certification CSA type Om\u00e9ga ESR id\u00e9ale pour les travailleurs qui se d\u00e9placent beaucoup.","og_url":"https:\/\/autravail.ca\/en\/product\/espadrille-de-travail-powertrain-a66skr\/","og_site_name":"Le Magasin Industriel","article_publisher":"https:\/\/www.facebook.com\/lemagasinindustriel\/?locale=fr_FR","article_modified_time":"2025-12-05T09:09:39+00:00","og_image":[{"width":600,"height":600,"url":"https:\/\/autravail.ca\/wp-content\/uploads\/2025\/10\/A66SKR_A01.jpg","type":"image\/jpeg"}],"twitter_card":"summary_large_image","twitter_misc":{"Est. reading time":"3 minutes"},"schema":{"@context":"https:\/\/schema.org","@graph":[{"@type":"WebPage","@id":"https:\/\/autravail.ca\/product\/espadrille-de-travail-powertrain-a66skr\/","url":"https:\/\/autravail.ca\/product\/espadrille-de-travail-powertrain-a66skr\/","name":"Espadrille de travail Powertrain - A66SKR - Le Magasin Industriel","isPartOf":{"@id":"https:\/\/autravail.ca\/#website"},"primaryImageOfPage":{"@id":"https:\/\/autravail.ca\/product\/espadrille-de-travail-powertrain-a66skr\/#primaryimage"},"image":{"@id":"https:\/\/autravail.ca\/product\/espadrille-de-travail-powertrain-a66skr\/#primaryimage"},"thumbnailUrl":"https:\/\/autravail.ca\/wp-content\/uploads\/2025\/10\/A66SKR_A01.jpg","datePublished":"2025-10-31T13:17:39+00:00","dateModified":"2025-12-05T09:09:39+00:00","description":"Espadrille de travail Powertrain - A66SKR de Timberland Pro avec certification CSA type Om\u00e9ga ESR id\u00e9ale pour les travailleurs qui se d\u00e9placent beaucoup.","breadcrumb":{"@id":"https:\/\/autravail.ca\/product\/espadrille-de-travail-powertrain-a66skr\/#breadcrumb"},"inLanguage":"en-CA","potentialAction":[{"@type":"ReadAction","target":["https:\/\/autravail.ca\/product\/espadrille-de-travail-powertrain-a66skr\/"]}]},{"@type":"ImageObject","inLanguage":"en-CA","@id":"https:\/\/autravail.ca\/product\/espadrille-de-travail-powertrain-a66skr\/#primaryimage","url":"https:\/\/autravail.ca\/wp-content\/uploads\/2025\/10\/A66SKR_A01.jpg","contentUrl":"https:\/\/autravail.ca\/wp-content\/uploads\/2025\/10\/A66SKR_A01.jpg","width":600,"height":600,"caption":"Espadrille de travail CSA Timberland Pro A66SKR"},{"@type":"BreadcrumbList","@id":"https:\/\/autravail.ca\/product\/espadrille-de-travail-powertrain-a66skr\/#breadcrumb","itemListElement":[{"@type":"ListItem","position":1,"name":"Accueil","item":"https:\/\/autravail.ca\/"},{"@type":"ListItem","position":2,"name":"Magasin","item":"https:\/\/autravail.ca\/en\/shop\/"},{"@type":"ListItem","position":3,"name":"Espadrille de travail Powertrain &#8211; A66SKR"}]},{"@type":"WebSite","@id":"https:\/\/autravail.ca\/#website","url":"https:\/\/autravail.ca\/","name":"Le Magasin Industriel","description":"50 ans de tradition de s\u00e9curit\u00e9 au travail","publisher":{"@id":"https:\/\/autravail.ca\/#organization"},"potentialAction":[{"@type":"SearchAction","target":{"@type":"EntryPoint","urlTemplate":"https:\/\/autravail.ca\/?s={search_term_string}"},"query-input":{"@type":"PropertyValueSpecification","valueRequired":true,"valueName":"search_term_string"}}],"inLanguage":"en-CA"},{"@type":"Organization","@id":"https:\/\/autravail.ca\/#organization","name":"Le Magasin Industriel","url":"https:\/\/autravail.ca\/","logo":{"@type":"ImageObject","inLanguage":"en-CA","@id":"https:\/\/autravail.ca\/#\/schema\/logo\/image\/","url":"https:\/\/autravail.ca\/wp-content\/uploads\/2025\/05\/cropped-magasin_industriel_120x.avif","contentUrl":"https:\/\/autravail.ca\/wp-content\/uploads\/2025\/05\/cropped-magasin_industriel_120x.avif","width":120,"height":24,"caption":"Le Magasin Industriel"},"image":{"@id":"https:\/\/autravail.ca\/#\/schema\/logo\/image\/"},"sameAs":["https:\/\/www.facebook.com\/lemagasinindustriel\/?locale=fr_FR"]}]}},"jetpack_sharing_enabled":true,"_links":{"self":[{"href":"https:\/\/autravail.ca\/en\/wp-json\/wp\/v2\/product\/40779","targetHints":{"allow":["GET"]}}],"collection":[{"href":"https:\/\/autravail.ca\/en\/wp-json\/wp\/v2\/product"}],"about":[{"href":"https:\/\/autravail.ca\/en\/wp-json\/wp\/v2\/types\/product"}],"replies":[{"embeddable":true,"href":"https:\/\/autravail.ca\/en\/wp-json\/wp\/v2\/comments?post=40779"}],"wp:featuredmedia":[{"embeddable":true,"href":"https:\/\/autravail.ca\/en\/wp-json\/wp\/v2\/media\/40793"}],"wp:attachment":[{"href":"https:\/\/autravail.ca\/en\/wp-json\/wp\/v2\/media?parent=40779"}],"wp:term":[{"taxonomy":"product_cat","embeddable":true,"href":"https:\/\/autravail.ca\/en\/wp-json\/wp\/v2\/product_cat?post=40779"},{"taxonomy":"product_tag","embeddable":true,"href":"https:\/\/autravail.ca\/en\/wp-json\/wp\/v2\/product_tag?post=40779"}],"curies":[{"name":"wp","href":"https:\/\/api.w.org\/{rel}","templated":true}]}}