{"id":40691,"date":"2025-10-27T17:08:30","date_gmt":"2025-10-27T21:08:30","guid":{"rendered":"https:\/\/autravail.ca\/?post_type=product&#038;p=40691"},"modified":"2025-12-05T05:09:39","modified_gmt":"2025-12-05T09:09:39","slug":"botte-de-travail-timberland-boondock-wellington-a4499","status":"publish","type":"product","link":"https:\/\/autravail.ca\/en\/product\/botte-de-travail-timberland-boondock-wellington-a4499\/","title":{"rendered":"Botte de travail Timberland Boondock Wellington &#8211; A4499"},"content":{"rendered":"<h3>Botte de travail Timberland Boondock Wellington &#8211; A4499<\/h3>\n<p>Pour une protection de vos pieds au travail, <a href=\"http:\/\/autravail.ca\/en\/product-brand\/timberland-pro\/\">Timberland Pro<\/a> propose\u00a0<span class=\"BxUVEf ILfuVd\" lang=\"fr\"><span class=\"hgKElc\"><b>Botte de travail Boondock Wellington &#8211; A4499. <\/b>Ce mod\u00e8le inclut une semelle de propret\u00e9 au confort unique avec la tecnologie antifatigue. La Botte de travail Timberland Boondock &#8211; A4499 est i<\/span><\/span>d\u00e9ale pour les travailleurs de la construction, les m\u00e9tiers industriels ou toute personne qui passe de longues heures debout dans des environnements difficiles. Choisissez ce mod\u00e8le pour une combinaison \u00e9quilibr\u00e9e de <strong>durabilit\u00e9<\/strong>, <strong>s\u00e9curit\u00e9<\/strong>, et <strong>confort<\/strong>.<\/p>\n<p>De nombreuses caract\u00e9ristiques font de la Boondock, une botte qui sort de l&rsquo;ordinaire. Une membrane hydrofuge pour r\u00e9sister aux infiltrations d&rsquo;eau, un cuir de premi\u00e8re qualit\u00e9 et un embout externe de caoutchouc sont des exemple des composantes qui contribuent \u00e0 la protection de vos pieds. Avec la Boondock, vous pouvez \u00e9galement compter sur une plaque et un embout de composite (sans m\u00e9tal) pour garder vos pieds en s\u00e9curit\u00e9.<\/p>\n<p><img decoding=\"async\" class=\"alignnone size-full wp-image-40117\" src=\"https:\/\/autravail.ca\/wp-content\/uploads\/2025\/09\/Certification-Omega-Triangle-vert.jpg\" alt=\"Certifications Om\u00e9ga Triangle vert\" width=\"193\" height=\"110\" srcset=\"https:\/\/autravail.ca\/wp-content\/uploads\/2025\/09\/Certification-Omega-Triangle-vert.jpg 193w, https:\/\/autravail.ca\/wp-content\/uploads\/2025\/09\/Certification-Omega-Triangle-vert-150x85.jpg 150w, https:\/\/autravail.ca\/wp-content\/uploads\/2025\/09\/Certification-Omega-Triangle-vert-18x10.jpg 18w\" sizes=\"(max-width: 193px) 100vw, 193px\" \/><\/p>\n<p><span class=\"BxUVEf ILfuVd\" lang=\"fr\"><span class=\"hgKElc\"><b><!--EndFragment --><\/b><\/span><\/span><\/p>\n<h4>Characteristics:<\/h4>\n<ul>\n<li>Top quality waterproof leather with hydrophobic membrane for abrasion resistance and dry feet.<\/li>\n<li>Prise lat\u00e9rale unique pour les \u00ab doigts \u00bb qui facilite l\u2019insertion du pied.<\/li>\n<li>Languette de cuir moul\u00e9e pour un confort maximum.<\/li>\n<li>Trepointe Goodyear for a lasting mechanical grip<\/li>\n<li>Embout externe protecteur en caoutchouc pour une r\u00e9sistance \u00e0 l\u2019abrasion et une durabilit\u00e9 accrues.<\/li>\n<li>Isolation Thermolite of 200g for a heat without bulky materials.<\/li>\n<li>Rigid external ankle cut for lateral stability.<\/li>\n<li>Dual-use material on top for custom laces and increased durability.<\/li>\n<li>Cambrelle treatment with Agion antimicrobial for odor control.<\/li>\n<li>Cambrion en composite pour un support de structure.<\/li>\n<li>Protection <a href=\"https:\/\/www.cnesst.gouv.qc.ca\/fr\/prevention-securite\/protection-manutention\/normes-csa\">CSA de type Om\u00e9ga<\/a> avec protection du cap (embout de composite)<\/li>\n<li>Anti-fatigue technology with conical geometry in the polyurethane outsole to reduce shocks and return energy.<\/li>\n<\/ul>\n<p><img decoding=\"async\" class=\"alignnone wp-image-40620\" src=\"https:\/\/autravail.ca\/wp-content\/uploads\/2025\/09\/Jachete-quebec-et-canada.jpg\" alt=\"Logo de l'achat local\" width=\"162\" height=\"139\" \/>Merci d&rsquo;encourager une entreprise 100% d&rsquo;ici!<\/p>","protected":false},"excerpt":{"rendered":"<p>Botte de travail Timberland Boondock Wellington &#8211; A4499 Pour une protection de vos pieds au travail, Timberland Pro propose\u00a0Botte de travail Boondock Wellington &#8211; A4499. Ce mod\u00e8le inclut une semelle de propret\u00e9 au confort unique avec la tecnologie antifatigue. La Botte de travail Timberland Boondock &#8211; A4499 est id\u00e9ale pour les travailleurs de la construction, [&hellip;]<\/p>","protected":false},"featured_media":40705,"comment_status":"open","ping_status":"closed","template":"","meta":[],"product_cat":[613,805,817,818,602,637],"product_tag":[251,252,242,279,278,802,253,797],"class_list":{"0":"post-40691","1":"product","2":"type-product","3":"status-publish","4":"has-post-thumbnail","6":"product_brand-boondock","7":"product_brand-timberland-pro","8":"product_cat-bottes-de-travail","9":"product_cat-bottes-de-travail-homme","10":"product_cat-botte-western","11":"product_cat-bottes-western-csa","12":"product_cat-hommes","13":"product_cat-nos-modeles-populaires","14":"product_tag-bottes-de-travail","15":"product_tag-electric-shock-resistant","16":"product_tag-homme","17":"product_tag-membrane","18":"product_tag-populaire","19":"product_tag-sans-lacet","20":"product_tag-sole-protection","21":"product_tag-wellington","23":"first","24":"instock","25":"taxable","26":"shipping-taxable","27":"purchasable","28":"product-type-variable"},"yoast_head":"<!-- This site is optimized with the Yoast SEO plugin v25.3.1 - https:\/\/yoast.com\/wordpress\/plugins\/seo\/ -->\n<title>Botte de travail Timberland Boondock Wellington - A4499 - Le Magasin Industriel<\/title>\n<meta name=\"description\" content=\"Botte de travail Timberland Boondock Wellington - A4499 de Timberland Pro avec semelle antifatique et empeigne tout cuir durable et r\u00e9sistant \u00e0 l&#039;eau.\" \/>\n<meta name=\"robots\" content=\"index, follow, max-snippet:-1, max-image-preview:large, max-video-preview:-1\" \/>\n<link rel=\"canonical\" href=\"https:\/\/autravail.ca\/en\/product\/botte-de-travail-timberland-boondock-wellington-a4499\/\" \/>\n<meta property=\"og:locale\" content=\"en_US\" \/>\n<meta property=\"og:type\" content=\"article\" \/>\n<meta property=\"og:title\" content=\"Botte de travail Timberland Boondock Wellington - A4499 - Le Magasin Industriel\" \/>\n<meta property=\"og:description\" content=\"Botte de travail Timberland Boondock Wellington - A4499 de Timberland Pro avec semelle antifatique et empeigne tout cuir durable et r\u00e9sistant \u00e0 l&#039;eau.\" \/>\n<meta property=\"og:url\" content=\"https:\/\/autravail.ca\/en\/product\/botte-de-travail-timberland-boondock-wellington-a4499\/\" \/>\n<meta property=\"og:site_name\" content=\"Le Magasin Industriel\" \/>\n<meta property=\"article:publisher\" content=\"https:\/\/www.facebook.com\/lemagasinindustriel\/?locale=fr_FR\" \/>\n<meta property=\"article:modified_time\" content=\"2025-12-05T09:09:39+00:00\" \/>\n<meta property=\"og:image\" content=\"https:\/\/autravail.ca\/wp-content\/uploads\/2025\/10\/Boondock-A4499_A01.jpg\" \/>\n\t<meta property=\"og:image:width\" content=\"1000\" \/>\n\t<meta property=\"og:image:height\" content=\"1000\" \/>\n\t<meta property=\"og:image:type\" content=\"image\/jpeg\" \/>\n<meta name=\"twitter:card\" content=\"summary_large_image\" \/>\n<meta name=\"twitter:label1\" content=\"Est. reading time\" \/>\n\t<meta name=\"twitter:data1\" content=\"3 minutes\" \/>\n<script type=\"application\/ld+json\" class=\"yoast-schema-graph\">{\"@context\":\"https:\/\/schema.org\",\"@graph\":[{\"@type\":\"WebPage\",\"@id\":\"https:\/\/autravail.ca\/product\/botte-de-travail-timberland-boondock-wellington-a4499\/\",\"url\":\"https:\/\/autravail.ca\/product\/botte-de-travail-timberland-boondock-wellington-a4499\/\",\"name\":\"Botte de travail Timberland Boondock Wellington - A4499 - Le Magasin Industriel\",\"isPartOf\":{\"@id\":\"https:\/\/autravail.ca\/#website\"},\"primaryImageOfPage\":{\"@id\":\"https:\/\/autravail.ca\/product\/botte-de-travail-timberland-boondock-wellington-a4499\/#primaryimage\"},\"image\":{\"@id\":\"https:\/\/autravail.ca\/product\/botte-de-travail-timberland-boondock-wellington-a4499\/#primaryimage\"},\"thumbnailUrl\":\"https:\/\/autravail.ca\/wp-content\/uploads\/2025\/10\/Boondock-A4499_A01.jpg\",\"datePublished\":\"2025-10-27T21:08:30+00:00\",\"dateModified\":\"2025-12-05T09:09:39+00:00\",\"description\":\"Botte de travail Timberland Boondock Wellington - A4499 de Timberland Pro avec semelle antifatique et empeigne tout cuir durable et r\u00e9sistant \u00e0 l'eau.\",\"breadcrumb\":{\"@id\":\"https:\/\/autravail.ca\/product\/botte-de-travail-timberland-boondock-wellington-a4499\/#breadcrumb\"},\"inLanguage\":\"en-CA\",\"potentialAction\":[{\"@type\":\"ReadAction\",\"target\":[\"https:\/\/autravail.ca\/product\/botte-de-travail-timberland-boondock-wellington-a4499\/\"]}]},{\"@type\":\"ImageObject\",\"inLanguage\":\"en-CA\",\"@id\":\"https:\/\/autravail.ca\/product\/botte-de-travail-timberland-boondock-wellington-a4499\/#primaryimage\",\"url\":\"https:\/\/autravail.ca\/wp-content\/uploads\/2025\/10\/Boondock-A4499_A01.jpg\",\"contentUrl\":\"https:\/\/autravail.ca\/wp-content\/uploads\/2025\/10\/Boondock-A4499_A01.jpg\",\"width\":1000,\"height\":1000,\"caption\":\"Botte de travail Timberland Boondock Wellington - A4499\"},{\"@type\":\"BreadcrumbList\",\"@id\":\"https:\/\/autravail.ca\/product\/botte-de-travail-timberland-boondock-wellington-a4499\/#breadcrumb\",\"itemListElement\":[{\"@type\":\"ListItem\",\"position\":1,\"name\":\"Accueil\",\"item\":\"https:\/\/autravail.ca\/\"},{\"@type\":\"ListItem\",\"position\":2,\"name\":\"Magasin\",\"item\":\"https:\/\/autravail.ca\/en\/shop\/\"},{\"@type\":\"ListItem\",\"position\":3,\"name\":\"Botte de travail Timberland Boondock Wellington &#8211; A4499\"}]},{\"@type\":\"WebSite\",\"@id\":\"https:\/\/autravail.ca\/#website\",\"url\":\"https:\/\/autravail.ca\/\",\"name\":\"Le Magasin Industriel\",\"description\":\"50 ans de tradition de s\u00e9curit\u00e9 au travail\",\"publisher\":{\"@id\":\"https:\/\/autravail.ca\/#organization\"},\"potentialAction\":[{\"@type\":\"SearchAction\",\"target\":{\"@type\":\"EntryPoint\",\"urlTemplate\":\"https:\/\/autravail.ca\/?s={search_term_string}\"},\"query-input\":{\"@type\":\"PropertyValueSpecification\",\"valueRequired\":true,\"valueName\":\"search_term_string\"}}],\"inLanguage\":\"en-CA\"},{\"@type\":\"Organization\",\"@id\":\"https:\/\/autravail.ca\/#organization\",\"name\":\"Le Magasin Industriel\",\"url\":\"https:\/\/autravail.ca\/\",\"logo\":{\"@type\":\"ImageObject\",\"inLanguage\":\"en-CA\",\"@id\":\"https:\/\/autravail.ca\/#\/schema\/logo\/image\/\",\"url\":\"https:\/\/autravail.ca\/wp-content\/uploads\/2025\/05\/cropped-magasin_industriel_120x.avif\",\"contentUrl\":\"https:\/\/autravail.ca\/wp-content\/uploads\/2025\/05\/cropped-magasin_industriel_120x.avif\",\"width\":120,\"height\":24,\"caption\":\"Le Magasin Industriel\"},\"image\":{\"@id\":\"https:\/\/autravail.ca\/#\/schema\/logo\/image\/\"},\"sameAs\":[\"https:\/\/www.facebook.com\/lemagasinindustriel\/?locale=fr_FR\"]}]}<\/script>\n<!-- \/ Yoast SEO plugin. -->","yoast_head_json":{"title":"Botte de travail Timberland Boondock Wellington - A4499 - Le Magasin Industriel","description":"Botte de travail Timberland Boondock Wellington - A4499 de Timberland Pro avec semelle antifatique et empeigne tout cuir durable et r\u00e9sistant \u00e0 l'eau.","robots":{"index":"index","follow":"follow","max-snippet":"max-snippet:-1","max-image-preview":"max-image-preview:large","max-video-preview":"max-video-preview:-1"},"canonical":"https:\/\/autravail.ca\/en\/product\/botte-de-travail-timberland-boondock-wellington-a4499\/","og_locale":"en_US","og_type":"article","og_title":"Botte de travail Timberland Boondock Wellington - A4499 - Le Magasin Industriel","og_description":"Botte de travail Timberland Boondock Wellington - A4499 de Timberland Pro avec semelle antifatique et empeigne tout cuir durable et r\u00e9sistant \u00e0 l'eau.","og_url":"https:\/\/autravail.ca\/en\/product\/botte-de-travail-timberland-boondock-wellington-a4499\/","og_site_name":"Le Magasin Industriel","article_publisher":"https:\/\/www.facebook.com\/lemagasinindustriel\/?locale=fr_FR","article_modified_time":"2025-12-05T09:09:39+00:00","og_image":[{"width":1000,"height":1000,"url":"https:\/\/autravail.ca\/wp-content\/uploads\/2025\/10\/Boondock-A4499_A01.jpg","type":"image\/jpeg"}],"twitter_card":"summary_large_image","twitter_misc":{"Est. reading time":"3 minutes"},"schema":{"@context":"https:\/\/schema.org","@graph":[{"@type":"WebPage","@id":"https:\/\/autravail.ca\/product\/botte-de-travail-timberland-boondock-wellington-a4499\/","url":"https:\/\/autravail.ca\/product\/botte-de-travail-timberland-boondock-wellington-a4499\/","name":"Botte de travail Timberland Boondock Wellington - A4499 - Le Magasin Industriel","isPartOf":{"@id":"https:\/\/autravail.ca\/#website"},"primaryImageOfPage":{"@id":"https:\/\/autravail.ca\/product\/botte-de-travail-timberland-boondock-wellington-a4499\/#primaryimage"},"image":{"@id":"https:\/\/autravail.ca\/product\/botte-de-travail-timberland-boondock-wellington-a4499\/#primaryimage"},"thumbnailUrl":"https:\/\/autravail.ca\/wp-content\/uploads\/2025\/10\/Boondock-A4499_A01.jpg","datePublished":"2025-10-27T21:08:30+00:00","dateModified":"2025-12-05T09:09:39+00:00","description":"Botte de travail Timberland Boondock Wellington - A4499 de Timberland Pro avec semelle antifatique et empeigne tout cuir durable et r\u00e9sistant \u00e0 l'eau.","breadcrumb":{"@id":"https:\/\/autravail.ca\/product\/botte-de-travail-timberland-boondock-wellington-a4499\/#breadcrumb"},"inLanguage":"en-CA","potentialAction":[{"@type":"ReadAction","target":["https:\/\/autravail.ca\/product\/botte-de-travail-timberland-boondock-wellington-a4499\/"]}]},{"@type":"ImageObject","inLanguage":"en-CA","@id":"https:\/\/autravail.ca\/product\/botte-de-travail-timberland-boondock-wellington-a4499\/#primaryimage","url":"https:\/\/autravail.ca\/wp-content\/uploads\/2025\/10\/Boondock-A4499_A01.jpg","contentUrl":"https:\/\/autravail.ca\/wp-content\/uploads\/2025\/10\/Boondock-A4499_A01.jpg","width":1000,"height":1000,"caption":"Botte de travail Timberland Boondock Wellington - A4499"},{"@type":"BreadcrumbList","@id":"https:\/\/autravail.ca\/product\/botte-de-travail-timberland-boondock-wellington-a4499\/#breadcrumb","itemListElement":[{"@type":"ListItem","position":1,"name":"Accueil","item":"https:\/\/autravail.ca\/"},{"@type":"ListItem","position":2,"name":"Magasin","item":"https:\/\/autravail.ca\/en\/shop\/"},{"@type":"ListItem","position":3,"name":"Botte de travail Timberland Boondock Wellington &#8211; A4499"}]},{"@type":"WebSite","@id":"https:\/\/autravail.ca\/#website","url":"https:\/\/autravail.ca\/","name":"Le Magasin Industriel","description":"50 ans de tradition de s\u00e9curit\u00e9 au travail","publisher":{"@id":"https:\/\/autravail.ca\/#organization"},"potentialAction":[{"@type":"SearchAction","target":{"@type":"EntryPoint","urlTemplate":"https:\/\/autravail.ca\/?s={search_term_string}"},"query-input":{"@type":"PropertyValueSpecification","valueRequired":true,"valueName":"search_term_string"}}],"inLanguage":"en-CA"},{"@type":"Organization","@id":"https:\/\/autravail.ca\/#organization","name":"Le Magasin Industriel","url":"https:\/\/autravail.ca\/","logo":{"@type":"ImageObject","inLanguage":"en-CA","@id":"https:\/\/autravail.ca\/#\/schema\/logo\/image\/","url":"https:\/\/autravail.ca\/wp-content\/uploads\/2025\/05\/cropped-magasin_industriel_120x.avif","contentUrl":"https:\/\/autravail.ca\/wp-content\/uploads\/2025\/05\/cropped-magasin_industriel_120x.avif","width":120,"height":24,"caption":"Le Magasin Industriel"},"image":{"@id":"https:\/\/autravail.ca\/#\/schema\/logo\/image\/"},"sameAs":["https:\/\/www.facebook.com\/lemagasinindustriel\/?locale=fr_FR"]}]}},"jetpack_sharing_enabled":true,"_links":{"self":[{"href":"https:\/\/autravail.ca\/en\/wp-json\/wp\/v2\/product\/40691","targetHints":{"allow":["GET"]}}],"collection":[{"href":"https:\/\/autravail.ca\/en\/wp-json\/wp\/v2\/product"}],"about":[{"href":"https:\/\/autravail.ca\/en\/wp-json\/wp\/v2\/types\/product"}],"replies":[{"embeddable":true,"href":"https:\/\/autravail.ca\/en\/wp-json\/wp\/v2\/comments?post=40691"}],"wp:featuredmedia":[{"embeddable":true,"href":"https:\/\/autravail.ca\/en\/wp-json\/wp\/v2\/media\/40705"}],"wp:attachment":[{"href":"https:\/\/autravail.ca\/en\/wp-json\/wp\/v2\/media?parent=40691"}],"wp:term":[{"taxonomy":"product_cat","embeddable":true,"href":"https:\/\/autravail.ca\/en\/wp-json\/wp\/v2\/product_cat?post=40691"},{"taxonomy":"product_tag","embeddable":true,"href":"https:\/\/autravail.ca\/en\/wp-json\/wp\/v2\/product_tag?post=40691"}],"curies":[{"name":"wp","href":"https:\/\/api.w.org\/{rel}","templated":true}]}}