{"id":40641,"date":"2025-10-22T10:29:18","date_gmt":"2025-10-22T14:29:18","guid":{"rendered":"https:\/\/autravail.ca\/?post_type=product&#038;p=40641"},"modified":"2025-12-12T16:48:08","modified_gmt":"2025-12-12T20:48:08","slug":"botte-de-travail-timberland-boondock-boa-a67b3","status":"publish","type":"product","link":"https:\/\/autravail.ca\/en\/product\/botte-de-travail-timberland-boondock-boa-a67b3\/","title":{"rendered":"Botte de travail Timberland Boondock BOA &#8211; A67B3"},"content":{"rendered":"<h3>Botte de travail Timberland Boondock BOA &#8211; A67B3<\/h3>\n<p>Pour une protection de vos pieds au travail, <a href=\"http:\/\/autravail.ca\/en\/product-brand\/timberland-pro\/\">Timberland Pro<\/a> propose sa populaire et traditionnelle botte de travail Boondock 8<span class=\"BxUVEf ILfuVd\" lang=\"fr\"><span class=\"hgKElc\"><b>\u2033, <\/b>mais \u00e9quip\u00e9e du syst\u00e8me BOA<b>. <\/b>Ce mod\u00e8le inclut une semelle de propret\u00e9 au confort unique avec la tecnologie antifatigue. La Botte de travail Timberland Boondock BOA &#8211; A67B3 est i<\/span><\/span>d\u00e9ale pour les travailleurs de la construction, les m\u00e9tiers industriels ou toute personne qui passe de longues heures debout dans des environnements difficiles. Choisissez ce mod\u00e8le pour une combinaison \u00e9quilibr\u00e9e de <strong>durabilit\u00e9<\/strong>, <strong>s\u00e9curit\u00e9<\/strong>, et <strong>confort<\/strong>.<\/p>\n<p>De nombreuses caract\u00e9ristiques font de la Boondock, une botte qui sort de l&rsquo;ordinaire. Une membrane hydrofuge pour r\u00e9sister aux infiltrations d&rsquo;eau, un cuir de premi\u00e8re qualit\u00e9 et un embout externe de caoutchouc sont des exemple des composantes qui contribuent \u00e0 la protection de vos pieds. Avec la Boondock, vous pouvez \u00e9galement compter sur une plaque et un embout de composite (sans m\u00e9tal) pour garder vos pieds en s\u00e9curit\u00e9.<\/p>\n<p><img decoding=\"async\" class=\"alignnone size-full wp-image-40117\" src=\"https:\/\/autravail.ca\/wp-content\/uploads\/2025\/09\/Certification-Omega-Triangle-vert.jpg\" alt=\"Certifications Om\u00e9ga Triangle vert\" width=\"193\" height=\"110\" srcset=\"https:\/\/autravail.ca\/wp-content\/uploads\/2025\/09\/Certification-Omega-Triangle-vert.jpg 193w, https:\/\/autravail.ca\/wp-content\/uploads\/2025\/09\/Certification-Omega-Triangle-vert-150x85.jpg 150w, https:\/\/autravail.ca\/wp-content\/uploads\/2025\/09\/Certification-Omega-Triangle-vert-18x10.jpg 18w\" sizes=\"(max-width: 193px) 100vw, 193px\" \/><\/p>\n<p><span class=\"BxUVEf ILfuVd\" lang=\"fr\"><span class=\"hgKElc\"><b><!--EndFragment --><\/b><\/span><\/span><\/p>\n<h4>Characteristics:<\/h4>\n<ul>\n<li class=\"ml-5\">Asymmetrical composite safety buckle<\/li>\n<li class=\"ml-5\">Full flowered durable top quality coating with an Waterproof membrane<\/li>\n<li class=\"ml-5\">Timberland soutient la fabrication responsable du cuir par l\u2019interm\u00e9diaire du Groupe de travail sur le cuir<\/li>\n<li class=\"ml-5\">Protection contre les dangers \u00e9lectriques<\/li>\n<li class=\"ml-5\">Le syst\u00e8me BOA\u00ae Fit permet un micror\u00e9glage d\u2019une grande pr\u00e9cision, un atout fort utile dans les conditions les plus difficiles<\/li>\n<li class=\"ml-5\">Semelle d\u2019usure l\u00e9g\u00e8re toutes saisons en TPU r\u00e9sistant \u00e0 l\u2019abrasion<\/li>\n<li class=\"ml-5\">Cambrion en fibre de verre pour un soutien structurel<\/li>\n<li class=\"ml-5\">Plaque non m\u00e9tallique antiperforation<\/li>\n<li class=\"ml-5\">Assise plantaire en polyur\u00e9thane avec technologie antifatigue offrant amortissement des chocs et retour d\u2019\u00e9nergie<\/li>\n<li class=\"ml-5\">Embout protecteur moul\u00e9 en caoutchouc Timberland PRO\u00ae<\/li>\n<li class=\"ml-5\">Embo\u00eetage du talon ext\u00e9rieur rigide favorisant la stabilit\u00e9 lat\u00e9rale<\/li>\n<li class=\"ml-5\">Doublure respirante \u00e9vacuant l\u2019humidit\u00e9 avec traitement antimicrobien contr\u00f4lant les odeurs<\/li>\n<li class=\"ml-5\">Fabrication combinant une tr\u00e9pointe cousue trois-quarts et un talon coll\u00e9<\/li>\n<li class=\"ml-5\">Isolant Thinsulate 400g id\u00e9ale pour les saisons printemps et automne.<\/li>\n<li>Protection <a href=\"https:\/\/www.cnesst.gouv.qc.ca\/fr\/prevention-securite\/protection-manutention\/normes-csa\">CSA de type Om\u00e9ga<\/a> avec protection du cap (embout de composite)<\/li>\n<li>Anti-fatigue technology with conical geometry in the polyurethane outsole to reduce shocks and return energy.<\/li>\n<li>Garantie confort 30 jours<\/li>\n<\/ul>\n<p><img decoding=\"async\" class=\"alignnone wp-image-40620\" src=\"https:\/\/autravail.ca\/wp-content\/uploads\/2025\/09\/Jachete-quebec-et-canada.jpg\" alt=\"Logo de l'achat local\" width=\"162\" height=\"139\" \/>Merci d&rsquo;encourager une entreprise 100% d&rsquo;ici!<\/p>","protected":false},"excerpt":{"rendered":"<p>Botte de travail Timberland Boondock BOA &#8211; A67B3 Pour une protection de vos pieds au travail, Timberland Pro propose sa populaire et traditionnelle botte de travail Boondock 8\u2033, mais \u00e9quip\u00e9e du syst\u00e8me BOA. Ce mod\u00e8le inclut une semelle de propret\u00e9 au confort unique avec la tecnologie antifatigue. La Botte de travail Timberland Boondock BOA &#8211; [&hellip;]<\/p>","protected":false},"featured_media":40655,"comment_status":"open","ping_status":"closed","template":"","meta":[],"product_cat":[671,613,805,602,637],"product_tag":[251,252,242,279,278,253],"class_list":{"0":"post-40641","1":"product","2":"type-product","3":"status-publish","4":"has-post-thumbnail","6":"product_brand-boondock","7":"product_brand-timberland-pro","8":"product_cat-bottes-dhiver-csa","9":"product_cat-bottes-de-travail","10":"product_cat-bottes-de-travail-homme","11":"product_cat-hommes","12":"product_cat-nos-modeles-populaires","13":"product_tag-bottes-de-travail","14":"product_tag-electric-shock-resistant","15":"product_tag-homme","16":"product_tag-membrane","17":"product_tag-populaire","18":"product_tag-sole-protection","20":"first","21":"instock","22":"taxable","23":"shipping-taxable","24":"purchasable","25":"product-type-variable"},"yoast_head":"<!-- This site is optimized with the Yoast SEO plugin v25.3.1 - https:\/\/yoast.com\/wordpress\/plugins\/seo\/ -->\n<title>Botte de travail Timberland Boondock BOA - A67B3 - Le Magasin Industriel<\/title>\n<meta name=\"description\" content=\"Botte de travail Timberland Boondock BOA - A67B3 8 pouces de Timberland Pro avec syst\u00e8me BOA, semelle confort antifatique et empeigne tout cuir hydrofuge.\" \/>\n<meta name=\"robots\" content=\"index, follow, max-snippet:-1, max-image-preview:large, max-video-preview:-1\" \/>\n<link rel=\"canonical\" href=\"https:\/\/autravail.ca\/en\/product\/botte-de-travail-timberland-boondock-boa-a67b3\/\" \/>\n<meta property=\"og:locale\" content=\"en_US\" \/>\n<meta property=\"og:type\" content=\"article\" \/>\n<meta property=\"og:title\" content=\"Botte de travail Timberland Boondock BOA - A67B3 - Le Magasin Industriel\" \/>\n<meta property=\"og:description\" content=\"Botte de travail Timberland Boondock BOA - A67B3 8 pouces de Timberland Pro avec syst\u00e8me BOA, semelle confort antifatique et empeigne tout cuir hydrofuge.\" \/>\n<meta property=\"og:url\" content=\"https:\/\/autravail.ca\/en\/product\/botte-de-travail-timberland-boondock-boa-a67b3\/\" \/>\n<meta property=\"og:site_name\" content=\"Le Magasin Industriel\" \/>\n<meta property=\"article:publisher\" content=\"https:\/\/www.facebook.com\/lemagasinindustriel\/?locale=fr_FR\" \/>\n<meta property=\"article:modified_time\" content=\"2025-12-12T20:48:08+00:00\" \/>\n<meta property=\"og:image\" content=\"https:\/\/autravail.ca\/wp-content\/uploads\/2025\/10\/Boondock-Boa-A01.jpg\" \/>\n\t<meta property=\"og:image:width\" content=\"1000\" \/>\n\t<meta property=\"og:image:height\" content=\"1000\" \/>\n\t<meta property=\"og:image:type\" content=\"image\/jpeg\" \/>\n<meta name=\"twitter:card\" content=\"summary_large_image\" \/>\n<meta name=\"twitter:label1\" content=\"Est. reading time\" \/>\n\t<meta name=\"twitter:data1\" content=\"3 minutes\" \/>\n<script type=\"application\/ld+json\" class=\"yoast-schema-graph\">{\"@context\":\"https:\/\/schema.org\",\"@graph\":[{\"@type\":\"WebPage\",\"@id\":\"https:\/\/autravail.ca\/product\/botte-de-travail-timberland-boondock-boa-a67b3\/\",\"url\":\"https:\/\/autravail.ca\/product\/botte-de-travail-timberland-boondock-boa-a67b3\/\",\"name\":\"Botte de travail Timberland Boondock BOA - A67B3 - Le Magasin Industriel\",\"isPartOf\":{\"@id\":\"https:\/\/autravail.ca\/#website\"},\"primaryImageOfPage\":{\"@id\":\"https:\/\/autravail.ca\/product\/botte-de-travail-timberland-boondock-boa-a67b3\/#primaryimage\"},\"image\":{\"@id\":\"https:\/\/autravail.ca\/product\/botte-de-travail-timberland-boondock-boa-a67b3\/#primaryimage\"},\"thumbnailUrl\":\"https:\/\/autravail.ca\/wp-content\/uploads\/2025\/10\/Boondock-Boa-A01.jpg\",\"datePublished\":\"2025-10-22T14:29:18+00:00\",\"dateModified\":\"2025-12-12T20:48:08+00:00\",\"description\":\"Botte de travail Timberland Boondock BOA - A67B3 8 pouces de Timberland Pro avec syst\u00e8me BOA, semelle confort antifatique et empeigne tout cuir hydrofuge.\",\"breadcrumb\":{\"@id\":\"https:\/\/autravail.ca\/product\/botte-de-travail-timberland-boondock-boa-a67b3\/#breadcrumb\"},\"inLanguage\":\"en-CA\",\"potentialAction\":[{\"@type\":\"ReadAction\",\"target\":[\"https:\/\/autravail.ca\/product\/botte-de-travail-timberland-boondock-boa-a67b3\/\"]}]},{\"@type\":\"ImageObject\",\"inLanguage\":\"en-CA\",\"@id\":\"https:\/\/autravail.ca\/product\/botte-de-travail-timberland-boondock-boa-a67b3\/#primaryimage\",\"url\":\"https:\/\/autravail.ca\/wp-content\/uploads\/2025\/10\/Boondock-Boa-A01.jpg\",\"contentUrl\":\"https:\/\/autravail.ca\/wp-content\/uploads\/2025\/10\/Boondock-Boa-A01.jpg\",\"width\":1000,\"height\":1000,\"caption\":\"Botte de travail Timberland Boondock Boa - A67B3\"},{\"@type\":\"BreadcrumbList\",\"@id\":\"https:\/\/autravail.ca\/product\/botte-de-travail-timberland-boondock-boa-a67b3\/#breadcrumb\",\"itemListElement\":[{\"@type\":\"ListItem\",\"position\":1,\"name\":\"Accueil\",\"item\":\"https:\/\/autravail.ca\/\"},{\"@type\":\"ListItem\",\"position\":2,\"name\":\"Magasin\",\"item\":\"https:\/\/autravail.ca\/en\/shop\/\"},{\"@type\":\"ListItem\",\"position\":3,\"name\":\"Botte de travail Timberland Boondock BOA &#8211; A67B3\"}]},{\"@type\":\"WebSite\",\"@id\":\"https:\/\/autravail.ca\/#website\",\"url\":\"https:\/\/autravail.ca\/\",\"name\":\"Le Magasin Industriel\",\"description\":\"50 ans de tradition de s\u00e9curit\u00e9 au travail\",\"publisher\":{\"@id\":\"https:\/\/autravail.ca\/#organization\"},\"potentialAction\":[{\"@type\":\"SearchAction\",\"target\":{\"@type\":\"EntryPoint\",\"urlTemplate\":\"https:\/\/autravail.ca\/?s={search_term_string}\"},\"query-input\":{\"@type\":\"PropertyValueSpecification\",\"valueRequired\":true,\"valueName\":\"search_term_string\"}}],\"inLanguage\":\"en-CA\"},{\"@type\":\"Organization\",\"@id\":\"https:\/\/autravail.ca\/#organization\",\"name\":\"Le Magasin Industriel\",\"url\":\"https:\/\/autravail.ca\/\",\"logo\":{\"@type\":\"ImageObject\",\"inLanguage\":\"en-CA\",\"@id\":\"https:\/\/autravail.ca\/#\/schema\/logo\/image\/\",\"url\":\"https:\/\/autravail.ca\/wp-content\/uploads\/2025\/05\/cropped-magasin_industriel_120x.avif\",\"contentUrl\":\"https:\/\/autravail.ca\/wp-content\/uploads\/2025\/05\/cropped-magasin_industriel_120x.avif\",\"width\":120,\"height\":24,\"caption\":\"Le Magasin Industriel\"},\"image\":{\"@id\":\"https:\/\/autravail.ca\/#\/schema\/logo\/image\/\"},\"sameAs\":[\"https:\/\/www.facebook.com\/lemagasinindustriel\/?locale=fr_FR\"]}]}<\/script>\n<!-- \/ Yoast SEO plugin. -->","yoast_head_json":{"title":"Botte de travail Timberland Boondock BOA - A67B3 - Le Magasin Industriel","description":"Botte de travail Timberland Boondock BOA - A67B3 8 pouces de Timberland Pro avec syst\u00e8me BOA, semelle confort antifatique et empeigne tout cuir hydrofuge.","robots":{"index":"index","follow":"follow","max-snippet":"max-snippet:-1","max-image-preview":"max-image-preview:large","max-video-preview":"max-video-preview:-1"},"canonical":"https:\/\/autravail.ca\/en\/product\/botte-de-travail-timberland-boondock-boa-a67b3\/","og_locale":"en_US","og_type":"article","og_title":"Botte de travail Timberland Boondock BOA - A67B3 - Le Magasin Industriel","og_description":"Botte de travail Timberland Boondock BOA - A67B3 8 pouces de Timberland Pro avec syst\u00e8me BOA, semelle confort antifatique et empeigne tout cuir hydrofuge.","og_url":"https:\/\/autravail.ca\/en\/product\/botte-de-travail-timberland-boondock-boa-a67b3\/","og_site_name":"Le Magasin Industriel","article_publisher":"https:\/\/www.facebook.com\/lemagasinindustriel\/?locale=fr_FR","article_modified_time":"2025-12-12T20:48:08+00:00","og_image":[{"width":1000,"height":1000,"url":"https:\/\/autravail.ca\/wp-content\/uploads\/2025\/10\/Boondock-Boa-A01.jpg","type":"image\/jpeg"}],"twitter_card":"summary_large_image","twitter_misc":{"Est. reading time":"3 minutes"},"schema":{"@context":"https:\/\/schema.org","@graph":[{"@type":"WebPage","@id":"https:\/\/autravail.ca\/product\/botte-de-travail-timberland-boondock-boa-a67b3\/","url":"https:\/\/autravail.ca\/product\/botte-de-travail-timberland-boondock-boa-a67b3\/","name":"Botte de travail Timberland Boondock BOA - A67B3 - Le Magasin Industriel","isPartOf":{"@id":"https:\/\/autravail.ca\/#website"},"primaryImageOfPage":{"@id":"https:\/\/autravail.ca\/product\/botte-de-travail-timberland-boondock-boa-a67b3\/#primaryimage"},"image":{"@id":"https:\/\/autravail.ca\/product\/botte-de-travail-timberland-boondock-boa-a67b3\/#primaryimage"},"thumbnailUrl":"https:\/\/autravail.ca\/wp-content\/uploads\/2025\/10\/Boondock-Boa-A01.jpg","datePublished":"2025-10-22T14:29:18+00:00","dateModified":"2025-12-12T20:48:08+00:00","description":"Botte de travail Timberland Boondock BOA - A67B3 8 pouces de Timberland Pro avec syst\u00e8me BOA, semelle confort antifatique et empeigne tout cuir hydrofuge.","breadcrumb":{"@id":"https:\/\/autravail.ca\/product\/botte-de-travail-timberland-boondock-boa-a67b3\/#breadcrumb"},"inLanguage":"en-CA","potentialAction":[{"@type":"ReadAction","target":["https:\/\/autravail.ca\/product\/botte-de-travail-timberland-boondock-boa-a67b3\/"]}]},{"@type":"ImageObject","inLanguage":"en-CA","@id":"https:\/\/autravail.ca\/product\/botte-de-travail-timberland-boondock-boa-a67b3\/#primaryimage","url":"https:\/\/autravail.ca\/wp-content\/uploads\/2025\/10\/Boondock-Boa-A01.jpg","contentUrl":"https:\/\/autravail.ca\/wp-content\/uploads\/2025\/10\/Boondock-Boa-A01.jpg","width":1000,"height":1000,"caption":"Botte de travail Timberland Boondock Boa - A67B3"},{"@type":"BreadcrumbList","@id":"https:\/\/autravail.ca\/product\/botte-de-travail-timberland-boondock-boa-a67b3\/#breadcrumb","itemListElement":[{"@type":"ListItem","position":1,"name":"Accueil","item":"https:\/\/autravail.ca\/"},{"@type":"ListItem","position":2,"name":"Magasin","item":"https:\/\/autravail.ca\/en\/shop\/"},{"@type":"ListItem","position":3,"name":"Botte de travail Timberland Boondock BOA &#8211; A67B3"}]},{"@type":"WebSite","@id":"https:\/\/autravail.ca\/#website","url":"https:\/\/autravail.ca\/","name":"Le Magasin Industriel","description":"50 ans de tradition de s\u00e9curit\u00e9 au travail","publisher":{"@id":"https:\/\/autravail.ca\/#organization"},"potentialAction":[{"@type":"SearchAction","target":{"@type":"EntryPoint","urlTemplate":"https:\/\/autravail.ca\/?s={search_term_string}"},"query-input":{"@type":"PropertyValueSpecification","valueRequired":true,"valueName":"search_term_string"}}],"inLanguage":"en-CA"},{"@type":"Organization","@id":"https:\/\/autravail.ca\/#organization","name":"Le Magasin Industriel","url":"https:\/\/autravail.ca\/","logo":{"@type":"ImageObject","inLanguage":"en-CA","@id":"https:\/\/autravail.ca\/#\/schema\/logo\/image\/","url":"https:\/\/autravail.ca\/wp-content\/uploads\/2025\/05\/cropped-magasin_industriel_120x.avif","contentUrl":"https:\/\/autravail.ca\/wp-content\/uploads\/2025\/05\/cropped-magasin_industriel_120x.avif","width":120,"height":24,"caption":"Le Magasin Industriel"},"image":{"@id":"https:\/\/autravail.ca\/#\/schema\/logo\/image\/"},"sameAs":["https:\/\/www.facebook.com\/lemagasinindustriel\/?locale=fr_FR"]}]}},"jetpack_sharing_enabled":true,"_links":{"self":[{"href":"https:\/\/autravail.ca\/en\/wp-json\/wp\/v2\/product\/40641","targetHints":{"allow":["GET"]}}],"collection":[{"href":"https:\/\/autravail.ca\/en\/wp-json\/wp\/v2\/product"}],"about":[{"href":"https:\/\/autravail.ca\/en\/wp-json\/wp\/v2\/types\/product"}],"replies":[{"embeddable":true,"href":"https:\/\/autravail.ca\/en\/wp-json\/wp\/v2\/comments?post=40641"}],"wp:featuredmedia":[{"embeddable":true,"href":"https:\/\/autravail.ca\/en\/wp-json\/wp\/v2\/media\/40655"}],"wp:attachment":[{"href":"https:\/\/autravail.ca\/en\/wp-json\/wp\/v2\/media?parent=40641"}],"wp:term":[{"taxonomy":"product_cat","embeddable":true,"href":"https:\/\/autravail.ca\/en\/wp-json\/wp\/v2\/product_cat?post=40641"},{"taxonomy":"product_tag","embeddable":true,"href":"https:\/\/autravail.ca\/en\/wp-json\/wp\/v2\/product_tag?post=40641"}],"curies":[{"name":"wp","href":"https:\/\/api.w.org\/{rel}","templated":true}]}}